{"id":65915,"date":"2024-12-10T08:47:16","date_gmt":"2024-12-10T13:47:16","guid":{"rendered":"https:\/\/www.caq.edu.ec\/nuestro-desafio-solar\/"},"modified":"2024-12-10T14:05:35","modified_gmt":"2024-12-10T19:05:35","slug":"nuestro-desafio-solar","status":"publish","type":"page","link":"https:\/\/www.caq.edu.ec\/de\/nuestro-desafio-solar\/","title":{"rendered":"Unsere solare Challenge"},"content":{"rendered":"\n<figure class=\"wp-block-gallery has-nested-images columns-2 is-cropped wp-block-gallery-1 is-layout-flex wp-block-gallery-is-layout-flex\">\n<figure class=\"wp-block-image size-full\"><img fetchpriority=\"high\" decoding=\"async\" width=\"1000\" height=\"600\" data-id=\"65988\" src=\"https:\/\/www.caq.edu.ec\/wp-content\/uploads\/2024\/12\/CAQ-paneles-solares-foto-1.jpg\" alt=\"\" class=\"wp-image-65988\" srcset=\"https:\/\/www.caq.edu.ec\/wp-content\/uploads\/2024\/12\/CAQ-paneles-solares-foto-1.jpg 1000w, https:\/\/www.caq.edu.ec\/wp-content\/uploads\/2024\/12\/CAQ-paneles-solares-foto-1-300x180.jpg 300w, https:\/\/www.caq.edu.ec\/wp-content\/uploads\/2024\/12\/CAQ-paneles-solares-foto-1-768x461.jpg 768w\" sizes=\"(max-width: 1000px) 100vw, 1000px\" \/><\/figure>\n\n\n\n<figure class=\"wp-block-image size-full\"><img decoding=\"async\" width=\"1000\" height=\"600\" data-id=\"65990\" src=\"https:\/\/www.caq.edu.ec\/wp-content\/uploads\/2024\/12\/CAQ-paneles-solares-foto-2.jpg\" alt=\"\" class=\"wp-image-65990\" srcset=\"https:\/\/www.caq.edu.ec\/wp-content\/uploads\/2024\/12\/CAQ-paneles-solares-foto-2.jpg 1000w, https:\/\/www.caq.edu.ec\/wp-content\/uploads\/2024\/12\/CAQ-paneles-solares-foto-2-300x180.jpg 300w, https:\/\/www.caq.edu.ec\/wp-content\/uploads\/2024\/12\/CAQ-paneles-solares-foto-2-768x461.jpg 768w\" sizes=\"(max-width: 1000px) 100vw, 1000px\" \/><\/figure>\n\n\n\n<figure class=\"wp-block-image size-full\"><img decoding=\"async\" width=\"1000\" height=\"600\" data-id=\"65991\" src=\"https:\/\/www.caq.edu.ec\/wp-content\/uploads\/2024\/12\/CAQ-paneles-solares-foto-3.jpg\" alt=\"\" class=\"wp-image-65991\" srcset=\"https:\/\/www.caq.edu.ec\/wp-content\/uploads\/2024\/12\/CAQ-paneles-solares-foto-3.jpg 1000w, https:\/\/www.caq.edu.ec\/wp-content\/uploads\/2024\/12\/CAQ-paneles-solares-foto-3-300x180.jpg 300w, https:\/\/www.caq.edu.ec\/wp-content\/uploads\/2024\/12\/CAQ-paneles-solares-foto-3-768x461.jpg 768w\" sizes=\"(max-width: 1000px) 100vw, 1000px\" \/><\/figure>\n<\/figure>\n\n\n\n<div style=\"height:40px\" aria-hidden=\"true\" class=\"wp-block-spacer\"><\/div>\n\n\n\n<p>Isabel Guarderas von unserer Kommunikationsabteilung sprach mit unserem Verwaltungsleiter Victor Aanen \u00fcber das k\u00fcrzlich eingeweihte Photovoltaikprojekt.*<\/p>\n\n\n\n<p><strong>I: Worum geht es bei dem Projekt \u201eUnsere solare Challenge\u201c?<\/strong><strong><\/strong><\/p>\n\n\n\n<p>V: F\u00fcr die DSQ ist das Umweltbewusstsein eines der Schwerpunkte unseres Bildungsauftrags. Seit 2012 haben wir thermische Solarpaneele installiert, die der Beginn eines umfassenden Projekts waren. In diesem Jahr ist es uns gelungen, die Anlagen in einem dezentralen Eigenverbrauchsgeneratorsystem zu installieren, d.h. nicht nur f\u00fcr die Beheizung der Schwimmbecken, sondern auch f\u00fcr den allgemeinen Stromverbrauch.<\/p>\n\n\n\n<p><strong>I: Wie sind Sie zu diesem Projekt gekommen?<\/strong><strong><\/strong><\/p>\n\n\n\n<p>V: Seit&nbsp;2022 entwickeln wir einen Energieeffizienzplan mit dem Ziel, die DSQ in Bezug auf ihren Energiebedarf v\u00f6llig autonom zu machen. Daf\u00fcr haben wir alles, was wir brauchen: Wir haben das Bewusstsein und den Willen dazu; wir befinden uns an einem strategischen Standort, der es uns erm\u00f6glicht, Sonnenenergie ideal einzufangen; die Architektur der Geb\u00e4ude erlaubt es uns, Sonnenkollektoren zu installieren, ohne die \u00c4sthetik des Gel\u00e4ndes zu beeintr\u00e4chtigen; seit einigen Monaten erlauben uns die Vorschriften der <em>Empresa El\u00e9ctrica Quito<\/em>, unsere eigene Energie zu erzeugen und an das \u00f6ffentliche Netz angeschlossen zu bleiben, um Strom\u00fcbersch\u00fcsse oder -defizite zu verwalten.<\/p>\n\n\n\n<p><strong>I: Wie kann sich die Gemeinschaft einbringen?<\/strong><strong><\/strong><\/p>\n\n\n\n<p>V: Die Zusammenarbeit mit den Sch\u00fclern war ein Schl\u00fcsselfaktor. Im Rahmen des Sch\u00fclerbeteiligungsprogramms arbeitete die Klasse 11 (2022-2023) an der Analyse und dem Vorschlag der technischen Spezifikationen zur Erreichung der Energieautonomie. Die vorgelegten Ergebnisse haben sich sp\u00e4ter als sehr realit\u00e4tsnah erwiesen. Dar\u00fcber hinaus wird der Fachbereich Physik dieses Thema in der Projektwoche einbeziehen. Wir haben reale Informationen, die \u00fcber eine App abgerufen werden k\u00f6nnen. Es ist m\u00f6glich, in Echtzeit zu erfahren, wie viel Solarenergie wir verbrauchen, wann wir sie aus dem \u00f6ffentlichen Netz beziehen m\u00fcssen und wie viele zus\u00e4tzliche Kilowatt wir erhalten.<\/p>\n\n\n\n<p><strong>I: Warum in solche Projekte investieren?<\/strong><strong><\/strong><\/p>\n\n\n\n<p>V: Aus mehreren Gr\u00fcnden: Zum einen, weil es in unserer Verantwortung liegt, Systeme zu entwickeln, die zum Umweltschutz beitragen, nicht nur f\u00fcr unsere Schule, sondern f\u00fcr die Gemeinschaft insgesamt. Zum anderen erf\u00fcllen wir damit die Ziele f\u00fcr nachhaltige Entwicklung der Agenda 2030.<\/p>\n\n\n\n<p><strong><em>Unsere Solare Challenge<\/em>&nbsp;ist einer der vielen Schritte, die wir unternehmen, um die DSQ zu einer 100% gr\u00fcnen Schule zu machen!<\/strong><\/p>\n\n\n\n<p>(*): Entnommen aus dem Schuljahrbuch 2024, S. 54-55.<\/p>\n\n\n\n<p><br>Wenn Sie mehr wissen m\u00f6chten, empfehlen wir Ihnen, die folgenden Links zu besuchen:<br><br><a href=\"https:\/\/www.instagram.com\/p\/DDYH-xVsonh\/?utm_source=ig_web_copy_link&amp;igsh=MzRlODBiNWFlZA==\">https:\/\/www.instagram.com\/p\/DDYH-xVsonh\/?utm_source=ig_web_copy_link&amp;igsh=MzRlODBiNWFlZA==<\/a><\/p>\n\n\n\n<p><a href=\"https:\/\/www.instagram.com\/reel\/DBz9Y6axYQQ\/?igsh=bmN2ZWVycnRocTd2\">https:\/\/www.instagram.com\/reel\/DBz9Y6axYQQ\/?igsh=bmN2ZWVycnRocTd2<\/a><\/p>\n\n\n\n<p><a href=\"https:\/\/www.elcomercio.com\/actualidad\/el-colegio-aleman-de-quito-logra-la-suficiencia-energetica-con-proyecto-solar.html\">https:\/\/www.elcomercio.com\/actualidad\/el-colegio-aleman-de-quito-logra-la-suficiencia-energetica-con-proyecto-solar.html<\/a><\/p>\n","protected":false},"excerpt":{"rendered":"<p>Isabel Guarderas von unserer Kommunikationsabteilung sprach mit unserem Verwaltungsleiter Victor Aanen \u00fcber das k\u00fcrzlich eingeweihte Photovoltaikprojekt.* I: Worum geht es bei dem Projekt \u201eUnsere solare Challenge\u201c? V: F\u00fcr die DSQ ist das Umweltbewusstsein eines der Schwerpunkte unseres Bildungsauftrags. Seit 2012 haben wir thermische Solarpaneele installiert, die der Beginn eines umfassenden Projekts waren. In diesem Jahr [&hellip;]<\/p>\n","protected":false},"author":6,"featured_media":0,"parent":0,"menu_order":0,"comment_status":"closed","ping_status":"closed","template":"","meta":{"footnotes":""},"class_list":["post-65915","page","type-page","status-publish","hentry"],"yoast_head":"<!-- This site is optimized with the Yoast SEO plugin v27.3 - https:\/\/yoast.com\/product\/yoast-seo-wordpress\/ -->\n<title>Unsere solare Challenge - Colegio Alem\u00e1n Quito<\/title>\n<meta name=\"robots\" content=\"index, follow, max-snippet:-1, max-image-preview:large, max-video-preview:-1\" \/>\n<link rel=\"canonical\" href=\"https:\/\/www.caq.edu.ec\/de\/nuestro-desafio-solar\/\" \/>\n<meta property=\"og:locale\" content=\"de_DE\" \/>\n<meta property=\"og:type\" content=\"article\" \/>\n<meta property=\"og:title\" content=\"Unsere solare Challenge - Colegio Alem\u00e1n Quito\" \/>\n<meta property=\"og:description\" content=\"Isabel Guarderas von unserer Kommunikationsabteilung sprach mit unserem Verwaltungsleiter Victor Aanen \u00fcber das k\u00fcrzlich eingeweihte Photovoltaikprojekt.* I: Worum geht es bei dem Projekt \u201eUnsere solare Challenge\u201c? V: F\u00fcr die DSQ ist das Umweltbewusstsein eines der Schwerpunkte unseres Bildungsauftrags. Seit 2012 haben wir thermische Solarpaneele installiert, die der Beginn eines umfassenden Projekts waren. In diesem Jahr [&hellip;]\" \/>\n<meta property=\"og:url\" content=\"https:\/\/www.caq.edu.ec\/de\/nuestro-desafio-solar\/\" \/>\n<meta property=\"og:site_name\" content=\"Colegio Alem\u00e1n Quito\" \/>\n<meta property=\"article:modified_time\" content=\"2024-12-10T19:05:35+00:00\" \/>\n<meta property=\"og:image\" content=\"https:\/\/www.caq.edu.ec\/wp-content\/uploads\/2024\/12\/CAQ-paneles-solares-foto-1.jpg\" \/>\n\t<meta property=\"og:image:width\" content=\"1000\" \/>\n\t<meta property=\"og:image:height\" content=\"600\" \/>\n\t<meta property=\"og:image:type\" content=\"image\/jpeg\" \/>\n<meta name=\"twitter:card\" content=\"summary_large_image\" \/>\n<meta name=\"twitter:label1\" content=\"Gesch\u00e4tzte Lesezeit\" \/>\n\t<meta name=\"twitter:data1\" content=\"3\u00a0Minuten\" \/>\n<script type=\"application\/ld+json\" class=\"yoast-schema-graph\">{\"@context\":\"https:\\\/\\\/schema.org\",\"@graph\":[{\"@type\":\"WebPage\",\"@id\":\"https:\\\/\\\/www.caq.edu.ec\\\/de\\\/nuestro-desafio-solar\\\/\",\"url\":\"https:\\\/\\\/www.caq.edu.ec\\\/de\\\/nuestro-desafio-solar\\\/\",\"name\":\"Unsere solare Challenge - Colegio Alem\u00e1n Quito\",\"isPartOf\":{\"@id\":\"https:\\\/\\\/www.caq.edu.ec\\\/#website\"},\"primaryImageOfPage\":{\"@id\":\"https:\\\/\\\/www.caq.edu.ec\\\/de\\\/nuestro-desafio-solar\\\/#primaryimage\"},\"image\":{\"@id\":\"https:\\\/\\\/www.caq.edu.ec\\\/de\\\/nuestro-desafio-solar\\\/#primaryimage\"},\"thumbnailUrl\":\"https:\\\/\\\/www.caq.edu.ec\\\/wp-content\\\/uploads\\\/2024\\\/12\\\/CAQ-paneles-solares-foto-1.jpg\",\"datePublished\":\"2024-12-10T13:47:16+00:00\",\"dateModified\":\"2024-12-10T19:05:35+00:00\",\"breadcrumb\":{\"@id\":\"https:\\\/\\\/www.caq.edu.ec\\\/de\\\/nuestro-desafio-solar\\\/#breadcrumb\"},\"inLanguage\":\"de\",\"potentialAction\":[{\"@type\":\"ReadAction\",\"target\":[\"https:\\\/\\\/www.caq.edu.ec\\\/de\\\/nuestro-desafio-solar\\\/\"]}]},{\"@type\":\"ImageObject\",\"inLanguage\":\"de\",\"@id\":\"https:\\\/\\\/www.caq.edu.ec\\\/de\\\/nuestro-desafio-solar\\\/#primaryimage\",\"url\":\"https:\\\/\\\/www.caq.edu.ec\\\/wp-content\\\/uploads\\\/2024\\\/12\\\/CAQ-paneles-solares-foto-1.jpg\",\"contentUrl\":\"https:\\\/\\\/www.caq.edu.ec\\\/wp-content\\\/uploads\\\/2024\\\/12\\\/CAQ-paneles-solares-foto-1.jpg\"},{\"@type\":\"BreadcrumbList\",\"@id\":\"https:\\\/\\\/www.caq.edu.ec\\\/de\\\/nuestro-desafio-solar\\\/#breadcrumb\",\"itemListElement\":[{\"@type\":\"ListItem\",\"position\":1,\"name\":\"Inicio\",\"item\":\"https:\\\/\\\/www.caq.edu.ec\\\/\"},{\"@type\":\"ListItem\",\"position\":2,\"name\":\"Unsere solare Challenge\"}]},{\"@type\":\"WebSite\",\"@id\":\"https:\\\/\\\/www.caq.edu.ec\\\/#website\",\"url\":\"https:\\\/\\\/www.caq.edu.ec\\\/\",\"name\":\"Colegio Alem\u00e1n Quito\",\"description\":\"Una puerta al mundo\",\"potentialAction\":[{\"@type\":\"SearchAction\",\"target\":{\"@type\":\"EntryPoint\",\"urlTemplate\":\"https:\\\/\\\/www.caq.edu.ec\\\/?s={search_term_string}\"},\"query-input\":{\"@type\":\"PropertyValueSpecification\",\"valueRequired\":true,\"valueName\":\"search_term_string\"}}],\"inLanguage\":\"de\"}]}<\/script>\n<!-- \/ Yoast SEO plugin. -->","yoast_head_json":{"title":"Unsere solare Challenge - Colegio Alem\u00e1n Quito","robots":{"index":"index","follow":"follow","max-snippet":"max-snippet:-1","max-image-preview":"max-image-preview:large","max-video-preview":"max-video-preview:-1"},"canonical":"https:\/\/www.caq.edu.ec\/de\/nuestro-desafio-solar\/","og_locale":"de_DE","og_type":"article","og_title":"Unsere solare Challenge - Colegio Alem\u00e1n Quito","og_description":"Isabel Guarderas von unserer Kommunikationsabteilung sprach mit unserem Verwaltungsleiter Victor Aanen \u00fcber das k\u00fcrzlich eingeweihte Photovoltaikprojekt.* I: Worum geht es bei dem Projekt \u201eUnsere solare Challenge\u201c? V: F\u00fcr die DSQ ist das Umweltbewusstsein eines der Schwerpunkte unseres Bildungsauftrags. Seit 2012 haben wir thermische Solarpaneele installiert, die der Beginn eines umfassenden Projekts waren. In diesem Jahr [&hellip;]","og_url":"https:\/\/www.caq.edu.ec\/de\/nuestro-desafio-solar\/","og_site_name":"Colegio Alem\u00e1n Quito","article_modified_time":"2024-12-10T19:05:35+00:00","og_image":[{"width":1000,"height":600,"url":"https:\/\/www.caq.edu.ec\/wp-content\/uploads\/2024\/12\/CAQ-paneles-solares-foto-1.jpg","type":"image\/jpeg"}],"twitter_card":"summary_large_image","twitter_misc":{"Gesch\u00e4tzte Lesezeit":"3\u00a0Minuten"},"schema":{"@context":"https:\/\/schema.org","@graph":[{"@type":"WebPage","@id":"https:\/\/www.caq.edu.ec\/de\/nuestro-desafio-solar\/","url":"https:\/\/www.caq.edu.ec\/de\/nuestro-desafio-solar\/","name":"Unsere solare Challenge - Colegio Alem\u00e1n Quito","isPartOf":{"@id":"https:\/\/www.caq.edu.ec\/#website"},"primaryImageOfPage":{"@id":"https:\/\/www.caq.edu.ec\/de\/nuestro-desafio-solar\/#primaryimage"},"image":{"@id":"https:\/\/www.caq.edu.ec\/de\/nuestro-desafio-solar\/#primaryimage"},"thumbnailUrl":"https:\/\/www.caq.edu.ec\/wp-content\/uploads\/2024\/12\/CAQ-paneles-solares-foto-1.jpg","datePublished":"2024-12-10T13:47:16+00:00","dateModified":"2024-12-10T19:05:35+00:00","breadcrumb":{"@id":"https:\/\/www.caq.edu.ec\/de\/nuestro-desafio-solar\/#breadcrumb"},"inLanguage":"de","potentialAction":[{"@type":"ReadAction","target":["https:\/\/www.caq.edu.ec\/de\/nuestro-desafio-solar\/"]}]},{"@type":"ImageObject","inLanguage":"de","@id":"https:\/\/www.caq.edu.ec\/de\/nuestro-desafio-solar\/#primaryimage","url":"https:\/\/www.caq.edu.ec\/wp-content\/uploads\/2024\/12\/CAQ-paneles-solares-foto-1.jpg","contentUrl":"https:\/\/www.caq.edu.ec\/wp-content\/uploads\/2024\/12\/CAQ-paneles-solares-foto-1.jpg"},{"@type":"BreadcrumbList","@id":"https:\/\/www.caq.edu.ec\/de\/nuestro-desafio-solar\/#breadcrumb","itemListElement":[{"@type":"ListItem","position":1,"name":"Inicio","item":"https:\/\/www.caq.edu.ec\/"},{"@type":"ListItem","position":2,"name":"Unsere solare Challenge"}]},{"@type":"WebSite","@id":"https:\/\/www.caq.edu.ec\/#website","url":"https:\/\/www.caq.edu.ec\/","name":"Colegio Alem\u00e1n Quito","description":"Una puerta al mundo","potentialAction":[{"@type":"SearchAction","target":{"@type":"EntryPoint","urlTemplate":"https:\/\/www.caq.edu.ec\/?s={search_term_string}"},"query-input":{"@type":"PropertyValueSpecification","valueRequired":true,"valueName":"search_term_string"}}],"inLanguage":"de"}]}},"_links":{"self":[{"href":"https:\/\/www.caq.edu.ec\/de\/wp-json\/wp\/v2\/pages\/65915","targetHints":{"allow":["GET"]}}],"collection":[{"href":"https:\/\/www.caq.edu.ec\/de\/wp-json\/wp\/v2\/pages"}],"about":[{"href":"https:\/\/www.caq.edu.ec\/de\/wp-json\/wp\/v2\/types\/page"}],"author":[{"embeddable":true,"href":"https:\/\/www.caq.edu.ec\/de\/wp-json\/wp\/v2\/users\/6"}],"replies":[{"embeddable":true,"href":"https:\/\/www.caq.edu.ec\/de\/wp-json\/wp\/v2\/comments?post=65915"}],"version-history":[{"count":5,"href":"https:\/\/www.caq.edu.ec\/de\/wp-json\/wp\/v2\/pages\/65915\/revisions"}],"predecessor-version":[{"id":65999,"href":"https:\/\/www.caq.edu.ec\/de\/wp-json\/wp\/v2\/pages\/65915\/revisions\/65999"}],"wp:attachment":[{"href":"https:\/\/www.caq.edu.ec\/de\/wp-json\/wp\/v2\/media?parent=65915"}],"curies":[{"name":"wp","href":"https:\/\/api.w.org\/{rel}","templated":true}]}}