{"id":65401,"date":"2024-11-14T11:22:42","date_gmt":"2024-11-14T16:22:42","guid":{"rendered":"https:\/\/www.caq.edu.ec\/agencia-de-aprendizaje\/"},"modified":"2024-11-14T13:57:27","modified_gmt":"2024-11-14T18:57:27","slug":"agencia-de-aprendizaje","status":"publish","type":"page","link":"https:\/\/www.caq.edu.ec\/de\/areas-de-apoyo\/agencia-de-aprendizaje\/","title":{"rendered":"Lernagentur"},"content":{"rendered":"\n<p>Die Lernagentur der DSQ bietet individuelle fachliche Unterst\u00fctzung in der Form eines \u201eSch\u00fcler helfen Sch\u00fclern&#8220; Programms.<\/p>\n\n\n\n<p>Motivierte Lernagenten aus den Jahrgangsstufen 8 bis 12 unterst\u00fctzen j\u00fcngere oder gleichaltrige Sch\u00fclerinnen und Sch\u00fcler bei insgesamt maximal zehn Treffen in der Schule in einem bestimmten Schulfach.<\/p>\n\n\n\n<p>Dadurch werden die Sch\u00fclerinnen und Sch\u00fcler bei ihrem schulischen Fortschritt unterst\u00fctzt, die Teamarbeit wird gef\u00f6rdert und es wird eine positive Lernkultur entwickelt. Zudem ist das Programm f\u00fcr die teilnehmenden Sch\u00fclerinnen und Sch\u00fcler kostenfrei.<\/p>\n\n\n\n<p>Die Lernagenten entwickeln ihre soziale Kompetenz und F\u00fchrungsf\u00e4higkeit weiter. Zudem erhalten sie einen Nachlass von 7 USD auf die Schulgeb\u00fchr pro durchgef\u00fchrtem Treffen.<\/p>\n\n\n\n<p><strong>Wie funktioniert das?<\/strong><br>Die Fachlehrkr\u00e4fte empfehlen ihren Sch\u00fclerinnen und Sch\u00fclern eine Teilnahme an der Lernagentur. Sie sprechen sich \u00fcber Teams oder in pers\u00f6nlichen Gespr\u00e4chen mit den Lernagenten ab.<\/p>\n\n\n\n<p>Im Schuljahr 2023 \/ 2024 fanden etwa 50 erfolgreiche Vermittlungen von Lernagenten mit Sch\u00fclerinnen oder Sch\u00fclern statt. Wir sprechen unseren Lernagenten einen herzlichen Dank f\u00fcr ihr Engagement aus.<\/p>\n","protected":false},"excerpt":{"rendered":"<p>Die Lernagentur der DSQ bietet individuelle fachliche Unterst\u00fctzung in der Form eines \u201eSch\u00fcler helfen Sch\u00fclern&#8220; Programms. Motivierte Lernagenten aus den Jahrgangsstufen 8 bis 12 unterst\u00fctzen j\u00fcngere oder gleichaltrige Sch\u00fclerinnen und Sch\u00fcler bei insgesamt maximal zehn Treffen in der Schule in einem bestimmten Schulfach. Dadurch werden die Sch\u00fclerinnen und Sch\u00fcler bei ihrem schulischen Fortschritt unterst\u00fctzt, die [&hellip;]<\/p>\n","protected":false},"author":6,"featured_media":0,"parent":57249,"menu_order":0,"comment_status":"closed","ping_status":"closed","template":"","meta":{"footnotes":""},"class_list":["post-65401","page","type-page","status-publish","hentry"],"yoast_head":"<!-- This site is optimized with the Yoast SEO plugin v27.3 - https:\/\/yoast.com\/product\/yoast-seo-wordpress\/ -->\n<title>Lernagentur - Colegio Alem\u00e1n Quito<\/title>\n<meta name=\"robots\" content=\"index, follow, max-snippet:-1, max-image-preview:large, max-video-preview:-1\" \/>\n<link rel=\"canonical\" href=\"https:\/\/www.caq.edu.ec\/de\/areas-de-apoyo\/agencia-de-aprendizaje\/\" \/>\n<meta property=\"og:locale\" content=\"de_DE\" \/>\n<meta property=\"og:type\" content=\"article\" \/>\n<meta property=\"og:title\" content=\"Lernagentur - Colegio Alem\u00e1n Quito\" \/>\n<meta property=\"og:description\" content=\"Die Lernagentur der DSQ bietet individuelle fachliche Unterst\u00fctzung in der Form eines \u201eSch\u00fcler helfen Sch\u00fclern&#8220; Programms. Motivierte Lernagenten aus den Jahrgangsstufen 8 bis 12 unterst\u00fctzen j\u00fcngere oder gleichaltrige Sch\u00fclerinnen und Sch\u00fcler bei insgesamt maximal zehn Treffen in der Schule in einem bestimmten Schulfach. Dadurch werden die Sch\u00fclerinnen und Sch\u00fcler bei ihrem schulischen Fortschritt unterst\u00fctzt, die [&hellip;]\" \/>\n<meta property=\"og:url\" content=\"https:\/\/www.caq.edu.ec\/de\/areas-de-apoyo\/agencia-de-aprendizaje\/\" \/>\n<meta property=\"og:site_name\" content=\"Colegio Alem\u00e1n Quito\" \/>\n<meta property=\"article:modified_time\" content=\"2024-11-14T18:57:27+00:00\" \/>\n<meta name=\"twitter:card\" content=\"summary_large_image\" \/>\n<meta name=\"twitter:label1\" content=\"Gesch\u00e4tzte Lesezeit\" \/>\n\t<meta name=\"twitter:data1\" content=\"1\u00a0Minute\" \/>\n<script type=\"application\/ld+json\" class=\"yoast-schema-graph\">{\"@context\":\"https:\\\/\\\/schema.org\",\"@graph\":[{\"@type\":\"WebPage\",\"@id\":\"https:\\\/\\\/www.caq.edu.ec\\\/de\\\/areas-de-apoyo\\\/agencia-de-aprendizaje\\\/\",\"url\":\"https:\\\/\\\/www.caq.edu.ec\\\/de\\\/areas-de-apoyo\\\/agencia-de-aprendizaje\\\/\",\"name\":\"Lernagentur - Colegio Alem\u00e1n Quito\",\"isPartOf\":{\"@id\":\"https:\\\/\\\/www.caq.edu.ec\\\/#website\"},\"datePublished\":\"2024-11-14T16:22:42+00:00\",\"dateModified\":\"2024-11-14T18:57:27+00:00\",\"breadcrumb\":{\"@id\":\"https:\\\/\\\/www.caq.edu.ec\\\/de\\\/areas-de-apoyo\\\/agencia-de-aprendizaje\\\/#breadcrumb\"},\"inLanguage\":\"de\",\"potentialAction\":[{\"@type\":\"ReadAction\",\"target\":[\"https:\\\/\\\/www.caq.edu.ec\\\/de\\\/areas-de-apoyo\\\/agencia-de-aprendizaje\\\/\"]}]},{\"@type\":\"BreadcrumbList\",\"@id\":\"https:\\\/\\\/www.caq.edu.ec\\\/de\\\/areas-de-apoyo\\\/agencia-de-aprendizaje\\\/#breadcrumb\",\"itemListElement\":[{\"@type\":\"ListItem\",\"position\":1,\"name\":\"Inicio\",\"item\":\"https:\\\/\\\/www.caq.edu.ec\\\/\"},{\"@type\":\"ListItem\",\"position\":2,\"name\":\"Bereiche der Unterst\u00fctzung\",\"item\":\"https:\\\/\\\/www.caq.edu.ec\\\/de\\\/areas-de-apoyo\\\/\"},{\"@type\":\"ListItem\",\"position\":3,\"name\":\"Lernagentur\"}]},{\"@type\":\"WebSite\",\"@id\":\"https:\\\/\\\/www.caq.edu.ec\\\/#website\",\"url\":\"https:\\\/\\\/www.caq.edu.ec\\\/\",\"name\":\"Colegio Alem\u00e1n Quito\",\"description\":\"Una puerta al mundo\",\"potentialAction\":[{\"@type\":\"SearchAction\",\"target\":{\"@type\":\"EntryPoint\",\"urlTemplate\":\"https:\\\/\\\/www.caq.edu.ec\\\/?s={search_term_string}\"},\"query-input\":{\"@type\":\"PropertyValueSpecification\",\"valueRequired\":true,\"valueName\":\"search_term_string\"}}],\"inLanguage\":\"de\"}]}<\/script>\n<!-- \/ Yoast SEO plugin. -->","yoast_head_json":{"title":"Lernagentur - Colegio Alem\u00e1n Quito","robots":{"index":"index","follow":"follow","max-snippet":"max-snippet:-1","max-image-preview":"max-image-preview:large","max-video-preview":"max-video-preview:-1"},"canonical":"https:\/\/www.caq.edu.ec\/de\/areas-de-apoyo\/agencia-de-aprendizaje\/","og_locale":"de_DE","og_type":"article","og_title":"Lernagentur - Colegio Alem\u00e1n Quito","og_description":"Die Lernagentur der DSQ bietet individuelle fachliche Unterst\u00fctzung in der Form eines \u201eSch\u00fcler helfen Sch\u00fclern&#8220; Programms. Motivierte Lernagenten aus den Jahrgangsstufen 8 bis 12 unterst\u00fctzen j\u00fcngere oder gleichaltrige Sch\u00fclerinnen und Sch\u00fcler bei insgesamt maximal zehn Treffen in der Schule in einem bestimmten Schulfach. Dadurch werden die Sch\u00fclerinnen und Sch\u00fcler bei ihrem schulischen Fortschritt unterst\u00fctzt, die [&hellip;]","og_url":"https:\/\/www.caq.edu.ec\/de\/areas-de-apoyo\/agencia-de-aprendizaje\/","og_site_name":"Colegio Alem\u00e1n Quito","article_modified_time":"2024-11-14T18:57:27+00:00","twitter_card":"summary_large_image","twitter_misc":{"Gesch\u00e4tzte Lesezeit":"1\u00a0Minute"},"schema":{"@context":"https:\/\/schema.org","@graph":[{"@type":"WebPage","@id":"https:\/\/www.caq.edu.ec\/de\/areas-de-apoyo\/agencia-de-aprendizaje\/","url":"https:\/\/www.caq.edu.ec\/de\/areas-de-apoyo\/agencia-de-aprendizaje\/","name":"Lernagentur - Colegio Alem\u00e1n Quito","isPartOf":{"@id":"https:\/\/www.caq.edu.ec\/#website"},"datePublished":"2024-11-14T16:22:42+00:00","dateModified":"2024-11-14T18:57:27+00:00","breadcrumb":{"@id":"https:\/\/www.caq.edu.ec\/de\/areas-de-apoyo\/agencia-de-aprendizaje\/#breadcrumb"},"inLanguage":"de","potentialAction":[{"@type":"ReadAction","target":["https:\/\/www.caq.edu.ec\/de\/areas-de-apoyo\/agencia-de-aprendizaje\/"]}]},{"@type":"BreadcrumbList","@id":"https:\/\/www.caq.edu.ec\/de\/areas-de-apoyo\/agencia-de-aprendizaje\/#breadcrumb","itemListElement":[{"@type":"ListItem","position":1,"name":"Inicio","item":"https:\/\/www.caq.edu.ec\/"},{"@type":"ListItem","position":2,"name":"Bereiche der Unterst\u00fctzung","item":"https:\/\/www.caq.edu.ec\/de\/areas-de-apoyo\/"},{"@type":"ListItem","position":3,"name":"Lernagentur"}]},{"@type":"WebSite","@id":"https:\/\/www.caq.edu.ec\/#website","url":"https:\/\/www.caq.edu.ec\/","name":"Colegio Alem\u00e1n Quito","description":"Una puerta al mundo","potentialAction":[{"@type":"SearchAction","target":{"@type":"EntryPoint","urlTemplate":"https:\/\/www.caq.edu.ec\/?s={search_term_string}"},"query-input":{"@type":"PropertyValueSpecification","valueRequired":true,"valueName":"search_term_string"}}],"inLanguage":"de"}]}},"_links":{"self":[{"href":"https:\/\/www.caq.edu.ec\/de\/wp-json\/wp\/v2\/pages\/65401","targetHints":{"allow":["GET"]}}],"collection":[{"href":"https:\/\/www.caq.edu.ec\/de\/wp-json\/wp\/v2\/pages"}],"about":[{"href":"https:\/\/www.caq.edu.ec\/de\/wp-json\/wp\/v2\/types\/page"}],"author":[{"embeddable":true,"href":"https:\/\/www.caq.edu.ec\/de\/wp-json\/wp\/v2\/users\/6"}],"replies":[{"embeddable":true,"href":"https:\/\/www.caq.edu.ec\/de\/wp-json\/wp\/v2\/comments?post=65401"}],"version-history":[{"count":3,"href":"https:\/\/www.caq.edu.ec\/de\/wp-json\/wp\/v2\/pages\/65401\/revisions"}],"predecessor-version":[{"id":65414,"href":"https:\/\/www.caq.edu.ec\/de\/wp-json\/wp\/v2\/pages\/65401\/revisions\/65414"}],"up":[{"embeddable":true,"href":"https:\/\/www.caq.edu.ec\/de\/wp-json\/wp\/v2\/pages\/57249"}],"wp:attachment":[{"href":"https:\/\/www.caq.edu.ec\/de\/wp-json\/wp\/v2\/media?parent=65401"}],"curies":[{"name":"wp","href":"https:\/\/api.w.org\/{rel}","templated":true}]}}