{"id":64707,"date":"2024-10-09T10:44:59","date_gmt":"2024-10-09T15:44:59","guid":{"rendered":"https:\/\/www.caq.edu.ec\/?page_id=64707"},"modified":"2025-08-28T17:42:15","modified_gmt":"2025-08-28T22:42:15","slug":"versicherung","status":"publish","type":"page","link":"https:\/\/www.caq.edu.ec\/de\/versicherung\/","title":{"rendered":"Versicherung"},"content":{"rendered":"\t\t<div data-elementor-type=\"wp-page\" data-elementor-id=\"64707\" class=\"elementor elementor-64707\" data-elementor-post-type=\"page\">\n\t\t\t\t<div class=\"elementor-element elementor-element-293ea82 e-flex e-con-boxed e-con e-parent\" data-id=\"293ea82\" data-element_type=\"container\" data-e-type=\"container\">\n\t\t\t\t\t<div class=\"e-con-inner\">\n\t\t\t\t<div class=\"elementor-element elementor-element-3c02a680 elementor-widget elementor-widget-text-editor\" data-id=\"3c02a680\" data-element_type=\"widget\" data-e-type=\"widget\" data-widget_type=\"text-editor.default\">\n\t\t\t\t<div class=\"elementor-widget-container\">\n\t\t\t\t\t\t\t\t\t<p>Die Sch\u00fclerinnen und Sch\u00fcler der DSQ haben die folgenden Versicherungen, die \u00fcber Raul Coka Barriga abgeschlossen werden:<\/p><ul><li><strong>Pers\u00f6nliche Unfallversicherung<\/strong>: mit Versicherungsschutz innerhalb oder au\u00dferhalb der Schule, 24 Stunden am Tag, 365 Tage im Jahr, \u00fcberall auf der Welt (die Kosten sind im Schulgeld enthalten).<\/li><\/ul><p><img fetchpriority=\"high\" decoding=\"async\" class=\"aligncenter wp-image-64918 size-large\" src=\"https:\/\/www.caq.edu.ec\/wp-content\/uploads\/2024\/10\/Arte-coberturas-Aleman_01-364x1024.jpg\" alt=\"\" width=\"364\" height=\"1024\" srcset=\"https:\/\/www.caq.edu.ec\/wp-content\/uploads\/2024\/10\/Arte-coberturas-Aleman_01-364x1024.jpg 364w, https:\/\/www.caq.edu.ec\/wp-content\/uploads\/2024\/10\/Arte-coberturas-Aleman_01-768x2163.jpg 768w, https:\/\/www.caq.edu.ec\/wp-content\/uploads\/2024\/10\/Arte-coberturas-Aleman_01-727x2048.jpg 727w, https:\/\/www.caq.edu.ec\/wp-content\/uploads\/2024\/10\/Arte-coberturas-Aleman_01-scaled.jpg 909w\" sizes=\"(max-width: 364px) 100vw, 364px\" \/><\/p><p>HANDBUCH: <a href=\"https:\/\/www.caq.edu.ec\/wp-content\/uploads\/2025\/08\/Seguro-de-accidentes_Sep-25.pdf\">Seguro de accidentes_Sep 25<\/a>\u00a0<\/p><ul><li><strong>Plan Educaci\u00f3n Segura (PES):<\/strong> F\u00fcr 17,65 USD pro Monat deckt diese Versicherung den Wert des Schulgeldes im Todesfall des Vaters und\/oder der Mutter des Sch\u00fclers bis zur f\u00fcr jede Jahrgangsstufe versicherten Grenze. Diese Versicherung deckt den versicherten Elternteil bis zum Alter von 75 Jahren.<\/li><\/ul><p><img decoding=\"async\" class=\"aligncenter wp-image-64916 size-large\" src=\"https:\/\/www.caq.edu.ec\/wp-content\/uploads\/2024\/10\/Aleman-coberturas-PES-01-534x1024.jpg\" alt=\"\" width=\"534\" height=\"1024\" srcset=\"https:\/\/www.caq.edu.ec\/wp-content\/uploads\/2024\/10\/Aleman-coberturas-PES-01-534x1024.jpg 534w, https:\/\/www.caq.edu.ec\/wp-content\/uploads\/2024\/10\/Aleman-coberturas-PES-01-157x300.jpg 157w, https:\/\/www.caq.edu.ec\/wp-content\/uploads\/2024\/10\/Aleman-coberturas-PES-01-768x1471.jpg 768w, https:\/\/www.caq.edu.ec\/wp-content\/uploads\/2024\/10\/Aleman-coberturas-PES-01-802x1536.jpg 802w, https:\/\/www.caq.edu.ec\/wp-content\/uploads\/2024\/10\/Aleman-coberturas-PES-01-1069x2048.jpg 1069w, https:\/\/www.caq.edu.ec\/wp-content\/uploads\/2024\/10\/Aleman-coberturas-PES-01-scaled.jpg 1336w\" sizes=\"(max-width: 534px) 100vw, 534px\" \/><\/p><p>Die Frist f\u00fcr die Meldung des Vorfalls betr\u00e4gt h\u00f6chstens 60 Tage ab dem Ereignis, andernfalls wird der Fall nicht gedeckt.<\/p><p>Ausf\u00fchrliche Informationen finden Sie weiter unten. Wenn Sie m\u00f6chten, k\u00f6nnen Sie sich auch direkt an 1800 Raul Coka (1800 911 000) oder 0999-911-911 wenden.<\/p><p>HANDBUCH: <a href=\"https:\/\/www.caq.edu.ec\/wp-content\/uploads\/2025\/08\/Plan-Educacion-Segura_Sep-25.pdf\">Plan Educaci\u00f3n Segura_Sep 25<\/a><\/p>\t\t\t\t\t\t\t\t<\/div>\n\t\t\t\t<\/div>\n\t\t\t\t\t<\/div>\n\t\t\t\t<\/div>\n\t\t\t\t<\/div>\n\t\t","protected":false},"excerpt":{"rendered":"<p>Die Sch\u00fclerinnen und Sch\u00fcler der DSQ haben die folgenden Versicherungen, die \u00fcber Raul Coka Barriga abgeschlossen werden: Pers\u00f6nliche Unfallversicherung: mit Versicherungsschutz innerhalb oder au\u00dferhalb der Schule, 24 Stunden am Tag, 365 Tage im Jahr, \u00fcberall auf der Welt (die Kosten sind im Schulgeld enthalten). HANDBUCH: Seguro de accidentes_Sep 25\u00a0 Plan Educaci\u00f3n Segura (PES): F\u00fcr 17,65 [&hellip;]<\/p>\n","protected":false},"author":6,"featured_media":0,"parent":0,"menu_order":0,"comment_status":"closed","ping_status":"closed","template":"","meta":{"footnotes":""},"class_list":["post-64707","page","type-page","status-publish","hentry"],"yoast_head":"<!-- This site is optimized with the Yoast SEO plugin v27.3 - https:\/\/yoast.com\/product\/yoast-seo-wordpress\/ -->\n<title>Versicherung - Colegio Alem\u00e1n Quito<\/title>\n<meta name=\"robots\" content=\"index, follow, max-snippet:-1, max-image-preview:large, max-video-preview:-1\" \/>\n<link rel=\"canonical\" href=\"https:\/\/www.caq.edu.ec\/de\/versicherung\/\" \/>\n<meta property=\"og:locale\" content=\"de_DE\" \/>\n<meta property=\"og:type\" content=\"article\" \/>\n<meta property=\"og:title\" content=\"Versicherung - Colegio Alem\u00e1n Quito\" \/>\n<meta property=\"og:description\" content=\"Die Sch\u00fclerinnen und Sch\u00fcler der DSQ haben die folgenden Versicherungen, die \u00fcber Raul Coka Barriga abgeschlossen werden: Pers\u00f6nliche Unfallversicherung: mit Versicherungsschutz innerhalb oder au\u00dferhalb der Schule, 24 Stunden am Tag, 365 Tage im Jahr, \u00fcberall auf der Welt (die Kosten sind im Schulgeld enthalten). HANDBUCH: Seguro de accidentes_Sep 25\u00a0 Plan Educaci\u00f3n Segura (PES): F\u00fcr 17,65 [&hellip;]\" \/>\n<meta property=\"og:url\" content=\"https:\/\/www.caq.edu.ec\/de\/versicherung\/\" \/>\n<meta property=\"og:site_name\" content=\"Colegio Alem\u00e1n Quito\" \/>\n<meta property=\"article:modified_time\" content=\"2025-08-28T22:42:15+00:00\" \/>\n<meta property=\"og:image\" content=\"https:\/\/www.caq.edu.ec\/wp-content\/uploads\/2024\/10\/Arte-coberturas-Aleman_01-scaled.jpg\" \/>\n\t<meta property=\"og:image:width\" content=\"909\" \/>\n\t<meta property=\"og:image:height\" content=\"2560\" \/>\n\t<meta property=\"og:image:type\" content=\"image\/jpeg\" \/>\n<meta name=\"twitter:card\" content=\"summary_large_image\" \/>\n<meta name=\"twitter:label1\" content=\"Gesch\u00e4tzte Lesezeit\" \/>\n\t<meta name=\"twitter:data1\" content=\"2\u00a0Minuten\" \/>\n<script type=\"application\/ld+json\" class=\"yoast-schema-graph\">{\"@context\":\"https:\\\/\\\/schema.org\",\"@graph\":[{\"@type\":\"WebPage\",\"@id\":\"https:\\\/\\\/www.caq.edu.ec\\\/de\\\/versicherung\\\/\",\"url\":\"https:\\\/\\\/www.caq.edu.ec\\\/de\\\/versicherung\\\/\",\"name\":\"Versicherung - Colegio Alem\u00e1n Quito\",\"isPartOf\":{\"@id\":\"https:\\\/\\\/www.caq.edu.ec\\\/#website\"},\"primaryImageOfPage\":{\"@id\":\"https:\\\/\\\/www.caq.edu.ec\\\/de\\\/versicherung\\\/#primaryimage\"},\"image\":{\"@id\":\"https:\\\/\\\/www.caq.edu.ec\\\/de\\\/versicherung\\\/#primaryimage\"},\"thumbnailUrl\":\"https:\\\/\\\/www.caq.edu.ec\\\/wp-content\\\/uploads\\\/2024\\\/10\\\/Arte-coberturas-Aleman_01-364x1024.jpg\",\"datePublished\":\"2024-10-09T15:44:59+00:00\",\"dateModified\":\"2025-08-28T22:42:15+00:00\",\"breadcrumb\":{\"@id\":\"https:\\\/\\\/www.caq.edu.ec\\\/de\\\/versicherung\\\/#breadcrumb\"},\"inLanguage\":\"de\",\"potentialAction\":[{\"@type\":\"ReadAction\",\"target\":[\"https:\\\/\\\/www.caq.edu.ec\\\/de\\\/versicherung\\\/\"]}]},{\"@type\":\"ImageObject\",\"inLanguage\":\"de\",\"@id\":\"https:\\\/\\\/www.caq.edu.ec\\\/de\\\/versicherung\\\/#primaryimage\",\"url\":\"https:\\\/\\\/www.caq.edu.ec\\\/wp-content\\\/uploads\\\/2024\\\/10\\\/Arte-coberturas-Aleman_01-364x1024.jpg\",\"contentUrl\":\"https:\\\/\\\/www.caq.edu.ec\\\/wp-content\\\/uploads\\\/2024\\\/10\\\/Arte-coberturas-Aleman_01-364x1024.jpg\"},{\"@type\":\"BreadcrumbList\",\"@id\":\"https:\\\/\\\/www.caq.edu.ec\\\/de\\\/versicherung\\\/#breadcrumb\",\"itemListElement\":[{\"@type\":\"ListItem\",\"position\":1,\"name\":\"Inicio\",\"item\":\"https:\\\/\\\/www.caq.edu.ec\\\/\"},{\"@type\":\"ListItem\",\"position\":2,\"name\":\"Versicherung\"}]},{\"@type\":\"WebSite\",\"@id\":\"https:\\\/\\\/www.caq.edu.ec\\\/#website\",\"url\":\"https:\\\/\\\/www.caq.edu.ec\\\/\",\"name\":\"Colegio Alem\u00e1n Quito\",\"description\":\"Una puerta al mundo\",\"potentialAction\":[{\"@type\":\"SearchAction\",\"target\":{\"@type\":\"EntryPoint\",\"urlTemplate\":\"https:\\\/\\\/www.caq.edu.ec\\\/?s={search_term_string}\"},\"query-input\":{\"@type\":\"PropertyValueSpecification\",\"valueRequired\":true,\"valueName\":\"search_term_string\"}}],\"inLanguage\":\"de\"}]}<\/script>\n<!-- \/ Yoast SEO plugin. -->","yoast_head_json":{"title":"Versicherung - Colegio Alem\u00e1n Quito","robots":{"index":"index","follow":"follow","max-snippet":"max-snippet:-1","max-image-preview":"max-image-preview:large","max-video-preview":"max-video-preview:-1"},"canonical":"https:\/\/www.caq.edu.ec\/de\/versicherung\/","og_locale":"de_DE","og_type":"article","og_title":"Versicherung - Colegio Alem\u00e1n Quito","og_description":"Die Sch\u00fclerinnen und Sch\u00fcler der DSQ haben die folgenden Versicherungen, die \u00fcber Raul Coka Barriga abgeschlossen werden: Pers\u00f6nliche Unfallversicherung: mit Versicherungsschutz innerhalb oder au\u00dferhalb der Schule, 24 Stunden am Tag, 365 Tage im Jahr, \u00fcberall auf der Welt (die Kosten sind im Schulgeld enthalten). HANDBUCH: Seguro de accidentes_Sep 25\u00a0 Plan Educaci\u00f3n Segura (PES): F\u00fcr 17,65 [&hellip;]","og_url":"https:\/\/www.caq.edu.ec\/de\/versicherung\/","og_site_name":"Colegio Alem\u00e1n Quito","article_modified_time":"2025-08-28T22:42:15+00:00","og_image":[{"width":909,"height":2560,"url":"https:\/\/www.caq.edu.ec\/wp-content\/uploads\/2024\/10\/Arte-coberturas-Aleman_01-scaled.jpg","type":"image\/jpeg"}],"twitter_card":"summary_large_image","twitter_misc":{"Gesch\u00e4tzte Lesezeit":"2\u00a0Minuten"},"schema":{"@context":"https:\/\/schema.org","@graph":[{"@type":"WebPage","@id":"https:\/\/www.caq.edu.ec\/de\/versicherung\/","url":"https:\/\/www.caq.edu.ec\/de\/versicherung\/","name":"Versicherung - Colegio Alem\u00e1n Quito","isPartOf":{"@id":"https:\/\/www.caq.edu.ec\/#website"},"primaryImageOfPage":{"@id":"https:\/\/www.caq.edu.ec\/de\/versicherung\/#primaryimage"},"image":{"@id":"https:\/\/www.caq.edu.ec\/de\/versicherung\/#primaryimage"},"thumbnailUrl":"https:\/\/www.caq.edu.ec\/wp-content\/uploads\/2024\/10\/Arte-coberturas-Aleman_01-364x1024.jpg","datePublished":"2024-10-09T15:44:59+00:00","dateModified":"2025-08-28T22:42:15+00:00","breadcrumb":{"@id":"https:\/\/www.caq.edu.ec\/de\/versicherung\/#breadcrumb"},"inLanguage":"de","potentialAction":[{"@type":"ReadAction","target":["https:\/\/www.caq.edu.ec\/de\/versicherung\/"]}]},{"@type":"ImageObject","inLanguage":"de","@id":"https:\/\/www.caq.edu.ec\/de\/versicherung\/#primaryimage","url":"https:\/\/www.caq.edu.ec\/wp-content\/uploads\/2024\/10\/Arte-coberturas-Aleman_01-364x1024.jpg","contentUrl":"https:\/\/www.caq.edu.ec\/wp-content\/uploads\/2024\/10\/Arte-coberturas-Aleman_01-364x1024.jpg"},{"@type":"BreadcrumbList","@id":"https:\/\/www.caq.edu.ec\/de\/versicherung\/#breadcrumb","itemListElement":[{"@type":"ListItem","position":1,"name":"Inicio","item":"https:\/\/www.caq.edu.ec\/"},{"@type":"ListItem","position":2,"name":"Versicherung"}]},{"@type":"WebSite","@id":"https:\/\/www.caq.edu.ec\/#website","url":"https:\/\/www.caq.edu.ec\/","name":"Colegio Alem\u00e1n Quito","description":"Una puerta al mundo","potentialAction":[{"@type":"SearchAction","target":{"@type":"EntryPoint","urlTemplate":"https:\/\/www.caq.edu.ec\/?s={search_term_string}"},"query-input":{"@type":"PropertyValueSpecification","valueRequired":true,"valueName":"search_term_string"}}],"inLanguage":"de"}]}},"_links":{"self":[{"href":"https:\/\/www.caq.edu.ec\/de\/wp-json\/wp\/v2\/pages\/64707","targetHints":{"allow":["GET"]}}],"collection":[{"href":"https:\/\/www.caq.edu.ec\/de\/wp-json\/wp\/v2\/pages"}],"about":[{"href":"https:\/\/www.caq.edu.ec\/de\/wp-json\/wp\/v2\/types\/page"}],"author":[{"embeddable":true,"href":"https:\/\/www.caq.edu.ec\/de\/wp-json\/wp\/v2\/users\/6"}],"replies":[{"embeddable":true,"href":"https:\/\/www.caq.edu.ec\/de\/wp-json\/wp\/v2\/comments?post=64707"}],"version-history":[{"count":17,"href":"https:\/\/www.caq.edu.ec\/de\/wp-json\/wp\/v2\/pages\/64707\/revisions"}],"predecessor-version":[{"id":69989,"href":"https:\/\/www.caq.edu.ec\/de\/wp-json\/wp\/v2\/pages\/64707\/revisions\/69989"}],"wp:attachment":[{"href":"https:\/\/www.caq.edu.ec\/de\/wp-json\/wp\/v2\/media?parent=64707"}],"curies":[{"name":"wp","href":"https:\/\/api.w.org\/{rel}","templated":true}]}}