{"id":64612,"date":"2024-09-27T12:01:31","date_gmt":"2024-09-27T17:01:31","guid":{"rendered":"https:\/\/www.caq.edu.ec\/el-colegio\/schuelerparlament-der-sekundaria\/"},"modified":"2024-09-27T12:13:16","modified_gmt":"2024-09-27T17:13:16","slug":"schuelerparlament-der-sekundaria","status":"publish","type":"page","link":"https:\/\/www.caq.edu.ec\/de\/el-colegio\/schuelerparlament-der-sekundaria\/","title":{"rendered":"Sch\u00fclerparlament der Sekundaria"},"content":{"rendered":"\n<p>Die Klassensprecher (Pr\u00e4sidenten und Vizepr\u00e4sidenten) aller 30 Sekundariaschulklassen sind Mitglieder des Sch\u00fclerparlaments.<br\/>Jedes Jahr im September w\u00e4hlen alle Sch\u00fcler der Sekundaria in allgemeiner und direkter Wahl eine Liste von Kandidaten f\u00fcr den Pr\u00e4sidenten, den Vizepr\u00e4sidenten, den Sekret\u00e4r und den Schatzmeister. Die in diesem Schuljahr 2024-25 Gew\u00e4hlten sind:  <\/p>\n\n<p><strong>Pr\u00e4sident: <\/strong>Tom\u00e1s Granda Sacoto-Arias (<a href=\"mailto:000648@caq.edu.ec\">000648@caq.edu.ec<\/a>)<br\/><strong>Vizepr\u00e4sidentin:<\/strong> Rafaella Galindo Tobar <a href=\"mailto:000626@caq.edu.ec\">(000626@caq.edu.ec)<\/a><br\/><strong>Sekret\u00e4rin:<\/strong> Ana Paula Naranjo Proa\u00f1o (<a href=\"mailto:000294@caq.edu.ec\">000294@caq.edu.ec<\/a>)<br\/><strong>Schatzmeister:<\/strong> Pablo Jos\u00e9 Jaramillo Iturralde (<a href=\"mailto:000368@caq.edu.ec\">000368@caq.edu.ec<\/a>)<br\/><strong>Deutscher Vertrauenslehrer:<\/strong> Marcel Gn\u00e4dig (<a href=\"mailto:simon.berndt@caq.edu.ec\">marcel.gnadig@caq.edu.ec<\/a>)<br\/><strong>Nationaler Vertrauenslehrer: <\/strong>Jos\u00e9 Renna (<a href=\"mailto:galo.cevallos@caq.edu.ec\">jose.renna@caq.edu.ec<\/a>)<\/p>\n\n<p><\/p>\n","protected":false},"excerpt":{"rendered":"<p>Die Klassensprecher (Pr\u00e4sidenten und Vizepr\u00e4sidenten) aller 30 Sekundariaschulklassen sind Mitglieder des Sch\u00fclerparlaments.Jedes Jahr im September w\u00e4hlen alle Sch\u00fcler der Sekundaria in allgemeiner und direkter Wahl eine Liste von Kandidaten f\u00fcr den Pr\u00e4sidenten, den Vizepr\u00e4sidenten, den Sekret\u00e4r und den Schatzmeister. Die in diesem Schuljahr 2024-25 Gew\u00e4hlten sind: Pr\u00e4sident: Tom\u00e1s Granda Sacoto-Arias (000648@caq.edu.ec)Vizepr\u00e4sidentin: Rafaella Galindo Tobar (000626@caq.edu.ec)Sekret\u00e4rin: [&hellip;]<\/p>\n","protected":false},"author":6,"featured_media":0,"parent":57173,"menu_order":0,"comment_status":"closed","ping_status":"closed","template":"","meta":{"footnotes":""},"class_list":["post-64612","page","type-page","status-publish","hentry"],"yoast_head":"<!-- This site is optimized with the Yoast SEO plugin v27.3 - https:\/\/yoast.com\/product\/yoast-seo-wordpress\/ -->\n<title>Sch\u00fclerparlament der Sekundaria - Colegio Alem\u00e1n Quito<\/title>\n<meta name=\"robots\" content=\"index, follow, max-snippet:-1, max-image-preview:large, max-video-preview:-1\" \/>\n<link rel=\"canonical\" href=\"https:\/\/www.caq.edu.ec\/el-colegio\/parlamento-secundaria\/\" \/>\n<meta property=\"og:locale\" content=\"de_DE\" \/>\n<meta property=\"og:type\" content=\"article\" \/>\n<meta property=\"og:title\" content=\"Sch\u00fclerparlament der Sekundaria - Colegio Alem\u00e1n Quito\" \/>\n<meta property=\"og:description\" content=\"Die Klassensprecher (Pr\u00e4sidenten und Vizepr\u00e4sidenten) aller 30 Sekundariaschulklassen sind Mitglieder des Sch\u00fclerparlaments.Jedes Jahr im September w\u00e4hlen alle Sch\u00fcler der Sekundaria in allgemeiner und direkter Wahl eine Liste von Kandidaten f\u00fcr den Pr\u00e4sidenten, den Vizepr\u00e4sidenten, den Sekret\u00e4r und den Schatzmeister. Die in diesem Schuljahr 2024-25 Gew\u00e4hlten sind: Pr\u00e4sident: Tom\u00e1s Granda Sacoto-Arias (000648@caq.edu.ec)Vizepr\u00e4sidentin: Rafaella Galindo Tobar (000626@caq.edu.ec)Sekret\u00e4rin: [&hellip;]\" \/>\n<meta property=\"og:url\" content=\"https:\/\/www.caq.edu.ec\/el-colegio\/parlamento-secundaria\/\" \/>\n<meta property=\"og:site_name\" content=\"Colegio Alem\u00e1n Quito\" \/>\n<meta property=\"article:modified_time\" content=\"2024-09-27T17:13:16+00:00\" \/>\n<meta name=\"twitter:card\" content=\"summary_large_image\" \/>\n<meta name=\"twitter:label1\" content=\"Gesch\u00e4tzte Lesezeit\" \/>\n\t<meta name=\"twitter:data1\" content=\"1\u00a0Minute\" \/>\n<script type=\"application\/ld+json\" class=\"yoast-schema-graph\">{\"@context\":\"https:\\\/\\\/schema.org\",\"@graph\":[{\"@type\":\"WebPage\",\"@id\":\"https:\\\/\\\/www.caq.edu.ec\\\/el-colegio\\\/parlamento-secundaria\\\/\",\"url\":\"https:\\\/\\\/www.caq.edu.ec\\\/el-colegio\\\/parlamento-secundaria\\\/\",\"name\":\"Sch\u00fclerparlament der Sekundaria - Colegio Alem\u00e1n Quito\",\"isPartOf\":{\"@id\":\"https:\\\/\\\/www.caq.edu.ec\\\/#website\"},\"datePublished\":\"2024-09-27T17:01:31+00:00\",\"dateModified\":\"2024-09-27T17:13:16+00:00\",\"breadcrumb\":{\"@id\":\"https:\\\/\\\/www.caq.edu.ec\\\/el-colegio\\\/parlamento-secundaria\\\/#breadcrumb\"},\"inLanguage\":\"de\",\"potentialAction\":[{\"@type\":\"ReadAction\",\"target\":[\"https:\\\/\\\/www.caq.edu.ec\\\/el-colegio\\\/parlamento-secundaria\\\/\"]}]},{\"@type\":\"BreadcrumbList\",\"@id\":\"https:\\\/\\\/www.caq.edu.ec\\\/el-colegio\\\/parlamento-secundaria\\\/#breadcrumb\",\"itemListElement\":[{\"@type\":\"ListItem\",\"position\":1,\"name\":\"Inicio\",\"item\":\"https:\\\/\\\/www.caq.edu.ec\\\/\"},{\"@type\":\"ListItem\",\"position\":2,\"name\":\"Die Schule\",\"item\":\"https:\\\/\\\/www.caq.edu.ec\\\/el-colegio\\\/\"},{\"@type\":\"ListItem\",\"position\":3,\"name\":\"Sch\u00fclerparlament der Sekundaria\"}]},{\"@type\":\"WebSite\",\"@id\":\"https:\\\/\\\/www.caq.edu.ec\\\/#website\",\"url\":\"https:\\\/\\\/www.caq.edu.ec\\\/\",\"name\":\"Colegio Alem\u00e1n Quito\",\"description\":\"Una puerta al mundo\",\"potentialAction\":[{\"@type\":\"SearchAction\",\"target\":{\"@type\":\"EntryPoint\",\"urlTemplate\":\"https:\\\/\\\/www.caq.edu.ec\\\/?s={search_term_string}\"},\"query-input\":{\"@type\":\"PropertyValueSpecification\",\"valueRequired\":true,\"valueName\":\"search_term_string\"}}],\"inLanguage\":\"de\"}]}<\/script>\n<!-- \/ Yoast SEO plugin. -->","yoast_head_json":{"title":"Sch\u00fclerparlament der Sekundaria - Colegio Alem\u00e1n Quito","robots":{"index":"index","follow":"follow","max-snippet":"max-snippet:-1","max-image-preview":"max-image-preview:large","max-video-preview":"max-video-preview:-1"},"canonical":"https:\/\/www.caq.edu.ec\/el-colegio\/parlamento-secundaria\/","og_locale":"de_DE","og_type":"article","og_title":"Sch\u00fclerparlament der Sekundaria - Colegio Alem\u00e1n Quito","og_description":"Die Klassensprecher (Pr\u00e4sidenten und Vizepr\u00e4sidenten) aller 30 Sekundariaschulklassen sind Mitglieder des Sch\u00fclerparlaments.Jedes Jahr im September w\u00e4hlen alle Sch\u00fcler der Sekundaria in allgemeiner und direkter Wahl eine Liste von Kandidaten f\u00fcr den Pr\u00e4sidenten, den Vizepr\u00e4sidenten, den Sekret\u00e4r und den Schatzmeister. Die in diesem Schuljahr 2024-25 Gew\u00e4hlten sind: Pr\u00e4sident: Tom\u00e1s Granda Sacoto-Arias (000648@caq.edu.ec)Vizepr\u00e4sidentin: Rafaella Galindo Tobar (000626@caq.edu.ec)Sekret\u00e4rin: [&hellip;]","og_url":"https:\/\/www.caq.edu.ec\/el-colegio\/parlamento-secundaria\/","og_site_name":"Colegio Alem\u00e1n Quito","article_modified_time":"2024-09-27T17:13:16+00:00","twitter_card":"summary_large_image","twitter_misc":{"Gesch\u00e4tzte Lesezeit":"1\u00a0Minute"},"schema":{"@context":"https:\/\/schema.org","@graph":[{"@type":"WebPage","@id":"https:\/\/www.caq.edu.ec\/el-colegio\/parlamento-secundaria\/","url":"https:\/\/www.caq.edu.ec\/el-colegio\/parlamento-secundaria\/","name":"Sch\u00fclerparlament der Sekundaria - Colegio Alem\u00e1n Quito","isPartOf":{"@id":"https:\/\/www.caq.edu.ec\/#website"},"datePublished":"2024-09-27T17:01:31+00:00","dateModified":"2024-09-27T17:13:16+00:00","breadcrumb":{"@id":"https:\/\/www.caq.edu.ec\/el-colegio\/parlamento-secundaria\/#breadcrumb"},"inLanguage":"de","potentialAction":[{"@type":"ReadAction","target":["https:\/\/www.caq.edu.ec\/el-colegio\/parlamento-secundaria\/"]}]},{"@type":"BreadcrumbList","@id":"https:\/\/www.caq.edu.ec\/el-colegio\/parlamento-secundaria\/#breadcrumb","itemListElement":[{"@type":"ListItem","position":1,"name":"Inicio","item":"https:\/\/www.caq.edu.ec\/"},{"@type":"ListItem","position":2,"name":"Die Schule","item":"https:\/\/www.caq.edu.ec\/el-colegio\/"},{"@type":"ListItem","position":3,"name":"Sch\u00fclerparlament der Sekundaria"}]},{"@type":"WebSite","@id":"https:\/\/www.caq.edu.ec\/#website","url":"https:\/\/www.caq.edu.ec\/","name":"Colegio Alem\u00e1n Quito","description":"Una puerta al mundo","potentialAction":[{"@type":"SearchAction","target":{"@type":"EntryPoint","urlTemplate":"https:\/\/www.caq.edu.ec\/?s={search_term_string}"},"query-input":{"@type":"PropertyValueSpecification","valueRequired":true,"valueName":"search_term_string"}}],"inLanguage":"de"}]}},"_links":{"self":[{"href":"https:\/\/www.caq.edu.ec\/de\/wp-json\/wp\/v2\/pages\/64612","targetHints":{"allow":["GET"]}}],"collection":[{"href":"https:\/\/www.caq.edu.ec\/de\/wp-json\/wp\/v2\/pages"}],"about":[{"href":"https:\/\/www.caq.edu.ec\/de\/wp-json\/wp\/v2\/types\/page"}],"author":[{"embeddable":true,"href":"https:\/\/www.caq.edu.ec\/de\/wp-json\/wp\/v2\/users\/6"}],"replies":[{"embeddable":true,"href":"https:\/\/www.caq.edu.ec\/de\/wp-json\/wp\/v2\/comments?post=64612"}],"version-history":[{"count":1,"href":"https:\/\/www.caq.edu.ec\/de\/wp-json\/wp\/v2\/pages\/64612\/revisions"}],"predecessor-version":[{"id":64613,"href":"https:\/\/www.caq.edu.ec\/de\/wp-json\/wp\/v2\/pages\/64612\/revisions\/64613"}],"up":[{"embeddable":true,"href":"https:\/\/www.caq.edu.ec\/de\/wp-json\/wp\/v2\/pages\/57173"}],"wp:attachment":[{"href":"https:\/\/www.caq.edu.ec\/de\/wp-json\/wp\/v2\/media?parent=64612"}],"curies":[{"name":"wp","href":"https:\/\/api.w.org\/{rel}","templated":true}]}}