{"id":62641,"date":"2023-10-18T10:54:29","date_gmt":"2023-10-18T15:54:29","guid":{"rendered":"https:\/\/www.caq.edu.ec\/jugend-debattiert\/"},"modified":"2023-10-27T10:38:25","modified_gmt":"2023-10-27T15:38:25","slug":"jugend-debattiert","status":"publish","type":"page","link":"https:\/\/www.caq.edu.ec\/de\/jugend-debattiert\/","title":{"rendered":"Jugend debattiert"},"content":{"rendered":"\n<figure class=\"wp-block-image size-large\"><img fetchpriority=\"high\" decoding=\"async\" width=\"1024\" height=\"770\" src=\"https:\/\/www.caq.edu.ec\/wp-content\/uploads\/2023\/10\/CAQ-jugend-debattiert-galeria-1-1024x770.jpg\" alt=\"\" class=\"wp-image-62634\" srcset=\"https:\/\/www.caq.edu.ec\/wp-content\/uploads\/2023\/10\/CAQ-jugend-debattiert-galeria-1-1024x770.jpg 1024w, https:\/\/www.caq.edu.ec\/wp-content\/uploads\/2023\/10\/CAQ-jugend-debattiert-galeria-1-300x226.jpg 300w, https:\/\/www.caq.edu.ec\/wp-content\/uploads\/2023\/10\/CAQ-jugend-debattiert-galeria-1-768x577.jpg 768w, https:\/\/www.caq.edu.ec\/wp-content\/uploads\/2023\/10\/CAQ-jugend-debattiert-galeria-1.jpg 1064w\" sizes=\"(max-width: 1024px) 100vw, 1024px\" \/><\/figure>\n\n\n\n<h3 class=\"wp-block-heading\">Jugend debattiert Ecuador 2023 \u2013 Spannende Debatten und ein knapp verpasster Einzug ins S\u00fcdamerikafinale<\/h3>\n\n\n\n<p>Am 27.09.2023 war es wieder so weit. Die vier besten Debattanten der Deutschen Schule Quito machten sich auf den Weg nach Cuenca, wo der diesj\u00e4hrige Landeswettbewerb zu \u201eJugend debattiert\u201c vom 28.09. bis 29.09.2023 stattfand.<\/p>\n\n\n\n<p>Nach intensiver Vorbereitung waren Maria Clara Boada Torres, Amanda Solines Corral, B\u00e1rbara Malena Fierro Rivera und Carlos Eduardo Hernandez Murguetio bestens gewappnet, um gegen die jeweils vier Vertreter aus Cuenca und Guayaquil anzutreten.<\/p>\n\n\n\n<p>Zwei Tage lang lieferten sich die Sch\u00fcler und Sch\u00fclerinnen zu Fragen wie \u201eSoll der Umgang mit KI an Schulen unterrichtet werden?\u201c oder <a>\u201eSoll an Deutschen Auslandsschulen eine verpflichtende Stipendien-Quote eingef\u00fchrt werden?\u201c <\/a>heftigste Wortgefechte und \u00fcberzeugten dabei mit jeder Menge Sachkenntnis, Gespr\u00e4chsf\u00e4higkeit und Ausdrucksverm\u00f6gen.<\/p>\n\n\n\n<p>Unsere TeilnehmerInnen aus Quito haben sich hervorragend geschlagen. Maria Clara Boada Torres hat es mit ihrer unglaublichen \u00dcberzeugungskraft sogar in die Finaldebatte mit der Frage \u201eSollen die USA verst\u00e4rkt auf ecuadorianischem Gebiet zur Unterst\u00fctzung im Kampf gegen die Drogenmafia pr\u00e4sent sein?\u201c geschafft. Bei diesem Kopf an Kopf Rennen hat Maria Clara alles gegeben und den Einzug ins S\u00fcdamerikafinale geschafft.<\/p>\n\n\n\n<p>Begl\u00fcckw\u00fcnschen m\u00f6chten wir die beiden Sieger des Wettbewerbs, Romina \u00c1lvarez aus Guayaquil und Valentina Lugo aus Cuenca. Beide werden Ende Oktober am \u201eJugend debattiert\u201c S\u00fcdamerikafinale in Chile teilnehmen.<\/p>\n\n\n\n<p>Zudem m\u00f6chte sich die Deutsche Schule Quito bei den Kollegen und Kolleginnen der Deutschen Schule Cuenca f\u00fcr zwei unvergessliche Tage bedanken, bei denen es nicht nur zu einem Lernzuwachs kam, sondern auch Freundschaften geschlossen wurden. F\u00fcr das S\u00fcdamerikafinale w\u00fcnschen wir den beiden Finalisten aus Ecuador viel Erfolg!<br><br><strong>Hier ist der offizielle Link zum Wettbewerb in Chile, bei dem unsere Sch\u00fclerin Ma. Clara Boada das Finale erreichte:<\/strong> <a href=\"https:\/\/www.auslandsschulwesen.de\/SharedDocs\/Kurzmeldungen\/Webs\/ZfA\/DE\/Aktuelles\/Wettbewerbe\/2023\/231025_jdi_Suedamerika.html\">https:\/\/www.auslandsschulwesen.de\/SharedDocs\/Kurzmeldungen\/Webs\/ZfA\/DE\/Aktuelles\/Wettbewerbe\/2023\/231025_jdi_Suedamerika.html<\/a><\/p>\n\n\n\n<figure class=\"wp-block-gallery has-nested-images columns-default is-cropped wp-block-gallery-1 is-layout-flex wp-block-gallery-is-layout-flex\">\n<figure class=\"wp-block-image size-large\"><img decoding=\"async\" width=\"1024\" height=\"770\" data-id=\"62626\" src=\"https:\/\/www.caq.edu.ec\/wp-content\/uploads\/2023\/10\/CAQ-jugend-debattiert-galeria-2-1024x770.jpg\" alt=\"\" class=\"wp-image-62626\" srcset=\"https:\/\/www.caq.edu.ec\/wp-content\/uploads\/2023\/10\/CAQ-jugend-debattiert-galeria-2-1024x770.jpg 1024w, https:\/\/www.caq.edu.ec\/wp-content\/uploads\/2023\/10\/CAQ-jugend-debattiert-galeria-2-300x226.jpg 300w, https:\/\/www.caq.edu.ec\/wp-content\/uploads\/2023\/10\/CAQ-jugend-debattiert-galeria-2-768x577.jpg 768w, https:\/\/www.caq.edu.ec\/wp-content\/uploads\/2023\/10\/CAQ-jugend-debattiert-galeria-2.jpg 1064w\" sizes=\"(max-width: 1024px) 100vw, 1024px\" \/><\/figure>\n\n\n\n<figure class=\"wp-block-image size-large\"><img decoding=\"async\" width=\"1024\" height=\"770\" data-id=\"62628\" src=\"https:\/\/www.caq.edu.ec\/wp-content\/uploads\/2023\/10\/CAQ-jugend-debattiert-galeria-3-1024x770.jpg\" alt=\"\" class=\"wp-image-62628\" srcset=\"https:\/\/www.caq.edu.ec\/wp-content\/uploads\/2023\/10\/CAQ-jugend-debattiert-galeria-3-1024x770.jpg 1024w, https:\/\/www.caq.edu.ec\/wp-content\/uploads\/2023\/10\/CAQ-jugend-debattiert-galeria-3-300x226.jpg 300w, https:\/\/www.caq.edu.ec\/wp-content\/uploads\/2023\/10\/CAQ-jugend-debattiert-galeria-3-768x577.jpg 768w, https:\/\/www.caq.edu.ec\/wp-content\/uploads\/2023\/10\/CAQ-jugend-debattiert-galeria-3.jpg 1064w\" sizes=\"(max-width: 1024px) 100vw, 1024px\" \/><\/figure>\n\n\n\n<figure class=\"wp-block-image size-large\"><img loading=\"lazy\" decoding=\"async\" width=\"1024\" height=\"770\" data-id=\"62630\" src=\"https:\/\/www.caq.edu.ec\/wp-content\/uploads\/2023\/10\/CAQ-jugend-debattiert-galeria-4-1024x770.jpg\" alt=\"\" class=\"wp-image-62630\" srcset=\"https:\/\/www.caq.edu.ec\/wp-content\/uploads\/2023\/10\/CAQ-jugend-debattiert-galeria-4-1024x770.jpg 1024w, https:\/\/www.caq.edu.ec\/wp-content\/uploads\/2023\/10\/CAQ-jugend-debattiert-galeria-4-300x226.jpg 300w, https:\/\/www.caq.edu.ec\/wp-content\/uploads\/2023\/10\/CAQ-jugend-debattiert-galeria-4-768x577.jpg 768w, https:\/\/www.caq.edu.ec\/wp-content\/uploads\/2023\/10\/CAQ-jugend-debattiert-galeria-4.jpg 1064w\" sizes=\"(max-width: 1024px) 100vw, 1024px\" \/><\/figure>\n\n\n\n<figure class=\"wp-block-image size-large\"><img loading=\"lazy\" decoding=\"async\" width=\"1024\" height=\"770\" data-id=\"62632\" src=\"https:\/\/www.caq.edu.ec\/wp-content\/uploads\/2023\/10\/CAQ-jugend-debattiert-galeria-5-1024x770.jpg\" alt=\"\" class=\"wp-image-62632\" srcset=\"https:\/\/www.caq.edu.ec\/wp-content\/uploads\/2023\/10\/CAQ-jugend-debattiert-galeria-5-1024x770.jpg 1024w, https:\/\/www.caq.edu.ec\/wp-content\/uploads\/2023\/10\/CAQ-jugend-debattiert-galeria-5-300x226.jpg 300w, https:\/\/www.caq.edu.ec\/wp-content\/uploads\/2023\/10\/CAQ-jugend-debattiert-galeria-5-768x577.jpg 768w, https:\/\/www.caq.edu.ec\/wp-content\/uploads\/2023\/10\/CAQ-jugend-debattiert-galeria-5.jpg 1064w\" sizes=\"(max-width: 1024px) 100vw, 1024px\" \/><\/figure>\n\n\n\n<figure class=\"wp-block-image size-large\"><img loading=\"lazy\" decoding=\"async\" width=\"1024\" height=\"770\" data-id=\"62636\" src=\"https:\/\/www.caq.edu.ec\/wp-content\/uploads\/2023\/10\/CAQ-jugend-debattiert-galeria-6-1024x770.jpg\" alt=\"\" class=\"wp-image-62636\" srcset=\"https:\/\/www.caq.edu.ec\/wp-content\/uploads\/2023\/10\/CAQ-jugend-debattiert-galeria-6-1024x770.jpg 1024w, https:\/\/www.caq.edu.ec\/wp-content\/uploads\/2023\/10\/CAQ-jugend-debattiert-galeria-6-300x226.jpg 300w, https:\/\/www.caq.edu.ec\/wp-content\/uploads\/2023\/10\/CAQ-jugend-debattiert-galeria-6-768x577.jpg 768w, https:\/\/www.caq.edu.ec\/wp-content\/uploads\/2023\/10\/CAQ-jugend-debattiert-galeria-6.jpg 1064w\" sizes=\"(max-width: 1024px) 100vw, 1024px\" \/><\/figure>\n<\/figure>\n","protected":false},"excerpt":{"rendered":"<p>Jugend debattiert Ecuador 2023 \u2013 Spannende Debatten und ein knapp verpasster Einzug ins S\u00fcdamerikafinale Am 27.09.2023 war es wieder so weit. Die vier besten Debattanten der Deutschen Schule Quito machten sich auf den Weg nach Cuenca, wo der diesj\u00e4hrige Landeswettbewerb zu \u201eJugend debattiert\u201c vom 28.09. bis 29.09.2023 stattfand. Nach intensiver Vorbereitung waren Maria Clara Boada [&hellip;]<\/p>\n","protected":false},"author":6,"featured_media":0,"parent":0,"menu_order":0,"comment_status":"closed","ping_status":"closed","template":"","meta":{"footnotes":""},"class_list":["post-62641","page","type-page","status-publish","hentry"],"yoast_head":"<!-- This site is optimized with the Yoast SEO plugin v27.3 - https:\/\/yoast.com\/product\/yoast-seo-wordpress\/ -->\n<title>Jugend debattiert - Colegio Alem\u00e1n Quito<\/title>\n<meta name=\"robots\" content=\"index, follow, max-snippet:-1, max-image-preview:large, max-video-preview:-1\" \/>\n<link rel=\"canonical\" href=\"https:\/\/www.caq.edu.ec\/de\/jugend-debattiert\/\" \/>\n<meta property=\"og:locale\" content=\"de_DE\" \/>\n<meta property=\"og:type\" content=\"article\" \/>\n<meta property=\"og:title\" content=\"Jugend debattiert - Colegio Alem\u00e1n Quito\" \/>\n<meta property=\"og:description\" content=\"Jugend debattiert Ecuador 2023 \u2013 Spannende Debatten und ein knapp verpasster Einzug ins S\u00fcdamerikafinale Am 27.09.2023 war es wieder so weit. Die vier besten Debattanten der Deutschen Schule Quito machten sich auf den Weg nach Cuenca, wo der diesj\u00e4hrige Landeswettbewerb zu \u201eJugend debattiert\u201c vom 28.09. bis 29.09.2023 stattfand. Nach intensiver Vorbereitung waren Maria Clara Boada [&hellip;]\" \/>\n<meta property=\"og:url\" content=\"https:\/\/www.caq.edu.ec\/de\/jugend-debattiert\/\" \/>\n<meta property=\"og:site_name\" content=\"Colegio Alem\u00e1n Quito\" \/>\n<meta property=\"article:modified_time\" content=\"2023-10-27T15:38:25+00:00\" \/>\n<meta property=\"og:image\" content=\"https:\/\/www.caq.edu.ec\/wp-content\/uploads\/2023\/10\/CAQ-jugend-debattiert-galeria-1-1024x770.jpg\" \/>\n<meta name=\"twitter:card\" content=\"summary_large_image\" \/>\n<meta name=\"twitter:label1\" content=\"Gesch\u00e4tzte Lesezeit\" \/>\n\t<meta name=\"twitter:data1\" content=\"3\u00a0Minuten\" \/>\n<script type=\"application\/ld+json\" class=\"yoast-schema-graph\">{\"@context\":\"https:\\\/\\\/schema.org\",\"@graph\":[{\"@type\":\"WebPage\",\"@id\":\"https:\\\/\\\/www.caq.edu.ec\\\/de\\\/jugend-debattiert\\\/\",\"url\":\"https:\\\/\\\/www.caq.edu.ec\\\/de\\\/jugend-debattiert\\\/\",\"name\":\"Jugend debattiert - Colegio Alem\u00e1n Quito\",\"isPartOf\":{\"@id\":\"https:\\\/\\\/www.caq.edu.ec\\\/#website\"},\"primaryImageOfPage\":{\"@id\":\"https:\\\/\\\/www.caq.edu.ec\\\/de\\\/jugend-debattiert\\\/#primaryimage\"},\"image\":{\"@id\":\"https:\\\/\\\/www.caq.edu.ec\\\/de\\\/jugend-debattiert\\\/#primaryimage\"},\"thumbnailUrl\":\"https:\\\/\\\/www.caq.edu.ec\\\/wp-content\\\/uploads\\\/2023\\\/10\\\/CAQ-jugend-debattiert-galeria-1-1024x770.jpg\",\"datePublished\":\"2023-10-18T15:54:29+00:00\",\"dateModified\":\"2023-10-27T15:38:25+00:00\",\"breadcrumb\":{\"@id\":\"https:\\\/\\\/www.caq.edu.ec\\\/de\\\/jugend-debattiert\\\/#breadcrumb\"},\"inLanguage\":\"de\",\"potentialAction\":[{\"@type\":\"ReadAction\",\"target\":[\"https:\\\/\\\/www.caq.edu.ec\\\/de\\\/jugend-debattiert\\\/\"]}]},{\"@type\":\"ImageObject\",\"inLanguage\":\"de\",\"@id\":\"https:\\\/\\\/www.caq.edu.ec\\\/de\\\/jugend-debattiert\\\/#primaryimage\",\"url\":\"https:\\\/\\\/www.caq.edu.ec\\\/wp-content\\\/uploads\\\/2023\\\/10\\\/CAQ-jugend-debattiert-galeria-1-1024x770.jpg\",\"contentUrl\":\"https:\\\/\\\/www.caq.edu.ec\\\/wp-content\\\/uploads\\\/2023\\\/10\\\/CAQ-jugend-debattiert-galeria-1-1024x770.jpg\"},{\"@type\":\"BreadcrumbList\",\"@id\":\"https:\\\/\\\/www.caq.edu.ec\\\/de\\\/jugend-debattiert\\\/#breadcrumb\",\"itemListElement\":[{\"@type\":\"ListItem\",\"position\":1,\"name\":\"Inicio\",\"item\":\"https:\\\/\\\/www.caq.edu.ec\\\/\"},{\"@type\":\"ListItem\",\"position\":2,\"name\":\"Jugend debattiert\"}]},{\"@type\":\"WebSite\",\"@id\":\"https:\\\/\\\/www.caq.edu.ec\\\/#website\",\"url\":\"https:\\\/\\\/www.caq.edu.ec\\\/\",\"name\":\"Colegio Alem\u00e1n Quito\",\"description\":\"Una puerta al mundo\",\"potentialAction\":[{\"@type\":\"SearchAction\",\"target\":{\"@type\":\"EntryPoint\",\"urlTemplate\":\"https:\\\/\\\/www.caq.edu.ec\\\/?s={search_term_string}\"},\"query-input\":{\"@type\":\"PropertyValueSpecification\",\"valueRequired\":true,\"valueName\":\"search_term_string\"}}],\"inLanguage\":\"de\"}]}<\/script>\n<!-- \/ Yoast SEO plugin. -->","yoast_head_json":{"title":"Jugend debattiert - Colegio Alem\u00e1n Quito","robots":{"index":"index","follow":"follow","max-snippet":"max-snippet:-1","max-image-preview":"max-image-preview:large","max-video-preview":"max-video-preview:-1"},"canonical":"https:\/\/www.caq.edu.ec\/de\/jugend-debattiert\/","og_locale":"de_DE","og_type":"article","og_title":"Jugend debattiert - Colegio Alem\u00e1n Quito","og_description":"Jugend debattiert Ecuador 2023 \u2013 Spannende Debatten und ein knapp verpasster Einzug ins S\u00fcdamerikafinale Am 27.09.2023 war es wieder so weit. Die vier besten Debattanten der Deutschen Schule Quito machten sich auf den Weg nach Cuenca, wo der diesj\u00e4hrige Landeswettbewerb zu \u201eJugend debattiert\u201c vom 28.09. bis 29.09.2023 stattfand. Nach intensiver Vorbereitung waren Maria Clara Boada [&hellip;]","og_url":"https:\/\/www.caq.edu.ec\/de\/jugend-debattiert\/","og_site_name":"Colegio Alem\u00e1n Quito","article_modified_time":"2023-10-27T15:38:25+00:00","og_image":[{"url":"https:\/\/www.caq.edu.ec\/wp-content\/uploads\/2023\/10\/CAQ-jugend-debattiert-galeria-1-1024x770.jpg","type":"","width":"","height":""}],"twitter_card":"summary_large_image","twitter_misc":{"Gesch\u00e4tzte Lesezeit":"3\u00a0Minuten"},"schema":{"@context":"https:\/\/schema.org","@graph":[{"@type":"WebPage","@id":"https:\/\/www.caq.edu.ec\/de\/jugend-debattiert\/","url":"https:\/\/www.caq.edu.ec\/de\/jugend-debattiert\/","name":"Jugend debattiert - Colegio Alem\u00e1n Quito","isPartOf":{"@id":"https:\/\/www.caq.edu.ec\/#website"},"primaryImageOfPage":{"@id":"https:\/\/www.caq.edu.ec\/de\/jugend-debattiert\/#primaryimage"},"image":{"@id":"https:\/\/www.caq.edu.ec\/de\/jugend-debattiert\/#primaryimage"},"thumbnailUrl":"https:\/\/www.caq.edu.ec\/wp-content\/uploads\/2023\/10\/CAQ-jugend-debattiert-galeria-1-1024x770.jpg","datePublished":"2023-10-18T15:54:29+00:00","dateModified":"2023-10-27T15:38:25+00:00","breadcrumb":{"@id":"https:\/\/www.caq.edu.ec\/de\/jugend-debattiert\/#breadcrumb"},"inLanguage":"de","potentialAction":[{"@type":"ReadAction","target":["https:\/\/www.caq.edu.ec\/de\/jugend-debattiert\/"]}]},{"@type":"ImageObject","inLanguage":"de","@id":"https:\/\/www.caq.edu.ec\/de\/jugend-debattiert\/#primaryimage","url":"https:\/\/www.caq.edu.ec\/wp-content\/uploads\/2023\/10\/CAQ-jugend-debattiert-galeria-1-1024x770.jpg","contentUrl":"https:\/\/www.caq.edu.ec\/wp-content\/uploads\/2023\/10\/CAQ-jugend-debattiert-galeria-1-1024x770.jpg"},{"@type":"BreadcrumbList","@id":"https:\/\/www.caq.edu.ec\/de\/jugend-debattiert\/#breadcrumb","itemListElement":[{"@type":"ListItem","position":1,"name":"Inicio","item":"https:\/\/www.caq.edu.ec\/"},{"@type":"ListItem","position":2,"name":"Jugend debattiert"}]},{"@type":"WebSite","@id":"https:\/\/www.caq.edu.ec\/#website","url":"https:\/\/www.caq.edu.ec\/","name":"Colegio Alem\u00e1n Quito","description":"Una puerta al mundo","potentialAction":[{"@type":"SearchAction","target":{"@type":"EntryPoint","urlTemplate":"https:\/\/www.caq.edu.ec\/?s={search_term_string}"},"query-input":{"@type":"PropertyValueSpecification","valueRequired":true,"valueName":"search_term_string"}}],"inLanguage":"de"}]}},"_links":{"self":[{"href":"https:\/\/www.caq.edu.ec\/de\/wp-json\/wp\/v2\/pages\/62641","targetHints":{"allow":["GET"]}}],"collection":[{"href":"https:\/\/www.caq.edu.ec\/de\/wp-json\/wp\/v2\/pages"}],"about":[{"href":"https:\/\/www.caq.edu.ec\/de\/wp-json\/wp\/v2\/types\/page"}],"author":[{"embeddable":true,"href":"https:\/\/www.caq.edu.ec\/de\/wp-json\/wp\/v2\/users\/6"}],"replies":[{"embeddable":true,"href":"https:\/\/www.caq.edu.ec\/de\/wp-json\/wp\/v2\/comments?post=62641"}],"version-history":[{"count":5,"href":"https:\/\/www.caq.edu.ec\/de\/wp-json\/wp\/v2\/pages\/62641\/revisions"}],"predecessor-version":[{"id":62734,"href":"https:\/\/www.caq.edu.ec\/de\/wp-json\/wp\/v2\/pages\/62641\/revisions\/62734"}],"wp:attachment":[{"href":"https:\/\/www.caq.edu.ec\/de\/wp-json\/wp\/v2\/media?parent=62641"}],"curies":[{"name":"wp","href":"https:\/\/api.w.org\/{rel}","templated":true}]}}