{"id":62032,"date":"2023-08-16T15:48:56","date_gmt":"2023-08-16T20:48:56","guid":{"rendered":"https:\/\/www.caq.edu.ec\/informacion-importante\/becas\/"},"modified":"2026-02-03T09:25:44","modified_gmt":"2026-02-03T14:25:44","slug":"becas","status":"publish","type":"page","link":"https:\/\/www.caq.edu.ec\/de\/informacion-importante\/becas\/","title":{"rendered":"Stipendiumantrag"},"content":{"rendered":"\t\t<div data-elementor-type=\"wp-page\" data-elementor-id=\"62032\" class=\"elementor elementor-62032 elementor-62027\" data-elementor-post-type=\"page\">\n\t\t\t\t<div class=\"elementor-element elementor-element-9d6e5bf e-flex e-con-boxed e-con e-parent\" data-id=\"9d6e5bf\" data-element_type=\"container\" data-e-type=\"container\">\n\t\t\t\t\t<div class=\"e-con-inner\">\n\t\t<div class=\"elementor-element elementor-element-b8ff7b5 e-con-full e-flex e-con e-child\" data-id=\"b8ff7b5\" data-element_type=\"container\" data-e-type=\"container\">\n\t\t\t\t<div class=\"elementor-element elementor-element-cffddbf elementor-view-default elementor-widget elementor-widget-icon\" data-id=\"cffddbf\" data-element_type=\"widget\" data-e-type=\"widget\" data-widget_type=\"icon.default\">\n\t\t\t\t<div class=\"elementor-widget-container\">\n\t\t\t\t\t\t\t<div class=\"elementor-icon-wrapper\">\n\t\t\t<div class=\"elementor-icon\">\n\t\t\t<i aria-hidden=\"true\" class=\"fas fa-graduation-cap\"><\/i>\t\t\t<\/div>\n\t\t<\/div>\n\t\t\t\t\t\t<\/div>\n\t\t\t\t<\/div>\n\t\t\t\t<\/div>\n\t\t<div class=\"elementor-element elementor-element-d49c774 e-con-full e-flex e-con e-child\" data-id=\"d49c774\" data-element_type=\"container\" data-e-type=\"container\">\n\t\t\t\t<div class=\"elementor-element elementor-element-ded67d8 elementor-widget elementor-widget-heading\" data-id=\"ded67d8\" data-element_type=\"widget\" data-e-type=\"widget\" data-widget_type=\"heading.default\">\n\t\t\t\t<div class=\"elementor-widget-container\">\n\t\t\t\t\t<h3 class=\"elementor-heading-title elementor-size-default\">Stipendiumantrag<\/h3>\t\t\t\t<\/div>\n\t\t\t\t<\/div>\n\t\t\t\t<div class=\"elementor-element elementor-element-97b9073 elementor-widget elementor-widget-text-editor\" data-id=\"97b9073\" data-element_type=\"widget\" data-e-type=\"widget\" data-widget_type=\"text-editor.default\">\n\t\t\t\t<div class=\"elementor-widget-container\">\n\t\t\t\t\t\t\t\t\t<p>Liebe Eltern,<\/p><p>bitte lesen Sie die Regelung f\u00fcr Stipendienantr\u00e4ge aufmerksam durch, bevor Sie den Antrag ausf\u00fcllen. Nachfolgend finden Sie die Vorgehensweise f\u00fcr das Jahr 2026-27:<\/p><h3>Vorgehensweise:<\/h3><ul><li>Dieses Jahr werden die Antr\u00e4ge unter pers\u00f6nlicher Vorsprache eines Elternteils angenommen. <strong>Hierf\u00fcr ben\u00f6tigen Sie einen Termin. Das Terminsystem ist vom 03.02.-03.03.2026 aktiviert: <\/strong><a href=\"https:\/\/calendly.com\/llanger-solicitud-de-beca\/2026\" target=\"_blank\" rel=\"noopener\">Kalender Stipendien 2026<\/a><\/li><li>Das Formular muss von beiden Eltern unterschrieben sein.<\/li><li>F\u00fcllen Sie alle Felder des Formulars &#8222;Stipendienantrag&#8220; aus, das Sie durch Anklicken des untenstehenden Buttons finden. Drucken Sie das Formular bitte aus und reichen Sie es unterschrieben zusammen mit allen darin aufgef\u00fchrten Unterlagen ein. <span style=\"text-decoration: underline;\"><strong>Unvollst\u00e4ndige Antr\u00e4ge werden nicht in das Auswahlverfahren aufgenommen.<\/strong><\/span><\/li><li>Bei Fragen wenden Sie sich bitte an Laura Langer (<a href=\"mailto:asistente.gerencia@caq.edu.ec\">asistente.gerencia@caq.edu.ec<\/a>), damit diese vor Ablauf der Frist gekl\u00e4rt werden.<\/li><li>Die endg\u00fcltige Entscheidung zur Vergabe eines Stipendiums wird bis Anfang Mai von der zust\u00e4ndigen Kommission des Schulvereins getroffen und Ihnen per E-mail mitgeteilt. Bitte haben Sie Verst\u00e4ndnis daf\u00fcr, dass diese Entscheidung unanfechtbar ist.<\/li><\/ul>\t\t\t\t\t\t\t\t<\/div>\n\t\t\t\t<\/div>\n\t\t<div class=\"elementor-element elementor-element-5e4aa22 e-flex e-con-boxed e-con e-child\" data-id=\"5e4aa22\" data-element_type=\"container\" data-e-type=\"container\">\n\t\t\t\t\t<div class=\"e-con-inner\">\n\t\t<div class=\"elementor-element elementor-element-19cd9fa e-flex e-con-boxed e-con e-child\" data-id=\"19cd9fa\" data-element_type=\"container\" data-e-type=\"container\">\n\t\t\t\t\t<div class=\"e-con-inner\">\n\t\t\t\t<div class=\"elementor-element elementor-element-ca959d1 elementor-align-justify elementor-widget elementor-widget-button\" data-id=\"ca959d1\" data-element_type=\"widget\" data-e-type=\"widget\" data-widget_type=\"button.default\">\n\t\t\t\t<div class=\"elementor-widget-container\">\n\t\t\t\t\t\t\t\t\t<div class=\"elementor-button-wrapper\">\n\t\t\t\t\t<a class=\"elementor-button elementor-button-link elementor-size-sm\" href=\"https:\/\/www.caq.edu.ec\/wp-content\/uploads\/2026\/02\/C_Formulario-becas-2026-Stand-Januar-2026.pdf\" target=\"_blank\">\n\t\t\t\t\t\t<span class=\"elementor-button-content-wrapper\">\n\t\t\t\t\t\t\t\t\t<span class=\"elementor-button-text\">Formular herunterladen<\/span>\n\t\t\t\t\t<\/span>\n\t\t\t\t\t<\/a>\n\t\t\t\t<\/div>\n\t\t\t\t\t\t\t\t<\/div>\n\t\t\t\t<\/div>\n\t\t\t\t\t<\/div>\n\t\t\t\t<\/div>\n\t\t<div class=\"elementor-element elementor-element-8c91ccb e-flex e-con-boxed e-con e-child\" data-id=\"8c91ccb\" data-element_type=\"container\" data-e-type=\"container\">\n\t\t\t\t\t<div class=\"e-con-inner\">\n\t\t\t\t<div class=\"elementor-element elementor-element-3f9dcef elementor-align-justify elementor-widget elementor-widget-button\" data-id=\"3f9dcef\" data-element_type=\"widget\" data-e-type=\"widget\" data-widget_type=\"button.default\">\n\t\t\t\t<div class=\"elementor-widget-container\">\n\t\t\t\t\t\t\t\t\t<div class=\"elementor-button-wrapper\">\n\t\t\t\t\t<a class=\"elementor-button elementor-button-link elementor-size-sm\" href=\"https:\/\/www.caq.edu.ec\/wp-content\/uploads\/2026\/02\/C_ANEXO-F-BECAS-DESCUENTOS-Y-PROMOCION-DE-TALENTOS.pdf\" target=\"_blank\">\n\t\t\t\t\t\t<span class=\"elementor-button-content-wrapper\">\n\t\t\t\t\t\t\t\t\t<span class=\"elementor-button-text\">Regelung f\u00fcr Stipendien 2026<\/span>\n\t\t\t\t\t<\/span>\n\t\t\t\t\t<\/a>\n\t\t\t\t<\/div>\n\t\t\t\t\t\t\t\t<\/div>\n\t\t\t\t<\/div>\n\t\t\t\t\t<\/div>\n\t\t\t\t<\/div>\n\t\t\t\t\t<\/div>\n\t\t\t\t<\/div>\n\t\t\t\t<\/div>\n\t\t\t\t\t<\/div>\n\t\t\t\t<\/div>\n\t\t\t\t<\/div>\n\t\t","protected":false},"excerpt":{"rendered":"<p>Stipendiumantrag Liebe Eltern, bitte lesen Sie die Regelung f\u00fcr Stipendienantr\u00e4ge aufmerksam durch, bevor Sie den Antrag ausf\u00fcllen. Nachfolgend finden Sie die Vorgehensweise f\u00fcr das Jahr 2026-27: Vorgehensweise: Dieses Jahr werden die Antr\u00e4ge unter pers\u00f6nlicher Vorsprache eines Elternteils angenommen. Hierf\u00fcr ben\u00f6tigen Sie einen Termin. Das Terminsystem ist vom 03.02.-03.03.2026 aktiviert: Kalender Stipendien 2026 Das Formular muss [&hellip;]<\/p>\n","protected":false},"author":6,"featured_media":0,"parent":57191,"menu_order":0,"comment_status":"closed","ping_status":"closed","template":"","meta":{"footnotes":""},"class_list":["post-62032","page","type-page","status-publish","hentry"],"yoast_head":"<!-- This site is optimized with the Yoast SEO plugin v27.3 - https:\/\/yoast.com\/product\/yoast-seo-wordpress\/ -->\n<title>Stipendiumantrag - Colegio Alem\u00e1n Quito<\/title>\n<meta name=\"robots\" content=\"index, follow, max-snippet:-1, max-image-preview:large, max-video-preview:-1\" \/>\n<link rel=\"canonical\" href=\"https:\/\/www.caq.edu.ec\/de\/informacion-importante\/becas\/\" \/>\n<meta property=\"og:locale\" content=\"de_DE\" \/>\n<meta property=\"og:type\" content=\"article\" \/>\n<meta property=\"og:title\" content=\"Stipendiumantrag - Colegio Alem\u00e1n Quito\" \/>\n<meta property=\"og:description\" content=\"Stipendiumantrag Liebe Eltern, bitte lesen Sie die Regelung f\u00fcr Stipendienantr\u00e4ge aufmerksam durch, bevor Sie den Antrag ausf\u00fcllen. Nachfolgend finden Sie die Vorgehensweise f\u00fcr das Jahr 2026-27: Vorgehensweise: Dieses Jahr werden die Antr\u00e4ge unter pers\u00f6nlicher Vorsprache eines Elternteils angenommen. Hierf\u00fcr ben\u00f6tigen Sie einen Termin. Das Terminsystem ist vom 03.02.-03.03.2026 aktiviert: Kalender Stipendien 2026 Das Formular muss [&hellip;]\" \/>\n<meta property=\"og:url\" content=\"https:\/\/www.caq.edu.ec\/de\/informacion-importante\/becas\/\" \/>\n<meta property=\"og:site_name\" content=\"Colegio Alem\u00e1n Quito\" \/>\n<meta property=\"article:modified_time\" content=\"2026-02-03T14:25:44+00:00\" \/>\n<meta name=\"twitter:card\" content=\"summary_large_image\" \/>\n<meta name=\"twitter:label1\" content=\"Gesch\u00e4tzte Lesezeit\" \/>\n\t<meta name=\"twitter:data1\" content=\"1\u00a0Minute\" \/>\n<script type=\"application\/ld+json\" class=\"yoast-schema-graph\">{\"@context\":\"https:\\\/\\\/schema.org\",\"@graph\":[{\"@type\":\"WebPage\",\"@id\":\"https:\\\/\\\/www.caq.edu.ec\\\/de\\\/informacion-importante\\\/becas\\\/\",\"url\":\"https:\\\/\\\/www.caq.edu.ec\\\/de\\\/informacion-importante\\\/becas\\\/\",\"name\":\"Stipendiumantrag - Colegio Alem\u00e1n Quito\",\"isPartOf\":{\"@id\":\"https:\\\/\\\/www.caq.edu.ec\\\/#website\"},\"datePublished\":\"2023-08-16T20:48:56+00:00\",\"dateModified\":\"2026-02-03T14:25:44+00:00\",\"breadcrumb\":{\"@id\":\"https:\\\/\\\/www.caq.edu.ec\\\/de\\\/informacion-importante\\\/becas\\\/#breadcrumb\"},\"inLanguage\":\"de\",\"potentialAction\":[{\"@type\":\"ReadAction\",\"target\":[\"https:\\\/\\\/www.caq.edu.ec\\\/de\\\/informacion-importante\\\/becas\\\/\"]}]},{\"@type\":\"BreadcrumbList\",\"@id\":\"https:\\\/\\\/www.caq.edu.ec\\\/de\\\/informacion-importante\\\/becas\\\/#breadcrumb\",\"itemListElement\":[{\"@type\":\"ListItem\",\"position\":1,\"name\":\"Inicio\",\"item\":\"https:\\\/\\\/www.caq.edu.ec\\\/\"},{\"@type\":\"ListItem\",\"position\":2,\"name\":\"Wissenswertes\",\"item\":\"https:\\\/\\\/www.caq.edu.ec\\\/de\\\/informacion-importante\\\/\"},{\"@type\":\"ListItem\",\"position\":3,\"name\":\"Stipendiumantrag\"}]},{\"@type\":\"WebSite\",\"@id\":\"https:\\\/\\\/www.caq.edu.ec\\\/#website\",\"url\":\"https:\\\/\\\/www.caq.edu.ec\\\/\",\"name\":\"Colegio Alem\u00e1n Quito\",\"description\":\"Una puerta al mundo\",\"potentialAction\":[{\"@type\":\"SearchAction\",\"target\":{\"@type\":\"EntryPoint\",\"urlTemplate\":\"https:\\\/\\\/www.caq.edu.ec\\\/?s={search_term_string}\"},\"query-input\":{\"@type\":\"PropertyValueSpecification\",\"valueRequired\":true,\"valueName\":\"search_term_string\"}}],\"inLanguage\":\"de\"}]}<\/script>\n<!-- \/ Yoast SEO plugin. -->","yoast_head_json":{"title":"Stipendiumantrag - Colegio Alem\u00e1n Quito","robots":{"index":"index","follow":"follow","max-snippet":"max-snippet:-1","max-image-preview":"max-image-preview:large","max-video-preview":"max-video-preview:-1"},"canonical":"https:\/\/www.caq.edu.ec\/de\/informacion-importante\/becas\/","og_locale":"de_DE","og_type":"article","og_title":"Stipendiumantrag - Colegio Alem\u00e1n Quito","og_description":"Stipendiumantrag Liebe Eltern, bitte lesen Sie die Regelung f\u00fcr Stipendienantr\u00e4ge aufmerksam durch, bevor Sie den Antrag ausf\u00fcllen. Nachfolgend finden Sie die Vorgehensweise f\u00fcr das Jahr 2026-27: Vorgehensweise: Dieses Jahr werden die Antr\u00e4ge unter pers\u00f6nlicher Vorsprache eines Elternteils angenommen. Hierf\u00fcr ben\u00f6tigen Sie einen Termin. Das Terminsystem ist vom 03.02.-03.03.2026 aktiviert: Kalender Stipendien 2026 Das Formular muss [&hellip;]","og_url":"https:\/\/www.caq.edu.ec\/de\/informacion-importante\/becas\/","og_site_name":"Colegio Alem\u00e1n Quito","article_modified_time":"2026-02-03T14:25:44+00:00","twitter_card":"summary_large_image","twitter_misc":{"Gesch\u00e4tzte Lesezeit":"1\u00a0Minute"},"schema":{"@context":"https:\/\/schema.org","@graph":[{"@type":"WebPage","@id":"https:\/\/www.caq.edu.ec\/de\/informacion-importante\/becas\/","url":"https:\/\/www.caq.edu.ec\/de\/informacion-importante\/becas\/","name":"Stipendiumantrag - Colegio Alem\u00e1n Quito","isPartOf":{"@id":"https:\/\/www.caq.edu.ec\/#website"},"datePublished":"2023-08-16T20:48:56+00:00","dateModified":"2026-02-03T14:25:44+00:00","breadcrumb":{"@id":"https:\/\/www.caq.edu.ec\/de\/informacion-importante\/becas\/#breadcrumb"},"inLanguage":"de","potentialAction":[{"@type":"ReadAction","target":["https:\/\/www.caq.edu.ec\/de\/informacion-importante\/becas\/"]}]},{"@type":"BreadcrumbList","@id":"https:\/\/www.caq.edu.ec\/de\/informacion-importante\/becas\/#breadcrumb","itemListElement":[{"@type":"ListItem","position":1,"name":"Inicio","item":"https:\/\/www.caq.edu.ec\/"},{"@type":"ListItem","position":2,"name":"Wissenswertes","item":"https:\/\/www.caq.edu.ec\/de\/informacion-importante\/"},{"@type":"ListItem","position":3,"name":"Stipendiumantrag"}]},{"@type":"WebSite","@id":"https:\/\/www.caq.edu.ec\/#website","url":"https:\/\/www.caq.edu.ec\/","name":"Colegio Alem\u00e1n Quito","description":"Una puerta al mundo","potentialAction":[{"@type":"SearchAction","target":{"@type":"EntryPoint","urlTemplate":"https:\/\/www.caq.edu.ec\/?s={search_term_string}"},"query-input":{"@type":"PropertyValueSpecification","valueRequired":true,"valueName":"search_term_string"}}],"inLanguage":"de"}]}},"_links":{"self":[{"href":"https:\/\/www.caq.edu.ec\/de\/wp-json\/wp\/v2\/pages\/62032","targetHints":{"allow":["GET"]}}],"collection":[{"href":"https:\/\/www.caq.edu.ec\/de\/wp-json\/wp\/v2\/pages"}],"about":[{"href":"https:\/\/www.caq.edu.ec\/de\/wp-json\/wp\/v2\/types\/page"}],"author":[{"embeddable":true,"href":"https:\/\/www.caq.edu.ec\/de\/wp-json\/wp\/v2\/users\/6"}],"replies":[{"embeddable":true,"href":"https:\/\/www.caq.edu.ec\/de\/wp-json\/wp\/v2\/comments?post=62032"}],"version-history":[{"count":39,"href":"https:\/\/www.caq.edu.ec\/de\/wp-json\/wp\/v2\/pages\/62032\/revisions"}],"predecessor-version":[{"id":71987,"href":"https:\/\/www.caq.edu.ec\/de\/wp-json\/wp\/v2\/pages\/62032\/revisions\/71987"}],"up":[{"embeddable":true,"href":"https:\/\/www.caq.edu.ec\/de\/wp-json\/wp\/v2\/pages\/57191"}],"wp:attachment":[{"href":"https:\/\/www.caq.edu.ec\/de\/wp-json\/wp\/v2\/media?parent=62032"}],"curies":[{"name":"wp","href":"https:\/\/api.w.org\/{rel}","templated":true}]}}