{"id":59625,"date":"2023-04-18T17:53:24","date_gmt":"2023-04-18T22:53:24","guid":{"rendered":"https:\/\/www.caq.edu.ec\/autorizacion-para-retirar-estudiantes-clases-3-a-12\/"},"modified":"2024-01-26T14:12:45","modified_gmt":"2024-01-26T19:12:45","slug":"autorizacion-para-retirar-estudiantes-clases-3-a-12","status":"publish","type":"page","link":"https:\/\/www.caq.edu.ec\/de\/autorizacion-para-retirar-estudiantes-clases-3-a-12\/","title":{"rendered":"Autorizaci\u00f3n para retirar estudiantes (Clases 3 a 12)"},"content":{"rendered":"\t\t<div data-elementor-type=\"wp-page\" data-elementor-id=\"59625\" class=\"elementor elementor-59625 elementor-59505\" data-elementor-post-type=\"page\">\n\t\t\t\t<div class=\"elementor-element elementor-element-cc1f244 e-flex e-con-boxed e-con e-parent\" data-id=\"cc1f244\" data-element_type=\"container\" data-e-type=\"container\">\n\t\t\t\t\t<div class=\"e-con-inner\">\n\t\t\t\t<div class=\"elementor-element elementor-element-b8b1644 elementor-widget elementor-widget-heading\" data-id=\"b8b1644\" data-element_type=\"widget\" data-e-type=\"widget\" data-widget_type=\"heading.default\">\n\t\t\t\t<div class=\"elementor-widget-container\">\n\t\t\t\t\t<h3 class=\"elementor-heading-title elementor-size-default\">Erm\u00e4chtigung zur Abholung von anderen Personen (Klassen 3 bis 12)<\/h3>\t\t\t\t<\/div>\n\t\t\t\t<\/div>\n\t\t\t\t<div class=\"elementor-element elementor-element-c715c3b elementor-button-align-stretch elementor-widget elementor-widget-form\" data-id=\"c715c3b\" data-element_type=\"widget\" data-e-type=\"widget\" data-settings=\"{&quot;button_width&quot;:&quot;100&quot;,&quot;step_type&quot;:&quot;number_text&quot;,&quot;step_icon_shape&quot;:&quot;circle&quot;}\" data-widget_type=\"form.default\">\n\t\t\t\t<div class=\"elementor-widget-container\">\n\t\t\t\t\t\t\t<form class=\"elementor-form\" method=\"post\" name=\"Formulario Retiro estudiantes\" aria-label=\"Formulario Retiro estudiantes\">\n\t\t\t<input type=\"hidden\" name=\"post_id\" value=\"59625\"\/>\n\t\t\t<input type=\"hidden\" name=\"form_id\" value=\"c715c3b\"\/>\n\t\t\t<input type=\"hidden\" name=\"referer_title\" value=\"Autorizaci\u00f3n para retirar estudiantes (Clases 3 a 12) - Colegio Alem\u00e1n Quito\" \/>\n\n\t\t\t\t\t\t\t<input type=\"hidden\" name=\"queried_id\" value=\"59625\"\/>\n\t\t\t\n\t\t\t<div class=\"elementor-form-fields-wrapper elementor-labels-above\">\n\t\t\t\t\t\t\t\t<div class=\"elementor-field-type-select elementor-field-group elementor-column elementor-field-group-field_37df180 elementor-col-100 elementor-field-required elementor-mark-required\">\n\t\t\t\t\t\t\t\t\t\t\t\t<label for=\"form-field-field_37df180\" class=\"elementor-field-label\">\n\t\t\t\t\t\t\t\tAbholung durch:\t\t\t\t\t\t\t<\/label>\n\t\t\t\t\t\t\t\t<div class=\"elementor-field elementor-select-wrapper remove-before \">\n\t\t\t<div class=\"select-caret-down-wrapper\">\n\t\t\t\t<i aria-hidden=\"true\" class=\"eicon-caret-down\"><\/i>\t\t\t<\/div>\n\t\t\t<select name=\"form_fields[field_37df180]\" id=\"form-field-field_37df180\" class=\"elementor-field-textual elementor-size-sm\" required=\"required\">\n\t\t\t\t\t\t\t\t\t<option value=\"Eltern oder Erziehungsberechtigte\">Eltern oder Erziehungsberechtigte<\/option>\n\t\t\t\t\t\t\t\t\t<option value=\"Dritte Personen\">Dritte Personen<\/option>\n\t\t\t\t\t\t\t<\/select>\n\t\t<\/div>\n\t\t\t\t\t\t<\/div>\n\t\t\t\t\t\t\t\t<div class=\"elementor-field-type-html elementor-field-group elementor-column elementor-field-group-field_11d1661 elementor-col-30\">\n\t\t\t\t\tHiermit eraube ich meinem Sohn \/ meiner Tochter\t\t\t\t<\/div>\n\t\t\t\t\t\t\t\t<div class=\"elementor-field-type-text elementor-field-group elementor-column elementor-field-group-field_95625f0 elementor-col-50 elementor-field-required elementor-mark-required\">\n\t\t\t\t\t\t\t\t\t\t\t\t\t<input size=\"1\" type=\"text\" name=\"form_fields[field_95625f0]\" id=\"form-field-field_95625f0\" class=\"elementor-field elementor-size-sm  elementor-field-textual\" placeholder=\"Schreiben Sie den Vor- und Nachnamen\" required=\"required\">\n\t\t\t\t\t\t\t\t\t\t\t<\/div>\n\t\t\t\t\t\t\t\t<div class=\"elementor-field-type-select elementor-field-group elementor-column elementor-field-group-field_b7a94a0 elementor-col-20 elementor-field-required elementor-mark-required\">\n\t\t\t\t\t\t\t<div class=\"elementor-field elementor-select-wrapper remove-before \">\n\t\t\t<div class=\"select-caret-down-wrapper\">\n\t\t\t\t<i aria-hidden=\"true\" class=\"eicon-caret-down\"><\/i>\t\t\t<\/div>\n\t\t\t<select name=\"form_fields[field_b7a94a0]\" id=\"form-field-field_b7a94a0\" class=\"elementor-field-textual elementor-size-sm\" required=\"required\">\n\t\t\t\t\t\t\t\t\t<option value=\"Klasse 3\">Klasse 3<\/option>\n\t\t\t\t\t\t\t\t\t<option value=\"Klasse 4\">Klasse 4<\/option>\n\t\t\t\t\t\t\t\t\t<option value=\"Klasse 5\">Klasse 5<\/option>\n\t\t\t\t\t\t\t\t\t<option value=\"Klasse 6\">Klasse 6<\/option>\n\t\t\t\t\t\t\t\t\t<option value=\"Klasse 7\">Klasse 7<\/option>\n\t\t\t\t\t\t\t\t\t<option value=\"Klasse 8\">Klasse 8<\/option>\n\t\t\t\t\t\t\t\t\t<option value=\"Klasse 9\">Klasse 9<\/option>\n\t\t\t\t\t\t\t\t\t<option value=\"Klasse 10\">Klasse 10<\/option>\n\t\t\t\t\t\t\t\t\t<option value=\"Klasse 11\">Klasse 11<\/option>\n\t\t\t\t\t\t\t\t\t<option value=\"Klasse 12\">Klasse 12<\/option>\n\t\t\t\t\t\t\t<\/select>\n\t\t<\/div>\n\t\t\t\t\t\t<\/div>\n\t\t\t\t\t\t\t\t<div class=\"elementor-field-type-text elementor-field-group elementor-column elementor-field-group-field_d39e9b0 elementor-col-33 elementor-field-required elementor-mark-required\">\n\t\t\t\t\t\t\t\t\t\t\t\t<label for=\"form-field-field_d39e9b0\" class=\"elementor-field-label\">\n\t\t\t\t\t\t\t\tParallelklasse,\t\t\t\t\t\t\t<\/label>\n\t\t\t\t\t\t\t\t\t\t\t\t\t\t<input size=\"1\" type=\"text\" name=\"form_fields[field_d39e9b0]\" id=\"form-field-field_d39e9b0\" class=\"elementor-field elementor-size-sm  elementor-field-textual\" placeholder=\"Parallelklasse\" required=\"required\">\n\t\t\t\t\t\t\t\t\t\t\t<\/div>\n\t\t\t\t\t\t\t\t<div class=\"elementor-field-type-text elementor-field-group elementor-column elementor-field-group-field_57360fa elementor-col-33\">\n\t\t\t\t\t\t\t\t\t\t\t\t<label for=\"form-field-field_57360fa\" class=\"elementor-field-label\">\n\t\t\t\t\t\t\t\tBusnr.\t\t\t\t\t\t\t<\/label>\n\t\t\t\t\t\t\t\t\t\t\t\t\t\t<input size=\"1\" type=\"text\" name=\"form_fields[field_57360fa]\" id=\"form-field-field_57360fa\" class=\"elementor-field elementor-size-sm  elementor-field-textual\" placeholder=\"Schreiben Sie die Busnummer\">\n\t\t\t\t\t\t\t\t\t\t\t<\/div>\n\t\t\t\t\t\t\t\t<div class=\"elementor-field-type-text elementor-field-group elementor-column elementor-field-group-field_00693e8 elementor-col-33 elementor-field-required elementor-mark-required\">\n\t\t\t\t\t\t\t\t\t\t\t\t<label for=\"form-field-field_00693e8\" class=\"elementor-field-label\">\n\t\t\t\t\t\t\t\tdass er\/sie ... besucht.\t\t\t\t\t\t\t<\/label>\n\t\t\t\t\t\t\t\t\t\t\t\t\t\t<input size=\"1\" type=\"text\" name=\"form_fields[field_00693e8]\" id=\"form-field-field_00693e8\" class=\"elementor-field elementor-size-sm  elementor-field-textual\" placeholder=\"Name des Mitsch\u00fclers\" required=\"required\">\n\t\t\t\t\t\t\t\t\t\t\t<\/div>\n\t\t\t\t\t\t\t\t<div class=\"elementor-field-type-text elementor-field-group elementor-column elementor-field-group-field_d07b9e6 elementor-col-33 elementor-field-required elementor-mark-required\">\n\t\t\t\t\t\t\t\t\t\t\t\t<label for=\"form-field-field_d07b9e6\" class=\"elementor-field-label\">\n\t\t\t\t\t\t\t\tvon einer Dritten Person abgeholt wird.\t\t\t\t\t\t\t<\/label>\n\t\t\t\t\t\t\t\t\t\t\t\t\t\t<input size=\"1\" type=\"text\" name=\"form_fields[field_d07b9e6]\" id=\"form-field-field_d07b9e6\" class=\"elementor-field elementor-size-sm  elementor-field-textual\" placeholder=\"Vor- und Nachnamen\" required=\"required\">\n\t\t\t\t\t\t\t\t\t\t\t<\/div>\n\t\t\t\t\t\t\t\t<div class=\"elementor-field-type-date elementor-field-group elementor-column elementor-field-group-field_e64af9e elementor-col-33 elementor-field-required elementor-mark-required\">\n\t\t\t\t\t\t\t\t\t\t\t\t<label for=\"form-field-field_e64af9e\" class=\"elementor-field-label\">\n\t\t\t\t\t\t\t\tG\u00fcltig f\u00fcr folgendes Datum\t\t\t\t\t\t\t<\/label>\n\t\t\t\t\t\t\n\t\t<input type=\"date\" name=\"form_fields[field_e64af9e]\" id=\"form-field-field_e64af9e\" class=\"elementor-field elementor-size-sm  elementor-field-textual elementor-date-field\" placeholder=\"Schreiebn Sie Ihre Antwort\" required=\"required\" pattern=\"[0-9]{4}-[0-9]{2}-[0-9]{2}\">\n\t\t\t\t\t\t<\/div>\n\t\t\t\t\t\t\t\t<div class=\"elementor-field-type-tel elementor-field-group elementor-column elementor-field-group-field_7590e6a elementor-col-33 elementor-field-required elementor-mark-required\">\n\t\t\t\t\t\t\t\t\t\t\t\t<label for=\"form-field-field_7590e6a\" class=\"elementor-field-label\">\n\t\t\t\t\t\t\t\tTelefonnummer des Elternteils\t\t\t\t\t\t\t<\/label>\n\t\t\t\t\t\t\t\t<input size=\"1\" type=\"tel\" name=\"form_fields[field_7590e6a]\" id=\"form-field-field_7590e6a\" class=\"elementor-field elementor-size-sm  elementor-field-textual\" placeholder=\"Schreiebn Sie Ihre Antwort\" required=\"required\" pattern=\"[0-9()#&amp;+*-=.]+\" title=\"Nur Nummern oder Telefon-Zeichen (#, -, *, etc) werden akzeptiert.\">\n\n\t\t\t\t\t\t<\/div>\n\t\t\t\t\t\t\t\t<div class=\"elementor-field-type-email elementor-field-group elementor-column elementor-field-group-correopadre elementor-col-33 elementor-field-required elementor-mark-required\">\n\t\t\t\t\t\t\t\t\t\t\t\t<label for=\"form-field-correopadre\" class=\"elementor-field-label\">\n\t\t\t\t\t\t\t\tE-Mail-Adresse des Elternteils\t\t\t\t\t\t\t<\/label>\n\t\t\t\t\t\t\t\t\t\t\t\t\t\t<input size=\"1\" type=\"email\" name=\"form_fields[correopadre]\" id=\"form-field-correopadre\" class=\"elementor-field elementor-size-sm  elementor-field-textual\" placeholder=\"Schreiben Sie Ihre Antwort\" required=\"required\">\n\t\t\t\t\t\t\t\t\t\t\t<\/div>\n\t\t\t\t\t\t\t\t<div class=\"elementor-field-type-acceptance elementor-field-group elementor-column elementor-field-group-field_3d03718 elementor-col-100 elementor-field-required elementor-mark-required\">\n\t\t\t\t\t\t\t<div class=\"elementor-field-subgroup\">\n\t\t\t<span class=\"elementor-field-option\">\n\t\t\t\t<input type=\"checkbox\" name=\"form_fields[field_3d03718]\" id=\"form-field-field_3d03718\" class=\"elementor-field elementor-size-sm  elementor-acceptance-field\" required=\"required\">\n\t\t\t\t<label for=\"form-field-field_3d03718\"><b>WICHTIG:<\/b> Wenn Sie auf \"SENDEN\" klicken, geht Ihr Antrag automatisch bei der Transportabteilung ein, und Sie erhalten eine Empfangsbest\u00e4tigung. Diese Genehmigung muss bis 10.30 Uhr des Tages, f\u00fcr den Sie den Antrag stellen, ausgef\u00fcllt und gesendet werden. <\/label>\t\t\t<\/span>\n\t\t<\/div>\n\t\t\t\t\t\t<\/div>\n\t\t\t\t\t\t\t\t<div class=\"elementor-field-type-recaptcha elementor-field-group elementor-column elementor-field-group-field_8e8ca82 elementor-col-100\">\n\t\t\t\t\t<div class=\"elementor-field\" id=\"form-field-field_8e8ca82\"><div class=\"elementor-g-recaptcha\" data-sitekey=\"6Lek-IQkAAAAAKpS7jiGVF1U21khLfO7RzAgViLw\" data-type=\"v2_checkbox\" data-theme=\"light\" data-size=\"normal\"><\/div><\/div>\t\t\t\t<\/div>\n\t\t\t\t\t\t\t\t<div class=\"elementor-field-group elementor-column elementor-field-type-submit elementor-col-100 e-form__buttons\">\n\t\t\t\t\t<button class=\"elementor-button elementor-size-sm\" type=\"submit\">\n\t\t\t\t\t\t<span class=\"elementor-button-content-wrapper\">\n\t\t\t\t\t\t\t\t\t\t\t\t\t\t\t\t\t\t\t\t\t\t<span class=\"elementor-button-text\">SENDEN<\/span>\n\t\t\t\t\t\t\t\t\t\t\t\t\t<\/span>\n\t\t\t\t\t<\/button>\n\t\t\t\t<\/div>\n\t\t\t<\/div>\n\t\t<\/form>\n\t\t\t\t\t\t<\/div>\n\t\t\t\t<\/div>\n\t\t\t\t\t<\/div>\n\t\t\t\t<\/div>\n\t\t\t\t<\/div>\n\t\t","protected":false},"excerpt":{"rendered":"<p>Erm\u00e4chtigung zur Abholung von anderen Personen (Klassen 3 bis 12)<\/p>\n","protected":false},"author":6,"featured_media":0,"parent":0,"menu_order":0,"comment_status":"closed","ping_status":"closed","template":"","meta":{"footnotes":""},"class_list":["post-59625","page","type-page","status-publish","hentry"],"yoast_head":"<!-- This site is optimized with the Yoast SEO plugin v27.3 - https:\/\/yoast.com\/product\/yoast-seo-wordpress\/ -->\n<title>Autorizaci\u00f3n para retirar estudiantes (Clases 3 a 12) - Colegio Alem\u00e1n Quito<\/title>\n<meta name=\"robots\" content=\"index, follow, max-snippet:-1, max-image-preview:large, max-video-preview:-1\" \/>\n<link rel=\"canonical\" href=\"https:\/\/www.caq.edu.ec\/de\/autorizacion-para-retirar-estudiantes-clases-3-a-12\/\" \/>\n<meta property=\"og:locale\" content=\"de_DE\" \/>\n<meta property=\"og:type\" content=\"article\" \/>\n<meta property=\"og:title\" content=\"Autorizaci\u00f3n para retirar estudiantes (Clases 3 a 12) - Colegio Alem\u00e1n Quito\" \/>\n<meta property=\"og:description\" content=\"Erm\u00e4chtigung zur Abholung von anderen Personen (Klassen 3 bis 12)\" \/>\n<meta property=\"og:url\" content=\"https:\/\/www.caq.edu.ec\/de\/autorizacion-para-retirar-estudiantes-clases-3-a-12\/\" \/>\n<meta property=\"og:site_name\" content=\"Colegio Alem\u00e1n Quito\" \/>\n<meta property=\"article:modified_time\" content=\"2024-01-26T19:12:45+00:00\" \/>\n<meta name=\"twitter:card\" content=\"summary_large_image\" \/>\n<meta name=\"twitter:label1\" content=\"Gesch\u00e4tzte Lesezeit\" \/>\n\t<meta name=\"twitter:data1\" content=\"1\u00a0Minute\" \/>\n<script type=\"application\/ld+json\" class=\"yoast-schema-graph\">{\"@context\":\"https:\\\/\\\/schema.org\",\"@graph\":[{\"@type\":\"WebPage\",\"@id\":\"https:\\\/\\\/www.caq.edu.ec\\\/de\\\/autorizacion-para-retirar-estudiantes-clases-3-a-12\\\/\",\"url\":\"https:\\\/\\\/www.caq.edu.ec\\\/de\\\/autorizacion-para-retirar-estudiantes-clases-3-a-12\\\/\",\"name\":\"Autorizaci\u00f3n para retirar estudiantes (Clases 3 a 12) - Colegio Alem\u00e1n Quito\",\"isPartOf\":{\"@id\":\"https:\\\/\\\/www.caq.edu.ec\\\/#website\"},\"datePublished\":\"2023-04-18T22:53:24+00:00\",\"dateModified\":\"2024-01-26T19:12:45+00:00\",\"breadcrumb\":{\"@id\":\"https:\\\/\\\/www.caq.edu.ec\\\/de\\\/autorizacion-para-retirar-estudiantes-clases-3-a-12\\\/#breadcrumb\"},\"inLanguage\":\"de\",\"potentialAction\":[{\"@type\":\"ReadAction\",\"target\":[\"https:\\\/\\\/www.caq.edu.ec\\\/de\\\/autorizacion-para-retirar-estudiantes-clases-3-a-12\\\/\"]}]},{\"@type\":\"BreadcrumbList\",\"@id\":\"https:\\\/\\\/www.caq.edu.ec\\\/de\\\/autorizacion-para-retirar-estudiantes-clases-3-a-12\\\/#breadcrumb\",\"itemListElement\":[{\"@type\":\"ListItem\",\"position\":1,\"name\":\"Inicio\",\"item\":\"https:\\\/\\\/www.caq.edu.ec\\\/\"},{\"@type\":\"ListItem\",\"position\":2,\"name\":\"Autorizaci\u00f3n para retirar estudiantes (Clases 3 a 12)\"}]},{\"@type\":\"WebSite\",\"@id\":\"https:\\\/\\\/www.caq.edu.ec\\\/#website\",\"url\":\"https:\\\/\\\/www.caq.edu.ec\\\/\",\"name\":\"Colegio Alem\u00e1n Quito\",\"description\":\"Una puerta al mundo\",\"potentialAction\":[{\"@type\":\"SearchAction\",\"target\":{\"@type\":\"EntryPoint\",\"urlTemplate\":\"https:\\\/\\\/www.caq.edu.ec\\\/?s={search_term_string}\"},\"query-input\":{\"@type\":\"PropertyValueSpecification\",\"valueRequired\":true,\"valueName\":\"search_term_string\"}}],\"inLanguage\":\"de\"}]}<\/script>\n<!-- \/ Yoast SEO plugin. -->","yoast_head_json":{"title":"Autorizaci\u00f3n para retirar estudiantes (Clases 3 a 12) - Colegio Alem\u00e1n Quito","robots":{"index":"index","follow":"follow","max-snippet":"max-snippet:-1","max-image-preview":"max-image-preview:large","max-video-preview":"max-video-preview:-1"},"canonical":"https:\/\/www.caq.edu.ec\/de\/autorizacion-para-retirar-estudiantes-clases-3-a-12\/","og_locale":"de_DE","og_type":"article","og_title":"Autorizaci\u00f3n para retirar estudiantes (Clases 3 a 12) - Colegio Alem\u00e1n Quito","og_description":"Erm\u00e4chtigung zur Abholung von anderen Personen (Klassen 3 bis 12)","og_url":"https:\/\/www.caq.edu.ec\/de\/autorizacion-para-retirar-estudiantes-clases-3-a-12\/","og_site_name":"Colegio Alem\u00e1n Quito","article_modified_time":"2024-01-26T19:12:45+00:00","twitter_card":"summary_large_image","twitter_misc":{"Gesch\u00e4tzte Lesezeit":"1\u00a0Minute"},"schema":{"@context":"https:\/\/schema.org","@graph":[{"@type":"WebPage","@id":"https:\/\/www.caq.edu.ec\/de\/autorizacion-para-retirar-estudiantes-clases-3-a-12\/","url":"https:\/\/www.caq.edu.ec\/de\/autorizacion-para-retirar-estudiantes-clases-3-a-12\/","name":"Autorizaci\u00f3n para retirar estudiantes (Clases 3 a 12) - Colegio Alem\u00e1n Quito","isPartOf":{"@id":"https:\/\/www.caq.edu.ec\/#website"},"datePublished":"2023-04-18T22:53:24+00:00","dateModified":"2024-01-26T19:12:45+00:00","breadcrumb":{"@id":"https:\/\/www.caq.edu.ec\/de\/autorizacion-para-retirar-estudiantes-clases-3-a-12\/#breadcrumb"},"inLanguage":"de","potentialAction":[{"@type":"ReadAction","target":["https:\/\/www.caq.edu.ec\/de\/autorizacion-para-retirar-estudiantes-clases-3-a-12\/"]}]},{"@type":"BreadcrumbList","@id":"https:\/\/www.caq.edu.ec\/de\/autorizacion-para-retirar-estudiantes-clases-3-a-12\/#breadcrumb","itemListElement":[{"@type":"ListItem","position":1,"name":"Inicio","item":"https:\/\/www.caq.edu.ec\/"},{"@type":"ListItem","position":2,"name":"Autorizaci\u00f3n para retirar estudiantes (Clases 3 a 12)"}]},{"@type":"WebSite","@id":"https:\/\/www.caq.edu.ec\/#website","url":"https:\/\/www.caq.edu.ec\/","name":"Colegio Alem\u00e1n Quito","description":"Una puerta al mundo","potentialAction":[{"@type":"SearchAction","target":{"@type":"EntryPoint","urlTemplate":"https:\/\/www.caq.edu.ec\/?s={search_term_string}"},"query-input":{"@type":"PropertyValueSpecification","valueRequired":true,"valueName":"search_term_string"}}],"inLanguage":"de"}]}},"_links":{"self":[{"href":"https:\/\/www.caq.edu.ec\/de\/wp-json\/wp\/v2\/pages\/59625","targetHints":{"allow":["GET"]}}],"collection":[{"href":"https:\/\/www.caq.edu.ec\/de\/wp-json\/wp\/v2\/pages"}],"about":[{"href":"https:\/\/www.caq.edu.ec\/de\/wp-json\/wp\/v2\/types\/page"}],"author":[{"embeddable":true,"href":"https:\/\/www.caq.edu.ec\/de\/wp-json\/wp\/v2\/users\/6"}],"replies":[{"embeddable":true,"href":"https:\/\/www.caq.edu.ec\/de\/wp-json\/wp\/v2\/comments?post=59625"}],"version-history":[{"count":3,"href":"https:\/\/www.caq.edu.ec\/de\/wp-json\/wp\/v2\/pages\/59625\/revisions"}],"predecessor-version":[{"id":62997,"href":"https:\/\/www.caq.edu.ec\/de\/wp-json\/wp\/v2\/pages\/59625\/revisions\/62997"}],"wp:attachment":[{"href":"https:\/\/www.caq.edu.ec\/de\/wp-json\/wp\/v2\/media?parent=59625"}],"curies":[{"name":"wp","href":"https:\/\/api.w.org\/{rel}","templated":true}]}}