{"id":57306,"date":"2022-05-10T20:20:17","date_gmt":"2022-05-11T01:20:17","guid":{"rendered":"https:\/\/www.caq.edu.ec\/la-juventud-presenta\/"},"modified":"2025-09-11T16:09:32","modified_gmt":"2025-09-11T21:09:32","slug":"la-juventud-presenta","status":"publish","type":"page","link":"https:\/\/www.caq.edu.ec\/de\/la-juventud-presenta\/","title":{"rendered":"Jugend pr\u00e4sentiert"},"content":{"rendered":"\n<p>\u201eJugend pr\u00e4sentiert\u201c \u2013 Wissenschaft verst\u00e4ndlich machen: Die Deutsche Schule Quito erneut beim Bundesfinale vertreten<\/p>\n\n<p>Die Deutsche Schule Quito (DSQ) freut sich, erneut Teil einer der bedeutendsten Bildungsinitiativen im deutschsprachigen Raum zu sein:\u00a0\u201eJugend pr\u00e4sentiert\u201c. Dieser Wettbewerb, getragen von der\u00a0Klaus Tschira Stiftung, f\u00f6rdert seit Jahren die F\u00e4higkeit junger Menschen, naturwissenschaftliche und mathematische Inhalte klar, strukturiert und anschaulich zu vermitteln.<\/p>\n\n<p>Im Zentrum steht dabei nicht nur das Fachwissen, sondern vor allem die Kunst der Pr\u00e4sentation: Wie erkl\u00e4re ich komplexe Zusammenh\u00e4nge so, dass sie verst\u00e4ndlich und spannend sind? Wie nutze ich Sprache, Visualisierung und Argumentation, um andere f\u00fcr Wissenschaft zu begeistern? J\u00e4hrlich nehmen \u00fcber 8.000 Sch\u00fclerinnen und Sch\u00fcler aus Deutschland und internationalen Partnerschulen teil \u2013 ein Beleg f\u00fcr die wachsende Bedeutung von Kommunikationskompetenz in der Wissenschaft.<\/p>\n\n<p>Die DSQ blickt stolz auf eine Reihe erfolgreicher Teilnahmen am Bundesfinale in Deutschland zur\u00fcck. Auch in diesem Jahr haben sich zwei Sch\u00fcler f\u00fcr die Endrunde qualifiziert:\u00a0Lennart Volkmann\u00a0und\u00a0Ana Mar\u00eda Coronel\u00a0\u00fcberzeugten mit ihren Pr\u00e4sentationen durch Klarheit, Kreativit\u00e4t und wissenschaftliche Tiefe. Sie werden die DSQ beim Bundesfinale in Berlin vertreten und sich mit anderen internationalen Talenten messen.<\/p>\n\n<p>Diese wiederholte Qualifikation unterstreicht nicht nur das Engagement unserer Sch\u00fclerinnen und Sch\u00fcler, sondern auch die Qualit\u00e4t der naturwissenschaftlichen Bildung an der DSQ. Wettbewerbe wie \u201eJugend pr\u00e4sentiert\u201c zeigen, wie wichtig es ist, junge Menschen fr\u00fchzeitig f\u00fcr Wissenschaft und Kommunikation zu begeistern \u2013 und wie erfolgreich dies an der DSQ gelingt.<\/p>\n<p><iframe title=\"CAQ - Jugend pr\u00e4sentiert\" width=\"800\" height=\"450\" src=\"https:\/\/www.youtube.com\/embed\/DbeQaP8z1kc?feature=oembed\" frameborder=\"0\" allow=\"accelerometer; autoplay; clipboard-write; encrypted-media; gyroscope; picture-in-picture; web-share\" referrerpolicy=\"strict-origin-when-cross-origin\" allowfullscreen><\/iframe><\/p>\n<p>\u00a0<\/p>\n","protected":false},"excerpt":{"rendered":"<p>\u201eJugend pr\u00e4sentiert\u201c \u2013 Wissenschaft verst\u00e4ndlich machen: Die Deutsche Schule Quito erneut beim Bundesfinale vertreten Die Deutsche Schule Quito (DSQ) freut sich, erneut Teil einer der bedeutendsten Bildungsinitiativen im deutschsprachigen Raum zu sein:\u00a0\u201eJugend pr\u00e4sentiert\u201c. Dieser Wettbewerb, getragen von der\u00a0Klaus Tschira Stiftung, f\u00f6rdert seit Jahren die F\u00e4higkeit junger Menschen, naturwissenschaftliche und mathematische Inhalte klar, strukturiert und anschaulich [&hellip;]<\/p>\n","protected":false},"author":6,"featured_media":0,"parent":0,"menu_order":0,"comment_status":"closed","ping_status":"closed","template":"","meta":{"footnotes":""},"class_list":["post-57306","page","type-page","status-publish","hentry"],"yoast_head":"<!-- This site is optimized with the Yoast SEO plugin v27.3 - https:\/\/yoast.com\/product\/yoast-seo-wordpress\/ -->\n<title>Jugend pr\u00e4sentiert - Colegio Alem\u00e1n Quito<\/title>\n<meta name=\"robots\" content=\"index, follow, max-snippet:-1, max-image-preview:large, max-video-preview:-1\" \/>\n<link rel=\"canonical\" href=\"https:\/\/www.caq.edu.ec\/de\/la-juventud-presenta\/\" \/>\n<meta property=\"og:locale\" content=\"de_DE\" \/>\n<meta property=\"og:type\" content=\"article\" \/>\n<meta property=\"og:title\" content=\"Jugend pr\u00e4sentiert - Colegio Alem\u00e1n Quito\" \/>\n<meta property=\"og:description\" content=\"\u201eJugend pr\u00e4sentiert\u201c \u2013 Wissenschaft verst\u00e4ndlich machen: Die Deutsche Schule Quito erneut beim Bundesfinale vertreten Die Deutsche Schule Quito (DSQ) freut sich, erneut Teil einer der bedeutendsten Bildungsinitiativen im deutschsprachigen Raum zu sein:\u00a0\u201eJugend pr\u00e4sentiert\u201c. Dieser Wettbewerb, getragen von der\u00a0Klaus Tschira Stiftung, f\u00f6rdert seit Jahren die F\u00e4higkeit junger Menschen, naturwissenschaftliche und mathematische Inhalte klar, strukturiert und anschaulich [&hellip;]\" \/>\n<meta property=\"og:url\" content=\"https:\/\/www.caq.edu.ec\/de\/la-juventud-presenta\/\" \/>\n<meta property=\"og:site_name\" content=\"Colegio Alem\u00e1n Quito\" \/>\n<meta property=\"article:modified_time\" content=\"2025-09-11T21:09:32+00:00\" \/>\n<meta name=\"twitter:card\" content=\"summary_large_image\" \/>\n<meta name=\"twitter:label1\" content=\"Gesch\u00e4tzte Lesezeit\" \/>\n\t<meta name=\"twitter:data1\" content=\"2\u00a0Minuten\" \/>\n<script type=\"application\/ld+json\" class=\"yoast-schema-graph\">{\"@context\":\"https:\\\/\\\/schema.org\",\"@graph\":[{\"@type\":\"WebPage\",\"@id\":\"https:\\\/\\\/www.caq.edu.ec\\\/de\\\/la-juventud-presenta\\\/\",\"url\":\"https:\\\/\\\/www.caq.edu.ec\\\/de\\\/la-juventud-presenta\\\/\",\"name\":\"Jugend pr\u00e4sentiert - Colegio Alem\u00e1n Quito\",\"isPartOf\":{\"@id\":\"https:\\\/\\\/www.caq.edu.ec\\\/#website\"},\"datePublished\":\"2022-05-11T01:20:17+00:00\",\"dateModified\":\"2025-09-11T21:09:32+00:00\",\"breadcrumb\":{\"@id\":\"https:\\\/\\\/www.caq.edu.ec\\\/de\\\/la-juventud-presenta\\\/#breadcrumb\"},\"inLanguage\":\"de\",\"potentialAction\":[{\"@type\":\"ReadAction\",\"target\":[\"https:\\\/\\\/www.caq.edu.ec\\\/de\\\/la-juventud-presenta\\\/\"]}]},{\"@type\":\"BreadcrumbList\",\"@id\":\"https:\\\/\\\/www.caq.edu.ec\\\/de\\\/la-juventud-presenta\\\/#breadcrumb\",\"itemListElement\":[{\"@type\":\"ListItem\",\"position\":1,\"name\":\"Inicio\",\"item\":\"https:\\\/\\\/www.caq.edu.ec\\\/\"},{\"@type\":\"ListItem\",\"position\":2,\"name\":\"Jugend pr\u00e4sentiert\"}]},{\"@type\":\"WebSite\",\"@id\":\"https:\\\/\\\/www.caq.edu.ec\\\/#website\",\"url\":\"https:\\\/\\\/www.caq.edu.ec\\\/\",\"name\":\"Colegio Alem\u00e1n Quito\",\"description\":\"Una puerta al mundo\",\"potentialAction\":[{\"@type\":\"SearchAction\",\"target\":{\"@type\":\"EntryPoint\",\"urlTemplate\":\"https:\\\/\\\/www.caq.edu.ec\\\/?s={search_term_string}\"},\"query-input\":{\"@type\":\"PropertyValueSpecification\",\"valueRequired\":true,\"valueName\":\"search_term_string\"}}],\"inLanguage\":\"de\"}]}<\/script>\n<!-- \/ Yoast SEO plugin. -->","yoast_head_json":{"title":"Jugend pr\u00e4sentiert - Colegio Alem\u00e1n Quito","robots":{"index":"index","follow":"follow","max-snippet":"max-snippet:-1","max-image-preview":"max-image-preview:large","max-video-preview":"max-video-preview:-1"},"canonical":"https:\/\/www.caq.edu.ec\/de\/la-juventud-presenta\/","og_locale":"de_DE","og_type":"article","og_title":"Jugend pr\u00e4sentiert - Colegio Alem\u00e1n Quito","og_description":"\u201eJugend pr\u00e4sentiert\u201c \u2013 Wissenschaft verst\u00e4ndlich machen: Die Deutsche Schule Quito erneut beim Bundesfinale vertreten Die Deutsche Schule Quito (DSQ) freut sich, erneut Teil einer der bedeutendsten Bildungsinitiativen im deutschsprachigen Raum zu sein:\u00a0\u201eJugend pr\u00e4sentiert\u201c. Dieser Wettbewerb, getragen von der\u00a0Klaus Tschira Stiftung, f\u00f6rdert seit Jahren die F\u00e4higkeit junger Menschen, naturwissenschaftliche und mathematische Inhalte klar, strukturiert und anschaulich [&hellip;]","og_url":"https:\/\/www.caq.edu.ec\/de\/la-juventud-presenta\/","og_site_name":"Colegio Alem\u00e1n Quito","article_modified_time":"2025-09-11T21:09:32+00:00","twitter_card":"summary_large_image","twitter_misc":{"Gesch\u00e4tzte Lesezeit":"2\u00a0Minuten"},"schema":{"@context":"https:\/\/schema.org","@graph":[{"@type":"WebPage","@id":"https:\/\/www.caq.edu.ec\/de\/la-juventud-presenta\/","url":"https:\/\/www.caq.edu.ec\/de\/la-juventud-presenta\/","name":"Jugend pr\u00e4sentiert - Colegio Alem\u00e1n Quito","isPartOf":{"@id":"https:\/\/www.caq.edu.ec\/#website"},"datePublished":"2022-05-11T01:20:17+00:00","dateModified":"2025-09-11T21:09:32+00:00","breadcrumb":{"@id":"https:\/\/www.caq.edu.ec\/de\/la-juventud-presenta\/#breadcrumb"},"inLanguage":"de","potentialAction":[{"@type":"ReadAction","target":["https:\/\/www.caq.edu.ec\/de\/la-juventud-presenta\/"]}]},{"@type":"BreadcrumbList","@id":"https:\/\/www.caq.edu.ec\/de\/la-juventud-presenta\/#breadcrumb","itemListElement":[{"@type":"ListItem","position":1,"name":"Inicio","item":"https:\/\/www.caq.edu.ec\/"},{"@type":"ListItem","position":2,"name":"Jugend pr\u00e4sentiert"}]},{"@type":"WebSite","@id":"https:\/\/www.caq.edu.ec\/#website","url":"https:\/\/www.caq.edu.ec\/","name":"Colegio Alem\u00e1n Quito","description":"Una puerta al mundo","potentialAction":[{"@type":"SearchAction","target":{"@type":"EntryPoint","urlTemplate":"https:\/\/www.caq.edu.ec\/?s={search_term_string}"},"query-input":{"@type":"PropertyValueSpecification","valueRequired":true,"valueName":"search_term_string"}}],"inLanguage":"de"}]}},"_links":{"self":[{"href":"https:\/\/www.caq.edu.ec\/de\/wp-json\/wp\/v2\/pages\/57306","targetHints":{"allow":["GET"]}}],"collection":[{"href":"https:\/\/www.caq.edu.ec\/de\/wp-json\/wp\/v2\/pages"}],"about":[{"href":"https:\/\/www.caq.edu.ec\/de\/wp-json\/wp\/v2\/types\/page"}],"author":[{"embeddable":true,"href":"https:\/\/www.caq.edu.ec\/de\/wp-json\/wp\/v2\/users\/6"}],"replies":[{"embeddable":true,"href":"https:\/\/www.caq.edu.ec\/de\/wp-json\/wp\/v2\/comments?post=57306"}],"version-history":[{"count":4,"href":"https:\/\/www.caq.edu.ec\/de\/wp-json\/wp\/v2\/pages\/57306\/revisions"}],"predecessor-version":[{"id":70275,"href":"https:\/\/www.caq.edu.ec\/de\/wp-json\/wp\/v2\/pages\/57306\/revisions\/70275"}],"wp:attachment":[{"href":"https:\/\/www.caq.edu.ec\/de\/wp-json\/wp\/v2\/media?parent=57306"}],"curies":[{"name":"wp","href":"https:\/\/api.w.org\/{rel}","templated":true}]}}