{"id":57304,"date":"2022-03-28T17:38:34","date_gmt":"2022-03-28T17:38:34","guid":{"rendered":"https:\/\/www.caq.edu.ec\/red-de-apoyo\/"},"modified":"2023-04-19T00:05:06","modified_gmt":"2023-04-19T00:05:06","slug":"red-de-apoyo","status":"publish","type":"page","link":"https:\/\/www.caq.edu.ec\/de\/red-de-apoyo\/","title":{"rendered":"Unterst\u00fctzungsnetzwerk"},"content":{"rendered":"<p>Liebe Eltern, liebe Sch\u00fclerinnen und Sch\u00fcler,<\/p>\n<p>es ist wichtig zu wissen, dass Sie \/ ihr auf ein starkes Unterst\u00fctzungsnetz an der Schule z\u00e4hlen k\u00f6nnen \/ k\u00f6nnt, das im Folgenden vorgestellt wird:<\/p>\n<p><a href=\"https:\/\/www.caq.edu.ec\/wp-content\/uploads\/2023\/03\/Red-de-apoyo_2021-22-2.pdf\" target=\"_blank\" rel=\"noopener\">Red-de-apoyo_2021-22.pdf<\/a><\/p>\n<p>Wenn Sie Fragen haben, wenden Sie sich bitte an die Abteilung Psychologie (<a href=\"\/de\/areas-de-apoyo\/departamento-de-psicologia\/\">DECE<\/a>).<\/p>\n<p>Im folgenden Video werden auch die verschiedenen Akteure und Instanzen vorgestellt, die Teil des Netzwerks sind:<\/p>\n<p><iframe title=\"\u00c1reas de apoyo del CAQ\" width=\"800\" height=\"450\" src=\"https:\/\/www.youtube.com\/embed\/hXwjjrD4GFE?feature=oembed\" frameborder=\"0\" allow=\"accelerometer; autoplay; clipboard-write; encrypted-media; gyroscope; picture-in-picture; web-share\" allowfullscreen><\/iframe><\/p>\n","protected":false},"excerpt":{"rendered":"<p>Liebe Eltern, liebe Sch\u00fclerinnen und Sch\u00fcler, es ist wichtig zu wissen, dass Sie \/ ihr auf ein starkes Unterst\u00fctzungsnetz an der Schule z\u00e4hlen k\u00f6nnen \/ k\u00f6nnt, das im Folgenden vorgestellt wird: Red-de-apoyo_2021-22.pdf Wenn Sie Fragen haben, wenden Sie sich bitte an die Abteilung Psychologie (DECE). Im folgenden Video werden auch die verschiedenen Akteure und Instanzen [&hellip;]<\/p>\n","protected":false},"author":6,"featured_media":0,"parent":0,"menu_order":0,"comment_status":"closed","ping_status":"closed","template":"","meta":{"footnotes":""},"class_list":["post-57304","page","type-page","status-publish","hentry"],"yoast_head":"<!-- This site is optimized with the Yoast SEO plugin v27.3 - https:\/\/yoast.com\/product\/yoast-seo-wordpress\/ -->\n<title>Unterst\u00fctzungsnetzwerk - Colegio Alem\u00e1n Quito<\/title>\n<meta name=\"robots\" content=\"index, follow, max-snippet:-1, max-image-preview:large, max-video-preview:-1\" \/>\n<link rel=\"canonical\" href=\"https:\/\/www.caq.edu.ec\/de\/red-de-apoyo\/\" \/>\n<meta property=\"og:locale\" content=\"de_DE\" \/>\n<meta property=\"og:type\" content=\"article\" \/>\n<meta property=\"og:title\" content=\"Unterst\u00fctzungsnetzwerk - Colegio Alem\u00e1n Quito\" \/>\n<meta property=\"og:description\" content=\"Liebe Eltern, liebe Sch\u00fclerinnen und Sch\u00fcler, es ist wichtig zu wissen, dass Sie \/ ihr auf ein starkes Unterst\u00fctzungsnetz an der Schule z\u00e4hlen k\u00f6nnen \/ k\u00f6nnt, das im Folgenden vorgestellt wird: Red-de-apoyo_2021-22.pdf Wenn Sie Fragen haben, wenden Sie sich bitte an die Abteilung Psychologie (DECE). Im folgenden Video werden auch die verschiedenen Akteure und Instanzen [&hellip;]\" \/>\n<meta property=\"og:url\" content=\"https:\/\/www.caq.edu.ec\/de\/red-de-apoyo\/\" \/>\n<meta property=\"og:site_name\" content=\"Colegio Alem\u00e1n Quito\" \/>\n<meta property=\"article:modified_time\" content=\"2023-04-19T00:05:06+00:00\" \/>\n<meta name=\"twitter:card\" content=\"summary_large_image\" \/>\n<meta name=\"twitter:label1\" content=\"Gesch\u00e4tzte Lesezeit\" \/>\n\t<meta name=\"twitter:data1\" content=\"1\u00a0Minute\" \/>\n<script type=\"application\/ld+json\" class=\"yoast-schema-graph\">{\"@context\":\"https:\\\/\\\/schema.org\",\"@graph\":[{\"@type\":\"WebPage\",\"@id\":\"https:\\\/\\\/www.caq.edu.ec\\\/de\\\/red-de-apoyo\\\/\",\"url\":\"https:\\\/\\\/www.caq.edu.ec\\\/de\\\/red-de-apoyo\\\/\",\"name\":\"Unterst\u00fctzungsnetzwerk - Colegio Alem\u00e1n Quito\",\"isPartOf\":{\"@id\":\"https:\\\/\\\/www.caq.edu.ec\\\/#website\"},\"datePublished\":\"2022-03-28T17:38:34+00:00\",\"dateModified\":\"2023-04-19T00:05:06+00:00\",\"breadcrumb\":{\"@id\":\"https:\\\/\\\/www.caq.edu.ec\\\/de\\\/red-de-apoyo\\\/#breadcrumb\"},\"inLanguage\":\"de\",\"potentialAction\":[{\"@type\":\"ReadAction\",\"target\":[\"https:\\\/\\\/www.caq.edu.ec\\\/de\\\/red-de-apoyo\\\/\"]}]},{\"@type\":\"BreadcrumbList\",\"@id\":\"https:\\\/\\\/www.caq.edu.ec\\\/de\\\/red-de-apoyo\\\/#breadcrumb\",\"itemListElement\":[{\"@type\":\"ListItem\",\"position\":1,\"name\":\"Inicio\",\"item\":\"https:\\\/\\\/www.caq.edu.ec\\\/\"},{\"@type\":\"ListItem\",\"position\":2,\"name\":\"Unterst\u00fctzungsnetzwerk\"}]},{\"@type\":\"WebSite\",\"@id\":\"https:\\\/\\\/www.caq.edu.ec\\\/#website\",\"url\":\"https:\\\/\\\/www.caq.edu.ec\\\/\",\"name\":\"Colegio Alem\u00e1n Quito\",\"description\":\"Una puerta al mundo\",\"potentialAction\":[{\"@type\":\"SearchAction\",\"target\":{\"@type\":\"EntryPoint\",\"urlTemplate\":\"https:\\\/\\\/www.caq.edu.ec\\\/?s={search_term_string}\"},\"query-input\":{\"@type\":\"PropertyValueSpecification\",\"valueRequired\":true,\"valueName\":\"search_term_string\"}}],\"inLanguage\":\"de\"}]}<\/script>\n<!-- \/ Yoast SEO plugin. -->","yoast_head_json":{"title":"Unterst\u00fctzungsnetzwerk - Colegio Alem\u00e1n Quito","robots":{"index":"index","follow":"follow","max-snippet":"max-snippet:-1","max-image-preview":"max-image-preview:large","max-video-preview":"max-video-preview:-1"},"canonical":"https:\/\/www.caq.edu.ec\/de\/red-de-apoyo\/","og_locale":"de_DE","og_type":"article","og_title":"Unterst\u00fctzungsnetzwerk - Colegio Alem\u00e1n Quito","og_description":"Liebe Eltern, liebe Sch\u00fclerinnen und Sch\u00fcler, es ist wichtig zu wissen, dass Sie \/ ihr auf ein starkes Unterst\u00fctzungsnetz an der Schule z\u00e4hlen k\u00f6nnen \/ k\u00f6nnt, das im Folgenden vorgestellt wird: Red-de-apoyo_2021-22.pdf Wenn Sie Fragen haben, wenden Sie sich bitte an die Abteilung Psychologie (DECE). Im folgenden Video werden auch die verschiedenen Akteure und Instanzen [&hellip;]","og_url":"https:\/\/www.caq.edu.ec\/de\/red-de-apoyo\/","og_site_name":"Colegio Alem\u00e1n Quito","article_modified_time":"2023-04-19T00:05:06+00:00","twitter_card":"summary_large_image","twitter_misc":{"Gesch\u00e4tzte Lesezeit":"1\u00a0Minute"},"schema":{"@context":"https:\/\/schema.org","@graph":[{"@type":"WebPage","@id":"https:\/\/www.caq.edu.ec\/de\/red-de-apoyo\/","url":"https:\/\/www.caq.edu.ec\/de\/red-de-apoyo\/","name":"Unterst\u00fctzungsnetzwerk - Colegio Alem\u00e1n Quito","isPartOf":{"@id":"https:\/\/www.caq.edu.ec\/#website"},"datePublished":"2022-03-28T17:38:34+00:00","dateModified":"2023-04-19T00:05:06+00:00","breadcrumb":{"@id":"https:\/\/www.caq.edu.ec\/de\/red-de-apoyo\/#breadcrumb"},"inLanguage":"de","potentialAction":[{"@type":"ReadAction","target":["https:\/\/www.caq.edu.ec\/de\/red-de-apoyo\/"]}]},{"@type":"BreadcrumbList","@id":"https:\/\/www.caq.edu.ec\/de\/red-de-apoyo\/#breadcrumb","itemListElement":[{"@type":"ListItem","position":1,"name":"Inicio","item":"https:\/\/www.caq.edu.ec\/"},{"@type":"ListItem","position":2,"name":"Unterst\u00fctzungsnetzwerk"}]},{"@type":"WebSite","@id":"https:\/\/www.caq.edu.ec\/#website","url":"https:\/\/www.caq.edu.ec\/","name":"Colegio Alem\u00e1n Quito","description":"Una puerta al mundo","potentialAction":[{"@type":"SearchAction","target":{"@type":"EntryPoint","urlTemplate":"https:\/\/www.caq.edu.ec\/?s={search_term_string}"},"query-input":{"@type":"PropertyValueSpecification","valueRequired":true,"valueName":"search_term_string"}}],"inLanguage":"de"}]}},"_links":{"self":[{"href":"https:\/\/www.caq.edu.ec\/de\/wp-json\/wp\/v2\/pages\/57304","targetHints":{"allow":["GET"]}}],"collection":[{"href":"https:\/\/www.caq.edu.ec\/de\/wp-json\/wp\/v2\/pages"}],"about":[{"href":"https:\/\/www.caq.edu.ec\/de\/wp-json\/wp\/v2\/types\/page"}],"author":[{"embeddable":true,"href":"https:\/\/www.caq.edu.ec\/de\/wp-json\/wp\/v2\/users\/6"}],"replies":[{"embeddable":true,"href":"https:\/\/www.caq.edu.ec\/de\/wp-json\/wp\/v2\/comments?post=57304"}],"version-history":[{"count":0,"href":"https:\/\/www.caq.edu.ec\/de\/wp-json\/wp\/v2\/pages\/57304\/revisions"}],"wp:attachment":[{"href":"https:\/\/www.caq.edu.ec\/de\/wp-json\/wp\/v2\/media?parent=57304"}],"curies":[{"name":"wp","href":"https:\/\/api.w.org\/{rel}","templated":true}]}}