{"id":57288,"date":"2020-07-08T17:44:00","date_gmt":"2020-07-08T22:44:00","guid":{"rendered":"https:\/\/www.caq.edu.ec\/begabtenfoerderung\/"},"modified":"2026-03-09T10:35:01","modified_gmt":"2026-03-09T15:35:01","slug":"begabtenfoerderung","status":"publish","type":"page","link":"https:\/\/www.caq.edu.ec\/de\/begabtenfoerderung\/","title":{"rendered":"Begabtenf\u00f6rderung"},"content":{"rendered":"\t\t<div data-elementor-type=\"wp-page\" data-elementor-id=\"57288\" class=\"elementor elementor-57288 elementor-57122\" data-elementor-post-type=\"page\">\n\t\t\t\t<div class=\"elementor-element elementor-element-463d39cb e-flex e-con-boxed e-con e-parent\" data-id=\"463d39cb\" data-element_type=\"container\" data-e-type=\"container\">\n\t\t\t\t\t<div class=\"e-con-inner\">\n\t\t\t\t<div class=\"elementor-element elementor-element-7e331a85 elementor-widget elementor-widget-text-editor\" data-id=\"7e331a85\" data-element_type=\"widget\" data-e-type=\"widget\" data-widget_type=\"text-editor.default\">\n\t\t\t\t<div class=\"elementor-widget-container\">\n\t\t\t\t\t\t\t\t\t<h3><strong>Die Begabtenf\u00f6rderung an der Deutschen Schule Quito <\/strong><\/h3><h4>Ziele und Zielgruppe<\/h4><p>An unserer Schule gibt es zahlreiche Sch\u00fcler:innen mit vielen verschiedenen Interessen und besonderen F\u00e4higkeiten und Talenten, von verschiedenen Sportarten, \u00fcber Musik, Naturwissenschaften, Mathematik, (Fremd-)Sprachen, Theater, Geschichte, Sozialwissenschaften, und vieles mehr. Um diese Talente weiter zu f\u00f6rdern, gibt es einerseits breite extracurriculare Angebote, vor allem im Bereich von Sport, und die Musikschule, die f\u00fcr alle Sch\u00fcler offen sind. Zus\u00e4tzlich bietet die DSQ seit 2020 ein Programm zur Begabtenf\u00f6rderung an, das auch mit Stipendien f\u00fcr Deutschlandaufenthalte verbunden ist.<\/p><p>Das sogenannte \u201eHochleister\u201c-Programm richtet sich an <strong>besonders talentierte und interessierte Sch\u00fcler:innen der Klassen 5 bis 12<\/strong> und besteht in einer individuellen Begleitung in kleinen Gruppen, in denen die Sch\u00fcler:innen eigene Projekte umsetzen k\u00f6nnen. Die Teilnahme an nationalen und internationalen Wettbewerben ist je nach Projekt m\u00f6glich und erw\u00fcnscht, aber nicht obligatorisch; vielmehr geht es um die pers\u00f6nliche Weiterentwicklung und F\u00f6rderung der Talente. Auf ihrem Weg zu ihrem Ziel sollen die Sch\u00fcler:innen m\u00f6glichst selbst\u00e4ndig arbeiten, aber sie werden auch durch regelm\u00e4\u00dfige Betreuung von Fachlehrkr\u00e4ften (Mentoren) unterst\u00fctzt.<\/p><p>\u00a0<\/p><h4>Bewerbung und Auswahl<\/h4><p>Um am Programm teilzunehmen bewerben sich die Sch\u00fcler selbstst\u00e4ndig zum Ende des vorherigen bzw. Beginn des neuen Schuljahres f\u00fcr die zur Verf\u00fcgung stehenden <strong>F\u00e4cher\/Fachbereiche<\/strong> (im allgemeinen Naturwissenschaften, Mathematik, (Fremd-) Sprachen, Musik, Kunst\u00a0oder\u00a0Geschichte). Die <strong>Bewerbung <\/strong>enth\u00e4lt eine eigenst\u00e4ndige Begr\u00fcndung, warum der Sch\u00fcler\/die Sch\u00fclerin an dem Programm teilnehmen m\u00f6chte sowie eine (Projekt)Idee, also das, was der Sch\u00fcler\/die Sch\u00fclerin in dem F\u00f6rderprogramm umsetzen m\u00f6chte.\u00a0M\u00f6gliche Kandidaten\/Kandidatinnen k\u00f6nnen auch von ihren Klassen \u2013 und Fachlehrern vorgeschlagen werden. Anhand dieser Bewerbungen und der R\u00fcckmeldungen der Klassenlehrer, der Fachlehrer und\/oder der Fachschaften werden die Sch\u00fcler f\u00fcr die Teilnahme an der\u00a0Begabtenf\u00f6rderung\u00a0sowie f\u00fcr das jeweilige F\u00f6rderprogramm vorgeschlagen. Das Rektorat entscheidet im Anschluss \u00fcber die Aufnahme der Sch\u00fcler in das Programm. <strong>Die Auswahl gilt f\u00fcr ein Schuljahr<\/strong>.\u00a0\u00a0<\/p><p>Die aufgenommenen Sch\u00fcler werden im Allgemeinen dem Fach zugeordnet, f\u00fcr das sie sich beworben haben. Sollte ein Fach nicht angeboten werde, k\u00f6nnen die Kinder in Absprache auch einem anderen Fach bzw. Fachbereich zugeordnet werden.\u00a0Oft enthalten die Projekte auch eine Kombination aus verschiedenen F\u00e4chern, z.B. Sprachen und Kunst oder Musik.<\/p><p>\u00a0<\/p><h4>Projektarbeit, Wettbewerbsteilnahme<\/h4><p><strong>\u00a0<\/strong>Bei der Arbeit in den Nachmittagsstunden steht an erster Stelle die <strong>selbst\u00e4ndige Arbeit<\/strong> der\u00a0Hochleister. Die Mentoren geben also keinen Unterricht in Form eines Curriculums, sondern beraten die\u00a0Sch\u00fcler\u00a0auf ihrem Weg, ihr Ziel zu erreichen. Die Beratung kann z. B. darin bestehen, die n\u00e4chsten Schritte zu vereinbaren, Impulse zu geben, gemeinsam \u00fcber m\u00f6gliche L\u00f6sungsans\u00e4tze nachzudenken, Feedbacks zu geben oder \u00c4hnliches.\u00a0\u00a0<\/p><p>In den naturwissenschaftlichen F\u00e4chern diesem besteht auch die M\u00f6glichkeit mit der MINT-AG zu kooperieren, die f\u00fcr die Sch\u00fclerinnen und Sch\u00fcler der 5. bis 8. Klasse eine vertiefende Einf\u00fchrung in naturwissenschaftliches Arbeiten im Labor anbietet.<\/p><p>Die <strong>Teilnahme an nationalen und internationalen Wettbewerben<\/strong> ist je nach Projekt m\u00f6glich und wird von den Mentoren unterst\u00fctzt. (z.B. nationale und internationae Mathematikolympiaden, Bundeswettbewerb Fremdpsprachen, Europ\u00e4ischer Wettbewerb (Kunst\/Musik\/Fremdsprachen), Geschichten- und Gedichtwettbewerbe, Geschichtswettbewerb des Bundespr\u00e4sidenten, verschiedene Kunstwettbewerbe, etc.). Die Sch\u00fcler:innen entscheiden aber selbst, ob ihr Ziel die Teilnahme an einem Wettbewerb ist, oder ob ihr Projekt ein anderes, pers\u00f6nlich definiertes Ziel, verfolgt.<\/p><p>\u00a0<\/p><h4>Pr\u00e4sentation<\/h4><p>Ende Mai eines jeden Schuljahres pr\u00e4sentieren die\u00a0Sch\u00fcler\u00a0die Ergebnisse ihrer Arbeit in einer feierlichen Veranstaltung, zu der auch die Eltern eingeladen werden. Einzelne\u00a0Hochleister\u00a0stellen ihre Ergebnisse allen Anwesenden in Form einer Pr\u00e4sentation vor. Die \u00fcbrigen\u00a0Sch\u00fcler\u00a0 pr\u00e4sentieren ihre Ergebnisse In Form eines \u201eMarktplatzes\u201c. Eine Ehrung f\u00fcr erfolgreiche Teilnahmen an Wettbewerben erfolgt ebenfalls bei dieser Veranstaltung. Einzelne Arbeitsergebnisse bzw. Wettbewerbserfolge der\u00a0Hochleister\u00a0werden mit ihrem Einverst\u00e4ndnis und dem der Eltern auf der Homepage der Schule ver\u00f6ffentlicht.\u00a0\u00a0<\/p><p>Auch die Belegung des Faches Franz\u00f6sisch als dritte Fremdsprache gilt als Teilnahme am\u00a0Hochleisterprogramm.<\/p><p>\u00a0<\/p><h4>Zus\u00e4tzliche F\u00f6rderung (Deutschlandaufenthalte)<\/h4><p><strong>\u00a0<\/strong>Hochleister, die sich durch besonders gute Leistungen oder ein besonderes Engagement hervorheben, haben auch die M\u00f6glichkeit, eine zus\u00e4tzliche F\u00f6rderung durch die Teilnahme an einem Programm oder Wettbewerb in Deutschland, z.B. einem MINT-Camp oder dem \u201eJugend forscht\u201c-Wettbewerb im Bereich Naturwissenschaften oder einer Studienakademie im f\u00e4cher\u00fcbergreifenden Bereich zu erhalten.<\/p>\t\t\t\t\t\t\t\t<\/div>\n\t\t\t\t<\/div>\n\t\t\t\t\t<\/div>\n\t\t\t\t<\/div>\n\t\t\t\t<\/div>\n\t\t","protected":false},"excerpt":{"rendered":"<p>Die Begabtenf\u00f6rderung an der Deutschen Schule Quito Ziele und Zielgruppe An unserer Schule gibt es zahlreiche Sch\u00fcler:innen mit vielen verschiedenen Interessen und besonderen F\u00e4higkeiten und Talenten, von verschiedenen Sportarten, \u00fcber Musik, Naturwissenschaften, Mathematik, (Fremd-)Sprachen, Theater, Geschichte, Sozialwissenschaften, und vieles mehr. Um diese Talente weiter zu f\u00f6rdern, gibt es einerseits breite extracurriculare Angebote, vor allem im [&hellip;]<\/p>\n","protected":false},"author":6,"featured_media":0,"parent":0,"menu_order":0,"comment_status":"closed","ping_status":"closed","template":"","meta":{"footnotes":""},"class_list":["post-57288","page","type-page","status-publish","hentry"],"yoast_head":"<!-- This site is optimized with the Yoast SEO plugin v27.4 - https:\/\/yoast.com\/product\/yoast-seo-wordpress\/ -->\n<title>Begabtenf\u00f6rderung - Colegio Alem\u00e1n Quito<\/title>\n<meta name=\"robots\" content=\"index, follow, max-snippet:-1, max-image-preview:large, max-video-preview:-1\" \/>\n<link rel=\"canonical\" href=\"https:\/\/www.caq.edu.ec\/de\/begabtenfoerderung\/\" \/>\n<meta property=\"og:locale\" content=\"de_DE\" \/>\n<meta property=\"og:type\" content=\"article\" \/>\n<meta property=\"og:title\" content=\"Begabtenf\u00f6rderung - Colegio Alem\u00e1n Quito\" \/>\n<meta property=\"og:description\" content=\"Die Begabtenf\u00f6rderung an der Deutschen Schule Quito Ziele und Zielgruppe An unserer Schule gibt es zahlreiche Sch\u00fcler:innen mit vielen verschiedenen Interessen und besonderen F\u00e4higkeiten und Talenten, von verschiedenen Sportarten, \u00fcber Musik, Naturwissenschaften, Mathematik, (Fremd-)Sprachen, Theater, Geschichte, Sozialwissenschaften, und vieles mehr. Um diese Talente weiter zu f\u00f6rdern, gibt es einerseits breite extracurriculare Angebote, vor allem im [&hellip;]\" \/>\n<meta property=\"og:url\" content=\"https:\/\/www.caq.edu.ec\/de\/begabtenfoerderung\/\" \/>\n<meta property=\"og:site_name\" content=\"Colegio Alem\u00e1n Quito\" \/>\n<meta property=\"article:modified_time\" content=\"2026-03-09T15:35:01+00:00\" \/>\n<meta name=\"twitter:card\" content=\"summary_large_image\" \/>\n<meta name=\"twitter:label1\" content=\"Gesch\u00e4tzte Lesezeit\" \/>\n\t<meta name=\"twitter:data1\" content=\"4\u00a0Minuten\" \/>\n<script type=\"application\/ld+json\" class=\"yoast-schema-graph\">{\"@context\":\"https:\\\/\\\/schema.org\",\"@graph\":[{\"@type\":\"WebPage\",\"@id\":\"https:\\\/\\\/www.caq.edu.ec\\\/de\\\/begabtenfoerderung\\\/\",\"url\":\"https:\\\/\\\/www.caq.edu.ec\\\/de\\\/begabtenfoerderung\\\/\",\"name\":\"Begabtenf\u00f6rderung - Colegio Alem\u00e1n Quito\",\"isPartOf\":{\"@id\":\"https:\\\/\\\/www.caq.edu.ec\\\/#website\"},\"datePublished\":\"2020-07-08T22:44:00+00:00\",\"dateModified\":\"2026-03-09T15:35:01+00:00\",\"breadcrumb\":{\"@id\":\"https:\\\/\\\/www.caq.edu.ec\\\/de\\\/begabtenfoerderung\\\/#breadcrumb\"},\"inLanguage\":\"de\",\"potentialAction\":[{\"@type\":\"ReadAction\",\"target\":[\"https:\\\/\\\/www.caq.edu.ec\\\/de\\\/begabtenfoerderung\\\/\"]}]},{\"@type\":\"BreadcrumbList\",\"@id\":\"https:\\\/\\\/www.caq.edu.ec\\\/de\\\/begabtenfoerderung\\\/#breadcrumb\",\"itemListElement\":[{\"@type\":\"ListItem\",\"position\":1,\"name\":\"Inicio\",\"item\":\"https:\\\/\\\/www.caq.edu.ec\\\/\"},{\"@type\":\"ListItem\",\"position\":2,\"name\":\"Begabtenf\u00f6rderung\"}]},{\"@type\":\"WebSite\",\"@id\":\"https:\\\/\\\/www.caq.edu.ec\\\/#website\",\"url\":\"https:\\\/\\\/www.caq.edu.ec\\\/\",\"name\":\"Colegio Alem\u00e1n Quito\",\"description\":\"Una puerta al mundo\",\"potentialAction\":[{\"@type\":\"SearchAction\",\"target\":{\"@type\":\"EntryPoint\",\"urlTemplate\":\"https:\\\/\\\/www.caq.edu.ec\\\/?s={search_term_string}\"},\"query-input\":{\"@type\":\"PropertyValueSpecification\",\"valueRequired\":true,\"valueName\":\"search_term_string\"}}],\"inLanguage\":\"de\"}]}<\/script>\n<!-- \/ Yoast SEO plugin. -->","yoast_head_json":{"title":"Begabtenf\u00f6rderung - Colegio Alem\u00e1n Quito","robots":{"index":"index","follow":"follow","max-snippet":"max-snippet:-1","max-image-preview":"max-image-preview:large","max-video-preview":"max-video-preview:-1"},"canonical":"https:\/\/www.caq.edu.ec\/de\/begabtenfoerderung\/","og_locale":"de_DE","og_type":"article","og_title":"Begabtenf\u00f6rderung - Colegio Alem\u00e1n Quito","og_description":"Die Begabtenf\u00f6rderung an der Deutschen Schule Quito Ziele und Zielgruppe An unserer Schule gibt es zahlreiche Sch\u00fcler:innen mit vielen verschiedenen Interessen und besonderen F\u00e4higkeiten und Talenten, von verschiedenen Sportarten, \u00fcber Musik, Naturwissenschaften, Mathematik, (Fremd-)Sprachen, Theater, Geschichte, Sozialwissenschaften, und vieles mehr. Um diese Talente weiter zu f\u00f6rdern, gibt es einerseits breite extracurriculare Angebote, vor allem im [&hellip;]","og_url":"https:\/\/www.caq.edu.ec\/de\/begabtenfoerderung\/","og_site_name":"Colegio Alem\u00e1n Quito","article_modified_time":"2026-03-09T15:35:01+00:00","twitter_card":"summary_large_image","twitter_misc":{"Gesch\u00e4tzte Lesezeit":"4\u00a0Minuten"},"schema":{"@context":"https:\/\/schema.org","@graph":[{"@type":"WebPage","@id":"https:\/\/www.caq.edu.ec\/de\/begabtenfoerderung\/","url":"https:\/\/www.caq.edu.ec\/de\/begabtenfoerderung\/","name":"Begabtenf\u00f6rderung - Colegio Alem\u00e1n Quito","isPartOf":{"@id":"https:\/\/www.caq.edu.ec\/#website"},"datePublished":"2020-07-08T22:44:00+00:00","dateModified":"2026-03-09T15:35:01+00:00","breadcrumb":{"@id":"https:\/\/www.caq.edu.ec\/de\/begabtenfoerderung\/#breadcrumb"},"inLanguage":"de","potentialAction":[{"@type":"ReadAction","target":["https:\/\/www.caq.edu.ec\/de\/begabtenfoerderung\/"]}]},{"@type":"BreadcrumbList","@id":"https:\/\/www.caq.edu.ec\/de\/begabtenfoerderung\/#breadcrumb","itemListElement":[{"@type":"ListItem","position":1,"name":"Inicio","item":"https:\/\/www.caq.edu.ec\/"},{"@type":"ListItem","position":2,"name":"Begabtenf\u00f6rderung"}]},{"@type":"WebSite","@id":"https:\/\/www.caq.edu.ec\/#website","url":"https:\/\/www.caq.edu.ec\/","name":"Colegio Alem\u00e1n Quito","description":"Una puerta al mundo","potentialAction":[{"@type":"SearchAction","target":{"@type":"EntryPoint","urlTemplate":"https:\/\/www.caq.edu.ec\/?s={search_term_string}"},"query-input":{"@type":"PropertyValueSpecification","valueRequired":true,"valueName":"search_term_string"}}],"inLanguage":"de"}]}},"_links":{"self":[{"href":"https:\/\/www.caq.edu.ec\/de\/wp-json\/wp\/v2\/pages\/57288","targetHints":{"allow":["GET"]}}],"collection":[{"href":"https:\/\/www.caq.edu.ec\/de\/wp-json\/wp\/v2\/pages"}],"about":[{"href":"https:\/\/www.caq.edu.ec\/de\/wp-json\/wp\/v2\/types\/page"}],"author":[{"embeddable":true,"href":"https:\/\/www.caq.edu.ec\/de\/wp-json\/wp\/v2\/users\/6"}],"replies":[{"embeddable":true,"href":"https:\/\/www.caq.edu.ec\/de\/wp-json\/wp\/v2\/comments?post=57288"}],"version-history":[{"count":3,"href":"https:\/\/www.caq.edu.ec\/de\/wp-json\/wp\/v2\/pages\/57288\/revisions"}],"predecessor-version":[{"id":72180,"href":"https:\/\/www.caq.edu.ec\/de\/wp-json\/wp\/v2\/pages\/57288\/revisions\/72180"}],"wp:attachment":[{"href":"https:\/\/www.caq.edu.ec\/de\/wp-json\/wp\/v2\/media?parent=57288"}],"curies":[{"name":"wp","href":"https:\/\/api.w.org\/{rel}","templated":true}]}}