{"id":57283,"date":"2020-01-07T18:59:13","date_gmt":"2020-01-07T23:59:13","guid":{"rendered":"https:\/\/www.caq.edu.ec\/geschichte-der-deutsche-schule-quito\/"},"modified":"2023-04-13T04:16:00","modified_gmt":"2023-04-13T04:16:00","slug":"geschichte-der-deutsche-schule-quito","status":"publish","type":"page","link":"https:\/\/www.caq.edu.ec\/de\/el-colegio\/geschichte-der-deutsche-schule-quito\/","title":{"rendered":"Geschichte der Deutsche Schule Quito"},"content":{"rendered":"\t\t<div data-elementor-type=\"wp-page\" data-elementor-id=\"57283\" class=\"elementor elementor-57283 elementor-57118\" data-elementor-post-type=\"page\">\n\t\t\t\t<div class=\"elementor-element elementor-element-560e576 e-flex e-con-boxed e-con e-parent\" data-id=\"560e576\" data-element_type=\"container\" data-e-type=\"container\">\n\t\t\t\t\t<div class=\"e-con-inner\">\n\t\t\t\t<div class=\"elementor-element elementor-element-4d11706 elementor-arrows-position-inside elementor-pagination-position-outside elementor-widget elementor-widget-image-carousel\" data-id=\"4d11706\" data-element_type=\"widget\" data-e-type=\"widget\" data-settings=\"{&quot;slides_to_show&quot;:&quot;1&quot;,&quot;effect&quot;:&quot;fade&quot;,&quot;navigation&quot;:&quot;both&quot;,&quot;autoplay&quot;:&quot;yes&quot;,&quot;pause_on_hover&quot;:&quot;yes&quot;,&quot;pause_on_interaction&quot;:&quot;yes&quot;,&quot;autoplay_speed&quot;:5000,&quot;infinite&quot;:&quot;yes&quot;,&quot;speed&quot;:500}\" data-widget_type=\"image-carousel.default\">\n\t\t\t\t<div class=\"elementor-widget-container\">\n\t\t\t\t\t\t\t<div class=\"elementor-image-carousel-wrapper swiper\" role=\"region\" aria-roledescription=\"carousel\" aria-label=\"Bild Karussell\" dir=\"ltr\">\n\t\t\t<div class=\"elementor-image-carousel swiper-wrapper swiper-image-stretch\" aria-live=\"off\">\n\t\t\t\t\t\t\t\t<div class=\"swiper-slide\" role=\"group\" aria-roledescription=\"slide\" aria-label=\"1 von 9\"><figure class=\"swiper-slide-inner\"><img decoding=\"async\" class=\"swiper-slide-image\" src=\"https:\/\/www.caq.edu.ec\/wp-content\/uploads\/2023\/04\/88-Aula-de-Clases-Calle-Junin-mit-August-Rubbel-1922.jpg\" alt=\"88-Aula-de-Clases-Calle-Junin-mit-August-Rubbel-1922.jpg\" \/><\/figure><\/div><div class=\"swiper-slide\" role=\"group\" aria-roledescription=\"slide\" aria-label=\"2 von 9\"><figure class=\"swiper-slide-inner\"><img decoding=\"async\" class=\"swiper-slide-image\" src=\"https:\/\/www.caq.edu.ec\/wp-content\/uploads\/2023\/04\/472-Primer-dia-de-clases-primer-grado.jpg\" alt=\"472-Primer-dia-de-clases-primer-grado.jpg\" \/><\/figure><\/div><div class=\"swiper-slide\" role=\"group\" aria-roledescription=\"slide\" aria-label=\"3 von 9\"><figure class=\"swiper-slide-inner\"><img decoding=\"async\" class=\"swiper-slide-image\" src=\"https:\/\/www.caq.edu.ec\/wp-content\/uploads\/2023\/04\/467-Festa-de-la-primaria-en-la-casa-vieja-caq-6-de-Diciembre-1.jpg\" alt=\"467-Festa-de-la-primaria-en-la-casa-vieja-caq-6-de-Diciembre-1.jpg\" \/><\/figure><\/div><div class=\"swiper-slide\" role=\"group\" aria-roledescription=\"slide\" aria-label=\"4 von 9\"><figure class=\"swiper-slide-inner\"><img decoding=\"async\" class=\"swiper-slide-image\" src=\"https:\/\/www.caq.edu.ec\/wp-content\/uploads\/2023\/04\/170-Foto-anuario-con-Frau-Doris-de-Malo-1.jpg\" alt=\"170-Foto-anuario-con-Frau-Doris-de-Malo-1.jpg\" \/><\/figure><\/div><div class=\"swiper-slide\" role=\"group\" aria-roledescription=\"slide\" aria-label=\"5 von 9\"><figure class=\"swiper-slide-inner\"><img decoding=\"async\" class=\"swiper-slide-image\" src=\"https:\/\/www.caq.edu.ec\/wp-content\/uploads\/2023\/04\/135-Foto-anual-de-una-clase-de-ninos-entre-1963-1965-14.jpg\" alt=\"135-Foto-anual-de-una-clase-de-ninos-entre-1963-1965-14.jpg\" \/><\/figure><\/div><div class=\"swiper-slide\" role=\"group\" aria-roledescription=\"slide\" aria-label=\"6 von 9\"><figure class=\"swiper-slide-inner\"><img decoding=\"async\" class=\"swiper-slide-image\" src=\"https:\/\/www.caq.edu.ec\/wp-content\/uploads\/2023\/04\/793-Grupo-ninos-con-su-profesora-al-lado-del-bus-azul.jpg\" alt=\"793-Grupo-ninos-con-su-profesora-al-lado-del-bus-azul.jpg\" \/><\/figure><\/div><div class=\"swiper-slide\" role=\"group\" aria-roledescription=\"slide\" aria-label=\"7 von 9\"><figure class=\"swiper-slide-inner\"><img decoding=\"async\" class=\"swiper-slide-image\" src=\"https:\/\/www.caq.edu.ec\/wp-content\/uploads\/2023\/04\/1003-1er-dia-de-clases-1er-grado-Patricia-Jurado.jpg\" alt=\"1003-1er-dia-de-clases-1er-grado-Patricia-Jurado.jpg\" \/><\/figure><\/div><div class=\"swiper-slide\" role=\"group\" aria-roledescription=\"slide\" aria-label=\"8 von 9\"><figure class=\"swiper-slide-inner\"><img decoding=\"async\" class=\"swiper-slide-image\" src=\"https:\/\/www.caq.edu.ec\/wp-content\/uploads\/2023\/04\/789-grupo-ninos-del-kinder-con-profesora-en-la-pileta.jpg\" alt=\"789-grupo-ninos-del-kinder-con-profesora-en-la-pileta.jpg\" \/><\/figure><\/div><div class=\"swiper-slide\" role=\"group\" aria-roledescription=\"slide\" aria-label=\"9 von 9\"><figure class=\"swiper-slide-inner\"><img decoding=\"async\" class=\"swiper-slide-image\" src=\"https:\/\/www.caq.edu.ec\/wp-content\/uploads\/2023\/04\/1-D.jpg\" alt=\"1-D.jpg\" \/><\/figure><\/div>\t\t\t<\/div>\n\t\t\t\t\t\t\t\t\t\t\t\t<div class=\"elementor-swiper-button elementor-swiper-button-prev\" role=\"button\" tabindex=\"0\">\n\t\t\t\t\t\t<i aria-hidden=\"true\" class=\"eicon-chevron-left\"><\/i>\t\t\t\t\t<\/div>\n\t\t\t\t\t<div class=\"elementor-swiper-button elementor-swiper-button-next\" role=\"button\" tabindex=\"0\">\n\t\t\t\t\t\t<i aria-hidden=\"true\" class=\"eicon-chevron-right\"><\/i>\t\t\t\t\t<\/div>\n\t\t\t\t\n\t\t\t\t\t\t\t\t\t<div class=\"swiper-pagination\"><\/div>\n\t\t\t\t\t\t\t\t\t<\/div>\n\t\t\t\t\t\t<\/div>\n\t\t\t\t<\/div>\n\t\t\t\t<div class=\"elementor-element elementor-element-76bebad elementor-widget elementor-widget-text-editor\" data-id=\"76bebad\" data-element_type=\"widget\" data-e-type=\"widget\" data-widget_type=\"text-editor.default\">\n\t\t\t\t<div class=\"elementor-widget-container\">\n\t\t\t\t\t\t\t\t\t<p>Die Deutsche Schule Quito ist die \u00e4lteste private Schule Ecuadors. Sie wurde\u00a0<strong>1917<\/strong>\u00a0in einem Haus in der jetzigen Altstadt Quitos gegr\u00fcndet. Heute besitzt die Schule ein 7 Hektar gro\u00dfes Grundst\u00fcck in dem Quito naheliegendem Tal Cumbay\u00e1, mit modernen Installationen, Sportanlagen und weiten Gr\u00fcnfl\u00e4chen.<\/p><p><strong>1916<\/strong>\u00a0kam eine Delegation deutscher P\u00e4dagogen nach Quito mit dem Auftrag, bei der Einrichtung eines Laienbildungszentrums zu beraten. Die 30 deutschen Familien, die hier lebten, baten ihre Landsleute, eine Schule f\u00fcr deutsche Kinder und sp\u00e4ter auch f\u00fcr Ecuadorianer zu gr\u00fcnden. Diese wurde\u00a0<strong>1917<\/strong>\u00a0im Herzen von Quito in Betrieb genommen. Am Anfang arbeitete die Schule mit 9 Sch\u00fclern.\u00a0<strong>1942<\/strong>\u00a0wurde sie wegen des Aufbruchs, des Verlaufs und der Folgen des Zweiten Weltkriegs geschlossen, aber\u00a0<strong>1956<\/strong>\u00a0wiederer\u00f6ffnet.<br \/>Seit ihrer Gr\u00fcndung war die Schule an vielen Orten in der Stadt t\u00e4tig, bis zu seiner endg\u00fcltigen Einrichtung im Cumbay\u00e1-Tal im September\u00a0<strong>1998<\/strong>.<\/p><p><strong>Heute<\/strong>\u00a0besuchen die Schule 1600 Sch\u00fcler, von denen 80% aus ecuadorianischen Familien stammen. Damit ist sie eine der gr\u00f6\u00dften Privatschulen der Stadt und auch einer der gr\u00f6\u00dften deutschen Auslandsschulen weltweit. Sie geh\u00f6rt zum Netzwerk der 140 Deutschen Auslandsschulen (DAS), die von der Zentralstelle f\u00fcr das Auslandsschulwesen (ZfA) im Auftrag des Ausw\u00e4rtigen Amtes der Bundesrepublik Deutschland gef\u00f6rdert werden.<\/p>\t\t\t\t\t\t\t\t<\/div>\n\t\t\t\t<\/div>\n\t\t\t\t<div class=\"elementor-element elementor-element-c2d43df elementor-widget elementor-widget-image\" data-id=\"c2d43df\" data-element_type=\"widget\" data-e-type=\"widget\" data-widget_type=\"image.default\">\n\t\t\t\t<div class=\"elementor-widget-container\">\n\t\t\t\t\t\t\t\t\t\t\t\t\t\t\t<img fetchpriority=\"high\" decoding=\"async\" width=\"1000\" height=\"630\" src=\"https:\/\/www.caq.edu.ec\/wp-content\/uploads\/2023\/04\/CAQ-historia-del-colegio-auditorio-estudiantes.jpg\" class=\"attachment-full size-full wp-image-59304\" alt=\"\" srcset=\"https:\/\/www.caq.edu.ec\/wp-content\/uploads\/2023\/04\/CAQ-historia-del-colegio-auditorio-estudiantes.jpg 1000w, https:\/\/www.caq.edu.ec\/wp-content\/uploads\/2023\/04\/CAQ-historia-del-colegio-auditorio-estudiantes-300x189.jpg 300w, https:\/\/www.caq.edu.ec\/wp-content\/uploads\/2023\/04\/CAQ-historia-del-colegio-auditorio-estudiantes-768x484.jpg 768w\" sizes=\"(max-width: 1000px) 100vw, 1000px\" \/>\t\t\t\t\t\t\t\t\t\t\t\t\t\t\t<\/div>\n\t\t\t\t<\/div>\n\t\t\t\t<div class=\"elementor-element elementor-element-10bf6b4 elementor-widget elementor-widget-text-editor\" data-id=\"10bf6b4\" data-element_type=\"widget\" data-e-type=\"widget\" data-widget_type=\"text-editor.default\">\n\t\t\t\t<div class=\"elementor-widget-container\">\n\t\t\t\t\t\t\t\t\t<p>Die Sch\u00fclerinnen und Sch\u00fcler der Deutschen Schule Quito erhalten eine trilinguale (Deutsch, Spanisch und Englisch) Bildung und erlangen sowohl deutsche als auch einheimische Schulabschl\u00fcsse. Dieses hohe Qualit\u00e4tsniveau ist ein Ergebnis der engen und guten Zusammenarbeit der ganzen Schulgemeinschaft: Sch\u00fcler, Eltern, Lehrerschaft, Vorstand, Rektorat, Verwaltung und jede Person, die an und mit der Schule arbeitet.<\/p><p>Herzlich willkommen an unserer Deutschen Schule Quito!<\/p><p>Dr. J\u00fcrgen Haist<br \/><strong>Schulleiter<\/strong><\/p>\t\t\t\t\t\t\t\t<\/div>\n\t\t\t\t<\/div>\n\t\t\t\t\t<\/div>\n\t\t\t\t<\/div>\n\t\t\t\t<\/div>\n\t\t","protected":false},"excerpt":{"rendered":"<p>Anterior Siguiente Die Deutsche Schule Quito ist die \u00e4lteste private Schule Ecuadors. Sie wurde\u00a01917\u00a0in einem Haus in der jetzigen Altstadt Quitos gegr\u00fcndet. Heute besitzt die Schule ein 7 Hektar gro\u00dfes Grundst\u00fcck in dem Quito naheliegendem Tal Cumbay\u00e1, mit modernen Installationen, Sportanlagen und weiten Gr\u00fcnfl\u00e4chen. 1916\u00a0kam eine Delegation deutscher P\u00e4dagogen nach Quito mit dem Auftrag, bei [&hellip;]<\/p>\n","protected":false},"author":6,"featured_media":0,"parent":57173,"menu_order":0,"comment_status":"closed","ping_status":"closed","template":"","meta":{"footnotes":""},"class_list":["post-57283","page","type-page","status-publish","hentry"],"yoast_head":"<!-- This site is optimized with the Yoast SEO plugin v27.3 - https:\/\/yoast.com\/product\/yoast-seo-wordpress\/ -->\n<title>Geschichte der Deutsche Schule Quito - Colegio Alem\u00e1n Quito<\/title>\n<meta name=\"robots\" content=\"index, follow, max-snippet:-1, max-image-preview:large, max-video-preview:-1\" \/>\n<link rel=\"canonical\" href=\"https:\/\/www.caq.edu.ec\/el-colegio\/historia-del-colegio-aleman-quito\/\" \/>\n<meta property=\"og:locale\" content=\"de_DE\" \/>\n<meta property=\"og:type\" content=\"article\" \/>\n<meta property=\"og:title\" content=\"Geschichte der Deutsche Schule Quito - Colegio Alem\u00e1n Quito\" \/>\n<meta property=\"og:description\" content=\"Anterior Siguiente Die Deutsche Schule Quito ist die \u00e4lteste private Schule Ecuadors. Sie wurde\u00a01917\u00a0in einem Haus in der jetzigen Altstadt Quitos gegr\u00fcndet. Heute besitzt die Schule ein 7 Hektar gro\u00dfes Grundst\u00fcck in dem Quito naheliegendem Tal Cumbay\u00e1, mit modernen Installationen, Sportanlagen und weiten Gr\u00fcnfl\u00e4chen. 1916\u00a0kam eine Delegation deutscher P\u00e4dagogen nach Quito mit dem Auftrag, bei [&hellip;]\" \/>\n<meta property=\"og:url\" content=\"https:\/\/www.caq.edu.ec\/el-colegio\/historia-del-colegio-aleman-quito\/\" \/>\n<meta property=\"og:site_name\" content=\"Colegio Alem\u00e1n Quito\" \/>\n<meta property=\"article:modified_time\" content=\"2023-04-13T04:16:00+00:00\" \/>\n<meta property=\"og:image\" content=\"https:\/\/www.caq.edu.ec\/wp-content\/uploads\/2023\/04\/88-Aula-de-Clases-Calle-Junin-mit-August-Rubbel-1922.jpg\" \/>\n<meta name=\"twitter:card\" content=\"summary_large_image\" \/>\n<meta name=\"twitter:label1\" content=\"Gesch\u00e4tzte Lesezeit\" \/>\n\t<meta name=\"twitter:data1\" content=\"4\u00a0Minuten\" \/>\n<script type=\"application\/ld+json\" class=\"yoast-schema-graph\">{\"@context\":\"https:\\\/\\\/schema.org\",\"@graph\":[{\"@type\":\"WebPage\",\"@id\":\"https:\\\/\\\/www.caq.edu.ec\\\/el-colegio\\\/historia-del-colegio-aleman-quito\\\/\",\"url\":\"https:\\\/\\\/www.caq.edu.ec\\\/el-colegio\\\/historia-del-colegio-aleman-quito\\\/\",\"name\":\"Geschichte der Deutsche Schule Quito - Colegio Alem\u00e1n Quito\",\"isPartOf\":{\"@id\":\"https:\\\/\\\/www.caq.edu.ec\\\/#website\"},\"primaryImageOfPage\":{\"@id\":\"https:\\\/\\\/www.caq.edu.ec\\\/el-colegio\\\/historia-del-colegio-aleman-quito\\\/#primaryimage\"},\"image\":{\"@id\":\"https:\\\/\\\/www.caq.edu.ec\\\/el-colegio\\\/historia-del-colegio-aleman-quito\\\/#primaryimage\"},\"thumbnailUrl\":\"https:\\\/\\\/www.caq.edu.ec\\\/wp-content\\\/uploads\\\/2023\\\/04\\\/88-Aula-de-Clases-Calle-Junin-mit-August-Rubbel-1922.jpg\",\"datePublished\":\"2020-01-07T23:59:13+00:00\",\"dateModified\":\"2023-04-13T04:16:00+00:00\",\"breadcrumb\":{\"@id\":\"https:\\\/\\\/www.caq.edu.ec\\\/el-colegio\\\/historia-del-colegio-aleman-quito\\\/#breadcrumb\"},\"inLanguage\":\"de\",\"potentialAction\":[{\"@type\":\"ReadAction\",\"target\":[\"https:\\\/\\\/www.caq.edu.ec\\\/el-colegio\\\/historia-del-colegio-aleman-quito\\\/\"]}]},{\"@type\":\"ImageObject\",\"inLanguage\":\"de\",\"@id\":\"https:\\\/\\\/www.caq.edu.ec\\\/el-colegio\\\/historia-del-colegio-aleman-quito\\\/#primaryimage\",\"url\":\"https:\\\/\\\/www.caq.edu.ec\\\/wp-content\\\/uploads\\\/2023\\\/04\\\/88-Aula-de-Clases-Calle-Junin-mit-August-Rubbel-1922.jpg\",\"contentUrl\":\"https:\\\/\\\/www.caq.edu.ec\\\/wp-content\\\/uploads\\\/2023\\\/04\\\/88-Aula-de-Clases-Calle-Junin-mit-August-Rubbel-1922.jpg\"},{\"@type\":\"BreadcrumbList\",\"@id\":\"https:\\\/\\\/www.caq.edu.ec\\\/el-colegio\\\/historia-del-colegio-aleman-quito\\\/#breadcrumb\",\"itemListElement\":[{\"@type\":\"ListItem\",\"position\":1,\"name\":\"Inicio\",\"item\":\"https:\\\/\\\/www.caq.edu.ec\\\/\"},{\"@type\":\"ListItem\",\"position\":2,\"name\":\"Die Schule\",\"item\":\"https:\\\/\\\/www.caq.edu.ec\\\/el-colegio\\\/\"},{\"@type\":\"ListItem\",\"position\":3,\"name\":\"Geschichte der Deutsche Schule Quito\"}]},{\"@type\":\"WebSite\",\"@id\":\"https:\\\/\\\/www.caq.edu.ec\\\/#website\",\"url\":\"https:\\\/\\\/www.caq.edu.ec\\\/\",\"name\":\"Colegio Alem\u00e1n Quito\",\"description\":\"Una puerta al mundo\",\"potentialAction\":[{\"@type\":\"SearchAction\",\"target\":{\"@type\":\"EntryPoint\",\"urlTemplate\":\"https:\\\/\\\/www.caq.edu.ec\\\/?s={search_term_string}\"},\"query-input\":{\"@type\":\"PropertyValueSpecification\",\"valueRequired\":true,\"valueName\":\"search_term_string\"}}],\"inLanguage\":\"de\"}]}<\/script>\n<!-- \/ Yoast SEO plugin. -->","yoast_head_json":{"title":"Geschichte der Deutsche Schule Quito - Colegio Alem\u00e1n Quito","robots":{"index":"index","follow":"follow","max-snippet":"max-snippet:-1","max-image-preview":"max-image-preview:large","max-video-preview":"max-video-preview:-1"},"canonical":"https:\/\/www.caq.edu.ec\/el-colegio\/historia-del-colegio-aleman-quito\/","og_locale":"de_DE","og_type":"article","og_title":"Geschichte der Deutsche Schule Quito - Colegio Alem\u00e1n Quito","og_description":"Anterior Siguiente Die Deutsche Schule Quito ist die \u00e4lteste private Schule Ecuadors. Sie wurde\u00a01917\u00a0in einem Haus in der jetzigen Altstadt Quitos gegr\u00fcndet. Heute besitzt die Schule ein 7 Hektar gro\u00dfes Grundst\u00fcck in dem Quito naheliegendem Tal Cumbay\u00e1, mit modernen Installationen, Sportanlagen und weiten Gr\u00fcnfl\u00e4chen. 1916\u00a0kam eine Delegation deutscher P\u00e4dagogen nach Quito mit dem Auftrag, bei [&hellip;]","og_url":"https:\/\/www.caq.edu.ec\/el-colegio\/historia-del-colegio-aleman-quito\/","og_site_name":"Colegio Alem\u00e1n Quito","article_modified_time":"2023-04-13T04:16:00+00:00","og_image":[{"url":"https:\/\/www.caq.edu.ec\/wp-content\/uploads\/2023\/04\/88-Aula-de-Clases-Calle-Junin-mit-August-Rubbel-1922.jpg","type":"","width":"","height":""}],"twitter_card":"summary_large_image","twitter_misc":{"Gesch\u00e4tzte Lesezeit":"4\u00a0Minuten"},"schema":{"@context":"https:\/\/schema.org","@graph":[{"@type":"WebPage","@id":"https:\/\/www.caq.edu.ec\/el-colegio\/historia-del-colegio-aleman-quito\/","url":"https:\/\/www.caq.edu.ec\/el-colegio\/historia-del-colegio-aleman-quito\/","name":"Geschichte der Deutsche Schule Quito - Colegio Alem\u00e1n Quito","isPartOf":{"@id":"https:\/\/www.caq.edu.ec\/#website"},"primaryImageOfPage":{"@id":"https:\/\/www.caq.edu.ec\/el-colegio\/historia-del-colegio-aleman-quito\/#primaryimage"},"image":{"@id":"https:\/\/www.caq.edu.ec\/el-colegio\/historia-del-colegio-aleman-quito\/#primaryimage"},"thumbnailUrl":"https:\/\/www.caq.edu.ec\/wp-content\/uploads\/2023\/04\/88-Aula-de-Clases-Calle-Junin-mit-August-Rubbel-1922.jpg","datePublished":"2020-01-07T23:59:13+00:00","dateModified":"2023-04-13T04:16:00+00:00","breadcrumb":{"@id":"https:\/\/www.caq.edu.ec\/el-colegio\/historia-del-colegio-aleman-quito\/#breadcrumb"},"inLanguage":"de","potentialAction":[{"@type":"ReadAction","target":["https:\/\/www.caq.edu.ec\/el-colegio\/historia-del-colegio-aleman-quito\/"]}]},{"@type":"ImageObject","inLanguage":"de","@id":"https:\/\/www.caq.edu.ec\/el-colegio\/historia-del-colegio-aleman-quito\/#primaryimage","url":"https:\/\/www.caq.edu.ec\/wp-content\/uploads\/2023\/04\/88-Aula-de-Clases-Calle-Junin-mit-August-Rubbel-1922.jpg","contentUrl":"https:\/\/www.caq.edu.ec\/wp-content\/uploads\/2023\/04\/88-Aula-de-Clases-Calle-Junin-mit-August-Rubbel-1922.jpg"},{"@type":"BreadcrumbList","@id":"https:\/\/www.caq.edu.ec\/el-colegio\/historia-del-colegio-aleman-quito\/#breadcrumb","itemListElement":[{"@type":"ListItem","position":1,"name":"Inicio","item":"https:\/\/www.caq.edu.ec\/"},{"@type":"ListItem","position":2,"name":"Die Schule","item":"https:\/\/www.caq.edu.ec\/el-colegio\/"},{"@type":"ListItem","position":3,"name":"Geschichte der Deutsche Schule Quito"}]},{"@type":"WebSite","@id":"https:\/\/www.caq.edu.ec\/#website","url":"https:\/\/www.caq.edu.ec\/","name":"Colegio Alem\u00e1n Quito","description":"Una puerta al mundo","potentialAction":[{"@type":"SearchAction","target":{"@type":"EntryPoint","urlTemplate":"https:\/\/www.caq.edu.ec\/?s={search_term_string}"},"query-input":{"@type":"PropertyValueSpecification","valueRequired":true,"valueName":"search_term_string"}}],"inLanguage":"de"}]}},"_links":{"self":[{"href":"https:\/\/www.caq.edu.ec\/de\/wp-json\/wp\/v2\/pages\/57283","targetHints":{"allow":["GET"]}}],"collection":[{"href":"https:\/\/www.caq.edu.ec\/de\/wp-json\/wp\/v2\/pages"}],"about":[{"href":"https:\/\/www.caq.edu.ec\/de\/wp-json\/wp\/v2\/types\/page"}],"author":[{"embeddable":true,"href":"https:\/\/www.caq.edu.ec\/de\/wp-json\/wp\/v2\/users\/6"}],"replies":[{"embeddable":true,"href":"https:\/\/www.caq.edu.ec\/de\/wp-json\/wp\/v2\/comments?post=57283"}],"version-history":[{"count":0,"href":"https:\/\/www.caq.edu.ec\/de\/wp-json\/wp\/v2\/pages\/57283\/revisions"}],"up":[{"embeddable":true,"href":"https:\/\/www.caq.edu.ec\/de\/wp-json\/wp\/v2\/pages\/57173"}],"wp:attachment":[{"href":"https:\/\/www.caq.edu.ec\/de\/wp-json\/wp\/v2\/media?parent=57283"}],"curies":[{"name":"wp","href":"https:\/\/api.w.org\/{rel}","templated":true}]}}