{"id":57275,"date":"2019-07-22T16:08:08","date_gmt":"2019-07-22T21:08:08","guid":{"rendered":"https:\/\/www.caq.edu.ec\/schullaufbahn-an-der-dsq\/"},"modified":"2024-10-08T16:05:39","modified_gmt":"2024-10-08T21:05:39","slug":"schullaufbahn-an-der-dsq","status":"publish","type":"page","link":"https:\/\/www.caq.edu.ec\/de\/oferta-academica\/schullaufbahn-an-der-dsq\/","title":{"rendered":"Schullaufbahn an der DSQ"},"content":{"rendered":"<h2>Schulstruktur unserer Begegnungsschule<\/h2>\n<p>Die Deutsche Schule Quito vereint im besten Sinne als <strong>Begegnungsschule<\/strong> zwei Schulsysteme: Das ecuadorianische Schulsystem, durch das alle Sch\u00fclerinnen und Sch\u00fcler ihre Schulausbildung an der DSQ mit dem ecuadorianischen <em>Bachillerato ecuadoriano <\/em>abschlie\u00dfen und das internationale deutsche Schulsystem, durch das interessierte und akademisch engagierte Sch\u00fclerinnen und Sch\u00fclern zus\u00e4tzlich internationale Abschl\u00fcsse und Diplome erreichen k\u00f6nnen. Als Begegnungsschule wird die Deutsche Schule Quito von Deutschland personell und finanziell gef\u00f6rdert.<\/p>\n<p>In den ersten vier Schuljahren der Primaria wird an der DSQ im <strong>Klassenlehrerprinzip<\/strong> unterrichtet. Das bedeutet, dass eine Lehrkraft mehrere F\u00e4cher unterrichtet und viele Unterrichtsstunden zusammen mit der Klasse arbeitet. Auf diese Weise haben die Sch\u00fclerinnen und Sch\u00fcler immer einen Ansprechpartner, der sie p\u00e4dagogisch betreut. <strong>Die 5. und 6. Klasse<\/strong> sind die letzten beiden Jahre der Primaria und der flie\u00dfende \u00dcbergang in die Sekundaria. Deshalb wird hier verst\u00e4rkt auf das <strong>Fachlehrerprinzip<\/strong> gesetzt, das hei\u00dft, dass die Sch\u00fclerinnen und Sch\u00fcler in unterschiedlichen F\u00e4chern von verschiedenen Fachlehrkr\u00e4ften unterrichtet werden. Somit fordert der Unterricht ab der f\u00fcnften Klasse von unseren Sch\u00fclern weitere Kompetenzen ein.<\/p>\n<p>Im Kindergarten, in der Primaria und in den ersten Jahren der Sekundaria in den 7. \u2013 9. Klassen werden <strong>unsere Sch\u00fclerinnen und Sch\u00fcler alle nach derselben Stundentafel unterrichtet,<\/strong> werden also gemeinsam auf die von der Schule angebotenen Schulabschl\u00fcsse vorbereitet. Am Ende der 9. Klasse wird dann endg\u00fcltig festgelegt, welche internationalen und deutschen Abschl\u00fcsse den weiteren Bildungsweg des Sch\u00fclers ab der Klasse 10 bestimmen.<\/p>\n<p>Das <em>Bachillerato ecuadoriano <\/em>machen nat\u00fcrlich immer alle unsere Sch\u00fclerinnen und Sch\u00fcler. Wichtig ist, dass im ecuadorianischen Versetzungszeugnis in jedem Fach mindestens die Note 7,00 erreicht werden muss.<\/p>\n<p>Auf ihrem Bildungsweg werden unsere Sch\u00fcler durchg\u00e4ngig von unserem p\u00e4dagogischen Personal und unseren Psychologinnen (DECE) pers\u00f6nlich und kompetent begleitet.<\/p>\n","protected":false},"excerpt":{"rendered":"<p>Schulstruktur unserer Begegnungsschule Die Deutsche Schule Quito vereint im besten Sinne als Begegnungsschule zwei Schulsysteme: Das ecuadorianische Schulsystem, durch das alle Sch\u00fclerinnen und Sch\u00fcler ihre Schulausbildung an der DSQ mit dem ecuadorianischen Bachillerato ecuadoriano abschlie\u00dfen und das internationale deutsche Schulsystem, durch das interessierte und akademisch engagierte Sch\u00fclerinnen und Sch\u00fclern zus\u00e4tzlich internationale Abschl\u00fcsse und Diplome erreichen [&hellip;]<\/p>\n","protected":false},"author":6,"featured_media":0,"parent":57241,"menu_order":0,"comment_status":"closed","ping_status":"closed","template":"","meta":{"footnotes":""},"class_list":["post-57275","page","type-page","status-publish","hentry"],"yoast_head":"<!-- This site is optimized with the Yoast SEO plugin v27.4 - https:\/\/yoast.com\/product\/yoast-seo-wordpress\/ -->\n<title>Schullaufbahn an der DSQ - Colegio Alem\u00e1n Quito<\/title>\n<meta name=\"robots\" content=\"index, follow, max-snippet:-1, max-image-preview:large, max-video-preview:-1\" \/>\n<link rel=\"canonical\" href=\"https:\/\/www.caq.edu.ec\/de\/oferta-academica\/schullaufbahn-an-der-dsq\/\" \/>\n<meta property=\"og:locale\" content=\"de_DE\" \/>\n<meta property=\"og:type\" content=\"article\" \/>\n<meta property=\"og:title\" content=\"Schullaufbahn an der DSQ - Colegio Alem\u00e1n Quito\" \/>\n<meta property=\"og:description\" content=\"Schulstruktur unserer Begegnungsschule Die Deutsche Schule Quito vereint im besten Sinne als Begegnungsschule zwei Schulsysteme: Das ecuadorianische Schulsystem, durch das alle Sch\u00fclerinnen und Sch\u00fcler ihre Schulausbildung an der DSQ mit dem ecuadorianischen Bachillerato ecuadoriano abschlie\u00dfen und das internationale deutsche Schulsystem, durch das interessierte und akademisch engagierte Sch\u00fclerinnen und Sch\u00fclern zus\u00e4tzlich internationale Abschl\u00fcsse und Diplome erreichen [&hellip;]\" \/>\n<meta property=\"og:url\" content=\"https:\/\/www.caq.edu.ec\/de\/oferta-academica\/schullaufbahn-an-der-dsq\/\" \/>\n<meta property=\"og:site_name\" content=\"Colegio Alem\u00e1n Quito\" \/>\n<meta property=\"article:modified_time\" content=\"2024-10-08T21:05:39+00:00\" \/>\n<meta name=\"twitter:card\" content=\"summary_large_image\" \/>\n<meta name=\"twitter:label1\" content=\"Gesch\u00e4tzte Lesezeit\" \/>\n\t<meta name=\"twitter:data1\" content=\"2\u00a0Minuten\" \/>\n<script type=\"application\/ld+json\" class=\"yoast-schema-graph\">{\"@context\":\"https:\\\/\\\/schema.org\",\"@graph\":[{\"@type\":\"WebPage\",\"@id\":\"https:\\\/\\\/www.caq.edu.ec\\\/de\\\/oferta-academica\\\/schullaufbahn-an-der-dsq\\\/\",\"url\":\"https:\\\/\\\/www.caq.edu.ec\\\/de\\\/oferta-academica\\\/schullaufbahn-an-der-dsq\\\/\",\"name\":\"Schullaufbahn an der DSQ - Colegio Alem\u00e1n Quito\",\"isPartOf\":{\"@id\":\"https:\\\/\\\/www.caq.edu.ec\\\/#website\"},\"datePublished\":\"2019-07-22T21:08:08+00:00\",\"dateModified\":\"2024-10-08T21:05:39+00:00\",\"breadcrumb\":{\"@id\":\"https:\\\/\\\/www.caq.edu.ec\\\/de\\\/oferta-academica\\\/schullaufbahn-an-der-dsq\\\/#breadcrumb\"},\"inLanguage\":\"de\",\"potentialAction\":[{\"@type\":\"ReadAction\",\"target\":[\"https:\\\/\\\/www.caq.edu.ec\\\/de\\\/oferta-academica\\\/schullaufbahn-an-der-dsq\\\/\"]}]},{\"@type\":\"BreadcrumbList\",\"@id\":\"https:\\\/\\\/www.caq.edu.ec\\\/de\\\/oferta-academica\\\/schullaufbahn-an-der-dsq\\\/#breadcrumb\",\"itemListElement\":[{\"@type\":\"ListItem\",\"position\":1,\"name\":\"Inicio\",\"item\":\"https:\\\/\\\/www.caq.edu.ec\\\/\"},{\"@type\":\"ListItem\",\"position\":2,\"name\":\"Bildungsangebote\",\"item\":\"https:\\\/\\\/www.caq.edu.ec\\\/de\\\/oferta-academica\\\/\"},{\"@type\":\"ListItem\",\"position\":3,\"name\":\"Schullaufbahn an der DSQ\"}]},{\"@type\":\"WebSite\",\"@id\":\"https:\\\/\\\/www.caq.edu.ec\\\/#website\",\"url\":\"https:\\\/\\\/www.caq.edu.ec\\\/\",\"name\":\"Colegio Alem\u00e1n Quito\",\"description\":\"Una puerta al mundo\",\"potentialAction\":[{\"@type\":\"SearchAction\",\"target\":{\"@type\":\"EntryPoint\",\"urlTemplate\":\"https:\\\/\\\/www.caq.edu.ec\\\/?s={search_term_string}\"},\"query-input\":{\"@type\":\"PropertyValueSpecification\",\"valueRequired\":true,\"valueName\":\"search_term_string\"}}],\"inLanguage\":\"de\"}]}<\/script>\n<!-- \/ Yoast SEO plugin. -->","yoast_head_json":{"title":"Schullaufbahn an der DSQ - Colegio Alem\u00e1n Quito","robots":{"index":"index","follow":"follow","max-snippet":"max-snippet:-1","max-image-preview":"max-image-preview:large","max-video-preview":"max-video-preview:-1"},"canonical":"https:\/\/www.caq.edu.ec\/de\/oferta-academica\/schullaufbahn-an-der-dsq\/","og_locale":"de_DE","og_type":"article","og_title":"Schullaufbahn an der DSQ - Colegio Alem\u00e1n Quito","og_description":"Schulstruktur unserer Begegnungsschule Die Deutsche Schule Quito vereint im besten Sinne als Begegnungsschule zwei Schulsysteme: Das ecuadorianische Schulsystem, durch das alle Sch\u00fclerinnen und Sch\u00fcler ihre Schulausbildung an der DSQ mit dem ecuadorianischen Bachillerato ecuadoriano abschlie\u00dfen und das internationale deutsche Schulsystem, durch das interessierte und akademisch engagierte Sch\u00fclerinnen und Sch\u00fclern zus\u00e4tzlich internationale Abschl\u00fcsse und Diplome erreichen [&hellip;]","og_url":"https:\/\/www.caq.edu.ec\/de\/oferta-academica\/schullaufbahn-an-der-dsq\/","og_site_name":"Colegio Alem\u00e1n Quito","article_modified_time":"2024-10-08T21:05:39+00:00","twitter_card":"summary_large_image","twitter_misc":{"Gesch\u00e4tzte Lesezeit":"2\u00a0Minuten"},"schema":{"@context":"https:\/\/schema.org","@graph":[{"@type":"WebPage","@id":"https:\/\/www.caq.edu.ec\/de\/oferta-academica\/schullaufbahn-an-der-dsq\/","url":"https:\/\/www.caq.edu.ec\/de\/oferta-academica\/schullaufbahn-an-der-dsq\/","name":"Schullaufbahn an der DSQ - Colegio Alem\u00e1n Quito","isPartOf":{"@id":"https:\/\/www.caq.edu.ec\/#website"},"datePublished":"2019-07-22T21:08:08+00:00","dateModified":"2024-10-08T21:05:39+00:00","breadcrumb":{"@id":"https:\/\/www.caq.edu.ec\/de\/oferta-academica\/schullaufbahn-an-der-dsq\/#breadcrumb"},"inLanguage":"de","potentialAction":[{"@type":"ReadAction","target":["https:\/\/www.caq.edu.ec\/de\/oferta-academica\/schullaufbahn-an-der-dsq\/"]}]},{"@type":"BreadcrumbList","@id":"https:\/\/www.caq.edu.ec\/de\/oferta-academica\/schullaufbahn-an-der-dsq\/#breadcrumb","itemListElement":[{"@type":"ListItem","position":1,"name":"Inicio","item":"https:\/\/www.caq.edu.ec\/"},{"@type":"ListItem","position":2,"name":"Bildungsangebote","item":"https:\/\/www.caq.edu.ec\/de\/oferta-academica\/"},{"@type":"ListItem","position":3,"name":"Schullaufbahn an der DSQ"}]},{"@type":"WebSite","@id":"https:\/\/www.caq.edu.ec\/#website","url":"https:\/\/www.caq.edu.ec\/","name":"Colegio Alem\u00e1n Quito","description":"Una puerta al mundo","potentialAction":[{"@type":"SearchAction","target":{"@type":"EntryPoint","urlTemplate":"https:\/\/www.caq.edu.ec\/?s={search_term_string}"},"query-input":{"@type":"PropertyValueSpecification","valueRequired":true,"valueName":"search_term_string"}}],"inLanguage":"de"}]}},"_links":{"self":[{"href":"https:\/\/www.caq.edu.ec\/de\/wp-json\/wp\/v2\/pages\/57275","targetHints":{"allow":["GET"]}}],"collection":[{"href":"https:\/\/www.caq.edu.ec\/de\/wp-json\/wp\/v2\/pages"}],"about":[{"href":"https:\/\/www.caq.edu.ec\/de\/wp-json\/wp\/v2\/types\/page"}],"author":[{"embeddable":true,"href":"https:\/\/www.caq.edu.ec\/de\/wp-json\/wp\/v2\/users\/6"}],"replies":[{"embeddable":true,"href":"https:\/\/www.caq.edu.ec\/de\/wp-json\/wp\/v2\/comments?post=57275"}],"version-history":[{"count":1,"href":"https:\/\/www.caq.edu.ec\/de\/wp-json\/wp\/v2\/pages\/57275\/revisions"}],"predecessor-version":[{"id":64652,"href":"https:\/\/www.caq.edu.ec\/de\/wp-json\/wp\/v2\/pages\/57275\/revisions\/64652"}],"up":[{"embeddable":true,"href":"https:\/\/www.caq.edu.ec\/de\/wp-json\/wp\/v2\/pages\/57241"}],"wp:attachment":[{"href":"https:\/\/www.caq.edu.ec\/de\/wp-json\/wp\/v2\/media?parent=57275"}],"curies":[{"name":"wp","href":"https:\/\/api.w.org\/{rel}","templated":true}]}}