{"id":57274,"date":"2019-03-11T16:36:44","date_gmt":"2019-03-11T21:36:44","guid":{"rendered":"https:\/\/www.caq.edu.ec\/arbeitnehmerausschuss\/"},"modified":"2024-11-27T09:49:59","modified_gmt":"2024-11-27T14:49:59","slug":"arbeitnehmerausschuss","status":"publish","type":"page","link":"https:\/\/www.caq.edu.ec\/de\/el-colegio\/arbeitnehmerausschuss\/","title":{"rendered":"Arbeitnehmerausschuss"},"content":{"rendered":"\t\t<div data-elementor-type=\"wp-page\" data-elementor-id=\"57274\" class=\"elementor elementor-57274 elementor-57109\" data-elementor-post-type=\"page\">\n\t\t\t\t<div class=\"elementor-element elementor-element-4f3bf8f1 e-flex e-con-boxed e-con e-parent\" data-id=\"4f3bf8f1\" data-element_type=\"container\" data-e-type=\"container\">\n\t\t\t\t\t<div class=\"e-con-inner\">\n\t\t<div class=\"elementor-element elementor-element-5c68afc e-con-full e-flex e-con e-child\" data-id=\"5c68afc\" data-element_type=\"container\" data-e-type=\"container\">\n\t\t\t\t<div class=\"elementor-element elementor-element-989bf70 elementor-widget elementor-widget-image\" data-id=\"989bf70\" data-element_type=\"widget\" data-e-type=\"widget\" data-widget_type=\"image.default\">\n\t\t\t\t<div class=\"elementor-widget-container\">\n\t\t\t\t\t\t\t\t\t\t\t\t\t\t\t<img fetchpriority=\"high\" decoding=\"async\" width=\"800\" height=\"486\" src=\"https:\/\/www.caq.edu.ec\/wp-content\/uploads\/2024\/11\/foto_Mesa-de-trabajo-1-1024x622.jpg\" class=\"attachment-large size-large wp-image-65540\" alt=\"\" srcset=\"https:\/\/www.caq.edu.ec\/wp-content\/uploads\/2024\/11\/foto_Mesa-de-trabajo-1-1024x622.jpg 1024w, https:\/\/www.caq.edu.ec\/wp-content\/uploads\/2024\/11\/foto_Mesa-de-trabajo-1-300x182.jpg 300w, https:\/\/www.caq.edu.ec\/wp-content\/uploads\/2024\/11\/foto_Mesa-de-trabajo-1-768x467.jpg 768w, https:\/\/www.caq.edu.ec\/wp-content\/uploads\/2024\/11\/foto_Mesa-de-trabajo-1-1536x933.jpg 1536w, https:\/\/www.caq.edu.ec\/wp-content\/uploads\/2024\/11\/foto_Mesa-de-trabajo-1-2048x1244.jpg 2048w\" sizes=\"(max-width: 800px) 100vw, 800px\" \/>\t\t\t\t\t\t\t\t\t\t\t\t\t\t\t<\/div>\n\t\t\t\t<\/div>\n\t\t\t\t<\/div>\n\t\t\t\t<div class=\"elementor-element elementor-element-ad468ca elementor-widget elementor-widget-text-editor\" data-id=\"ad468ca\" data-element_type=\"widget\" data-e-type=\"widget\" data-widget_type=\"text-editor.default\">\n\t\t\t\t<div class=\"elementor-widget-container\">\n\t\t\t\t\t\t\t\t\t<h3>Zielsetzung<\/h3><p>Der Ausschuss ist bestrebt, den Gesundheitsschutz und die Sicherheit am Arbeitsplatz zu f\u00f6rdern. Dar\u00fcber hinaus \u00fcberwacht er die Einhaltung der Bestimmungen der internen Ordnung f\u00fcr Gesundheit und Sicherheit am Arbeitsplatz und der geltenden nationalen Vorschriften. Er f\u00f6rdert das Wohlergehen der Arbeitnehmer und die Entwicklung des Arbeitgebers auf der Grundlage einer angemessenen Anpassung des Arbeitsumfeldes.<\/p><p>\u00a0<\/p><p>Mehr Information finden Sie unter:<\/p><div><a id=\"OWAeff70fb4-3ccc-ee46-2993-df43c84aab0a\" class=\"x_OWAAutoLink\" title=\"https:\/\/www.trabajo.gob.ec\/wp-content\/uploads\/2024\/01\/DECRETO-EJECUTIVO-255-REGLAMENTO-DE-SEGURIDAD-Y-SALUD-DE-LOS-TRABAJADORES.pdf\" href=\"https:\/\/www.trabajo.gob.ec\/wp-content\/uploads\/2024\/01\/DECRETO-EJECUTIVO-255-REGLAMENTO-DE-SEGURIDAD-Y-SALUD-DE-LOS-TRABAJADORES.pdf\" target=\"_blank\" rel=\"noopener noreferrer\" data-linkindex=\"0\" data-auth=\"NotApplicable\">https:\/\/www.trabajo.gob.ec\/wp-content\/uploads\/2024\/01\/DECRETO-EJECUTIVO-255-REGLAMENTO-DE-SEGURIDAD-Y-SALUD-DE-LOS-TRABAJADORES.pdf<\/a><\/div><div class=\"x_elementToProof\">\u00a0<\/div><h3>Mitglieder des Ausschusses 2024-2025<\/h3><div dir=\"auto\">Sandra Quiguango &#8211; Pr\u00e4sidentin<\/div><div dir=\"auto\">Hugo Garz\u00f3n<\/div><div dir=\"auto\">Medardo Silva<\/div><div dir=\"auto\">Patricia Jurado<\/div><div dir=\"auto\">Ma. Elena Cacuango<\/div><div dir=\"auto\">Patricia Armijos<\/div><div dir=\"auto\">Laura Langer<\/div><div dir=\"auto\">Mary Rodr\u00edguez<\/div><div dir=\"auto\">Diana H\u00fcbenthal<\/div><div dir=\"auto\"><div dir=\"auto\"><span data-olk-copy-source=\"MessageBody\">Diana Andrade<\/span><\/div><div dir=\"auto\"><span data-olk-copy-source=\"MessageBody\">Geovanna Larrea<\/span><\/div><\/div><div dir=\"auto\">Ma. Elisa Vega &#8211; Sekret\u00e4rin<\/div><div dir=\"auto\">\u00a0<\/div><h3 dir=\"auto\">Mitglieder SSO (Seguridad y Salud Ocupacional)<\/h3><div dir=\"auto\">Ra\u00fal Casares<\/div><div dir=\"auto\">Johana S\u00e9mper<\/div>\t\t\t\t\t\t\t\t<\/div>\n\t\t\t\t<\/div>\n\t\t\t\t\t<\/div>\n\t\t\t\t<\/div>\n\t\t\t\t<\/div>\n\t\t","protected":false},"excerpt":{"rendered":"<p>Zielsetzung Der Ausschuss ist bestrebt, den Gesundheitsschutz und die Sicherheit am Arbeitsplatz zu f\u00f6rdern. Dar\u00fcber hinaus \u00fcberwacht er die Einhaltung der Bestimmungen der internen Ordnung f\u00fcr Gesundheit und Sicherheit am Arbeitsplatz und der geltenden nationalen Vorschriften. Er f\u00f6rdert das Wohlergehen der Arbeitnehmer und die Entwicklung des Arbeitgebers auf der Grundlage einer angemessenen Anpassung des Arbeitsumfeldes. [&hellip;]<\/p>\n","protected":false},"author":6,"featured_media":0,"parent":57173,"menu_order":0,"comment_status":"closed","ping_status":"closed","template":"","meta":{"footnotes":""},"class_list":["post-57274","page","type-page","status-publish","hentry"],"yoast_head":"<!-- This site is optimized with the Yoast SEO plugin v27.3 - https:\/\/yoast.com\/product\/yoast-seo-wordpress\/ -->\n<title>Arbeitnehmerausschuss - Colegio Alem\u00e1n Quito<\/title>\n<meta name=\"robots\" content=\"index, follow, max-snippet:-1, max-image-preview:large, max-video-preview:-1\" \/>\n<link rel=\"canonical\" href=\"https:\/\/www.caq.edu.ec\/de\/el-colegio\/arbeitnehmerausschuss\/\" \/>\n<meta property=\"og:locale\" content=\"de_DE\" \/>\n<meta property=\"og:type\" content=\"article\" \/>\n<meta property=\"og:title\" content=\"Arbeitnehmerausschuss - Colegio Alem\u00e1n Quito\" \/>\n<meta property=\"og:description\" content=\"Zielsetzung Der Ausschuss ist bestrebt, den Gesundheitsschutz und die Sicherheit am Arbeitsplatz zu f\u00f6rdern. Dar\u00fcber hinaus \u00fcberwacht er die Einhaltung der Bestimmungen der internen Ordnung f\u00fcr Gesundheit und Sicherheit am Arbeitsplatz und der geltenden nationalen Vorschriften. Er f\u00f6rdert das Wohlergehen der Arbeitnehmer und die Entwicklung des Arbeitgebers auf der Grundlage einer angemessenen Anpassung des Arbeitsumfeldes. [&hellip;]\" \/>\n<meta property=\"og:url\" content=\"https:\/\/www.caq.edu.ec\/de\/el-colegio\/arbeitnehmerausschuss\/\" \/>\n<meta property=\"og:site_name\" content=\"Colegio Alem\u00e1n Quito\" \/>\n<meta property=\"article:modified_time\" content=\"2024-11-27T14:49:59+00:00\" \/>\n<meta property=\"og:image\" content=\"https:\/\/www.caq.edu.ec\/wp-content\/uploads\/2024\/11\/foto_Mesa-de-trabajo-1-scaled.jpg\" \/>\n\t<meta property=\"og:image:width\" content=\"2560\" \/>\n\t<meta property=\"og:image:height\" content=\"1556\" \/>\n\t<meta property=\"og:image:type\" content=\"image\/jpeg\" \/>\n<meta name=\"twitter:card\" content=\"summary_large_image\" \/>\n<meta name=\"twitter:label1\" content=\"Gesch\u00e4tzte Lesezeit\" \/>\n\t<meta name=\"twitter:data1\" content=\"1\u00a0Minute\" \/>\n<script type=\"application\/ld+json\" class=\"yoast-schema-graph\">{\"@context\":\"https:\\\/\\\/schema.org\",\"@graph\":[{\"@type\":\"WebPage\",\"@id\":\"https:\\\/\\\/www.caq.edu.ec\\\/de\\\/el-colegio\\\/arbeitnehmerausschuss\\\/\",\"url\":\"https:\\\/\\\/www.caq.edu.ec\\\/de\\\/el-colegio\\\/arbeitnehmerausschuss\\\/\",\"name\":\"Arbeitnehmerausschuss - Colegio Alem\u00e1n Quito\",\"isPartOf\":{\"@id\":\"https:\\\/\\\/www.caq.edu.ec\\\/#website\"},\"primaryImageOfPage\":{\"@id\":\"https:\\\/\\\/www.caq.edu.ec\\\/de\\\/el-colegio\\\/arbeitnehmerausschuss\\\/#primaryimage\"},\"image\":{\"@id\":\"https:\\\/\\\/www.caq.edu.ec\\\/de\\\/el-colegio\\\/arbeitnehmerausschuss\\\/#primaryimage\"},\"thumbnailUrl\":\"https:\\\/\\\/www.caq.edu.ec\\\/wp-content\\\/uploads\\\/2024\\\/11\\\/foto_Mesa-de-trabajo-1-1024x622.jpg\",\"datePublished\":\"2019-03-11T21:36:44+00:00\",\"dateModified\":\"2024-11-27T14:49:59+00:00\",\"breadcrumb\":{\"@id\":\"https:\\\/\\\/www.caq.edu.ec\\\/de\\\/el-colegio\\\/arbeitnehmerausschuss\\\/#breadcrumb\"},\"inLanguage\":\"de\",\"potentialAction\":[{\"@type\":\"ReadAction\",\"target\":[\"https:\\\/\\\/www.caq.edu.ec\\\/de\\\/el-colegio\\\/arbeitnehmerausschuss\\\/\"]}]},{\"@type\":\"ImageObject\",\"inLanguage\":\"de\",\"@id\":\"https:\\\/\\\/www.caq.edu.ec\\\/de\\\/el-colegio\\\/arbeitnehmerausschuss\\\/#primaryimage\",\"url\":\"https:\\\/\\\/www.caq.edu.ec\\\/wp-content\\\/uploads\\\/2024\\\/11\\\/foto_Mesa-de-trabajo-1-1024x622.jpg\",\"contentUrl\":\"https:\\\/\\\/www.caq.edu.ec\\\/wp-content\\\/uploads\\\/2024\\\/11\\\/foto_Mesa-de-trabajo-1-1024x622.jpg\"},{\"@type\":\"BreadcrumbList\",\"@id\":\"https:\\\/\\\/www.caq.edu.ec\\\/de\\\/el-colegio\\\/arbeitnehmerausschuss\\\/#breadcrumb\",\"itemListElement\":[{\"@type\":\"ListItem\",\"position\":1,\"name\":\"Inicio\",\"item\":\"https:\\\/\\\/www.caq.edu.ec\\\/\"},{\"@type\":\"ListItem\",\"position\":2,\"name\":\"Die Schule\",\"item\":\"https:\\\/\\\/www.caq.edu.ec\\\/el-colegio\\\/\"},{\"@type\":\"ListItem\",\"position\":3,\"name\":\"Arbeitnehmerausschuss\"}]},{\"@type\":\"WebSite\",\"@id\":\"https:\\\/\\\/www.caq.edu.ec\\\/#website\",\"url\":\"https:\\\/\\\/www.caq.edu.ec\\\/\",\"name\":\"Colegio Alem\u00e1n Quito\",\"description\":\"Una puerta al mundo\",\"potentialAction\":[{\"@type\":\"SearchAction\",\"target\":{\"@type\":\"EntryPoint\",\"urlTemplate\":\"https:\\\/\\\/www.caq.edu.ec\\\/?s={search_term_string}\"},\"query-input\":{\"@type\":\"PropertyValueSpecification\",\"valueRequired\":true,\"valueName\":\"search_term_string\"}}],\"inLanguage\":\"de\"}]}<\/script>\n<!-- \/ Yoast SEO plugin. -->","yoast_head_json":{"title":"Arbeitnehmerausschuss - Colegio Alem\u00e1n Quito","robots":{"index":"index","follow":"follow","max-snippet":"max-snippet:-1","max-image-preview":"max-image-preview:large","max-video-preview":"max-video-preview:-1"},"canonical":"https:\/\/www.caq.edu.ec\/de\/el-colegio\/arbeitnehmerausschuss\/","og_locale":"de_DE","og_type":"article","og_title":"Arbeitnehmerausschuss - Colegio Alem\u00e1n Quito","og_description":"Zielsetzung Der Ausschuss ist bestrebt, den Gesundheitsschutz und die Sicherheit am Arbeitsplatz zu f\u00f6rdern. Dar\u00fcber hinaus \u00fcberwacht er die Einhaltung der Bestimmungen der internen Ordnung f\u00fcr Gesundheit und Sicherheit am Arbeitsplatz und der geltenden nationalen Vorschriften. Er f\u00f6rdert das Wohlergehen der Arbeitnehmer und die Entwicklung des Arbeitgebers auf der Grundlage einer angemessenen Anpassung des Arbeitsumfeldes. [&hellip;]","og_url":"https:\/\/www.caq.edu.ec\/de\/el-colegio\/arbeitnehmerausschuss\/","og_site_name":"Colegio Alem\u00e1n Quito","article_modified_time":"2024-11-27T14:49:59+00:00","og_image":[{"width":2560,"height":1556,"url":"https:\/\/www.caq.edu.ec\/wp-content\/uploads\/2024\/11\/foto_Mesa-de-trabajo-1-scaled.jpg","type":"image\/jpeg"}],"twitter_card":"summary_large_image","twitter_misc":{"Gesch\u00e4tzte Lesezeit":"1\u00a0Minute"},"schema":{"@context":"https:\/\/schema.org","@graph":[{"@type":"WebPage","@id":"https:\/\/www.caq.edu.ec\/de\/el-colegio\/arbeitnehmerausschuss\/","url":"https:\/\/www.caq.edu.ec\/de\/el-colegio\/arbeitnehmerausschuss\/","name":"Arbeitnehmerausschuss - Colegio Alem\u00e1n Quito","isPartOf":{"@id":"https:\/\/www.caq.edu.ec\/#website"},"primaryImageOfPage":{"@id":"https:\/\/www.caq.edu.ec\/de\/el-colegio\/arbeitnehmerausschuss\/#primaryimage"},"image":{"@id":"https:\/\/www.caq.edu.ec\/de\/el-colegio\/arbeitnehmerausschuss\/#primaryimage"},"thumbnailUrl":"https:\/\/www.caq.edu.ec\/wp-content\/uploads\/2024\/11\/foto_Mesa-de-trabajo-1-1024x622.jpg","datePublished":"2019-03-11T21:36:44+00:00","dateModified":"2024-11-27T14:49:59+00:00","breadcrumb":{"@id":"https:\/\/www.caq.edu.ec\/de\/el-colegio\/arbeitnehmerausschuss\/#breadcrumb"},"inLanguage":"de","potentialAction":[{"@type":"ReadAction","target":["https:\/\/www.caq.edu.ec\/de\/el-colegio\/arbeitnehmerausschuss\/"]}]},{"@type":"ImageObject","inLanguage":"de","@id":"https:\/\/www.caq.edu.ec\/de\/el-colegio\/arbeitnehmerausschuss\/#primaryimage","url":"https:\/\/www.caq.edu.ec\/wp-content\/uploads\/2024\/11\/foto_Mesa-de-trabajo-1-1024x622.jpg","contentUrl":"https:\/\/www.caq.edu.ec\/wp-content\/uploads\/2024\/11\/foto_Mesa-de-trabajo-1-1024x622.jpg"},{"@type":"BreadcrumbList","@id":"https:\/\/www.caq.edu.ec\/de\/el-colegio\/arbeitnehmerausschuss\/#breadcrumb","itemListElement":[{"@type":"ListItem","position":1,"name":"Inicio","item":"https:\/\/www.caq.edu.ec\/"},{"@type":"ListItem","position":2,"name":"Die Schule","item":"https:\/\/www.caq.edu.ec\/el-colegio\/"},{"@type":"ListItem","position":3,"name":"Arbeitnehmerausschuss"}]},{"@type":"WebSite","@id":"https:\/\/www.caq.edu.ec\/#website","url":"https:\/\/www.caq.edu.ec\/","name":"Colegio Alem\u00e1n Quito","description":"Una puerta al mundo","potentialAction":[{"@type":"SearchAction","target":{"@type":"EntryPoint","urlTemplate":"https:\/\/www.caq.edu.ec\/?s={search_term_string}"},"query-input":{"@type":"PropertyValueSpecification","valueRequired":true,"valueName":"search_term_string"}}],"inLanguage":"de"}]}},"_links":{"self":[{"href":"https:\/\/www.caq.edu.ec\/de\/wp-json\/wp\/v2\/pages\/57274","targetHints":{"allow":["GET"]}}],"collection":[{"href":"https:\/\/www.caq.edu.ec\/de\/wp-json\/wp\/v2\/pages"}],"about":[{"href":"https:\/\/www.caq.edu.ec\/de\/wp-json\/wp\/v2\/types\/page"}],"author":[{"embeddable":true,"href":"https:\/\/www.caq.edu.ec\/de\/wp-json\/wp\/v2\/users\/6"}],"replies":[{"embeddable":true,"href":"https:\/\/www.caq.edu.ec\/de\/wp-json\/wp\/v2\/comments?post=57274"}],"version-history":[{"count":9,"href":"https:\/\/www.caq.edu.ec\/de\/wp-json\/wp\/v2\/pages\/57274\/revisions"}],"predecessor-version":[{"id":65573,"href":"https:\/\/www.caq.edu.ec\/de\/wp-json\/wp\/v2\/pages\/57274\/revisions\/65573"}],"up":[{"embeddable":true,"href":"https:\/\/www.caq.edu.ec\/de\/wp-json\/wp\/v2\/pages\/57173"}],"wp:attachment":[{"href":"https:\/\/www.caq.edu.ec\/de\/wp-json\/wp\/v2\/media?parent=57274"}],"curies":[{"name":"wp","href":"https:\/\/api.w.org\/{rel}","templated":true}]}}