{"id":57266,"date":"2018-12-10T02:01:43","date_gmt":"2018-12-10T07:01:43","guid":{"rendered":"https:\/\/www.caq.edu.ec\/geografia\/"},"modified":"2025-10-14T20:14:32","modified_gmt":"2025-10-15T01:14:32","slug":"geografia","status":"publish","type":"page","link":"https:\/\/www.caq.edu.ec\/de\/areas\/geografia\/","title":{"rendered":"Erdkunde"},"content":{"rendered":"<h2>Charakterisierung und\u00a0Ziele<\/h2>\n<div class=\"x_elementToProof\" data-olk-copy-source=\"MessageBody\">Geografie wird in den Klassen 5 sowie 10 bis 12 auf Deutsch angeboten. In der f\u00fcnften Klasse erhalten die Sch\u00fclerinnen und Sch\u00fcler einen Einblick in das geographische Arbeiten mit Karten und erhalten einen \u00dcberblick \u00fcber Deutschland. Dabei werden die politische sowie naturr\u00e4umliche Aufteilung Deutschlands behandelt, ebenso wie kulturelle Besonderheiten und die Nutzung sowie das Potenzial ausgesuchter R\u00e4ume.<\/div>\n<div>\u00a0<\/div>\n<div class=\"x_elementToProof\">In den Klassen 10 bis 12 liegt der Fokus auf den verschiedenen naturgeografischen R\u00e4umen der Erde, deren Ausstattung, Entwicklung und Herausforderungen. Die Jugendlichen lernen eine Vielzahl von oft faszinierenden, sch\u00f6nen und interessanten, aber auch widerspr\u00fcchlichen und problematischen naturr\u00e4umlichen und kulturellen Ph\u00e4nomenen und Prozessen kennen. Sie erfassen sowohl bisherige als auch aktuelle Entwicklungen sowie zu erwartende Ver\u00e4nderungen der Erde als Ganzes und in ihren Teilr\u00e4umen. Dabei wird ihnen bewusst, dass wir Menschen Teil des Systems Erde sind: Unsere Lebens-, Wirtschafts- und Verhaltensweisen k\u00f6nnen dieses System entscheidend gestalten, erhalten oder auch in seiner Regenerationsf\u00e4higkeit gef\u00e4hrden.\u00a0<\/div>\n<h2>Ansatz<\/h2>\n<p>Der Anthropoz\u00e4n-Ansatz thematisiert die raumpr\u00e4gende Wirkung menschlichen Handelns und erkl\u00e4rt den \u201eGeofaktor Mensch\u201c als die heute wirkm\u00e4chtigste Gr\u00f6\u00dfe im System Erde.<\/p>\n<h3>Mitglieder der Fachschaft<\/h3>\n<p>Julianne Ammon<br \/>Julia Busse (<a href=\"mailto:julia.busse@caq.edu.ec\">julia.busse@caq.edu.ec<\/a>), Fachleiterin<br \/>Matthias Fruck<\/p>\n\n\n<p><\/p>\n","protected":false},"excerpt":{"rendered":"<p>Charakterisierung und\u00a0Ziele Geografie wird in den Klassen 5 sowie 10 bis 12 auf Deutsch angeboten. In der f\u00fcnften Klasse erhalten die Sch\u00fclerinnen und Sch\u00fcler einen Einblick in das geographische Arbeiten mit Karten und erhalten einen \u00dcberblick \u00fcber Deutschland. Dabei werden die politische sowie naturr\u00e4umliche Aufteilung Deutschlands behandelt, ebenso wie kulturelle Besonderheiten und die Nutzung sowie [&hellip;]<\/p>\n","protected":false},"author":6,"featured_media":0,"parent":57234,"menu_order":0,"comment_status":"closed","ping_status":"closed","template":"","meta":{"footnotes":""},"class_list":["post-57266","page","type-page","status-publish","hentry"],"yoast_head":"<!-- This site is optimized with the Yoast SEO plugin v27.3 - https:\/\/yoast.com\/product\/yoast-seo-wordpress\/ -->\n<title>Erdkunde - Colegio Alem\u00e1n Quito<\/title>\n<meta name=\"robots\" content=\"index, follow, max-snippet:-1, max-image-preview:large, max-video-preview:-1\" \/>\n<link rel=\"canonical\" href=\"https:\/\/www.caq.edu.ec\/de\/areas\/geografia\/\" \/>\n<meta property=\"og:locale\" content=\"de_DE\" \/>\n<meta property=\"og:type\" content=\"article\" \/>\n<meta property=\"og:title\" content=\"Erdkunde - Colegio Alem\u00e1n Quito\" \/>\n<meta property=\"og:description\" content=\"Charakterisierung und\u00a0Ziele Geografie wird in den Klassen 5 sowie 10 bis 12 auf Deutsch angeboten. In der f\u00fcnften Klasse erhalten die Sch\u00fclerinnen und Sch\u00fcler einen Einblick in das geographische Arbeiten mit Karten und erhalten einen \u00dcberblick \u00fcber Deutschland. Dabei werden die politische sowie naturr\u00e4umliche Aufteilung Deutschlands behandelt, ebenso wie kulturelle Besonderheiten und die Nutzung sowie [&hellip;]\" \/>\n<meta property=\"og:url\" content=\"https:\/\/www.caq.edu.ec\/de\/areas\/geografia\/\" \/>\n<meta property=\"og:site_name\" content=\"Colegio Alem\u00e1n Quito\" \/>\n<meta property=\"article:modified_time\" content=\"2025-10-15T01:14:32+00:00\" \/>\n<meta name=\"twitter:card\" content=\"summary_large_image\" \/>\n<meta name=\"twitter:label1\" content=\"Gesch\u00e4tzte Lesezeit\" \/>\n\t<meta name=\"twitter:data1\" content=\"1\u00a0Minute\" \/>\n<script type=\"application\/ld+json\" class=\"yoast-schema-graph\">{\"@context\":\"https:\\\/\\\/schema.org\",\"@graph\":[{\"@type\":\"WebPage\",\"@id\":\"https:\\\/\\\/www.caq.edu.ec\\\/de\\\/areas\\\/geografia\\\/\",\"url\":\"https:\\\/\\\/www.caq.edu.ec\\\/de\\\/areas\\\/geografia\\\/\",\"name\":\"Erdkunde - Colegio Alem\u00e1n Quito\",\"isPartOf\":{\"@id\":\"https:\\\/\\\/www.caq.edu.ec\\\/#website\"},\"datePublished\":\"2018-12-10T07:01:43+00:00\",\"dateModified\":\"2025-10-15T01:14:32+00:00\",\"breadcrumb\":{\"@id\":\"https:\\\/\\\/www.caq.edu.ec\\\/de\\\/areas\\\/geografia\\\/#breadcrumb\"},\"inLanguage\":\"de\",\"potentialAction\":[{\"@type\":\"ReadAction\",\"target\":[\"https:\\\/\\\/www.caq.edu.ec\\\/de\\\/areas\\\/geografia\\\/\"]}]},{\"@type\":\"BreadcrumbList\",\"@id\":\"https:\\\/\\\/www.caq.edu.ec\\\/de\\\/areas\\\/geografia\\\/#breadcrumb\",\"itemListElement\":[{\"@type\":\"ListItem\",\"position\":1,\"name\":\"Inicio\",\"item\":\"https:\\\/\\\/www.caq.edu.ec\\\/\"},{\"@type\":\"ListItem\",\"position\":2,\"name\":\"Fachschaften\",\"item\":\"https:\\\/\\\/www.caq.edu.ec\\\/de\\\/areas\\\/\"},{\"@type\":\"ListItem\",\"position\":3,\"name\":\"Erdkunde\"}]},{\"@type\":\"WebSite\",\"@id\":\"https:\\\/\\\/www.caq.edu.ec\\\/#website\",\"url\":\"https:\\\/\\\/www.caq.edu.ec\\\/\",\"name\":\"Colegio Alem\u00e1n Quito\",\"description\":\"Una puerta al mundo\",\"potentialAction\":[{\"@type\":\"SearchAction\",\"target\":{\"@type\":\"EntryPoint\",\"urlTemplate\":\"https:\\\/\\\/www.caq.edu.ec\\\/?s={search_term_string}\"},\"query-input\":{\"@type\":\"PropertyValueSpecification\",\"valueRequired\":true,\"valueName\":\"search_term_string\"}}],\"inLanguage\":\"de\"}]}<\/script>\n<!-- \/ Yoast SEO plugin. -->","yoast_head_json":{"title":"Erdkunde - Colegio Alem\u00e1n Quito","robots":{"index":"index","follow":"follow","max-snippet":"max-snippet:-1","max-image-preview":"max-image-preview:large","max-video-preview":"max-video-preview:-1"},"canonical":"https:\/\/www.caq.edu.ec\/de\/areas\/geografia\/","og_locale":"de_DE","og_type":"article","og_title":"Erdkunde - Colegio Alem\u00e1n Quito","og_description":"Charakterisierung und\u00a0Ziele Geografie wird in den Klassen 5 sowie 10 bis 12 auf Deutsch angeboten. In der f\u00fcnften Klasse erhalten die Sch\u00fclerinnen und Sch\u00fcler einen Einblick in das geographische Arbeiten mit Karten und erhalten einen \u00dcberblick \u00fcber Deutschland. Dabei werden die politische sowie naturr\u00e4umliche Aufteilung Deutschlands behandelt, ebenso wie kulturelle Besonderheiten und die Nutzung sowie [&hellip;]","og_url":"https:\/\/www.caq.edu.ec\/de\/areas\/geografia\/","og_site_name":"Colegio Alem\u00e1n Quito","article_modified_time":"2025-10-15T01:14:32+00:00","twitter_card":"summary_large_image","twitter_misc":{"Gesch\u00e4tzte Lesezeit":"1\u00a0Minute"},"schema":{"@context":"https:\/\/schema.org","@graph":[{"@type":"WebPage","@id":"https:\/\/www.caq.edu.ec\/de\/areas\/geografia\/","url":"https:\/\/www.caq.edu.ec\/de\/areas\/geografia\/","name":"Erdkunde - Colegio Alem\u00e1n Quito","isPartOf":{"@id":"https:\/\/www.caq.edu.ec\/#website"},"datePublished":"2018-12-10T07:01:43+00:00","dateModified":"2025-10-15T01:14:32+00:00","breadcrumb":{"@id":"https:\/\/www.caq.edu.ec\/de\/areas\/geografia\/#breadcrumb"},"inLanguage":"de","potentialAction":[{"@type":"ReadAction","target":["https:\/\/www.caq.edu.ec\/de\/areas\/geografia\/"]}]},{"@type":"BreadcrumbList","@id":"https:\/\/www.caq.edu.ec\/de\/areas\/geografia\/#breadcrumb","itemListElement":[{"@type":"ListItem","position":1,"name":"Inicio","item":"https:\/\/www.caq.edu.ec\/"},{"@type":"ListItem","position":2,"name":"Fachschaften","item":"https:\/\/www.caq.edu.ec\/de\/areas\/"},{"@type":"ListItem","position":3,"name":"Erdkunde"}]},{"@type":"WebSite","@id":"https:\/\/www.caq.edu.ec\/#website","url":"https:\/\/www.caq.edu.ec\/","name":"Colegio Alem\u00e1n Quito","description":"Una puerta al mundo","potentialAction":[{"@type":"SearchAction","target":{"@type":"EntryPoint","urlTemplate":"https:\/\/www.caq.edu.ec\/?s={search_term_string}"},"query-input":{"@type":"PropertyValueSpecification","valueRequired":true,"valueName":"search_term_string"}}],"inLanguage":"de"}]}},"_links":{"self":[{"href":"https:\/\/www.caq.edu.ec\/de\/wp-json\/wp\/v2\/pages\/57266","targetHints":{"allow":["GET"]}}],"collection":[{"href":"https:\/\/www.caq.edu.ec\/de\/wp-json\/wp\/v2\/pages"}],"about":[{"href":"https:\/\/www.caq.edu.ec\/de\/wp-json\/wp\/v2\/types\/page"}],"author":[{"embeddable":true,"href":"https:\/\/www.caq.edu.ec\/de\/wp-json\/wp\/v2\/users\/6"}],"replies":[{"embeddable":true,"href":"https:\/\/www.caq.edu.ec\/de\/wp-json\/wp\/v2\/comments?post=57266"}],"version-history":[{"count":4,"href":"https:\/\/www.caq.edu.ec\/de\/wp-json\/wp\/v2\/pages\/57266\/revisions"}],"predecessor-version":[{"id":71348,"href":"https:\/\/www.caq.edu.ec\/de\/wp-json\/wp\/v2\/pages\/57266\/revisions\/71348"}],"up":[{"embeddable":true,"href":"https:\/\/www.caq.edu.ec\/de\/wp-json\/wp\/v2\/pages\/57234"}],"wp:attachment":[{"href":"https:\/\/www.caq.edu.ec\/de\/wp-json\/wp\/v2\/media?parent=57266"}],"curies":[{"name":"wp","href":"https:\/\/api.w.org\/{rel}","templated":true}]}}