{"id":57265,"date":"2018-11-30T19:26:21","date_gmt":"2018-12-01T00:26:21","guid":{"rendered":"https:\/\/www.caq.edu.ec\/sozialkunde\/"},"modified":"2025-10-08T11:19:00","modified_gmt":"2025-10-08T16:19:00","slug":"sozialkunde","status":"publish","type":"page","link":"https:\/\/www.caq.edu.ec\/de\/areas\/sozialkunde\/","title":{"rendered":"Sozialkunde"},"content":{"rendered":"\t\t<div data-elementor-type=\"wp-page\" data-elementor-id=\"57265\" class=\"elementor elementor-57265 elementor-57099\" data-elementor-post-type=\"page\">\n\t\t\t\t<div class=\"elementor-element elementor-element-67d0fc96 e-flex e-con-boxed e-con e-parent\" data-id=\"67d0fc96\" data-element_type=\"container\" data-e-type=\"container\">\n\t\t\t\t\t<div class=\"e-con-inner\">\n\t\t\t\t<div class=\"elementor-element elementor-element-1d358c9e elementor-widget elementor-widget-text-editor\" data-id=\"1d358c9e\" data-element_type=\"widget\" data-e-type=\"widget\" data-widget_type=\"text-editor.default\">\n\t\t\t\t<div class=\"elementor-widget-container\">\n\t\t\t\t\t\t\t\t\t<h2>Sozialkunde an der DSQ<\/h2><p data-start=\"241\" data-end=\"979\">Wir leben in einer globalisierten, dynamischen und sich rasant ver\u00e4ndernden Welt. Technologische Fortschritte, die Mobilit\u00e4t der Menschen, die Vernetzung der Volkswirtschaften und die gemeinsamen globalen Herausforderungen \u2013 wie der Klimawandel, geopolitische Konflikte oder Migration \u2013 erfordern eine kritische, informierte, reflektierte und empathische B\u00fcrgerschaft. In diesem Zusammenhang spielen die Gesellschaftswissenschaften eine zentrale Rolle: Sie erm\u00f6glichen es den Sch\u00fclerinnen und Sch\u00fclern, die Welt, in der sie leben, zu verstehen \u2013 aus einer Perspektive, die Vergangenheit und Gegenwart, das Lokale und das Globale sowie die individuelle Erfahrung mit den historischen und geografischen Prozessen der Menschheit verbindet.<\/p><p data-start=\"981\" data-end=\"1973\">Durch die Integration von Geschichte und Geografie basieren die Gesellschaftswissenschaften auf einer humanistischen und wissenschaftlichen Sichtweise, die Neugier, Forschung, kritische Analyse und Respekt f\u00fcr kulturelle und r\u00e4umliche Vielfalt f\u00f6rdert. Dieser Ansatz hat das Ziel, Sch\u00fclerinnen und Sch\u00fcler mit einem globalen Blick zu bilden, die in der Lage sind, die vielf\u00e4ltigen Realit\u00e4ten unseres Planeten zu verstehen, ohne die Verbundenheit mit ihrer eigenen lokalen und regionalen Identit\u00e4t zu verlieren. Das Wissen \u00fcber die unmittelbare Umgebung wird mit dem Studium anderer Regionen der Welt verkn\u00fcpft, wodurch bedeutungsvolle Verbindungen zwischen Kulturen, historischen Prozessen und geografischen Ver\u00e4nderungen entstehen. Auf diese Weise entwickeln die Sch\u00fclerinnen und Sch\u00fcler Kompetenzen, die es ihnen erm\u00f6glichen, die Welt kritisch zu betrachten, die Vielfalt der Menschheit wertzusch\u00e4tzen und aktiv an der Gestaltung gerechterer und nachhaltigerer Gesellschaften mitzuwirken.<\/p><p data-start=\"1975\" data-end=\"2524\">Zusammenfassend l\u00e4sst sich sagen, dass das Fach Gesellschaftswissenschaften nicht nur darauf abzielt, Sch\u00fclerinnen und Sch\u00fclern fundierte Kenntnisse in Geschichte und Geografie zu vermitteln, sondern auch Menschen zu bilden, die die wechselseitigen Abh\u00e4ngigkeiten der heutigen Welt verstehen, ihr kulturelles Erbe wertsch\u00e4tzen und aktiv und bewusst an der globalen Gesellschaft teilnehmen. Damit festigen sich die Gesellschaftswissenschaften als ein grundlegendes Fach f\u00fcr die ganzheitliche Bildung der B\u00fcrgerinnen und B\u00fcrger des 21. Jahrhunderts.<\/p><h2>Mitglieder der Fachschaft<\/h2><ul><li>Carlos Alonso<\/li><li>Galo Cevallos<\/li><li>Daniela D\u00e1vila<\/li><li>Juan Pablo Proa\u00f1o<\/li><\/ul><p>\u00a0<\/p><h3>Fachleitung<\/h3><p>Galo Cevallos (<a href=\"mailto:galo.cevallos@caq.edu.ec\" target=\"_blank\" rel=\"noopener\">galo.cevallos@caq.edu.ec<\/a>)<\/p>\t\t\t\t\t\t\t\t<\/div>\n\t\t\t\t<\/div>\n\t\t\t\t\t<\/div>\n\t\t\t\t<\/div>\n\t\t\t\t<\/div>\n\t\t","protected":false},"excerpt":{"rendered":"<p>Sozialkunde an der DSQ Wir leben in einer globalisierten, dynamischen und sich rasant ver\u00e4ndernden Welt. Technologische Fortschritte, die Mobilit\u00e4t der Menschen, die Vernetzung der Volkswirtschaften und die gemeinsamen globalen Herausforderungen \u2013 wie der Klimawandel, geopolitische Konflikte oder Migration \u2013 erfordern eine kritische, informierte, reflektierte und empathische B\u00fcrgerschaft. In diesem Zusammenhang spielen die Gesellschaftswissenschaften eine zentrale [&hellip;]<\/p>\n","protected":false},"author":6,"featured_media":0,"parent":57234,"menu_order":0,"comment_status":"closed","ping_status":"closed","template":"","meta":{"footnotes":""},"class_list":["post-57265","page","type-page","status-publish","hentry"],"yoast_head":"<!-- This site is optimized with the Yoast SEO plugin v27.3 - https:\/\/yoast.com\/product\/yoast-seo-wordpress\/ -->\n<title>Sozialkunde - Colegio Alem\u00e1n Quito<\/title>\n<meta name=\"robots\" content=\"index, follow, max-snippet:-1, max-image-preview:large, max-video-preview:-1\" \/>\n<link rel=\"canonical\" href=\"https:\/\/www.caq.edu.ec\/de\/areas\/sozialkunde\/\" \/>\n<meta property=\"og:locale\" content=\"de_DE\" \/>\n<meta property=\"og:type\" content=\"article\" \/>\n<meta property=\"og:title\" content=\"Sozialkunde - Colegio Alem\u00e1n Quito\" \/>\n<meta property=\"og:description\" content=\"Sozialkunde an der DSQ Wir leben in einer globalisierten, dynamischen und sich rasant ver\u00e4ndernden Welt. Technologische Fortschritte, die Mobilit\u00e4t der Menschen, die Vernetzung der Volkswirtschaften und die gemeinsamen globalen Herausforderungen \u2013 wie der Klimawandel, geopolitische Konflikte oder Migration \u2013 erfordern eine kritische, informierte, reflektierte und empathische B\u00fcrgerschaft. In diesem Zusammenhang spielen die Gesellschaftswissenschaften eine zentrale [&hellip;]\" \/>\n<meta property=\"og:url\" content=\"https:\/\/www.caq.edu.ec\/de\/areas\/sozialkunde\/\" \/>\n<meta property=\"og:site_name\" content=\"Colegio Alem\u00e1n Quito\" \/>\n<meta property=\"article:modified_time\" content=\"2025-10-08T16:19:00+00:00\" \/>\n<meta name=\"twitter:card\" content=\"summary_large_image\" \/>\n<meta name=\"twitter:label1\" content=\"Gesch\u00e4tzte Lesezeit\" \/>\n\t<meta name=\"twitter:data1\" content=\"2\u00a0Minuten\" \/>\n<script type=\"application\/ld+json\" class=\"yoast-schema-graph\">{\"@context\":\"https:\\\/\\\/schema.org\",\"@graph\":[{\"@type\":\"WebPage\",\"@id\":\"https:\\\/\\\/www.caq.edu.ec\\\/de\\\/areas\\\/sozialkunde\\\/\",\"url\":\"https:\\\/\\\/www.caq.edu.ec\\\/de\\\/areas\\\/sozialkunde\\\/\",\"name\":\"Sozialkunde - Colegio Alem\u00e1n Quito\",\"isPartOf\":{\"@id\":\"https:\\\/\\\/www.caq.edu.ec\\\/#website\"},\"datePublished\":\"2018-12-01T00:26:21+00:00\",\"dateModified\":\"2025-10-08T16:19:00+00:00\",\"breadcrumb\":{\"@id\":\"https:\\\/\\\/www.caq.edu.ec\\\/de\\\/areas\\\/sozialkunde\\\/#breadcrumb\"},\"inLanguage\":\"de\",\"potentialAction\":[{\"@type\":\"ReadAction\",\"target\":[\"https:\\\/\\\/www.caq.edu.ec\\\/de\\\/areas\\\/sozialkunde\\\/\"]}]},{\"@type\":\"BreadcrumbList\",\"@id\":\"https:\\\/\\\/www.caq.edu.ec\\\/de\\\/areas\\\/sozialkunde\\\/#breadcrumb\",\"itemListElement\":[{\"@type\":\"ListItem\",\"position\":1,\"name\":\"Inicio\",\"item\":\"https:\\\/\\\/www.caq.edu.ec\\\/\"},{\"@type\":\"ListItem\",\"position\":2,\"name\":\"Fachschaften\",\"item\":\"https:\\\/\\\/www.caq.edu.ec\\\/de\\\/areas\\\/\"},{\"@type\":\"ListItem\",\"position\":3,\"name\":\"Sozialkunde\"}]},{\"@type\":\"WebSite\",\"@id\":\"https:\\\/\\\/www.caq.edu.ec\\\/#website\",\"url\":\"https:\\\/\\\/www.caq.edu.ec\\\/\",\"name\":\"Colegio Alem\u00e1n Quito\",\"description\":\"Una puerta al mundo\",\"potentialAction\":[{\"@type\":\"SearchAction\",\"target\":{\"@type\":\"EntryPoint\",\"urlTemplate\":\"https:\\\/\\\/www.caq.edu.ec\\\/?s={search_term_string}\"},\"query-input\":{\"@type\":\"PropertyValueSpecification\",\"valueRequired\":true,\"valueName\":\"search_term_string\"}}],\"inLanguage\":\"de\"}]}<\/script>\n<!-- \/ Yoast SEO plugin. -->","yoast_head_json":{"title":"Sozialkunde - Colegio Alem\u00e1n Quito","robots":{"index":"index","follow":"follow","max-snippet":"max-snippet:-1","max-image-preview":"max-image-preview:large","max-video-preview":"max-video-preview:-1"},"canonical":"https:\/\/www.caq.edu.ec\/de\/areas\/sozialkunde\/","og_locale":"de_DE","og_type":"article","og_title":"Sozialkunde - Colegio Alem\u00e1n Quito","og_description":"Sozialkunde an der DSQ Wir leben in einer globalisierten, dynamischen und sich rasant ver\u00e4ndernden Welt. Technologische Fortschritte, die Mobilit\u00e4t der Menschen, die Vernetzung der Volkswirtschaften und die gemeinsamen globalen Herausforderungen \u2013 wie der Klimawandel, geopolitische Konflikte oder Migration \u2013 erfordern eine kritische, informierte, reflektierte und empathische B\u00fcrgerschaft. In diesem Zusammenhang spielen die Gesellschaftswissenschaften eine zentrale [&hellip;]","og_url":"https:\/\/www.caq.edu.ec\/de\/areas\/sozialkunde\/","og_site_name":"Colegio Alem\u00e1n Quito","article_modified_time":"2025-10-08T16:19:00+00:00","twitter_card":"summary_large_image","twitter_misc":{"Gesch\u00e4tzte Lesezeit":"2\u00a0Minuten"},"schema":{"@context":"https:\/\/schema.org","@graph":[{"@type":"WebPage","@id":"https:\/\/www.caq.edu.ec\/de\/areas\/sozialkunde\/","url":"https:\/\/www.caq.edu.ec\/de\/areas\/sozialkunde\/","name":"Sozialkunde - Colegio Alem\u00e1n Quito","isPartOf":{"@id":"https:\/\/www.caq.edu.ec\/#website"},"datePublished":"2018-12-01T00:26:21+00:00","dateModified":"2025-10-08T16:19:00+00:00","breadcrumb":{"@id":"https:\/\/www.caq.edu.ec\/de\/areas\/sozialkunde\/#breadcrumb"},"inLanguage":"de","potentialAction":[{"@type":"ReadAction","target":["https:\/\/www.caq.edu.ec\/de\/areas\/sozialkunde\/"]}]},{"@type":"BreadcrumbList","@id":"https:\/\/www.caq.edu.ec\/de\/areas\/sozialkunde\/#breadcrumb","itemListElement":[{"@type":"ListItem","position":1,"name":"Inicio","item":"https:\/\/www.caq.edu.ec\/"},{"@type":"ListItem","position":2,"name":"Fachschaften","item":"https:\/\/www.caq.edu.ec\/de\/areas\/"},{"@type":"ListItem","position":3,"name":"Sozialkunde"}]},{"@type":"WebSite","@id":"https:\/\/www.caq.edu.ec\/#website","url":"https:\/\/www.caq.edu.ec\/","name":"Colegio Alem\u00e1n Quito","description":"Una puerta al mundo","potentialAction":[{"@type":"SearchAction","target":{"@type":"EntryPoint","urlTemplate":"https:\/\/www.caq.edu.ec\/?s={search_term_string}"},"query-input":{"@type":"PropertyValueSpecification","valueRequired":true,"valueName":"search_term_string"}}],"inLanguage":"de"}]}},"_links":{"self":[{"href":"https:\/\/www.caq.edu.ec\/de\/wp-json\/wp\/v2\/pages\/57265","targetHints":{"allow":["GET"]}}],"collection":[{"href":"https:\/\/www.caq.edu.ec\/de\/wp-json\/wp\/v2\/pages"}],"about":[{"href":"https:\/\/www.caq.edu.ec\/de\/wp-json\/wp\/v2\/types\/page"}],"author":[{"embeddable":true,"href":"https:\/\/www.caq.edu.ec\/de\/wp-json\/wp\/v2\/users\/6"}],"replies":[{"embeddable":true,"href":"https:\/\/www.caq.edu.ec\/de\/wp-json\/wp\/v2\/comments?post=57265"}],"version-history":[{"count":4,"href":"https:\/\/www.caq.edu.ec\/de\/wp-json\/wp\/v2\/pages\/57265\/revisions"}],"predecessor-version":[{"id":71324,"href":"https:\/\/www.caq.edu.ec\/de\/wp-json\/wp\/v2\/pages\/57265\/revisions\/71324"}],"up":[{"embeddable":true,"href":"https:\/\/www.caq.edu.ec\/de\/wp-json\/wp\/v2\/pages\/57234"}],"wp:attachment":[{"href":"https:\/\/www.caq.edu.ec\/de\/wp-json\/wp\/v2\/media?parent=57265"}],"curies":[{"name":"wp","href":"https:\/\/api.w.org\/{rel}","templated":true}]}}