{"id":57262,"date":"2012-03-23T23:27:55","date_gmt":"2012-03-24T04:27:55","guid":{"rendered":"https:\/\/www.caq.edu.ec\/dam\/"},"modified":"2025-09-24T17:14:36","modified_gmt":"2025-09-24T22:14:36","slug":"dam","status":"publish","type":"page","link":"https:\/\/www.caq.edu.ec\/de\/areas\/deutsch\/dam\/","title":{"rendered":"Deutsch als Muttersprache (D 1)"},"content":{"rendered":"<h2>Deutsch als Muttersprache in der Primaria (D1)<\/h2>\n<p>Wir unterrichten in den Klassenstufen 1-6 Deutsch als Muttersprache (D1). Unser Schwerpunkt liegt im kompetenzf\u00f6rdernden Unterricht. Wir Lehrkr\u00e4fte tragen fachlich und lebensweltlich bedeutsame Inhalte und Aufgaben an die Kinder heran. Dazu arbeiten wir nach M\u00f6glichkeit f\u00e4cher\u00fcbergreifend. Die Problem- und Fragestellungen werden so ausgelegt, dass sie Motivation erm\u00f6glichen. Die Einbettung der Problem- oder Fragestellung in bereits gelebte Situationen und unter Ber\u00fccksichtigung des Lernens in Form einer Spirale sind f\u00fcr uns zentral, um eine authentische Anforderungssituation zu schaffen. Die gestellten Aufgaben sind von Kommunikations- und Kooperationsprozessen gepr\u00e4gt. Uns ist wichtig, den Kindern Erfolgserlebnisse zu erm\u00f6glichen und diese durch regelm\u00e4\u00dfige R\u00fcckmeldung zu kommunizieren. Wir stellen nieveauangepasste Lernangebote zur Verf\u00fcgung, um die individuellen Lernprozesse auf unterschiedlichen Kompetenzstufen zu ber\u00fccksichtigen.<\/p>\n<p>Unsere Arbeit richtet sich sowohl nach dem Lehrplan Baden-W\u00fcrttembergs wie auch nach dem internen Schulcurriculum des Faches Deutsch an der Deutschen Schule Quito. Das aktuelle Lehrmittel der 1. bis 4. Klasse hei\u00dft ABC der Tiere. Dieses wird vom Schulbeginn bis zu 4. Klasse gef\u00fchrt und erm\u00f6glicht differenzierten Unterricht. Um den unterschiedlichen Niveaustufen innerhalb einer Jahrgangsstufe gerecht zu werden, erstellen wir Lehrkr\u00e4fte zus\u00e4tzliches Material und bieten dieses in Form von Projekten, Wochenpl\u00e4nen oder Stationenarbeit an.<\/p>\n<p>Einmal im Jahr organisieren wir eine gemeinsame Ausstellung, gegenseitige Buchvorstellungen oder klassen\u00fcbergreifende Vorlesezeiten, um den Kindern die Freude und das Interesse an der deutschen Sprache zu vermitteln.<\/p>\n<h3>Fachleiteitung<\/h3>\n<p>Susanne Maass: 1-3 (<a href=\"mailto:susanne.maass@caq.edu.ec\">susanne.maass@caq.edu.ec<\/a>)<\/p>\n<p>Melanie Paris 4-6 (<a href=\"mailto:melanie.paris@caq.edu.ec\" target=\"_blank\" rel=\"noopener\">melanie.paris@caq.edu.ec<\/a>)<\/p>\n<h2>Deutsch als Muttersprache in der Sekundaria<\/h2>\n<p>Im Fach Deutsch geht es vor allem um die F\u00e4higkeiten, andere zu verstehen und verstanden zu werden. Dazu nutzen wir fiktionale und non-fiktionale Texte, aber auch andere Medien.\u00a0Durch die Besch\u00e4ftigung mit deutschsprachiger Literatur wird den Sch\u00fclern insbesondere ein Zugang zum deutschsprachigen Kulturraum er\u00f6ffnet. Dabei werden nicht nur spezifisch deutsche Themen behandelt, sondern auch kultur\u00fcbergreifende Fragen, z. B. Fragen nach dem Individuum, der Gesellschaft, der Interaktion, der Moral oder dem Verh\u00e4ltnis des Menschen zu seiner Umgebung.<\/p>\n<p>Ziel ist es, das Verst\u00e4ndnis anderer Perspektiven und die eigene Ausdrucksf\u00e4higkeit zu erh\u00f6hen, aber auch vernetztes Denken und die Freude an Sprache und Literatur zu f\u00f6rdern.<\/p>\n<p>Die Anforderungen erh\u00f6hen sich im Fach Deutsch von Jahr zu Jahr und fordern dabei von den Sch\u00fclern generell ein hohes Ma\u00df an Kommunikations- und Lesebereitschaft. Beides ist Voraussetzung f\u00fcr die Weiterentwicklung eines umfassenden Verst\u00e4ndnisses von sich selbst und anderen und einer (selbst-)kritischen, analytischen Reflexionsf\u00e4higkeit der Sch\u00fcler.<\/p>\n<p>\u00a0<\/p>\n<h3>Mitglieder der Fachschaft<\/h3>\n<p class=\"x_MsoNormal\"><strong>Anna Casademont, Fachleiterin (<a href=\"mailto:anna.casademont@caq.edu.ec\" target=\"_blank\" rel=\"noopener\">anna.casademont@caq.edu.ec<\/a>)<\/strong><\/p>\n<p class=\"x_MsoNormal\">Luis Beckmann<\/p>\n<p class=\"x_MsoNormal\">Fabian Busse<\/p>\n<p>Thomas Engelhardt<\/p>\n<p>Holger Kellmeyer\u00a0<\/p>\n<p class=\"x_MsoNormal\">Mirjam\u00a0<span class=\"mark5aaoeo9km\" data-markjs=\"true\" data-ogac=\"\" data-ogab=\"\" data-ogsc=\"\" data-ogsb=\"\">Maage<\/span>\u00a0<\/p>\n<p class=\"x_MsoNormal\">Alexander Maser<\/p>\n<p>Jana Rau-Dreher<\/p>\n<h3>\u00a0<\/h3>\n<h3>Wie findet man deutschsprachige Filme in den digitalen Medien?<\/h3>\n<p>Damit ihr auch in den Ferien eure Deutschkenntnisse verbessern k\u00f6nnt, haben wir f\u00fcr euch eine Liste von spannenden Filmen zusammengestellt: <a href=\"https:\/\/www.caq.edu.ec\/wp-content\/uploads\/2023\/03\/Medienempfehlungen-DaF-und-DaM-off.pdf\" target=\"_blank\" rel=\"noopener noreferrer\">Medienempfehlungen Deutsch<\/a><\/p>\n<p><!-- Text: [end] --><!-- CONTENT ELEMENT, uid:527\/text [end] --><!--:--><\/p>\n\n\n<p><\/p>\n","protected":false},"excerpt":{"rendered":"<p>Deutsch als Muttersprache in der Primaria (D1) Wir unterrichten in den Klassenstufen 1-6 Deutsch als Muttersprache (D1). Unser Schwerpunkt liegt im kompetenzf\u00f6rdernden Unterricht. Wir Lehrkr\u00e4fte tragen fachlich und lebensweltlich bedeutsame Inhalte und Aufgaben an die Kinder heran. Dazu arbeiten wir nach M\u00f6glichkeit f\u00e4cher\u00fcbergreifend. Die Problem- und Fragestellungen werden so ausgelegt, dass sie Motivation erm\u00f6glichen. Die [&hellip;]<\/p>\n","protected":false},"author":6,"featured_media":0,"parent":57239,"menu_order":0,"comment_status":"closed","ping_status":"closed","template":"","meta":{"footnotes":""},"class_list":["post-57262","page","type-page","status-publish","hentry"],"yoast_head":"<!-- This site is optimized with the Yoast SEO plugin v27.3 - https:\/\/yoast.com\/product\/yoast-seo-wordpress\/ -->\n<title>Deutsch als Muttersprache (D 1) - Colegio Alem\u00e1n Quito<\/title>\n<meta name=\"robots\" content=\"index, follow, max-snippet:-1, max-image-preview:large, max-video-preview:-1\" \/>\n<link rel=\"canonical\" href=\"https:\/\/www.caq.edu.ec\/de\/areas\/deutsch\/dam\/\" \/>\n<meta property=\"og:locale\" content=\"de_DE\" \/>\n<meta property=\"og:type\" content=\"article\" \/>\n<meta property=\"og:title\" content=\"Deutsch als Muttersprache (D 1) - Colegio Alem\u00e1n Quito\" \/>\n<meta property=\"og:description\" content=\"Deutsch als Muttersprache in der Primaria (D1) Wir unterrichten in den Klassenstufen 1-6 Deutsch als Muttersprache (D1). Unser Schwerpunkt liegt im kompetenzf\u00f6rdernden Unterricht. Wir Lehrkr\u00e4fte tragen fachlich und lebensweltlich bedeutsame Inhalte und Aufgaben an die Kinder heran. Dazu arbeiten wir nach M\u00f6glichkeit f\u00e4cher\u00fcbergreifend. Die Problem- und Fragestellungen werden so ausgelegt, dass sie Motivation erm\u00f6glichen. Die [&hellip;]\" \/>\n<meta property=\"og:url\" content=\"https:\/\/www.caq.edu.ec\/de\/areas\/deutsch\/dam\/\" \/>\n<meta property=\"og:site_name\" content=\"Colegio Alem\u00e1n Quito\" \/>\n<meta property=\"article:modified_time\" content=\"2025-09-24T22:14:36+00:00\" \/>\n<meta name=\"twitter:card\" content=\"summary_large_image\" \/>\n<meta name=\"twitter:label1\" content=\"Gesch\u00e4tzte Lesezeit\" \/>\n\t<meta name=\"twitter:data1\" content=\"3\u00a0Minuten\" \/>\n<script type=\"application\/ld+json\" class=\"yoast-schema-graph\">{\"@context\":\"https:\\\/\\\/schema.org\",\"@graph\":[{\"@type\":\"WebPage\",\"@id\":\"https:\\\/\\\/www.caq.edu.ec\\\/de\\\/areas\\\/deutsch\\\/dam\\\/\",\"url\":\"https:\\\/\\\/www.caq.edu.ec\\\/de\\\/areas\\\/deutsch\\\/dam\\\/\",\"name\":\"Deutsch als Muttersprache (D 1) - Colegio Alem\u00e1n Quito\",\"isPartOf\":{\"@id\":\"https:\\\/\\\/www.caq.edu.ec\\\/#website\"},\"datePublished\":\"2012-03-24T04:27:55+00:00\",\"dateModified\":\"2025-09-24T22:14:36+00:00\",\"breadcrumb\":{\"@id\":\"https:\\\/\\\/www.caq.edu.ec\\\/de\\\/areas\\\/deutsch\\\/dam\\\/#breadcrumb\"},\"inLanguage\":\"de\",\"potentialAction\":[{\"@type\":\"ReadAction\",\"target\":[\"https:\\\/\\\/www.caq.edu.ec\\\/de\\\/areas\\\/deutsch\\\/dam\\\/\"]}]},{\"@type\":\"BreadcrumbList\",\"@id\":\"https:\\\/\\\/www.caq.edu.ec\\\/de\\\/areas\\\/deutsch\\\/dam\\\/#breadcrumb\",\"itemListElement\":[{\"@type\":\"ListItem\",\"position\":1,\"name\":\"Inicio\",\"item\":\"https:\\\/\\\/www.caq.edu.ec\\\/\"},{\"@type\":\"ListItem\",\"position\":2,\"name\":\"Fachschaften\",\"item\":\"https:\\\/\\\/www.caq.edu.ec\\\/de\\\/areas\\\/\"},{\"@type\":\"ListItem\",\"position\":3,\"name\":\"Deutsch\",\"item\":\"https:\\\/\\\/www.caq.edu.ec\\\/de\\\/areas\\\/deutsch\\\/\"},{\"@type\":\"ListItem\",\"position\":4,\"name\":\"Deutsch als Muttersprache (D 1)\"}]},{\"@type\":\"WebSite\",\"@id\":\"https:\\\/\\\/www.caq.edu.ec\\\/#website\",\"url\":\"https:\\\/\\\/www.caq.edu.ec\\\/\",\"name\":\"Colegio Alem\u00e1n Quito\",\"description\":\"Una puerta al mundo\",\"potentialAction\":[{\"@type\":\"SearchAction\",\"target\":{\"@type\":\"EntryPoint\",\"urlTemplate\":\"https:\\\/\\\/www.caq.edu.ec\\\/?s={search_term_string}\"},\"query-input\":{\"@type\":\"PropertyValueSpecification\",\"valueRequired\":true,\"valueName\":\"search_term_string\"}}],\"inLanguage\":\"de\"}]}<\/script>\n<!-- \/ Yoast SEO plugin. -->","yoast_head_json":{"title":"Deutsch als Muttersprache (D 1) - Colegio Alem\u00e1n Quito","robots":{"index":"index","follow":"follow","max-snippet":"max-snippet:-1","max-image-preview":"max-image-preview:large","max-video-preview":"max-video-preview:-1"},"canonical":"https:\/\/www.caq.edu.ec\/de\/areas\/deutsch\/dam\/","og_locale":"de_DE","og_type":"article","og_title":"Deutsch als Muttersprache (D 1) - Colegio Alem\u00e1n Quito","og_description":"Deutsch als Muttersprache in der Primaria (D1) Wir unterrichten in den Klassenstufen 1-6 Deutsch als Muttersprache (D1). Unser Schwerpunkt liegt im kompetenzf\u00f6rdernden Unterricht. Wir Lehrkr\u00e4fte tragen fachlich und lebensweltlich bedeutsame Inhalte und Aufgaben an die Kinder heran. Dazu arbeiten wir nach M\u00f6glichkeit f\u00e4cher\u00fcbergreifend. Die Problem- und Fragestellungen werden so ausgelegt, dass sie Motivation erm\u00f6glichen. Die [&hellip;]","og_url":"https:\/\/www.caq.edu.ec\/de\/areas\/deutsch\/dam\/","og_site_name":"Colegio Alem\u00e1n Quito","article_modified_time":"2025-09-24T22:14:36+00:00","twitter_card":"summary_large_image","twitter_misc":{"Gesch\u00e4tzte Lesezeit":"3\u00a0Minuten"},"schema":{"@context":"https:\/\/schema.org","@graph":[{"@type":"WebPage","@id":"https:\/\/www.caq.edu.ec\/de\/areas\/deutsch\/dam\/","url":"https:\/\/www.caq.edu.ec\/de\/areas\/deutsch\/dam\/","name":"Deutsch als Muttersprache (D 1) - Colegio Alem\u00e1n Quito","isPartOf":{"@id":"https:\/\/www.caq.edu.ec\/#website"},"datePublished":"2012-03-24T04:27:55+00:00","dateModified":"2025-09-24T22:14:36+00:00","breadcrumb":{"@id":"https:\/\/www.caq.edu.ec\/de\/areas\/deutsch\/dam\/#breadcrumb"},"inLanguage":"de","potentialAction":[{"@type":"ReadAction","target":["https:\/\/www.caq.edu.ec\/de\/areas\/deutsch\/dam\/"]}]},{"@type":"BreadcrumbList","@id":"https:\/\/www.caq.edu.ec\/de\/areas\/deutsch\/dam\/#breadcrumb","itemListElement":[{"@type":"ListItem","position":1,"name":"Inicio","item":"https:\/\/www.caq.edu.ec\/"},{"@type":"ListItem","position":2,"name":"Fachschaften","item":"https:\/\/www.caq.edu.ec\/de\/areas\/"},{"@type":"ListItem","position":3,"name":"Deutsch","item":"https:\/\/www.caq.edu.ec\/de\/areas\/deutsch\/"},{"@type":"ListItem","position":4,"name":"Deutsch als Muttersprache (D 1)"}]},{"@type":"WebSite","@id":"https:\/\/www.caq.edu.ec\/#website","url":"https:\/\/www.caq.edu.ec\/","name":"Colegio Alem\u00e1n Quito","description":"Una puerta al mundo","potentialAction":[{"@type":"SearchAction","target":{"@type":"EntryPoint","urlTemplate":"https:\/\/www.caq.edu.ec\/?s={search_term_string}"},"query-input":{"@type":"PropertyValueSpecification","valueRequired":true,"valueName":"search_term_string"}}],"inLanguage":"de"}]}},"_links":{"self":[{"href":"https:\/\/www.caq.edu.ec\/de\/wp-json\/wp\/v2\/pages\/57262","targetHints":{"allow":["GET"]}}],"collection":[{"href":"https:\/\/www.caq.edu.ec\/de\/wp-json\/wp\/v2\/pages"}],"about":[{"href":"https:\/\/www.caq.edu.ec\/de\/wp-json\/wp\/v2\/types\/page"}],"author":[{"embeddable":true,"href":"https:\/\/www.caq.edu.ec\/de\/wp-json\/wp\/v2\/users\/6"}],"replies":[{"embeddable":true,"href":"https:\/\/www.caq.edu.ec\/de\/wp-json\/wp\/v2\/comments?post=57262"}],"version-history":[{"count":8,"href":"https:\/\/www.caq.edu.ec\/de\/wp-json\/wp\/v2\/pages\/57262\/revisions"}],"predecessor-version":[{"id":70915,"href":"https:\/\/www.caq.edu.ec\/de\/wp-json\/wp\/v2\/pages\/57262\/revisions\/70915"}],"up":[{"embeddable":true,"href":"https:\/\/www.caq.edu.ec\/de\/wp-json\/wp\/v2\/pages\/57239"}],"wp:attachment":[{"href":"https:\/\/www.caq.edu.ec\/de\/wp-json\/wp\/v2\/media?parent=57262"}],"curies":[{"name":"wp","href":"https:\/\/api.w.org\/{rel}","templated":true}]}}