{"id":57260,"date":"2012-02-22T22:21:06","date_gmt":"2012-02-22T22:21:06","guid":{"rendered":"https:\/\/www.caq.edu.ec\/dfu\/"},"modified":"2023-04-12T23:13:47","modified_gmt":"2023-04-12T23:13:47","slug":"dfu","status":"publish","type":"page","link":"https:\/\/www.caq.edu.ec\/de\/areas\/deutsch\/dfu\/","title":{"rendered":"Deutsch als Fachunterricht (DFU)"},"content":{"rendered":"<h2>Charakterisierung und\u00a0Ziele<\/h2>\n<p><strong>DFU <\/strong>oder \u201e<strong>D<\/strong>eutschsprachiger <strong>F<\/strong>ach<strong>u<\/strong>nterricht\u201c bedeutet nichts anderes, als dass bestimmte Sachf\u00e4cher auf Deutsch unterrichtet werden. Ziel des DFU ist es, die Sprachkompetenz der Sch\u00fcler, deren Muttersprache nicht Deutsch ist, zu erh\u00f6hen.<\/p>\n<p>An der Deutschen Schule Quito nimmt der Deutschsprachige Fachunterricht mit aufsteigender Klassenstufe zu. Dieses gilt sowohl f\u00fcr die C, D, E Klassen, als auch in reduziertem Ma\u00dfe f\u00fcr die A und B Klassen. Bisher ist das System so angelegt, dass eine Durchl\u00e4ssigkeit zwischen der Sekundarstufe I und II in Bezug auf die nebeneinander bestehenden Kurssysteme (deutsch und spanisch) gew\u00e4hrleistet ist, weshalb bis zur 9. Klasse auch in den A und B Klassen Fachunterricht auf Deutsch erteilt wird.<\/p>\n<p>In der Sekundarstufe II wird in den zum Abitur f\u00fchrenden C, D, E Klassen der gesamte Unterricht (mit Ausnahme der \u201eFremdsprachen\u201c und in Vorbereitung auf das ecuadorianische Abitur verpflichtende Kurse wie \u201ceduaci\u00f3n para la ciudadan\u00eda\u201c) auf Deutsch erteilt. Die verschiedenen F\u00e4cher und die Art und Weise ihrer Vermittlung sollen die Sch\u00fcler, vor allem in diesen Kursen, sowohl auf ein m\u00f6gliches Universit\u00e4tsstudium als auch auf ein Leben innerhalb eines Umfelds von deutscher Sprache und Kultur vorbereiten.<\/p>\n<h2>Inhalte und Methoden<\/h2>\n<p>Seit einigen Jahren hat der DF-Unterricht verst\u00e4rkt in die Primaria Einzug gefunden. Hier wird neben Musik jetzt auch Mathematik von der 1. bis zur 6. Klasse in allen nationalen Klassen auf Deutsch unterrichtet; in der Regel in Zusammenarbeit mit einem spanischsprachigen Team-Lehrer. Die Erfolge hinsichtlich des Leistungsniveaus im Deutschen sind bereits deutlich erkennbar.<\/p>\n<p>In der Sekundaria umfasst der DF-Unterricht zus\u00e4tzlich zu den beiden F\u00e4chern der Primaria fast alle weiteren Sachf\u00e4cher, also Biologie, Physik, Chemie, Ethik, Kunst, Informatik, und in den DI-Klassen auch Geographie und Geschichte. Aus diesem Grund ist die DFU-Fachschaft der Sekundaria keine \u201enormale\u201c Fachschaft, sondern kann als eine Art \u201eDach-Fachschaft\u201c gesehen werden, zu der ca. 30 Lehrerinnen und Lehrer geh\u00f6ren. Die Fachschaft trifft sich momentan 2x im Jahr zur organisatorischen und inhaltlichen Arbeit. Zus\u00e4tzlich trifft sich der DFU-Koordinator 4 Mal im Jahr mit den Fachschaften. In diesen Arbeitssitzungen werden z.B. Unterrichtsmaterialien oder Vokabellisten ausgearbeitet und es findet ein Austausch \u00fcber erfolgreich eingesetzte Methoden statt.<\/p>\n<p>F\u00fcr die Sch\u00fcler stellt der DF-Unterricht einerseits eine gro\u00dfe Herausforderung dar, da sie die Inhalte des Faches in der Fremdsprache Deutsch verstehen m\u00fcssen, bietet andererseits aber die gro\u00dfe Chance, die Deutsche Sprache au\u00dferhalb des Fremdsprachenunterrichts in vielf\u00e4ltigen \u201eechten\u201c Sprachsituationen anzuwenden, was dem nat\u00fcrlichen Fremdsprachenlernen in einem fremden Land deutlich n\u00e4her kommt, so dass die Sprache schneller zur \u201eSelbstverst\u00e4ndlichkeit\u201c wird. Im Idealfall profitieren sprachlich leistungsstarke Sch\u00fcler auch im Sachfach und naturwissenschaftlich begabte Sch\u00fcler werden motiviert, sich auch im sprachlichen Bereich zu verbessern.<\/p>\n<h3>Fachleitung<\/h3>\n<p><strong>1.-6. Klassen:<\/strong> Rita H\u00fcbenthal (<a href=\"mailto:rita.hubenthal@caq.edu.ec\">rita.hubenthal@caq.edu.ec<\/a>)<br \/>\n<strong>7.-12. Klassen:<\/strong> Stefanie Mayer (<a href=\"mailto:stefanie.mayer@caq.edu.ec\">stefanie.mayer@caq.edu.ec<\/a>)<\/p>\n","protected":false},"excerpt":{"rendered":"<p>Charakterisierung und\u00a0Ziele DFU oder \u201eDeutschsprachiger Fachunterricht\u201c bedeutet nichts anderes, als dass bestimmte Sachf\u00e4cher auf Deutsch unterrichtet werden. Ziel des DFU ist es, die Sprachkompetenz der Sch\u00fcler, deren Muttersprache nicht Deutsch ist, zu erh\u00f6hen. An der Deutschen Schule Quito nimmt der Deutschsprachige Fachunterricht mit aufsteigender Klassenstufe zu. Dieses gilt sowohl f\u00fcr die C, D, E Klassen, [&hellip;]<\/p>\n","protected":false},"author":6,"featured_media":0,"parent":57239,"menu_order":0,"comment_status":"closed","ping_status":"closed","template":"","meta":{"footnotes":""},"class_list":["post-57260","page","type-page","status-publish","hentry"],"yoast_head":"<!-- This site is optimized with the Yoast SEO plugin v27.3 - https:\/\/yoast.com\/product\/yoast-seo-wordpress\/ -->\n<title>Deutsch als Fachunterricht (DFU) - Colegio Alem\u00e1n Quito<\/title>\n<meta name=\"robots\" content=\"index, follow, max-snippet:-1, max-image-preview:large, max-video-preview:-1\" \/>\n<link rel=\"canonical\" href=\"https:\/\/www.caq.edu.ec\/de\/areas\/deutsch\/dfu\/\" \/>\n<meta property=\"og:locale\" content=\"de_DE\" \/>\n<meta property=\"og:type\" content=\"article\" \/>\n<meta property=\"og:title\" content=\"Deutsch als Fachunterricht (DFU) - Colegio Alem\u00e1n Quito\" \/>\n<meta property=\"og:description\" content=\"Charakterisierung und\u00a0Ziele DFU oder \u201eDeutschsprachiger Fachunterricht\u201c bedeutet nichts anderes, als dass bestimmte Sachf\u00e4cher auf Deutsch unterrichtet werden. Ziel des DFU ist es, die Sprachkompetenz der Sch\u00fcler, deren Muttersprache nicht Deutsch ist, zu erh\u00f6hen. An der Deutschen Schule Quito nimmt der Deutschsprachige Fachunterricht mit aufsteigender Klassenstufe zu. Dieses gilt sowohl f\u00fcr die C, D, E Klassen, [&hellip;]\" \/>\n<meta property=\"og:url\" content=\"https:\/\/www.caq.edu.ec\/de\/areas\/deutsch\/dfu\/\" \/>\n<meta property=\"og:site_name\" content=\"Colegio Alem\u00e1n Quito\" \/>\n<meta property=\"article:modified_time\" content=\"2023-04-12T23:13:47+00:00\" \/>\n<meta name=\"twitter:card\" content=\"summary_large_image\" \/>\n<meta name=\"twitter:label1\" content=\"Gesch\u00e4tzte Lesezeit\" \/>\n\t<meta name=\"twitter:data1\" content=\"3\u00a0Minuten\" \/>\n<script type=\"application\/ld+json\" class=\"yoast-schema-graph\">{\"@context\":\"https:\\\/\\\/schema.org\",\"@graph\":[{\"@type\":\"WebPage\",\"@id\":\"https:\\\/\\\/www.caq.edu.ec\\\/de\\\/areas\\\/deutsch\\\/dfu\\\/\",\"url\":\"https:\\\/\\\/www.caq.edu.ec\\\/de\\\/areas\\\/deutsch\\\/dfu\\\/\",\"name\":\"Deutsch als Fachunterricht (DFU) - Colegio Alem\u00e1n Quito\",\"isPartOf\":{\"@id\":\"https:\\\/\\\/www.caq.edu.ec\\\/#website\"},\"datePublished\":\"2012-02-22T22:21:06+00:00\",\"dateModified\":\"2023-04-12T23:13:47+00:00\",\"breadcrumb\":{\"@id\":\"https:\\\/\\\/www.caq.edu.ec\\\/de\\\/areas\\\/deutsch\\\/dfu\\\/#breadcrumb\"},\"inLanguage\":\"de\",\"potentialAction\":[{\"@type\":\"ReadAction\",\"target\":[\"https:\\\/\\\/www.caq.edu.ec\\\/de\\\/areas\\\/deutsch\\\/dfu\\\/\"]}]},{\"@type\":\"BreadcrumbList\",\"@id\":\"https:\\\/\\\/www.caq.edu.ec\\\/de\\\/areas\\\/deutsch\\\/dfu\\\/#breadcrumb\",\"itemListElement\":[{\"@type\":\"ListItem\",\"position\":1,\"name\":\"Inicio\",\"item\":\"https:\\\/\\\/www.caq.edu.ec\\\/\"},{\"@type\":\"ListItem\",\"position\":2,\"name\":\"Fachschaften\",\"item\":\"https:\\\/\\\/www.caq.edu.ec\\\/de\\\/areas\\\/\"},{\"@type\":\"ListItem\",\"position\":3,\"name\":\"Deutsch\",\"item\":\"https:\\\/\\\/www.caq.edu.ec\\\/de\\\/areas\\\/deutsch\\\/\"},{\"@type\":\"ListItem\",\"position\":4,\"name\":\"Deutsch als Fachunterricht (DFU)\"}]},{\"@type\":\"WebSite\",\"@id\":\"https:\\\/\\\/www.caq.edu.ec\\\/#website\",\"url\":\"https:\\\/\\\/www.caq.edu.ec\\\/\",\"name\":\"Colegio Alem\u00e1n Quito\",\"description\":\"Una puerta al mundo\",\"potentialAction\":[{\"@type\":\"SearchAction\",\"target\":{\"@type\":\"EntryPoint\",\"urlTemplate\":\"https:\\\/\\\/www.caq.edu.ec\\\/?s={search_term_string}\"},\"query-input\":{\"@type\":\"PropertyValueSpecification\",\"valueRequired\":true,\"valueName\":\"search_term_string\"}}],\"inLanguage\":\"de\"}]}<\/script>\n<!-- \/ Yoast SEO plugin. -->","yoast_head_json":{"title":"Deutsch als Fachunterricht (DFU) - Colegio Alem\u00e1n Quito","robots":{"index":"index","follow":"follow","max-snippet":"max-snippet:-1","max-image-preview":"max-image-preview:large","max-video-preview":"max-video-preview:-1"},"canonical":"https:\/\/www.caq.edu.ec\/de\/areas\/deutsch\/dfu\/","og_locale":"de_DE","og_type":"article","og_title":"Deutsch als Fachunterricht (DFU) - Colegio Alem\u00e1n Quito","og_description":"Charakterisierung und\u00a0Ziele DFU oder \u201eDeutschsprachiger Fachunterricht\u201c bedeutet nichts anderes, als dass bestimmte Sachf\u00e4cher auf Deutsch unterrichtet werden. Ziel des DFU ist es, die Sprachkompetenz der Sch\u00fcler, deren Muttersprache nicht Deutsch ist, zu erh\u00f6hen. An der Deutschen Schule Quito nimmt der Deutschsprachige Fachunterricht mit aufsteigender Klassenstufe zu. Dieses gilt sowohl f\u00fcr die C, D, E Klassen, [&hellip;]","og_url":"https:\/\/www.caq.edu.ec\/de\/areas\/deutsch\/dfu\/","og_site_name":"Colegio Alem\u00e1n Quito","article_modified_time":"2023-04-12T23:13:47+00:00","twitter_card":"summary_large_image","twitter_misc":{"Gesch\u00e4tzte Lesezeit":"3\u00a0Minuten"},"schema":{"@context":"https:\/\/schema.org","@graph":[{"@type":"WebPage","@id":"https:\/\/www.caq.edu.ec\/de\/areas\/deutsch\/dfu\/","url":"https:\/\/www.caq.edu.ec\/de\/areas\/deutsch\/dfu\/","name":"Deutsch als Fachunterricht (DFU) - Colegio Alem\u00e1n Quito","isPartOf":{"@id":"https:\/\/www.caq.edu.ec\/#website"},"datePublished":"2012-02-22T22:21:06+00:00","dateModified":"2023-04-12T23:13:47+00:00","breadcrumb":{"@id":"https:\/\/www.caq.edu.ec\/de\/areas\/deutsch\/dfu\/#breadcrumb"},"inLanguage":"de","potentialAction":[{"@type":"ReadAction","target":["https:\/\/www.caq.edu.ec\/de\/areas\/deutsch\/dfu\/"]}]},{"@type":"BreadcrumbList","@id":"https:\/\/www.caq.edu.ec\/de\/areas\/deutsch\/dfu\/#breadcrumb","itemListElement":[{"@type":"ListItem","position":1,"name":"Inicio","item":"https:\/\/www.caq.edu.ec\/"},{"@type":"ListItem","position":2,"name":"Fachschaften","item":"https:\/\/www.caq.edu.ec\/de\/areas\/"},{"@type":"ListItem","position":3,"name":"Deutsch","item":"https:\/\/www.caq.edu.ec\/de\/areas\/deutsch\/"},{"@type":"ListItem","position":4,"name":"Deutsch als Fachunterricht (DFU)"}]},{"@type":"WebSite","@id":"https:\/\/www.caq.edu.ec\/#website","url":"https:\/\/www.caq.edu.ec\/","name":"Colegio Alem\u00e1n Quito","description":"Una puerta al mundo","potentialAction":[{"@type":"SearchAction","target":{"@type":"EntryPoint","urlTemplate":"https:\/\/www.caq.edu.ec\/?s={search_term_string}"},"query-input":{"@type":"PropertyValueSpecification","valueRequired":true,"valueName":"search_term_string"}}],"inLanguage":"de"}]}},"_links":{"self":[{"href":"https:\/\/www.caq.edu.ec\/de\/wp-json\/wp\/v2\/pages\/57260","targetHints":{"allow":["GET"]}}],"collection":[{"href":"https:\/\/www.caq.edu.ec\/de\/wp-json\/wp\/v2\/pages"}],"about":[{"href":"https:\/\/www.caq.edu.ec\/de\/wp-json\/wp\/v2\/types\/page"}],"author":[{"embeddable":true,"href":"https:\/\/www.caq.edu.ec\/de\/wp-json\/wp\/v2\/users\/6"}],"replies":[{"embeddable":true,"href":"https:\/\/www.caq.edu.ec\/de\/wp-json\/wp\/v2\/comments?post=57260"}],"version-history":[{"count":0,"href":"https:\/\/www.caq.edu.ec\/de\/wp-json\/wp\/v2\/pages\/57260\/revisions"}],"up":[{"embeddable":true,"href":"https:\/\/www.caq.edu.ec\/de\/wp-json\/wp\/v2\/pages\/57239"}],"wp:attachment":[{"href":"https:\/\/www.caq.edu.ec\/de\/wp-json\/wp\/v2\/media?parent=57260"}],"curies":[{"name":"wp","href":"https:\/\/api.w.org\/{rel}","templated":true}]}}