{"id":57255,"date":"2018-10-30T00:01:20","date_gmt":"2018-10-30T00:01:20","guid":{"rendered":"https:\/\/www.caq.edu.ec\/dia-del-libro\/"},"modified":"2023-04-18T22:20:14","modified_gmt":"2023-04-18T22:20:14","slug":"dia-del-libro","status":"publish","type":"page","link":"https:\/\/www.caq.edu.ec\/de\/proyectos-escolares\/dia-del-libro\/","title":{"rendered":"Tag des Buches"},"content":{"rendered":"<p><strong>\u201eDas Buch, ein Haufen toter Buchstaben? Nein, ein Sack voll Samenk\u00f6rner.\u201c<\/strong><\/p>\n<p><em>(Andr\u00e9 Gide, franz\u00f6sischer Schriftsteller und<\/em> <em>Literaturnobelpreistr\u00e4ger 1947)<\/em><\/p>\n<p><strong>\u00a0<\/strong>Ein Buch ist mehr als die Sammlung von Buchstaben in gebundenen Seiten, mehr als die grafische Darstellung von Wissen. Jedes Buch beinhaltet Wissen, aber auch Emotionen und Empfindungen, die Menschen erlebt haben. Und trotzdem gab es Zeiten, w\u00e4hrend des Nationalsozialismus zum Beispiel, in denen B\u00fccher verbrannt wurden.<\/p>\n<p>Mit dem Welttag des Buches<strong> am 23. April werden das Buch und das Lesen gefeiert<\/strong> sowie an die Rechte der Autoren erinnert. Aber warum genau dieses Datum? Am 23. April starben gro\u00dfe Pers\u00f6nlichkeiten der literarischen Welt: Miguel de Cervantes Saavedra und William Shakespeare.<\/p>\n<p>Auch in der Deutschen Schule Quito ist der Tag des Buches zur Tradition geworden. Jedes Jahr pr\u00e4miert die Bibliothek die besten Autoren unter den Sch\u00fclern, die an unserem Geschichtenwettbewerb teilnehmen. F\u00fcr die Sch\u00fcler der Primaria und Sekundaria bieten wir zwei Tage lang eine Vielzahl von Aktivit\u00e4ten rund um Literatur und Lesen sowie eine Buchmesse an.<\/p>\n<p>\/de\/tag-des-buches-in-der-sekundaria\/<\/p>\n<p>\/de\/dia-del-libro-primaria\/<\/p>\n","protected":false},"excerpt":{"rendered":"<p>\u201eDas Buch, ein Haufen toter Buchstaben? Nein, ein Sack voll Samenk\u00f6rner.\u201c (Andr\u00e9 Gide, franz\u00f6sischer Schriftsteller und Literaturnobelpreistr\u00e4ger 1947) \u00a0Ein Buch ist mehr als die Sammlung von Buchstaben in gebundenen Seiten, mehr als die grafische Darstellung von Wissen. Jedes Buch beinhaltet Wissen, aber auch Emotionen und Empfindungen, die Menschen erlebt haben. Und trotzdem gab es Zeiten, [&hellip;]<\/p>\n","protected":false},"author":6,"featured_media":0,"parent":57252,"menu_order":0,"comment_status":"closed","ping_status":"closed","template":"","meta":{"footnotes":""},"class_list":["post-57255","page","type-page","status-publish","hentry"],"yoast_head":"<!-- This site is optimized with the Yoast SEO plugin v27.3 - https:\/\/yoast.com\/product\/yoast-seo-wordpress\/ -->\n<title>Tag des Buches - Colegio Alem\u00e1n Quito<\/title>\n<meta name=\"robots\" content=\"index, follow, max-snippet:-1, max-image-preview:large, max-video-preview:-1\" \/>\n<link rel=\"canonical\" href=\"https:\/\/www.caq.edu.ec\/de\/proyectos-escolares\/dia-del-libro\/\" \/>\n<meta property=\"og:locale\" content=\"de_DE\" \/>\n<meta property=\"og:type\" content=\"article\" \/>\n<meta property=\"og:title\" content=\"Tag des Buches - Colegio Alem\u00e1n Quito\" \/>\n<meta property=\"og:description\" content=\"\u201eDas Buch, ein Haufen toter Buchstaben? Nein, ein Sack voll Samenk\u00f6rner.\u201c (Andr\u00e9 Gide, franz\u00f6sischer Schriftsteller und Literaturnobelpreistr\u00e4ger 1947) \u00a0Ein Buch ist mehr als die Sammlung von Buchstaben in gebundenen Seiten, mehr als die grafische Darstellung von Wissen. Jedes Buch beinhaltet Wissen, aber auch Emotionen und Empfindungen, die Menschen erlebt haben. Und trotzdem gab es Zeiten, [&hellip;]\" \/>\n<meta property=\"og:url\" content=\"https:\/\/www.caq.edu.ec\/de\/proyectos-escolares\/dia-del-libro\/\" \/>\n<meta property=\"og:site_name\" content=\"Colegio Alem\u00e1n Quito\" \/>\n<meta property=\"article:modified_time\" content=\"2023-04-18T22:20:14+00:00\" \/>\n<meta name=\"twitter:card\" content=\"summary_large_image\" \/>\n<meta name=\"twitter:label1\" content=\"Gesch\u00e4tzte Lesezeit\" \/>\n\t<meta name=\"twitter:data1\" content=\"1\u00a0Minute\" \/>\n<script type=\"application\/ld+json\" class=\"yoast-schema-graph\">{\"@context\":\"https:\\\/\\\/schema.org\",\"@graph\":[{\"@type\":\"WebPage\",\"@id\":\"https:\\\/\\\/www.caq.edu.ec\\\/de\\\/proyectos-escolares\\\/dia-del-libro\\\/\",\"url\":\"https:\\\/\\\/www.caq.edu.ec\\\/de\\\/proyectos-escolares\\\/dia-del-libro\\\/\",\"name\":\"Tag des Buches - Colegio Alem\u00e1n Quito\",\"isPartOf\":{\"@id\":\"https:\\\/\\\/www.caq.edu.ec\\\/#website\"},\"datePublished\":\"2018-10-30T00:01:20+00:00\",\"dateModified\":\"2023-04-18T22:20:14+00:00\",\"breadcrumb\":{\"@id\":\"https:\\\/\\\/www.caq.edu.ec\\\/de\\\/proyectos-escolares\\\/dia-del-libro\\\/#breadcrumb\"},\"inLanguage\":\"de\",\"potentialAction\":[{\"@type\":\"ReadAction\",\"target\":[\"https:\\\/\\\/www.caq.edu.ec\\\/de\\\/proyectos-escolares\\\/dia-del-libro\\\/\"]}]},{\"@type\":\"BreadcrumbList\",\"@id\":\"https:\\\/\\\/www.caq.edu.ec\\\/de\\\/proyectos-escolares\\\/dia-del-libro\\\/#breadcrumb\",\"itemListElement\":[{\"@type\":\"ListItem\",\"position\":1,\"name\":\"Inicio\",\"item\":\"https:\\\/\\\/www.caq.edu.ec\\\/\"},{\"@type\":\"ListItem\",\"position\":2,\"name\":\"Schulprojekte\",\"item\":\"https:\\\/\\\/www.caq.edu.ec\\\/de\\\/proyectos-escolares\\\/\"},{\"@type\":\"ListItem\",\"position\":3,\"name\":\"Tag des Buches\"}]},{\"@type\":\"WebSite\",\"@id\":\"https:\\\/\\\/www.caq.edu.ec\\\/#website\",\"url\":\"https:\\\/\\\/www.caq.edu.ec\\\/\",\"name\":\"Colegio Alem\u00e1n Quito\",\"description\":\"Una puerta al mundo\",\"potentialAction\":[{\"@type\":\"SearchAction\",\"target\":{\"@type\":\"EntryPoint\",\"urlTemplate\":\"https:\\\/\\\/www.caq.edu.ec\\\/?s={search_term_string}\"},\"query-input\":{\"@type\":\"PropertyValueSpecification\",\"valueRequired\":true,\"valueName\":\"search_term_string\"}}],\"inLanguage\":\"de\"}]}<\/script>\n<!-- \/ Yoast SEO plugin. -->","yoast_head_json":{"title":"Tag des Buches - Colegio Alem\u00e1n Quito","robots":{"index":"index","follow":"follow","max-snippet":"max-snippet:-1","max-image-preview":"max-image-preview:large","max-video-preview":"max-video-preview:-1"},"canonical":"https:\/\/www.caq.edu.ec\/de\/proyectos-escolares\/dia-del-libro\/","og_locale":"de_DE","og_type":"article","og_title":"Tag des Buches - Colegio Alem\u00e1n Quito","og_description":"\u201eDas Buch, ein Haufen toter Buchstaben? Nein, ein Sack voll Samenk\u00f6rner.\u201c (Andr\u00e9 Gide, franz\u00f6sischer Schriftsteller und Literaturnobelpreistr\u00e4ger 1947) \u00a0Ein Buch ist mehr als die Sammlung von Buchstaben in gebundenen Seiten, mehr als die grafische Darstellung von Wissen. Jedes Buch beinhaltet Wissen, aber auch Emotionen und Empfindungen, die Menschen erlebt haben. Und trotzdem gab es Zeiten, [&hellip;]","og_url":"https:\/\/www.caq.edu.ec\/de\/proyectos-escolares\/dia-del-libro\/","og_site_name":"Colegio Alem\u00e1n Quito","article_modified_time":"2023-04-18T22:20:14+00:00","twitter_card":"summary_large_image","twitter_misc":{"Gesch\u00e4tzte Lesezeit":"1\u00a0Minute"},"schema":{"@context":"https:\/\/schema.org","@graph":[{"@type":"WebPage","@id":"https:\/\/www.caq.edu.ec\/de\/proyectos-escolares\/dia-del-libro\/","url":"https:\/\/www.caq.edu.ec\/de\/proyectos-escolares\/dia-del-libro\/","name":"Tag des Buches - Colegio Alem\u00e1n Quito","isPartOf":{"@id":"https:\/\/www.caq.edu.ec\/#website"},"datePublished":"2018-10-30T00:01:20+00:00","dateModified":"2023-04-18T22:20:14+00:00","breadcrumb":{"@id":"https:\/\/www.caq.edu.ec\/de\/proyectos-escolares\/dia-del-libro\/#breadcrumb"},"inLanguage":"de","potentialAction":[{"@type":"ReadAction","target":["https:\/\/www.caq.edu.ec\/de\/proyectos-escolares\/dia-del-libro\/"]}]},{"@type":"BreadcrumbList","@id":"https:\/\/www.caq.edu.ec\/de\/proyectos-escolares\/dia-del-libro\/#breadcrumb","itemListElement":[{"@type":"ListItem","position":1,"name":"Inicio","item":"https:\/\/www.caq.edu.ec\/"},{"@type":"ListItem","position":2,"name":"Schulprojekte","item":"https:\/\/www.caq.edu.ec\/de\/proyectos-escolares\/"},{"@type":"ListItem","position":3,"name":"Tag des Buches"}]},{"@type":"WebSite","@id":"https:\/\/www.caq.edu.ec\/#website","url":"https:\/\/www.caq.edu.ec\/","name":"Colegio Alem\u00e1n Quito","description":"Una puerta al mundo","potentialAction":[{"@type":"SearchAction","target":{"@type":"EntryPoint","urlTemplate":"https:\/\/www.caq.edu.ec\/?s={search_term_string}"},"query-input":{"@type":"PropertyValueSpecification","valueRequired":true,"valueName":"search_term_string"}}],"inLanguage":"de"}]}},"_links":{"self":[{"href":"https:\/\/www.caq.edu.ec\/de\/wp-json\/wp\/v2\/pages\/57255","targetHints":{"allow":["GET"]}}],"collection":[{"href":"https:\/\/www.caq.edu.ec\/de\/wp-json\/wp\/v2\/pages"}],"about":[{"href":"https:\/\/www.caq.edu.ec\/de\/wp-json\/wp\/v2\/types\/page"}],"author":[{"embeddable":true,"href":"https:\/\/www.caq.edu.ec\/de\/wp-json\/wp\/v2\/users\/6"}],"replies":[{"embeddable":true,"href":"https:\/\/www.caq.edu.ec\/de\/wp-json\/wp\/v2\/comments?post=57255"}],"version-history":[{"count":0,"href":"https:\/\/www.caq.edu.ec\/de\/wp-json\/wp\/v2\/pages\/57255\/revisions"}],"up":[{"embeddable":true,"href":"https:\/\/www.caq.edu.ec\/de\/wp-json\/wp\/v2\/pages\/57252"}],"wp:attachment":[{"href":"https:\/\/www.caq.edu.ec\/de\/wp-json\/wp\/v2\/media?parent=57255"}],"curies":[{"name":"wp","href":"https:\/\/api.w.org\/{rel}","templated":true}]}}