{"id":57254,"date":"2018-10-29T23:59:08","date_gmt":"2018-10-30T04:59:08","guid":{"rendered":"https:\/\/www.caq.edu.ec\/lions-quest\/"},"modified":"2025-01-23T17:53:41","modified_gmt":"2025-01-23T22:53:41","slug":"lions-quest","status":"publish","type":"page","link":"https:\/\/www.caq.edu.ec\/de\/proyectos-escolares\/lions-quest\/","title":{"rendered":"Lions Quest"},"content":{"rendered":"<h2><\/h2>\n<h2><img fetchpriority=\"high\" decoding=\"async\" class=\"size-full wp-image-58934 alignleft\" src=\"https:\/\/www.caq.edu.ec\/wp-content\/uploads\/2023\/03\/logo-Lions-Quest.png\" alt=\"\" width=\"248\" height=\"203\" \/>Lebenzkompetenz- und Pr\u00e4ventionsprogramm \u2013 Lions Quest<\/h2>\n<p>Seit dem Schuljahr 2014-2015 setzt die Grundschule der Deutschen Schule erfolgreich das Programm Lions Quest um. Seit dem Schuljahr 2018-2019 hat auch die Umsetzung des Programms in den Klassen 6 und 7 (7 und 8 EGB) begonnen. Die Umsetzung im Kindergarten f\u00fcr die 5-6-J\u00e4hrigen erfolgt ab September 2019.<\/p>\n<p>Durch sozial-emotionales Lernen st\u00e4rkt das Programm soziale und pers\u00f6nliche Schl\u00fcsselkompetenzen und beugt selbst- und fremdsch\u00e4digendem Verhalten vor. Lions Quest f\u00f6rdert die Selbstwahrnehmung und Selbstwirksamkeit, damit die Kinder und Jugendlichen positive Entscheidungen treffen.<\/p>\n<p>Familien, Sch\u00fcler und Lehrer nehmen diese Herausforderung mit Optimismus an, da Gruppendynamiken, Spiele, Musik und Kunst genutzt werden, um Verpflichtung und Argumente zu entwickeln sowie positive Diskussionsumgebungen zu schaffen.<\/p>\n<p>Das Programm zielt insbesondere auf die Aneignung von <strong>vier grundlegenden Kompetenzen<\/strong> ab:<\/p>\n<ul>\n<li>Selbstdisziplin<\/li>\n<li>Verantwortung<\/li>\n<li>gutes Urteilsverm\u00f6gen<\/li>\n<li>Respekt vor anderen<\/li>\n<\/ul>\n<p>Die Hauptziele des <strong>\u201eLebenskompetenz- und Pr\u00e4ventionsprogramms\u201c<\/strong> sind:<\/p>\n<ul>\n<li>Sch\u00fcler, Familien, Schul- und Gemeindemitglieder anzuregen, eine Lernumgebung zu schaffen, die auf sch\u00fctzenden Beziehungen, hohen Erwartungen und sinnvoller Beteiligung basiert sind.<\/li>\n<li>Kindern und Jugendlichen die M\u00f6glichkeit anzubieten, emotionale und soziale F\u00e4higkeiten zu erlernen, die n\u00fctzlich sind, um ein gesundes und produktives Leben zu f\u00fchren.<\/li>\n<li>Kindern und Jugendlichen die Chance zu bieten, zu \u00fcben, gute B\u00fcrger zu sein durch die Zusammenarbeit und den Dienst am anderen.<\/li>\n<li>St\u00e4rkung des Engagements der Kinder in ihren Elternh\u00e4usern, der Schule und der Gemeinschaft.<\/li>\n<li>F\u00f6rderung eines sicheren und gesunden Lebensstils, frei von der Gefahr des Tabak-, Alkohol- und Drogenkonsums.<\/li>\n<li>Das Feiern der Vielfalt und die F\u00f6rderung des Respekts gegen\u00fcber anderen.<\/li>\n<\/ul>\n<h3>Koordinatorinnen von Lions Quest<\/h3>\n<p><strong>Kindergarten:<\/strong>\u00a0Viviana Vicu\u00f1a (<a href=\"mailto:viviana.vicuna@caq.edu.ec\">viviana.vicuna@caq.edu.ec)<\/a><\/p>\n<p><strong>Primaria:<\/strong>\u00a0Carmen Elena Paz y Mi\u00f1o (<a href=\"mailto:carmenelena.pazymino@caq.edu.ec\">carmenelena.pazymino@caq.edu.ec<\/a>) und Gabriela Reyes (<a href=\"mailto:gabriela.reyes@caq.edu.ec\">gabriela.reyes@caq.edu.ec<\/a>)<\/p>\n<h3>Video Juni 2024:<\/h3>\n<p><a href=\"https:\/\/youtube.com\/watch?v=N2JSLbGq530&amp;si=z9e1hm6ajsLB6YYr\" target=\"_blank\" rel=\"noreferrer noopener\">https:\/\/youtube.com\/watch?v=N2JSLbGq530&amp;si=z9e1hm6ajsLB6YYr<\/a><\/p>\n","protected":false},"excerpt":{"rendered":"<p>Lebenzkompetenz- und Pr\u00e4ventionsprogramm \u2013 Lions Quest Seit dem Schuljahr 2014-2015 setzt die Grundschule der Deutschen Schule erfolgreich das Programm Lions Quest um. Seit dem Schuljahr 2018-2019 hat auch die Umsetzung des Programms in den Klassen 6 und 7 (7 und 8 EGB) begonnen. Die Umsetzung im Kindergarten f\u00fcr die 5-6-J\u00e4hrigen erfolgt ab September 2019. Durch [&hellip;]<\/p>\n","protected":false},"author":6,"featured_media":0,"parent":57252,"menu_order":0,"comment_status":"closed","ping_status":"closed","template":"","meta":{"footnotes":""},"class_list":["post-57254","page","type-page","status-publish","hentry"],"yoast_head":"<!-- This site is optimized with the Yoast SEO plugin v27.3 - https:\/\/yoast.com\/product\/yoast-seo-wordpress\/ -->\n<title>Lions Quest - Colegio Alem\u00e1n Quito<\/title>\n<meta name=\"robots\" content=\"index, follow, max-snippet:-1, max-image-preview:large, max-video-preview:-1\" \/>\n<link rel=\"canonical\" href=\"https:\/\/www.caq.edu.ec\/de\/proyectos-escolares\/lions-quest\/\" \/>\n<meta property=\"og:locale\" content=\"de_DE\" \/>\n<meta property=\"og:type\" content=\"article\" \/>\n<meta property=\"og:title\" content=\"Lions Quest - Colegio Alem\u00e1n Quito\" \/>\n<meta property=\"og:description\" content=\"Lebenzkompetenz- und Pr\u00e4ventionsprogramm \u2013 Lions Quest Seit dem Schuljahr 2014-2015 setzt die Grundschule der Deutschen Schule erfolgreich das Programm Lions Quest um. Seit dem Schuljahr 2018-2019 hat auch die Umsetzung des Programms in den Klassen 6 und 7 (7 und 8 EGB) begonnen. Die Umsetzung im Kindergarten f\u00fcr die 5-6-J\u00e4hrigen erfolgt ab September 2019. Durch [&hellip;]\" \/>\n<meta property=\"og:url\" content=\"https:\/\/www.caq.edu.ec\/de\/proyectos-escolares\/lions-quest\/\" \/>\n<meta property=\"og:site_name\" content=\"Colegio Alem\u00e1n Quito\" \/>\n<meta property=\"article:modified_time\" content=\"2025-01-23T22:53:41+00:00\" \/>\n<meta property=\"og:image\" content=\"https:\/\/www.caq.edu.ec\/wp-content\/uploads\/2023\/03\/logo-Lions-Quest.png\" \/>\n\t<meta property=\"og:image:width\" content=\"248\" \/>\n\t<meta property=\"og:image:height\" content=\"203\" \/>\n\t<meta property=\"og:image:type\" content=\"image\/png\" \/>\n<meta name=\"twitter:card\" content=\"summary_large_image\" \/>\n<meta name=\"twitter:label1\" content=\"Gesch\u00e4tzte Lesezeit\" \/>\n\t<meta name=\"twitter:data1\" content=\"2\u00a0Minuten\" \/>\n<script type=\"application\/ld+json\" class=\"yoast-schema-graph\">{\"@context\":\"https:\\\/\\\/schema.org\",\"@graph\":[{\"@type\":\"WebPage\",\"@id\":\"https:\\\/\\\/www.caq.edu.ec\\\/de\\\/proyectos-escolares\\\/lions-quest\\\/\",\"url\":\"https:\\\/\\\/www.caq.edu.ec\\\/de\\\/proyectos-escolares\\\/lions-quest\\\/\",\"name\":\"Lions Quest - Colegio Alem\u00e1n Quito\",\"isPartOf\":{\"@id\":\"https:\\\/\\\/www.caq.edu.ec\\\/#website\"},\"primaryImageOfPage\":{\"@id\":\"https:\\\/\\\/www.caq.edu.ec\\\/de\\\/proyectos-escolares\\\/lions-quest\\\/#primaryimage\"},\"image\":{\"@id\":\"https:\\\/\\\/www.caq.edu.ec\\\/de\\\/proyectos-escolares\\\/lions-quest\\\/#primaryimage\"},\"thumbnailUrl\":\"https:\\\/\\\/www.caq.edu.ec\\\/wp-content\\\/uploads\\\/2023\\\/03\\\/logo-Lions-Quest.png\",\"datePublished\":\"2018-10-30T04:59:08+00:00\",\"dateModified\":\"2025-01-23T22:53:41+00:00\",\"breadcrumb\":{\"@id\":\"https:\\\/\\\/www.caq.edu.ec\\\/de\\\/proyectos-escolares\\\/lions-quest\\\/#breadcrumb\"},\"inLanguage\":\"de\",\"potentialAction\":[{\"@type\":\"ReadAction\",\"target\":[\"https:\\\/\\\/www.caq.edu.ec\\\/de\\\/proyectos-escolares\\\/lions-quest\\\/\"]}]},{\"@type\":\"ImageObject\",\"inLanguage\":\"de\",\"@id\":\"https:\\\/\\\/www.caq.edu.ec\\\/de\\\/proyectos-escolares\\\/lions-quest\\\/#primaryimage\",\"url\":\"https:\\\/\\\/www.caq.edu.ec\\\/wp-content\\\/uploads\\\/2023\\\/03\\\/logo-Lions-Quest.png\",\"contentUrl\":\"https:\\\/\\\/www.caq.edu.ec\\\/wp-content\\\/uploads\\\/2023\\\/03\\\/logo-Lions-Quest.png\"},{\"@type\":\"BreadcrumbList\",\"@id\":\"https:\\\/\\\/www.caq.edu.ec\\\/de\\\/proyectos-escolares\\\/lions-quest\\\/#breadcrumb\",\"itemListElement\":[{\"@type\":\"ListItem\",\"position\":1,\"name\":\"Inicio\",\"item\":\"https:\\\/\\\/www.caq.edu.ec\\\/\"},{\"@type\":\"ListItem\",\"position\":2,\"name\":\"Schulprojekte\",\"item\":\"https:\\\/\\\/www.caq.edu.ec\\\/de\\\/proyectos-escolares\\\/\"},{\"@type\":\"ListItem\",\"position\":3,\"name\":\"Lions Quest\"}]},{\"@type\":\"WebSite\",\"@id\":\"https:\\\/\\\/www.caq.edu.ec\\\/#website\",\"url\":\"https:\\\/\\\/www.caq.edu.ec\\\/\",\"name\":\"Colegio Alem\u00e1n Quito\",\"description\":\"Una puerta al mundo\",\"potentialAction\":[{\"@type\":\"SearchAction\",\"target\":{\"@type\":\"EntryPoint\",\"urlTemplate\":\"https:\\\/\\\/www.caq.edu.ec\\\/?s={search_term_string}\"},\"query-input\":{\"@type\":\"PropertyValueSpecification\",\"valueRequired\":true,\"valueName\":\"search_term_string\"}}],\"inLanguage\":\"de\"}]}<\/script>\n<!-- \/ Yoast SEO plugin. -->","yoast_head_json":{"title":"Lions Quest - Colegio Alem\u00e1n Quito","robots":{"index":"index","follow":"follow","max-snippet":"max-snippet:-1","max-image-preview":"max-image-preview:large","max-video-preview":"max-video-preview:-1"},"canonical":"https:\/\/www.caq.edu.ec\/de\/proyectos-escolares\/lions-quest\/","og_locale":"de_DE","og_type":"article","og_title":"Lions Quest - Colegio Alem\u00e1n Quito","og_description":"Lebenzkompetenz- und Pr\u00e4ventionsprogramm \u2013 Lions Quest Seit dem Schuljahr 2014-2015 setzt die Grundschule der Deutschen Schule erfolgreich das Programm Lions Quest um. Seit dem Schuljahr 2018-2019 hat auch die Umsetzung des Programms in den Klassen 6 und 7 (7 und 8 EGB) begonnen. Die Umsetzung im Kindergarten f\u00fcr die 5-6-J\u00e4hrigen erfolgt ab September 2019. Durch [&hellip;]","og_url":"https:\/\/www.caq.edu.ec\/de\/proyectos-escolares\/lions-quest\/","og_site_name":"Colegio Alem\u00e1n Quito","article_modified_time":"2025-01-23T22:53:41+00:00","og_image":[{"width":248,"height":203,"url":"https:\/\/www.caq.edu.ec\/wp-content\/uploads\/2023\/03\/logo-Lions-Quest.png","type":"image\/png"}],"twitter_card":"summary_large_image","twitter_misc":{"Gesch\u00e4tzte Lesezeit":"2\u00a0Minuten"},"schema":{"@context":"https:\/\/schema.org","@graph":[{"@type":"WebPage","@id":"https:\/\/www.caq.edu.ec\/de\/proyectos-escolares\/lions-quest\/","url":"https:\/\/www.caq.edu.ec\/de\/proyectos-escolares\/lions-quest\/","name":"Lions Quest - Colegio Alem\u00e1n Quito","isPartOf":{"@id":"https:\/\/www.caq.edu.ec\/#website"},"primaryImageOfPage":{"@id":"https:\/\/www.caq.edu.ec\/de\/proyectos-escolares\/lions-quest\/#primaryimage"},"image":{"@id":"https:\/\/www.caq.edu.ec\/de\/proyectos-escolares\/lions-quest\/#primaryimage"},"thumbnailUrl":"https:\/\/www.caq.edu.ec\/wp-content\/uploads\/2023\/03\/logo-Lions-Quest.png","datePublished":"2018-10-30T04:59:08+00:00","dateModified":"2025-01-23T22:53:41+00:00","breadcrumb":{"@id":"https:\/\/www.caq.edu.ec\/de\/proyectos-escolares\/lions-quest\/#breadcrumb"},"inLanguage":"de","potentialAction":[{"@type":"ReadAction","target":["https:\/\/www.caq.edu.ec\/de\/proyectos-escolares\/lions-quest\/"]}]},{"@type":"ImageObject","inLanguage":"de","@id":"https:\/\/www.caq.edu.ec\/de\/proyectos-escolares\/lions-quest\/#primaryimage","url":"https:\/\/www.caq.edu.ec\/wp-content\/uploads\/2023\/03\/logo-Lions-Quest.png","contentUrl":"https:\/\/www.caq.edu.ec\/wp-content\/uploads\/2023\/03\/logo-Lions-Quest.png"},{"@type":"BreadcrumbList","@id":"https:\/\/www.caq.edu.ec\/de\/proyectos-escolares\/lions-quest\/#breadcrumb","itemListElement":[{"@type":"ListItem","position":1,"name":"Inicio","item":"https:\/\/www.caq.edu.ec\/"},{"@type":"ListItem","position":2,"name":"Schulprojekte","item":"https:\/\/www.caq.edu.ec\/de\/proyectos-escolares\/"},{"@type":"ListItem","position":3,"name":"Lions Quest"}]},{"@type":"WebSite","@id":"https:\/\/www.caq.edu.ec\/#website","url":"https:\/\/www.caq.edu.ec\/","name":"Colegio Alem\u00e1n Quito","description":"Una puerta al mundo","potentialAction":[{"@type":"SearchAction","target":{"@type":"EntryPoint","urlTemplate":"https:\/\/www.caq.edu.ec\/?s={search_term_string}"},"query-input":{"@type":"PropertyValueSpecification","valueRequired":true,"valueName":"search_term_string"}}],"inLanguage":"de"}]}},"_links":{"self":[{"href":"https:\/\/www.caq.edu.ec\/de\/wp-json\/wp\/v2\/pages\/57254","targetHints":{"allow":["GET"]}}],"collection":[{"href":"https:\/\/www.caq.edu.ec\/de\/wp-json\/wp\/v2\/pages"}],"about":[{"href":"https:\/\/www.caq.edu.ec\/de\/wp-json\/wp\/v2\/types\/page"}],"author":[{"embeddable":true,"href":"https:\/\/www.caq.edu.ec\/de\/wp-json\/wp\/v2\/users\/6"}],"replies":[{"embeddable":true,"href":"https:\/\/www.caq.edu.ec\/de\/wp-json\/wp\/v2\/comments?post=57254"}],"version-history":[{"count":1,"href":"https:\/\/www.caq.edu.ec\/de\/wp-json\/wp\/v2\/pages\/57254\/revisions"}],"predecessor-version":[{"id":66518,"href":"https:\/\/www.caq.edu.ec\/de\/wp-json\/wp\/v2\/pages\/57254\/revisions\/66518"}],"up":[{"embeddable":true,"href":"https:\/\/www.caq.edu.ec\/de\/wp-json\/wp\/v2\/pages\/57252"}],"wp:attachment":[{"href":"https:\/\/www.caq.edu.ec\/de\/wp-json\/wp\/v2\/media?parent=57254"}],"curies":[{"name":"wp","href":"https:\/\/api.w.org\/{rel}","templated":true}]}}