{"id":57250,"date":"2018-10-23T23:12:34","date_gmt":"2018-10-24T04:12:34","guid":{"rendered":"https:\/\/www.caq.edu.ec\/accion-social-2\/"},"modified":"2026-02-06T08:36:17","modified_gmt":"2026-02-06T13:36:17","slug":"accion-social-2","status":"publish","type":"page","link":"https:\/\/www.caq.edu.ec\/de\/proyectos-escolares\/accion-social-2\/","title":{"rendered":"Sozialdienst"},"content":{"rendered":"\t\t<div data-elementor-type=\"wp-page\" data-elementor-id=\"57250\" class=\"elementor elementor-57250 elementor-57091\" data-elementor-post-type=\"page\">\n\t\t\t\t<div class=\"elementor-element elementor-element-3a86b11d e-flex e-con-boxed e-con e-parent\" data-id=\"3a86b11d\" data-element_type=\"container\" data-e-type=\"container\">\n\t\t\t\t\t<div class=\"e-con-inner\">\n\t\t\t\t<div class=\"elementor-element elementor-element-3c18871 elementor-widget elementor-widget-text-editor\" data-id=\"3c18871\" data-element_type=\"widget\" data-e-type=\"widget\" data-widget_type=\"text-editor.default\">\n\t\t\t\t<div class=\"elementor-widget-container\">\n\t\t\t\t\t\t\t\t\t<p><span data-olk-copy-source=\"MessageBody\">Erfahren Sie mehr \u00fcber die vom DSQ im Rahmen seines Programms zur sozialen Verantwortung unterst\u00fctzten Projekte \u2013 hier klicken (Info nur auf Spanisch):<\/span><\/p>\t\t\t\t\t\t\t\t<\/div>\n\t\t\t\t<\/div>\n\t\t\t\t<div class=\"elementor-element elementor-element-1cc8cdb elementor-align-center elementor-widget elementor-widget-button\" data-id=\"1cc8cdb\" data-element_type=\"widget\" data-e-type=\"widget\" data-widget_type=\"button.default\">\n\t\t\t\t<div class=\"elementor-widget-container\">\n\t\t\t\t\t\t\t\t\t<div class=\"elementor-button-wrapper\">\n\t\t\t\t\t<a class=\"elementor-button elementor-button-link elementor-size-sm\" href=\"\/proyectos-escolares\/accion-social\/proyectos-responsabilidad-social\/\">\n\t\t\t\t\t\t<span class=\"elementor-button-content-wrapper\">\n\t\t\t\t\t\t\t\t\t<span class=\"elementor-button-text\">Sozialen Verantwortung unterst\u00fctzten Projekte<\/span>\n\t\t\t\t\t<\/span>\n\t\t\t\t\t<\/a>\n\t\t\t\t<\/div>\n\t\t\t\t\t\t\t\t<\/div>\n\t\t\t\t<\/div>\n\t\t\t\t<div class=\"elementor-element elementor-element-5e01f0da elementor-widget elementor-widget-text-editor\" data-id=\"5e01f0da\" data-element_type=\"widget\" data-e-type=\"widget\" data-widget_type=\"text-editor.default\">\n\t\t\t\t<div class=\"elementor-widget-container\">\n\t\t\t\t\t\t\t\t\t<p>An unserer Schule ist soziales Engagement zu einem echten Fenster zur Welt geworden, das die gesamte Schulgemeinschaft dazu einl\u00e4dt, sich aktiv mit ihrem Umfeld auseinanderzusetzen. Durch konkrete Projekte und sinnstiftende Erfahrungen entwickeln unsere Sch\u00fclerinnen und Sch\u00fcler Sensibilit\u00e4t, Engagement und Verantwortungsbewusstsein gegen\u00fcber gesellschaftlichen Bed\u00fcrfnissen und st\u00e4rken so ihre ganzheitliche und staatsb\u00fcrgerliche Bildung.<\/p>\n<h3>Soziale Projekte<\/h3>\n<h4 data-start=\"698\" data-end=\"747\">Unidad Educativa Mariscal Sucre \u2013 La Codicia<\/h4>\n<p data-start=\"749\" data-end=\"981\">Im April 2016 ersch\u00fctterte ein Erdbeben der St\u00e4rke 7,8 auf der Richterskala die Provinzen Manab\u00ed und Esmeraldas und hinterlie\u00df verheerende Folgen: Mehr als 700 Todesopfer, tausende Betroffene und die Zerst\u00f6rung von \u00fcber 500 Schulen.<\/p>\n<p data-start=\"983\" data-end=\"1346\">Angesichts dieser Notlage schloss sich die Gemeinschaft der Deutschen Schule Quito (DSQ) der Zivilgesellschaft an, um die Betroffenen zu unterst\u00fctzen. Nach der Pr\u00fcfung verschiedener M\u00f6glichkeiten wurde beschlossen, den Wiederaufbau der <strong data-start=\"1219\" data-end=\"1254\">Unidad Educativa Mariscal Sucre<\/strong> im l\u00e4ndlichen Gebiet <strong data-start=\"1276\" data-end=\"1290\">La Codicia<\/strong>, Kanton Flavio Alfaro, Provinz Manab\u00ed, zu unterst\u00fctzen.<\/p>\n<p data-start=\"1348\" data-end=\"1735\">Im September 2016 organisierte die DSQ zahlreiche Spendenaktionen, darunter Solidarit\u00e4tsl\u00e4ufe, den Weihnachtsbasar sowie viele Spenden von Ehemaligen und Mitgliedern der Schulgemeinschaft im In- und Ausland. Dank dieses gemeinsamen Engagements konnte im Oktober 2017 die neue Unidad Educativa Mariscal Sucre feierlich eingeweiht werden, wovon rund 300 Kinder und Jugendliche profitieren.<\/p>\n<p data-start=\"1737\" data-end=\"1877\">Seitdem begleitet die DSQ die Schule und die Gemeinde La Codicia kontinuierlich und engagiert durch verschiedene Initiativen, unter anderem:<\/p>\n<ul data-start=\"1879\" data-end=\"2180\">\n<li data-start=\"1879\" data-end=\"1971\">\n<p data-start=\"1881\" data-end=\"1971\">P\u00e4dagogische Unterst\u00fctzung des Lehrpersonals und Begleitung der Sch\u00fclerinnen und Sch\u00fcler<\/p>\n<\/li>\n<li data-start=\"1972\" data-end=\"2042\">\n<p data-start=\"1974\" data-end=\"2042\">Umweltprojekte zum Schutz und zur Erhaltung nat\u00fcrlicher Ressourcen<\/p>\n<\/li>\n<li data-start=\"2043\" data-end=\"2180\">\n<p data-start=\"2045\" data-end=\"2180\">F\u00f6rderung von gemeinschaftlichem Unternehmertum, wie z. B. der N\u00e4hwerkstatt \u201eN\u00e4htraum\u201c, die von Frauen aus der Gemeinde geleitet wird<\/p>\n<\/li>\n<\/ul>\n<h4 data-start=\"2187\" data-end=\"2257\">Zusammenarbeit mit Bildungseinrichtungen und Partnerorganisationen<\/h4>\n<p data-start=\"2259\" data-end=\"2618\">An der Deutschen Schule Quito (DSQ) verstehen wir Solidarit\u00e4t als einen grundlegenden Wert. Durch verantwortungsvolle und nachhaltige Zusammenarbeit st\u00e4rken wir Gemeinschaft und unterst\u00fctzen die ganzheitliche Entwicklung von Kindern und Jugendlichen, unter anderem durch die Spende von Schulmaterialien, B\u00fcchern, Musikinstrumenten, Mobiliar und Infrastruktur.<\/p>\n<p data-start=\"2620\" data-end=\"2849\">Ab dem Jahr 2025 werden sich Sch\u00fclerinnen und Sch\u00fcler der <strong data-start=\"2678\" data-end=\"2698\">5. und 6. Klasse<\/strong> aktiv an den sozialen Projekten beteiligen \u2013 im Rahmen des au\u00dferunterrichtlichen Bereichs \u2013 und so ihr gesellschaftliches Engagement weiter vertiefen.<\/p>\n<p data-start=\"2851\" data-end=\"3060\">Die Schulgemeinschaft der DSQ begleitet kontinuierlich Schulen und Organisationen mit geringerem Ressourcenangebot, sowohl im n\u00e4heren Umfeld als auch in anderen Regionen des Landes. Dazu geh\u00f6ren unter anderem:<\/p>\n<ul data-start=\"3062\" data-end=\"3579\">\n<li data-start=\"3062\" data-end=\"3084\">\n<p data-start=\"3064\" data-end=\"3084\">Fundaci\u00f3n Atacames<\/p>\n<\/li>\n<li data-start=\"3085\" data-end=\"3123\">\n<p data-start=\"3087\" data-end=\"3123\">Fundaci\u00f3n Caminantes sin Fronteras<\/p>\n<\/li>\n<li data-start=\"3124\" data-end=\"3177\">\n<p data-start=\"3126\" data-end=\"3177\">Asociaci\u00f3n de Padres de Ni\u00f1os con C\u00e1ncer (ASONIC)<\/p>\n<\/li>\n<li data-start=\"3178\" data-end=\"3230\">\n<p data-start=\"3180\" data-end=\"3230\">Unidad Educativa Profesor Pedro Echeverr\u00eda Ter\u00e1n<\/p>\n<\/li>\n<li data-start=\"3231\" data-end=\"3274\">\n<p data-start=\"3233\" data-end=\"3274\">Centro de Desarrollo Infantil Arco Iris<\/p>\n<\/li>\n<li data-start=\"3275\" data-end=\"3356\">\n<p data-start=\"3277\" data-end=\"3356\">Instituto de Investigaci\u00f3n, Educaci\u00f3n y Promoci\u00f3n Popular del Ecuador (INEPE)<\/p>\n<\/li>\n<li data-start=\"3357\" data-end=\"3426\">\n<p data-start=\"3359\" data-end=\"3426\">Unidad Educativa Especializada para Sordos Miguel Moreno Espinosa<\/p>\n<\/li>\n<li data-start=\"3427\" data-end=\"3540\">\n<p data-start=\"3429\" data-end=\"3540\">Bildungseinrichtungen im Rahmen der Initiativen der \u201eDamas Alemanas\u201c: Tres de Diciembre, Intiyachay und C\u00e9nit<\/p>\n<\/li>\n<li data-start=\"3541\" data-end=\"3579\">\n<p data-start=\"3543\" data-end=\"3579\">sowie weitere Partnerinstitutionen<\/p>\n<\/li>\n<\/ul>\n<p data-start=\"3581\" data-end=\"3652\"><strong data-start=\"3581\" data-end=\"3594\">Lucy Cruz<\/strong><br data-start=\"3594\" data-end=\"3597\">Koordinatorin soziale Projekte<br data-start=\"3627\" data-end=\"3630\"><a class=\"decorated-link cursor-pointer\" href=\"mailto:lucila.cruz@caq.edu.ec\" target=\"_blank\" rel=\"noopener\" data-start=\"3630\" data-end=\"3652\">lucila.cruz@caq.edu.ec<\/a><\/p>\n<h3 data-start=\"3659\" data-end=\"3687\">Sch\u00fclerbeteiligung \u2013 PPE<\/h3>\n<p data-start=\"3689\" data-end=\"4035\">Das <strong data-start=\"3693\" data-end=\"3774\">Programm f\u00fcr Sch\u00fclerbeteiligung (Programa de Participaci\u00f3n Estudiantil \u2013 PPE)<\/strong> ist eine Initiative des ecuadorianischen Bildungsministeriums und eine verpflichtende Voraussetzung f\u00fcr den Erwerb des Abschlusses <strong data-start=\"3906\" data-end=\"3946\">Bachillerato General Unificado (BGU)<\/strong>. Es erstreckt sich \u00fcber zwei Schuljahre, beginnend in Klasse 10 und endend in Klasse 11.<\/p>\n<p data-start=\"4037\" data-end=\"4388\">Ziel des PPE ist es, junge Menschen zu Solidarit\u00e4t und Verantwortung gegen\u00fcber ihrer Gemeinschaft und der Umwelt zu erziehen. In Sch\u00fclerbrigaden entwickeln und realisieren die Jugendlichen Projekte, die konkrete gesellschaftliche Bed\u00fcrfnisse aufgreifen und zu einer gerechteren und nachhaltigeren Zukunft beitragen. Die Aktionsfelder des PPE umfassen:<\/p>\n<p data-start=\"4390\" data-end=\"4627\"><strong data-start=\"4390\" data-end=\"4413\">Ziviles Engagement:<\/strong><br data-start=\"4413\" data-end=\"4416\">F\u00f6rderung von Menschenrechten, B\u00fcrgersinn und Werten. Dazu geh\u00f6ren Aktivit\u00e4ten zur St\u00e4rkung von Gleichberechtigung, Vielfalt und Inklusion, insbesondere zugunsten von Sch\u00fclerinnen und Sch\u00fclern mit Behinderungen.<\/p>\n<p data-start=\"4629\" data-end=\"4888\"><strong data-start=\"4629\" data-end=\"4661\">Gesundheit und Wohlbefinden:<\/strong><br data-start=\"4661\" data-end=\"4664\">F\u00f6rderung des k\u00f6rperlichen und sozialen Wohlbefindens sowie einer gesunden Ern\u00e4hrung. Dies beinhaltet die Auseinandersetzung mit Ern\u00e4hrungsgewohnheiten und die Zubereitung von Speisen f\u00fcr Menschen in vulnerablen Lebenslagen.<\/p>\n<p data-start=\"4890\" data-end=\"5160\"><strong data-start=\"4890\" data-end=\"4911\">Umweltengagement:<\/strong><br data-start=\"4911\" data-end=\"4914\">Entwicklung von Wissen, Reflexion und verantwortungsvollem Handeln angesichts der Klimakrise. Dazu z\u00e4hlen Aktivit\u00e4ten wie die Wiederherstellung von Gr\u00fcnfl\u00e4chen, das Anlegen von Schulg\u00e4rten, Abfallmanagement und die Reduktion von Plastikverbrauch.<\/p>\n<p data-start=\"5162\" data-end=\"5383\"><strong data-start=\"5162\" data-end=\"5180\">Lesef\u00f6rderung:<\/strong><br data-start=\"5180\" data-end=\"5183\">F\u00f6rderung der Lesekompetenz und der Kunst als Instrumente sozialer Transformation. Dies umfasst die Erstellung von Geschichten, didaktischem Material und spielerischen Ressourcen f\u00fcr die Gemeinschaft.<\/p>\n<p data-start=\"5385\" data-end=\"5709\">Wir sind eine <strong data-start=\"5399\" data-end=\"5419\">Begegnungsschule<\/strong>, die sich der Zusammenarbeit und der Vernetzung verschrieben hat. Wir f\u00f6rdern strategische Partnerschaften mit verschiedenen Bildungseinrichtungen und gemeinn\u00fctzigen Organisationen, die die Ausbildung unserer Sch\u00fclerinnen und Sch\u00fcler bereichern und die Verbindung zur Gesellschaft st\u00e4rken.<\/p>\n<p data-start=\"5711\" data-end=\"5958\">Zu unseren Kooperationspartnern z\u00e4hlen Schulen, gemeinn\u00fctzige Organisationen, Hochschulen sowie verschiedene lokale Akteure, mit denen wir das Lernen sowie das soziale und \u00f6kologische Engagement unserer Sch\u00fclerinnen und Sch\u00fcler nachhaltig f\u00f6rdern.<\/p>\n<p data-start=\"5960\" data-end=\"6053\"><strong data-start=\"5960\" data-end=\"5978\">M\u00f3nica Reinoso<\/strong><br data-start=\"5978\" data-end=\"5981\">Koordinatorin Umwelt und Sch\u00fclerbeteiligung<br data-start=\"6024\" data-end=\"6027\"><a class=\"decorated-link cursor-pointer\" href=\"mailto:coord.ambiental@caq.edu.ec\" target=\"_blank\" rel=\"noopener\" data-start=\"6027\" data-end=\"6053\">coord.ambiental@caq.edu.ec<\/a><\/p>\t\t\t\t\t\t\t\t<\/div>\n\t\t\t\t<\/div>\n\t\t\t\t\t<\/div>\n\t\t\t\t<\/div>\n\t\t\t\t<\/div>\n\t\t","protected":false},"excerpt":{"rendered":"<p>Erfahren Sie mehr \u00fcber die vom DSQ im Rahmen seines Programms zur sozialen Verantwortung unterst\u00fctzten Projekte \u2013 hier klicken (Info nur auf Spanisch): Sozialen Verantwortung unterst\u00fctzten Projekte An unserer Schule ist soziales Engagement zu einem echten Fenster zur Welt geworden, das die gesamte Schulgemeinschaft dazu einl\u00e4dt, sich aktiv mit ihrem Umfeld auseinanderzusetzen. Durch konkrete Projekte [&hellip;]<\/p>\n","protected":false},"author":6,"featured_media":0,"parent":57252,"menu_order":0,"comment_status":"closed","ping_status":"closed","template":"","meta":{"footnotes":""},"class_list":["post-57250","page","type-page","status-publish","hentry"],"yoast_head":"<!-- This site is optimized with the Yoast SEO plugin v27.5 - https:\/\/yoast.com\/product\/yoast-seo-wordpress\/ -->\n<title>Sozialdienst - Colegio Alem\u00e1n Quito<\/title>\n<meta name=\"robots\" content=\"index, follow, max-snippet:-1, max-image-preview:large, max-video-preview:-1\" \/>\n<link rel=\"canonical\" href=\"https:\/\/www.caq.edu.ec\/proyectos-escolares\/accion-social\/\" \/>\n<meta property=\"og:locale\" content=\"de_DE\" \/>\n<meta property=\"og:type\" content=\"article\" \/>\n<meta property=\"og:title\" content=\"Sozialdienst - Colegio Alem\u00e1n Quito\" \/>\n<meta property=\"og:description\" content=\"Erfahren Sie mehr \u00fcber die vom DSQ im Rahmen seines Programms zur sozialen Verantwortung unterst\u00fctzten Projekte \u2013 hier klicken (Info nur auf Spanisch): Sozialen Verantwortung unterst\u00fctzten Projekte An unserer Schule ist soziales Engagement zu einem echten Fenster zur Welt geworden, das die gesamte Schulgemeinschaft dazu einl\u00e4dt, sich aktiv mit ihrem Umfeld auseinanderzusetzen. Durch konkrete Projekte [&hellip;]\" \/>\n<meta property=\"og:url\" content=\"https:\/\/www.caq.edu.ec\/proyectos-escolares\/accion-social\/\" \/>\n<meta property=\"og:site_name\" content=\"Colegio Alem\u00e1n Quito\" \/>\n<meta property=\"article:modified_time\" content=\"2026-02-06T13:36:17+00:00\" \/>\n<meta name=\"twitter:card\" content=\"summary_large_image\" \/>\n<meta name=\"twitter:label1\" content=\"Gesch\u00e4tzte Lesezeit\" \/>\n\t<meta name=\"twitter:data1\" content=\"4\u00a0Minuten\" \/>\n<script type=\"application\/ld+json\" class=\"yoast-schema-graph\">{\"@context\":\"https:\\\/\\\/schema.org\",\"@graph\":[{\"@type\":\"WebPage\",\"@id\":\"https:\\\/\\\/www.caq.edu.ec\\\/proyectos-escolares\\\/accion-social\\\/\",\"url\":\"https:\\\/\\\/www.caq.edu.ec\\\/proyectos-escolares\\\/accion-social\\\/\",\"name\":\"Sozialdienst - Colegio Alem\u00e1n Quito\",\"isPartOf\":{\"@id\":\"https:\\\/\\\/www.caq.edu.ec\\\/#website\"},\"datePublished\":\"2018-10-24T04:12:34+00:00\",\"dateModified\":\"2026-02-06T13:36:17+00:00\",\"breadcrumb\":{\"@id\":\"https:\\\/\\\/www.caq.edu.ec\\\/proyectos-escolares\\\/accion-social\\\/#breadcrumb\"},\"inLanguage\":\"de\",\"potentialAction\":[{\"@type\":\"ReadAction\",\"target\":[\"https:\\\/\\\/www.caq.edu.ec\\\/proyectos-escolares\\\/accion-social\\\/\"]}]},{\"@type\":\"BreadcrumbList\",\"@id\":\"https:\\\/\\\/www.caq.edu.ec\\\/proyectos-escolares\\\/accion-social\\\/#breadcrumb\",\"itemListElement\":[{\"@type\":\"ListItem\",\"position\":1,\"name\":\"Inicio\",\"item\":\"https:\\\/\\\/www.caq.edu.ec\\\/\"},{\"@type\":\"ListItem\",\"position\":2,\"name\":\"Schulprojekte\",\"item\":\"https:\\\/\\\/www.caq.edu.ec\\\/de\\\/proyectos-escolares\\\/\"},{\"@type\":\"ListItem\",\"position\":3,\"name\":\"Sozialdienst\"}]},{\"@type\":\"WebSite\",\"@id\":\"https:\\\/\\\/www.caq.edu.ec\\\/#website\",\"url\":\"https:\\\/\\\/www.caq.edu.ec\\\/\",\"name\":\"Colegio Alem\u00e1n Quito\",\"description\":\"Una puerta al mundo\",\"potentialAction\":[{\"@type\":\"SearchAction\",\"target\":{\"@type\":\"EntryPoint\",\"urlTemplate\":\"https:\\\/\\\/www.caq.edu.ec\\\/?s={search_term_string}\"},\"query-input\":{\"@type\":\"PropertyValueSpecification\",\"valueRequired\":true,\"valueName\":\"search_term_string\"}}],\"inLanguage\":\"de\"}]}<\/script>\n<!-- \/ Yoast SEO plugin. -->","yoast_head_json":{"title":"Sozialdienst - Colegio Alem\u00e1n Quito","robots":{"index":"index","follow":"follow","max-snippet":"max-snippet:-1","max-image-preview":"max-image-preview:large","max-video-preview":"max-video-preview:-1"},"canonical":"https:\/\/www.caq.edu.ec\/proyectos-escolares\/accion-social\/","og_locale":"de_DE","og_type":"article","og_title":"Sozialdienst - Colegio Alem\u00e1n Quito","og_description":"Erfahren Sie mehr \u00fcber die vom DSQ im Rahmen seines Programms zur sozialen Verantwortung unterst\u00fctzten Projekte \u2013 hier klicken (Info nur auf Spanisch): Sozialen Verantwortung unterst\u00fctzten Projekte An unserer Schule ist soziales Engagement zu einem echten Fenster zur Welt geworden, das die gesamte Schulgemeinschaft dazu einl\u00e4dt, sich aktiv mit ihrem Umfeld auseinanderzusetzen. Durch konkrete Projekte [&hellip;]","og_url":"https:\/\/www.caq.edu.ec\/proyectos-escolares\/accion-social\/","og_site_name":"Colegio Alem\u00e1n Quito","article_modified_time":"2026-02-06T13:36:17+00:00","twitter_card":"summary_large_image","twitter_misc":{"Gesch\u00e4tzte Lesezeit":"4\u00a0Minuten"},"schema":{"@context":"https:\/\/schema.org","@graph":[{"@type":"WebPage","@id":"https:\/\/www.caq.edu.ec\/proyectos-escolares\/accion-social\/","url":"https:\/\/www.caq.edu.ec\/proyectos-escolares\/accion-social\/","name":"Sozialdienst - Colegio Alem\u00e1n Quito","isPartOf":{"@id":"https:\/\/www.caq.edu.ec\/#website"},"datePublished":"2018-10-24T04:12:34+00:00","dateModified":"2026-02-06T13:36:17+00:00","breadcrumb":{"@id":"https:\/\/www.caq.edu.ec\/proyectos-escolares\/accion-social\/#breadcrumb"},"inLanguage":"de","potentialAction":[{"@type":"ReadAction","target":["https:\/\/www.caq.edu.ec\/proyectos-escolares\/accion-social\/"]}]},{"@type":"BreadcrumbList","@id":"https:\/\/www.caq.edu.ec\/proyectos-escolares\/accion-social\/#breadcrumb","itemListElement":[{"@type":"ListItem","position":1,"name":"Inicio","item":"https:\/\/www.caq.edu.ec\/"},{"@type":"ListItem","position":2,"name":"Schulprojekte","item":"https:\/\/www.caq.edu.ec\/de\/proyectos-escolares\/"},{"@type":"ListItem","position":3,"name":"Sozialdienst"}]},{"@type":"WebSite","@id":"https:\/\/www.caq.edu.ec\/#website","url":"https:\/\/www.caq.edu.ec\/","name":"Colegio Alem\u00e1n Quito","description":"Una puerta al mundo","potentialAction":[{"@type":"SearchAction","target":{"@type":"EntryPoint","urlTemplate":"https:\/\/www.caq.edu.ec\/?s={search_term_string}"},"query-input":{"@type":"PropertyValueSpecification","valueRequired":true,"valueName":"search_term_string"}}],"inLanguage":"de"}]}},"_links":{"self":[{"href":"https:\/\/www.caq.edu.ec\/de\/wp-json\/wp\/v2\/pages\/57250","targetHints":{"allow":["GET"]}}],"collection":[{"href":"https:\/\/www.caq.edu.ec\/de\/wp-json\/wp\/v2\/pages"}],"about":[{"href":"https:\/\/www.caq.edu.ec\/de\/wp-json\/wp\/v2\/types\/page"}],"author":[{"embeddable":true,"href":"https:\/\/www.caq.edu.ec\/de\/wp-json\/wp\/v2\/users\/6"}],"replies":[{"embeddable":true,"href":"https:\/\/www.caq.edu.ec\/de\/wp-json\/wp\/v2\/comments?post=57250"}],"version-history":[{"count":16,"href":"https:\/\/www.caq.edu.ec\/de\/wp-json\/wp\/v2\/pages\/57250\/revisions"}],"predecessor-version":[{"id":72008,"href":"https:\/\/www.caq.edu.ec\/de\/wp-json\/wp\/v2\/pages\/57250\/revisions\/72008"}],"up":[{"embeddable":true,"href":"https:\/\/www.caq.edu.ec\/de\/wp-json\/wp\/v2\/pages\/57252"}],"wp:attachment":[{"href":"https:\/\/www.caq.edu.ec\/de\/wp-json\/wp\/v2\/media?parent=57250"}],"curies":[{"name":"wp","href":"https:\/\/api.w.org\/{rel}","templated":true}]}}