{"id":57247,"date":"2018-10-21T07:07:45","date_gmt":"2018-10-21T12:07:45","guid":{"rendered":"https:\/\/www.caq.edu.ec\/alumni\/"},"modified":"2026-03-06T15:57:35","modified_gmt":"2026-03-06T20:57:35","slug":"alumni","status":"publish","type":"page","link":"https:\/\/www.caq.edu.ec\/de\/alumni\/","title":{"rendered":"Alumni"},"content":{"rendered":"\n<p>Alumni, ein Begriff aus dem Lateinischen, bezieht sich auf die Absolventen einer Institution oder Ehemalige. Unsere Alumni sind ein wesentlicher Bestandteil der Deutschen Schule Quito, denn sie repr\u00e4sentieren sie in ihrer ganzen Vielfalt auf der ganzen Welt. Es geh\u00f6rt zu den Aufgaben der Deutschen Schulen im Ausland, den Kontakt zu ihren Ehemaligen zu pflegen. Dies war und ist auch f\u00fcr die Deutsche Schule Quito ein wichtiges Anliegen. Immerhin haben wir bereits eine 106-j\u00e4hrige Tradition.<\/p>\n\n\n\n<p>Die Deutsche Schule Quito hat in \u00dcbereinstimmung mit den Richtlinien der Zentralstelle f\u00fcr das Auslandsschulwesen, aber auch im Einklang mit dem weltweiten Trend zu anderen Formen der sozialen, akademischen und beruflichen Vernetzung eine neue Phase der Kommunikation und Vernetzung mit ihren Ehemaligen begonnen.<\/p>\n\n\n\n<p>Viele Alumni setzen die Tradition fort: Sie sind unserer Schule als Eltern verbunden oder engagieren sich in verschiedenen akademischen oder administrativen Funktionen an der Schule; derzeit sind rund 35 Alumni an der Schule t\u00e4tig.<\/p>\n\n\n\n<p>Die Alumni sollen aktiver Teil eines gro\u00dfen Netzwerks sein, das sie auf dem Laufenden h\u00e4lt, neue Generationen der Absolventen bei der Wahl der Studieng\u00e4nge begleitet, beim Start und Anpassung an das Leben in Ecuador, in Deutschland und anderen L\u00e4ndern sowie bei der Arbeitssuche und -findung unterst\u00fctzt.<\/p>\n\n\n\n<p>Die Deutsche Schule Quito und ihre Alumni sind ein Tor zur Welt!<\/p>\n\n\n\n<h3 class=\"wp-block-heading\">LinkedIn:<\/h3>\n\n\n\n<p>Nimm mit uns Kontakt auf \u00fcber LinkedIin&nbsp;<a href=\"https:\/\/www.linkedin.com\/school\/dsq\/\">https:\/\/www.linkedin.com\/school\/dsq\/<\/a>&nbsp;<\/p>\n\n\n\n<h3 class=\"wp-block-heading\"><\/h3>\n\n\n\n<h3 class=\"wp-block-heading\">Datenbank<\/h3>\n\n\n\n<p>Wenn Du weitere Information erhalten m\u00f6chtest, registriere dich bitte unter folgendem Link:<\/p>\n\n\n\n<p><a href=\"https:\/\/docs.google.com\/forms\/d\/e\/1FAIpQLSejY3Cq1fuD2jj8uW_7L_e2Qqlgi-2p_9GPJ5HMA7XO_RibGA\/viewform\" target=\"_blank\" rel=\"noreferrer noopener\">Formular ALUMNI<\/a><\/p>\n\n\n\n<p>Bei Fragen, bitte Kontakt aufnehmen bei:<\/p>\n\n\n\n<p>Diana H\u00fcbenthal<br><strong>Koordination <em>Alumni<\/em><\/strong><\/p>\n\n\n\n<p>Telf.: 3560123 Ext. 193<\/p>\n\n\n\n<p>E-Mail:&nbsp;<a href=\"mailto:alumni@caq.edu.ec\">alumni@caq.edu.ec<\/a><\/p>\n\n\n\n<h3 class=\"wp-block-heading\">Wiedertreffen der Ehemaligen<\/h3>\n\n\n\n<p>Jedes Jahr im Oktober veranstaltet die Schule ein Wiedersehenstreffen mit den Abschluss-Jahrg\u00e4ngen aller Abg\u00e4nger in einem 5-Jahres Wechsel.<\/p>\n\n\n\n<p><a href=\"https:\/\/www.caq.edu.ec\/de\/alumni-treffen-2019\/\">Alumni-Treffen 2019<\/a><\/p>\n\n\n\n<p><a href=\"https:\/\/www.caq.edu.ec\/encuentro-de-exalumnos-2022\/\" target=\"_blank\" rel=\"noreferrer noopener\">Alumni Treffen 2022<\/a><\/p>\n\n\n\n<p><a href=\"https:\/\/caqeduec-my.sharepoint.com\/:f:\/g\/personal\/iguarderas_caq_edu_ec\/EiFOT0oeqG1IgNowhEAQv24BFCHtlrRkOOJ9mEq_i-___g?e=RLog0D\" target=\"_blank\" rel=\"noreferrer noopener\">Alumni Treffen &#8211; Februar 2023<\/a><\/p>\n\n\n\n<p><a href=\"https:\/\/caqeduec-my.sharepoint.com\/:f:\/g\/personal\/iguarderas_caq_edu_ec\/EpGgtW2M8sJEoxOkvBXcS6cBXJN8G5ixvMy-xqAhZCQ4yA?e=AcwdtP\" target=\"_blank\" rel=\"noreferrer noopener\">Alumni Treffen &#8211; Oktober 2023<\/a><\/p>\n\n\n\n<p><a href=\"https:\/\/www.caq.edu.ec\/encuentro-alumni-2024\/\">Alumni Treffen &#8211; 2024<\/a><\/p>\n\n\n\n<p><a href=\"https:\/\/www.caq.edu.ec\/encuentro-alumni-2025\/\">Alumni Treffen &#8211; 2025<\/a><\/p>\n","protected":false},"excerpt":{"rendered":"<p>Alumni, ein Begriff aus dem Lateinischen, bezieht sich auf die Absolventen einer Institution oder Ehemalige. Unsere Alumni sind ein wesentlicher Bestandteil der Deutschen Schule Quito, denn sie repr\u00e4sentieren sie in ihrer ganzen Vielfalt auf der ganzen Welt. Es geh\u00f6rt zu den Aufgaben der Deutschen Schulen im Ausland, den Kontakt zu ihren Ehemaligen zu pflegen. Dies [&hellip;]<\/p>\n","protected":false},"author":6,"featured_media":0,"parent":0,"menu_order":0,"comment_status":"closed","ping_status":"closed","template":"","meta":{"footnotes":""},"class_list":["post-57247","page","type-page","status-publish","hentry"],"yoast_head":"<!-- This site is optimized with the Yoast SEO plugin v27.3 - https:\/\/yoast.com\/product\/yoast-seo-wordpress\/ -->\n<title>Alumni - Colegio Alem\u00e1n Quito<\/title>\n<meta name=\"robots\" content=\"index, follow, max-snippet:-1, max-image-preview:large, max-video-preview:-1\" \/>\n<link rel=\"canonical\" href=\"https:\/\/www.caq.edu.ec\/de\/alumni\/\" \/>\n<meta property=\"og:locale\" content=\"de_DE\" \/>\n<meta property=\"og:type\" content=\"article\" \/>\n<meta property=\"og:title\" content=\"Alumni - Colegio Alem\u00e1n Quito\" \/>\n<meta property=\"og:description\" content=\"Alumni, ein Begriff aus dem Lateinischen, bezieht sich auf die Absolventen einer Institution oder Ehemalige. Unsere Alumni sind ein wesentlicher Bestandteil der Deutschen Schule Quito, denn sie repr\u00e4sentieren sie in ihrer ganzen Vielfalt auf der ganzen Welt. Es geh\u00f6rt zu den Aufgaben der Deutschen Schulen im Ausland, den Kontakt zu ihren Ehemaligen zu pflegen. Dies [&hellip;]\" \/>\n<meta property=\"og:url\" content=\"https:\/\/www.caq.edu.ec\/de\/alumni\/\" \/>\n<meta property=\"og:site_name\" content=\"Colegio Alem\u00e1n Quito\" \/>\n<meta property=\"article:modified_time\" content=\"2026-03-06T20:57:35+00:00\" \/>\n<meta name=\"twitter:card\" content=\"summary_large_image\" \/>\n<meta name=\"twitter:label1\" content=\"Gesch\u00e4tzte Lesezeit\" \/>\n\t<meta name=\"twitter:data1\" content=\"2\u00a0Minuten\" \/>\n<script type=\"application\/ld+json\" class=\"yoast-schema-graph\">{\"@context\":\"https:\\\/\\\/schema.org\",\"@graph\":[{\"@type\":\"WebPage\",\"@id\":\"https:\\\/\\\/www.caq.edu.ec\\\/de\\\/alumni\\\/\",\"url\":\"https:\\\/\\\/www.caq.edu.ec\\\/de\\\/alumni\\\/\",\"name\":\"Alumni - Colegio Alem\u00e1n Quito\",\"isPartOf\":{\"@id\":\"https:\\\/\\\/www.caq.edu.ec\\\/#website\"},\"datePublished\":\"2018-10-21T12:07:45+00:00\",\"dateModified\":\"2026-03-06T20:57:35+00:00\",\"breadcrumb\":{\"@id\":\"https:\\\/\\\/www.caq.edu.ec\\\/de\\\/alumni\\\/#breadcrumb\"},\"inLanguage\":\"de\",\"potentialAction\":[{\"@type\":\"ReadAction\",\"target\":[\"https:\\\/\\\/www.caq.edu.ec\\\/de\\\/alumni\\\/\"]}]},{\"@type\":\"BreadcrumbList\",\"@id\":\"https:\\\/\\\/www.caq.edu.ec\\\/de\\\/alumni\\\/#breadcrumb\",\"itemListElement\":[{\"@type\":\"ListItem\",\"position\":1,\"name\":\"Inicio\",\"item\":\"https:\\\/\\\/www.caq.edu.ec\\\/\"},{\"@type\":\"ListItem\",\"position\":2,\"name\":\"Alumni\"}]},{\"@type\":\"WebSite\",\"@id\":\"https:\\\/\\\/www.caq.edu.ec\\\/#website\",\"url\":\"https:\\\/\\\/www.caq.edu.ec\\\/\",\"name\":\"Colegio Alem\u00e1n Quito\",\"description\":\"Una puerta al mundo\",\"potentialAction\":[{\"@type\":\"SearchAction\",\"target\":{\"@type\":\"EntryPoint\",\"urlTemplate\":\"https:\\\/\\\/www.caq.edu.ec\\\/?s={search_term_string}\"},\"query-input\":{\"@type\":\"PropertyValueSpecification\",\"valueRequired\":true,\"valueName\":\"search_term_string\"}}],\"inLanguage\":\"de\"}]}<\/script>\n<!-- \/ Yoast SEO plugin. -->","yoast_head_json":{"title":"Alumni - Colegio Alem\u00e1n Quito","robots":{"index":"index","follow":"follow","max-snippet":"max-snippet:-1","max-image-preview":"max-image-preview:large","max-video-preview":"max-video-preview:-1"},"canonical":"https:\/\/www.caq.edu.ec\/de\/alumni\/","og_locale":"de_DE","og_type":"article","og_title":"Alumni - Colegio Alem\u00e1n Quito","og_description":"Alumni, ein Begriff aus dem Lateinischen, bezieht sich auf die Absolventen einer Institution oder Ehemalige. Unsere Alumni sind ein wesentlicher Bestandteil der Deutschen Schule Quito, denn sie repr\u00e4sentieren sie in ihrer ganzen Vielfalt auf der ganzen Welt. Es geh\u00f6rt zu den Aufgaben der Deutschen Schulen im Ausland, den Kontakt zu ihren Ehemaligen zu pflegen. Dies [&hellip;]","og_url":"https:\/\/www.caq.edu.ec\/de\/alumni\/","og_site_name":"Colegio Alem\u00e1n Quito","article_modified_time":"2026-03-06T20:57:35+00:00","twitter_card":"summary_large_image","twitter_misc":{"Gesch\u00e4tzte Lesezeit":"2\u00a0Minuten"},"schema":{"@context":"https:\/\/schema.org","@graph":[{"@type":"WebPage","@id":"https:\/\/www.caq.edu.ec\/de\/alumni\/","url":"https:\/\/www.caq.edu.ec\/de\/alumni\/","name":"Alumni - Colegio Alem\u00e1n Quito","isPartOf":{"@id":"https:\/\/www.caq.edu.ec\/#website"},"datePublished":"2018-10-21T12:07:45+00:00","dateModified":"2026-03-06T20:57:35+00:00","breadcrumb":{"@id":"https:\/\/www.caq.edu.ec\/de\/alumni\/#breadcrumb"},"inLanguage":"de","potentialAction":[{"@type":"ReadAction","target":["https:\/\/www.caq.edu.ec\/de\/alumni\/"]}]},{"@type":"BreadcrumbList","@id":"https:\/\/www.caq.edu.ec\/de\/alumni\/#breadcrumb","itemListElement":[{"@type":"ListItem","position":1,"name":"Inicio","item":"https:\/\/www.caq.edu.ec\/"},{"@type":"ListItem","position":2,"name":"Alumni"}]},{"@type":"WebSite","@id":"https:\/\/www.caq.edu.ec\/#website","url":"https:\/\/www.caq.edu.ec\/","name":"Colegio Alem\u00e1n Quito","description":"Una puerta al mundo","potentialAction":[{"@type":"SearchAction","target":{"@type":"EntryPoint","urlTemplate":"https:\/\/www.caq.edu.ec\/?s={search_term_string}"},"query-input":{"@type":"PropertyValueSpecification","valueRequired":true,"valueName":"search_term_string"}}],"inLanguage":"de"}]}},"_links":{"self":[{"href":"https:\/\/www.caq.edu.ec\/de\/wp-json\/wp\/v2\/pages\/57247","targetHints":{"allow":["GET"]}}],"collection":[{"href":"https:\/\/www.caq.edu.ec\/de\/wp-json\/wp\/v2\/pages"}],"about":[{"href":"https:\/\/www.caq.edu.ec\/de\/wp-json\/wp\/v2\/types\/page"}],"author":[{"embeddable":true,"href":"https:\/\/www.caq.edu.ec\/de\/wp-json\/wp\/v2\/users\/6"}],"replies":[{"embeddable":true,"href":"https:\/\/www.caq.edu.ec\/de\/wp-json\/wp\/v2\/comments?post=57247"}],"version-history":[{"count":4,"href":"https:\/\/www.caq.edu.ec\/de\/wp-json\/wp\/v2\/pages\/57247\/revisions"}],"predecessor-version":[{"id":72173,"href":"https:\/\/www.caq.edu.ec\/de\/wp-json\/wp\/v2\/pages\/57247\/revisions\/72173"}],"wp:attachment":[{"href":"https:\/\/www.caq.edu.ec\/de\/wp-json\/wp\/v2\/media?parent=57247"}],"curies":[{"name":"wp","href":"https:\/\/api.w.org\/{rel}","templated":true}]}}