{"id":57244,"date":"2018-10-21T04:55:31","date_gmt":"2018-10-21T04:55:31","guid":{"rendered":"https:\/\/www.caq.edu.ec\/vertrauensschueler\/"},"modified":"2018-10-21T04:55:31","modified_gmt":"2018-10-21T04:55:31","slug":"vertrauensschueler","status":"publish","type":"page","link":"https:\/\/www.caq.edu.ec\/de\/areas-de-apoyo\/vertrauensschueler\/","title":{"rendered":"Konfliktlotsen"},"content":{"rendered":"<h2><img fetchpriority=\"high\" decoding=\"async\" class=\"size-medium wp-image-29869 alignleft\" src=\"https:\/\/www.caq.edu.ec\/wp-content\/uploads\/2018\/11\/Buzones_2-225x300.jpg\" alt=\"\" width=\"225\" height=\"300\" \/>Vertrauenssch\u00fcler<\/h2>\n<p>Seit vielen Jahren gibt es an unserer Schule die Gruppe der <em>Vetrauenssch\u00fcle<\/em>r bzw. der <em>Mediadores<\/em>. Urspr\u00fcnglich ging es um das in Deutschland sehr etablierte Konzept der Konfliktlots*innen oder auch Schulmediator*innen: Wenn zwei Sch\u00fcler*innen einen Konflikt miteinander haben, k\u00f6nnen sie sich an die Kofliktlots*innen wenden, die ihnen aufgrund eines intensiv gelernten Systems mit mehreren Stufen dabei helfen, selbst eine Konfliktl\u00f6sung zu erarbeiten. Die Gespr\u00e4che laufen streng vertraulich. Dieses Angebot machen wir der Schulgemeinschaft nach wie vor sehr engagiert.<\/p>\n<p>Weil aber, wie oft auch in Deutschland, Sch\u00fcler*innen nur sehr selten dieses Angebot annehmen m\u00f6gen, haben sich die <em>Mediadores<\/em> dazu entschieden, das grunds\u00e4tzliche Ziel der Verbesserung des Miteinanders aller an unserer Schule auch auf andere Weise zu verfolgen. Dabei ist v\u00f6llig klar, dass das Miteinander bereits sehr gut ist. Ebenso klar ist aber auch, dass selbst das, wie alles andere auch, immer NOCH besser sein kann und man f\u00fcr k\u00fcnftig m\u00f6glicherweise entstehende Probleme ger\u00fcstet sein muss. Konflikte treten auch in den besten Organisationen auf und wir wollen dabei helfen, diese konstruktiv und nachhaltig zu l\u00f6sen. Daf\u00fcr lernen die <em>Mediadores<\/em> viel \u00fcber Kommunikation, Pr\u00e4vention, Konfliktl\u00f6sungsstrategien, Gewaltfreie Kommunikation, etc. und erarbeiten Konzepte zur besseren Integration ausnahmslos aller Sch\u00fcler*innen in die jeweiligen Klassengemeinschaften. Regelm\u00e4\u00dfige Treffen dienen dem Austausch \u00fcber unsere Arbeit und der Weiterentwicklung derselben.<\/p>\n<p>Die <em>Mediadores<\/em> werden jedes Jahr durch Befragungen ihrer Mitsch\u00fcler*innen in den siebten und zehnten Klassen ermittelt: Diejenigen zwei Sch\u00fcler*innen, die in ihrer jeweiligen Klasse das gr\u00f6\u00dfte Vertrauen genie\u00dfen, werden in die bestehende Gruppe der <em>Mediadores<\/em> aufgenommen und bleiben so lange Mitglieder, wie sie aktiv mitarbeiten. J\u00fcngere lernen von den \u00e4lteren und geben sp\u00e4ter ihre Kenntnisse und F\u00e4higkeiten wieder weiter. Sollte ein <em>Mediador<\/em> das erteilte Vertrauen missbrauchen, muss sie\/er die Gruppe verlassen.<\/p>\n<p>Zur Zeit wird die Gruppe von Maria Augusta Robalino, Carina Butz und Jana Rau-Dreher geleitet (Schuljahr 2021-2022).<\/p>\n<div><b>Was ist ein &#8222;Mediador&#8220;?<\/b><\/div>\n<div><\/div>\n<div>Ein Streitschlichter \/\u00a0 Mediador\u00a0 ist ein Sch\u00fcler der DSQ der Klassen 7 bis 12, der ausgebildet wurde, um bei der L\u00f6sung von Problemen zwischen anderen Mitsch\u00fclern zu helfen, wobei Diskretion und Vertraulichkeit gewahrt bleiben.<\/div>\n<div><\/div>\n<div>Ein\u00a0Streitschlichter\u00a0kann aber nicht bei Problemen zwischen einem Sch\u00fcler und einem Lehrer oder bei Situationen au\u00dferhalb der Schule eingreifen.\u00a0In solchen F\u00e4llen sollte sich der Sch\u00fcler an einen Erwachsenen seines Vertrauens wenden.<\/div>\n<h3>Konfliktlots*innen<\/h3>\n<p><a href=\"https:\/\/www.caq.edu.ec\/wp-content\/uploads\/2022\/01\/Red-de-apoyo_2021-22.pdf\">Red de apoyo_2021-22<\/a><\/p>\n<p><iframe title=\"\u00c1reas de apoyo del CAQ\" width=\"800\" height=\"450\" src=\"https:\/\/www.youtube.com\/embed\/hXwjjrD4GFE?feature=oembed\" frameborder=\"0\" allow=\"accelerometer; autoplay; clipboard-write; encrypted-media; gyroscope; picture-in-picture\" allowfullscreen><\/iframe><\/p>\n<p>&nbsp;<\/p>\n","protected":false},"excerpt":{"rendered":"<p>Vertrauenssch\u00fcler Seit vielen Jahren gibt es an unserer Schule die Gruppe der Vetrauenssch\u00fcler bzw. der Mediadores. Urspr\u00fcnglich ging es um das in Deutschland sehr etablierte Konzept der Konfliktlots*innen oder auch Schulmediator*innen: Wenn zwei Sch\u00fcler*innen einen Konflikt miteinander haben, k\u00f6nnen sie sich an die Kofliktlots*innen wenden, die ihnen aufgrund eines intensiv gelernten Systems mit mehreren Stufen [&hellip;]<\/p>\n","protected":false},"author":6,"featured_media":0,"parent":57249,"menu_order":0,"comment_status":"closed","ping_status":"closed","template":"","meta":{"footnotes":""},"class_list":["post-57244","page","type-page","status-publish","hentry"],"yoast_head":"<!-- This site is optimized with the Yoast SEO plugin v27.3 - https:\/\/yoast.com\/product\/yoast-seo-wordpress\/ -->\n<title>Konfliktlotsen - Colegio Alem\u00e1n Quito<\/title>\n<meta name=\"robots\" content=\"index, follow, max-snippet:-1, max-image-preview:large, max-video-preview:-1\" \/>\n<link rel=\"canonical\" href=\"https:\/\/www.caq.edu.ec\/de\/areas-de-apoyo\/vertrauensschueler\/\" \/>\n<meta property=\"og:locale\" content=\"de_DE\" \/>\n<meta property=\"og:type\" content=\"article\" \/>\n<meta property=\"og:title\" content=\"Konfliktlotsen - Colegio Alem\u00e1n Quito\" \/>\n<meta property=\"og:description\" content=\"Vertrauenssch\u00fcler Seit vielen Jahren gibt es an unserer Schule die Gruppe der Vetrauenssch\u00fcler bzw. der Mediadores. Urspr\u00fcnglich ging es um das in Deutschland sehr etablierte Konzept der Konfliktlots*innen oder auch Schulmediator*innen: Wenn zwei Sch\u00fcler*innen einen Konflikt miteinander haben, k\u00f6nnen sie sich an die Kofliktlots*innen wenden, die ihnen aufgrund eines intensiv gelernten Systems mit mehreren Stufen [&hellip;]\" \/>\n<meta property=\"og:url\" content=\"https:\/\/www.caq.edu.ec\/de\/areas-de-apoyo\/vertrauensschueler\/\" \/>\n<meta property=\"og:site_name\" content=\"Colegio Alem\u00e1n Quito\" \/>\n<meta property=\"og:image\" content=\"https:\/\/www.caq.edu.ec\/wp-content\/uploads\/2018\/11\/Buzones_2-225x300.jpg\" \/>\n<meta name=\"twitter:card\" content=\"summary_large_image\" \/>\n<meta name=\"twitter:label1\" content=\"Gesch\u00e4tzte Lesezeit\" \/>\n\t<meta name=\"twitter:data1\" content=\"2\u00a0Minuten\" \/>\n<script type=\"application\/ld+json\" class=\"yoast-schema-graph\">{\"@context\":\"https:\\\/\\\/schema.org\",\"@graph\":[{\"@type\":\"WebPage\",\"@id\":\"https:\\\/\\\/www.caq.edu.ec\\\/de\\\/areas-de-apoyo\\\/vertrauensschueler\\\/\",\"url\":\"https:\\\/\\\/www.caq.edu.ec\\\/de\\\/areas-de-apoyo\\\/vertrauensschueler\\\/\",\"name\":\"Konfliktlotsen - Colegio Alem\u00e1n Quito\",\"isPartOf\":{\"@id\":\"https:\\\/\\\/www.caq.edu.ec\\\/#website\"},\"primaryImageOfPage\":{\"@id\":\"https:\\\/\\\/www.caq.edu.ec\\\/de\\\/areas-de-apoyo\\\/vertrauensschueler\\\/#primaryimage\"},\"image\":{\"@id\":\"https:\\\/\\\/www.caq.edu.ec\\\/de\\\/areas-de-apoyo\\\/vertrauensschueler\\\/#primaryimage\"},\"thumbnailUrl\":\"https:\\\/\\\/www.caq.edu.ec\\\/wp-content\\\/uploads\\\/2018\\\/11\\\/Buzones_2-225x300.jpg\",\"datePublished\":\"2018-10-21T04:55:31+00:00\",\"breadcrumb\":{\"@id\":\"https:\\\/\\\/www.caq.edu.ec\\\/de\\\/areas-de-apoyo\\\/vertrauensschueler\\\/#breadcrumb\"},\"inLanguage\":\"de\",\"potentialAction\":[{\"@type\":\"ReadAction\",\"target\":[\"https:\\\/\\\/www.caq.edu.ec\\\/de\\\/areas-de-apoyo\\\/vertrauensschueler\\\/\"]}]},{\"@type\":\"ImageObject\",\"inLanguage\":\"de\",\"@id\":\"https:\\\/\\\/www.caq.edu.ec\\\/de\\\/areas-de-apoyo\\\/vertrauensschueler\\\/#primaryimage\",\"url\":\"https:\\\/\\\/www.caq.edu.ec\\\/wp-content\\\/uploads\\\/2018\\\/11\\\/Buzones_2-225x300.jpg\",\"contentUrl\":\"https:\\\/\\\/www.caq.edu.ec\\\/wp-content\\\/uploads\\\/2018\\\/11\\\/Buzones_2-225x300.jpg\"},{\"@type\":\"BreadcrumbList\",\"@id\":\"https:\\\/\\\/www.caq.edu.ec\\\/de\\\/areas-de-apoyo\\\/vertrauensschueler\\\/#breadcrumb\",\"itemListElement\":[{\"@type\":\"ListItem\",\"position\":1,\"name\":\"Inicio\",\"item\":\"https:\\\/\\\/www.caq.edu.ec\\\/\"},{\"@type\":\"ListItem\",\"position\":2,\"name\":\"Bereiche der Unterst\u00fctzung\",\"item\":\"https:\\\/\\\/www.caq.edu.ec\\\/de\\\/areas-de-apoyo\\\/\"},{\"@type\":\"ListItem\",\"position\":3,\"name\":\"Konfliktlotsen\"}]},{\"@type\":\"WebSite\",\"@id\":\"https:\\\/\\\/www.caq.edu.ec\\\/#website\",\"url\":\"https:\\\/\\\/www.caq.edu.ec\\\/\",\"name\":\"Colegio Alem\u00e1n Quito\",\"description\":\"Una puerta al mundo\",\"potentialAction\":[{\"@type\":\"SearchAction\",\"target\":{\"@type\":\"EntryPoint\",\"urlTemplate\":\"https:\\\/\\\/www.caq.edu.ec\\\/?s={search_term_string}\"},\"query-input\":{\"@type\":\"PropertyValueSpecification\",\"valueRequired\":true,\"valueName\":\"search_term_string\"}}],\"inLanguage\":\"de\"}]}<\/script>\n<!-- \/ Yoast SEO plugin. -->","yoast_head_json":{"title":"Konfliktlotsen - Colegio Alem\u00e1n Quito","robots":{"index":"index","follow":"follow","max-snippet":"max-snippet:-1","max-image-preview":"max-image-preview:large","max-video-preview":"max-video-preview:-1"},"canonical":"https:\/\/www.caq.edu.ec\/de\/areas-de-apoyo\/vertrauensschueler\/","og_locale":"de_DE","og_type":"article","og_title":"Konfliktlotsen - Colegio Alem\u00e1n Quito","og_description":"Vertrauenssch\u00fcler Seit vielen Jahren gibt es an unserer Schule die Gruppe der Vetrauenssch\u00fcler bzw. der Mediadores. Urspr\u00fcnglich ging es um das in Deutschland sehr etablierte Konzept der Konfliktlots*innen oder auch Schulmediator*innen: Wenn zwei Sch\u00fcler*innen einen Konflikt miteinander haben, k\u00f6nnen sie sich an die Kofliktlots*innen wenden, die ihnen aufgrund eines intensiv gelernten Systems mit mehreren Stufen [&hellip;]","og_url":"https:\/\/www.caq.edu.ec\/de\/areas-de-apoyo\/vertrauensschueler\/","og_site_name":"Colegio Alem\u00e1n Quito","og_image":[{"url":"https:\/\/www.caq.edu.ec\/wp-content\/uploads\/2018\/11\/Buzones_2-225x300.jpg","type":"","width":"","height":""}],"twitter_card":"summary_large_image","twitter_misc":{"Gesch\u00e4tzte Lesezeit":"2\u00a0Minuten"},"schema":{"@context":"https:\/\/schema.org","@graph":[{"@type":"WebPage","@id":"https:\/\/www.caq.edu.ec\/de\/areas-de-apoyo\/vertrauensschueler\/","url":"https:\/\/www.caq.edu.ec\/de\/areas-de-apoyo\/vertrauensschueler\/","name":"Konfliktlotsen - Colegio Alem\u00e1n Quito","isPartOf":{"@id":"https:\/\/www.caq.edu.ec\/#website"},"primaryImageOfPage":{"@id":"https:\/\/www.caq.edu.ec\/de\/areas-de-apoyo\/vertrauensschueler\/#primaryimage"},"image":{"@id":"https:\/\/www.caq.edu.ec\/de\/areas-de-apoyo\/vertrauensschueler\/#primaryimage"},"thumbnailUrl":"https:\/\/www.caq.edu.ec\/wp-content\/uploads\/2018\/11\/Buzones_2-225x300.jpg","datePublished":"2018-10-21T04:55:31+00:00","breadcrumb":{"@id":"https:\/\/www.caq.edu.ec\/de\/areas-de-apoyo\/vertrauensschueler\/#breadcrumb"},"inLanguage":"de","potentialAction":[{"@type":"ReadAction","target":["https:\/\/www.caq.edu.ec\/de\/areas-de-apoyo\/vertrauensschueler\/"]}]},{"@type":"ImageObject","inLanguage":"de","@id":"https:\/\/www.caq.edu.ec\/de\/areas-de-apoyo\/vertrauensschueler\/#primaryimage","url":"https:\/\/www.caq.edu.ec\/wp-content\/uploads\/2018\/11\/Buzones_2-225x300.jpg","contentUrl":"https:\/\/www.caq.edu.ec\/wp-content\/uploads\/2018\/11\/Buzones_2-225x300.jpg"},{"@type":"BreadcrumbList","@id":"https:\/\/www.caq.edu.ec\/de\/areas-de-apoyo\/vertrauensschueler\/#breadcrumb","itemListElement":[{"@type":"ListItem","position":1,"name":"Inicio","item":"https:\/\/www.caq.edu.ec\/"},{"@type":"ListItem","position":2,"name":"Bereiche der Unterst\u00fctzung","item":"https:\/\/www.caq.edu.ec\/de\/areas-de-apoyo\/"},{"@type":"ListItem","position":3,"name":"Konfliktlotsen"}]},{"@type":"WebSite","@id":"https:\/\/www.caq.edu.ec\/#website","url":"https:\/\/www.caq.edu.ec\/","name":"Colegio Alem\u00e1n Quito","description":"Una puerta al mundo","potentialAction":[{"@type":"SearchAction","target":{"@type":"EntryPoint","urlTemplate":"https:\/\/www.caq.edu.ec\/?s={search_term_string}"},"query-input":{"@type":"PropertyValueSpecification","valueRequired":true,"valueName":"search_term_string"}}],"inLanguage":"de"}]}},"_links":{"self":[{"href":"https:\/\/www.caq.edu.ec\/de\/wp-json\/wp\/v2\/pages\/57244","targetHints":{"allow":["GET"]}}],"collection":[{"href":"https:\/\/www.caq.edu.ec\/de\/wp-json\/wp\/v2\/pages"}],"about":[{"href":"https:\/\/www.caq.edu.ec\/de\/wp-json\/wp\/v2\/types\/page"}],"author":[{"embeddable":true,"href":"https:\/\/www.caq.edu.ec\/de\/wp-json\/wp\/v2\/users\/6"}],"replies":[{"embeddable":true,"href":"https:\/\/www.caq.edu.ec\/de\/wp-json\/wp\/v2\/comments?post=57244"}],"version-history":[{"count":0,"href":"https:\/\/www.caq.edu.ec\/de\/wp-json\/wp\/v2\/pages\/57244\/revisions"}],"up":[{"embeddable":true,"href":"https:\/\/www.caq.edu.ec\/de\/wp-json\/wp\/v2\/pages\/57249"}],"wp:attachment":[{"href":"https:\/\/www.caq.edu.ec\/de\/wp-json\/wp\/v2\/media?parent=57244"}],"curies":[{"name":"wp","href":"https:\/\/api.w.org\/{rel}","templated":true}]}}