{"id":57243,"date":"2018-10-21T04:50:58","date_gmt":"2018-10-21T09:50:58","guid":{"rendered":"https:\/\/www.caq.edu.ec\/agencia-de-aprendizaje\/"},"modified":"2025-10-30T14:27:12","modified_gmt":"2025-10-30T19:27:12","slug":"centro-de-aprendizaje","status":"publish","type":"page","link":"https:\/\/www.caq.edu.ec\/de\/areas-de-apoyo\/centro-de-aprendizaje\/","title":{"rendered":"Lernzentrum"},"content":{"rendered":"\t\t<div data-elementor-type=\"wp-page\" data-elementor-id=\"57243\" class=\"elementor elementor-57243 elementor-57086\" data-elementor-post-type=\"page\">\n\t\t\t\t<div class=\"elementor-element elementor-element-5589d80d e-flex e-con-boxed e-con e-parent\" data-id=\"5589d80d\" data-element_type=\"container\" data-e-type=\"container\">\n\t\t\t\t\t<div class=\"e-con-inner\">\n\t\t\t\t<div class=\"elementor-element elementor-element-11357e52 elementor-widget elementor-widget-text-editor\" data-id=\"11357e52\" data-element_type=\"widget\" data-e-type=\"widget\" data-widget_type=\"text-editor.default\">\n\t\t\t\t<div class=\"elementor-widget-container\">\n\t\t\t\t\t\t\t\t\t<p><strong><span style=\"text-align: var(--text-align); color: var( --e-global-color-d429344 );\">F\u00fcr Sch\u00fcler der 3. bis 12 Klassen.<\/span><\/strong><\/p><p><span style=\"text-align: var(--text-align); color: var( --e-global-color-d429344 );\">Die Schule stellt den Raum zur Verf\u00fcgung, damit Kinder Nachhilfeunterricht in den verschieden Hauptf\u00e4chern (Deutsch, Spanisch, Englisch, Mathematik) erhalten k\u00f6nnen. Die Eltern zahlen die Lehrer direkt gegen Rechnung.<\/span><\/p><p class=\"x_MsoNormal\"><b><span lang=\"DE\">Bei Interesse wenden Sie sich bitte an <strong>C\u00e9sar Vel\u00e1squez<\/strong> (<\/span><a href=\"mailto:extracurricular@caq.edu.ec\" target=\"_blank\" rel=\"noopener noreferrer\" data-auth=\"NotApplicable\" data-safelink=\"true\" data-linkindex=\"1\"><span lang=\"DE\">extracurricular@caq.edu.ec<\/span><\/a><\/b><b><\/b><b><span lang=\"DE\">)<\/span><\/b><span lang=\"DE\"> mit folgenden <\/span><span lang=\"DE\">Informationen:<\/span><\/p><p class=\"x_MsoNormal\"><span lang=\"DE\">\u00a0<\/span><span lang=\"DE\">Vollst\u00e4ndiger Name des Sch\u00fclers:<\/span><\/p><p class=\"x_MsoNormal\"><span lang=\"DE\">Klasse:<\/span><\/p><p class=\"x_MsoNormal\"><span lang=\"DE\">Fach:<\/span><\/p><p class=\"x_MsoNormal\"><span lang=\"DE\">Fachlehrer:<\/span><\/p><p class=\"x_MsoNormal\"><span lang=\"DE\">Teamlehrer:<\/span><\/p><p class=\"x_MsoNormal\"><span lang=\"DE\">Verf\u00fcgbare Tage:<\/span><\/p><p class=\"x_MsoNormal\">Kontaktnummern:<\/p><p class=\"x_MsoNormal\">E-Mail:<\/p>\t\t\t\t\t\t\t\t<\/div>\n\t\t\t\t<\/div>\n\t\t\t\t\t<\/div>\n\t\t\t\t<\/div>\n\t\t\t\t<\/div>\n\t\t","protected":false},"excerpt":{"rendered":"<p>F\u00fcr Sch\u00fcler der 3. bis 12 Klassen. Die Schule stellt den Raum zur Verf\u00fcgung, damit Kinder Nachhilfeunterricht in den verschieden Hauptf\u00e4chern (Deutsch, Spanisch, Englisch, Mathematik) erhalten k\u00f6nnen. Die Eltern zahlen die Lehrer direkt gegen Rechnung. Bei Interesse wenden Sie sich bitte an C\u00e9sar Vel\u00e1squez (extracurricular@caq.edu.ec) mit folgenden Informationen: \u00a0Vollst\u00e4ndiger Name des Sch\u00fclers: Klasse: Fach: Fachlehrer: [&hellip;]<\/p>\n","protected":false},"author":6,"featured_media":0,"parent":57249,"menu_order":0,"comment_status":"closed","ping_status":"closed","template":"","meta":{"footnotes":""},"class_list":["post-57243","page","type-page","status-publish","hentry"],"yoast_head":"<!-- This site is optimized with the Yoast SEO plugin v27.3 - https:\/\/yoast.com\/product\/yoast-seo-wordpress\/ -->\n<title>Lernzentrum - Colegio Alem\u00e1n Quito<\/title>\n<meta name=\"robots\" content=\"index, follow, max-snippet:-1, max-image-preview:large, max-video-preview:-1\" \/>\n<link rel=\"canonical\" href=\"https:\/\/www.caq.edu.ec\/de\/areas-de-apoyo\/centro-de-aprendizaje\/\" \/>\n<meta property=\"og:locale\" content=\"de_DE\" \/>\n<meta property=\"og:type\" content=\"article\" \/>\n<meta property=\"og:title\" content=\"Lernzentrum - Colegio Alem\u00e1n Quito\" \/>\n<meta property=\"og:description\" content=\"F\u00fcr Sch\u00fcler der 3. bis 12 Klassen. Die Schule stellt den Raum zur Verf\u00fcgung, damit Kinder Nachhilfeunterricht in den verschieden Hauptf\u00e4chern (Deutsch, Spanisch, Englisch, Mathematik) erhalten k\u00f6nnen. Die Eltern zahlen die Lehrer direkt gegen Rechnung. Bei Interesse wenden Sie sich bitte an C\u00e9sar Vel\u00e1squez (extracurricular@caq.edu.ec) mit folgenden Informationen: \u00a0Vollst\u00e4ndiger Name des Sch\u00fclers: Klasse: Fach: Fachlehrer: [&hellip;]\" \/>\n<meta property=\"og:url\" content=\"https:\/\/www.caq.edu.ec\/de\/areas-de-apoyo\/centro-de-aprendizaje\/\" \/>\n<meta property=\"og:site_name\" content=\"Colegio Alem\u00e1n Quito\" \/>\n<meta property=\"article:modified_time\" content=\"2025-10-30T19:27:12+00:00\" \/>\n<meta name=\"twitter:card\" content=\"summary_large_image\" \/>\n<meta name=\"twitter:label1\" content=\"Gesch\u00e4tzte Lesezeit\" \/>\n\t<meta name=\"twitter:data1\" content=\"1\u00a0Minute\" \/>\n<script type=\"application\/ld+json\" class=\"yoast-schema-graph\">{\"@context\":\"https:\\\/\\\/schema.org\",\"@graph\":[{\"@type\":\"WebPage\",\"@id\":\"https:\\\/\\\/www.caq.edu.ec\\\/de\\\/areas-de-apoyo\\\/centro-de-aprendizaje\\\/\",\"url\":\"https:\\\/\\\/www.caq.edu.ec\\\/de\\\/areas-de-apoyo\\\/centro-de-aprendizaje\\\/\",\"name\":\"Lernzentrum - Colegio Alem\u00e1n Quito\",\"isPartOf\":{\"@id\":\"https:\\\/\\\/www.caq.edu.ec\\\/#website\"},\"datePublished\":\"2018-10-21T09:50:58+00:00\",\"dateModified\":\"2025-10-30T19:27:12+00:00\",\"breadcrumb\":{\"@id\":\"https:\\\/\\\/www.caq.edu.ec\\\/de\\\/areas-de-apoyo\\\/centro-de-aprendizaje\\\/#breadcrumb\"},\"inLanguage\":\"de\",\"potentialAction\":[{\"@type\":\"ReadAction\",\"target\":[\"https:\\\/\\\/www.caq.edu.ec\\\/de\\\/areas-de-apoyo\\\/centro-de-aprendizaje\\\/\"]}]},{\"@type\":\"BreadcrumbList\",\"@id\":\"https:\\\/\\\/www.caq.edu.ec\\\/de\\\/areas-de-apoyo\\\/centro-de-aprendizaje\\\/#breadcrumb\",\"itemListElement\":[{\"@type\":\"ListItem\",\"position\":1,\"name\":\"Inicio\",\"item\":\"https:\\\/\\\/www.caq.edu.ec\\\/\"},{\"@type\":\"ListItem\",\"position\":2,\"name\":\"Bereiche der Unterst\u00fctzung\",\"item\":\"https:\\\/\\\/www.caq.edu.ec\\\/de\\\/areas-de-apoyo\\\/\"},{\"@type\":\"ListItem\",\"position\":3,\"name\":\"Lernzentrum\"}]},{\"@type\":\"WebSite\",\"@id\":\"https:\\\/\\\/www.caq.edu.ec\\\/#website\",\"url\":\"https:\\\/\\\/www.caq.edu.ec\\\/\",\"name\":\"Colegio Alem\u00e1n Quito\",\"description\":\"Una puerta al mundo\",\"potentialAction\":[{\"@type\":\"SearchAction\",\"target\":{\"@type\":\"EntryPoint\",\"urlTemplate\":\"https:\\\/\\\/www.caq.edu.ec\\\/?s={search_term_string}\"},\"query-input\":{\"@type\":\"PropertyValueSpecification\",\"valueRequired\":true,\"valueName\":\"search_term_string\"}}],\"inLanguage\":\"de\"}]}<\/script>\n<!-- \/ Yoast SEO plugin. -->","yoast_head_json":{"title":"Lernzentrum - Colegio Alem\u00e1n Quito","robots":{"index":"index","follow":"follow","max-snippet":"max-snippet:-1","max-image-preview":"max-image-preview:large","max-video-preview":"max-video-preview:-1"},"canonical":"https:\/\/www.caq.edu.ec\/de\/areas-de-apoyo\/centro-de-aprendizaje\/","og_locale":"de_DE","og_type":"article","og_title":"Lernzentrum - Colegio Alem\u00e1n Quito","og_description":"F\u00fcr Sch\u00fcler der 3. bis 12 Klassen. Die Schule stellt den Raum zur Verf\u00fcgung, damit Kinder Nachhilfeunterricht in den verschieden Hauptf\u00e4chern (Deutsch, Spanisch, Englisch, Mathematik) erhalten k\u00f6nnen. Die Eltern zahlen die Lehrer direkt gegen Rechnung. Bei Interesse wenden Sie sich bitte an C\u00e9sar Vel\u00e1squez (extracurricular@caq.edu.ec) mit folgenden Informationen: \u00a0Vollst\u00e4ndiger Name des Sch\u00fclers: Klasse: Fach: Fachlehrer: [&hellip;]","og_url":"https:\/\/www.caq.edu.ec\/de\/areas-de-apoyo\/centro-de-aprendizaje\/","og_site_name":"Colegio Alem\u00e1n Quito","article_modified_time":"2025-10-30T19:27:12+00:00","twitter_card":"summary_large_image","twitter_misc":{"Gesch\u00e4tzte Lesezeit":"1\u00a0Minute"},"schema":{"@context":"https:\/\/schema.org","@graph":[{"@type":"WebPage","@id":"https:\/\/www.caq.edu.ec\/de\/areas-de-apoyo\/centro-de-aprendizaje\/","url":"https:\/\/www.caq.edu.ec\/de\/areas-de-apoyo\/centro-de-aprendizaje\/","name":"Lernzentrum - Colegio Alem\u00e1n Quito","isPartOf":{"@id":"https:\/\/www.caq.edu.ec\/#website"},"datePublished":"2018-10-21T09:50:58+00:00","dateModified":"2025-10-30T19:27:12+00:00","breadcrumb":{"@id":"https:\/\/www.caq.edu.ec\/de\/areas-de-apoyo\/centro-de-aprendizaje\/#breadcrumb"},"inLanguage":"de","potentialAction":[{"@type":"ReadAction","target":["https:\/\/www.caq.edu.ec\/de\/areas-de-apoyo\/centro-de-aprendizaje\/"]}]},{"@type":"BreadcrumbList","@id":"https:\/\/www.caq.edu.ec\/de\/areas-de-apoyo\/centro-de-aprendizaje\/#breadcrumb","itemListElement":[{"@type":"ListItem","position":1,"name":"Inicio","item":"https:\/\/www.caq.edu.ec\/"},{"@type":"ListItem","position":2,"name":"Bereiche der Unterst\u00fctzung","item":"https:\/\/www.caq.edu.ec\/de\/areas-de-apoyo\/"},{"@type":"ListItem","position":3,"name":"Lernzentrum"}]},{"@type":"WebSite","@id":"https:\/\/www.caq.edu.ec\/#website","url":"https:\/\/www.caq.edu.ec\/","name":"Colegio Alem\u00e1n Quito","description":"Una puerta al mundo","potentialAction":[{"@type":"SearchAction","target":{"@type":"EntryPoint","urlTemplate":"https:\/\/www.caq.edu.ec\/?s={search_term_string}"},"query-input":{"@type":"PropertyValueSpecification","valueRequired":true,"valueName":"search_term_string"}}],"inLanguage":"de"}]}},"_links":{"self":[{"href":"https:\/\/www.caq.edu.ec\/de\/wp-json\/wp\/v2\/pages\/57243","targetHints":{"allow":["GET"]}}],"collection":[{"href":"https:\/\/www.caq.edu.ec\/de\/wp-json\/wp\/v2\/pages"}],"about":[{"href":"https:\/\/www.caq.edu.ec\/de\/wp-json\/wp\/v2\/types\/page"}],"author":[{"embeddable":true,"href":"https:\/\/www.caq.edu.ec\/de\/wp-json\/wp\/v2\/users\/6"}],"replies":[{"embeddable":true,"href":"https:\/\/www.caq.edu.ec\/de\/wp-json\/wp\/v2\/comments?post=57243"}],"version-history":[{"count":14,"href":"https:\/\/www.caq.edu.ec\/de\/wp-json\/wp\/v2\/pages\/57243\/revisions"}],"predecessor-version":[{"id":71480,"href":"https:\/\/www.caq.edu.ec\/de\/wp-json\/wp\/v2\/pages\/57243\/revisions\/71480"}],"up":[{"embeddable":true,"href":"https:\/\/www.caq.edu.ec\/de\/wp-json\/wp\/v2\/pages\/57249"}],"wp:attachment":[{"href":"https:\/\/www.caq.edu.ec\/de\/wp-json\/wp\/v2\/media?parent=57243"}],"curies":[{"name":"wp","href":"https:\/\/api.w.org\/{rel}","templated":true}]}}