{"id":57240,"date":"2012-02-23T20:10:54","date_gmt":"2012-02-24T01:10:54","guid":{"rendered":"https:\/\/www.caq.edu.ec\/sport\/"},"modified":"2025-10-03T11:55:05","modified_gmt":"2025-10-03T16:55:05","slug":"sport","status":"publish","type":"page","link":"https:\/\/www.caq.edu.ec\/de\/areas\/sport\/","title":{"rendered":"Sport"},"content":{"rendered":"<h2>Pr\u00e4sentation<\/h2>\n<p>Sportunterricht und Sport umfassen eine breite Vielfalt an k\u00f6rperlichen und spielerischen Aktivit\u00e4ten, jede mit eigenen Regeln, \u00dcbungsr\u00e4umen und spezifischem Material. In unserem Unterricht m\u00f6chten wir den Sch\u00fclern die vielf\u00e4ltige Welt des Sports n\u00e4herbringen und ihnen Erfahrungen erm\u00f6glichen, die es ihnen erlauben, ihre eigene Sportkultur aufzubauen und diese in ihrer Freizeit auf gesunde Weise zu genie\u00dfen.<br data-start=\"1254\" data-end=\"1257\" data-is-only-node=\"\" \/>Unser Ziel ist es, zur ganzheitlichen Entwicklung jedes einzelnen Sch\u00fclers beizutragen und aktive Gewohnheiten zu f\u00f6rdern, die ihre Lebensqualit\u00e4t verbessern. Wir streben danach, dynamische, gesunde und gl\u00fcckliche Menschen zu bilden, wobei wir stets ihre Altersstufe, Interessen und Lernrhythmen respektieren.<\/p>\n<h2>Mitglieder der Fachschaft<\/h2>\n<ul>\n<li>Javier Abreu<\/li>\n<li><strong>Teresa Barba<\/strong><\/li>\n<li>Wilson Cevallos<\/li>\n<li>Gabriel Garc\u00eda<\/li>\n<li>Boris G\u00f3mez<\/li>\n<li>Mariela Mena<\/li>\n<li>Andrea Quinchiguango<\/li>\n<li>Andrea Salazar<\/li>\n<li><strong>Jenny Tipanluisa<\/strong><\/li>\n<li>Miguel Toapanta<\/li>\n<li>Fabiola Troya<\/li>\n<\/ul>\n<h2><\/h2>\n<h2>Curriculum<\/h2>\n<p data-start=\"216\" data-end=\"836\">In der Primaria wird die ganzheitliche Entwicklung der Sch\u00fclerinnen und Sch\u00fcler durch die F\u00f6rderung ihrer K\u00f6rperwahrnehmung, Selbstst\u00e4ndigkeit und Sozialkompetenz unterst\u00fctzt, wodurch die motorischen F\u00e4higkeiten sowohl bei Boden- als auch bei Wasseraktivit\u00e4ten gest\u00e4rkt werden. In der Sekundaria wird der Lehr-Lern-Prozess durch das systematische Praktizieren verschiedener Sportdisziplinen wie Leichtathletik, Handball, Basketball, Fu\u00dfball, Gymnastik, Schwimmen, Volleyball und einer Vielzahl weiterer Sportspiele fortgef\u00fchrt und vertieft. Ziel ist es, technische, taktische sowie Teamarbeits-F\u00e4higkeiten zu festigen.<\/p>\n<p data-start=\"838\" data-end=\"1268\">Der Fachbereich Sport der Deutschen Schule bewertet die Sch\u00fclerinnen und Sch\u00fcler anhand vorher definierter Kriterien, die Differenzierung, F\u00f6rderung selbstst\u00e4ndigen Arbeitens und die Ber\u00fccksichtigung individueller Interessen einschlie\u00dfen. Ebenso wird besonderer Wert auf pers\u00f6nliche Sicherheit, Fairplay, Respekt in all seinen Dimensionen sowie auf die Einhaltung von Regeln und individuelle wie kollektive Verantwortung gelegt.<\/p>\n<p data-start=\"1270\" data-end=\"1607\">Auf diese Weise bekr\u00e4ftigt die Deutsche Schule ihr Engagement f\u00fcr eine qualitativ hochwertige Sportausbildung, die die Sch\u00fclerinnen und Sch\u00fcler zu integren, verantwortungsbewussten und sportbewussten Pers\u00f6nlichkeiten formt und den Wert des Sports als wesentlichen Bestandteil ihrer pers\u00f6nlichen und akademischen Entwicklung vermittelt.<\/p>\n<h2>Sportanlagen<\/h2>\n<p>Die Deutsche Schule Quito verf\u00fcgt \u00fcber ein breites Angebot an Sporteinrichtungen, darunter eine Mehrzwecksporthalle, ein halbolympisches beheiztes Hallenbad, eine Sporthalle f\u00fcr Kunstturnen, eine sechs-Bahn-Leichtathletikbahn mit synthetischem Belag, ein regul\u00e4res Fu\u00dfballfeld, eine Multisporthalle mit synthetischem Bodenbelag, Volleyballpl\u00e4tze mit Kunstrasen sowie eine kleine Kraftstation. Seit November 2022 steht der Schule zudem ein Schwimmbad f\u00fcr den Kindergarten zur Verf\u00fcgung, das in Temperatur und Wassertiefe optimal auf die J\u00fcngsten abgestimmt ist.<\/p>\n<h2>Fachleiter<\/h2>\n<p>Kindergarten und Primaria: Teresa Barba (<a href=\"mailto:teresa.barba@caq.edu.ec\">teresa.barba@caq.edu.ec<\/a>)<\/p>\n<p>Sekundaria: Jenny Tipanluisa (<a href=\"mailto:jenny.tipanluisa@caq.edu.ec\">jenny.tipanluisa@caq.edu.ec<\/a>)<\/p>\n<h4>Sportkoordination<\/h4>\n<p>Die Sportfachschaft koordiniert Wettbewerbe und die Humboldtspiele, die unter der Leitung von Javier Abreu stehen (<a href=\"mailto:javier.abreu@caq.edu.ec\" target=\"_blank\" rel=\"noopener noreferrer\">javier.abreu@caq.edu.ec<\/a>). Er ist die Kontaktperson f\u00fcr die Organisation der internen Wettbewerbe sowie der Teilnahme der DSQ an Turnieren und externen Wettbewerben. Dar\u00fcber hinaus f\u00fchrt er ein Register der Sportler, die privat an regionalen oder nationalen Wettbewerben teilnehmen.<\/p>\n","protected":false},"excerpt":{"rendered":"<p>Pr\u00e4sentation Sportunterricht und Sport umfassen eine breite Vielfalt an k\u00f6rperlichen und spielerischen Aktivit\u00e4ten, jede mit eigenen Regeln, \u00dcbungsr\u00e4umen und spezifischem Material. In unserem Unterricht m\u00f6chten wir den Sch\u00fclern die vielf\u00e4ltige Welt des Sports n\u00e4herbringen und ihnen Erfahrungen erm\u00f6glichen, die es ihnen erlauben, ihre eigene Sportkultur aufzubauen und diese in ihrer Freizeit auf gesunde Weise zu [&hellip;]<\/p>\n","protected":false},"author":6,"featured_media":0,"parent":57234,"menu_order":0,"comment_status":"closed","ping_status":"closed","template":"","meta":{"footnotes":""},"class_list":["post-57240","page","type-page","status-publish","hentry"],"yoast_head":"<!-- This site is optimized with the Yoast SEO plugin v27.3 - https:\/\/yoast.com\/product\/yoast-seo-wordpress\/ -->\n<title>Sport - Colegio Alem\u00e1n Quito<\/title>\n<meta name=\"robots\" content=\"index, follow, max-snippet:-1, max-image-preview:large, max-video-preview:-1\" \/>\n<link rel=\"canonical\" href=\"https:\/\/www.caq.edu.ec\/de\/areas\/sport\/\" \/>\n<meta property=\"og:locale\" content=\"de_DE\" \/>\n<meta property=\"og:type\" content=\"article\" \/>\n<meta property=\"og:title\" content=\"Sport - Colegio Alem\u00e1n Quito\" \/>\n<meta property=\"og:description\" content=\"Pr\u00e4sentation Sportunterricht und Sport umfassen eine breite Vielfalt an k\u00f6rperlichen und spielerischen Aktivit\u00e4ten, jede mit eigenen Regeln, \u00dcbungsr\u00e4umen und spezifischem Material. In unserem Unterricht m\u00f6chten wir den Sch\u00fclern die vielf\u00e4ltige Welt des Sports n\u00e4herbringen und ihnen Erfahrungen erm\u00f6glichen, die es ihnen erlauben, ihre eigene Sportkultur aufzubauen und diese in ihrer Freizeit auf gesunde Weise zu [&hellip;]\" \/>\n<meta property=\"og:url\" content=\"https:\/\/www.caq.edu.ec\/de\/areas\/sport\/\" \/>\n<meta property=\"og:site_name\" content=\"Colegio Alem\u00e1n Quito\" \/>\n<meta property=\"article:modified_time\" content=\"2025-10-03T16:55:05+00:00\" \/>\n<meta name=\"twitter:card\" content=\"summary_large_image\" \/>\n<meta name=\"twitter:label1\" content=\"Gesch\u00e4tzte Lesezeit\" \/>\n\t<meta name=\"twitter:data1\" content=\"2\u00a0Minuten\" \/>\n<script type=\"application\/ld+json\" class=\"yoast-schema-graph\">{\"@context\":\"https:\\\/\\\/schema.org\",\"@graph\":[{\"@type\":\"WebPage\",\"@id\":\"https:\\\/\\\/www.caq.edu.ec\\\/de\\\/areas\\\/sport\\\/\",\"url\":\"https:\\\/\\\/www.caq.edu.ec\\\/de\\\/areas\\\/sport\\\/\",\"name\":\"Sport - Colegio Alem\u00e1n Quito\",\"isPartOf\":{\"@id\":\"https:\\\/\\\/www.caq.edu.ec\\\/#website\"},\"datePublished\":\"2012-02-24T01:10:54+00:00\",\"dateModified\":\"2025-10-03T16:55:05+00:00\",\"breadcrumb\":{\"@id\":\"https:\\\/\\\/www.caq.edu.ec\\\/de\\\/areas\\\/sport\\\/#breadcrumb\"},\"inLanguage\":\"de\",\"potentialAction\":[{\"@type\":\"ReadAction\",\"target\":[\"https:\\\/\\\/www.caq.edu.ec\\\/de\\\/areas\\\/sport\\\/\"]}]},{\"@type\":\"BreadcrumbList\",\"@id\":\"https:\\\/\\\/www.caq.edu.ec\\\/de\\\/areas\\\/sport\\\/#breadcrumb\",\"itemListElement\":[{\"@type\":\"ListItem\",\"position\":1,\"name\":\"Inicio\",\"item\":\"https:\\\/\\\/www.caq.edu.ec\\\/\"},{\"@type\":\"ListItem\",\"position\":2,\"name\":\"Fachschaften\",\"item\":\"https:\\\/\\\/www.caq.edu.ec\\\/de\\\/areas\\\/\"},{\"@type\":\"ListItem\",\"position\":3,\"name\":\"Sport\"}]},{\"@type\":\"WebSite\",\"@id\":\"https:\\\/\\\/www.caq.edu.ec\\\/#website\",\"url\":\"https:\\\/\\\/www.caq.edu.ec\\\/\",\"name\":\"Colegio Alem\u00e1n Quito\",\"description\":\"Una puerta al mundo\",\"potentialAction\":[{\"@type\":\"SearchAction\",\"target\":{\"@type\":\"EntryPoint\",\"urlTemplate\":\"https:\\\/\\\/www.caq.edu.ec\\\/?s={search_term_string}\"},\"query-input\":{\"@type\":\"PropertyValueSpecification\",\"valueRequired\":true,\"valueName\":\"search_term_string\"}}],\"inLanguage\":\"de\"}]}<\/script>\n<!-- \/ Yoast SEO plugin. -->","yoast_head_json":{"title":"Sport - Colegio Alem\u00e1n Quito","robots":{"index":"index","follow":"follow","max-snippet":"max-snippet:-1","max-image-preview":"max-image-preview:large","max-video-preview":"max-video-preview:-1"},"canonical":"https:\/\/www.caq.edu.ec\/de\/areas\/sport\/","og_locale":"de_DE","og_type":"article","og_title":"Sport - Colegio Alem\u00e1n Quito","og_description":"Pr\u00e4sentation Sportunterricht und Sport umfassen eine breite Vielfalt an k\u00f6rperlichen und spielerischen Aktivit\u00e4ten, jede mit eigenen Regeln, \u00dcbungsr\u00e4umen und spezifischem Material. In unserem Unterricht m\u00f6chten wir den Sch\u00fclern die vielf\u00e4ltige Welt des Sports n\u00e4herbringen und ihnen Erfahrungen erm\u00f6glichen, die es ihnen erlauben, ihre eigene Sportkultur aufzubauen und diese in ihrer Freizeit auf gesunde Weise zu [&hellip;]","og_url":"https:\/\/www.caq.edu.ec\/de\/areas\/sport\/","og_site_name":"Colegio Alem\u00e1n Quito","article_modified_time":"2025-10-03T16:55:05+00:00","twitter_card":"summary_large_image","twitter_misc":{"Gesch\u00e4tzte Lesezeit":"2\u00a0Minuten"},"schema":{"@context":"https:\/\/schema.org","@graph":[{"@type":"WebPage","@id":"https:\/\/www.caq.edu.ec\/de\/areas\/sport\/","url":"https:\/\/www.caq.edu.ec\/de\/areas\/sport\/","name":"Sport - Colegio Alem\u00e1n Quito","isPartOf":{"@id":"https:\/\/www.caq.edu.ec\/#website"},"datePublished":"2012-02-24T01:10:54+00:00","dateModified":"2025-10-03T16:55:05+00:00","breadcrumb":{"@id":"https:\/\/www.caq.edu.ec\/de\/areas\/sport\/#breadcrumb"},"inLanguage":"de","potentialAction":[{"@type":"ReadAction","target":["https:\/\/www.caq.edu.ec\/de\/areas\/sport\/"]}]},{"@type":"BreadcrumbList","@id":"https:\/\/www.caq.edu.ec\/de\/areas\/sport\/#breadcrumb","itemListElement":[{"@type":"ListItem","position":1,"name":"Inicio","item":"https:\/\/www.caq.edu.ec\/"},{"@type":"ListItem","position":2,"name":"Fachschaften","item":"https:\/\/www.caq.edu.ec\/de\/areas\/"},{"@type":"ListItem","position":3,"name":"Sport"}]},{"@type":"WebSite","@id":"https:\/\/www.caq.edu.ec\/#website","url":"https:\/\/www.caq.edu.ec\/","name":"Colegio Alem\u00e1n Quito","description":"Una puerta al mundo","potentialAction":[{"@type":"SearchAction","target":{"@type":"EntryPoint","urlTemplate":"https:\/\/www.caq.edu.ec\/?s={search_term_string}"},"query-input":{"@type":"PropertyValueSpecification","valueRequired":true,"valueName":"search_term_string"}}],"inLanguage":"de"}]}},"_links":{"self":[{"href":"https:\/\/www.caq.edu.ec\/de\/wp-json\/wp\/v2\/pages\/57240","targetHints":{"allow":["GET"]}}],"collection":[{"href":"https:\/\/www.caq.edu.ec\/de\/wp-json\/wp\/v2\/pages"}],"about":[{"href":"https:\/\/www.caq.edu.ec\/de\/wp-json\/wp\/v2\/types\/page"}],"author":[{"embeddable":true,"href":"https:\/\/www.caq.edu.ec\/de\/wp-json\/wp\/v2\/users\/6"}],"replies":[{"embeddable":true,"href":"https:\/\/www.caq.edu.ec\/de\/wp-json\/wp\/v2\/comments?post=57240"}],"version-history":[{"count":5,"href":"https:\/\/www.caq.edu.ec\/de\/wp-json\/wp\/v2\/pages\/57240\/revisions"}],"predecessor-version":[{"id":71253,"href":"https:\/\/www.caq.edu.ec\/de\/wp-json\/wp\/v2\/pages\/57240\/revisions\/71253"}],"up":[{"embeddable":true,"href":"https:\/\/www.caq.edu.ec\/de\/wp-json\/wp\/v2\/pages\/57234"}],"wp:attachment":[{"href":"https:\/\/www.caq.edu.ec\/de\/wp-json\/wp\/v2\/media?parent=57240"}],"curies":[{"name":"wp","href":"https:\/\/api.w.org\/{rel}","templated":true}]}}