{"id":57238,"date":"2012-02-22T22:16:47","date_gmt":"2012-02-23T03:16:47","guid":{"rendered":"https:\/\/www.caq.edu.ec\/spanisch\/"},"modified":"2025-09-24T11:18:11","modified_gmt":"2025-09-24T16:18:11","slug":"spanisch","status":"publish","type":"page","link":"https:\/\/www.caq.edu.ec\/de\/areas\/spanisch\/","title":{"rendered":"Spanisch"},"content":{"rendered":"<h2>Pr\u00e4sentation<\/h2>\n<p>Die Bezeichnung \u201cFachbereich Spanisch\u201d stammt aus dem Modell der deutschen Begegnungsschulen, in denen im Unterricht zwischen den Muttersprachen und den Fremdsprachen unterschieden wird. Bei den deutschen Schulen in den hispanoamerikanischen L\u00e4ndern ist Spanisch die Muttersprache f\u00fcr die nationalen Sch\u00fcler und Sch\u00fclerinnen und zweite bzw. Fremdsprache f\u00fcr alle Kinder deutscher und Eltern anderer Nationalit\u00e4ten.<\/p>\n<p>In der Deutschen Schule Quito ist der Fachbereich Spanisch auf das Studium der Sprache und all ihre Erscheinungsformen ausgerichtet. Dazu geh\u00f6ren selbstverst\u00e4ndlich die Literatur, jedoch auch die Entschl\u00fcsselung, Analyse und Interpretation anderer Auspr\u00e4gungen der Kommunikation und k\u00fcnstlerischer Ausdrucksformen wie visuelle Botschaften in Karikaturen, Comics oder Filmen.<\/p>\n<h2>Ziele<\/h2>\n<p>Zwei Ziele wurden bei der Organisation des Fachbereichs verfolgt: das nationale \u201cBachillerato\u201d und das Abitur. Damit ist eine doppelte Verantwortung verbunden: Es muss ein Zweig gebildet werden, in dem Spanisch als Muttersprache gelehrt, und ein zweiter, in dem Spanisch als zweite Sprache in Erf\u00fcllung der Auflagen f\u00fcr die Spanischpr\u00fcfungen im Abitur unterrichtet wird.<\/p>\n<p>Im Laufe der Zeit ist der Fachbereich zu der wichtigen \u00dcberzeugung gelangt, dass die spanische Sprache, die die Muttersprache der meisten Sch\u00fcler und Sch\u00fclerinnen der deutschen Schule ist, gest\u00e4rkt werden muss. Dies wurde gemacht, weil wir der Meinung sind, dass mit dem bewussten und progressiven Erwerb der Sprache sichergestellt wird, dass die wichtigste Triebkraft f\u00fcr die Bildung in der Schule aktiviert wird.<\/p>\n<h2>Unser Lernprogramm<\/h2>\n<p>Was das Fach Spanisch betrifft, bewegen sich die Kompetenzen der Institution im Rahmen der vier Grundkompetenzen, die f\u00fcr das Erlernen aller Sprachen gelten: lesen, sprechen, h\u00f6ren und schreiben. Au\u00dferdem werden drei weitere einbezogen, die wir f\u00fcr die p\u00e4dagogischen Ziele der Schule als wesentlich erachten: das Nachdenken \u00fcber die Sprache, der Bezug zu den Anderen und das selbst\u00e4ndige Arbeiten.<\/p>\n<p>Der Fachbereich Spanisch legt besonderen Wert auf den instrumentellen Charakter der Sprache d.h. auf ihre Anwendung. Das bedeutet vor allem, dass sie zum Sprechen und H\u00f6ren eingesetzt wird und erst anschlie\u00dfend zum Lesen und Schreiben. Ihre Effizienz soll, Korrektur einbegriffen, \u00fcber Parameter gesichert werden, die einerseits die regionalen Variablen ber\u00fccksichtigen und andererseits ein angemessenes Sprachniveau sicherstellen, bei dem auf fundamentale Pr\u00e4sentationsaspekte geachtet wird.<\/p>\n<h3>Unser Ansatz<\/h3>\n<p>Der Fachbereich versucht den Sprachunterricht als eine dynamische und funktionale \u201eStruktur\u201c zu konzipieren. Die Sprache soll als ein Gebilde aus Texten, Diskursen und den ihr zugrundeliegenden Normen angegangen und gleichzeitig als Werkzeug verstanden werden, das uns die unterschiedlichsten Kommunikationsebenen er\u00f6ffnet. Deshalb m\u00fcssen im Spanischunterricht vor allem folgende Aspekte ber\u00fccksichtigt werden:<\/p>\n<ol>\n<li>Idiomatisch-sprachliche Kompetenz: h\u00f6ren, sprechen, lesen und schreiben k\u00f6nnen;<\/li>\n<li>\u00dcbertragung grundlegender Inhalte mit Ausstrahlungsf\u00e4higkeit: Inhalte, die zu einer wahren \u201cBildung\u201d in der Gegenwart und f\u00fcr die Zukunft beitragen;<\/li>\n<li>Umgang mit Kenntnisstrukturen: logische und \u00e4sthetische Kriterien;<\/li>\n<li>Bilden von Haltungen: Kritikf\u00e4higkeit, Toleranz, Verantwortung und Solidarit\u00e4t.<\/li>\n<\/ol>\n<h2>Mitglieder der Fachschaft<\/h2>\n<ul>\n<li>Luis Beckmann<\/li>\n<li>Luis Idrovo<\/li>\n<li>Ximena Jaramillo<\/li>\n<li>Ver\u00f3nica Jarr\u00edn<\/li>\n<li><strong>Isabel Mena<\/strong><\/li>\n<li>Paulina Merino<\/li>\n<li>Covadonga Valle<\/li>\n<li>Amaya Vicente<\/li>\n<\/ul>\n<h3>\u201eExtraspanisch\u201c<\/h3>\n<p><strong>\u00a0<\/strong>F\u00fcr die deutschsprachigen Sch\u00fcler und Sch\u00fclerinnen, die ohne Vorkenntnisse oder mit sehr geringen Spanischkenntnissen an die Schule kommen, bietet die Deutsche Schule Quito Unterst\u00fctzung. Intern nennen wir dieses Angebot \u201eExtraspanisch\u201c. Es besteht aus Sonderunterricht, bei dem die Sch\u00fcler und Sch\u00fclerinnen die notwendigen Kompetenzen erwerben, um am regul\u00e4ren Spanischunterricht teilnehmen zu k\u00f6nnen. Dieses System wird von unserem Fachbereich koordiniert und st\u00e4ndig evaluiert, um es immer effektiver zu gestalten.<\/p>\n<h3>Fachleitung<\/h3>\n<p>Isabel Mena, Klassen 10-12 CDE (<a href=\"mailto:isabel.mena@caq.edu.ec\" target=\"_blank\" rel=\"noopener\">isabel.mena@caq.edu.ec<\/a>)<\/p>\n\n\n<p><\/p>\n","protected":false},"excerpt":{"rendered":"<p>Pr\u00e4sentation Die Bezeichnung \u201cFachbereich Spanisch\u201d stammt aus dem Modell der deutschen Begegnungsschulen, in denen im Unterricht zwischen den Muttersprachen und den Fremdsprachen unterschieden wird. Bei den deutschen Schulen in den hispanoamerikanischen L\u00e4ndern ist Spanisch die Muttersprache f\u00fcr die nationalen Sch\u00fcler und Sch\u00fclerinnen und zweite bzw. Fremdsprache f\u00fcr alle Kinder deutscher und Eltern anderer Nationalit\u00e4ten. In [&hellip;]<\/p>\n","protected":false},"author":6,"featured_media":0,"parent":57234,"menu_order":0,"comment_status":"closed","ping_status":"closed","template":"","meta":{"footnotes":""},"class_list":["post-57238","page","type-page","status-publish","hentry"],"yoast_head":"<!-- This site is optimized with the Yoast SEO plugin v27.3 - https:\/\/yoast.com\/product\/yoast-seo-wordpress\/ -->\n<title>Spanisch - Colegio Alem\u00e1n Quito<\/title>\n<meta name=\"robots\" content=\"index, follow, max-snippet:-1, max-image-preview:large, max-video-preview:-1\" \/>\n<link rel=\"canonical\" href=\"https:\/\/www.caq.edu.ec\/de\/areas\/spanisch\/\" \/>\n<meta property=\"og:locale\" content=\"de_DE\" \/>\n<meta property=\"og:type\" content=\"article\" \/>\n<meta property=\"og:title\" content=\"Spanisch - Colegio Alem\u00e1n Quito\" \/>\n<meta property=\"og:description\" content=\"Pr\u00e4sentation Die Bezeichnung \u201cFachbereich Spanisch\u201d stammt aus dem Modell der deutschen Begegnungsschulen, in denen im Unterricht zwischen den Muttersprachen und den Fremdsprachen unterschieden wird. Bei den deutschen Schulen in den hispanoamerikanischen L\u00e4ndern ist Spanisch die Muttersprache f\u00fcr die nationalen Sch\u00fcler und Sch\u00fclerinnen und zweite bzw. Fremdsprache f\u00fcr alle Kinder deutscher und Eltern anderer Nationalit\u00e4ten. In [&hellip;]\" \/>\n<meta property=\"og:url\" content=\"https:\/\/www.caq.edu.ec\/de\/areas\/spanisch\/\" \/>\n<meta property=\"og:site_name\" content=\"Colegio Alem\u00e1n Quito\" \/>\n<meta property=\"article:modified_time\" content=\"2025-09-24T16:18:11+00:00\" \/>\n<meta name=\"twitter:card\" content=\"summary_large_image\" \/>\n<meta name=\"twitter:label1\" content=\"Gesch\u00e4tzte Lesezeit\" \/>\n\t<meta name=\"twitter:data1\" content=\"3\u00a0Minuten\" \/>\n<script type=\"application\/ld+json\" class=\"yoast-schema-graph\">{\"@context\":\"https:\\\/\\\/schema.org\",\"@graph\":[{\"@type\":\"WebPage\",\"@id\":\"https:\\\/\\\/www.caq.edu.ec\\\/de\\\/areas\\\/spanisch\\\/\",\"url\":\"https:\\\/\\\/www.caq.edu.ec\\\/de\\\/areas\\\/spanisch\\\/\",\"name\":\"Spanisch - Colegio Alem\u00e1n Quito\",\"isPartOf\":{\"@id\":\"https:\\\/\\\/www.caq.edu.ec\\\/#website\"},\"datePublished\":\"2012-02-23T03:16:47+00:00\",\"dateModified\":\"2025-09-24T16:18:11+00:00\",\"breadcrumb\":{\"@id\":\"https:\\\/\\\/www.caq.edu.ec\\\/de\\\/areas\\\/spanisch\\\/#breadcrumb\"},\"inLanguage\":\"de\",\"potentialAction\":[{\"@type\":\"ReadAction\",\"target\":[\"https:\\\/\\\/www.caq.edu.ec\\\/de\\\/areas\\\/spanisch\\\/\"]}]},{\"@type\":\"BreadcrumbList\",\"@id\":\"https:\\\/\\\/www.caq.edu.ec\\\/de\\\/areas\\\/spanisch\\\/#breadcrumb\",\"itemListElement\":[{\"@type\":\"ListItem\",\"position\":1,\"name\":\"Inicio\",\"item\":\"https:\\\/\\\/www.caq.edu.ec\\\/\"},{\"@type\":\"ListItem\",\"position\":2,\"name\":\"Fachschaften\",\"item\":\"https:\\\/\\\/www.caq.edu.ec\\\/de\\\/areas\\\/\"},{\"@type\":\"ListItem\",\"position\":3,\"name\":\"Spanisch\"}]},{\"@type\":\"WebSite\",\"@id\":\"https:\\\/\\\/www.caq.edu.ec\\\/#website\",\"url\":\"https:\\\/\\\/www.caq.edu.ec\\\/\",\"name\":\"Colegio Alem\u00e1n Quito\",\"description\":\"Una puerta al mundo\",\"potentialAction\":[{\"@type\":\"SearchAction\",\"target\":{\"@type\":\"EntryPoint\",\"urlTemplate\":\"https:\\\/\\\/www.caq.edu.ec\\\/?s={search_term_string}\"},\"query-input\":{\"@type\":\"PropertyValueSpecification\",\"valueRequired\":true,\"valueName\":\"search_term_string\"}}],\"inLanguage\":\"de\"}]}<\/script>\n<!-- \/ Yoast SEO plugin. -->","yoast_head_json":{"title":"Spanisch - Colegio Alem\u00e1n Quito","robots":{"index":"index","follow":"follow","max-snippet":"max-snippet:-1","max-image-preview":"max-image-preview:large","max-video-preview":"max-video-preview:-1"},"canonical":"https:\/\/www.caq.edu.ec\/de\/areas\/spanisch\/","og_locale":"de_DE","og_type":"article","og_title":"Spanisch - Colegio Alem\u00e1n Quito","og_description":"Pr\u00e4sentation Die Bezeichnung \u201cFachbereich Spanisch\u201d stammt aus dem Modell der deutschen Begegnungsschulen, in denen im Unterricht zwischen den Muttersprachen und den Fremdsprachen unterschieden wird. Bei den deutschen Schulen in den hispanoamerikanischen L\u00e4ndern ist Spanisch die Muttersprache f\u00fcr die nationalen Sch\u00fcler und Sch\u00fclerinnen und zweite bzw. Fremdsprache f\u00fcr alle Kinder deutscher und Eltern anderer Nationalit\u00e4ten. In [&hellip;]","og_url":"https:\/\/www.caq.edu.ec\/de\/areas\/spanisch\/","og_site_name":"Colegio Alem\u00e1n Quito","article_modified_time":"2025-09-24T16:18:11+00:00","twitter_card":"summary_large_image","twitter_misc":{"Gesch\u00e4tzte Lesezeit":"3\u00a0Minuten"},"schema":{"@context":"https:\/\/schema.org","@graph":[{"@type":"WebPage","@id":"https:\/\/www.caq.edu.ec\/de\/areas\/spanisch\/","url":"https:\/\/www.caq.edu.ec\/de\/areas\/spanisch\/","name":"Spanisch - Colegio Alem\u00e1n Quito","isPartOf":{"@id":"https:\/\/www.caq.edu.ec\/#website"},"datePublished":"2012-02-23T03:16:47+00:00","dateModified":"2025-09-24T16:18:11+00:00","breadcrumb":{"@id":"https:\/\/www.caq.edu.ec\/de\/areas\/spanisch\/#breadcrumb"},"inLanguage":"de","potentialAction":[{"@type":"ReadAction","target":["https:\/\/www.caq.edu.ec\/de\/areas\/spanisch\/"]}]},{"@type":"BreadcrumbList","@id":"https:\/\/www.caq.edu.ec\/de\/areas\/spanisch\/#breadcrumb","itemListElement":[{"@type":"ListItem","position":1,"name":"Inicio","item":"https:\/\/www.caq.edu.ec\/"},{"@type":"ListItem","position":2,"name":"Fachschaften","item":"https:\/\/www.caq.edu.ec\/de\/areas\/"},{"@type":"ListItem","position":3,"name":"Spanisch"}]},{"@type":"WebSite","@id":"https:\/\/www.caq.edu.ec\/#website","url":"https:\/\/www.caq.edu.ec\/","name":"Colegio Alem\u00e1n Quito","description":"Una puerta al mundo","potentialAction":[{"@type":"SearchAction","target":{"@type":"EntryPoint","urlTemplate":"https:\/\/www.caq.edu.ec\/?s={search_term_string}"},"query-input":{"@type":"PropertyValueSpecification","valueRequired":true,"valueName":"search_term_string"}}],"inLanguage":"de"}]}},"_links":{"self":[{"href":"https:\/\/www.caq.edu.ec\/de\/wp-json\/wp\/v2\/pages\/57238","targetHints":{"allow":["GET"]}}],"collection":[{"href":"https:\/\/www.caq.edu.ec\/de\/wp-json\/wp\/v2\/pages"}],"about":[{"href":"https:\/\/www.caq.edu.ec\/de\/wp-json\/wp\/v2\/types\/page"}],"author":[{"embeddable":true,"href":"https:\/\/www.caq.edu.ec\/de\/wp-json\/wp\/v2\/users\/6"}],"replies":[{"embeddable":true,"href":"https:\/\/www.caq.edu.ec\/de\/wp-json\/wp\/v2\/comments?post=57238"}],"version-history":[{"count":3,"href":"https:\/\/www.caq.edu.ec\/de\/wp-json\/wp\/v2\/pages\/57238\/revisions"}],"predecessor-version":[{"id":70873,"href":"https:\/\/www.caq.edu.ec\/de\/wp-json\/wp\/v2\/pages\/57238\/revisions\/70873"}],"up":[{"embeddable":true,"href":"https:\/\/www.caq.edu.ec\/de\/wp-json\/wp\/v2\/pages\/57234"}],"wp:attachment":[{"href":"https:\/\/www.caq.edu.ec\/de\/wp-json\/wp\/v2\/media?parent=57238"}],"curies":[{"name":"wp","href":"https:\/\/api.w.org\/{rel}","templated":true}]}}