{"id":57236,"date":"2018-10-06T05:03:34","date_gmt":"2018-10-06T10:03:34","guid":{"rendered":"https:\/\/www.caq.edu.ec\/medizinische-abteilung\/"},"modified":"2023-09-17T11:44:14","modified_gmt":"2023-09-17T16:44:14","slug":"medizinische-abteilung","status":"publish","type":"page","link":"https:\/\/www.caq.edu.ec\/de\/areas-de-apoyo\/medizinische-abteilung\/","title":{"rendered":"Medizinische Abteilung"},"content":{"rendered":"\t\t<div data-elementor-type=\"wp-page\" data-elementor-id=\"57236\" class=\"elementor elementor-57236 elementor-57082\" data-elementor-post-type=\"page\">\n\t\t\t\t<div class=\"elementor-element elementor-element-1d23d4e e-flex e-con-boxed e-con e-parent\" data-id=\"1d23d4e\" data-element_type=\"container\" data-e-type=\"container\">\n\t\t\t\t\t<div class=\"e-con-inner\">\n\t\t\t\t<div class=\"elementor-element elementor-element-f6b7c07 elementor-widget elementor-widget-image\" data-id=\"f6b7c07\" data-element_type=\"widget\" data-e-type=\"widget\" data-widget_type=\"image.default\">\n\t\t\t\t<div class=\"elementor-widget-container\">\n\t\t\t\t\t\t\t\t\t\t\t\t\t\t\t<img fetchpriority=\"high\" decoding=\"async\" width=\"800\" height=\"539\" src=\"https:\/\/www.caq.edu.ec\/wp-content\/uploads\/2023\/04\/Krankenstation-copia-1024x690-1.jpg\" class=\"attachment-large size-large wp-image-59229\" alt=\"\" srcset=\"https:\/\/www.caq.edu.ec\/wp-content\/uploads\/2023\/04\/Krankenstation-copia-1024x690-1.jpg 1024w, https:\/\/www.caq.edu.ec\/wp-content\/uploads\/2023\/04\/Krankenstation-copia-1024x690-1-300x202.jpg 300w, https:\/\/www.caq.edu.ec\/wp-content\/uploads\/2023\/04\/Krankenstation-copia-1024x690-1-768x518.jpg 768w\" sizes=\"(max-width: 800px) 100vw, 800px\" \/>\t\t\t\t\t\t\t\t\t\t\t\t\t\t\t<\/div>\n\t\t\t\t<\/div>\n\t\t\t\t<div class=\"elementor-element elementor-element-4fbaf16 elementor-widget elementor-widget-text-editor\" data-id=\"4fbaf16\" data-element_type=\"widget\" data-e-type=\"widget\" data-widget_type=\"text-editor.default\">\n\t\t\t\t<div class=\"elementor-widget-container\">\n\t\t\t\t\t\t\t\t\t<p>In der medizinischen Abteilung arbeiten die \u00c4rztin Dr. Johana S\u00e9mper und die Krankenschwestern Ver\u00f3nica Arpi und Ver\u00f3nica Jarr\u00edn (Kindergarten). Ihre Hauptaufgabe besteht darin, die Betreuung und Verwaltung aller Gesundheitsfragen der Sch\u00fcler durchzuf\u00fchren, die Bereitstellung der medizinischen Erstversorgung zu gew\u00e4hrleisten und ggf. die \u00dcberweisung an einen Spezialisten\/in oder ein Krankenhaus einzuleiten, falls dies erforderlich ist.<\/p><p>Zus\u00e4tzlich wird allen Mitarbeitern der Schule im Rahmen des arbeitsmedizinischen Programms medizinische Betreuung und Versorgung angeboten.<\/p><p>Dar\u00fcber hinaus f\u00fchrt die medizinische Abteilung regelm\u00e4\u00dfig Qualit\u00e4ts- und Hygieneaudits der Mensa und mikrobiologische Kontrollen von Wasser und Lebensmitteln durch.<\/p><p><a href=\"https:\/\/www.caq.edu.ec\/wp-content\/uploads\/2023\/09\/D_Informacion-reporte-de-casos-covid_padres-de-familia-2023.pdf\" target=\"_blank\" rel=\"noopener\">Wie gehe ich in einem COVID Fall vor (Sep.23)?<\/a><\/p>\t\t\t\t\t\t\t\t<\/div>\n\t\t\t\t<\/div>\n\t\t\t\t<div class=\"elementor-element elementor-element-9ba7d3c elementor-widget elementor-widget-heading\" data-id=\"9ba7d3c\" data-element_type=\"widget\" data-e-type=\"widget\" data-widget_type=\"heading.default\">\n\t\t\t\t<div class=\"elementor-widget-container\">\n\t\t\t\t\t<h3 class=\"elementor-heading-title elementor-size-default\">\u00d6ffnungszeiten<\/h3>\t\t\t\t<\/div>\n\t\t\t\t<\/div>\n\t\t\t\t<div class=\"elementor-element elementor-element-3f4b707 elementor-widget elementor-widget-text-editor\" data-id=\"3f4b707\" data-element_type=\"widget\" data-e-type=\"widget\" data-widget_type=\"text-editor.default\">\n\t\t\t\t<div class=\"elementor-widget-container\">\n\t\t\t\t\t\t\t\t\t<p>Die \u00d6ffnungszeiten der Hauptabteilung sind:<\/p>\t\t\t\t\t\t\t\t<\/div>\n\t\t\t\t<\/div>\n\t\t\t\t<div class=\"elementor-element elementor-element-0d61ae2 elementor-icon-list--layout-traditional elementor-list-item-link-full_width elementor-widget elementor-widget-icon-list\" data-id=\"0d61ae2\" data-element_type=\"widget\" data-e-type=\"widget\" data-widget_type=\"icon-list.default\">\n\t\t\t\t<div class=\"elementor-widget-container\">\n\t\t\t\t\t\t\t<ul class=\"elementor-icon-list-items\">\n\t\t\t\t\t\t\t<li class=\"elementor-icon-list-item\">\n\t\t\t\t\t\t\t\t\t\t\t<span class=\"elementor-icon-list-icon\">\n\t\t\t\t\t\t\t<i aria-hidden=\"true\" class=\"far fa-clock\"><\/i>\t\t\t\t\t\t<\/span>\n\t\t\t\t\t\t\t\t\t\t<span class=\"elementor-icon-list-text\">Montag bis Donnerstag von 7:30 bis 16:00 Uhr<\/span>\n\t\t\t\t\t\t\t\t\t<\/li>\n\t\t\t\t\t\t\t\t<li class=\"elementor-icon-list-item\">\n\t\t\t\t\t\t\t\t\t\t\t<span class=\"elementor-icon-list-icon\">\n\t\t\t\t\t\t\t<i aria-hidden=\"true\" class=\"far fa-clock\"><\/i>\t\t\t\t\t\t<\/span>\n\t\t\t\t\t\t\t\t\t\t<span class=\"elementor-icon-list-text\">Freitag bis 15:00<\/span>\n\t\t\t\t\t\t\t\t\t<\/li>\n\t\t\t\t\t\t\t\t<li class=\"elementor-icon-list-item\">\n\t\t\t\t\t\t\t\t\t\t\t<span class=\"elementor-icon-list-icon\">\n\t\t\t\t\t\t\t<i aria-hidden=\"true\" class=\"fas fa-phone-alt\"><\/i>\t\t\t\t\t\t<\/span>\n\t\t\t\t\t\t\t\t\t\t<span class=\"elementor-icon-list-text\">Telefonische Durchwahl 133<\/span>\n\t\t\t\t\t\t\t\t\t<\/li>\n\t\t\t\t\t\t<\/ul>\n\t\t\t\t\t\t<\/div>\n\t\t\t\t<\/div>\n\t\t\t\t<div class=\"elementor-element elementor-element-16e8303 elementor-widget elementor-widget-text-editor\" data-id=\"16e8303\" data-element_type=\"widget\" data-e-type=\"widget\" data-widget_type=\"text-editor.default\">\n\t\t\t\t<div class=\"elementor-widget-container\">\n\t\t\t\t\t\t\t\t\t<p>Die DSQ hat eine Krankenschwester, die ausschlie\u00dflich f\u00fcr den <strong>Kindergarten und die 1. und 2. Klassen<\/strong> 2 zust\u00e4ndig ist:<\/p>\t\t\t\t\t\t\t\t<\/div>\n\t\t\t\t<\/div>\n\t\t\t\t<div class=\"elementor-element elementor-element-97ab1af elementor-icon-list--layout-traditional elementor-list-item-link-full_width elementor-widget elementor-widget-icon-list\" data-id=\"97ab1af\" data-element_type=\"widget\" data-e-type=\"widget\" data-widget_type=\"icon-list.default\">\n\t\t\t\t<div class=\"elementor-widget-container\">\n\t\t\t\t\t\t\t<ul class=\"elementor-icon-list-items\">\n\t\t\t\t\t\t\t<li class=\"elementor-icon-list-item\">\n\t\t\t\t\t\t\t\t\t\t\t<span class=\"elementor-icon-list-icon\">\n\t\t\t\t\t\t\t<i aria-hidden=\"true\" class=\"far fa-clock\"><\/i>\t\t\t\t\t\t<\/span>\n\t\t\t\t\t\t\t\t\t\t<span class=\"elementor-icon-list-text\">Montag bis Freitag von 08:00 \u2013 13:00 Uhr<\/span>\n\t\t\t\t\t\t\t\t\t<\/li>\n\t\t\t\t\t\t\t\t<li class=\"elementor-icon-list-item\">\n\t\t\t\t\t\t\t\t\t\t\t<span class=\"elementor-icon-list-icon\">\n\t\t\t\t\t\t\t<i aria-hidden=\"true\" class=\"fas fa-phone-alt\"><\/i>\t\t\t\t\t\t<\/span>\n\t\t\t\t\t\t\t\t\t\t<span class=\"elementor-icon-list-text\">Telefonische Durchwahl 117<\/span>\n\t\t\t\t\t\t\t\t\t<\/li>\n\t\t\t\t\t\t<\/ul>\n\t\t\t\t\t\t<\/div>\n\t\t\t\t<\/div>\n\t\t\t\t<div class=\"elementor-element elementor-element-6652dc4 elementor-widget elementor-widget-text-editor\" data-id=\"6652dc4\" data-element_type=\"widget\" data-e-type=\"widget\" data-widget_type=\"text-editor.default\">\n\t\t\t\t<div class=\"elementor-widget-container\">\n\t\t\t\t\t\t\t\t\t<h4>Notfall-Telefonnummer: 099 541 2055<\/h4>\t\t\t\t\t\t\t\t<\/div>\n\t\t\t\t<\/div>\n\t\t\t\t\t<\/div>\n\t\t\t\t<\/div>\n\t\t\t\t<\/div>\n\t\t","protected":false},"excerpt":{"rendered":"<p>In der medizinischen Abteilung arbeiten die \u00c4rztin Dr. Johana S\u00e9mper und die Krankenschwestern Ver\u00f3nica Arpi und Ver\u00f3nica Jarr\u00edn (Kindergarten). Ihre Hauptaufgabe besteht darin, die Betreuung und Verwaltung aller Gesundheitsfragen der Sch\u00fcler durchzuf\u00fchren, die Bereitstellung der medizinischen Erstversorgung zu gew\u00e4hrleisten und ggf. die \u00dcberweisung an einen Spezialisten\/in oder ein Krankenhaus einzuleiten, falls dies erforderlich ist. Zus\u00e4tzlich [&hellip;]<\/p>\n","protected":false},"author":6,"featured_media":0,"parent":57249,"menu_order":0,"comment_status":"closed","ping_status":"closed","template":"","meta":{"footnotes":""},"class_list":["post-57236","page","type-page","status-publish","hentry"],"yoast_head":"<!-- This site is optimized with the Yoast SEO plugin v27.3 - https:\/\/yoast.com\/product\/yoast-seo-wordpress\/ -->\n<title>Medizinische Abteilung - Colegio Alem\u00e1n Quito<\/title>\n<meta name=\"robots\" content=\"index, follow, max-snippet:-1, max-image-preview:large, max-video-preview:-1\" \/>\n<link rel=\"canonical\" href=\"https:\/\/www.caq.edu.ec\/de\/areas-de-apoyo\/medizinische-abteilung\/\" \/>\n<meta property=\"og:locale\" content=\"de_DE\" \/>\n<meta property=\"og:type\" content=\"article\" \/>\n<meta property=\"og:title\" content=\"Medizinische Abteilung - Colegio Alem\u00e1n Quito\" \/>\n<meta property=\"og:description\" content=\"In der medizinischen Abteilung arbeiten die \u00c4rztin Dr. Johana S\u00e9mper und die Krankenschwestern Ver\u00f3nica Arpi und Ver\u00f3nica Jarr\u00edn (Kindergarten). Ihre Hauptaufgabe besteht darin, die Betreuung und Verwaltung aller Gesundheitsfragen der Sch\u00fcler durchzuf\u00fchren, die Bereitstellung der medizinischen Erstversorgung zu gew\u00e4hrleisten und ggf. die \u00dcberweisung an einen Spezialisten\/in oder ein Krankenhaus einzuleiten, falls dies erforderlich ist. Zus\u00e4tzlich [&hellip;]\" \/>\n<meta property=\"og:url\" content=\"https:\/\/www.caq.edu.ec\/de\/areas-de-apoyo\/medizinische-abteilung\/\" \/>\n<meta property=\"og:site_name\" content=\"Colegio Alem\u00e1n Quito\" \/>\n<meta property=\"article:modified_time\" content=\"2023-09-17T16:44:14+00:00\" \/>\n<meta property=\"og:image\" content=\"https:\/\/www.caq.edu.ec\/wp-content\/uploads\/2023\/04\/Krankenstation-copia-1024x690-1.jpg\" \/>\n<meta name=\"twitter:card\" content=\"summary_large_image\" \/>\n<meta name=\"twitter:label1\" content=\"Gesch\u00e4tzte Lesezeit\" \/>\n\t<meta name=\"twitter:data1\" content=\"2\u00a0Minuten\" \/>\n<script type=\"application\/ld+json\" class=\"yoast-schema-graph\">{\"@context\":\"https:\\\/\\\/schema.org\",\"@graph\":[{\"@type\":\"WebPage\",\"@id\":\"https:\\\/\\\/www.caq.edu.ec\\\/de\\\/areas-de-apoyo\\\/medizinische-abteilung\\\/\",\"url\":\"https:\\\/\\\/www.caq.edu.ec\\\/de\\\/areas-de-apoyo\\\/medizinische-abteilung\\\/\",\"name\":\"Medizinische Abteilung - Colegio Alem\u00e1n Quito\",\"isPartOf\":{\"@id\":\"https:\\\/\\\/www.caq.edu.ec\\\/#website\"},\"primaryImageOfPage\":{\"@id\":\"https:\\\/\\\/www.caq.edu.ec\\\/de\\\/areas-de-apoyo\\\/medizinische-abteilung\\\/#primaryimage\"},\"image\":{\"@id\":\"https:\\\/\\\/www.caq.edu.ec\\\/de\\\/areas-de-apoyo\\\/medizinische-abteilung\\\/#primaryimage\"},\"thumbnailUrl\":\"https:\\\/\\\/www.caq.edu.ec\\\/wp-content\\\/uploads\\\/2023\\\/04\\\/Krankenstation-copia-1024x690-1.jpg\",\"datePublished\":\"2018-10-06T10:03:34+00:00\",\"dateModified\":\"2023-09-17T16:44:14+00:00\",\"breadcrumb\":{\"@id\":\"https:\\\/\\\/www.caq.edu.ec\\\/de\\\/areas-de-apoyo\\\/medizinische-abteilung\\\/#breadcrumb\"},\"inLanguage\":\"de\",\"potentialAction\":[{\"@type\":\"ReadAction\",\"target\":[\"https:\\\/\\\/www.caq.edu.ec\\\/de\\\/areas-de-apoyo\\\/medizinische-abteilung\\\/\"]}]},{\"@type\":\"ImageObject\",\"inLanguage\":\"de\",\"@id\":\"https:\\\/\\\/www.caq.edu.ec\\\/de\\\/areas-de-apoyo\\\/medizinische-abteilung\\\/#primaryimage\",\"url\":\"https:\\\/\\\/www.caq.edu.ec\\\/wp-content\\\/uploads\\\/2023\\\/04\\\/Krankenstation-copia-1024x690-1.jpg\",\"contentUrl\":\"https:\\\/\\\/www.caq.edu.ec\\\/wp-content\\\/uploads\\\/2023\\\/04\\\/Krankenstation-copia-1024x690-1.jpg\"},{\"@type\":\"BreadcrumbList\",\"@id\":\"https:\\\/\\\/www.caq.edu.ec\\\/de\\\/areas-de-apoyo\\\/medizinische-abteilung\\\/#breadcrumb\",\"itemListElement\":[{\"@type\":\"ListItem\",\"position\":1,\"name\":\"Inicio\",\"item\":\"https:\\\/\\\/www.caq.edu.ec\\\/\"},{\"@type\":\"ListItem\",\"position\":2,\"name\":\"Bereiche der Unterst\u00fctzung\",\"item\":\"https:\\\/\\\/www.caq.edu.ec\\\/de\\\/areas-de-apoyo\\\/\"},{\"@type\":\"ListItem\",\"position\":3,\"name\":\"Medizinische Abteilung\"}]},{\"@type\":\"WebSite\",\"@id\":\"https:\\\/\\\/www.caq.edu.ec\\\/#website\",\"url\":\"https:\\\/\\\/www.caq.edu.ec\\\/\",\"name\":\"Colegio Alem\u00e1n Quito\",\"description\":\"Una puerta al mundo\",\"potentialAction\":[{\"@type\":\"SearchAction\",\"target\":{\"@type\":\"EntryPoint\",\"urlTemplate\":\"https:\\\/\\\/www.caq.edu.ec\\\/?s={search_term_string}\"},\"query-input\":{\"@type\":\"PropertyValueSpecification\",\"valueRequired\":true,\"valueName\":\"search_term_string\"}}],\"inLanguage\":\"de\"}]}<\/script>\n<!-- \/ Yoast SEO plugin. -->","yoast_head_json":{"title":"Medizinische Abteilung - Colegio Alem\u00e1n Quito","robots":{"index":"index","follow":"follow","max-snippet":"max-snippet:-1","max-image-preview":"max-image-preview:large","max-video-preview":"max-video-preview:-1"},"canonical":"https:\/\/www.caq.edu.ec\/de\/areas-de-apoyo\/medizinische-abteilung\/","og_locale":"de_DE","og_type":"article","og_title":"Medizinische Abteilung - Colegio Alem\u00e1n Quito","og_description":"In der medizinischen Abteilung arbeiten die \u00c4rztin Dr. Johana S\u00e9mper und die Krankenschwestern Ver\u00f3nica Arpi und Ver\u00f3nica Jarr\u00edn (Kindergarten). Ihre Hauptaufgabe besteht darin, die Betreuung und Verwaltung aller Gesundheitsfragen der Sch\u00fcler durchzuf\u00fchren, die Bereitstellung der medizinischen Erstversorgung zu gew\u00e4hrleisten und ggf. die \u00dcberweisung an einen Spezialisten\/in oder ein Krankenhaus einzuleiten, falls dies erforderlich ist. Zus\u00e4tzlich [&hellip;]","og_url":"https:\/\/www.caq.edu.ec\/de\/areas-de-apoyo\/medizinische-abteilung\/","og_site_name":"Colegio Alem\u00e1n Quito","article_modified_time":"2023-09-17T16:44:14+00:00","og_image":[{"url":"https:\/\/www.caq.edu.ec\/wp-content\/uploads\/2023\/04\/Krankenstation-copia-1024x690-1.jpg","type":"","width":"","height":""}],"twitter_card":"summary_large_image","twitter_misc":{"Gesch\u00e4tzte Lesezeit":"2\u00a0Minuten"},"schema":{"@context":"https:\/\/schema.org","@graph":[{"@type":"WebPage","@id":"https:\/\/www.caq.edu.ec\/de\/areas-de-apoyo\/medizinische-abteilung\/","url":"https:\/\/www.caq.edu.ec\/de\/areas-de-apoyo\/medizinische-abteilung\/","name":"Medizinische Abteilung - Colegio Alem\u00e1n Quito","isPartOf":{"@id":"https:\/\/www.caq.edu.ec\/#website"},"primaryImageOfPage":{"@id":"https:\/\/www.caq.edu.ec\/de\/areas-de-apoyo\/medizinische-abteilung\/#primaryimage"},"image":{"@id":"https:\/\/www.caq.edu.ec\/de\/areas-de-apoyo\/medizinische-abteilung\/#primaryimage"},"thumbnailUrl":"https:\/\/www.caq.edu.ec\/wp-content\/uploads\/2023\/04\/Krankenstation-copia-1024x690-1.jpg","datePublished":"2018-10-06T10:03:34+00:00","dateModified":"2023-09-17T16:44:14+00:00","breadcrumb":{"@id":"https:\/\/www.caq.edu.ec\/de\/areas-de-apoyo\/medizinische-abteilung\/#breadcrumb"},"inLanguage":"de","potentialAction":[{"@type":"ReadAction","target":["https:\/\/www.caq.edu.ec\/de\/areas-de-apoyo\/medizinische-abteilung\/"]}]},{"@type":"ImageObject","inLanguage":"de","@id":"https:\/\/www.caq.edu.ec\/de\/areas-de-apoyo\/medizinische-abteilung\/#primaryimage","url":"https:\/\/www.caq.edu.ec\/wp-content\/uploads\/2023\/04\/Krankenstation-copia-1024x690-1.jpg","contentUrl":"https:\/\/www.caq.edu.ec\/wp-content\/uploads\/2023\/04\/Krankenstation-copia-1024x690-1.jpg"},{"@type":"BreadcrumbList","@id":"https:\/\/www.caq.edu.ec\/de\/areas-de-apoyo\/medizinische-abteilung\/#breadcrumb","itemListElement":[{"@type":"ListItem","position":1,"name":"Inicio","item":"https:\/\/www.caq.edu.ec\/"},{"@type":"ListItem","position":2,"name":"Bereiche der Unterst\u00fctzung","item":"https:\/\/www.caq.edu.ec\/de\/areas-de-apoyo\/"},{"@type":"ListItem","position":3,"name":"Medizinische Abteilung"}]},{"@type":"WebSite","@id":"https:\/\/www.caq.edu.ec\/#website","url":"https:\/\/www.caq.edu.ec\/","name":"Colegio Alem\u00e1n Quito","description":"Una puerta al mundo","potentialAction":[{"@type":"SearchAction","target":{"@type":"EntryPoint","urlTemplate":"https:\/\/www.caq.edu.ec\/?s={search_term_string}"},"query-input":{"@type":"PropertyValueSpecification","valueRequired":true,"valueName":"search_term_string"}}],"inLanguage":"de"}]}},"_links":{"self":[{"href":"https:\/\/www.caq.edu.ec\/de\/wp-json\/wp\/v2\/pages\/57236","targetHints":{"allow":["GET"]}}],"collection":[{"href":"https:\/\/www.caq.edu.ec\/de\/wp-json\/wp\/v2\/pages"}],"about":[{"href":"https:\/\/www.caq.edu.ec\/de\/wp-json\/wp\/v2\/types\/page"}],"author":[{"embeddable":true,"href":"https:\/\/www.caq.edu.ec\/de\/wp-json\/wp\/v2\/users\/6"}],"replies":[{"embeddable":true,"href":"https:\/\/www.caq.edu.ec\/de\/wp-json\/wp\/v2\/comments?post=57236"}],"version-history":[{"count":3,"href":"https:\/\/www.caq.edu.ec\/de\/wp-json\/wp\/v2\/pages\/57236\/revisions"}],"predecessor-version":[{"id":62582,"href":"https:\/\/www.caq.edu.ec\/de\/wp-json\/wp\/v2\/pages\/57236\/revisions\/62582"}],"up":[{"embeddable":true,"href":"https:\/\/www.caq.edu.ec\/de\/wp-json\/wp\/v2\/pages\/57249"}],"wp:attachment":[{"href":"https:\/\/www.caq.edu.ec\/de\/wp-json\/wp\/v2\/media?parent=57236"}],"curies":[{"name":"wp","href":"https:\/\/api.w.org\/{rel}","templated":true}]}}