{"id":57233,"date":"2018-09-18T04:19:22","date_gmt":"2018-09-18T09:19:22","guid":{"rendered":"https:\/\/www.caq.edu.ec\/calendario\/"},"modified":"2025-08-23T11:59:31","modified_gmt":"2025-08-23T16:59:31","slug":"calendario","status":"publish","type":"page","link":"https:\/\/www.caq.edu.ec\/de\/informacion-importante\/calendario\/","title":{"rendered":"Kalender"},"content":{"rendered":"\t\t<div data-elementor-type=\"wp-page\" data-elementor-id=\"57233\" class=\"elementor elementor-57233 elementor-57117\" data-elementor-post-type=\"page\">\n\t\t\t\t<div class=\"elementor-element elementor-element-eb6c0ac e-flex e-con-boxed e-con e-parent\" data-id=\"eb6c0ac\" data-element_type=\"container\" data-e-type=\"container\">\n\t\t\t\t\t<div class=\"e-con-inner\">\n\t\t\t\t<div class=\"elementor-element elementor-element-68df21a elementor-view-default elementor-widget elementor-widget-icon\" data-id=\"68df21a\" data-element_type=\"widget\" data-e-type=\"widget\" data-widget_type=\"icon.default\">\n\t\t\t\t<div class=\"elementor-widget-container\">\n\t\t\t\t\t\t\t<div class=\"elementor-icon-wrapper\">\n\t\t\t<div class=\"elementor-icon\">\n\t\t\t<i aria-hidden=\"true\" class=\"far fa-calendar-alt\"><\/i>\t\t\t<\/div>\n\t\t<\/div>\n\t\t\t\t\t\t<\/div>\n\t\t\t\t<\/div>\n\t\t\t\t<div class=\"elementor-element elementor-element-de661eb elementor-align-justify elementor-widget elementor-widget-button\" data-id=\"de661eb\" data-element_type=\"widget\" data-e-type=\"widget\" data-widget_type=\"button.default\">\n\t\t\t\t<div class=\"elementor-widget-container\">\n\t\t\t\t\t\t\t\t\t<div class=\"elementor-button-wrapper\">\n\t\t\t\t\t<a class=\"elementor-button elementor-button-link elementor-size-sm\" href=\"https:\/\/outlook.office365.com\/owa\/calendar\/f542c462c83c49d4b0f94e17b64ea52c@caq.edu.ec\/2bcf615e55084965985ebdecf4cf8d912208919349786965123\/calendar.html\" target=\"_blank\">\n\t\t\t\t\t\t<span class=\"elementor-button-content-wrapper\">\n\t\t\t\t\t\t\t\t\t<span class=\"elementor-button-text\">Schulkalender<\/span>\n\t\t\t\t\t<\/span>\n\t\t\t\t\t<\/a>\n\t\t\t\t<\/div>\n\t\t\t\t\t\t\t\t<\/div>\n\t\t\t\t<\/div>\n\t\t\t\t\t<\/div>\n\t\t\t\t<\/div>\n\t\t<div class=\"elementor-element elementor-element-a19b9f8 e-flex e-con-boxed e-con e-parent\" data-id=\"a19b9f8\" data-element_type=\"container\" data-e-type=\"container\">\n\t\t\t\t\t<div class=\"e-con-inner\">\n\t\t<div class=\"elementor-element elementor-element-3a6bed0 e-con-full e-flex e-con e-child\" data-id=\"3a6bed0\" data-element_type=\"container\" data-e-type=\"container\">\n\t\t\t\t<div class=\"elementor-element elementor-element-ddadd80 elementor-icon-list--layout-traditional elementor-list-item-link-full_width elementor-widget elementor-widget-icon-list\" data-id=\"ddadd80\" data-element_type=\"widget\" data-e-type=\"widget\" data-widget_type=\"icon-list.default\">\n\t\t\t\t<div class=\"elementor-widget-container\">\n\t\t\t\t\t\t\t<ul class=\"elementor-icon-list-items\">\n\t\t\t\t\t\t\t<li class=\"elementor-icon-list-item\">\n\t\t\t\t\t\t\t\t\t\t\t<span class=\"elementor-icon-list-icon\">\n\t\t\t\t\t\t\t<i aria-hidden=\"true\" class=\"far fa-calendar-alt\"><\/i>\t\t\t\t\t\t<\/span>\n\t\t\t\t\t\t\t\t\t\t<span class=\"elementor-icon-list-text\">Wichtige Termine<\/span>\n\t\t\t\t\t\t\t\t\t<\/li>\n\t\t\t\t\t\t<\/ul>\n\t\t\t\t\t\t<\/div>\n\t\t\t\t<\/div>\n\t\t\t\t<div class=\"elementor-element elementor-element-2440901 elementor-widget elementor-widget-text-editor\" data-id=\"2440901\" data-element_type=\"widget\" data-e-type=\"widget\" data-widget_type=\"text-editor.default\">\n\t\t\t\t<div class=\"elementor-widget-container\">\n\t\t\t\t\t\t\t\t\t<table><tbody><tr><td width=\"94\"><p><strong>Tag &#8211; D\u00eda<\/strong><\/p><\/td><td width=\"94\"><p><strong>Datum &#8211; Fecha<\/strong><\/p><\/td><td width=\"66\"><p><strong>Uhrzeit &#8211; Hora<\/strong><\/p><\/td><td width=\"311\"><p><strong>Veranstaltung &#8211; Evento<\/strong><\/p><\/td><\/tr><tr><td width=\"94\"><p>Mo. &#8211; Lu.<\/p><\/td><td width=\"94\"><p>01.09.2025<\/p><\/td><td width=\"66\"><p>07:30<\/p><\/td><td width=\"311\"><p>Inicio a\u00f1o lectivo cl. 2-12<\/p><\/td><\/tr><tr><td width=\"94\"><p>\u00a0<\/p><\/td><td width=\"94\"><p>\u00a0<\/p><\/td><td width=\"66\"><p>18:00<\/p><\/td><td width=\"311\"><p>Reuni\u00f3n padres de familia cl. 1<\/p><\/td><\/tr><tr><td width=\"94\"><p>Di. &#8211; Ma.<\/p><\/td><td width=\"94\"><p>02.09.2025<\/p><\/td><td width=\"66\"><p>08:15-09:45<\/p><p>11:00-12:30<\/p><\/td><td width=\"311\"><p>Inicio a\u00f1o lectivo cl. 1<\/p><p>\u00a0<\/p><p>Inicio a\u00f1o lectivo Inicial<\/p><\/td><\/tr><tr><td width=\"94\"><p>\u00a0<\/p><\/td><td width=\"94\"><p>\u00a0<\/p><\/td><td width=\"66\"><p>18.00<\/p><\/td><td width=\"311\"><p>Reuni\u00f3n padres de familia cl. 2-3<\/p><\/td><\/tr><tr><td width=\"94\"><p>Mi. &#8211; Mi\u00e9r.<\/p><\/td><td width=\"94\"><p>03.09.2025<\/p><\/td><td width=\"66\"><p>08:15<\/p><\/td><td width=\"311\"><p>Inicio a\u00f1o lectivo Prekinder y Kindergarten (d\u00eda regular de clases)<\/p><\/td><\/tr><tr><td width=\"94\"><p>\u00a0<\/p><\/td><td width=\"94\"><p>\u00a0<\/p><\/td><td width=\"66\"><p>18:00<\/p><\/td><td width=\"311\"><p>Reuni\u00f3n padres de familia cl. 4-6<\/p><\/td><\/tr><tr><td width=\"94\"><p>Mo. &#8211; Lu.<\/p><\/td><td width=\"94\"><p>08.09.2025<\/p><\/td><td width=\"66\"><p>18:00<\/p><\/td><td width=\"311\"><p>Reuni\u00f3n padres de familia Inicial + Prekinder<\/p><\/td><\/tr><tr><td width=\"94\"><p>Di. &#8211; Ma.<\/p><\/td><td width=\"94\"><p>09.09.2025<\/p><\/td><td width=\"66\"><p>18:00<\/p><\/td><td width=\"311\"><p>Reuni\u00f3n padres de familia Inicial + Prekinder<\/p><\/td><\/tr><tr><td width=\"94\"><p>Mi. &#8211; Mi\u00e9r.<\/p><p>Mo. &#8211; Lu.<\/p><\/td><td width=\"94\"><p>10.09.2025<\/p><p>15.09.2025<\/p><\/td><td width=\"66\"><p>18:00<\/p><\/td><td width=\"311\"><p>Reuni\u00f3n padres de familia Kindergarten<\/p><p>Inicio actividades extracurriculares y Musikschule<\/p><\/td><\/tr><tr><td width=\"94\"><p>Di. &#8211; Ma.<\/p><\/td><td width=\"94\"><p>16.09.2025<\/p><\/td><td width=\"66\"><p>18:00<\/p><\/td><td width=\"311\"><p>Reuni\u00f3n padres de familia cl. 7-8<\/p><\/td><\/tr><tr><td width=\"94\"><p>Mi. &#8211; M\u00e9r.<\/p><p>Do. &#8211; Ju.<\/p><\/td><td width=\"94\"><p>17.09.2025<\/p><p>18.09.2025<\/p><\/td><td width=\"66\"><p>18:00<\/p><p>18:00<\/p><\/td><td width=\"311\"><p>Reuni\u00f3n padres de familia cl. 9-10<\/p><p>Reuni\u00f3n padres de familia cl. 11-12<\/p><\/td><\/tr><\/tbody><\/table>\t\t\t\t\t\t\t\t<\/div>\n\t\t\t\t<\/div>\n\t\t\t\t<\/div>\n\t\t<div class=\"elementor-element elementor-element-b8179ad e-con-full e-flex e-con e-child\" data-id=\"b8179ad\" data-element_type=\"container\" data-e-type=\"container\">\n\t\t\t\t<div class=\"elementor-element elementor-element-eb7765d elementor-icon-list--layout-traditional elementor-list-item-link-full_width elementor-widget elementor-widget-icon-list\" data-id=\"eb7765d\" data-element_type=\"widget\" data-e-type=\"widget\" data-widget_type=\"icon-list.default\">\n\t\t\t\t<div class=\"elementor-widget-container\">\n\t\t\t\t\t\t\t<ul class=\"elementor-icon-list-items\">\n\t\t\t\t\t\t\t<li class=\"elementor-icon-list-item\">\n\t\t\t\t\t\t\t\t\t\t\t<span class=\"elementor-icon-list-icon\">\n\t\t\t\t\t\t\t<i aria-hidden=\"true\" class=\"fas fa-sun\"><\/i>\t\t\t\t\t\t<\/span>\n\t\t\t\t\t\t\t\t\t\t<span class=\"elementor-icon-list-text\">Schulferien 2025-2026<\/span>\n\t\t\t\t\t\t\t\t\t<\/li>\n\t\t\t\t\t\t<\/ul>\n\t\t\t\t\t\t<\/div>\n\t\t\t\t<\/div>\n\t\t\t\t<div class=\"elementor-element elementor-element-76fc8e7 elementor-widget elementor-widget-text-editor\" data-id=\"76fc8e7\" data-element_type=\"widget\" data-e-type=\"widget\" data-widget_type=\"text-editor.default\">\n\t\t\t\t<div class=\"elementor-widget-container\">\n\t\t\t\t\t\t\t\t\t<table><tbody><tr><td width=\"192\"><p><strong>Freitag<\/strong><\/p><\/td><td width=\"192\"><p>10.10.2025<\/p><\/td><td width=\"192\"><p>Ecuad. Feiertag<\/p><\/td><\/tr><tr><td width=\"192\"><p><b>Mo.-Fr.<\/b><\/p><\/td><td width=\"192\"><p>03.11.-07.11.2025<\/p><\/td><td width=\"192\"><p>Herbstferien<\/p><\/td><\/tr><tr><td width=\"192\"><p><strong>Freitag<\/strong><\/p><\/td><td width=\"192\"><p>05.12.2025<\/p><\/td><td width=\"192\"><p>Lokaler Feiertag<\/p><\/td><\/tr><tr><td width=\"192\"><p><strong>Mo.-Fr.<\/strong><\/p><\/td><td width=\"192\"><p>22.12.2025 \u2013 02.01.2026<\/p><\/td><td width=\"192\"><p>Weihnachtsferien<\/p><\/td><\/tr><tr><td width=\"192\"><p><strong>Mo.-Fr.<\/strong><\/p><\/td><td width=\"192\"><p>16.02. \u2013 20.02.2026<\/p><\/td><td width=\"192\"><p>Karneval<\/p><\/td><\/tr><tr><td width=\"192\"><p><strong>Mo.-Fr.<\/strong><\/p><\/td><td width=\"192\"><p>30.03. \u2013 10.04.2026<\/p><\/td><td width=\"192\"><p>Osterferien<\/p><\/td><\/tr><tr><td width=\"192\"><p><strong>Freitag<\/strong><\/p><\/td><td width=\"192\"><p>01.05.2026<\/p><\/td><td width=\"192\"><p>Ecuad. Feiertag<\/p><\/td><\/tr><tr><td width=\"192\"><p><strong>Montag<\/strong><\/p><\/td><td width=\"192\"><p>25.05.2026<\/p><\/td><td width=\"192\"><p>Ecuad. Feiertag<\/p><\/td><\/tr><tr><td width=\"192\"><p><strong>Freitag<\/strong><\/p><\/td><td width=\"192\"><p>03.07.2026<\/p><\/td><td width=\"192\"><p>Letzter Schultag<\/p><\/td><\/tr><\/tbody><\/table>\t\t\t\t\t\t\t\t<\/div>\n\t\t\t\t<\/div>\n\t\t\t\t<\/div>\n\t\t\t\t\t<\/div>\n\t\t\t\t<\/div>\n\t\t\t\t<\/div>\n\t\t","protected":false},"excerpt":{"rendered":"<p>Schulkalender Wichtige Termine Tag &#8211; D\u00eda Datum &#8211; Fecha Uhrzeit &#8211; Hora Veranstaltung &#8211; Evento Mo. &#8211; Lu. 01.09.2025 07:30 Inicio a\u00f1o lectivo cl. 2-12 \u00a0 \u00a0 18:00 Reuni\u00f3n padres de familia cl. 1 Di. &#8211; Ma. 02.09.2025 08:15-09:45 11:00-12:30 Inicio a\u00f1o lectivo cl. 1 \u00a0 Inicio a\u00f1o lectivo Inicial \u00a0 \u00a0 18.00 Reuni\u00f3n padres [&hellip;]<\/p>\n","protected":false},"author":6,"featured_media":0,"parent":57191,"menu_order":0,"comment_status":"closed","ping_status":"closed","template":"","meta":{"footnotes":""},"class_list":["post-57233","page","type-page","status-publish","hentry"],"yoast_head":"<!-- This site is optimized with the Yoast SEO plugin v27.3 - https:\/\/yoast.com\/product\/yoast-seo-wordpress\/ -->\n<title>Kalender - Colegio Alem\u00e1n Quito<\/title>\n<meta name=\"robots\" content=\"index, follow, max-snippet:-1, max-image-preview:large, max-video-preview:-1\" \/>\n<link rel=\"canonical\" href=\"https:\/\/www.caq.edu.ec\/de\/informacion-importante\/calendario\/\" \/>\n<meta property=\"og:locale\" content=\"de_DE\" \/>\n<meta property=\"og:type\" content=\"article\" \/>\n<meta property=\"og:title\" content=\"Kalender - Colegio Alem\u00e1n Quito\" \/>\n<meta property=\"og:description\" content=\"Schulkalender Wichtige Termine Tag &#8211; D\u00eda Datum &#8211; Fecha Uhrzeit &#8211; Hora Veranstaltung &#8211; Evento Mo. &#8211; Lu. 01.09.2025 07:30 Inicio a\u00f1o lectivo cl. 2-12 \u00a0 \u00a0 18:00 Reuni\u00f3n padres de familia cl. 1 Di. &#8211; Ma. 02.09.2025 08:15-09:45 11:00-12:30 Inicio a\u00f1o lectivo cl. 1 \u00a0 Inicio a\u00f1o lectivo Inicial \u00a0 \u00a0 18.00 Reuni\u00f3n padres [&hellip;]\" \/>\n<meta property=\"og:url\" content=\"https:\/\/www.caq.edu.ec\/de\/informacion-importante\/calendario\/\" \/>\n<meta property=\"og:site_name\" content=\"Colegio Alem\u00e1n Quito\" \/>\n<meta property=\"article:modified_time\" content=\"2025-08-23T16:59:31+00:00\" \/>\n<meta name=\"twitter:card\" content=\"summary_large_image\" \/>\n<meta name=\"twitter:label1\" content=\"Gesch\u00e4tzte Lesezeit\" \/>\n\t<meta name=\"twitter:data1\" content=\"1\u00a0Minute\" \/>\n<script type=\"application\/ld+json\" class=\"yoast-schema-graph\">{\"@context\":\"https:\\\/\\\/schema.org\",\"@graph\":[{\"@type\":\"WebPage\",\"@id\":\"https:\\\/\\\/www.caq.edu.ec\\\/de\\\/informacion-importante\\\/calendario\\\/\",\"url\":\"https:\\\/\\\/www.caq.edu.ec\\\/de\\\/informacion-importante\\\/calendario\\\/\",\"name\":\"Kalender - Colegio Alem\u00e1n Quito\",\"isPartOf\":{\"@id\":\"https:\\\/\\\/www.caq.edu.ec\\\/#website\"},\"datePublished\":\"2018-09-18T09:19:22+00:00\",\"dateModified\":\"2025-08-23T16:59:31+00:00\",\"breadcrumb\":{\"@id\":\"https:\\\/\\\/www.caq.edu.ec\\\/de\\\/informacion-importante\\\/calendario\\\/#breadcrumb\"},\"inLanguage\":\"de\",\"potentialAction\":[{\"@type\":\"ReadAction\",\"target\":[\"https:\\\/\\\/www.caq.edu.ec\\\/de\\\/informacion-importante\\\/calendario\\\/\"]}]},{\"@type\":\"BreadcrumbList\",\"@id\":\"https:\\\/\\\/www.caq.edu.ec\\\/de\\\/informacion-importante\\\/calendario\\\/#breadcrumb\",\"itemListElement\":[{\"@type\":\"ListItem\",\"position\":1,\"name\":\"Inicio\",\"item\":\"https:\\\/\\\/www.caq.edu.ec\\\/\"},{\"@type\":\"ListItem\",\"position\":2,\"name\":\"Wissenswertes\",\"item\":\"https:\\\/\\\/www.caq.edu.ec\\\/de\\\/informacion-importante\\\/\"},{\"@type\":\"ListItem\",\"position\":3,\"name\":\"Kalender\"}]},{\"@type\":\"WebSite\",\"@id\":\"https:\\\/\\\/www.caq.edu.ec\\\/#website\",\"url\":\"https:\\\/\\\/www.caq.edu.ec\\\/\",\"name\":\"Colegio Alem\u00e1n Quito\",\"description\":\"Una puerta al mundo\",\"potentialAction\":[{\"@type\":\"SearchAction\",\"target\":{\"@type\":\"EntryPoint\",\"urlTemplate\":\"https:\\\/\\\/www.caq.edu.ec\\\/?s={search_term_string}\"},\"query-input\":{\"@type\":\"PropertyValueSpecification\",\"valueRequired\":true,\"valueName\":\"search_term_string\"}}],\"inLanguage\":\"de\"}]}<\/script>\n<!-- \/ Yoast SEO plugin. -->","yoast_head_json":{"title":"Kalender - Colegio Alem\u00e1n Quito","robots":{"index":"index","follow":"follow","max-snippet":"max-snippet:-1","max-image-preview":"max-image-preview:large","max-video-preview":"max-video-preview:-1"},"canonical":"https:\/\/www.caq.edu.ec\/de\/informacion-importante\/calendario\/","og_locale":"de_DE","og_type":"article","og_title":"Kalender - Colegio Alem\u00e1n Quito","og_description":"Schulkalender Wichtige Termine Tag &#8211; D\u00eda Datum &#8211; Fecha Uhrzeit &#8211; Hora Veranstaltung &#8211; Evento Mo. &#8211; Lu. 01.09.2025 07:30 Inicio a\u00f1o lectivo cl. 2-12 \u00a0 \u00a0 18:00 Reuni\u00f3n padres de familia cl. 1 Di. &#8211; Ma. 02.09.2025 08:15-09:45 11:00-12:30 Inicio a\u00f1o lectivo cl. 1 \u00a0 Inicio a\u00f1o lectivo Inicial \u00a0 \u00a0 18.00 Reuni\u00f3n padres [&hellip;]","og_url":"https:\/\/www.caq.edu.ec\/de\/informacion-importante\/calendario\/","og_site_name":"Colegio Alem\u00e1n Quito","article_modified_time":"2025-08-23T16:59:31+00:00","twitter_card":"summary_large_image","twitter_misc":{"Gesch\u00e4tzte Lesezeit":"1\u00a0Minute"},"schema":{"@context":"https:\/\/schema.org","@graph":[{"@type":"WebPage","@id":"https:\/\/www.caq.edu.ec\/de\/informacion-importante\/calendario\/","url":"https:\/\/www.caq.edu.ec\/de\/informacion-importante\/calendario\/","name":"Kalender - Colegio Alem\u00e1n Quito","isPartOf":{"@id":"https:\/\/www.caq.edu.ec\/#website"},"datePublished":"2018-09-18T09:19:22+00:00","dateModified":"2025-08-23T16:59:31+00:00","breadcrumb":{"@id":"https:\/\/www.caq.edu.ec\/de\/informacion-importante\/calendario\/#breadcrumb"},"inLanguage":"de","potentialAction":[{"@type":"ReadAction","target":["https:\/\/www.caq.edu.ec\/de\/informacion-importante\/calendario\/"]}]},{"@type":"BreadcrumbList","@id":"https:\/\/www.caq.edu.ec\/de\/informacion-importante\/calendario\/#breadcrumb","itemListElement":[{"@type":"ListItem","position":1,"name":"Inicio","item":"https:\/\/www.caq.edu.ec\/"},{"@type":"ListItem","position":2,"name":"Wissenswertes","item":"https:\/\/www.caq.edu.ec\/de\/informacion-importante\/"},{"@type":"ListItem","position":3,"name":"Kalender"}]},{"@type":"WebSite","@id":"https:\/\/www.caq.edu.ec\/#website","url":"https:\/\/www.caq.edu.ec\/","name":"Colegio Alem\u00e1n Quito","description":"Una puerta al mundo","potentialAction":[{"@type":"SearchAction","target":{"@type":"EntryPoint","urlTemplate":"https:\/\/www.caq.edu.ec\/?s={search_term_string}"},"query-input":{"@type":"PropertyValueSpecification","valueRequired":true,"valueName":"search_term_string"}}],"inLanguage":"de"}]}},"_links":{"self":[{"href":"https:\/\/www.caq.edu.ec\/de\/wp-json\/wp\/v2\/pages\/57233","targetHints":{"allow":["GET"]}}],"collection":[{"href":"https:\/\/www.caq.edu.ec\/de\/wp-json\/wp\/v2\/pages"}],"about":[{"href":"https:\/\/www.caq.edu.ec\/de\/wp-json\/wp\/v2\/types\/page"}],"author":[{"embeddable":true,"href":"https:\/\/www.caq.edu.ec\/de\/wp-json\/wp\/v2\/users\/6"}],"replies":[{"embeddable":true,"href":"https:\/\/www.caq.edu.ec\/de\/wp-json\/wp\/v2\/comments?post=57233"}],"version-history":[{"count":57,"href":"https:\/\/www.caq.edu.ec\/de\/wp-json\/wp\/v2\/pages\/57233\/revisions"}],"predecessor-version":[{"id":69558,"href":"https:\/\/www.caq.edu.ec\/de\/wp-json\/wp\/v2\/pages\/57233\/revisions\/69558"}],"up":[{"embeddable":true,"href":"https:\/\/www.caq.edu.ec\/de\/wp-json\/wp\/v2\/pages\/57191"}],"wp:attachment":[{"href":"https:\/\/www.caq.edu.ec\/de\/wp-json\/wp\/v2\/media?parent=57233"}],"curies":[{"name":"wp","href":"https:\/\/api.w.org\/{rel}","templated":true}]}}