{"id":57232,"date":"2018-09-11T04:30:49","date_gmt":"2018-09-11T09:30:49","guid":{"rendered":"https:\/\/www.caq.edu.ec\/transport\/"},"modified":"2025-06-18T15:46:12","modified_gmt":"2025-06-18T20:46:12","slug":"transport","status":"publish","type":"page","link":"https:\/\/www.caq.edu.ec\/de\/areas-de-apoyo\/transport\/","title":{"rendered":"Transport"},"content":{"rendered":"\t\t<div data-elementor-type=\"wp-page\" data-elementor-id=\"57232\" class=\"elementor elementor-57232 elementor-57079\" data-elementor-post-type=\"page\">\n\t\t\t\t<div class=\"elementor-element elementor-element-ef88661 e-flex e-con-boxed e-con e-parent\" data-id=\"ef88661\" data-element_type=\"container\" data-e-type=\"container\">\n\t\t\t\t\t<div class=\"e-con-inner\">\n\t\t<div class=\"elementor-element elementor-element-b8a392b e-con-full e-flex e-con e-child\" data-id=\"b8a392b\" data-element_type=\"container\" data-e-type=\"container\">\n\t\t\t\t<div class=\"elementor-element elementor-element-3af090b elementor-widget elementor-widget-text-editor\" data-id=\"3af090b\" data-element_type=\"widget\" data-e-type=\"widget\" data-widget_type=\"text-editor.default\">\n\t\t\t\t<div class=\"elementor-widget-container\">\n\t\t\t\t\t\t\t\t\t<h3>Allgemeine Information<\/h3><p>Wir bitten Sie freundlichst um Beachtung und Unterst\u00fctzung\u00a0 folgender Punkte:<\/p><ul><li><strong>Buswechsel f\u00fcr Geburtstagsfeiern, Gruppenarbeiten, Veranstaltungen usw. sind nicht m\u00f6glich<\/strong>. Antr\u00e4ge f\u00fcr Buswechsel werden nur ausnahmsweise genehmigt, jeweils einmal f\u00fcr ein Kind nur <strong>im Notfall<\/strong>, wenn der Antrag mit 24 Stunden Vorlauf eingeht. Das entsprechende Formular\u00a0 steht Ihnen unter\u00a0 <a href=\"https:\/\/www.caq.edu.ec\/de\/informacion-importante\/formularios\/\">Formulare &#8211; Colegio Alem\u00e1n Quito<\/a> zur Verf\u00fcgung.\u00a0\u00a0<\/li><li>Kurzfristige \u00c4nderungen (z.\u202fB. krankheitsbedingte Abwesenheit, Abholung durch Dritte usw.) m\u00fcssen \u00fcber die Monitoring-App On-Track mitgeteilt werden. Bitte f\u00fcllen Sie das Formular unter folgendem Link aus: <a href=\"https:\/\/www.caq.edu.ec\/de\/formulario-ontrack\/\">Formulario ONTRACK &#8211; Colegio Alem\u00e1n Quito<\/a><\/li><li>Sprechen Sie bitte mit Ihrem Kind dar\u00fcber, dass die Benutzung des Sicherheitsgurtes verpflichtend ist.<\/li><li><strong>Es ist nicht gestattet, dass das Buspersonal Kuchen, Torten, Lebensmittel usw. zur Mitnahme in die Schule entgegennimmt.<\/strong> Diese \u201eAuftr\u00e4ge\u201c m\u00fcssen von den Eltern pers\u00f6nlich an der Rezeption abgegeben werden.<\/li><li>Ein Buswechsel aufgrund einer Adressen\u00e4nderung wird mit dem vom Vertreter eingereichten Formular (<a href=\"https:\/\/www.caq.edu.ec\/de\/informacion-importante\/formularios\/\">Formulare &#8211; Colegio Alem\u00e1n Quito<\/a>) beantragt.<\/li><li>Bitte bedenken Sie, dass es dem Fahrer und der Begleitperson untersagt ist, den Bus zu verlassen, um an Ihrer Haust\u00fcr zu klingeln oder l\u00e4nger als 30 Sekunden auf Ihr Kind zu warten. Wir bitten Sie daher, daf\u00fcr zu sorgen, dass Ihr Kind sich 5 Minuten vor der festgelegten Zeit an der Haltestelle befindet.<\/li><li>Wenn Sie R\u00fcckfragen oder Anliegen haben, kontaktieren Sie bitte unsere Transportabteilung:<br \/>&#8211; Coordinador de transporte: Luis Unigarro; <a href=\"maito: coordinador.transporte@caq.edu.ec\" target=\"_blank\" rel=\"noopener\">coordinador.transporte@caq.edu.ec<\/a>; 099 541 1032 oder<br \/>&#8211; Asistente de transporte: Yadira Salazar; <a href=\"mailto:asistente.transporte@caq.edu.ec\" target=\"_blank\" rel=\"noopener\">asistente.transporte@caq.edu.ec<\/a>; 098 786 8985<\/li><li>Denken Sie bitte in diesem Zusammenhang daran, dass der Bustransport ab der 3. Klasse kein Haus \u2013 zu-Haus \u2013 Service ist.<\/li><\/ul><p><br \/>Wir bedanken uns ganz herzlich f\u00fcr Ihre Unterst\u00fctzung!<\/p><h3>\u00a0<\/h3><h3>Transportkosten 2025-26<\/h3><h3>\u00a0<\/h3><table style=\"height: 461px;\" width=\"583\"><tbody><tr><td width=\"378\">\u00a0<\/td><td colspan=\"3\" width=\"179\"><strong>Monatlicher Betrag in US$<\/strong><\/td><\/tr><tr><td width=\"378\">\u00a0<\/td><td width=\"57\"><strong>1. Kind<\/strong><\/td><td width=\"57\"><strong>2. Kind<\/strong><\/td><td width=\"66\"><strong>3. \/ 4. Kind<\/strong><\/td><\/tr><tr><td width=\"378\"><p>Inicial, Kindergarten, Klassen 1 &#8211; 2<\/p><p>Route: Quito\/Valle de los Chillos\/Puembo \u2013 CAQ<\/p><\/td><td width=\"57\">109,00<\/td><td width=\"57\">82,00<\/td><td width=\"66\">34,00<\/td><\/tr><tr><td width=\"378\">Inicial, Kindergarten, Klassen 1 &#8211; 2 <br \/>Route: Cumbay\u00e1\/Tumbaco \u2013 CAQ<\/td><td width=\"57\">100,00<\/td><td width=\"57\">75,00<\/td><td width=\"66\">34,00<\/td><\/tr><tr><td width=\"378\"><p>Klassen 3 &#8211; 12<\/p><p>Route: Quito\/Valle de los Chillos\/Puembo \u2013 CAQ<\/p><\/td><td width=\"57\">97,00<\/td><td width=\"57\">72,00<\/td><td width=\"66\">34,00<\/td><\/tr><tr><td width=\"378\"><p>Klassen 3 &#8211; 12<\/p><p>Route: Cumbay\u00e1\/Tumbaco \u2013 CAQ<\/p><\/td><td width=\"57\">93,00<\/td><td width=\"57\">70,00<\/td><td width=\"66\">34,00<\/td><\/tr><\/tbody><\/table><h3>Formulare<\/h3><p>Folgen Sie dem folgenden Link, um auf die Seite zu gelangen, auf der Sie die verschiedenen Transportformulare finden.<\/p>\t\t\t\t\t\t\t\t<\/div>\n\t\t\t\t<\/div>\n\t\t\t\t<div class=\"elementor-element elementor-element-4afe658 elementor-align-left elementor-widget elementor-widget-button\" data-id=\"4afe658\" data-element_type=\"widget\" data-e-type=\"widget\" data-widget_type=\"button.default\">\n\t\t\t\t<div class=\"elementor-widget-container\">\n\t\t\t\t\t\t\t\t\t<div class=\"elementor-button-wrapper\">\n\t\t\t\t\t<a class=\"elementor-button elementor-button-link elementor-size-sm\" href=\"\/de\/informacion-importante\/formularios\/\">\n\t\t\t\t\t\t<span class=\"elementor-button-content-wrapper\">\n\t\t\t\t\t\t\t\t\t<span class=\"elementor-button-text\">Klicken Sie hier<\/span>\n\t\t\t\t\t<\/span>\n\t\t\t\t\t<\/a>\n\t\t\t\t<\/div>\n\t\t\t\t\t\t\t\t<\/div>\n\t\t\t\t<\/div>\n\t\t\t\t<\/div>\n\t\t\t\t\t<\/div>\n\t\t\t\t<\/div>\n\t\t\t\t<\/div>\n\t\t","protected":false},"excerpt":{"rendered":"<p>Allgemeine Information Wir bitten Sie freundlichst um Beachtung und Unterst\u00fctzung\u00a0 folgender Punkte: Buswechsel f\u00fcr Geburtstagsfeiern, Gruppenarbeiten, Veranstaltungen usw. sind nicht m\u00f6glich. Antr\u00e4ge f\u00fcr Buswechsel werden nur ausnahmsweise genehmigt, jeweils einmal f\u00fcr ein Kind nur im Notfall, wenn der Antrag mit 24 Stunden Vorlauf eingeht. Das entsprechende Formular\u00a0 steht Ihnen unter\u00a0 Formulare &#8211; Colegio Alem\u00e1n Quito [&hellip;]<\/p>\n","protected":false},"author":6,"featured_media":0,"parent":57249,"menu_order":0,"comment_status":"closed","ping_status":"closed","template":"","meta":{"footnotes":""},"class_list":["post-57232","page","type-page","status-publish","hentry"],"yoast_head":"<!-- This site is optimized with the Yoast SEO plugin v27.3 - https:\/\/yoast.com\/product\/yoast-seo-wordpress\/ -->\n<title>Transport - Colegio Alem\u00e1n Quito<\/title>\n<meta name=\"robots\" content=\"index, follow, max-snippet:-1, max-image-preview:large, max-video-preview:-1\" \/>\n<link rel=\"canonical\" href=\"https:\/\/www.caq.edu.ec\/de\/areas-de-apoyo\/transport\/\" \/>\n<meta property=\"og:locale\" content=\"de_DE\" \/>\n<meta property=\"og:type\" content=\"article\" \/>\n<meta property=\"og:title\" content=\"Transport - Colegio Alem\u00e1n Quito\" \/>\n<meta property=\"og:description\" content=\"Allgemeine Information Wir bitten Sie freundlichst um Beachtung und Unterst\u00fctzung\u00a0 folgender Punkte: Buswechsel f\u00fcr Geburtstagsfeiern, Gruppenarbeiten, Veranstaltungen usw. sind nicht m\u00f6glich. Antr\u00e4ge f\u00fcr Buswechsel werden nur ausnahmsweise genehmigt, jeweils einmal f\u00fcr ein Kind nur im Notfall, wenn der Antrag mit 24 Stunden Vorlauf eingeht. Das entsprechende Formular\u00a0 steht Ihnen unter\u00a0 Formulare &#8211; Colegio Alem\u00e1n Quito [&hellip;]\" \/>\n<meta property=\"og:url\" content=\"https:\/\/www.caq.edu.ec\/de\/areas-de-apoyo\/transport\/\" \/>\n<meta property=\"og:site_name\" content=\"Colegio Alem\u00e1n Quito\" \/>\n<meta property=\"article:modified_time\" content=\"2025-06-18T20:46:12+00:00\" \/>\n<meta name=\"twitter:card\" content=\"summary_large_image\" \/>\n<meta name=\"twitter:label1\" content=\"Gesch\u00e4tzte Lesezeit\" \/>\n\t<meta name=\"twitter:data1\" content=\"2\u00a0Minuten\" \/>\n<script type=\"application\/ld+json\" class=\"yoast-schema-graph\">{\"@context\":\"https:\\\/\\\/schema.org\",\"@graph\":[{\"@type\":\"WebPage\",\"@id\":\"https:\\\/\\\/www.caq.edu.ec\\\/de\\\/areas-de-apoyo\\\/transport\\\/\",\"url\":\"https:\\\/\\\/www.caq.edu.ec\\\/de\\\/areas-de-apoyo\\\/transport\\\/\",\"name\":\"Transport - Colegio Alem\u00e1n Quito\",\"isPartOf\":{\"@id\":\"https:\\\/\\\/www.caq.edu.ec\\\/#website\"},\"datePublished\":\"2018-09-11T09:30:49+00:00\",\"dateModified\":\"2025-06-18T20:46:12+00:00\",\"breadcrumb\":{\"@id\":\"https:\\\/\\\/www.caq.edu.ec\\\/de\\\/areas-de-apoyo\\\/transport\\\/#breadcrumb\"},\"inLanguage\":\"de\",\"potentialAction\":[{\"@type\":\"ReadAction\",\"target\":[\"https:\\\/\\\/www.caq.edu.ec\\\/de\\\/areas-de-apoyo\\\/transport\\\/\"]}]},{\"@type\":\"BreadcrumbList\",\"@id\":\"https:\\\/\\\/www.caq.edu.ec\\\/de\\\/areas-de-apoyo\\\/transport\\\/#breadcrumb\",\"itemListElement\":[{\"@type\":\"ListItem\",\"position\":1,\"name\":\"Inicio\",\"item\":\"https:\\\/\\\/www.caq.edu.ec\\\/\"},{\"@type\":\"ListItem\",\"position\":2,\"name\":\"Bereiche der Unterst\u00fctzung\",\"item\":\"https:\\\/\\\/www.caq.edu.ec\\\/de\\\/areas-de-apoyo\\\/\"},{\"@type\":\"ListItem\",\"position\":3,\"name\":\"Transport\"}]},{\"@type\":\"WebSite\",\"@id\":\"https:\\\/\\\/www.caq.edu.ec\\\/#website\",\"url\":\"https:\\\/\\\/www.caq.edu.ec\\\/\",\"name\":\"Colegio Alem\u00e1n Quito\",\"description\":\"Una puerta al mundo\",\"potentialAction\":[{\"@type\":\"SearchAction\",\"target\":{\"@type\":\"EntryPoint\",\"urlTemplate\":\"https:\\\/\\\/www.caq.edu.ec\\\/?s={search_term_string}\"},\"query-input\":{\"@type\":\"PropertyValueSpecification\",\"valueRequired\":true,\"valueName\":\"search_term_string\"}}],\"inLanguage\":\"de\"}]}<\/script>\n<!-- \/ Yoast SEO plugin. -->","yoast_head_json":{"title":"Transport - Colegio Alem\u00e1n Quito","robots":{"index":"index","follow":"follow","max-snippet":"max-snippet:-1","max-image-preview":"max-image-preview:large","max-video-preview":"max-video-preview:-1"},"canonical":"https:\/\/www.caq.edu.ec\/de\/areas-de-apoyo\/transport\/","og_locale":"de_DE","og_type":"article","og_title":"Transport - Colegio Alem\u00e1n Quito","og_description":"Allgemeine Information Wir bitten Sie freundlichst um Beachtung und Unterst\u00fctzung\u00a0 folgender Punkte: Buswechsel f\u00fcr Geburtstagsfeiern, Gruppenarbeiten, Veranstaltungen usw. sind nicht m\u00f6glich. Antr\u00e4ge f\u00fcr Buswechsel werden nur ausnahmsweise genehmigt, jeweils einmal f\u00fcr ein Kind nur im Notfall, wenn der Antrag mit 24 Stunden Vorlauf eingeht. Das entsprechende Formular\u00a0 steht Ihnen unter\u00a0 Formulare &#8211; Colegio Alem\u00e1n Quito [&hellip;]","og_url":"https:\/\/www.caq.edu.ec\/de\/areas-de-apoyo\/transport\/","og_site_name":"Colegio Alem\u00e1n Quito","article_modified_time":"2025-06-18T20:46:12+00:00","twitter_card":"summary_large_image","twitter_misc":{"Gesch\u00e4tzte Lesezeit":"2\u00a0Minuten"},"schema":{"@context":"https:\/\/schema.org","@graph":[{"@type":"WebPage","@id":"https:\/\/www.caq.edu.ec\/de\/areas-de-apoyo\/transport\/","url":"https:\/\/www.caq.edu.ec\/de\/areas-de-apoyo\/transport\/","name":"Transport - Colegio Alem\u00e1n Quito","isPartOf":{"@id":"https:\/\/www.caq.edu.ec\/#website"},"datePublished":"2018-09-11T09:30:49+00:00","dateModified":"2025-06-18T20:46:12+00:00","breadcrumb":{"@id":"https:\/\/www.caq.edu.ec\/de\/areas-de-apoyo\/transport\/#breadcrumb"},"inLanguage":"de","potentialAction":[{"@type":"ReadAction","target":["https:\/\/www.caq.edu.ec\/de\/areas-de-apoyo\/transport\/"]}]},{"@type":"BreadcrumbList","@id":"https:\/\/www.caq.edu.ec\/de\/areas-de-apoyo\/transport\/#breadcrumb","itemListElement":[{"@type":"ListItem","position":1,"name":"Inicio","item":"https:\/\/www.caq.edu.ec\/"},{"@type":"ListItem","position":2,"name":"Bereiche der Unterst\u00fctzung","item":"https:\/\/www.caq.edu.ec\/de\/areas-de-apoyo\/"},{"@type":"ListItem","position":3,"name":"Transport"}]},{"@type":"WebSite","@id":"https:\/\/www.caq.edu.ec\/#website","url":"https:\/\/www.caq.edu.ec\/","name":"Colegio Alem\u00e1n Quito","description":"Una puerta al mundo","potentialAction":[{"@type":"SearchAction","target":{"@type":"EntryPoint","urlTemplate":"https:\/\/www.caq.edu.ec\/?s={search_term_string}"},"query-input":{"@type":"PropertyValueSpecification","valueRequired":true,"valueName":"search_term_string"}}],"inLanguage":"de"}]}},"_links":{"self":[{"href":"https:\/\/www.caq.edu.ec\/de\/wp-json\/wp\/v2\/pages\/57232","targetHints":{"allow":["GET"]}}],"collection":[{"href":"https:\/\/www.caq.edu.ec\/de\/wp-json\/wp\/v2\/pages"}],"about":[{"href":"https:\/\/www.caq.edu.ec\/de\/wp-json\/wp\/v2\/types\/page"}],"author":[{"embeddable":true,"href":"https:\/\/www.caq.edu.ec\/de\/wp-json\/wp\/v2\/users\/6"}],"replies":[{"embeddable":true,"href":"https:\/\/www.caq.edu.ec\/de\/wp-json\/wp\/v2\/comments?post=57232"}],"version-history":[{"count":25,"href":"https:\/\/www.caq.edu.ec\/de\/wp-json\/wp\/v2\/pages\/57232\/revisions"}],"predecessor-version":[{"id":68918,"href":"https:\/\/www.caq.edu.ec\/de\/wp-json\/wp\/v2\/pages\/57232\/revisions\/68918"}],"up":[{"embeddable":true,"href":"https:\/\/www.caq.edu.ec\/de\/wp-json\/wp\/v2\/pages\/57249"}],"wp:attachment":[{"href":"https:\/\/www.caq.edu.ec\/de\/wp-json\/wp\/v2\/media?parent=57232"}],"curies":[{"name":"wp","href":"https:\/\/api.w.org\/{rel}","templated":true}]}}