{"id":57231,"date":"2018-08-29T18:53:55","date_gmt":"2018-08-29T23:53:55","guid":{"rendered":"https:\/\/www.caq.edu.ec\/secciones\/"},"modified":"2023-06-01T16:43:15","modified_gmt":"2023-06-01T21:43:15","slug":"secciones","status":"publish","type":"page","link":"https:\/\/www.caq.edu.ec\/de\/secciones\/","title":{"rendered":"Abteilungen"},"content":{"rendered":"\t\t<div data-elementor-type=\"wp-page\" data-elementor-id=\"57231\" class=\"elementor elementor-57231 elementor-57076\" data-elementor-post-type=\"page\">\n\t\t\t\t<div class=\"elementor-element elementor-element-034e597 e-flex e-con-boxed e-con e-parent\" data-id=\"034e597\" data-element_type=\"container\" data-e-type=\"container\">\n\t\t\t\t\t<div class=\"e-con-inner\">\n\t\t\t\t<div class=\"elementor-element elementor-element-de6c935 elementor-widget elementor-widget-text-editor\" data-id=\"de6c935\" data-element_type=\"widget\" data-e-type=\"widget\" data-widget_type=\"text-editor.default\">\n\t\t\t\t<div class=\"elementor-widget-container\">\n\t\t\t\t\t\t\t\t\t<p>Die Deutsche Schule Quito umfasst den Kindergarten, die Grundschule, die Sekundarstufe I und II (Abschluss nach 12 Jahren) und die Berufsschule.<\/p><p>Sie ist vom Charakter her eine Begegnungsschule mit ca. 1600 Sch\u00fcler und Sch\u00fclerinnen aus ca.30 Nationen \u2013 \u00fcberwiegend aus Ecuador. Vom Kindergarten bis zur 9. Klasse gibt es eine deutsche Klasse (DK), von der Klasse 10 bis zur Klasse 12 wird in zwei Parallelklassen auf das deutsche Abitur vorbereitet. Jedes Jahr legen ca. 40 Sch\u00fcler und Sch\u00fclerinnen die deutsche Reifepr\u00fcfung ab.<\/p><p>Zus\u00e4tzlich werden alle deutschen Abschl\u00fcsse angeboten. Alle Sch\u00fcler und Sch\u00fclerinnen der Schule legen zudem das ecuadorianische Bachillerato ab.<\/p><p>Die Schule ist bis zur Sekundarstufe II durchgehend f\u00fcnfz\u00fcgig. Dem Unterricht in der Deutschen Schule liegen die Rahmpl\u00e4ne Baden-W\u00fcrttembergs zu Grunde.<\/p>\t\t\t\t\t\t\t\t<\/div>\n\t\t\t\t<\/div>\n\t\t<div class=\"elementor-element elementor-element-edd4ca6 e-flex e-con-boxed e-con e-child\" data-id=\"edd4ca6\" data-element_type=\"container\" data-e-type=\"container\">\n\t\t\t\t\t<div class=\"e-con-inner\">\n\t\t<div class=\"elementor-element elementor-element-7122f88 e-con-full e-flex e-con e-child\" data-id=\"7122f88\" data-element_type=\"container\" data-e-type=\"container\" data-settings=\"{&quot;background_background&quot;:&quot;classic&quot;}\">\n\t\t\t\t<div class=\"elementor-element elementor-element-7d3cd5c elementor-widget elementor-widget-image\" data-id=\"7d3cd5c\" data-element_type=\"widget\" data-e-type=\"widget\" data-widget_type=\"image.default\">\n\t\t\t\t<div class=\"elementor-widget-container\">\n\t\t\t\t\t\t\t\t\t\t\t\t\t\t\t<img fetchpriority=\"high\" decoding=\"async\" width=\"500\" height=\"333\" src=\"https:\/\/www.caq.edu.ec\/wp-content\/uploads\/2023\/06\/Seccion-kinder-opt.jpg\" class=\"attachment-full size-full wp-image-61704\" alt=\"\" srcset=\"https:\/\/www.caq.edu.ec\/wp-content\/uploads\/2023\/06\/Seccion-kinder-opt.jpg 500w, https:\/\/www.caq.edu.ec\/wp-content\/uploads\/2023\/06\/Seccion-kinder-opt-300x200.jpg 300w\" sizes=\"(max-width: 500px) 100vw, 500px\" \/>\t\t\t\t\t\t\t\t\t\t\t\t\t\t\t<\/div>\n\t\t\t\t<\/div>\n\t\t<div class=\"elementor-element elementor-element-a97ef54 e-con-full e-flex e-con e-child\" data-id=\"a97ef54\" data-element_type=\"container\" data-e-type=\"container\" data-settings=\"{&quot;background_background&quot;:&quot;classic&quot;}\">\n\t\t\t\t<div class=\"elementor-element elementor-element-2a3b83f elementor-widget elementor-widget-heading\" data-id=\"2a3b83f\" data-element_type=\"widget\" data-e-type=\"widget\" data-widget_type=\"heading.default\">\n\t\t\t\t<div class=\"elementor-widget-container\">\n\t\t\t\t\t<h2 class=\"elementor-heading-title elementor-size-default\">Kindergarten<\/h2>\t\t\t\t<\/div>\n\t\t\t\t<\/div>\n\t\t\t\t<div class=\"elementor-element elementor-element-4602d78 elementor-widget elementor-widget-text-editor\" data-id=\"4602d78\" data-element_type=\"widget\" data-e-type=\"widget\" data-widget_type=\"text-editor.default\">\n\t\t\t\t<div class=\"elementor-widget-container\">\n\t\t\t\t\t\t\t\t\t<p>Im Mittelpunkt der p\u00e4dagogischen Arbeit des Kindergartens der Deutschen Schule Quito stehen die individuellen Gestaltungsprozesse jedes Kindes sowie das soziale Lernen und der Respekt vor der Vielfalt.<\/p>\t\t\t\t\t\t\t\t<\/div>\n\t\t\t\t<\/div>\n\t\t\t\t<div class=\"elementor-element elementor-element-b5b68fb elementor-align-justify elementor-widget elementor-widget-button\" data-id=\"b5b68fb\" data-element_type=\"widget\" data-e-type=\"widget\" data-widget_type=\"button.default\">\n\t\t\t\t<div class=\"elementor-widget-container\">\n\t\t\t\t\t\t\t\t\t<div class=\"elementor-button-wrapper\">\n\t\t\t\t\t<a class=\"elementor-button elementor-button-link elementor-size-sm\" href=\"\/de\/kindergarten\/\">\n\t\t\t\t\t\t<span class=\"elementor-button-content-wrapper\">\n\t\t\t\t\t\t<span class=\"elementor-button-icon\">\n\t\t\t\t<i aria-hidden=\"true\" class=\"fas fa-long-arrow-alt-right\"><\/i>\t\t\t<\/span>\n\t\t\t\t\t\t\t\t\t<span class=\"elementor-button-text\">Mehr Lesen<\/span>\n\t\t\t\t\t<\/span>\n\t\t\t\t\t<\/a>\n\t\t\t\t<\/div>\n\t\t\t\t\t\t\t\t<\/div>\n\t\t\t\t<\/div>\n\t\t\t\t<\/div>\n\t\t\t\t<\/div>\n\t\t<div class=\"elementor-element elementor-element-9c25ced e-con-full e-flex e-con e-child\" data-id=\"9c25ced\" data-element_type=\"container\" data-e-type=\"container\" data-settings=\"{&quot;background_background&quot;:&quot;classic&quot;}\">\n\t\t\t\t<div class=\"elementor-element elementor-element-3a160e2 elementor-widget elementor-widget-image\" data-id=\"3a160e2\" data-element_type=\"widget\" data-e-type=\"widget\" data-widget_type=\"image.default\">\n\t\t\t\t<div class=\"elementor-widget-container\">\n\t\t\t\t\t\t\t\t\t\t\t\t\t\t\t<img decoding=\"async\" width=\"500\" height=\"333\" src=\"https:\/\/www.caq.edu.ec\/wp-content\/uploads\/2023\/04\/CAQ-secciones-primaria.jpg\" class=\"attachment-full size-full wp-image-59686\" alt=\"\" srcset=\"https:\/\/www.caq.edu.ec\/wp-content\/uploads\/2023\/04\/CAQ-secciones-primaria.jpg 500w, https:\/\/www.caq.edu.ec\/wp-content\/uploads\/2023\/04\/CAQ-secciones-primaria-300x200.jpg 300w\" sizes=\"(max-width: 500px) 100vw, 500px\" \/>\t\t\t\t\t\t\t\t\t\t\t\t\t\t\t<\/div>\n\t\t\t\t<\/div>\n\t\t<div class=\"elementor-element elementor-element-057fdd4 e-con-full e-flex e-con e-child\" data-id=\"057fdd4\" data-element_type=\"container\" data-e-type=\"container\" data-settings=\"{&quot;background_background&quot;:&quot;classic&quot;}\">\n\t\t\t\t<div class=\"elementor-element elementor-element-8257177 elementor-widget elementor-widget-heading\" data-id=\"8257177\" data-element_type=\"widget\" data-e-type=\"widget\" data-widget_type=\"heading.default\">\n\t\t\t\t<div class=\"elementor-widget-container\">\n\t\t\t\t\t<h2 class=\"elementor-heading-title elementor-size-default\">Grundschule<\/h2>\t\t\t\t<\/div>\n\t\t\t\t<\/div>\n\t\t\t\t<div class=\"elementor-element elementor-element-b1c5dc6 elementor-widget elementor-widget-text-editor\" data-id=\"b1c5dc6\" data-element_type=\"widget\" data-e-type=\"widget\" data-widget_type=\"text-editor.default\">\n\t\t\t\t<div class=\"elementor-widget-container\">\n\t\t\t\t\t\t\t\t\t<p>Die Grundschule der Deutschen Schule Quito f\u00fchrt die im Kindergarten begonnene Erziehungs- und Bildungsarbeit fort. In den ersten beiden Jahrg\u00e4ngen lernen die Kinder dabei in ihrer jeweiligen Muttersprache die grundlegenden Kulturtechniken des Lesens, Schreibens und Rechnens.<\/p>\t\t\t\t\t\t\t\t<\/div>\n\t\t\t\t<\/div>\n\t\t\t\t<div class=\"elementor-element elementor-element-fe2edb9 elementor-align-justify elementor-widget elementor-widget-button\" data-id=\"fe2edb9\" data-element_type=\"widget\" data-e-type=\"widget\" data-widget_type=\"button.default\">\n\t\t\t\t<div class=\"elementor-widget-container\">\n\t\t\t\t\t\t\t\t\t<div class=\"elementor-button-wrapper\">\n\t\t\t\t\t<a class=\"elementor-button elementor-button-link elementor-size-sm\" href=\"\/de\/primaria\/\">\n\t\t\t\t\t\t<span class=\"elementor-button-content-wrapper\">\n\t\t\t\t\t\t<span class=\"elementor-button-icon\">\n\t\t\t\t<i aria-hidden=\"true\" class=\"fas fa-long-arrow-alt-right\"><\/i>\t\t\t<\/span>\n\t\t\t\t\t\t\t\t\t<span class=\"elementor-button-text\">Mehr Lesen<\/span>\n\t\t\t\t\t<\/span>\n\t\t\t\t\t<\/a>\n\t\t\t\t<\/div>\n\t\t\t\t\t\t\t\t<\/div>\n\t\t\t\t<\/div>\n\t\t\t\t<\/div>\n\t\t\t\t<\/div>\n\t\t<div class=\"elementor-element elementor-element-3936e8e e-con-full e-flex e-con e-child\" data-id=\"3936e8e\" data-element_type=\"container\" data-e-type=\"container\" data-settings=\"{&quot;background_background&quot;:&quot;classic&quot;}\">\n\t\t\t\t<div class=\"elementor-element elementor-element-7b3a717 elementor-widget elementor-widget-image\" data-id=\"7b3a717\" data-element_type=\"widget\" data-e-type=\"widget\" data-widget_type=\"image.default\">\n\t\t\t\t<div class=\"elementor-widget-container\">\n\t\t\t\t\t\t\t\t\t\t\t\t\t\t\t<img decoding=\"async\" width=\"500\" height=\"333\" src=\"https:\/\/www.caq.edu.ec\/wp-content\/uploads\/2023\/04\/CAQ-secciones-secundaria.jpg\" class=\"attachment-full size-full wp-image-59688\" alt=\"\" srcset=\"https:\/\/www.caq.edu.ec\/wp-content\/uploads\/2023\/04\/CAQ-secciones-secundaria.jpg 500w, https:\/\/www.caq.edu.ec\/wp-content\/uploads\/2023\/04\/CAQ-secciones-secundaria-300x200.jpg 300w\" sizes=\"(max-width: 500px) 100vw, 500px\" \/>\t\t\t\t\t\t\t\t\t\t\t\t\t\t\t<\/div>\n\t\t\t\t<\/div>\n\t\t<div class=\"elementor-element elementor-element-106f3ca e-con-full e-flex e-con e-child\" data-id=\"106f3ca\" data-element_type=\"container\" data-e-type=\"container\" data-settings=\"{&quot;background_background&quot;:&quot;classic&quot;}\">\n\t\t\t\t<div class=\"elementor-element elementor-element-0e38e6c elementor-widget elementor-widget-heading\" data-id=\"0e38e6c\" data-element_type=\"widget\" data-e-type=\"widget\" data-widget_type=\"heading.default\">\n\t\t\t\t<div class=\"elementor-widget-container\">\n\t\t\t\t\t<h2 class=\"elementor-heading-title elementor-size-default\">Sekundarstufe<\/h2>\t\t\t\t<\/div>\n\t\t\t\t<\/div>\n\t\t\t\t<div class=\"elementor-element elementor-element-5679029 elementor-widget elementor-widget-text-editor\" data-id=\"5679029\" data-element_type=\"widget\" data-e-type=\"widget\" data-widget_type=\"text-editor.default\">\n\t\t\t\t<div class=\"elementor-widget-container\">\n\t\t\t\t\t\t\t\t\t<p>Die Sekundaria der Deutschen Schule baut auf den sechs Jahren der Primaria auf. Alle deutschen und nationalen Klassen werden nach demselben gymnasialen Lehrplan des deutschen Bundeslandes Baden-W\u00fcrttemberg unterrichtet.<\/p>\t\t\t\t\t\t\t\t<\/div>\n\t\t\t\t<\/div>\n\t\t\t\t<div class=\"elementor-element elementor-element-0e4bbaa elementor-align-justify elementor-widget elementor-widget-button\" data-id=\"0e4bbaa\" data-element_type=\"widget\" data-e-type=\"widget\" data-widget_type=\"button.default\">\n\t\t\t\t<div class=\"elementor-widget-container\">\n\t\t\t\t\t\t\t\t\t<div class=\"elementor-button-wrapper\">\n\t\t\t\t\t<a class=\"elementor-button elementor-button-link elementor-size-sm\" href=\"\/de\/secundaria\/\">\n\t\t\t\t\t\t<span class=\"elementor-button-content-wrapper\">\n\t\t\t\t\t\t<span class=\"elementor-button-icon\">\n\t\t\t\t<i aria-hidden=\"true\" class=\"fas fa-long-arrow-alt-right\"><\/i>\t\t\t<\/span>\n\t\t\t\t\t\t\t\t\t<span class=\"elementor-button-text\">Mehr Lesen<\/span>\n\t\t\t\t\t<\/span>\n\t\t\t\t\t<\/a>\n\t\t\t\t<\/div>\n\t\t\t\t\t\t\t\t<\/div>\n\t\t\t\t<\/div>\n\t\t\t\t<\/div>\n\t\t\t\t<\/div>\n\t\t\t\t\t<\/div>\n\t\t\t\t<\/div>\n\t\t\t\t\t<\/div>\n\t\t\t\t<\/div>\n\t\t\t\t<\/div>\n\t\t","protected":false},"excerpt":{"rendered":"<p>Die Deutsche Schule Quito umfasst den Kindergarten, die Grundschule, die Sekundarstufe I und II (Abschluss nach 12 Jahren) und die Berufsschule. Sie ist vom Charakter her eine Begegnungsschule mit ca. 1600 Sch\u00fcler und Sch\u00fclerinnen aus ca.30 Nationen \u2013 \u00fcberwiegend aus Ecuador. Vom Kindergarten bis zur 9. Klasse gibt es eine deutsche Klasse (DK), von der [&hellip;]<\/p>\n","protected":false},"author":6,"featured_media":0,"parent":0,"menu_order":0,"comment_status":"closed","ping_status":"closed","template":"","meta":{"footnotes":""},"class_list":["post-57231","page","type-page","status-publish","hentry"],"yoast_head":"<!-- This site is optimized with the Yoast SEO plugin v27.4 - https:\/\/yoast.com\/product\/yoast-seo-wordpress\/ -->\n<title>Abteilungen - Colegio Alem\u00e1n Quito<\/title>\n<meta name=\"robots\" content=\"index, follow, max-snippet:-1, max-image-preview:large, max-video-preview:-1\" \/>\n<link rel=\"canonical\" href=\"https:\/\/www.caq.edu.ec\/secciones\/\" \/>\n<meta property=\"og:locale\" content=\"de_DE\" \/>\n<meta property=\"og:type\" content=\"article\" \/>\n<meta property=\"og:title\" content=\"Abteilungen - Colegio Alem\u00e1n Quito\" \/>\n<meta property=\"og:description\" content=\"Die Deutsche Schule Quito umfasst den Kindergarten, die Grundschule, die Sekundarstufe I und II (Abschluss nach 12 Jahren) und die Berufsschule. Sie ist vom Charakter her eine Begegnungsschule mit ca. 1600 Sch\u00fcler und Sch\u00fclerinnen aus ca.30 Nationen \u2013 \u00fcberwiegend aus Ecuador. Vom Kindergarten bis zur 9. Klasse gibt es eine deutsche Klasse (DK), von der [&hellip;]\" \/>\n<meta property=\"og:url\" content=\"https:\/\/www.caq.edu.ec\/secciones\/\" \/>\n<meta property=\"og:site_name\" content=\"Colegio Alem\u00e1n Quito\" \/>\n<meta property=\"article:modified_time\" content=\"2023-06-01T21:43:15+00:00\" \/>\n<meta property=\"og:image\" content=\"https:\/\/www.caq.edu.ec\/wp-content\/uploads\/2023\/06\/Seccion-kinder-opt.jpg\" \/>\n<meta name=\"twitter:card\" content=\"summary_large_image\" \/>\n<meta name=\"twitter:label1\" content=\"Gesch\u00e4tzte Lesezeit\" \/>\n\t<meta name=\"twitter:data1\" content=\"2\u00a0Minuten\" \/>\n<script type=\"application\/ld+json\" class=\"yoast-schema-graph\">{\"@context\":\"https:\\\/\\\/schema.org\",\"@graph\":[{\"@type\":\"WebPage\",\"@id\":\"https:\\\/\\\/www.caq.edu.ec\\\/secciones\\\/\",\"url\":\"https:\\\/\\\/www.caq.edu.ec\\\/secciones\\\/\",\"name\":\"Abteilungen - Colegio Alem\u00e1n Quito\",\"isPartOf\":{\"@id\":\"https:\\\/\\\/www.caq.edu.ec\\\/#website\"},\"primaryImageOfPage\":{\"@id\":\"https:\\\/\\\/www.caq.edu.ec\\\/secciones\\\/#primaryimage\"},\"image\":{\"@id\":\"https:\\\/\\\/www.caq.edu.ec\\\/secciones\\\/#primaryimage\"},\"thumbnailUrl\":\"https:\\\/\\\/www.caq.edu.ec\\\/wp-content\\\/uploads\\\/2023\\\/06\\\/Seccion-kinder-opt.jpg\",\"datePublished\":\"2018-08-29T23:53:55+00:00\",\"dateModified\":\"2023-06-01T21:43:15+00:00\",\"breadcrumb\":{\"@id\":\"https:\\\/\\\/www.caq.edu.ec\\\/secciones\\\/#breadcrumb\"},\"inLanguage\":\"de\",\"potentialAction\":[{\"@type\":\"ReadAction\",\"target\":[\"https:\\\/\\\/www.caq.edu.ec\\\/secciones\\\/\"]}]},{\"@type\":\"ImageObject\",\"inLanguage\":\"de\",\"@id\":\"https:\\\/\\\/www.caq.edu.ec\\\/secciones\\\/#primaryimage\",\"url\":\"https:\\\/\\\/www.caq.edu.ec\\\/wp-content\\\/uploads\\\/2023\\\/06\\\/Seccion-kinder-opt.jpg\",\"contentUrl\":\"https:\\\/\\\/www.caq.edu.ec\\\/wp-content\\\/uploads\\\/2023\\\/06\\\/Seccion-kinder-opt.jpg\"},{\"@type\":\"BreadcrumbList\",\"@id\":\"https:\\\/\\\/www.caq.edu.ec\\\/secciones\\\/#breadcrumb\",\"itemListElement\":[{\"@type\":\"ListItem\",\"position\":1,\"name\":\"Inicio\",\"item\":\"https:\\\/\\\/www.caq.edu.ec\\\/\"},{\"@type\":\"ListItem\",\"position\":2,\"name\":\"Abteilungen\"}]},{\"@type\":\"WebSite\",\"@id\":\"https:\\\/\\\/www.caq.edu.ec\\\/#website\",\"url\":\"https:\\\/\\\/www.caq.edu.ec\\\/\",\"name\":\"Colegio Alem\u00e1n Quito\",\"description\":\"Una puerta al mundo\",\"potentialAction\":[{\"@type\":\"SearchAction\",\"target\":{\"@type\":\"EntryPoint\",\"urlTemplate\":\"https:\\\/\\\/www.caq.edu.ec\\\/?s={search_term_string}\"},\"query-input\":{\"@type\":\"PropertyValueSpecification\",\"valueRequired\":true,\"valueName\":\"search_term_string\"}}],\"inLanguage\":\"de\"}]}<\/script>\n<!-- \/ Yoast SEO plugin. -->","yoast_head_json":{"title":"Abteilungen - Colegio Alem\u00e1n Quito","robots":{"index":"index","follow":"follow","max-snippet":"max-snippet:-1","max-image-preview":"max-image-preview:large","max-video-preview":"max-video-preview:-1"},"canonical":"https:\/\/www.caq.edu.ec\/secciones\/","og_locale":"de_DE","og_type":"article","og_title":"Abteilungen - Colegio Alem\u00e1n Quito","og_description":"Die Deutsche Schule Quito umfasst den Kindergarten, die Grundschule, die Sekundarstufe I und II (Abschluss nach 12 Jahren) und die Berufsschule. Sie ist vom Charakter her eine Begegnungsschule mit ca. 1600 Sch\u00fcler und Sch\u00fclerinnen aus ca.30 Nationen \u2013 \u00fcberwiegend aus Ecuador. Vom Kindergarten bis zur 9. Klasse gibt es eine deutsche Klasse (DK), von der [&hellip;]","og_url":"https:\/\/www.caq.edu.ec\/secciones\/","og_site_name":"Colegio Alem\u00e1n Quito","article_modified_time":"2023-06-01T21:43:15+00:00","og_image":[{"url":"https:\/\/www.caq.edu.ec\/wp-content\/uploads\/2023\/06\/Seccion-kinder-opt.jpg","type":"","width":"","height":""}],"twitter_card":"summary_large_image","twitter_misc":{"Gesch\u00e4tzte Lesezeit":"2\u00a0Minuten"},"schema":{"@context":"https:\/\/schema.org","@graph":[{"@type":"WebPage","@id":"https:\/\/www.caq.edu.ec\/secciones\/","url":"https:\/\/www.caq.edu.ec\/secciones\/","name":"Abteilungen - Colegio Alem\u00e1n Quito","isPartOf":{"@id":"https:\/\/www.caq.edu.ec\/#website"},"primaryImageOfPage":{"@id":"https:\/\/www.caq.edu.ec\/secciones\/#primaryimage"},"image":{"@id":"https:\/\/www.caq.edu.ec\/secciones\/#primaryimage"},"thumbnailUrl":"https:\/\/www.caq.edu.ec\/wp-content\/uploads\/2023\/06\/Seccion-kinder-opt.jpg","datePublished":"2018-08-29T23:53:55+00:00","dateModified":"2023-06-01T21:43:15+00:00","breadcrumb":{"@id":"https:\/\/www.caq.edu.ec\/secciones\/#breadcrumb"},"inLanguage":"de","potentialAction":[{"@type":"ReadAction","target":["https:\/\/www.caq.edu.ec\/secciones\/"]}]},{"@type":"ImageObject","inLanguage":"de","@id":"https:\/\/www.caq.edu.ec\/secciones\/#primaryimage","url":"https:\/\/www.caq.edu.ec\/wp-content\/uploads\/2023\/06\/Seccion-kinder-opt.jpg","contentUrl":"https:\/\/www.caq.edu.ec\/wp-content\/uploads\/2023\/06\/Seccion-kinder-opt.jpg"},{"@type":"BreadcrumbList","@id":"https:\/\/www.caq.edu.ec\/secciones\/#breadcrumb","itemListElement":[{"@type":"ListItem","position":1,"name":"Inicio","item":"https:\/\/www.caq.edu.ec\/"},{"@type":"ListItem","position":2,"name":"Abteilungen"}]},{"@type":"WebSite","@id":"https:\/\/www.caq.edu.ec\/#website","url":"https:\/\/www.caq.edu.ec\/","name":"Colegio Alem\u00e1n Quito","description":"Una puerta al mundo","potentialAction":[{"@type":"SearchAction","target":{"@type":"EntryPoint","urlTemplate":"https:\/\/www.caq.edu.ec\/?s={search_term_string}"},"query-input":{"@type":"PropertyValueSpecification","valueRequired":true,"valueName":"search_term_string"}}],"inLanguage":"de"}]}},"_links":{"self":[{"href":"https:\/\/www.caq.edu.ec\/de\/wp-json\/wp\/v2\/pages\/57231","targetHints":{"allow":["GET"]}}],"collection":[{"href":"https:\/\/www.caq.edu.ec\/de\/wp-json\/wp\/v2\/pages"}],"about":[{"href":"https:\/\/www.caq.edu.ec\/de\/wp-json\/wp\/v2\/types\/page"}],"author":[{"embeddable":true,"href":"https:\/\/www.caq.edu.ec\/de\/wp-json\/wp\/v2\/users\/6"}],"replies":[{"embeddable":true,"href":"https:\/\/www.caq.edu.ec\/de\/wp-json\/wp\/v2\/comments?post=57231"}],"version-history":[{"count":3,"href":"https:\/\/www.caq.edu.ec\/de\/wp-json\/wp\/v2\/pages\/57231\/revisions"}],"predecessor-version":[{"id":61719,"href":"https:\/\/www.caq.edu.ec\/de\/wp-json\/wp\/v2\/pages\/57231\/revisions\/61719"}],"wp:attachment":[{"href":"https:\/\/www.caq.edu.ec\/de\/wp-json\/wp\/v2\/media?parent=57231"}],"curies":[{"name":"wp","href":"https:\/\/api.w.org\/{rel}","templated":true}]}}