{"id":57221,"date":"2012-03-30T16:37:32","date_gmt":"2012-03-30T21:37:32","guid":{"rendered":"https:\/\/www.caq.edu.ec\/etica-filosofia\/"},"modified":"2025-11-28T11:58:19","modified_gmt":"2025-11-28T16:58:19","slug":"etica-filosofia","status":"publish","type":"page","link":"https:\/\/www.caq.edu.ec\/de\/areas\/etica-filosofia\/","title":{"rendered":"Ethik"},"content":{"rendered":"\t\t<div data-elementor-type=\"wp-page\" data-elementor-id=\"57221\" class=\"elementor elementor-57221 elementor-57062\" data-elementor-post-type=\"page\">\n\t\t\t\t<div class=\"elementor-element elementor-element-9436c26 e-flex e-con-boxed e-con e-parent\" data-id=\"9436c26\" data-element_type=\"container\" data-e-type=\"container\">\n\t\t\t\t\t<div class=\"e-con-inner\">\n\t\t\t\t<div class=\"elementor-element elementor-element-1d620d13 elementor-widget elementor-widget-text-editor\" data-id=\"1d620d13\" data-element_type=\"widget\" data-e-type=\"widget\" data-widget_type=\"text-editor.default\">\n\t\t\t\t<div class=\"elementor-widget-container\">\n\t\t\t\t\t\t\t\t\t<h2>Pr\u00e4sentation<\/h2><p>Gro\u00dfe nat\u00fcrliche, soziale, politische und psychologische Ver\u00e4nderungen erfordern, dass der zeitgen\u00f6ssische Mensch F\u00e4higkeiten und Fertigkeiten entwickelt, um sich in einer so schwindelerregenden und vielf\u00e4ltigen Welt ausgewogen, offen und tolerant zu entwickeln. Es ist unerl\u00e4sslich, ethische F\u00e4higkeiten des Zusammenlebens zu entwickeln, um die sozialen Bindungen zu st\u00e4rken und die innere Harmonie des Einzelnen zu suchen.<\/p><p>In diesem Zusammenhang versucht der Bereich Ethik des Colegio Alem\u00e1n, den Sch\u00fclern F\u00e4higkeiten wie kritisches Denken, moralisches Denken sowie Kommunikations- und Argumentationsf\u00e4higkeiten auf der Grundlage einer praktischen Philosophie zu vermitteln.<\/p><p>Die ethische Ausbildung von der Klasse 7 bis 9 hat das Ziel, dass die Sch\u00fcler durch Reflexion \u00fcber philosophisch-moralische Themen die F\u00e4higkeit entwickeln, f\u00fcr sich selbst zu denken und bewusste Entscheidungen zu treffen. Kritische Positionen einnehmen, die auf verschiedenen Konzepten angesichts moralischer Probleme beruhen. Nehmen Sie aktiv an Debatten teil, in denen ethische Positionen auf artikulierte und respektvolle Weise verteidigt werden.<\/p><p>Das Abitur (Klassen 11 bis 12) zielt seinerseits darauf ab, unabh\u00e4ngige Sch\u00fcler auszubilden, die in der Lage sind, verantwortungsbewusst und im Bewusstsein der Folgen ihres Handelns zu handeln. Sowie kritische und akademisch kompetente Qualit\u00e4ten zu entwickeln, die sich f\u00fcr die Herausforderungen der heutigen Welt einsetzen, zus\u00e4tzlich zu Toleranz und Solidarit\u00e4t mit den Prinzipien eines t\u00e4glichen interkulturellen Zusammenlebens.<\/p><h3>Mitglieder der Fachschaft:<\/h3><ul><li>Elizabeth Carrera<\/li><li>Galo Cevallos<\/li><li>Jana Rau-Dreher<\/li><li>Hugo Garz\u00f3n<\/li><li>Alexander Maser<\/li><li>Holger Kellmeyer<\/li><\/ul><h4>\u00a0<\/h4><h4>Fachleitung<\/h4><p>Holger Kellmeyer (<a href=\"mailto:holger.kellmeyer@caq.edu.ec\" target=\"_blank\" rel=\"noreferrer noopener\">holger.kellmeyer@caq.edu.ec<\/a>)<\/p>\t\t\t\t\t\t\t\t<\/div>\n\t\t\t\t<\/div>\n\t\t\t\t\t<\/div>\n\t\t\t\t<\/div>\n\t\t\t\t<\/div>\n\t\t","protected":false},"excerpt":{"rendered":"<p>Pr\u00e4sentation Gro\u00dfe nat\u00fcrliche, soziale, politische und psychologische Ver\u00e4nderungen erfordern, dass der zeitgen\u00f6ssische Mensch F\u00e4higkeiten und Fertigkeiten entwickelt, um sich in einer so schwindelerregenden und vielf\u00e4ltigen Welt ausgewogen, offen und tolerant zu entwickeln. Es ist unerl\u00e4sslich, ethische F\u00e4higkeiten des Zusammenlebens zu entwickeln, um die sozialen Bindungen zu st\u00e4rken und die innere Harmonie des Einzelnen zu suchen. [&hellip;]<\/p>\n","protected":false},"author":6,"featured_media":0,"parent":57234,"menu_order":0,"comment_status":"closed","ping_status":"closed","template":"","meta":{"footnotes":""},"class_list":["post-57221","page","type-page","status-publish","hentry"],"yoast_head":"<!-- This site is optimized with the Yoast SEO plugin v27.3 - https:\/\/yoast.com\/product\/yoast-seo-wordpress\/ -->\n<title>Ethik - Colegio Alem\u00e1n Quito<\/title>\n<meta name=\"robots\" content=\"index, follow, max-snippet:-1, max-image-preview:large, max-video-preview:-1\" \/>\n<link rel=\"canonical\" href=\"https:\/\/www.caq.edu.ec\/de\/areas\/etica-filosofia\/\" \/>\n<meta property=\"og:locale\" content=\"de_DE\" \/>\n<meta property=\"og:type\" content=\"article\" \/>\n<meta property=\"og:title\" content=\"Ethik - Colegio Alem\u00e1n Quito\" \/>\n<meta property=\"og:description\" content=\"Pr\u00e4sentation Gro\u00dfe nat\u00fcrliche, soziale, politische und psychologische Ver\u00e4nderungen erfordern, dass der zeitgen\u00f6ssische Mensch F\u00e4higkeiten und Fertigkeiten entwickelt, um sich in einer so schwindelerregenden und vielf\u00e4ltigen Welt ausgewogen, offen und tolerant zu entwickeln. Es ist unerl\u00e4sslich, ethische F\u00e4higkeiten des Zusammenlebens zu entwickeln, um die sozialen Bindungen zu st\u00e4rken und die innere Harmonie des Einzelnen zu suchen. [&hellip;]\" \/>\n<meta property=\"og:url\" content=\"https:\/\/www.caq.edu.ec\/de\/areas\/etica-filosofia\/\" \/>\n<meta property=\"og:site_name\" content=\"Colegio Alem\u00e1n Quito\" \/>\n<meta property=\"article:modified_time\" content=\"2025-11-28T16:58:19+00:00\" \/>\n<meta name=\"twitter:card\" content=\"summary_large_image\" \/>\n<meta name=\"twitter:label1\" content=\"Gesch\u00e4tzte Lesezeit\" \/>\n\t<meta name=\"twitter:data1\" content=\"2\u00a0Minuten\" \/>\n<script type=\"application\/ld+json\" class=\"yoast-schema-graph\">{\"@context\":\"https:\\\/\\\/schema.org\",\"@graph\":[{\"@type\":\"WebPage\",\"@id\":\"https:\\\/\\\/www.caq.edu.ec\\\/de\\\/areas\\\/etica-filosofia\\\/\",\"url\":\"https:\\\/\\\/www.caq.edu.ec\\\/de\\\/areas\\\/etica-filosofia\\\/\",\"name\":\"Ethik - Colegio Alem\u00e1n Quito\",\"isPartOf\":{\"@id\":\"https:\\\/\\\/www.caq.edu.ec\\\/#website\"},\"datePublished\":\"2012-03-30T21:37:32+00:00\",\"dateModified\":\"2025-11-28T16:58:19+00:00\",\"breadcrumb\":{\"@id\":\"https:\\\/\\\/www.caq.edu.ec\\\/de\\\/areas\\\/etica-filosofia\\\/#breadcrumb\"},\"inLanguage\":\"de\",\"potentialAction\":[{\"@type\":\"ReadAction\",\"target\":[\"https:\\\/\\\/www.caq.edu.ec\\\/de\\\/areas\\\/etica-filosofia\\\/\"]}]},{\"@type\":\"BreadcrumbList\",\"@id\":\"https:\\\/\\\/www.caq.edu.ec\\\/de\\\/areas\\\/etica-filosofia\\\/#breadcrumb\",\"itemListElement\":[{\"@type\":\"ListItem\",\"position\":1,\"name\":\"Inicio\",\"item\":\"https:\\\/\\\/www.caq.edu.ec\\\/\"},{\"@type\":\"ListItem\",\"position\":2,\"name\":\"Fachschaften\",\"item\":\"https:\\\/\\\/www.caq.edu.ec\\\/de\\\/areas\\\/\"},{\"@type\":\"ListItem\",\"position\":3,\"name\":\"Ethik\"}]},{\"@type\":\"WebSite\",\"@id\":\"https:\\\/\\\/www.caq.edu.ec\\\/#website\",\"url\":\"https:\\\/\\\/www.caq.edu.ec\\\/\",\"name\":\"Colegio Alem\u00e1n Quito\",\"description\":\"Una puerta al mundo\",\"potentialAction\":[{\"@type\":\"SearchAction\",\"target\":{\"@type\":\"EntryPoint\",\"urlTemplate\":\"https:\\\/\\\/www.caq.edu.ec\\\/?s={search_term_string}\"},\"query-input\":{\"@type\":\"PropertyValueSpecification\",\"valueRequired\":true,\"valueName\":\"search_term_string\"}}],\"inLanguage\":\"de\"}]}<\/script>\n<!-- \/ Yoast SEO plugin. -->","yoast_head_json":{"title":"Ethik - Colegio Alem\u00e1n Quito","robots":{"index":"index","follow":"follow","max-snippet":"max-snippet:-1","max-image-preview":"max-image-preview:large","max-video-preview":"max-video-preview:-1"},"canonical":"https:\/\/www.caq.edu.ec\/de\/areas\/etica-filosofia\/","og_locale":"de_DE","og_type":"article","og_title":"Ethik - Colegio Alem\u00e1n Quito","og_description":"Pr\u00e4sentation Gro\u00dfe nat\u00fcrliche, soziale, politische und psychologische Ver\u00e4nderungen erfordern, dass der zeitgen\u00f6ssische Mensch F\u00e4higkeiten und Fertigkeiten entwickelt, um sich in einer so schwindelerregenden und vielf\u00e4ltigen Welt ausgewogen, offen und tolerant zu entwickeln. Es ist unerl\u00e4sslich, ethische F\u00e4higkeiten des Zusammenlebens zu entwickeln, um die sozialen Bindungen zu st\u00e4rken und die innere Harmonie des Einzelnen zu suchen. [&hellip;]","og_url":"https:\/\/www.caq.edu.ec\/de\/areas\/etica-filosofia\/","og_site_name":"Colegio Alem\u00e1n Quito","article_modified_time":"2025-11-28T16:58:19+00:00","twitter_card":"summary_large_image","twitter_misc":{"Gesch\u00e4tzte Lesezeit":"2\u00a0Minuten"},"schema":{"@context":"https:\/\/schema.org","@graph":[{"@type":"WebPage","@id":"https:\/\/www.caq.edu.ec\/de\/areas\/etica-filosofia\/","url":"https:\/\/www.caq.edu.ec\/de\/areas\/etica-filosofia\/","name":"Ethik - Colegio Alem\u00e1n Quito","isPartOf":{"@id":"https:\/\/www.caq.edu.ec\/#website"},"datePublished":"2012-03-30T21:37:32+00:00","dateModified":"2025-11-28T16:58:19+00:00","breadcrumb":{"@id":"https:\/\/www.caq.edu.ec\/de\/areas\/etica-filosofia\/#breadcrumb"},"inLanguage":"de","potentialAction":[{"@type":"ReadAction","target":["https:\/\/www.caq.edu.ec\/de\/areas\/etica-filosofia\/"]}]},{"@type":"BreadcrumbList","@id":"https:\/\/www.caq.edu.ec\/de\/areas\/etica-filosofia\/#breadcrumb","itemListElement":[{"@type":"ListItem","position":1,"name":"Inicio","item":"https:\/\/www.caq.edu.ec\/"},{"@type":"ListItem","position":2,"name":"Fachschaften","item":"https:\/\/www.caq.edu.ec\/de\/areas\/"},{"@type":"ListItem","position":3,"name":"Ethik"}]},{"@type":"WebSite","@id":"https:\/\/www.caq.edu.ec\/#website","url":"https:\/\/www.caq.edu.ec\/","name":"Colegio Alem\u00e1n Quito","description":"Una puerta al mundo","potentialAction":[{"@type":"SearchAction","target":{"@type":"EntryPoint","urlTemplate":"https:\/\/www.caq.edu.ec\/?s={search_term_string}"},"query-input":{"@type":"PropertyValueSpecification","valueRequired":true,"valueName":"search_term_string"}}],"inLanguage":"de"}]}},"_links":{"self":[{"href":"https:\/\/www.caq.edu.ec\/de\/wp-json\/wp\/v2\/pages\/57221","targetHints":{"allow":["GET"]}}],"collection":[{"href":"https:\/\/www.caq.edu.ec\/de\/wp-json\/wp\/v2\/pages"}],"about":[{"href":"https:\/\/www.caq.edu.ec\/de\/wp-json\/wp\/v2\/types\/page"}],"author":[{"embeddable":true,"href":"https:\/\/www.caq.edu.ec\/de\/wp-json\/wp\/v2\/users\/6"}],"replies":[{"embeddable":true,"href":"https:\/\/www.caq.edu.ec\/de\/wp-json\/wp\/v2\/comments?post=57221"}],"version-history":[{"count":7,"href":"https:\/\/www.caq.edu.ec\/de\/wp-json\/wp\/v2\/pages\/57221\/revisions"}],"predecessor-version":[{"id":71606,"href":"https:\/\/www.caq.edu.ec\/de\/wp-json\/wp\/v2\/pages\/57221\/revisions\/71606"}],"up":[{"embeddable":true,"href":"https:\/\/www.caq.edu.ec\/de\/wp-json\/wp\/v2\/pages\/57234"}],"wp:attachment":[{"href":"https:\/\/www.caq.edu.ec\/de\/wp-json\/wp\/v2\/media?parent=57221"}],"curies":[{"name":"wp","href":"https:\/\/api.w.org\/{rel}","templated":true}]}}