{"id":57220,"date":"2012-03-23T17:04:06","date_gmt":"2012-03-23T17:04:06","guid":{"rendered":"https:\/\/www.caq.edu.ec\/apeca\/"},"modified":"2023-04-12T22:30:18","modified_gmt":"2023-04-12T22:30:18","slug":"apeca","status":"publish","type":"page","link":"https:\/\/www.caq.edu.ec\/de\/apeca\/","title":{"rendered":"APECA"},"content":{"rendered":"<h3>Verein der Lehrer und Angestellten der Deutschen Schule Quito<\/h3>\n<p>\u201eDie APECA ist eine privatrechtliche Organisation. Die APECA ist eine gemeinn\u00fctzige Vereinigung. Die Vereinigung tritt f\u00fcr die Wahrnehmung der Rechte und die Aus\u00fcbung der Pflichten seiner Mitglieder ein. Sie organisiert\u00a0 und repr\u00e4sentiert die Mitglieder.<\/p>\n<p>Die Ziele der Vereinigung sind, dem Personal, der Lehrerschaft, der Verwaltung und\u00a0 dem Dienstleistungspersonal in seinen bestimmten Aufgaben st\u00e4ndig zu helfen, sich zu verbessern und zu perfektionieren.<\/p>\n<p>Die APECA f\u00f6rdert die Einheit, die Solidarit\u00e4t, das Vertrauen , den Respekt und die Gemeinschaft seiner Mitglieder. Sie f\u00f6rdert auch die Zusammenarbeit zwischen Lehrerschaft, Elternschaft und Sch\u00fclern.<\/p>\n<p>Um die Ziele zu erreichen, unternimmt die Vereinigung folgendes:<\/p>\n<ul>\n<li>Sie unterst\u00fctzt die Organisation\u00a0 und Aktivit\u00e4ten des Personals der Lehrerschaft, der Verwaltung und des Dienstleistungspersonals der Deutschen Schule Quito.<\/li>\n<li>Falls n\u00f6tig, wird die APECA Vereinbarungen oder Regeln entwickeln, um ihre Ziele zu erreichen.<\/li>\n<li>Die APECA muss Gespr\u00e4che, Konferenzen, Runde Tische, Seminare oder andere Veranstaltungen organisieren, die ihr Handeln in den verschiedenen sozialen Ebenen sichert.<\/li>\n<li>Die APECA realisiert verschiedene Publikationen, um ihre Ziele zu erreichen.<\/li>\n<li>Die APECA organisiert mit Erlaubnis der Autorit\u00e4ten der Schule und innerhalb der ecuadorianischen Gesetze Aktivit\u00e4ten sozialen, kulturellen oder sportlichen Charakters.\u201c<\/li>\n<\/ul>\n<p>Auszug aus den Statuten der APECA, Kapitel 1, Artikel 1 und 2, (Bildung und Ziele)<\/p>\n<h3>Mitglieder der APECA 2017-2018<\/h3>\n<h2><\/h2>\n<h2><img fetchpriority=\"high\" decoding=\"async\" class=\"alignnone wp-image-58717 size-full\" src=\"https:\/\/www.caq.edu.ec\/wp-content\/uploads\/2023\/03\/Foto-APECA-copia.jpg\" alt=\"\" width=\"987\" height=\"620\" srcset=\"https:\/\/www.caq.edu.ec\/wp-content\/uploads\/2023\/03\/Foto-APECA-copia.jpg 987w, https:\/\/www.caq.edu.ec\/wp-content\/uploads\/2023\/03\/Foto-APECA-copia-300x188.jpg 300w, https:\/\/www.caq.edu.ec\/wp-content\/uploads\/2023\/03\/Foto-APECA-copia-768x482.jpg 768w\" sizes=\"(max-width: 987px) 100vw, 987px\" \/><\/h2>\n","protected":false},"excerpt":{"rendered":"<p>Verein der Lehrer und Angestellten der Deutschen Schule Quito \u201eDie APECA ist eine privatrechtliche Organisation. Die APECA ist eine gemeinn\u00fctzige Vereinigung. Die Vereinigung tritt f\u00fcr die Wahrnehmung der Rechte und die Aus\u00fcbung der Pflichten seiner Mitglieder ein. Sie organisiert\u00a0 und repr\u00e4sentiert die Mitglieder. Die Ziele der Vereinigung sind, dem Personal, der Lehrerschaft, der Verwaltung und\u00a0 [&hellip;]<\/p>\n","protected":false},"author":6,"featured_media":0,"parent":0,"menu_order":0,"comment_status":"closed","ping_status":"closed","template":"","meta":{"footnotes":""},"class_list":["post-57220","page","type-page","status-publish","hentry"],"yoast_head":"<!-- This site is optimized with the Yoast SEO plugin v27.3 - https:\/\/yoast.com\/product\/yoast-seo-wordpress\/ -->\n<title>APECA - Colegio Alem\u00e1n Quito<\/title>\n<meta name=\"robots\" content=\"index, follow, max-snippet:-1, max-image-preview:large, max-video-preview:-1\" \/>\n<link rel=\"canonical\" href=\"https:\/\/www.caq.edu.ec\/de\/apeca\/\" \/>\n<meta property=\"og:locale\" content=\"de_DE\" \/>\n<meta property=\"og:type\" content=\"article\" \/>\n<meta property=\"og:title\" content=\"APECA - Colegio Alem\u00e1n Quito\" \/>\n<meta property=\"og:description\" content=\"Verein der Lehrer und Angestellten der Deutschen Schule Quito \u201eDie APECA ist eine privatrechtliche Organisation. Die APECA ist eine gemeinn\u00fctzige Vereinigung. Die Vereinigung tritt f\u00fcr die Wahrnehmung der Rechte und die Aus\u00fcbung der Pflichten seiner Mitglieder ein. Sie organisiert\u00a0 und repr\u00e4sentiert die Mitglieder. Die Ziele der Vereinigung sind, dem Personal, der Lehrerschaft, der Verwaltung und\u00a0 [&hellip;]\" \/>\n<meta property=\"og:url\" content=\"https:\/\/www.caq.edu.ec\/de\/apeca\/\" \/>\n<meta property=\"og:site_name\" content=\"Colegio Alem\u00e1n Quito\" \/>\n<meta property=\"article:modified_time\" content=\"2023-04-12T22:30:18+00:00\" \/>\n<meta property=\"og:image\" content=\"https:\/\/www.caq.edu.ec\/wp-content\/uploads\/2023\/03\/Foto-APECA-copia.jpg\" \/>\n<meta name=\"twitter:card\" content=\"summary_large_image\" \/>\n<meta name=\"twitter:label1\" content=\"Gesch\u00e4tzte Lesezeit\" \/>\n\t<meta name=\"twitter:data1\" content=\"2\u00a0Minuten\" \/>\n<script type=\"application\/ld+json\" class=\"yoast-schema-graph\">{\"@context\":\"https:\\\/\\\/schema.org\",\"@graph\":[{\"@type\":\"WebPage\",\"@id\":\"https:\\\/\\\/www.caq.edu.ec\\\/de\\\/apeca\\\/\",\"url\":\"https:\\\/\\\/www.caq.edu.ec\\\/de\\\/apeca\\\/\",\"name\":\"APECA - Colegio Alem\u00e1n Quito\",\"isPartOf\":{\"@id\":\"https:\\\/\\\/www.caq.edu.ec\\\/#website\"},\"primaryImageOfPage\":{\"@id\":\"https:\\\/\\\/www.caq.edu.ec\\\/de\\\/apeca\\\/#primaryimage\"},\"image\":{\"@id\":\"https:\\\/\\\/www.caq.edu.ec\\\/de\\\/apeca\\\/#primaryimage\"},\"thumbnailUrl\":\"https:\\\/\\\/www.caq.edu.ec\\\/wp-content\\\/uploads\\\/2023\\\/03\\\/Foto-APECA-copia.jpg\",\"datePublished\":\"2012-03-23T17:04:06+00:00\",\"dateModified\":\"2023-04-12T22:30:18+00:00\",\"breadcrumb\":{\"@id\":\"https:\\\/\\\/www.caq.edu.ec\\\/de\\\/apeca\\\/#breadcrumb\"},\"inLanguage\":\"de\",\"potentialAction\":[{\"@type\":\"ReadAction\",\"target\":[\"https:\\\/\\\/www.caq.edu.ec\\\/de\\\/apeca\\\/\"]}]},{\"@type\":\"ImageObject\",\"inLanguage\":\"de\",\"@id\":\"https:\\\/\\\/www.caq.edu.ec\\\/de\\\/apeca\\\/#primaryimage\",\"url\":\"https:\\\/\\\/www.caq.edu.ec\\\/wp-content\\\/uploads\\\/2023\\\/03\\\/Foto-APECA-copia.jpg\",\"contentUrl\":\"https:\\\/\\\/www.caq.edu.ec\\\/wp-content\\\/uploads\\\/2023\\\/03\\\/Foto-APECA-copia.jpg\"},{\"@type\":\"BreadcrumbList\",\"@id\":\"https:\\\/\\\/www.caq.edu.ec\\\/de\\\/apeca\\\/#breadcrumb\",\"itemListElement\":[{\"@type\":\"ListItem\",\"position\":1,\"name\":\"Inicio\",\"item\":\"https:\\\/\\\/www.caq.edu.ec\\\/\"},{\"@type\":\"ListItem\",\"position\":2,\"name\":\"APECA\"}]},{\"@type\":\"WebSite\",\"@id\":\"https:\\\/\\\/www.caq.edu.ec\\\/#website\",\"url\":\"https:\\\/\\\/www.caq.edu.ec\\\/\",\"name\":\"Colegio Alem\u00e1n Quito\",\"description\":\"Una puerta al mundo\",\"potentialAction\":[{\"@type\":\"SearchAction\",\"target\":{\"@type\":\"EntryPoint\",\"urlTemplate\":\"https:\\\/\\\/www.caq.edu.ec\\\/?s={search_term_string}\"},\"query-input\":{\"@type\":\"PropertyValueSpecification\",\"valueRequired\":true,\"valueName\":\"search_term_string\"}}],\"inLanguage\":\"de\"}]}<\/script>\n<!-- \/ Yoast SEO plugin. -->","yoast_head_json":{"title":"APECA - Colegio Alem\u00e1n Quito","robots":{"index":"index","follow":"follow","max-snippet":"max-snippet:-1","max-image-preview":"max-image-preview:large","max-video-preview":"max-video-preview:-1"},"canonical":"https:\/\/www.caq.edu.ec\/de\/apeca\/","og_locale":"de_DE","og_type":"article","og_title":"APECA - Colegio Alem\u00e1n Quito","og_description":"Verein der Lehrer und Angestellten der Deutschen Schule Quito \u201eDie APECA ist eine privatrechtliche Organisation. Die APECA ist eine gemeinn\u00fctzige Vereinigung. Die Vereinigung tritt f\u00fcr die Wahrnehmung der Rechte und die Aus\u00fcbung der Pflichten seiner Mitglieder ein. Sie organisiert\u00a0 und repr\u00e4sentiert die Mitglieder. Die Ziele der Vereinigung sind, dem Personal, der Lehrerschaft, der Verwaltung und\u00a0 [&hellip;]","og_url":"https:\/\/www.caq.edu.ec\/de\/apeca\/","og_site_name":"Colegio Alem\u00e1n Quito","article_modified_time":"2023-04-12T22:30:18+00:00","og_image":[{"url":"https:\/\/www.caq.edu.ec\/wp-content\/uploads\/2023\/03\/Foto-APECA-copia.jpg","type":"","width":"","height":""}],"twitter_card":"summary_large_image","twitter_misc":{"Gesch\u00e4tzte Lesezeit":"2\u00a0Minuten"},"schema":{"@context":"https:\/\/schema.org","@graph":[{"@type":"WebPage","@id":"https:\/\/www.caq.edu.ec\/de\/apeca\/","url":"https:\/\/www.caq.edu.ec\/de\/apeca\/","name":"APECA - Colegio Alem\u00e1n Quito","isPartOf":{"@id":"https:\/\/www.caq.edu.ec\/#website"},"primaryImageOfPage":{"@id":"https:\/\/www.caq.edu.ec\/de\/apeca\/#primaryimage"},"image":{"@id":"https:\/\/www.caq.edu.ec\/de\/apeca\/#primaryimage"},"thumbnailUrl":"https:\/\/www.caq.edu.ec\/wp-content\/uploads\/2023\/03\/Foto-APECA-copia.jpg","datePublished":"2012-03-23T17:04:06+00:00","dateModified":"2023-04-12T22:30:18+00:00","breadcrumb":{"@id":"https:\/\/www.caq.edu.ec\/de\/apeca\/#breadcrumb"},"inLanguage":"de","potentialAction":[{"@type":"ReadAction","target":["https:\/\/www.caq.edu.ec\/de\/apeca\/"]}]},{"@type":"ImageObject","inLanguage":"de","@id":"https:\/\/www.caq.edu.ec\/de\/apeca\/#primaryimage","url":"https:\/\/www.caq.edu.ec\/wp-content\/uploads\/2023\/03\/Foto-APECA-copia.jpg","contentUrl":"https:\/\/www.caq.edu.ec\/wp-content\/uploads\/2023\/03\/Foto-APECA-copia.jpg"},{"@type":"BreadcrumbList","@id":"https:\/\/www.caq.edu.ec\/de\/apeca\/#breadcrumb","itemListElement":[{"@type":"ListItem","position":1,"name":"Inicio","item":"https:\/\/www.caq.edu.ec\/"},{"@type":"ListItem","position":2,"name":"APECA"}]},{"@type":"WebSite","@id":"https:\/\/www.caq.edu.ec\/#website","url":"https:\/\/www.caq.edu.ec\/","name":"Colegio Alem\u00e1n Quito","description":"Una puerta al mundo","potentialAction":[{"@type":"SearchAction","target":{"@type":"EntryPoint","urlTemplate":"https:\/\/www.caq.edu.ec\/?s={search_term_string}"},"query-input":{"@type":"PropertyValueSpecification","valueRequired":true,"valueName":"search_term_string"}}],"inLanguage":"de"}]}},"_links":{"self":[{"href":"https:\/\/www.caq.edu.ec\/de\/wp-json\/wp\/v2\/pages\/57220","targetHints":{"allow":["GET"]}}],"collection":[{"href":"https:\/\/www.caq.edu.ec\/de\/wp-json\/wp\/v2\/pages"}],"about":[{"href":"https:\/\/www.caq.edu.ec\/de\/wp-json\/wp\/v2\/types\/page"}],"author":[{"embeddable":true,"href":"https:\/\/www.caq.edu.ec\/de\/wp-json\/wp\/v2\/users\/6"}],"replies":[{"embeddable":true,"href":"https:\/\/www.caq.edu.ec\/de\/wp-json\/wp\/v2\/comments?post=57220"}],"version-history":[{"count":0,"href":"https:\/\/www.caq.edu.ec\/de\/wp-json\/wp\/v2\/pages\/57220\/revisions"}],"wp:attachment":[{"href":"https:\/\/www.caq.edu.ec\/de\/wp-json\/wp\/v2\/media?parent=57220"}],"curies":[{"name":"wp","href":"https:\/\/api.w.org\/{rel}","templated":true}]}}