{"id":57219,"date":"2012-03-22T21:18:13","date_gmt":"2012-03-23T02:18:13","guid":{"rendered":"https:\/\/www.caq.edu.ec\/practica-en-el-caq\/"},"modified":"2026-03-27T09:09:19","modified_gmt":"2026-03-27T14:09:19","slug":"practica-en-el-caq","status":"publish","type":"page","link":"https:\/\/www.caq.edu.ec\/de\/oferta-academica\/practica-en-el-caq\/","title":{"rendered":"Sch\u00fclerpraktikum 11. Klasse"},"content":{"rendered":"\t\t<div data-elementor-type=\"wp-page\" data-elementor-id=\"57219\" class=\"elementor elementor-57219 elementor-57059\" data-elementor-post-type=\"page\">\n\t\t\t\t<div class=\"elementor-element elementor-element-1f4c7851 e-flex e-con-boxed e-con e-parent\" data-id=\"1f4c7851\" data-element_type=\"container\" data-e-type=\"container\">\n\t\t\t\t\t<div class=\"e-con-inner\">\n\t\t\t\t<div class=\"elementor-element elementor-element-279c693a elementor-widget elementor-widget-text-editor\" data-id=\"279c693a\" data-element_type=\"widget\" data-e-type=\"widget\" data-widget_type=\"text-editor.default\">\n\t\t\t\t<div class=\"elementor-widget-container\">\n\t\t\t\t\t\t\t\t\t<h2>Was sind Schulpraktika?<\/h2><p style=\"font-weight: 400;\">Seit einigen Jahren hat die DSQ im Rahmen der Berufsorientierung Schulpraktika eingef\u00fchrt. Diese Praktika sollen den Sch\u00fclerinnen und Sch\u00fclern die sp\u00e4tere Berufswahl erleichtern, indem sie Einblicke in verschiedene T\u00e4tigkeitsfelder erm\u00f6glichen.<\/p><h3>Allgemeine Informationen<\/h3><ul><li><div role=\"presentation\" data-olk-copy-source=\"MessageBody\">Praktikum: Verpflichtend f\u00fcr\u00a0alle Sch\u00fcler der 11.\u00a0Klassen. \u200b<\/div><\/li><li><div role=\"presentation\">Das Anfangsdatum des Praktikums ist\u00a0f\u00fcr alle Sch\u00fcler gleich. Es findet jeweils am Ende des Schuljahres statt und geht bis in die Sommerferien.<\/div><\/li><li><div role=\"presentation\">L\u00e4nge des Praktikums: 4 Wochen. Es kann verl\u00e4ngert, aber nicht verk\u00fcrzt werden.\u200b<\/div><\/li><li><div role=\"presentation\">T\u00e4gliche Anwesenheitsstunden an der Praktikumsstelle: mindestens 6 Stunden.\u200b<\/div><\/li><li><div role=\"presentation\">Optionen: \u200b<\/div><ul><li><div role=\"presentation\">privates Praktikum in Quito, Deutschland oder einem Drittland \u200b<\/div><\/li><li><div role=\"presentation\">oder mit der Schule im Rahmen der Studien- und \/oder Praktikumsreise DSQ.\u200b<\/div><\/li><\/ul><\/li><\/ul><h3>Praktikumsziele<\/h3><ul><li><div role=\"presentation\" data-olk-copy-source=\"MessageBody\">Wichtige Erfahrungen sammeln.\u200b<\/div><\/li><li><div role=\"presentation\">Erste Einblicke in die Arbeitswelt erhalten.\u200b<\/div><\/li><li><div role=\"presentation\">Entwicklung der Selbstst\u00e4ndigkeit und Eigenverantwortung.\u200b<\/div><\/li><\/ul><div role=\"presentation\">\u00a0<\/div><div role=\"presentation\"><strong>Im Falle des Praktikumsprogramms der DSQ:<\/strong><\/div><ul><li><div role=\"presentation\">Die deutschen Sprachkenntnisse verbessern.\u200b<\/div><\/li><li><div role=\"presentation\">Ann\u00e4hrung an die Realit\u00e4t in Deutschland.\u200b<\/div><\/li><\/ul><p><strong>Teilnahmebedingungen:<\/strong><\/p><ul><li>Disziplinnote am Ende der 10. Klasse von mindestens B.<\/li><li>Durchschnittsnote in Deutsch am Ende der 10. Klasse von mindestens 7,5.<\/li><li>Um die Anmeldung zu registrieren, m\u00fcssen die Eltern die Teilnahmeunterlagen ihrer Sch\u00fcler bis zu dem von den Reiseveranstaltern in der Informationsveranstaltung mitgeteilten Termin einreichen.<\/li><\/ul><p>Weitere Programminformationen zu unseren Schulpraktika in Deutschland finden Sie unter folgendem Link: <span style=\"color: #ff0000;\">LANDING PAGE<\/span><\/p><p><strong>Privat organsierte Praktika:<\/strong><\/p><p><span style=\"text-decoration: underline;\">Ecuador und Drittl\u00e4nder:<\/span><\/p><ul><li>Unterst\u00fctzung durch\u00a0die Berufsberaterin (Daniela Ponce)<\/li><li>Monitoring w\u00e4hrend\u00a0des Praktikums<\/li><\/ul><p><span style=\"text-decoration: underline;\">Deutschland:<\/span><\/p><ul><li>Unterst\u00fctzung bei der \u00dcberpr\u00fcfung und Einreichung von Visumunterlagen bei der deutschen Botschaft sowie bei der Abnahme von Fingerabdr\u00fccken \u200b<\/li><\/ul><div data-olk-copy-source=\"MessageBody\">\u00a0<\/div><h3 data-olk-copy-source=\"MessageBody\">Kontakte<\/h3><div><b>Programme\u00a0der DSQ \/\u00a0Programas\u00a0del CAQ<\/b>\u200b<\/div><div><b>Andrea Kundt<\/b>\u200b<\/div><div>Praktikumskoordination \u200b<\/div><div>Coordinadora del programa de pr\u00e1cticas\u200b<\/div><div>3958800 ext.190\u200b<\/div><div><a id=\"OWA4b6f3483-9c75-a683-931a-362853d53016\" class=\"x_x_Hyperlink x_x_SCXP21118330 x_x_BCX0 x_x_OWAAutoLink\" title=\"mailto:intercambios.pasantias@caq.edu.ec\" href=\"mailto:intercambios.pasantias@caq.edu.ec\" data-hyperlinktype=\"0\" data-linkindex=\"7\">intercambios.pasantias@caq.edu.ec<\/a><\/div><div>\u00a0<\/div><div><b>Marcel Gn\u00e4dig<\/b>\u200b<\/div><div>Studienreisekoordination\u200b<\/div><div>Coordinador del viaje de estudios\u200b<\/div><div><a id=\"OWAa35d445a-6dfd-1794-bd65-ba05fffe08b1\" class=\"x_x_Hyperlink x_x_SCXP246792258 x_x_BCX0 x_x_OWAAutoLink\" title=\"mailto:marcel.gnadig@caq.edu.ec\" href=\"mailto:marcel.gnadig@caq.edu.ec\" data-hyperlinktype=\"0\" data-linkindex=\"8\">marcel.gnadig@caq.edu.ec<\/a>\u00a0\u200b<\/div><div>\u00a0<\/div><div><b><span class=\"markd3kvrq8lv\" data-markjs=\"true\" data-ogac=\"\" data-ogab=\"\" data-ogsc=\"\" data-ogsb=\"\">Diana<\/span>\u00a0H\u00fcbenthal<\/b>\u200b<\/div><div>Koordinationsassistenz und Begleitung \u200b<\/div><div>Asistencia\u00a0de coordinaci\u00f3n\u00a0y acompa\u00f1amiento\u200b<\/div><div>3958800 ext.193\u200b<\/div><div><a id=\"OWA9f21114b-55fa-1191-e626-c5405e50e627\" class=\"x_x_Hyperlink x_x_SCXP246197373 x_x_BCX0 x_x_OWAAutoLink\" title=\"mailto:coord.alumni@caq.edu.ec\" href=\"mailto:coord.alumni@caq.edu.ec\" data-hyperlinktype=\"0\" data-linkindex=\"9\">coord.alumni@caq.edu.ec<\/a>\u00a0\u200b<\/div><div>\u200b<\/div><div><b>Privat\u00a0organisierte\u00a0Praktika\/\u00a0Pr\u00e1cticas escolares privadas<\/b>\u200b<\/div><div><b>Daniela Ponce<\/b>\u200b<\/div><div>Berufsorientierung \u200b<\/div><div>Orientadora profesional\u200b<\/div><div>3958800 ext. 132\u200b<\/div><div><a href=\"mailto: daniela.ponce@caq.edu.ec\" target=\"_blank\" rel=\"noopener\">daniela.ponce@caq.edu.ec\u200b<\/a><\/div><div>\u00a0<\/div><div><b>Isabel Salazar<\/b>\u200b<\/div><div>Berufsorientierung \u200bund Psychologin der Klassen 10-12<br \/>3958800 ext. 146<\/div><div><a id=\"OWAcee60796-9d5a-c3f2-e258-ab55e0becfaf\" class=\"x_x_Hyperlink x_x_SCXP195829240 x_x_BCX0 x_x_OWAAutoLink\" title=\"mailto:isabel.salazar@caq.edu.ec\" href=\"mailto:isabel.salazar@caq.edu.ec\" data-hyperlinktype=\"0\" data-linkindex=\"10\">isabel.salazar@caq.edu.ec<\/a>\u00a0\u200b<\/div>\t\t\t\t\t\t\t\t<\/div>\n\t\t\t\t<\/div>\n\t\t\t\t\t<\/div>\n\t\t\t\t<\/div>\n\t\t\t\t<\/div>\n\t\t","protected":false},"excerpt":{"rendered":"<p>Was sind Schulpraktika? Seit einigen Jahren hat die DSQ im Rahmen der Berufsorientierung Schulpraktika eingef\u00fchrt. Diese Praktika sollen den Sch\u00fclerinnen und Sch\u00fclern die sp\u00e4tere Berufswahl erleichtern, indem sie Einblicke in verschiedene T\u00e4tigkeitsfelder erm\u00f6glichen. Allgemeine Informationen Praktikum: Verpflichtend f\u00fcr\u00a0alle Sch\u00fcler der 11.\u00a0Klassen. \u200b Das Anfangsdatum des Praktikums ist\u00a0f\u00fcr alle Sch\u00fcler gleich. Es findet jeweils am Ende [&hellip;]<\/p>\n","protected":false},"author":6,"featured_media":0,"parent":57241,"menu_order":0,"comment_status":"closed","ping_status":"closed","template":"","meta":{"footnotes":""},"class_list":["post-57219","page","type-page","status-publish","hentry"],"yoast_head":"<!-- This site is optimized with the Yoast SEO plugin v27.4 - https:\/\/yoast.com\/product\/yoast-seo-wordpress\/ -->\n<title>Sch\u00fclerpraktikum 11. Klasse - Colegio Alem\u00e1n Quito<\/title>\n<meta name=\"robots\" content=\"index, follow, max-snippet:-1, max-image-preview:large, max-video-preview:-1\" \/>\n<link rel=\"canonical\" href=\"https:\/\/www.caq.edu.ec\/de\/oferta-academica\/practica-en-el-caq\/\" \/>\n<meta property=\"og:locale\" content=\"de_DE\" \/>\n<meta property=\"og:type\" content=\"article\" \/>\n<meta property=\"og:title\" content=\"Sch\u00fclerpraktikum 11. Klasse - Colegio Alem\u00e1n Quito\" \/>\n<meta property=\"og:description\" content=\"Was sind Schulpraktika? Seit einigen Jahren hat die DSQ im Rahmen der Berufsorientierung Schulpraktika eingef\u00fchrt. Diese Praktika sollen den Sch\u00fclerinnen und Sch\u00fclern die sp\u00e4tere Berufswahl erleichtern, indem sie Einblicke in verschiedene T\u00e4tigkeitsfelder erm\u00f6glichen. Allgemeine Informationen Praktikum: Verpflichtend f\u00fcr\u00a0alle Sch\u00fcler der 11.\u00a0Klassen. \u200b Das Anfangsdatum des Praktikums ist\u00a0f\u00fcr alle Sch\u00fcler gleich. Es findet jeweils am Ende [&hellip;]\" \/>\n<meta property=\"og:url\" content=\"https:\/\/www.caq.edu.ec\/de\/oferta-academica\/practica-en-el-caq\/\" \/>\n<meta property=\"og:site_name\" content=\"Colegio Alem\u00e1n Quito\" \/>\n<meta property=\"article:modified_time\" content=\"2026-03-27T14:09:19+00:00\" \/>\n<meta name=\"twitter:card\" content=\"summary_large_image\" \/>\n<meta name=\"twitter:label1\" content=\"Gesch\u00e4tzte Lesezeit\" \/>\n\t<meta name=\"twitter:data1\" content=\"2\u00a0Minuten\" \/>\n<script type=\"application\/ld+json\" class=\"yoast-schema-graph\">{\"@context\":\"https:\\\/\\\/schema.org\",\"@graph\":[{\"@type\":\"WebPage\",\"@id\":\"https:\\\/\\\/www.caq.edu.ec\\\/de\\\/oferta-academica\\\/practica-en-el-caq\\\/\",\"url\":\"https:\\\/\\\/www.caq.edu.ec\\\/de\\\/oferta-academica\\\/practica-en-el-caq\\\/\",\"name\":\"Sch\u00fclerpraktikum 11. Klasse - Colegio Alem\u00e1n Quito\",\"isPartOf\":{\"@id\":\"https:\\\/\\\/www.caq.edu.ec\\\/#website\"},\"datePublished\":\"2012-03-23T02:18:13+00:00\",\"dateModified\":\"2026-03-27T14:09:19+00:00\",\"breadcrumb\":{\"@id\":\"https:\\\/\\\/www.caq.edu.ec\\\/de\\\/oferta-academica\\\/practica-en-el-caq\\\/#breadcrumb\"},\"inLanguage\":\"de\",\"potentialAction\":[{\"@type\":\"ReadAction\",\"target\":[\"https:\\\/\\\/www.caq.edu.ec\\\/de\\\/oferta-academica\\\/practica-en-el-caq\\\/\"]}]},{\"@type\":\"BreadcrumbList\",\"@id\":\"https:\\\/\\\/www.caq.edu.ec\\\/de\\\/oferta-academica\\\/practica-en-el-caq\\\/#breadcrumb\",\"itemListElement\":[{\"@type\":\"ListItem\",\"position\":1,\"name\":\"Inicio\",\"item\":\"https:\\\/\\\/www.caq.edu.ec\\\/\"},{\"@type\":\"ListItem\",\"position\":2,\"name\":\"Bildungsangebote\",\"item\":\"https:\\\/\\\/www.caq.edu.ec\\\/de\\\/oferta-academica\\\/\"},{\"@type\":\"ListItem\",\"position\":3,\"name\":\"Sch\u00fclerpraktikum 11. Klasse\"}]},{\"@type\":\"WebSite\",\"@id\":\"https:\\\/\\\/www.caq.edu.ec\\\/#website\",\"url\":\"https:\\\/\\\/www.caq.edu.ec\\\/\",\"name\":\"Colegio Alem\u00e1n Quito\",\"description\":\"Una puerta al mundo\",\"potentialAction\":[{\"@type\":\"SearchAction\",\"target\":{\"@type\":\"EntryPoint\",\"urlTemplate\":\"https:\\\/\\\/www.caq.edu.ec\\\/?s={search_term_string}\"},\"query-input\":{\"@type\":\"PropertyValueSpecification\",\"valueRequired\":true,\"valueName\":\"search_term_string\"}}],\"inLanguage\":\"de\"}]}<\/script>\n<!-- \/ Yoast SEO plugin. -->","yoast_head_json":{"title":"Sch\u00fclerpraktikum 11. Klasse - Colegio Alem\u00e1n Quito","robots":{"index":"index","follow":"follow","max-snippet":"max-snippet:-1","max-image-preview":"max-image-preview:large","max-video-preview":"max-video-preview:-1"},"canonical":"https:\/\/www.caq.edu.ec\/de\/oferta-academica\/practica-en-el-caq\/","og_locale":"de_DE","og_type":"article","og_title":"Sch\u00fclerpraktikum 11. Klasse - Colegio Alem\u00e1n Quito","og_description":"Was sind Schulpraktika? Seit einigen Jahren hat die DSQ im Rahmen der Berufsorientierung Schulpraktika eingef\u00fchrt. Diese Praktika sollen den Sch\u00fclerinnen und Sch\u00fclern die sp\u00e4tere Berufswahl erleichtern, indem sie Einblicke in verschiedene T\u00e4tigkeitsfelder erm\u00f6glichen. Allgemeine Informationen Praktikum: Verpflichtend f\u00fcr\u00a0alle Sch\u00fcler der 11.\u00a0Klassen. \u200b Das Anfangsdatum des Praktikums ist\u00a0f\u00fcr alle Sch\u00fcler gleich. Es findet jeweils am Ende [&hellip;]","og_url":"https:\/\/www.caq.edu.ec\/de\/oferta-academica\/practica-en-el-caq\/","og_site_name":"Colegio Alem\u00e1n Quito","article_modified_time":"2026-03-27T14:09:19+00:00","twitter_card":"summary_large_image","twitter_misc":{"Gesch\u00e4tzte Lesezeit":"2\u00a0Minuten"},"schema":{"@context":"https:\/\/schema.org","@graph":[{"@type":"WebPage","@id":"https:\/\/www.caq.edu.ec\/de\/oferta-academica\/practica-en-el-caq\/","url":"https:\/\/www.caq.edu.ec\/de\/oferta-academica\/practica-en-el-caq\/","name":"Sch\u00fclerpraktikum 11. Klasse - Colegio Alem\u00e1n Quito","isPartOf":{"@id":"https:\/\/www.caq.edu.ec\/#website"},"datePublished":"2012-03-23T02:18:13+00:00","dateModified":"2026-03-27T14:09:19+00:00","breadcrumb":{"@id":"https:\/\/www.caq.edu.ec\/de\/oferta-academica\/practica-en-el-caq\/#breadcrumb"},"inLanguage":"de","potentialAction":[{"@type":"ReadAction","target":["https:\/\/www.caq.edu.ec\/de\/oferta-academica\/practica-en-el-caq\/"]}]},{"@type":"BreadcrumbList","@id":"https:\/\/www.caq.edu.ec\/de\/oferta-academica\/practica-en-el-caq\/#breadcrumb","itemListElement":[{"@type":"ListItem","position":1,"name":"Inicio","item":"https:\/\/www.caq.edu.ec\/"},{"@type":"ListItem","position":2,"name":"Bildungsangebote","item":"https:\/\/www.caq.edu.ec\/de\/oferta-academica\/"},{"@type":"ListItem","position":3,"name":"Sch\u00fclerpraktikum 11. Klasse"}]},{"@type":"WebSite","@id":"https:\/\/www.caq.edu.ec\/#website","url":"https:\/\/www.caq.edu.ec\/","name":"Colegio Alem\u00e1n Quito","description":"Una puerta al mundo","potentialAction":[{"@type":"SearchAction","target":{"@type":"EntryPoint","urlTemplate":"https:\/\/www.caq.edu.ec\/?s={search_term_string}"},"query-input":{"@type":"PropertyValueSpecification","valueRequired":true,"valueName":"search_term_string"}}],"inLanguage":"de"}]}},"_links":{"self":[{"href":"https:\/\/www.caq.edu.ec\/de\/wp-json\/wp\/v2\/pages\/57219","targetHints":{"allow":["GET"]}}],"collection":[{"href":"https:\/\/www.caq.edu.ec\/de\/wp-json\/wp\/v2\/pages"}],"about":[{"href":"https:\/\/www.caq.edu.ec\/de\/wp-json\/wp\/v2\/types\/page"}],"author":[{"embeddable":true,"href":"https:\/\/www.caq.edu.ec\/de\/wp-json\/wp\/v2\/users\/6"}],"replies":[{"embeddable":true,"href":"https:\/\/www.caq.edu.ec\/de\/wp-json\/wp\/v2\/comments?post=57219"}],"version-history":[{"count":18,"href":"https:\/\/www.caq.edu.ec\/de\/wp-json\/wp\/v2\/pages\/57219\/revisions"}],"predecessor-version":[{"id":72205,"href":"https:\/\/www.caq.edu.ec\/de\/wp-json\/wp\/v2\/pages\/57219\/revisions\/72205"}],"up":[{"embeddable":true,"href":"https:\/\/www.caq.edu.ec\/de\/wp-json\/wp\/v2\/pages\/57241"}],"wp:attachment":[{"href":"https:\/\/www.caq.edu.ec\/de\/wp-json\/wp\/v2\/media?parent=57219"}],"curies":[{"name":"wp","href":"https:\/\/api.w.org\/{rel}","templated":true}]}}