{"id":57215,"date":"2012-03-02T02:53:04","date_gmt":"2012-03-02T07:53:04","guid":{"rendered":"https:\/\/www.caq.edu.ec\/parlamento-estudiantil\/"},"modified":"2024-09-27T12:13:57","modified_gmt":"2024-09-27T17:13:57","slug":"parlamento-estudiantil","status":"publish","type":"page","link":"https:\/\/www.caq.edu.ec\/de\/el-colegio\/parlamento-estudiantil\/","title":{"rendered":"Das Sch\u00fclerparlament der Primaria"},"content":{"rendered":"\n<p>Das Sch\u00fclerparlament der Primaria ist eine Einrichtung, die einen p\u00e4dagogischen Aspekt hat und der Sch\u00fclerbeteiligung dient. Es basiert auf demokratischen Grundwerten, denn aus jeder Klasse werden zwei Vertreter f\u00fcr das Parlament gew\u00e4hlt. Alle Sch\u00fcler geben ihre Stimme f\u00fcr zwei Vertrauenslehrkr\u00e4fte ab. Alle Stimmen werden im Parlament zusammengetragen, wo die Wahl stattfindet. Die Vertrauenslehrkr\u00e4fte f\u00fchren die Parlamentssitzungen und stellen die Verbindung zur Lehrerschaft und der Schulleitung her.<\/p>\n\n\n\n<p>Das Hauptziel des Parlaments ist, die Beteiligung der Grundsch\u00fcler an Entscheidungen im Schulleben zu beteiligen. In einem intensiven Arbeitsprozess, an dem alle Sch\u00fclerinnen und Sch\u00fcler beteiligt sind, werden Vorschl\u00e4ge aus der Sch\u00fclerschaft bearbeitet. So wird die Vertretung der Sch\u00fcler und am Ende die Demokratie gest\u00e4rkt.<\/p>\n\n\n\n<p>In den Sitzungen werden die verschiedensten Probleme behandelt, die in den einzelnen Klassen aufgekommen sind, und es wird dann gemeinsam nach L\u00f6sungen gesucht.<\/p>\n\n\n\n<p>In diesem Sinne wird \u00fcber die Beteiligung an solchen Themen aus dem Sch\u00fclerleben das Bewusstsein der Sch\u00fcler gest\u00e4rkt.<\/p>\n\n\n\n<p>Au\u00dferdem n\u00e4hern sich die \u201cParlamentarier\u201d so dem p\u00e4dagogischen Reformgedanken und den wichtigen Werten an, als da sind: Verantwortlichkeit, Respekt, Solidarit\u00e4t und Gleichheit.<\/p>\n\n\n\n<p>Hinzu kommt, dass das Parlament mit seinen Sitzungen ein Hilfsinstrument im Erlangen von schriftlichen und m\u00fcndlichen Kommunikationsf\u00e4higkeiten ist, da Notizen gemacht, Antr\u00e4ge und Briefe geschrieben werden m\u00fcssen und alle Beteiligten eine verantwortliche Rolle in der sozialen Interaktion \u00fcbernehmen.<\/p>\n","protected":false},"excerpt":{"rendered":"<p>Das Sch\u00fclerparlament der Primaria ist eine Einrichtung, die einen p\u00e4dagogischen Aspekt hat und der Sch\u00fclerbeteiligung dient. Es basiert auf demokratischen Grundwerten, denn aus jeder Klasse werden zwei Vertreter f\u00fcr das Parlament gew\u00e4hlt. Alle Sch\u00fcler geben ihre Stimme f\u00fcr zwei Vertrauenslehrkr\u00e4fte ab. Alle Stimmen werden im Parlament zusammengetragen, wo die Wahl stattfindet. Die Vertrauenslehrkr\u00e4fte f\u00fchren die [&hellip;]<\/p>\n","protected":false},"author":6,"featured_media":0,"parent":57173,"menu_order":0,"comment_status":"closed","ping_status":"closed","template":"","meta":{"footnotes":""},"class_list":["post-57215","page","type-page","status-publish","hentry"],"yoast_head":"<!-- This site is optimized with the Yoast SEO plugin v27.3 - https:\/\/yoast.com\/product\/yoast-seo-wordpress\/ -->\n<title>Das Sch\u00fclerparlament der Primaria - Colegio Alem\u00e1n Quito<\/title>\n<meta name=\"robots\" content=\"index, follow, max-snippet:-1, max-image-preview:large, max-video-preview:-1\" \/>\n<link rel=\"canonical\" href=\"https:\/\/www.caq.edu.ec\/el-colegio\/parlamento-estudiantil\/\" \/>\n<meta property=\"og:locale\" content=\"de_DE\" \/>\n<meta property=\"og:type\" content=\"article\" \/>\n<meta property=\"og:title\" content=\"Das Sch\u00fclerparlament der Primaria - Colegio Alem\u00e1n Quito\" \/>\n<meta property=\"og:description\" content=\"Das Sch\u00fclerparlament der Primaria ist eine Einrichtung, die einen p\u00e4dagogischen Aspekt hat und der Sch\u00fclerbeteiligung dient. Es basiert auf demokratischen Grundwerten, denn aus jeder Klasse werden zwei Vertreter f\u00fcr das Parlament gew\u00e4hlt. Alle Sch\u00fcler geben ihre Stimme f\u00fcr zwei Vertrauenslehrkr\u00e4fte ab. Alle Stimmen werden im Parlament zusammengetragen, wo die Wahl stattfindet. Die Vertrauenslehrkr\u00e4fte f\u00fchren die [&hellip;]\" \/>\n<meta property=\"og:url\" content=\"https:\/\/www.caq.edu.ec\/el-colegio\/parlamento-estudiantil\/\" \/>\n<meta property=\"og:site_name\" content=\"Colegio Alem\u00e1n Quito\" \/>\n<meta property=\"article:modified_time\" content=\"2024-09-27T17:13:57+00:00\" \/>\n<meta name=\"twitter:card\" content=\"summary_large_image\" \/>\n<meta name=\"twitter:label1\" content=\"Gesch\u00e4tzte Lesezeit\" \/>\n\t<meta name=\"twitter:data1\" content=\"1\u00a0Minute\" \/>\n<script type=\"application\/ld+json\" class=\"yoast-schema-graph\">{\"@context\":\"https:\\\/\\\/schema.org\",\"@graph\":[{\"@type\":\"WebPage\",\"@id\":\"https:\\\/\\\/www.caq.edu.ec\\\/el-colegio\\\/parlamento-estudiantil\\\/\",\"url\":\"https:\\\/\\\/www.caq.edu.ec\\\/el-colegio\\\/parlamento-estudiantil\\\/\",\"name\":\"Das Sch\u00fclerparlament der Primaria - Colegio Alem\u00e1n Quito\",\"isPartOf\":{\"@id\":\"https:\\\/\\\/www.caq.edu.ec\\\/#website\"},\"datePublished\":\"2012-03-02T07:53:04+00:00\",\"dateModified\":\"2024-09-27T17:13:57+00:00\",\"breadcrumb\":{\"@id\":\"https:\\\/\\\/www.caq.edu.ec\\\/el-colegio\\\/parlamento-estudiantil\\\/#breadcrumb\"},\"inLanguage\":\"de\",\"potentialAction\":[{\"@type\":\"ReadAction\",\"target\":[\"https:\\\/\\\/www.caq.edu.ec\\\/el-colegio\\\/parlamento-estudiantil\\\/\"]}]},{\"@type\":\"BreadcrumbList\",\"@id\":\"https:\\\/\\\/www.caq.edu.ec\\\/el-colegio\\\/parlamento-estudiantil\\\/#breadcrumb\",\"itemListElement\":[{\"@type\":\"ListItem\",\"position\":1,\"name\":\"Inicio\",\"item\":\"https:\\\/\\\/www.caq.edu.ec\\\/\"},{\"@type\":\"ListItem\",\"position\":2,\"name\":\"Die Schule\",\"item\":\"https:\\\/\\\/www.caq.edu.ec\\\/el-colegio\\\/\"},{\"@type\":\"ListItem\",\"position\":3,\"name\":\"Das Sch\u00fclerparlament der Primaria\"}]},{\"@type\":\"WebSite\",\"@id\":\"https:\\\/\\\/www.caq.edu.ec\\\/#website\",\"url\":\"https:\\\/\\\/www.caq.edu.ec\\\/\",\"name\":\"Colegio Alem\u00e1n Quito\",\"description\":\"Una puerta al mundo\",\"potentialAction\":[{\"@type\":\"SearchAction\",\"target\":{\"@type\":\"EntryPoint\",\"urlTemplate\":\"https:\\\/\\\/www.caq.edu.ec\\\/?s={search_term_string}\"},\"query-input\":{\"@type\":\"PropertyValueSpecification\",\"valueRequired\":true,\"valueName\":\"search_term_string\"}}],\"inLanguage\":\"de\"}]}<\/script>\n<!-- \/ Yoast SEO plugin. -->","yoast_head_json":{"title":"Das Sch\u00fclerparlament der Primaria - Colegio Alem\u00e1n Quito","robots":{"index":"index","follow":"follow","max-snippet":"max-snippet:-1","max-image-preview":"max-image-preview:large","max-video-preview":"max-video-preview:-1"},"canonical":"https:\/\/www.caq.edu.ec\/el-colegio\/parlamento-estudiantil\/","og_locale":"de_DE","og_type":"article","og_title":"Das Sch\u00fclerparlament der Primaria - Colegio Alem\u00e1n Quito","og_description":"Das Sch\u00fclerparlament der Primaria ist eine Einrichtung, die einen p\u00e4dagogischen Aspekt hat und der Sch\u00fclerbeteiligung dient. Es basiert auf demokratischen Grundwerten, denn aus jeder Klasse werden zwei Vertreter f\u00fcr das Parlament gew\u00e4hlt. Alle Sch\u00fcler geben ihre Stimme f\u00fcr zwei Vertrauenslehrkr\u00e4fte ab. Alle Stimmen werden im Parlament zusammengetragen, wo die Wahl stattfindet. Die Vertrauenslehrkr\u00e4fte f\u00fchren die [&hellip;]","og_url":"https:\/\/www.caq.edu.ec\/el-colegio\/parlamento-estudiantil\/","og_site_name":"Colegio Alem\u00e1n Quito","article_modified_time":"2024-09-27T17:13:57+00:00","twitter_card":"summary_large_image","twitter_misc":{"Gesch\u00e4tzte Lesezeit":"1\u00a0Minute"},"schema":{"@context":"https:\/\/schema.org","@graph":[{"@type":"WebPage","@id":"https:\/\/www.caq.edu.ec\/el-colegio\/parlamento-estudiantil\/","url":"https:\/\/www.caq.edu.ec\/el-colegio\/parlamento-estudiantil\/","name":"Das Sch\u00fclerparlament der Primaria - Colegio Alem\u00e1n Quito","isPartOf":{"@id":"https:\/\/www.caq.edu.ec\/#website"},"datePublished":"2012-03-02T07:53:04+00:00","dateModified":"2024-09-27T17:13:57+00:00","breadcrumb":{"@id":"https:\/\/www.caq.edu.ec\/el-colegio\/parlamento-estudiantil\/#breadcrumb"},"inLanguage":"de","potentialAction":[{"@type":"ReadAction","target":["https:\/\/www.caq.edu.ec\/el-colegio\/parlamento-estudiantil\/"]}]},{"@type":"BreadcrumbList","@id":"https:\/\/www.caq.edu.ec\/el-colegio\/parlamento-estudiantil\/#breadcrumb","itemListElement":[{"@type":"ListItem","position":1,"name":"Inicio","item":"https:\/\/www.caq.edu.ec\/"},{"@type":"ListItem","position":2,"name":"Die Schule","item":"https:\/\/www.caq.edu.ec\/el-colegio\/"},{"@type":"ListItem","position":3,"name":"Das Sch\u00fclerparlament der Primaria"}]},{"@type":"WebSite","@id":"https:\/\/www.caq.edu.ec\/#website","url":"https:\/\/www.caq.edu.ec\/","name":"Colegio Alem\u00e1n Quito","description":"Una puerta al mundo","potentialAction":[{"@type":"SearchAction","target":{"@type":"EntryPoint","urlTemplate":"https:\/\/www.caq.edu.ec\/?s={search_term_string}"},"query-input":{"@type":"PropertyValueSpecification","valueRequired":true,"valueName":"search_term_string"}}],"inLanguage":"de"}]}},"_links":{"self":[{"href":"https:\/\/www.caq.edu.ec\/de\/wp-json\/wp\/v2\/pages\/57215","targetHints":{"allow":["GET"]}}],"collection":[{"href":"https:\/\/www.caq.edu.ec\/de\/wp-json\/wp\/v2\/pages"}],"about":[{"href":"https:\/\/www.caq.edu.ec\/de\/wp-json\/wp\/v2\/types\/page"}],"author":[{"embeddable":true,"href":"https:\/\/www.caq.edu.ec\/de\/wp-json\/wp\/v2\/users\/6"}],"replies":[{"embeddable":true,"href":"https:\/\/www.caq.edu.ec\/de\/wp-json\/wp\/v2\/comments?post=57215"}],"version-history":[{"count":2,"href":"https:\/\/www.caq.edu.ec\/de\/wp-json\/wp\/v2\/pages\/57215\/revisions"}],"predecessor-version":[{"id":64614,"href":"https:\/\/www.caq.edu.ec\/de\/wp-json\/wp\/v2\/pages\/57215\/revisions\/64614"}],"up":[{"embeddable":true,"href":"https:\/\/www.caq.edu.ec\/de\/wp-json\/wp\/v2\/pages\/57173"}],"wp:attachment":[{"href":"https:\/\/www.caq.edu.ec\/de\/wp-json\/wp\/v2\/media?parent=57215"}],"curies":[{"name":"wp","href":"https:\/\/api.w.org\/{rel}","templated":true}]}}