{"id":57213,"date":"2012-03-01T14:35:12","date_gmt":"2012-03-01T19:35:12","guid":{"rendered":"https:\/\/www.caq.edu.ec\/costos-aprobados\/"},"modified":"2026-02-02T12:29:40","modified_gmt":"2026-02-02T17:29:40","slug":"costos-aprobados","status":"publish","type":"page","link":"https:\/\/www.caq.edu.ec\/de\/costos-aprobados\/","title":{"rendered":"Kosten"},"content":{"rendered":"\t\t<div data-elementor-type=\"wp-page\" data-elementor-id=\"57213\" class=\"elementor elementor-57213 elementor-57053\" data-elementor-post-type=\"page\">\n\t\t\t\t<div class=\"elementor-element elementor-element-544827c4 e-flex e-con-boxed e-con e-parent\" data-id=\"544827c4\" data-element_type=\"container\" data-e-type=\"container\">\n\t\t\t\t\t<div class=\"e-con-inner\">\n\t\t\t\t<div class=\"elementor-element elementor-element-1568d3e2 elementor-widget elementor-widget-text-editor\" data-id=\"1568d3e2\" data-element_type=\"widget\" data-e-type=\"widget\" data-widget_type=\"text-editor.default\">\n\t\t\t\t<div class=\"elementor-widget-container\">\n\t\t\t\t\t\t\t\t\t<h2>Kosten Schuljahr <strong>2025-26:<\/strong><\/h2><figure><table><tbody><tr><td width=\"342\"><p><strong>MATR\u00cdCULA Y PENSI\u00d3N \/ Einschreibegeb\u00fchr und Schulgeld<\/strong><\/p><\/td><td width=\"123\"><p><strong>Matr\u00edcula \/\u00a0 Einschreibegeb\u00fchr<\/strong><\/p><\/td><td width=\"93\"><p><strong>Pensi\u00f3n \/\u00a0 Schulgeld<\/strong><\/p><\/td><\/tr><tr><td width=\"342\">\u00a0<\/td><td width=\"123\"><p>en \/ in US$<\/p><\/td><td width=\"93\"><p>en \/ in US$<\/p><\/td><\/tr><tr><td width=\"342\"><p>Inicial y Prekindergarten<\/p><\/td><td width=\"123\"><p>442,87<\/p><\/td><td width=\"93\"><p>709,00<\/p><\/td><\/tr><tr><td width=\"342\"><p>Kindergarten<\/p><\/td><td width=\"123\"><p>449,26<\/p><\/td><td width=\"93\">719,00<\/td><\/tr><tr><td width=\"342\"><p>EDUCACI\u00d3N GENERAL B\u00c1SICA CLASES 1 \u2013 6<\/p><\/td><td width=\"123\">449,26<\/td><td width=\"93\"><p>719,00<\/p><\/td><\/tr><tr><td width=\"342\"><p>EDUCACI\u00d3N GENERAL B\u00c1SICA CLASES 7 \u2013 9<\/p><\/td><td width=\"123\"><p>449,26<\/p><\/td><td width=\"93\"><p>719,00<\/p><\/td><\/tr><tr><td width=\"342\"><p>BACHILLERATO Secundaria 10 \u2013 12<\/p><\/td><td width=\"123\"><p>460,13<\/p><\/td><td width=\"93\"><p>736,00<\/p><\/td><\/tr><tr><td width=\"342\">\u00a0<\/td><td width=\"123\">\u00a0<\/td><td width=\"93\">\u00a0<\/td><\/tr><tr><td width=\"342\"><p><em>Plan mensual \u00abEducaci\u00f3n segura\u00bb \/ VERSICHERUNG Sichere Schulbildung (monatlich)<\/em><\/p><\/td><td width=\"123\">\u00a0<\/td><td width=\"93\"><em>17,65<\/em><\/td><\/tr><\/tbody><\/table><\/figure><p>\u00a0<\/p><h3>Transportkosten 2025-26<\/h3><table width=\"583\"><tbody><tr><td width=\"378\"><strong>MONATLICHER BETRAG<\/strong><\/td><td colspan=\"3\" width=\"179\"><strong>US$<\/strong><\/td><\/tr><tr><td width=\"378\"><strong>RUTAS\/ USUARIOS<\/strong><\/td><td width=\"57\"><strong>1\u00b0 hijo<\/strong><\/td><td width=\"57\"><strong>2\u00b0 hijo<\/strong><\/td><td width=\"66\"><strong>3\u00b0\/4\u00b0 hijo<\/strong><\/td><\/tr><tr><td width=\"378\"><p>Inicial, Kindergarten, Clases 1 \u2013 2<\/p><p>RUTA: Quito\/Valle de los Chillos\/Puembo \u2013 CAQ<\/p><\/td><td width=\"57\">109,00<\/td><td width=\"57\">82,00<\/td><td width=\"66\">34,00<\/td><\/tr><tr><td width=\"378\">Inicial, Kindergarten, Clases 1 \u2013 2 RUTA: Cumbay\u00e1\/Tumbaco \u2013 CAQ<\/td><td width=\"57\">100,00<\/td><td width=\"57\">75,00<\/td><td width=\"66\">34,00<\/td><\/tr><tr><td width=\"378\"><p>Clases 3 \u2013 12<\/p><p>RUTA: Quito\/Valle de los Chillos\/Puembo \u2013 CAQ<\/p><\/td><td width=\"57\">97,00<\/td><td width=\"57\">72,00<\/td><td width=\"66\">34,00<\/td><\/tr><tr><td width=\"378\"><p>Clases 3 \u2013 12<\/p><p>RUTA: Cumbay\u00e1\/Tumbaco \u2013 CAQ<\/p><\/td><td width=\"57\">93,00<\/td><td width=\"57\">70,00<\/td><td width=\"66\">34,00<\/td><\/tr><\/tbody><\/table><h3><br \/>Kasse<\/h3><p>Weitere Informationen zur <a href=\"https:\/\/www.caq.edu.ec\/de\/cobran\/\" target=\"_blank\" rel=\"noopener\">Kasse <\/a>finden sie hier.<\/p>\t\t\t\t\t\t\t\t<\/div>\n\t\t\t\t<\/div>\n\t\t\t\t\t<\/div>\n\t\t\t\t<\/div>\n\t\t\t\t<\/div>\n\t\t","protected":false},"excerpt":{"rendered":"<p>Kosten Schuljahr 2025-26: MATR\u00cdCULA Y PENSI\u00d3N \/ Einschreibegeb\u00fchr und Schulgeld Matr\u00edcula \/\u00a0 Einschreibegeb\u00fchr Pensi\u00f3n \/\u00a0 Schulgeld \u00a0 en \/ in US$ en \/ in US$ Inicial y Prekindergarten 442,87 709,00 Kindergarten 449,26 719,00 EDUCACI\u00d3N GENERAL B\u00c1SICA CLASES 1 \u2013 6 449,26 719,00 EDUCACI\u00d3N GENERAL B\u00c1SICA CLASES 7 \u2013 9 449,26 719,00 BACHILLERATO Secundaria 10 \u2013 [&hellip;]<\/p>\n","protected":false},"author":6,"featured_media":0,"parent":0,"menu_order":0,"comment_status":"closed","ping_status":"closed","template":"","meta":{"footnotes":""},"class_list":["post-57213","page","type-page","status-publish","hentry"],"yoast_head":"<!-- This site is optimized with the Yoast SEO plugin v27.4 - https:\/\/yoast.com\/product\/yoast-seo-wordpress\/ -->\n<title>Kosten - Colegio Alem\u00e1n Quito<\/title>\n<meta name=\"robots\" content=\"index, follow, max-snippet:-1, max-image-preview:large, max-video-preview:-1\" \/>\n<link rel=\"canonical\" href=\"https:\/\/www.caq.edu.ec\/de\/costos-aprobados\/\" \/>\n<meta property=\"og:locale\" content=\"de_DE\" \/>\n<meta property=\"og:type\" content=\"article\" \/>\n<meta property=\"og:title\" content=\"Kosten - Colegio Alem\u00e1n Quito\" \/>\n<meta property=\"og:description\" content=\"Kosten Schuljahr 2025-26: MATR\u00cdCULA Y PENSI\u00d3N \/ Einschreibegeb\u00fchr und Schulgeld Matr\u00edcula \/\u00a0 Einschreibegeb\u00fchr Pensi\u00f3n \/\u00a0 Schulgeld \u00a0 en \/ in US$ en \/ in US$ Inicial y Prekindergarten 442,87 709,00 Kindergarten 449,26 719,00 EDUCACI\u00d3N GENERAL B\u00c1SICA CLASES 1 \u2013 6 449,26 719,00 EDUCACI\u00d3N GENERAL B\u00c1SICA CLASES 7 \u2013 9 449,26 719,00 BACHILLERATO Secundaria 10 \u2013 [&hellip;]\" \/>\n<meta property=\"og:url\" content=\"https:\/\/www.caq.edu.ec\/de\/costos-aprobados\/\" \/>\n<meta property=\"og:site_name\" content=\"Colegio Alem\u00e1n Quito\" \/>\n<meta property=\"article:modified_time\" content=\"2026-02-02T17:29:40+00:00\" \/>\n<meta name=\"twitter:card\" content=\"summary_large_image\" \/>\n<meta name=\"twitter:label1\" content=\"Gesch\u00e4tzte Lesezeit\" \/>\n\t<meta name=\"twitter:data1\" content=\"1\u00a0Minute\" \/>\n<script type=\"application\/ld+json\" class=\"yoast-schema-graph\">{\"@context\":\"https:\\\/\\\/schema.org\",\"@graph\":[{\"@type\":\"WebPage\",\"@id\":\"https:\\\/\\\/www.caq.edu.ec\\\/de\\\/costos-aprobados\\\/\",\"url\":\"https:\\\/\\\/www.caq.edu.ec\\\/de\\\/costos-aprobados\\\/\",\"name\":\"Kosten - Colegio Alem\u00e1n Quito\",\"isPartOf\":{\"@id\":\"https:\\\/\\\/www.caq.edu.ec\\\/#website\"},\"datePublished\":\"2012-03-01T19:35:12+00:00\",\"dateModified\":\"2026-02-02T17:29:40+00:00\",\"breadcrumb\":{\"@id\":\"https:\\\/\\\/www.caq.edu.ec\\\/de\\\/costos-aprobados\\\/#breadcrumb\"},\"inLanguage\":\"de\",\"potentialAction\":[{\"@type\":\"ReadAction\",\"target\":[\"https:\\\/\\\/www.caq.edu.ec\\\/de\\\/costos-aprobados\\\/\"]}]},{\"@type\":\"BreadcrumbList\",\"@id\":\"https:\\\/\\\/www.caq.edu.ec\\\/de\\\/costos-aprobados\\\/#breadcrumb\",\"itemListElement\":[{\"@type\":\"ListItem\",\"position\":1,\"name\":\"Inicio\",\"item\":\"https:\\\/\\\/www.caq.edu.ec\\\/\"},{\"@type\":\"ListItem\",\"position\":2,\"name\":\"Kosten\"}]},{\"@type\":\"WebSite\",\"@id\":\"https:\\\/\\\/www.caq.edu.ec\\\/#website\",\"url\":\"https:\\\/\\\/www.caq.edu.ec\\\/\",\"name\":\"Colegio Alem\u00e1n Quito\",\"description\":\"Una puerta al mundo\",\"potentialAction\":[{\"@type\":\"SearchAction\",\"target\":{\"@type\":\"EntryPoint\",\"urlTemplate\":\"https:\\\/\\\/www.caq.edu.ec\\\/?s={search_term_string}\"},\"query-input\":{\"@type\":\"PropertyValueSpecification\",\"valueRequired\":true,\"valueName\":\"search_term_string\"}}],\"inLanguage\":\"de\"}]}<\/script>\n<!-- \/ Yoast SEO plugin. -->","yoast_head_json":{"title":"Kosten - Colegio Alem\u00e1n Quito","robots":{"index":"index","follow":"follow","max-snippet":"max-snippet:-1","max-image-preview":"max-image-preview:large","max-video-preview":"max-video-preview:-1"},"canonical":"https:\/\/www.caq.edu.ec\/de\/costos-aprobados\/","og_locale":"de_DE","og_type":"article","og_title":"Kosten - Colegio Alem\u00e1n Quito","og_description":"Kosten Schuljahr 2025-26: MATR\u00cdCULA Y PENSI\u00d3N \/ Einschreibegeb\u00fchr und Schulgeld Matr\u00edcula \/\u00a0 Einschreibegeb\u00fchr Pensi\u00f3n \/\u00a0 Schulgeld \u00a0 en \/ in US$ en \/ in US$ Inicial y Prekindergarten 442,87 709,00 Kindergarten 449,26 719,00 EDUCACI\u00d3N GENERAL B\u00c1SICA CLASES 1 \u2013 6 449,26 719,00 EDUCACI\u00d3N GENERAL B\u00c1SICA CLASES 7 \u2013 9 449,26 719,00 BACHILLERATO Secundaria 10 \u2013 [&hellip;]","og_url":"https:\/\/www.caq.edu.ec\/de\/costos-aprobados\/","og_site_name":"Colegio Alem\u00e1n Quito","article_modified_time":"2026-02-02T17:29:40+00:00","twitter_card":"summary_large_image","twitter_misc":{"Gesch\u00e4tzte Lesezeit":"1\u00a0Minute"},"schema":{"@context":"https:\/\/schema.org","@graph":[{"@type":"WebPage","@id":"https:\/\/www.caq.edu.ec\/de\/costos-aprobados\/","url":"https:\/\/www.caq.edu.ec\/de\/costos-aprobados\/","name":"Kosten - Colegio Alem\u00e1n Quito","isPartOf":{"@id":"https:\/\/www.caq.edu.ec\/#website"},"datePublished":"2012-03-01T19:35:12+00:00","dateModified":"2026-02-02T17:29:40+00:00","breadcrumb":{"@id":"https:\/\/www.caq.edu.ec\/de\/costos-aprobados\/#breadcrumb"},"inLanguage":"de","potentialAction":[{"@type":"ReadAction","target":["https:\/\/www.caq.edu.ec\/de\/costos-aprobados\/"]}]},{"@type":"BreadcrumbList","@id":"https:\/\/www.caq.edu.ec\/de\/costos-aprobados\/#breadcrumb","itemListElement":[{"@type":"ListItem","position":1,"name":"Inicio","item":"https:\/\/www.caq.edu.ec\/"},{"@type":"ListItem","position":2,"name":"Kosten"}]},{"@type":"WebSite","@id":"https:\/\/www.caq.edu.ec\/#website","url":"https:\/\/www.caq.edu.ec\/","name":"Colegio Alem\u00e1n Quito","description":"Una puerta al mundo","potentialAction":[{"@type":"SearchAction","target":{"@type":"EntryPoint","urlTemplate":"https:\/\/www.caq.edu.ec\/?s={search_term_string}"},"query-input":{"@type":"PropertyValueSpecification","valueRequired":true,"valueName":"search_term_string"}}],"inLanguage":"de"}]}},"_links":{"self":[{"href":"https:\/\/www.caq.edu.ec\/de\/wp-json\/wp\/v2\/pages\/57213","targetHints":{"allow":["GET"]}}],"collection":[{"href":"https:\/\/www.caq.edu.ec\/de\/wp-json\/wp\/v2\/pages"}],"about":[{"href":"https:\/\/www.caq.edu.ec\/de\/wp-json\/wp\/v2\/types\/page"}],"author":[{"embeddable":true,"href":"https:\/\/www.caq.edu.ec\/de\/wp-json\/wp\/v2\/users\/6"}],"replies":[{"embeddable":true,"href":"https:\/\/www.caq.edu.ec\/de\/wp-json\/wp\/v2\/comments?post=57213"}],"version-history":[{"count":15,"href":"https:\/\/www.caq.edu.ec\/de\/wp-json\/wp\/v2\/pages\/57213\/revisions"}],"predecessor-version":[{"id":71943,"href":"https:\/\/www.caq.edu.ec\/de\/wp-json\/wp\/v2\/pages\/57213\/revisions\/71943"}],"wp:attachment":[{"href":"https:\/\/www.caq.edu.ec\/de\/wp-json\/wp\/v2\/media?parent=57213"}],"curies":[{"name":"wp","href":"https:\/\/api.w.org\/{rel}","templated":true}]}}