{"id":57209,"date":"2012-02-27T21:19:38","date_gmt":"2012-02-28T02:19:38","guid":{"rendered":"https:\/\/www.caq.edu.ec\/cafeteria\/"},"modified":"2025-08-18T16:21:15","modified_gmt":"2025-08-18T21:21:15","slug":"cafeteria","status":"publish","type":"page","link":"https:\/\/www.caq.edu.ec\/de\/areas-de-apoyo\/cafeteria\/","title":{"rendered":"Cafeteria"},"content":{"rendered":"\t\t<div data-elementor-type=\"wp-page\" data-elementor-id=\"57209\" class=\"elementor elementor-57209 elementor-57049\" data-elementor-post-type=\"page\">\n\t\t\t\t\t\t<section class=\"elementor-section elementor-top-section elementor-element elementor-element-742d9554 elementor-section-boxed elementor-section-height-default elementor-section-height-default\" data-id=\"742d9554\" data-element_type=\"section\" data-e-type=\"section\">\n\t\t\t\t\t\t<div class=\"elementor-container elementor-column-gap-default\">\n\t\t\t\t\t<div class=\"elementor-column elementor-col-100 elementor-top-column elementor-element elementor-element-5e2adbc5\" data-id=\"5e2adbc5\" data-element_type=\"column\" data-e-type=\"column\">\n\t\t\t<div class=\"elementor-widget-wrap elementor-element-populated\">\n\t\t\t\t\t\t<div class=\"elementor-element elementor-element-78cf2a30 elementor-widget elementor-widget-text-editor\" data-id=\"78cf2a30\" data-element_type=\"widget\" data-e-type=\"widget\" data-widget_type=\"text-editor.default\">\n\t\t\t\t<div class=\"elementor-widget-container\">\n\t\t\t\t\t\t\t\t\t<h3>La Colina del Chef<\/h3><p><span lang=\"DE\">Ab dem Schuljahr\u00a02022-23 hat die DSQ einen neuen Cafeteria- und Verpflegungsdienstleister (f\u00fcr\u00a0Snacks und Mittagessen): &#8222;La Colina del Chef&#8220;.<\/span><\/p><p><span style=\"text-align: var(--text-align); color: var( --e-global-color-d429344 );\">La Colina del\u00a0Chef engagiert sich f\u00fcr die Schulgemeinschaft und schafft Monat f\u00fcr Monat neue\u00a0Angebote f\u00fcr Snacks und Mittagessen. Wir sind der festen \u00dcberzeugung, dass\u00a0Eltern, Schule und Caterer gemeinsam die Verantwortung f\u00fcr eine gesunde Ern\u00e4hrung\u00a0der Sch\u00fcler in allen Altersstufen tragen. Um einen integrierten Service zu\u00a0bieten, hat la Colina del Chef eine App entwickelt, die auf AppleStore und\u00a0GooglePlay zur Verf\u00fcgung steht. Durch dieses Mittel werden alle Zahlungen\u00a0vorgenommen.<\/span><\/p><p><span style=\"text-align: var(--text-align); color: var( --e-global-color-d429344 );\"> <a href=\"https:\/\/www.caq.edu.ec\/wp-content\/uploads\/2024\/10\/VIDEO-DISTRIBUCION-COMEDOR.mp4\" target=\"_blank\" rel=\"noopener\">Aufteilung Cafeteria Pl\u00e4tze_Nov.24<\/a><\/span><\/p><h3>Modus operandi<\/h3><ul><li style=\"list-style-type: none;\">\u00a0<\/li><\/ul><ul><li style=\"list-style-type: none;\"><ul><li>Wir bieten diesen Dienst f\u00fcr die alle Sch\u00fcler und Mitarbeiter der DSQ an. Jedes Elternteil muss sich als Benutzer registrieren, dann ein Profil f\u00fcr sein(e) Kind(er) erstellen, die Abteilung (Kindergarten, Primaria oder Sekundaria) und die Klasse angeben. Schlie\u00dflich wird ein Saldo hochgeladen..<\/li><\/ul><\/li><\/ul><ul><li style=\"list-style-type: none;\"><ul><li><span style=\"background-color: transparent; text-align: var(--text-align); color: var( --e-global-color-d429344 );\">DSQ-Mitarbeiter m\u00fcssen sich auf dieselbe App registrieren. Das Unternehmen &#8222;La Colina del Chef&#8220; garantiert absolute Vertraulichkeit im Umgang mit den Informationen.<\/span><\/li><\/ul><\/li><\/ul><ul><li style=\"list-style-type: none;\"><ul><li>Die Sch\u00fcler werden bei der Essensausgabe mit ihrem Namen und ihrem Fingerabdruck identifiziert; daher ist die Registrierung in der App eine Voraussetzung f\u00fcr den Einkauf.<\/li><\/ul><\/li><\/ul><ul><li>F\u00fcr eine optimale Nutzung der App wird empfohlen, die beigef\u00fcgten Benutzerhandb\u00fccher und Vorschl\u00e4ge zum Aufladen zu lesen (nur auf Spanisch):<\/li><\/ul><p><a href=\"https:\/\/www.caq.edu.ec\/wp-content\/uploads\/2024\/07\/Manual-de-uso-Primaria-Secundaria-y-Colaboradores-2024.pdf\" target=\"_blank\" rel=\"noopener\">Manual-de-uso-Primaria-Secundaria-y-Colaboradores-2024<\/a><\/p><p><a href=\"https:\/\/www.caq.edu.ec\/wp-content\/uploads\/2024\/02\/C_Sugerencias-Recargas_060224.pdf\" target=\"_blank\" rel=\"noopener\">\u00bfC\u00f3mo hacer las recargas en la app?<\/a><\/p><p><a href=\"https:\/\/www.caq.edu.ec\/wp-content\/uploads\/2024\/07\/PREGUNTAS-FRECUENTES-CAQ.pdf\" target=\"_blank\" rel=\"noopener\">FAQs<\/a><\/p><h3>Wichtige Information zum Umweltschutz<\/h3><p><span lang=\"DE\">La Colina del\u00a0Chef arbeitet Hand in Hand mit der Schulgemeinschaft, um jedes Jahr die\u00a0&#8222;Gr\u00fcner-Punkt&#8220;-Zertifizierung zu erlangen und aufrechtzuerhalten,<br \/>sowie seinen CO2-Fu\u00dfabdruck zu reduzieren. Aus diesem Grund wird Einwegplastik\u00a0bei der Aush\u00e4ndigung unserer Produkte auf ein Minimum reduziert. Es wird nur\u00a0bei Lebensmitteln verwendet, die aufgrund ihrer Eigenschaften nur auf diese\u00a0Weise verpackt werden m\u00fcssen. Die meisten Produkte zirkulieren in<br \/>Mehrwegbeh\u00e4ltern (Tupper), die t\u00e4glich gesammelt, gewaschen und desinfiziert\u00a0werden.<\/span><\/p><p><span lang=\"DE\">Rund um die\u00a0Schule befinden sich gelbe Depots mit Etiketten, in die die Plastik-Beh\u00e4lter\u00a0nach jedem Verbrauch eingeworfen werden m\u00fcssen. Wir bitten Sie daher um Ihre\u00a0Mithilfe, indem Sie Ihre Kinder zu Hause daran erinnern, dass die Plastik-Beh\u00e4lter\u00a0zur\u00fcckgegeben werden m\u00fcssen und nicht mit nach Hause genommen werden d\u00fcrfen.<\/span><\/p><p><span style=\"text-align: var(--text-align); color: var( --e-global-color-d429344 );\">Diese Arbeit\u00a0liegt in der Verantwortung der ganzen Schulgemeinschaft, damit wir gemeinsam\u00a0einen gro\u00dfen Beitrag zum Umweltschutz leisten!<\/span><span style=\"font-weight: bolder;\">.<\/span><\/p><h3>\u00a0<\/h3><h3>Wenn Sie Fragen haben, wenden Sie sich bitte an:<\/h3><p>Pamela Narv\u00e1ez; comedor@caq.edu.ec; soporteapp@lacolinadelchef.com.ec; 0963514337.<\/p><div><div><a style=\"background-color: #00953b;\" href=\"https:\/\/wa.me\/593963514337\" target=\"_blank\" rel=\"noreferrer noopener\">WhatsApp<\/a><\/div><\/div>\t\t\t\t\t\t\t\t<\/div>\n\t\t\t\t<\/div>\n\t\t\t\t\t<\/div>\n\t\t<\/div>\n\t\t\t\t\t<\/div>\n\t\t<\/section>\n\t\t\t\t<\/div>\n\t\t","protected":false},"excerpt":{"rendered":"<p>La Colina del Chef Ab dem Schuljahr\u00a02022-23 hat die DSQ einen neuen Cafeteria- und Verpflegungsdienstleister (f\u00fcr\u00a0Snacks und Mittagessen): &#8222;La Colina del Chef&#8220;. La Colina del\u00a0Chef engagiert sich f\u00fcr die Schulgemeinschaft und schafft Monat f\u00fcr Monat neue\u00a0Angebote f\u00fcr Snacks und Mittagessen. Wir sind der festen \u00dcberzeugung, dass\u00a0Eltern, Schule und Caterer gemeinsam die Verantwortung f\u00fcr eine gesunde [&hellip;]<\/p>\n","protected":false},"author":6,"featured_media":0,"parent":57249,"menu_order":0,"comment_status":"closed","ping_status":"closed","template":"","meta":{"footnotes":""},"class_list":["post-57209","page","type-page","status-publish","hentry"],"yoast_head":"<!-- This site is optimized with the Yoast SEO plugin v27.3 - https:\/\/yoast.com\/product\/yoast-seo-wordpress\/ -->\n<title>Cafeteria - Colegio Alem\u00e1n Quito<\/title>\n<meta name=\"robots\" content=\"index, follow, max-snippet:-1, max-image-preview:large, max-video-preview:-1\" \/>\n<link rel=\"canonical\" href=\"https:\/\/www.caq.edu.ec\/de\/areas-de-apoyo\/cafeteria\/\" \/>\n<meta property=\"og:locale\" content=\"de_DE\" \/>\n<meta property=\"og:type\" content=\"article\" \/>\n<meta property=\"og:title\" content=\"Cafeteria - Colegio Alem\u00e1n Quito\" \/>\n<meta property=\"og:description\" content=\"La Colina del Chef Ab dem Schuljahr\u00a02022-23 hat die DSQ einen neuen Cafeteria- und Verpflegungsdienstleister (f\u00fcr\u00a0Snacks und Mittagessen): &#8222;La Colina del Chef&#8220;. La Colina del\u00a0Chef engagiert sich f\u00fcr die Schulgemeinschaft und schafft Monat f\u00fcr Monat neue\u00a0Angebote f\u00fcr Snacks und Mittagessen. Wir sind der festen \u00dcberzeugung, dass\u00a0Eltern, Schule und Caterer gemeinsam die Verantwortung f\u00fcr eine gesunde [&hellip;]\" \/>\n<meta property=\"og:url\" content=\"https:\/\/www.caq.edu.ec\/de\/areas-de-apoyo\/cafeteria\/\" \/>\n<meta property=\"og:site_name\" content=\"Colegio Alem\u00e1n Quito\" \/>\n<meta property=\"article:modified_time\" content=\"2025-08-18T21:21:15+00:00\" \/>\n<meta name=\"twitter:card\" content=\"summary_large_image\" \/>\n<meta name=\"twitter:label1\" content=\"Gesch\u00e4tzte Lesezeit\" \/>\n\t<meta name=\"twitter:data1\" content=\"3\u00a0Minuten\" \/>\n<script type=\"application\/ld+json\" class=\"yoast-schema-graph\">{\"@context\":\"https:\\\/\\\/schema.org\",\"@graph\":[{\"@type\":\"WebPage\",\"@id\":\"https:\\\/\\\/www.caq.edu.ec\\\/de\\\/areas-de-apoyo\\\/cafeteria\\\/\",\"url\":\"https:\\\/\\\/www.caq.edu.ec\\\/de\\\/areas-de-apoyo\\\/cafeteria\\\/\",\"name\":\"Cafeteria - Colegio Alem\u00e1n Quito\",\"isPartOf\":{\"@id\":\"https:\\\/\\\/www.caq.edu.ec\\\/#website\"},\"datePublished\":\"2012-02-28T02:19:38+00:00\",\"dateModified\":\"2025-08-18T21:21:15+00:00\",\"breadcrumb\":{\"@id\":\"https:\\\/\\\/www.caq.edu.ec\\\/de\\\/areas-de-apoyo\\\/cafeteria\\\/#breadcrumb\"},\"inLanguage\":\"de\",\"potentialAction\":[{\"@type\":\"ReadAction\",\"target\":[\"https:\\\/\\\/www.caq.edu.ec\\\/de\\\/areas-de-apoyo\\\/cafeteria\\\/\"]}]},{\"@type\":\"BreadcrumbList\",\"@id\":\"https:\\\/\\\/www.caq.edu.ec\\\/de\\\/areas-de-apoyo\\\/cafeteria\\\/#breadcrumb\",\"itemListElement\":[{\"@type\":\"ListItem\",\"position\":1,\"name\":\"Inicio\",\"item\":\"https:\\\/\\\/www.caq.edu.ec\\\/\"},{\"@type\":\"ListItem\",\"position\":2,\"name\":\"Bereiche der Unterst\u00fctzung\",\"item\":\"https:\\\/\\\/www.caq.edu.ec\\\/de\\\/areas-de-apoyo\\\/\"},{\"@type\":\"ListItem\",\"position\":3,\"name\":\"Cafeteria\"}]},{\"@type\":\"WebSite\",\"@id\":\"https:\\\/\\\/www.caq.edu.ec\\\/#website\",\"url\":\"https:\\\/\\\/www.caq.edu.ec\\\/\",\"name\":\"Colegio Alem\u00e1n Quito\",\"description\":\"Una puerta al mundo\",\"potentialAction\":[{\"@type\":\"SearchAction\",\"target\":{\"@type\":\"EntryPoint\",\"urlTemplate\":\"https:\\\/\\\/www.caq.edu.ec\\\/?s={search_term_string}\"},\"query-input\":{\"@type\":\"PropertyValueSpecification\",\"valueRequired\":true,\"valueName\":\"search_term_string\"}}],\"inLanguage\":\"de\"}]}<\/script>\n<!-- \/ Yoast SEO plugin. -->","yoast_head_json":{"title":"Cafeteria - Colegio Alem\u00e1n Quito","robots":{"index":"index","follow":"follow","max-snippet":"max-snippet:-1","max-image-preview":"max-image-preview:large","max-video-preview":"max-video-preview:-1"},"canonical":"https:\/\/www.caq.edu.ec\/de\/areas-de-apoyo\/cafeteria\/","og_locale":"de_DE","og_type":"article","og_title":"Cafeteria - Colegio Alem\u00e1n Quito","og_description":"La Colina del Chef Ab dem Schuljahr\u00a02022-23 hat die DSQ einen neuen Cafeteria- und Verpflegungsdienstleister (f\u00fcr\u00a0Snacks und Mittagessen): &#8222;La Colina del Chef&#8220;. La Colina del\u00a0Chef engagiert sich f\u00fcr die Schulgemeinschaft und schafft Monat f\u00fcr Monat neue\u00a0Angebote f\u00fcr Snacks und Mittagessen. Wir sind der festen \u00dcberzeugung, dass\u00a0Eltern, Schule und Caterer gemeinsam die Verantwortung f\u00fcr eine gesunde [&hellip;]","og_url":"https:\/\/www.caq.edu.ec\/de\/areas-de-apoyo\/cafeteria\/","og_site_name":"Colegio Alem\u00e1n Quito","article_modified_time":"2025-08-18T21:21:15+00:00","twitter_card":"summary_large_image","twitter_misc":{"Gesch\u00e4tzte Lesezeit":"3\u00a0Minuten"},"schema":{"@context":"https:\/\/schema.org","@graph":[{"@type":"WebPage","@id":"https:\/\/www.caq.edu.ec\/de\/areas-de-apoyo\/cafeteria\/","url":"https:\/\/www.caq.edu.ec\/de\/areas-de-apoyo\/cafeteria\/","name":"Cafeteria - Colegio Alem\u00e1n Quito","isPartOf":{"@id":"https:\/\/www.caq.edu.ec\/#website"},"datePublished":"2012-02-28T02:19:38+00:00","dateModified":"2025-08-18T21:21:15+00:00","breadcrumb":{"@id":"https:\/\/www.caq.edu.ec\/de\/areas-de-apoyo\/cafeteria\/#breadcrumb"},"inLanguage":"de","potentialAction":[{"@type":"ReadAction","target":["https:\/\/www.caq.edu.ec\/de\/areas-de-apoyo\/cafeteria\/"]}]},{"@type":"BreadcrumbList","@id":"https:\/\/www.caq.edu.ec\/de\/areas-de-apoyo\/cafeteria\/#breadcrumb","itemListElement":[{"@type":"ListItem","position":1,"name":"Inicio","item":"https:\/\/www.caq.edu.ec\/"},{"@type":"ListItem","position":2,"name":"Bereiche der Unterst\u00fctzung","item":"https:\/\/www.caq.edu.ec\/de\/areas-de-apoyo\/"},{"@type":"ListItem","position":3,"name":"Cafeteria"}]},{"@type":"WebSite","@id":"https:\/\/www.caq.edu.ec\/#website","url":"https:\/\/www.caq.edu.ec\/","name":"Colegio Alem\u00e1n Quito","description":"Una puerta al mundo","potentialAction":[{"@type":"SearchAction","target":{"@type":"EntryPoint","urlTemplate":"https:\/\/www.caq.edu.ec\/?s={search_term_string}"},"query-input":{"@type":"PropertyValueSpecification","valueRequired":true,"valueName":"search_term_string"}}],"inLanguage":"de"}]}},"_links":{"self":[{"href":"https:\/\/www.caq.edu.ec\/de\/wp-json\/wp\/v2\/pages\/57209","targetHints":{"allow":["GET"]}}],"collection":[{"href":"https:\/\/www.caq.edu.ec\/de\/wp-json\/wp\/v2\/pages"}],"about":[{"href":"https:\/\/www.caq.edu.ec\/de\/wp-json\/wp\/v2\/types\/page"}],"author":[{"embeddable":true,"href":"https:\/\/www.caq.edu.ec\/de\/wp-json\/wp\/v2\/users\/6"}],"replies":[{"embeddable":true,"href":"https:\/\/www.caq.edu.ec\/de\/wp-json\/wp\/v2\/comments?post=57209"}],"version-history":[{"count":25,"href":"https:\/\/www.caq.edu.ec\/de\/wp-json\/wp\/v2\/pages\/57209\/revisions"}],"predecessor-version":[{"id":69416,"href":"https:\/\/www.caq.edu.ec\/de\/wp-json\/wp\/v2\/pages\/57209\/revisions\/69416"}],"up":[{"embeddable":true,"href":"https:\/\/www.caq.edu.ec\/de\/wp-json\/wp\/v2\/pages\/57249"}],"wp:attachment":[{"href":"https:\/\/www.caq.edu.ec\/de\/wp-json\/wp\/v2\/media?parent=57209"}],"curies":[{"name":"wp","href":"https:\/\/api.w.org\/{rel}","templated":true}]}}