{"id":57208,"date":"2012-02-23T20:50:54","date_gmt":"2012-02-24T01:50:54","guid":{"rendered":"https:\/\/www.caq.edu.ec\/musica\/"},"modified":"2025-09-17T10:38:00","modified_gmt":"2025-09-17T15:38:00","slug":"musica","status":"publish","type":"page","link":"https:\/\/www.caq.edu.ec\/de\/areas\/musica\/","title":{"rendered":"Musik"},"content":{"rendered":"\n<h2 class=\"wp-block-heading\">Kurzcharakterisierung und Ziele<\/h2>\n\n\n\n<p>Es gibt kaum ein anderes Feld, das uns unmittelbarer anspricht als die Musik. Wir tanzen, bewegen uns zur Musik, wir gehen in Konzerte, finden Vorbilder, tr\u00e4umen zur Musik. Wir singen und musizieren in der Familie, in der Schule, im Chor, in Musikgruppen, auf Feiern, in Bands, bei Karaoke u.v.a.m. Musik umgibt uns: Im Radio und Fernsehen, in der Werbung, in der Politik, in der Religion, im Kaufhaus, \u2026<\/p>\n\n\n\n<p>Im Musikunterricht wollen wir all diese Aspekte kennenlernen, erfahren, praktizieren, und uns \u00fcber diese austauschen.<\/p>\n\n\n\n<p>Ausgehend vom Musizieren, vom Zuh\u00f6ren und Beobachten, soll der Musikunterricht zur integralen Bildung beitragen, zunehmend mit dem Alter auch das kritische Reflektieren, sowie kulturgeschichtliche Zusammenh\u00e4nge und die daf\u00fcr notwendigen Kompetenzen vermitteln.<\/p>\n\n\n\n<h2 class=\"wp-block-heading\">Mitglieder der Fachschaft<\/h2>\n\n\n\n<figure class=\"wp-block-image size-large\"><img fetchpriority=\"high\" decoding=\"async\" width=\"1024\" height=\"646\" src=\"https:\/\/www.caq.edu.ec\/wp-content\/uploads\/2025\/08\/CAQ-area-musica-2025-1024x646.jpg\" alt=\"\" class=\"wp-image-69942\" srcset=\"https:\/\/www.caq.edu.ec\/wp-content\/uploads\/2025\/08\/CAQ-area-musica-2025-1024x646.jpg 1024w, https:\/\/www.caq.edu.ec\/wp-content\/uploads\/2025\/08\/CAQ-area-musica-2025-300x189.jpg 300w, https:\/\/www.caq.edu.ec\/wp-content\/uploads\/2025\/08\/CAQ-area-musica-2025-768x484.jpg 768w, https:\/\/www.caq.edu.ec\/wp-content\/uploads\/2025\/08\/CAQ-area-musica-2025.jpg 1245w\" sizes=\"(max-width: 1024px) 100vw, 1024px\" \/><\/figure>\n\n\n\n<p><strong>Mitglieder der Fachschaft 2025-2026:<\/strong> Juan Landy, Alexey Uquillas, Jos\u00e9 Vallejo, David Calder\u00f3n, Dom\u00e9nica Villac\u00eds, Manuel Regalado, Eva Fierro Luna, Richard Hoffmann.<\/p>\n\n\n\n<h2 class=\"wp-block-heading\">Unterrichtsinhalte<\/h2>\n\n\n\n<p>In der Jahrgangsstufen 1+2 findet der Musikunterricht in enger Anbindung mit den Themen der Kompetenzbereiche der anderen F\u00e4cher statt (z.B. \u201eWer bin ich?\u201c \/ \u201eWas kann ich?\u201c)<\/p>\n\n\n\n<p>Von der 3. Bis zur 6. Klasse liegt der Schwerpunkt auf dem Musizieren, Theorie soll erg\u00e4nzend durch das Musizieren selbst erlernt werden. Ab der 5. Klasse setzt das Projekt \u201eMusik praktisch\u201c ein, bei welchem jedes Kind nach dessen Begabung in einer kleinen Gruppe ein Instrument erlernen wird. F\u00fcr dieses Projekt unterrichten an der DSQ 9 Musiklehrer\/innen.<\/p>\n\n\n\n<p>Ab der 7. Klasse ist der Musikunterricht deutlich mehr themenorientiert (z.B. \u201eMusik und Werbung\u201c \u2013 \u201eJazz\u201c \u2013 \u201eEcuadorianische Musik\u201c \u2013 \u201eMusikepochen\u201c \u2013 \u201eGattungen in der Musik\u201c \u2013 \u201eMusik und Politik\u201c)<\/p>\n\n\n\n<h3 class=\"wp-block-heading\">Fachmethoden<\/h3>\n\n\n\n<p>Nahezu der komplette Musikunterricht findet auf Deutsch statt, selbstverst\u00e4ndlich in einer der Altersstufe und den Kenntnissen angepassten Sprachniveau. Der Theorieunterricht wird ab der 3. Jahrgangsstufe ein eigens f\u00fcr die DSQ entworfenes zweisprachiges Heft eingesetzt, in welchem differenzierte Anleitungen, Aufgaben, M\u00f6glichkeiten zur Metakognition in vereinheitlichter Didaktik Anwendung finden.<\/p>\n\n\n\n<p>Jahrgangs\u00fcbergreifend kann ein von der Fachschaft entwickelnder \u201eMusikalit\u00e4tstest\u201c als Diagnosebogen angewandt werden, um spezielle musikalische F\u00e4higkeiten der einzelnen Kinder diagnostizieren zu k\u00f6nnen.<\/p>\n\n\n\n<p>Recherchieren, Umgang mit aktuellen Medien, Pr\u00e4sentieren, F\u00e4higkeit zu Transfers sind nur einige der Kompetenzen, die im Musikunterricht gelernt und angewendet werden. Selbstverst\u00e4ndlich wird auch in oberen Jahrgangsstufen die Musikpraxis nicht vernachl\u00e4ssigt.<\/p>\n\n\n\n<h3 class=\"wp-block-heading\">Leistungsanforderungen<\/h3>\n\n\n\n<p>In den Jahrgangstufen 3-9 wird eine schriftliche Klassenarbeit im Schuljahr geschrieben, die anderen Leistungsnachweise sind Projekte, m\u00fcndliche Beitr\u00e4ge, Mitarbeit und freiwillige Vorspiele. Die freiwillige Teilnahme an Chor, Orchester, Big Band, etc. kann in der Note Ber\u00fccksichtigung finden.<\/p>\n\n\n\n<h2 class=\"wp-block-heading\">Ausstattung<\/h2>\n\n\n\n<p>Im Musikbereich der DSQ haben wir herausragende Bedingungen, was R\u00e4umlichkeiten und sonstige Ausstattung betrifft: 4 gro\u00dfe Musiks\u00e4le, 5 \u00dcbungsr\u00e4ume, 2 Schlagzeugr\u00e4ume, ein gro\u00dfes Theater (600 Zuh\u00f6rer), ein kleines Theater (120 Zuh\u00f6rer), sowie eine f\u00fcr den Unterricht nutzbare Terrasse bieten ein au\u00dfergew\u00f6hnlich gro\u00dfes Raumangebot, das uns die M\u00f6glichkeit bietet, oft in kleineren Gruppen zu arbeiten. Davon sind alle R\u00e4ume mit Klavier\/ Keyboard ausgestattet. F\u00fcr die Sch\u00fcler\/innen gibt es die M\u00f6glichkeit, nahezu alle Blas- und Streichinstrumente auszuleihen. Ein ansehnliches Sortiment an Orffinstrumenten, aber auch an lateinamerikanischen Folkloreinstrumenten geh\u00f6rt ebenso zur Ausstattung wie die Instrumente f\u00fcr eine Rockband in jedem Musiksaal (Schlagzeug, E-Gitarre, E-Bass, Keyboard).<\/p>\n\n\n\n<p>Selbstverst\u00e4ndlich sind alle Musiks\u00e4le mit Computer, elektronischer Wandtafel mit Beamer, Stereoanlage und Internetanschluss, bzw. WiFi ausgestattet.<\/p>\n\n\n\n<h3 class=\"wp-block-heading\">Besonderheiten des Faches:<\/h3>\n\n\n\n<p>Au\u00dferhalb des curricularen Unterrichts bieten wir an<\/p>\n\n\n\n<ul class=\"wp-block-list\">\n<li>Chor 1.+2. Klasse<\/li>\n\n\n\n<li>Chor 3.+4. Klasse<\/li>\n\n\n\n<li>Jugendchor 5.-12.Klasse<\/li>\n\n\n\n<li>Orchester<\/li>\n\n\n\n<li>Big Band<\/li>\n\n\n\n<li>Schulband Pop-Rock<\/li>\n\n\n\n<li>Andeninstrumenten-Ensemble<\/li>\n<\/ul>\n\n\n\n<h3 class=\"wp-block-heading\">Weiterf\u00fchrende Informationen<\/h3>\n\n\n\n<ul class=\"wp-block-list\">\n<li>\u201eCoro Vivace\u201c \u2013 Chorprojekt der drei Deutschen Schulen in Ecuador (Cuenca, Guayaquil, Quito)<\/li>\n\n\n\n<li>Schulinterner Bandwettbewerb (5.-12. Klasse)<\/li>\n\n\n\n<li>Beteiligung an Festivals und Wettbewerben au\u00dferhalb der Schule<\/li>\n<\/ul>\n\n\n\n<h3 class=\"wp-block-heading\">Fachleitung 2025\/26<\/h3>\n\n\n\n<p>Sekundaria (7-12): Richard Hoffmann (<a href=\"mailto:richard.hoffmann@caq.edu.ec\" target=\"_blank\" rel=\"noreferrer noopener\">richard.hoffmann@caq.edu.ec<\/a>)<\/p>\n\n\n\n<p>Primaria (1-6): Eva Fierro Luna (<a href=\"mailto:eva.fierro@caq.edu.ec\">eva.fierro@caq.edu.ec<\/a>)<\/p>\n","protected":false},"excerpt":{"rendered":"<p>Kurzcharakterisierung und Ziele Es gibt kaum ein anderes Feld, das uns unmittelbarer anspricht als die Musik. Wir tanzen, bewegen uns zur Musik, wir gehen in Konzerte, finden Vorbilder, tr\u00e4umen zur Musik. Wir singen und musizieren in der Familie, in der Schule, im Chor, in Musikgruppen, auf Feiern, in Bands, bei Karaoke u.v.a.m. Musik umgibt uns: [&hellip;]<\/p>\n","protected":false},"author":6,"featured_media":0,"parent":57234,"menu_order":0,"comment_status":"closed","ping_status":"closed","template":"","meta":{"footnotes":""},"class_list":["post-57208","page","type-page","status-publish","hentry"],"yoast_head":"<!-- This site is optimized with the Yoast SEO plugin v27.3 - https:\/\/yoast.com\/product\/yoast-seo-wordpress\/ -->\n<title>Musik - Colegio Alem\u00e1n Quito<\/title>\n<meta name=\"robots\" content=\"index, follow, max-snippet:-1, max-image-preview:large, max-video-preview:-1\" \/>\n<link rel=\"canonical\" href=\"https:\/\/www.caq.edu.ec\/de\/areas\/musica\/\" \/>\n<meta property=\"og:locale\" content=\"de_DE\" \/>\n<meta property=\"og:type\" content=\"article\" \/>\n<meta property=\"og:title\" content=\"Musik - Colegio Alem\u00e1n Quito\" \/>\n<meta property=\"og:description\" content=\"Kurzcharakterisierung und Ziele Es gibt kaum ein anderes Feld, das uns unmittelbarer anspricht als die Musik. Wir tanzen, bewegen uns zur Musik, wir gehen in Konzerte, finden Vorbilder, tr\u00e4umen zur Musik. Wir singen und musizieren in der Familie, in der Schule, im Chor, in Musikgruppen, auf Feiern, in Bands, bei Karaoke u.v.a.m. Musik umgibt uns: [&hellip;]\" \/>\n<meta property=\"og:url\" content=\"https:\/\/www.caq.edu.ec\/de\/areas\/musica\/\" \/>\n<meta property=\"og:site_name\" content=\"Colegio Alem\u00e1n Quito\" \/>\n<meta property=\"article:modified_time\" content=\"2025-09-17T15:38:00+00:00\" \/>\n<meta property=\"og:image\" content=\"https:\/\/www.caq.edu.ec\/wp-content\/uploads\/2025\/08\/CAQ-area-musica-2025.jpg\" \/>\n\t<meta property=\"og:image:width\" content=\"1245\" \/>\n\t<meta property=\"og:image:height\" content=\"785\" \/>\n\t<meta property=\"og:image:type\" content=\"image\/jpeg\" \/>\n<meta name=\"twitter:card\" content=\"summary_large_image\" \/>\n<meta name=\"twitter:label1\" content=\"Gesch\u00e4tzte Lesezeit\" \/>\n\t<meta name=\"twitter:data1\" content=\"3\u00a0Minuten\" \/>\n<script type=\"application\/ld+json\" class=\"yoast-schema-graph\">{\"@context\":\"https:\\\/\\\/schema.org\",\"@graph\":[{\"@type\":\"WebPage\",\"@id\":\"https:\\\/\\\/www.caq.edu.ec\\\/de\\\/areas\\\/musica\\\/\",\"url\":\"https:\\\/\\\/www.caq.edu.ec\\\/de\\\/areas\\\/musica\\\/\",\"name\":\"Musik - Colegio Alem\u00e1n Quito\",\"isPartOf\":{\"@id\":\"https:\\\/\\\/www.caq.edu.ec\\\/#website\"},\"primaryImageOfPage\":{\"@id\":\"https:\\\/\\\/www.caq.edu.ec\\\/de\\\/areas\\\/musica\\\/#primaryimage\"},\"image\":{\"@id\":\"https:\\\/\\\/www.caq.edu.ec\\\/de\\\/areas\\\/musica\\\/#primaryimage\"},\"thumbnailUrl\":\"https:\\\/\\\/www.caq.edu.ec\\\/wp-content\\\/uploads\\\/2025\\\/08\\\/CAQ-area-musica-2025-1024x646.jpg\",\"datePublished\":\"2012-02-24T01:50:54+00:00\",\"dateModified\":\"2025-09-17T15:38:00+00:00\",\"breadcrumb\":{\"@id\":\"https:\\\/\\\/www.caq.edu.ec\\\/de\\\/areas\\\/musica\\\/#breadcrumb\"},\"inLanguage\":\"de\",\"potentialAction\":[{\"@type\":\"ReadAction\",\"target\":[\"https:\\\/\\\/www.caq.edu.ec\\\/de\\\/areas\\\/musica\\\/\"]}]},{\"@type\":\"ImageObject\",\"inLanguage\":\"de\",\"@id\":\"https:\\\/\\\/www.caq.edu.ec\\\/de\\\/areas\\\/musica\\\/#primaryimage\",\"url\":\"https:\\\/\\\/www.caq.edu.ec\\\/wp-content\\\/uploads\\\/2025\\\/08\\\/CAQ-area-musica-2025-1024x646.jpg\",\"contentUrl\":\"https:\\\/\\\/www.caq.edu.ec\\\/wp-content\\\/uploads\\\/2025\\\/08\\\/CAQ-area-musica-2025-1024x646.jpg\"},{\"@type\":\"BreadcrumbList\",\"@id\":\"https:\\\/\\\/www.caq.edu.ec\\\/de\\\/areas\\\/musica\\\/#breadcrumb\",\"itemListElement\":[{\"@type\":\"ListItem\",\"position\":1,\"name\":\"Inicio\",\"item\":\"https:\\\/\\\/www.caq.edu.ec\\\/\"},{\"@type\":\"ListItem\",\"position\":2,\"name\":\"Fachschaften\",\"item\":\"https:\\\/\\\/www.caq.edu.ec\\\/de\\\/areas\\\/\"},{\"@type\":\"ListItem\",\"position\":3,\"name\":\"Musik\"}]},{\"@type\":\"WebSite\",\"@id\":\"https:\\\/\\\/www.caq.edu.ec\\\/#website\",\"url\":\"https:\\\/\\\/www.caq.edu.ec\\\/\",\"name\":\"Colegio Alem\u00e1n Quito\",\"description\":\"Una puerta al mundo\",\"potentialAction\":[{\"@type\":\"SearchAction\",\"target\":{\"@type\":\"EntryPoint\",\"urlTemplate\":\"https:\\\/\\\/www.caq.edu.ec\\\/?s={search_term_string}\"},\"query-input\":{\"@type\":\"PropertyValueSpecification\",\"valueRequired\":true,\"valueName\":\"search_term_string\"}}],\"inLanguage\":\"de\"}]}<\/script>\n<!-- \/ Yoast SEO plugin. -->","yoast_head_json":{"title":"Musik - Colegio Alem\u00e1n Quito","robots":{"index":"index","follow":"follow","max-snippet":"max-snippet:-1","max-image-preview":"max-image-preview:large","max-video-preview":"max-video-preview:-1"},"canonical":"https:\/\/www.caq.edu.ec\/de\/areas\/musica\/","og_locale":"de_DE","og_type":"article","og_title":"Musik - Colegio Alem\u00e1n Quito","og_description":"Kurzcharakterisierung und Ziele Es gibt kaum ein anderes Feld, das uns unmittelbarer anspricht als die Musik. Wir tanzen, bewegen uns zur Musik, wir gehen in Konzerte, finden Vorbilder, tr\u00e4umen zur Musik. Wir singen und musizieren in der Familie, in der Schule, im Chor, in Musikgruppen, auf Feiern, in Bands, bei Karaoke u.v.a.m. Musik umgibt uns: [&hellip;]","og_url":"https:\/\/www.caq.edu.ec\/de\/areas\/musica\/","og_site_name":"Colegio Alem\u00e1n Quito","article_modified_time":"2025-09-17T15:38:00+00:00","og_image":[{"width":1245,"height":785,"url":"https:\/\/www.caq.edu.ec\/wp-content\/uploads\/2025\/08\/CAQ-area-musica-2025.jpg","type":"image\/jpeg"}],"twitter_card":"summary_large_image","twitter_misc":{"Gesch\u00e4tzte Lesezeit":"3\u00a0Minuten"},"schema":{"@context":"https:\/\/schema.org","@graph":[{"@type":"WebPage","@id":"https:\/\/www.caq.edu.ec\/de\/areas\/musica\/","url":"https:\/\/www.caq.edu.ec\/de\/areas\/musica\/","name":"Musik - Colegio Alem\u00e1n Quito","isPartOf":{"@id":"https:\/\/www.caq.edu.ec\/#website"},"primaryImageOfPage":{"@id":"https:\/\/www.caq.edu.ec\/de\/areas\/musica\/#primaryimage"},"image":{"@id":"https:\/\/www.caq.edu.ec\/de\/areas\/musica\/#primaryimage"},"thumbnailUrl":"https:\/\/www.caq.edu.ec\/wp-content\/uploads\/2025\/08\/CAQ-area-musica-2025-1024x646.jpg","datePublished":"2012-02-24T01:50:54+00:00","dateModified":"2025-09-17T15:38:00+00:00","breadcrumb":{"@id":"https:\/\/www.caq.edu.ec\/de\/areas\/musica\/#breadcrumb"},"inLanguage":"de","potentialAction":[{"@type":"ReadAction","target":["https:\/\/www.caq.edu.ec\/de\/areas\/musica\/"]}]},{"@type":"ImageObject","inLanguage":"de","@id":"https:\/\/www.caq.edu.ec\/de\/areas\/musica\/#primaryimage","url":"https:\/\/www.caq.edu.ec\/wp-content\/uploads\/2025\/08\/CAQ-area-musica-2025-1024x646.jpg","contentUrl":"https:\/\/www.caq.edu.ec\/wp-content\/uploads\/2025\/08\/CAQ-area-musica-2025-1024x646.jpg"},{"@type":"BreadcrumbList","@id":"https:\/\/www.caq.edu.ec\/de\/areas\/musica\/#breadcrumb","itemListElement":[{"@type":"ListItem","position":1,"name":"Inicio","item":"https:\/\/www.caq.edu.ec\/"},{"@type":"ListItem","position":2,"name":"Fachschaften","item":"https:\/\/www.caq.edu.ec\/de\/areas\/"},{"@type":"ListItem","position":3,"name":"Musik"}]},{"@type":"WebSite","@id":"https:\/\/www.caq.edu.ec\/#website","url":"https:\/\/www.caq.edu.ec\/","name":"Colegio Alem\u00e1n Quito","description":"Una puerta al mundo","potentialAction":[{"@type":"SearchAction","target":{"@type":"EntryPoint","urlTemplate":"https:\/\/www.caq.edu.ec\/?s={search_term_string}"},"query-input":{"@type":"PropertyValueSpecification","valueRequired":true,"valueName":"search_term_string"}}],"inLanguage":"de"}]}},"_links":{"self":[{"href":"https:\/\/www.caq.edu.ec\/de\/wp-json\/wp\/v2\/pages\/57208","targetHints":{"allow":["GET"]}}],"collection":[{"href":"https:\/\/www.caq.edu.ec\/de\/wp-json\/wp\/v2\/pages"}],"about":[{"href":"https:\/\/www.caq.edu.ec\/de\/wp-json\/wp\/v2\/types\/page"}],"author":[{"embeddable":true,"href":"https:\/\/www.caq.edu.ec\/de\/wp-json\/wp\/v2\/users\/6"}],"replies":[{"embeddable":true,"href":"https:\/\/www.caq.edu.ec\/de\/wp-json\/wp\/v2\/comments?post=57208"}],"version-history":[{"count":10,"href":"https:\/\/www.caq.edu.ec\/de\/wp-json\/wp\/v2\/pages\/57208\/revisions"}],"predecessor-version":[{"id":70410,"href":"https:\/\/www.caq.edu.ec\/de\/wp-json\/wp\/v2\/pages\/57208\/revisions\/70410"}],"up":[{"embeddable":true,"href":"https:\/\/www.caq.edu.ec\/de\/wp-json\/wp\/v2\/pages\/57234"}],"wp:attachment":[{"href":"https:\/\/www.caq.edu.ec\/de\/wp-json\/wp\/v2\/media?parent=57208"}],"curies":[{"name":"wp","href":"https:\/\/api.w.org\/{rel}","templated":true}]}}