{"id":57207,"date":"2012-02-23T20:37:13","date_gmt":"2012-02-24T01:37:13","guid":{"rendered":"https:\/\/www.caq.edu.ec\/historia\/"},"modified":"2025-10-14T14:45:15","modified_gmt":"2025-10-14T19:45:15","slug":"historia","status":"publish","type":"page","link":"https:\/\/www.caq.edu.ec\/de\/areas\/historia\/","title":{"rendered":"Geschichte"},"content":{"rendered":"<h2>Pr\u00e4sentation<\/h2>\nDas Fach Geschichte betrachtet die Interaktion des Menschen mit Natur und Gesellschaft in ihrer zeitlichen Entwicklung. Dabei geht es nicht nur um Wissen \u00fcber die Vergangenheit, sondern auch um ein tieferes Verst\u00e4ndnis der Gegenwart in ihrer historischen Bedingtheit. Au\u00dferdem werden wichtige methodische Kompetenzen geschult und kritisches Urteilsverm\u00f6gen entwickelt.\n<h2>Mitglieder der Fachschaft<\/h2>\n\n<ul class=\"wp-block-list\">\n \t<li>Fabian Busse<\/li>\n \n \t<li>Anna Casademont<\/li>\n \n \t<li>Mirjam Maage<\/li>\n \n \t<li>Alexander Maser<\/li>\n<\/ul>\n\n<h2>Curriculum<\/h2>\nAb dem Schuljahr 2024\/2025 beginnen wir mit der Umsetzung des neuen Konzepts im Fach Geschichte, das weiterhin j\u00e4hrlich in den neuen Klassen umgesetzt wird.\n\nIn den Abiturklassen ist Geschichte ein fester Bestandteil des Unterrichts und kann als Pr\u00fcfungsfach im Abitur gew\u00e4hlt werden. Die Pr\u00fcfungen k\u00f6nnen schriftlich, m\u00fcndlich oder als Pr\u00e4sentationspr\u00fcfung abgelegt werden, wobei nur eine der Pr\u00fcfungsformen w\u00e4hlbar ist.\n\nDie Inhalte des Geschichtsunterrichts orientieren sich an den deutschen Lehrpl\u00e4nen, mit Schwerpunkten auf der deutschen, europ\u00e4ischen und internationalen Geschichte.\n<h2>Fachleiter<\/h2>\nFabian Busse (<a href=\"mailto:fabian.busse@caq.edu.ec\" target=\"_blank\" rel=\"noopener\">fabian.busse@caq.edu.ec<\/a>)","protected":false},"excerpt":{"rendered":"<p>Pr\u00e4sentation Das Fach Geschichte betrachtet die Interaktion des Menschen mit Natur und Gesellschaft in ihrer zeitlichen Entwicklung. Dabei geht es nicht nur um Wissen \u00fcber die Vergangenheit, sondern auch um ein tieferes Verst\u00e4ndnis der Gegenwart in ihrer historischen Bedingtheit. Au\u00dferdem werden wichtige methodische Kompetenzen geschult und kritisches Urteilsverm\u00f6gen entwickelt. Mitglieder der Fachschaft Curriculum Ab dem [&hellip;]<\/p>\n","protected":false},"author":6,"featured_media":0,"parent":57234,"menu_order":0,"comment_status":"closed","ping_status":"closed","template":"","meta":{"footnotes":""},"class_list":["post-57207","page","type-page","status-publish","hentry"],"yoast_head":"<!-- This site is optimized with the Yoast SEO plugin v27.3 - https:\/\/yoast.com\/product\/yoast-seo-wordpress\/ -->\n<title>Geschichte - Colegio Alem\u00e1n Quito<\/title>\n<meta name=\"robots\" content=\"index, follow, max-snippet:-1, max-image-preview:large, max-video-preview:-1\" \/>\n<link rel=\"canonical\" href=\"https:\/\/www.caq.edu.ec\/de\/areas\/historia\/\" \/>\n<meta property=\"og:locale\" content=\"de_DE\" \/>\n<meta property=\"og:type\" content=\"article\" \/>\n<meta property=\"og:title\" content=\"Geschichte - Colegio Alem\u00e1n Quito\" \/>\n<meta property=\"og:description\" content=\"Pr\u00e4sentation Das Fach Geschichte betrachtet die Interaktion des Menschen mit Natur und Gesellschaft in ihrer zeitlichen Entwicklung. Dabei geht es nicht nur um Wissen \u00fcber die Vergangenheit, sondern auch um ein tieferes Verst\u00e4ndnis der Gegenwart in ihrer historischen Bedingtheit. Au\u00dferdem werden wichtige methodische Kompetenzen geschult und kritisches Urteilsverm\u00f6gen entwickelt. Mitglieder der Fachschaft Curriculum Ab dem [&hellip;]\" \/>\n<meta property=\"og:url\" content=\"https:\/\/www.caq.edu.ec\/de\/areas\/historia\/\" \/>\n<meta property=\"og:site_name\" content=\"Colegio Alem\u00e1n Quito\" \/>\n<meta property=\"article:modified_time\" content=\"2025-10-14T19:45:15+00:00\" \/>\n<meta name=\"twitter:card\" content=\"summary_large_image\" \/>\n<meta name=\"twitter:label1\" content=\"Gesch\u00e4tzte Lesezeit\" \/>\n\t<meta name=\"twitter:data1\" content=\"1\u00a0Minute\" \/>\n<script type=\"application\/ld+json\" class=\"yoast-schema-graph\">{\"@context\":\"https:\\\/\\\/schema.org\",\"@graph\":[{\"@type\":\"WebPage\",\"@id\":\"https:\\\/\\\/www.caq.edu.ec\\\/de\\\/areas\\\/historia\\\/\",\"url\":\"https:\\\/\\\/www.caq.edu.ec\\\/de\\\/areas\\\/historia\\\/\",\"name\":\"Geschichte - Colegio Alem\u00e1n Quito\",\"isPartOf\":{\"@id\":\"https:\\\/\\\/www.caq.edu.ec\\\/#website\"},\"datePublished\":\"2012-02-24T01:37:13+00:00\",\"dateModified\":\"2025-10-14T19:45:15+00:00\",\"breadcrumb\":{\"@id\":\"https:\\\/\\\/www.caq.edu.ec\\\/de\\\/areas\\\/historia\\\/#breadcrumb\"},\"inLanguage\":\"de\",\"potentialAction\":[{\"@type\":\"ReadAction\",\"target\":[\"https:\\\/\\\/www.caq.edu.ec\\\/de\\\/areas\\\/historia\\\/\"]}]},{\"@type\":\"BreadcrumbList\",\"@id\":\"https:\\\/\\\/www.caq.edu.ec\\\/de\\\/areas\\\/historia\\\/#breadcrumb\",\"itemListElement\":[{\"@type\":\"ListItem\",\"position\":1,\"name\":\"Inicio\",\"item\":\"https:\\\/\\\/www.caq.edu.ec\\\/\"},{\"@type\":\"ListItem\",\"position\":2,\"name\":\"Fachschaften\",\"item\":\"https:\\\/\\\/www.caq.edu.ec\\\/de\\\/areas\\\/\"},{\"@type\":\"ListItem\",\"position\":3,\"name\":\"Geschichte\"}]},{\"@type\":\"WebSite\",\"@id\":\"https:\\\/\\\/www.caq.edu.ec\\\/#website\",\"url\":\"https:\\\/\\\/www.caq.edu.ec\\\/\",\"name\":\"Colegio Alem\u00e1n Quito\",\"description\":\"Una puerta al mundo\",\"potentialAction\":[{\"@type\":\"SearchAction\",\"target\":{\"@type\":\"EntryPoint\",\"urlTemplate\":\"https:\\\/\\\/www.caq.edu.ec\\\/?s={search_term_string}\"},\"query-input\":{\"@type\":\"PropertyValueSpecification\",\"valueRequired\":true,\"valueName\":\"search_term_string\"}}],\"inLanguage\":\"de\"}]}<\/script>\n<!-- \/ Yoast SEO plugin. -->","yoast_head_json":{"title":"Geschichte - Colegio Alem\u00e1n Quito","robots":{"index":"index","follow":"follow","max-snippet":"max-snippet:-1","max-image-preview":"max-image-preview:large","max-video-preview":"max-video-preview:-1"},"canonical":"https:\/\/www.caq.edu.ec\/de\/areas\/historia\/","og_locale":"de_DE","og_type":"article","og_title":"Geschichte - Colegio Alem\u00e1n Quito","og_description":"Pr\u00e4sentation Das Fach Geschichte betrachtet die Interaktion des Menschen mit Natur und Gesellschaft in ihrer zeitlichen Entwicklung. Dabei geht es nicht nur um Wissen \u00fcber die Vergangenheit, sondern auch um ein tieferes Verst\u00e4ndnis der Gegenwart in ihrer historischen Bedingtheit. Au\u00dferdem werden wichtige methodische Kompetenzen geschult und kritisches Urteilsverm\u00f6gen entwickelt. Mitglieder der Fachschaft Curriculum Ab dem [&hellip;]","og_url":"https:\/\/www.caq.edu.ec\/de\/areas\/historia\/","og_site_name":"Colegio Alem\u00e1n Quito","article_modified_time":"2025-10-14T19:45:15+00:00","twitter_card":"summary_large_image","twitter_misc":{"Gesch\u00e4tzte Lesezeit":"1\u00a0Minute"},"schema":{"@context":"https:\/\/schema.org","@graph":[{"@type":"WebPage","@id":"https:\/\/www.caq.edu.ec\/de\/areas\/historia\/","url":"https:\/\/www.caq.edu.ec\/de\/areas\/historia\/","name":"Geschichte - Colegio Alem\u00e1n Quito","isPartOf":{"@id":"https:\/\/www.caq.edu.ec\/#website"},"datePublished":"2012-02-24T01:37:13+00:00","dateModified":"2025-10-14T19:45:15+00:00","breadcrumb":{"@id":"https:\/\/www.caq.edu.ec\/de\/areas\/historia\/#breadcrumb"},"inLanguage":"de","potentialAction":[{"@type":"ReadAction","target":["https:\/\/www.caq.edu.ec\/de\/areas\/historia\/"]}]},{"@type":"BreadcrumbList","@id":"https:\/\/www.caq.edu.ec\/de\/areas\/historia\/#breadcrumb","itemListElement":[{"@type":"ListItem","position":1,"name":"Inicio","item":"https:\/\/www.caq.edu.ec\/"},{"@type":"ListItem","position":2,"name":"Fachschaften","item":"https:\/\/www.caq.edu.ec\/de\/areas\/"},{"@type":"ListItem","position":3,"name":"Geschichte"}]},{"@type":"WebSite","@id":"https:\/\/www.caq.edu.ec\/#website","url":"https:\/\/www.caq.edu.ec\/","name":"Colegio Alem\u00e1n Quito","description":"Una puerta al mundo","potentialAction":[{"@type":"SearchAction","target":{"@type":"EntryPoint","urlTemplate":"https:\/\/www.caq.edu.ec\/?s={search_term_string}"},"query-input":{"@type":"PropertyValueSpecification","valueRequired":true,"valueName":"search_term_string"}}],"inLanguage":"de"}]}},"_links":{"self":[{"href":"https:\/\/www.caq.edu.ec\/de\/wp-json\/wp\/v2\/pages\/57207","targetHints":{"allow":["GET"]}}],"collection":[{"href":"https:\/\/www.caq.edu.ec\/de\/wp-json\/wp\/v2\/pages"}],"about":[{"href":"https:\/\/www.caq.edu.ec\/de\/wp-json\/wp\/v2\/types\/page"}],"author":[{"embeddable":true,"href":"https:\/\/www.caq.edu.ec\/de\/wp-json\/wp\/v2\/users\/6"}],"replies":[{"embeddable":true,"href":"https:\/\/www.caq.edu.ec\/de\/wp-json\/wp\/v2\/comments?post=57207"}],"version-history":[{"count":5,"href":"https:\/\/www.caq.edu.ec\/de\/wp-json\/wp\/v2\/pages\/57207\/revisions"}],"predecessor-version":[{"id":71345,"href":"https:\/\/www.caq.edu.ec\/de\/wp-json\/wp\/v2\/pages\/57207\/revisions\/71345"}],"up":[{"embeddable":true,"href":"https:\/\/www.caq.edu.ec\/de\/wp-json\/wp\/v2\/pages\/57234"}],"wp:attachment":[{"href":"https:\/\/www.caq.edu.ec\/de\/wp-json\/wp\/v2\/media?parent=57207"}],"curies":[{"name":"wp","href":"https:\/\/api.w.org\/{rel}","templated":true}]}}