{"id":57205,"date":"2012-02-23T20:20:35","date_gmt":"2012-02-24T01:20:35","guid":{"rendered":"https:\/\/www.caq.edu.ec\/fisica\/"},"modified":"2024-09-22T18:01:51","modified_gmt":"2024-09-22T23:01:51","slug":"fisica","status":"publish","type":"page","link":"https:\/\/www.caq.edu.ec\/de\/areas\/fisica\/","title":{"rendered":"Physik"},"content":{"rendered":"<div class=\"x-main left\" role=\"main\">\n<article id=\"post-24283\" class=\"post-24283 page type-page status-publish hentry no-post-thumbnail\">\n<div class=\"entry-wrap\">\n<div class=\"entry-content content\">\n<h2>Pr\u00e4sentation<\/h2>\n<p>Der Beitrag des Physikunterrichts f\u00fcr die allgemeine Bildung ergibt sich sowohl aus der gesellschaftlichen Bedeutung physikalischer Erkenntnisse als auch aus den spezifischen Methoden, mit denen diese gewonnen werden. Im Unterricht setzen sich die Sch\u00fcler mit Objekten und Prozessen der nat\u00fcrlichen und technischen Lebenswelt auseinander. Sie entwickeln Vorstellungen \u00fcber den Aufbau der Materie vom Atom bis zum Kosmos. Dabei wird die Entwicklung eines eigenen Weltbildes gef\u00f6rdert. So leistet das Fach einen Beitrag zum Selbstverst\u00e4ndnis des Einzelnen.<\/p>\n<p>Eine wichtige Aufgabe des Physikunterrichts ist es, das Interesse und die Freude an der Besch\u00e4ftigung mit Themen aus Natur und Technik zu f\u00f6rdern. Entsprechende Neigungen und Begabungen werden best\u00e4rkt und weiterentwickelt.<\/p>\n<h2>Mitglieder der Fachschaft<\/h2>\n<ul>\n<li>Marcel Gn\u00e4dig<\/li>\n<li>Mateo Gonz\u00e1lez<\/li>\n<li>Jos\u00e9 Armando Renna<\/li>\n<li>Juliana Rudolph<\/li>\n<li>Liscar Ter\u00e1n<\/li>\n<li>Daniel Volkmann<\/li>\n<\/ul>\n<h2>Ziele des Faches<\/h2>\n<ul>\n<li>Auseinandersetzen mit physikalischen Sachverhalten in verschiedenen Lebensbereichen<\/li>\n<li>Anwenden physikalischer Denk- und Arbeitsweisen<\/li>\n<li>Entwickeln von Strategien zur Bearbeitung physikalischer Aufgaben-<br \/>\nund Problemstellungen<\/li>\n<li>Nutzen der Fachsprache sowie fachspezifischer Darstellungen<\/li>\n<li>Leisten eines Beitrages zur Entwicklung eines eigenen Weltbildes<\/li>\n<\/ul>\n<h2>Unterrichtsinhalte<\/h2>\n<p><strong>7. Klasse:<\/strong> Magnetismus, Elektrizit\u00e4tslehre I, Mechanik I<\/p>\n<p class=\"x_MsoNormal\"><b><span class=\"x_ContentPasted0\" lang=\"DE\">8. Klasse:<\/span><\/b><span class=\"x_ContentPasted0\" lang=\"DE\">\u00a0Optik, Elektrizit\u00e4tslehre II, MechanikII<\/span><span class=\"x_ContentPasted0\" lang=\"DE\">\u00a0<\/span><\/p>\n<p class=\"x_MsoNormal\"><b><span class=\"x_ContentPasted0\" lang=\"DE\">9. Klasse:<\/span><\/b><span class=\"x_ContentPasted0\" lang=\"DE\">\u00a0Struktur der Materie, Elektrizit\u00e4tslehre III<\/span><span class=\"x_ContentPasted0\" lang=\"DE\">\u00a0<\/span><\/p>\n<p class=\"x_MsoNormal\"><b><span class=\"x_ContentPasted0\" lang=\"DE\">10. Klasse:<\/span><\/b><span class=\"x_ContentPasted0\" lang=\"DE\">\u00a0Mechanik III, astronomische Weltbilder<\/span><span class=\"x_ContentPasted0\" lang=\"DE\">\u00a0<\/span><\/p>\n<p><strong>11. und 12. Klassen:<\/strong> Felder und ihre Wechselwirkungen (elektrische und magnetische Felder), Wellen und Teilchen (Schwingung und Wellen, Wellenoptik), Quantenphysik, Physik der Atomh\u00fclle, Physik des Atomkerns<\/p>\n<h2>Fachmethoden<\/h2>\n<p>Physikalische Sachverhalte werden durch anschauliche Experimente erlebbar und verst\u00e4ndlich gemacht. Dabei werden den SuS Grundz\u00fcge naturwissenschaftlichen Denkens und Experimentierens vermittelt. Der aktuelle Stoff wird in den meisten F\u00e4llen durch Sch\u00fclerexperimente untermauert. Eine Mathematisierung zur Ergebnisvorhersage erfolgt alters- und themenentsprechend.<\/p>\n<p>Begabtenf\u00f6rderung: MINT-AG<\/p>\n<h3><strong>Fachleiter<\/strong><\/h3>\n<p>Juliana Rudolph (<a href=\"mailto:juliana.rudolph@caq.edu.ec\">juliana.rudolph@caq.edu.ec<\/a>)<\/p>\n<\/div>\n<\/div>\n<\/article>\n<\/div>\n<aside class=\"x-sidebar right\" role=\"complementary\">\n<div id=\"nav_menu-13\" class=\"widget widget_nav_menu\"><\/div>\n<\/aside>\n","protected":false},"excerpt":{"rendered":"<p>Pr\u00e4sentation Der Beitrag des Physikunterrichts f\u00fcr die allgemeine Bildung ergibt sich sowohl aus der gesellschaftlichen Bedeutung physikalischer Erkenntnisse als auch aus den spezifischen Methoden, mit denen diese gewonnen werden. Im Unterricht setzen sich die Sch\u00fcler mit Objekten und Prozessen der nat\u00fcrlichen und technischen Lebenswelt auseinander. Sie entwickeln Vorstellungen \u00fcber den Aufbau der Materie vom Atom [&hellip;]<\/p>\n","protected":false},"author":6,"featured_media":0,"parent":57234,"menu_order":0,"comment_status":"closed","ping_status":"closed","template":"","meta":{"footnotes":""},"class_list":["post-57205","page","type-page","status-publish","hentry"],"yoast_head":"<!-- This site is optimized with the Yoast SEO plugin v27.3 - https:\/\/yoast.com\/product\/yoast-seo-wordpress\/ -->\n<title>Physik - Colegio Alem\u00e1n Quito<\/title>\n<meta name=\"robots\" content=\"index, follow, max-snippet:-1, max-image-preview:large, max-video-preview:-1\" \/>\n<link rel=\"canonical\" href=\"https:\/\/www.caq.edu.ec\/de\/areas\/fisica\/\" \/>\n<meta property=\"og:locale\" content=\"de_DE\" \/>\n<meta property=\"og:type\" content=\"article\" \/>\n<meta property=\"og:title\" content=\"Physik - Colegio Alem\u00e1n Quito\" \/>\n<meta property=\"og:description\" content=\"Pr\u00e4sentation Der Beitrag des Physikunterrichts f\u00fcr die allgemeine Bildung ergibt sich sowohl aus der gesellschaftlichen Bedeutung physikalischer Erkenntnisse als auch aus den spezifischen Methoden, mit denen diese gewonnen werden. Im Unterricht setzen sich die Sch\u00fcler mit Objekten und Prozessen der nat\u00fcrlichen und technischen Lebenswelt auseinander. Sie entwickeln Vorstellungen \u00fcber den Aufbau der Materie vom Atom [&hellip;]\" \/>\n<meta property=\"og:url\" content=\"https:\/\/www.caq.edu.ec\/de\/areas\/fisica\/\" \/>\n<meta property=\"og:site_name\" content=\"Colegio Alem\u00e1n Quito\" \/>\n<meta property=\"article:modified_time\" content=\"2024-09-22T23:01:51+00:00\" \/>\n<meta name=\"twitter:card\" content=\"summary_large_image\" \/>\n<meta name=\"twitter:label1\" content=\"Gesch\u00e4tzte Lesezeit\" \/>\n\t<meta name=\"twitter:data1\" content=\"2\u00a0Minuten\" \/>\n<script type=\"application\/ld+json\" class=\"yoast-schema-graph\">{\"@context\":\"https:\\\/\\\/schema.org\",\"@graph\":[{\"@type\":\"WebPage\",\"@id\":\"https:\\\/\\\/www.caq.edu.ec\\\/de\\\/areas\\\/fisica\\\/\",\"url\":\"https:\\\/\\\/www.caq.edu.ec\\\/de\\\/areas\\\/fisica\\\/\",\"name\":\"Physik - Colegio Alem\u00e1n Quito\",\"isPartOf\":{\"@id\":\"https:\\\/\\\/www.caq.edu.ec\\\/#website\"},\"datePublished\":\"2012-02-24T01:20:35+00:00\",\"dateModified\":\"2024-09-22T23:01:51+00:00\",\"breadcrumb\":{\"@id\":\"https:\\\/\\\/www.caq.edu.ec\\\/de\\\/areas\\\/fisica\\\/#breadcrumb\"},\"inLanguage\":\"de\",\"potentialAction\":[{\"@type\":\"ReadAction\",\"target\":[\"https:\\\/\\\/www.caq.edu.ec\\\/de\\\/areas\\\/fisica\\\/\"]}]},{\"@type\":\"BreadcrumbList\",\"@id\":\"https:\\\/\\\/www.caq.edu.ec\\\/de\\\/areas\\\/fisica\\\/#breadcrumb\",\"itemListElement\":[{\"@type\":\"ListItem\",\"position\":1,\"name\":\"Inicio\",\"item\":\"https:\\\/\\\/www.caq.edu.ec\\\/\"},{\"@type\":\"ListItem\",\"position\":2,\"name\":\"Fachschaften\",\"item\":\"https:\\\/\\\/www.caq.edu.ec\\\/de\\\/areas\\\/\"},{\"@type\":\"ListItem\",\"position\":3,\"name\":\"Physik\"}]},{\"@type\":\"WebSite\",\"@id\":\"https:\\\/\\\/www.caq.edu.ec\\\/#website\",\"url\":\"https:\\\/\\\/www.caq.edu.ec\\\/\",\"name\":\"Colegio Alem\u00e1n Quito\",\"description\":\"Una puerta al mundo\",\"potentialAction\":[{\"@type\":\"SearchAction\",\"target\":{\"@type\":\"EntryPoint\",\"urlTemplate\":\"https:\\\/\\\/www.caq.edu.ec\\\/?s={search_term_string}\"},\"query-input\":{\"@type\":\"PropertyValueSpecification\",\"valueRequired\":true,\"valueName\":\"search_term_string\"}}],\"inLanguage\":\"de\"}]}<\/script>\n<!-- \/ Yoast SEO plugin. -->","yoast_head_json":{"title":"Physik - Colegio Alem\u00e1n Quito","robots":{"index":"index","follow":"follow","max-snippet":"max-snippet:-1","max-image-preview":"max-image-preview:large","max-video-preview":"max-video-preview:-1"},"canonical":"https:\/\/www.caq.edu.ec\/de\/areas\/fisica\/","og_locale":"de_DE","og_type":"article","og_title":"Physik - Colegio Alem\u00e1n Quito","og_description":"Pr\u00e4sentation Der Beitrag des Physikunterrichts f\u00fcr die allgemeine Bildung ergibt sich sowohl aus der gesellschaftlichen Bedeutung physikalischer Erkenntnisse als auch aus den spezifischen Methoden, mit denen diese gewonnen werden. Im Unterricht setzen sich die Sch\u00fcler mit Objekten und Prozessen der nat\u00fcrlichen und technischen Lebenswelt auseinander. Sie entwickeln Vorstellungen \u00fcber den Aufbau der Materie vom Atom [&hellip;]","og_url":"https:\/\/www.caq.edu.ec\/de\/areas\/fisica\/","og_site_name":"Colegio Alem\u00e1n Quito","article_modified_time":"2024-09-22T23:01:51+00:00","twitter_card":"summary_large_image","twitter_misc":{"Gesch\u00e4tzte Lesezeit":"2\u00a0Minuten"},"schema":{"@context":"https:\/\/schema.org","@graph":[{"@type":"WebPage","@id":"https:\/\/www.caq.edu.ec\/de\/areas\/fisica\/","url":"https:\/\/www.caq.edu.ec\/de\/areas\/fisica\/","name":"Physik - Colegio Alem\u00e1n Quito","isPartOf":{"@id":"https:\/\/www.caq.edu.ec\/#website"},"datePublished":"2012-02-24T01:20:35+00:00","dateModified":"2024-09-22T23:01:51+00:00","breadcrumb":{"@id":"https:\/\/www.caq.edu.ec\/de\/areas\/fisica\/#breadcrumb"},"inLanguage":"de","potentialAction":[{"@type":"ReadAction","target":["https:\/\/www.caq.edu.ec\/de\/areas\/fisica\/"]}]},{"@type":"BreadcrumbList","@id":"https:\/\/www.caq.edu.ec\/de\/areas\/fisica\/#breadcrumb","itemListElement":[{"@type":"ListItem","position":1,"name":"Inicio","item":"https:\/\/www.caq.edu.ec\/"},{"@type":"ListItem","position":2,"name":"Fachschaften","item":"https:\/\/www.caq.edu.ec\/de\/areas\/"},{"@type":"ListItem","position":3,"name":"Physik"}]},{"@type":"WebSite","@id":"https:\/\/www.caq.edu.ec\/#website","url":"https:\/\/www.caq.edu.ec\/","name":"Colegio Alem\u00e1n Quito","description":"Una puerta al mundo","potentialAction":[{"@type":"SearchAction","target":{"@type":"EntryPoint","urlTemplate":"https:\/\/www.caq.edu.ec\/?s={search_term_string}"},"query-input":{"@type":"PropertyValueSpecification","valueRequired":true,"valueName":"search_term_string"}}],"inLanguage":"de"}]}},"_links":{"self":[{"href":"https:\/\/www.caq.edu.ec\/de\/wp-json\/wp\/v2\/pages\/57205","targetHints":{"allow":["GET"]}}],"collection":[{"href":"https:\/\/www.caq.edu.ec\/de\/wp-json\/wp\/v2\/pages"}],"about":[{"href":"https:\/\/www.caq.edu.ec\/de\/wp-json\/wp\/v2\/types\/page"}],"author":[{"embeddable":true,"href":"https:\/\/www.caq.edu.ec\/de\/wp-json\/wp\/v2\/users\/6"}],"replies":[{"embeddable":true,"href":"https:\/\/www.caq.edu.ec\/de\/wp-json\/wp\/v2\/comments?post=57205"}],"version-history":[{"count":2,"href":"https:\/\/www.caq.edu.ec\/de\/wp-json\/wp\/v2\/pages\/57205\/revisions"}],"predecessor-version":[{"id":64545,"href":"https:\/\/www.caq.edu.ec\/de\/wp-json\/wp\/v2\/pages\/57205\/revisions\/64545"}],"up":[{"embeddable":true,"href":"https:\/\/www.caq.edu.ec\/de\/wp-json\/wp\/v2\/pages\/57234"}],"wp:attachment":[{"href":"https:\/\/www.caq.edu.ec\/de\/wp-json\/wp\/v2\/media?parent=57205"}],"curies":[{"name":"wp","href":"https:\/\/api.w.org\/{rel}","templated":true}]}}