{"id":57202,"date":"2012-02-22T22:19:38","date_gmt":"2012-02-23T03:19:38","guid":{"rendered":"https:\/\/www.caq.edu.ec\/ingles\/"},"modified":"2025-09-24T11:04:42","modified_gmt":"2025-09-24T16:04:42","slug":"ingles","status":"publish","type":"page","link":"https:\/\/www.caq.edu.ec\/de\/areas\/ingles\/","title":{"rendered":"Englisch"},"content":{"rendered":"\n<p><\/p>\n\n\n<h2>Pr\u00e4sentation<\/h2>\n<p>Der Lehr-Lernprozess der englischen Sprache in der DSQ beginnt in der f\u00fcnften Klasse der Primaria. Im Alter von 10 Jahren werden die Sch\u00fcler formal mit der englischen Sprache vertraut gemacht, die f\u00fcr sie die zweite Fremdsprache ist, da sie mit Deutsch bzw. Spanisch fr\u00fcher anfangen.<\/p>\n<p>Unser Ziel ist es, folgende F\u00e4higkeiten zu entwickeln: H\u00f6rverstehen, Leseverstehen, Textproduktion und Sprechen. Bis zur 11. Klasse, im Alter von zwischen 16 und 17 Jahren, <strong>absolvieren alle Sch\u00fcler die Cambridge FCE-Pr\u00fcfung (Niveau B2-C1).<\/strong> Wer diese Pr\u00fcfung besteht, erh\u00e4lt das entsprechende internationale Zertifikat, das ein Leben lang G\u00fcltigkeit besitzt.<\/p>\n<p>Die verwendeten Lehrb\u00fccher werden von deutschen Verlagen produziert, die sowohl Schulen im In- als auch im Ausland benutzen. Jedes Schuljahr wird mindestens eine englischsprachige Lekt\u00fcre gelesen.<\/p>\n<p>Die Sch\u00fcler erf\u00fcllen alle gesetzlichen Anforderungen des ecuadorianischen Staates (Nationales Bachillerato) sowie des deutschen Systems (Deutsches Abitur).<\/p>\n<p><span data-olk-copy-source=\"MessageBody\">Unsere Sch\u00fclerinnen und Sch\u00fcler haben ab dem Schuljahr 2025\/26 die M\u00f6glichkeit, in der Klasse 7 das <strong>Key English Test (KET)<\/strong> der Cambridge University zu erlangen. Dieses Zertifikat dokumentiert den Lernfortschritt auf dem Weg zum Cambridge Certificate in Klasse 11.<\/span><\/p>\n<h2>Mitglieder der Fachschaft<\/h2>\n<ul>\n<li><span data-olk-copy-source=\"MessageBody\"> Juliane Ammon<\/span><\/li>\n<li><span data-olk-copy-source=\"MessageBody\">Corinna Kues<\/span><\/li>\n<li><span data-olk-copy-source=\"MessageBody\">Jana Rau-Dreher<\/span><\/li>\n<li><span data-olk-copy-source=\"MessageBody\">Matthias Neitzel (Fachleiter DIA-Klassen 10-12)<\/span><\/li>\n<li><span data-olk-copy-source=\"MessageBody\">Jan Reich<\/span><\/li>\n<li><span data-olk-copy-source=\"MessageBody\">Luc\u00eda Robalino<\/span><\/li>\n<li><span data-olk-copy-source=\"MessageBody\">David S\u00e1enz (Fachleiter DSD-Klassen 8-12)<\/span><\/li>\n<li><span data-olk-copy-source=\"MessageBody\">Evelyn P\u00e1ez<\/span><\/li>\n<li><span data-olk-copy-source=\"MessageBody\">Emma-Lou Senger (Fachleiterin Klassen 4-7)<\/span><\/li>\n<li><span data-olk-copy-source=\"MessageBody\">Matthias Fruck<\/span><\/li>\n<li><span data-olk-copy-source=\"MessageBody\">Nils Tremel<\/span><\/li>\n<\/ul>\n<h2>Curriculum<\/h2>\n<p>Zu Beginn der 5. Klasse konzentriert sich der Unterricht auf das Sprechen, bevor nach und nach bis einschlie\u00dflich der 9. Klasse alle grammatikalischen Ph\u00e4nomene eingef\u00fchrt sind. Strategisches Vokabellernen findet in den Jahrgangsstufen 5 bis 9 statt. In den Klassen 10 bis 12 wird \u2013 je nach Bedarf \u2013 Grammatik wiederholt und weiterer Wortschatz thematisch eingef\u00fchrt.<\/p>\n<h2>Fachleiter<\/h2>\n<p>Emma-Lou Senger 5-7 (<a href=\"mailto:emma-lou.senger@caq.edu.ec\" target=\"_blank\" rel=\"noopener\">emma-lou.senger@caq.edu.ec<\/a>)<\/p>\n<p>David S\u00e1enz DSD 8-12 (<a href=\"mailto:david.saenz@caq.edu.ec\" target=\"_blank\" rel=\"noopener\">david.saenz@caq.edu.ec<\/a>)<\/p>\n<p>Matthias Neitzel DIA 10-12 (<a href=\"mailto:matthias.neitzel@caq.edu.ec\" target=\"_blank\" rel=\"noopener\">matthias.neitzel@caq.edu.ec<\/a>)<\/p>","protected":false},"excerpt":{"rendered":"<p>Pr\u00e4sentation Der Lehr-Lernprozess der englischen Sprache in der DSQ beginnt in der f\u00fcnften Klasse der Primaria. Im Alter von 10 Jahren werden die Sch\u00fcler formal mit der englischen Sprache vertraut gemacht, die f\u00fcr sie die zweite Fremdsprache ist, da sie mit Deutsch bzw. Spanisch fr\u00fcher anfangen. Unser Ziel ist es, folgende F\u00e4higkeiten zu entwickeln: H\u00f6rverstehen, [&hellip;]<\/p>\n","protected":false},"author":6,"featured_media":0,"parent":57234,"menu_order":0,"comment_status":"closed","ping_status":"closed","template":"","meta":{"footnotes":""},"class_list":["post-57202","page","type-page","status-publish","hentry"],"yoast_head":"<!-- This site is optimized with the Yoast SEO plugin v27.4 - https:\/\/yoast.com\/product\/yoast-seo-wordpress\/ -->\n<title>Englisch - Colegio Alem\u00e1n Quito<\/title>\n<meta name=\"robots\" content=\"index, follow, max-snippet:-1, max-image-preview:large, max-video-preview:-1\" \/>\n<link rel=\"canonical\" href=\"https:\/\/www.caq.edu.ec\/de\/areas\/ingles\/\" \/>\n<meta property=\"og:locale\" content=\"de_DE\" \/>\n<meta property=\"og:type\" content=\"article\" \/>\n<meta property=\"og:title\" content=\"Englisch - Colegio Alem\u00e1n Quito\" \/>\n<meta property=\"og:description\" content=\"Pr\u00e4sentation Der Lehr-Lernprozess der englischen Sprache in der DSQ beginnt in der f\u00fcnften Klasse der Primaria. Im Alter von 10 Jahren werden die Sch\u00fcler formal mit der englischen Sprache vertraut gemacht, die f\u00fcr sie die zweite Fremdsprache ist, da sie mit Deutsch bzw. Spanisch fr\u00fcher anfangen. Unser Ziel ist es, folgende F\u00e4higkeiten zu entwickeln: H\u00f6rverstehen, [&hellip;]\" \/>\n<meta property=\"og:url\" content=\"https:\/\/www.caq.edu.ec\/de\/areas\/ingles\/\" \/>\n<meta property=\"og:site_name\" content=\"Colegio Alem\u00e1n Quito\" \/>\n<meta property=\"article:modified_time\" content=\"2025-09-24T16:04:42+00:00\" \/>\n<meta name=\"twitter:card\" content=\"summary_large_image\" \/>\n<meta name=\"twitter:label1\" content=\"Gesch\u00e4tzte Lesezeit\" \/>\n\t<meta name=\"twitter:data1\" content=\"2\u00a0Minuten\" \/>\n<script type=\"application\/ld+json\" class=\"yoast-schema-graph\">{\"@context\":\"https:\\\/\\\/schema.org\",\"@graph\":[{\"@type\":\"WebPage\",\"@id\":\"https:\\\/\\\/www.caq.edu.ec\\\/de\\\/areas\\\/ingles\\\/\",\"url\":\"https:\\\/\\\/www.caq.edu.ec\\\/de\\\/areas\\\/ingles\\\/\",\"name\":\"Englisch - Colegio Alem\u00e1n Quito\",\"isPartOf\":{\"@id\":\"https:\\\/\\\/www.caq.edu.ec\\\/#website\"},\"datePublished\":\"2012-02-23T03:19:38+00:00\",\"dateModified\":\"2025-09-24T16:04:42+00:00\",\"breadcrumb\":{\"@id\":\"https:\\\/\\\/www.caq.edu.ec\\\/de\\\/areas\\\/ingles\\\/#breadcrumb\"},\"inLanguage\":\"de\",\"potentialAction\":[{\"@type\":\"ReadAction\",\"target\":[\"https:\\\/\\\/www.caq.edu.ec\\\/de\\\/areas\\\/ingles\\\/\"]}]},{\"@type\":\"BreadcrumbList\",\"@id\":\"https:\\\/\\\/www.caq.edu.ec\\\/de\\\/areas\\\/ingles\\\/#breadcrumb\",\"itemListElement\":[{\"@type\":\"ListItem\",\"position\":1,\"name\":\"Inicio\",\"item\":\"https:\\\/\\\/www.caq.edu.ec\\\/\"},{\"@type\":\"ListItem\",\"position\":2,\"name\":\"Fachschaften\",\"item\":\"https:\\\/\\\/www.caq.edu.ec\\\/de\\\/areas\\\/\"},{\"@type\":\"ListItem\",\"position\":3,\"name\":\"Englisch\"}]},{\"@type\":\"WebSite\",\"@id\":\"https:\\\/\\\/www.caq.edu.ec\\\/#website\",\"url\":\"https:\\\/\\\/www.caq.edu.ec\\\/\",\"name\":\"Colegio Alem\u00e1n Quito\",\"description\":\"Una puerta al mundo\",\"potentialAction\":[{\"@type\":\"SearchAction\",\"target\":{\"@type\":\"EntryPoint\",\"urlTemplate\":\"https:\\\/\\\/www.caq.edu.ec\\\/?s={search_term_string}\"},\"query-input\":{\"@type\":\"PropertyValueSpecification\",\"valueRequired\":true,\"valueName\":\"search_term_string\"}}],\"inLanguage\":\"de\"}]}<\/script>\n<!-- \/ Yoast SEO plugin. -->","yoast_head_json":{"title":"Englisch - Colegio Alem\u00e1n Quito","robots":{"index":"index","follow":"follow","max-snippet":"max-snippet:-1","max-image-preview":"max-image-preview:large","max-video-preview":"max-video-preview:-1"},"canonical":"https:\/\/www.caq.edu.ec\/de\/areas\/ingles\/","og_locale":"de_DE","og_type":"article","og_title":"Englisch - Colegio Alem\u00e1n Quito","og_description":"Pr\u00e4sentation Der Lehr-Lernprozess der englischen Sprache in der DSQ beginnt in der f\u00fcnften Klasse der Primaria. Im Alter von 10 Jahren werden die Sch\u00fcler formal mit der englischen Sprache vertraut gemacht, die f\u00fcr sie die zweite Fremdsprache ist, da sie mit Deutsch bzw. Spanisch fr\u00fcher anfangen. Unser Ziel ist es, folgende F\u00e4higkeiten zu entwickeln: H\u00f6rverstehen, [&hellip;]","og_url":"https:\/\/www.caq.edu.ec\/de\/areas\/ingles\/","og_site_name":"Colegio Alem\u00e1n Quito","article_modified_time":"2025-09-24T16:04:42+00:00","twitter_card":"summary_large_image","twitter_misc":{"Gesch\u00e4tzte Lesezeit":"2\u00a0Minuten"},"schema":{"@context":"https:\/\/schema.org","@graph":[{"@type":"WebPage","@id":"https:\/\/www.caq.edu.ec\/de\/areas\/ingles\/","url":"https:\/\/www.caq.edu.ec\/de\/areas\/ingles\/","name":"Englisch - Colegio Alem\u00e1n Quito","isPartOf":{"@id":"https:\/\/www.caq.edu.ec\/#website"},"datePublished":"2012-02-23T03:19:38+00:00","dateModified":"2025-09-24T16:04:42+00:00","breadcrumb":{"@id":"https:\/\/www.caq.edu.ec\/de\/areas\/ingles\/#breadcrumb"},"inLanguage":"de","potentialAction":[{"@type":"ReadAction","target":["https:\/\/www.caq.edu.ec\/de\/areas\/ingles\/"]}]},{"@type":"BreadcrumbList","@id":"https:\/\/www.caq.edu.ec\/de\/areas\/ingles\/#breadcrumb","itemListElement":[{"@type":"ListItem","position":1,"name":"Inicio","item":"https:\/\/www.caq.edu.ec\/"},{"@type":"ListItem","position":2,"name":"Fachschaften","item":"https:\/\/www.caq.edu.ec\/de\/areas\/"},{"@type":"ListItem","position":3,"name":"Englisch"}]},{"@type":"WebSite","@id":"https:\/\/www.caq.edu.ec\/#website","url":"https:\/\/www.caq.edu.ec\/","name":"Colegio Alem\u00e1n Quito","description":"Una puerta al mundo","potentialAction":[{"@type":"SearchAction","target":{"@type":"EntryPoint","urlTemplate":"https:\/\/www.caq.edu.ec\/?s={search_term_string}"},"query-input":{"@type":"PropertyValueSpecification","valueRequired":true,"valueName":"search_term_string"}}],"inLanguage":"de"}]}},"_links":{"self":[{"href":"https:\/\/www.caq.edu.ec\/de\/wp-json\/wp\/v2\/pages\/57202","targetHints":{"allow":["GET"]}}],"collection":[{"href":"https:\/\/www.caq.edu.ec\/de\/wp-json\/wp\/v2\/pages"}],"about":[{"href":"https:\/\/www.caq.edu.ec\/de\/wp-json\/wp\/v2\/types\/page"}],"author":[{"embeddable":true,"href":"https:\/\/www.caq.edu.ec\/de\/wp-json\/wp\/v2\/users\/6"}],"replies":[{"embeddable":true,"href":"https:\/\/www.caq.edu.ec\/de\/wp-json\/wp\/v2\/comments?post=57202"}],"version-history":[{"count":7,"href":"https:\/\/www.caq.edu.ec\/de\/wp-json\/wp\/v2\/pages\/57202\/revisions"}],"predecessor-version":[{"id":70866,"href":"https:\/\/www.caq.edu.ec\/de\/wp-json\/wp\/v2\/pages\/57202\/revisions\/70866"}],"up":[{"embeddable":true,"href":"https:\/\/www.caq.edu.ec\/de\/wp-json\/wp\/v2\/pages\/57234"}],"wp:attachment":[{"href":"https:\/\/www.caq.edu.ec\/de\/wp-json\/wp\/v2\/media?parent=57202"}],"curies":[{"name":"wp","href":"https:\/\/api.w.org\/{rel}","templated":true}]}}