{"id":57197,"date":"2011-11-09T19:34:01","date_gmt":"2011-11-10T00:34:01","guid":{"rendered":"https:\/\/www.caq.edu.ec\/primaria\/"},"modified":"2025-09-03T17:11:10","modified_gmt":"2025-09-03T22:11:10","slug":"primaria","status":"publish","type":"page","link":"https:\/\/www.caq.edu.ec\/de\/secciones\/primaria\/","title":{"rendered":"Primaria"},"content":{"rendered":"\t\t<div data-elementor-type=\"wp-page\" data-elementor-id=\"57197\" class=\"elementor elementor-57197 elementor-57031\" data-elementor-post-type=\"page\">\n\t\t\t\t<div class=\"elementor-element elementor-element-3b113d0 e-flex e-con-boxed e-con e-parent\" data-id=\"3b113d0\" data-element_type=\"container\" data-e-type=\"container\">\n\t\t\t\t\t<div class=\"e-con-inner\">\n\t\t<div class=\"elementor-element elementor-element-3bc0099 e-con-full e-flex e-con e-child\" data-id=\"3bc0099\" data-element_type=\"container\" data-e-type=\"container\">\n\t\t\t\t<div class=\"elementor-element elementor-element-093c741 elementor-widget elementor-widget-image\" data-id=\"093c741\" data-element_type=\"widget\" data-e-type=\"widget\" data-widget_type=\"image.default\">\n\t\t\t\t<div class=\"elementor-widget-container\">\n\t\t\t\t\t\t\t\t\t\t\t\t\t\t\t<img fetchpriority=\"high\" decoding=\"async\" width=\"250\" height=\"250\" src=\"https:\/\/www.caq.edu.ec\/wp-content\/uploads\/2025\/05\/Gerd-O.jpg\" class=\"attachment-full size-full wp-image-67855\" alt=\"\" srcset=\"https:\/\/www.caq.edu.ec\/wp-content\/uploads\/2025\/05\/Gerd-O.jpg 250w, https:\/\/www.caq.edu.ec\/wp-content\/uploads\/2025\/05\/Gerd-O-150x150.jpg 150w\" sizes=\"(max-width: 250px) 100vw, 250px\" \/>\t\t\t\t\t\t\t\t\t\t\t\t\t\t\t<\/div>\n\t\t\t\t<\/div>\n\t\t\t\t<\/div>\n\t\t<div class=\"elementor-element elementor-element-4a0420f e-con-full e-flex e-con e-child\" data-id=\"4a0420f\" data-element_type=\"container\" data-e-type=\"container\">\n\t\t\t\t<div class=\"elementor-element elementor-element-1e792eb elementor-widget elementor-widget-text-editor\" data-id=\"1e792eb\" data-element_type=\"widget\" data-e-type=\"widget\" data-widget_type=\"text-editor.default\">\n\t\t\t\t<div class=\"elementor-widget-container\">\n\t\t\t\t\t\t\t\t\t<h2>Pr\u00e4sentation<\/h2><p>Im Namen des Kollegiums der Primaria der Deutschen Schule Quito begr\u00fc\u00dfe ich Sie alle ganz herzlich auf unserer Internetseite und freue mich \u00fcber Ihr Interesse.<\/p><p>Beim Eintritt in die Grundschule bringt jedes Kind unterschiedliche Lernvoraussetzungen mit. Kinder, die ihre fr\u00fchkindliche Bildung im Kindergarten an der Deutschen Schule in Quito begonnen haben, profitieren von einem nahtlosen \u00dcbergang, w\u00e4hrend sich Kinder mit einer anderen vorschulischen Bildung schnell bei uns einfinden und wohl f\u00fchlen werden. Unser Ziel ist es, eine Lernumgebung zu schaffen, in der sich die Kinder willkommen und wertgesch\u00e4tzt f\u00fchlen. Auch d\u00fcrfen sie hinsichtlich ihrer individuellen Entwicklung die wertvolle Erfahrung machen, wahrgenommen und akzeptiert zu werden.<\/p>\t\t\t\t\t\t\t\t<\/div>\n\t\t\t\t<\/div>\n\t\t\t\t<\/div>\n\t\t\t\t\t<\/div>\n\t\t\t\t<\/div>\n\t\t<div class=\"elementor-element elementor-element-23637e3 e-flex e-con-boxed e-con e-parent\" data-id=\"23637e3\" data-element_type=\"container\" data-e-type=\"container\">\n\t\t\t\t\t<div class=\"e-con-inner\">\n\t\t\t\t<div class=\"elementor-element elementor-element-1b0dfa3 elementor-widget elementor-widget-text-editor\" data-id=\"1b0dfa3\" data-element_type=\"widget\" data-e-type=\"widget\" data-widget_type=\"text-editor.default\">\n\t\t\t\t<div class=\"elementor-widget-container\">\n\t\t\t\t\t\t\t\t\t<p>Der Auftrag unserer Grundschule ist es, eine solide schulische Grundbildung zu vermitteln. Dazu geh\u00f6ren insbesondere die Schl\u00fcsselkompetenzen <strong>Lesen, Schreiben und Rechnen<\/strong>. Sie bilden die Grundlage f\u00fcr den Erfolg in allen anderen Bereichen und der Weiterbildung sowie f\u00fcr die Entwicklung von Eigenst\u00e4ndigkeit und Motivation zum lebenslangen Lernen. Jedes Kind muss seinen Lernbed\u00fcrfnissen entsprechend gef\u00f6rdert werden, was unter anderem durch Differenzierung im Unterricht geschieht. Dadurch kann jedes Kind Erfolgserlebnisse und F\u00e4higkeiten erwerben, was neben dem Lerneffekt auch zur Steigerung der Lernmotivation beitr\u00e4gt.<\/p><p>&#8222;Wir holen unsere Kinder dort ab, wo sie stehen.&#8220; Unsere Lehrkr\u00e4fte an der Deutschen Schule sind hochqualifizierte, vielseitige und inspirierte Kolleginnen und Kollegen, die das Unterrichten nicht nur als Job, sondern als Berufung sehen. Um die bestm\u00f6glichen Unterrichtsstandards und die berufliche Weiterentwicklung zu gew\u00e4hrleisten, bilden sich unsere Lehrerinnen und Lehrer stets fort.<\/p><p>Wir freuen uns, dass Sie sich auf unserer Homepage umschauen und sich einen Eindruck von unserer Schule verschaffen.<\/p><p><strong>Gerd Obermayer<\/strong><br \/><strong>Leiter der Primaria<\/strong><\/p><p>Nachfolgend finden Sie einen Link mit einem Interview:\u00a0<a href=\"https:\/\/youtu.be\/nMK9fUA2zDE\" target=\"_blank\" rel=\"noopener\"><span style=\"text-align: var(--text-align);\">https:\/\/youtu.be\/nMK9fUA2zDE<\/span><\/a><\/p><h2>\u00a0<\/h2><h2>Organisation<\/h2><h3>Klassen 1 bis 4<\/h3><div class=\"x_elementToProof\">In Klasse 1 werden alle Sch\u00fclerinnen und Sch\u00fcler zuerst in ihrer jeweiligen Erstsprache alfabetisiert. Zeitlich versetzt von ca. 3-5 Monaten wird dann die Alfabetisierung in der Zweitsprache nachgeschoben. Mathematik, Sachkunde und Musik haben alle Kinder ab der ersten Klasse auf Deutsch. Die \u00fcbrigen F\u00e4cher werden auf Spanisch unterrichtet. D.h. wir unterrichten in allen Klassen gem\u00e4\u00df einer binationalen Schule 50% der F\u00e4cher auf Deutsch und 50% auf Spanisch.<\/div><div class=\"x_elementToProof\">Das Zeugnis der ersten beiden Jahrg\u00e4nge beschreibt in Form eines Berichts den individuellen Lernfortschritt des Sch\u00fclers am Ende des Schuljahres. In den Klassen 1 und 2 gibt es nach dem ersten Schulhalbjahr ein sogenanntes Lernentwicklungsgespr\u00e4ch, welches den Eltern anhand eines Kompetenzrasters die Lernentwicklung des Kindes in den einzelnen Kernbereichen aufzeigt. Ab Klassenstufe 3 erhalten die Sch\u00fcler zus\u00e4tzlich Noten in den einzelnen F\u00e4chern.<\/div><h3>Klassen 5 und 6<\/h3><div class=\"x_elementToProof\">Ab der 5. Klasse kommt Englisch als 2. Fremdsprache hinzu. Neben den Kernf\u00e4chern Spanisch, Deutsch, Mathematik und Englisch gibt es in der Primaria einen breiten Raum f\u00fcr naturwissenschaftliche F\u00e4cher und vielf\u00e4ltige Aktivit\u00e4ten im Bereich Musik, Kunst und Sport. Auch r\u00e4umen wir dem Theater in der Primaria einen gro\u00dfen Platz ein.<\/div><div class=\"x_elementToProof\">Neben den traditionellen Unterrichtsformen geh\u00f6ren f\u00e4cher\u00fcbergreifender Unterricht, Projektunterricht, FuF (F\u00f6rdern und Fordern), Gruppenarbeit und Freiarbeit zum Unterrichtstableau.<\/div><h3>P\u00e4dagogische Mittagsbetreuung<\/h3><p>Ein wichtiges Bindeglied zwischen dem curricularen Unterricht und den am Nachmittag angebotenen Arbeitsgemeinschaften stellt die P\u00e4dagogische Mittagsbetreuung dar. Auf freiwilliger Basis melden die Eltern ihre Kinder zum gemeinsamen Mittagessen an. Danach wird eine Hausaufgabenbetreuung angeboten und im Anschluss daran nehmen die Kinder an einer der Arbeitsgemeinschaften teil.<\/p><h3>Instrumentalunterricht<\/h3><p>Um allen Kindern die M\u00f6glichkeit zu bieten, ein Instrument zu erlernen, ist der Musikunterricht in 5 und 6 so organisiert, dass sie in kleinen Gruppen unterschiedliche Instrumente ausprobieren und die Grundlagen erlernen. Bei entsprechendem Interesse k\u00f6nnen die Kinder dann ihre musikalische Laufbahn in der schuleigenen Musikschule fortsetzen.<\/p>\t\t\t\t\t\t\t\t<\/div>\n\t\t\t\t<\/div>\n\t\t\t\t\t<\/div>\n\t\t\t\t<\/div>\n\t\t<div class=\"elementor-element elementor-element-3ca2d99 e-flex e-con-boxed e-con e-parent\" data-id=\"3ca2d99\" data-element_type=\"container\" data-e-type=\"container\">\n\t\t\t\t\t<div class=\"e-con-inner\">\n\t\t<div class=\"elementor-element elementor-element-6539b36 e-con-full e-flex e-con e-child\" data-id=\"6539b36\" data-element_type=\"container\" data-e-type=\"container\">\n\t\t\t\t<div class=\"elementor-element elementor-element-322060d elementor-arrows-position-inside elementor-pagination-position-outside elementor-widget elementor-widget-image-carousel\" data-id=\"322060d\" data-element_type=\"widget\" data-e-type=\"widget\" data-settings=\"{&quot;slides_to_show&quot;:&quot;1&quot;,&quot;slides_to_show_tablet&quot;:&quot;1&quot;,&quot;navigation&quot;:&quot;both&quot;,&quot;autoplay&quot;:&quot;yes&quot;,&quot;pause_on_hover&quot;:&quot;yes&quot;,&quot;pause_on_interaction&quot;:&quot;yes&quot;,&quot;autoplay_speed&quot;:5000,&quot;infinite&quot;:&quot;yes&quot;,&quot;effect&quot;:&quot;slide&quot;,&quot;speed&quot;:500}\" data-widget_type=\"image-carousel.default\">\n\t\t\t\t<div class=\"elementor-widget-container\">\n\t\t\t\t\t\t\t<div class=\"elementor-image-carousel-wrapper swiper\" role=\"region\" aria-roledescription=\"carousel\" aria-label=\"Carrusel de im\u00e1genes\" dir=\"ltr\">\n\t\t\t<div class=\"elementor-image-carousel swiper-wrapper swiper-image-stretch\" aria-live=\"off\">\n\t\t\t\t\t\t\t\t<div class=\"swiper-slide\" role=\"group\" aria-roledescription=\"slide\" aria-label=\"1 von 4\"><figure class=\"swiper-slide-inner\"><img decoding=\"async\" class=\"swiper-slide-image\" src=\"https:\/\/www.caq.edu.ec\/wp-content\/uploads\/2023\/08\/CAQ-primaria-slider-4.jpg\" alt=\"CAQ-primaria-slider-4\" \/><\/figure><\/div><div class=\"swiper-slide\" role=\"group\" aria-roledescription=\"slide\" aria-label=\"2 von 4\"><figure class=\"swiper-slide-inner\"><img decoding=\"async\" class=\"swiper-slide-image\" src=\"https:\/\/www.caq.edu.ec\/wp-content\/uploads\/2023\/08\/CAQ-primaria-slider-1.jpg\" alt=\"CAQ-primaria-slider-1\" \/><\/figure><\/div><div class=\"swiper-slide\" role=\"group\" aria-roledescription=\"slide\" aria-label=\"3 von 4\"><figure class=\"swiper-slide-inner\"><img decoding=\"async\" class=\"swiper-slide-image\" src=\"https:\/\/www.caq.edu.ec\/wp-content\/uploads\/2023\/08\/CAQ-primaria-slider-2.jpg\" alt=\"CAQ-primaria-slider-2\" \/><\/figure><\/div><div class=\"swiper-slide\" role=\"group\" aria-roledescription=\"slide\" aria-label=\"4 von 4\"><figure class=\"swiper-slide-inner\"><img decoding=\"async\" class=\"swiper-slide-image\" src=\"https:\/\/www.caq.edu.ec\/wp-content\/uploads\/2023\/08\/CAQ-primaria-slider-3.jpg\" alt=\"CAQ-primaria-slider-3\" \/><\/figure><\/div>\t\t\t<\/div>\n\t\t\t\t\t\t\t\t\t\t\t\t<div class=\"elementor-swiper-button elementor-swiper-button-prev\" role=\"button\" tabindex=\"0\">\n\t\t\t\t\t\t<i aria-hidden=\"true\" class=\"eicon-chevron-left\"><\/i>\t\t\t\t\t<\/div>\n\t\t\t\t\t<div class=\"elementor-swiper-button elementor-swiper-button-next\" role=\"button\" tabindex=\"0\">\n\t\t\t\t\t\t<i aria-hidden=\"true\" class=\"eicon-chevron-right\"><\/i>\t\t\t\t\t<\/div>\n\t\t\t\t\n\t\t\t\t\t\t\t\t\t<div class=\"swiper-pagination\"><\/div>\n\t\t\t\t\t\t\t\t\t<\/div>\n\t\t\t\t\t\t<\/div>\n\t\t\t\t<\/div>\n\t\t\t\t<\/div>\n\t\t<div class=\"elementor-element elementor-element-38667cd e-con-full e-flex e-con e-child\" data-id=\"38667cd\" data-element_type=\"container\" data-e-type=\"container\">\n\t\t\t\t<div class=\"elementor-element elementor-element-c9e1fd8 elementor-widget elementor-widget-text-editor\" data-id=\"c9e1fd8\" data-element_type=\"widget\" data-e-type=\"widget\" data-widget_type=\"text-editor.default\">\n\t\t\t\t<div class=\"elementor-widget-container\">\n\t\t\t\t\t\t\t\t\t<h2>Lehrk\u00f6rper<\/h2>\n<p>An der DSQ gibt es 180 Lehrkr\u00e4fte und Erzieher, von denen 50 im Kindergarten arbeiten, 50 nur im Primariabereich, 40 im Primaria- und Sekundariabereich und 40 nur in der Sekundaria unterrichten. Wir haben 19 Lehrkr\u00e4fte aus Deutschland entsandt (15 ADLKs und 4 BPLKs).<\/p>\t\t\t\t\t\t\t\t<\/div>\n\t\t\t\t<\/div>\n\t\t\t\t<\/div>\n\t\t\t\t\t<\/div>\n\t\t\t\t<\/div>\n\t\t<div class=\"elementor-element elementor-element-a483518 e-flex e-con-boxed e-con e-child\" data-id=\"a483518\" data-element_type=\"container\" data-e-type=\"container\">\n\t\t\t\t\t<div class=\"e-con-inner\">\n\t\t\t\t<div class=\"elementor-element elementor-element-969cae9 elementor-align-justify elementor-mobile-align-justify elementor-widget__width-initial elementor-widget-mobile__width-inherit elementor-widget elementor-widget-button\" data-id=\"969cae9\" data-element_type=\"widget\" data-e-type=\"widget\" data-widget_type=\"button.default\">\n\t\t\t\t<div class=\"elementor-widget-container\">\n\t\t\t\t\t\t\t\t\t<div class=\"elementor-button-wrapper\">\n\t\t\t\t\t<a class=\"elementor-button elementor-button-link elementor-size-sm\" href=\"\/de\/dirigentes-primaria\">\n\t\t\t\t\t\t<span class=\"elementor-button-content-wrapper\">\n\t\t\t\t\t\t\t\t\t<span class=\"elementor-button-text\">Klassenlehrer<\/span>\n\t\t\t\t\t<\/span>\n\t\t\t\t\t<\/a>\n\t\t\t\t<\/div>\n\t\t\t\t\t\t\t\t<\/div>\n\t\t\t\t<\/div>\n\t\t\t\t<div class=\"elementor-element elementor-element-2819683 elementor-align-justify elementor-mobile-align-justify elementor-widget__width-initial elementor-widget-mobile__width-inherit elementor-widget elementor-widget-button\" data-id=\"2819683\" data-element_type=\"widget\" data-e-type=\"widget\" data-widget_type=\"button.default\">\n\t\t\t\t<div class=\"elementor-widget-container\">\n\t\t\t\t\t\t\t\t\t<div class=\"elementor-button-wrapper\">\n\t\t\t\t\t<a class=\"elementor-button elementor-button-link elementor-size-sm\" href=\"\/de\/secciones\/primaria\/coordinadores-de-nivel-primaria\/\">\n\t\t\t\t\t\t<span class=\"elementor-button-content-wrapper\">\n\t\t\t\t\t\t\t\t\t<span class=\"elementor-button-text\">Jahrgangskoordinatoren Primaria<\/span>\n\t\t\t\t\t<\/span>\n\t\t\t\t\t<\/a>\n\t\t\t\t<\/div>\n\t\t\t\t\t\t\t\t<\/div>\n\t\t\t\t<\/div>\n\t\t\t\t<div class=\"elementor-element elementor-element-03cbf77 elementor-align-justify elementor-mobile-align-justify elementor-widget__width-initial elementor-widget-mobile__width-inherit elementor-widget elementor-widget-button\" data-id=\"03cbf77\" data-element_type=\"widget\" data-e-type=\"widget\" data-widget_type=\"button.default\">\n\t\t\t\t<div class=\"elementor-widget-container\">\n\t\t\t\t\t\t\t\t\t<div class=\"elementor-button-wrapper\">\n\t\t\t\t\t<a class=\"elementor-button elementor-button-link elementor-size-sm\" href=\"\/de\/secciones\/primaria\/coordinadores-materias-primaria\/\">\n\t\t\t\t\t\t<span class=\"elementor-button-content-wrapper\">\n\t\t\t\t\t\t\t\t\t<span class=\"elementor-button-text\">Fachleitungen der Fachbereiche Primaria<\/span>\n\t\t\t\t\t<\/span>\n\t\t\t\t\t<\/a>\n\t\t\t\t<\/div>\n\t\t\t\t\t\t\t\t<\/div>\n\t\t\t\t<\/div>\n\t\t\t\t<div class=\"elementor-element elementor-element-a09bfd1 elementor-align-justify elementor-mobile-align-justify elementor-widget__width-initial elementor-widget-mobile__width-inherit elementor-widget elementor-widget-button\" data-id=\"a09bfd1\" data-element_type=\"widget\" data-e-type=\"widget\" data-widget_type=\"button.default\">\n\t\t\t\t<div class=\"elementor-widget-container\">\n\t\t\t\t\t\t\t\t\t<div class=\"elementor-button-wrapper\">\n\t\t\t\t\t<a class=\"elementor-button elementor-button-link elementor-size-sm\" href=\"\/de\/secciones\/primaria\/dece-primaria\/\">\n\t\t\t\t\t\t<span class=\"elementor-button-content-wrapper\">\n\t\t\t\t\t\t\t\t\t<span class=\"elementor-button-text\">DECE<\/span>\n\t\t\t\t\t<\/span>\n\t\t\t\t\t<\/a>\n\t\t\t\t<\/div>\n\t\t\t\t\t\t\t\t<\/div>\n\t\t\t\t<\/div>\n\t\t\t\t\t<\/div>\n\t\t\t\t<\/div>\n\t\t\t\t<\/div>\n\t\t","protected":false},"excerpt":{"rendered":"<p>Pr\u00e4sentation Im Namen des Kollegiums der Primaria der Deutschen Schule Quito begr\u00fc\u00dfe ich Sie alle ganz herzlich auf unserer Internetseite und freue mich \u00fcber Ihr Interesse. Beim Eintritt in die Grundschule bringt jedes Kind unterschiedliche Lernvoraussetzungen mit. Kinder, die ihre fr\u00fchkindliche Bildung im Kindergarten an der Deutschen Schule in Quito begonnen haben, profitieren von einem [&hellip;]<\/p>\n","protected":false},"author":6,"featured_media":0,"parent":57231,"menu_order":0,"comment_status":"closed","ping_status":"closed","template":"","meta":{"footnotes":""},"class_list":["post-57197","page","type-page","status-publish","hentry"],"yoast_head":"<!-- This site is optimized with the Yoast SEO plugin v27.3 - https:\/\/yoast.com\/product\/yoast-seo-wordpress\/ -->\n<title>Primaria - Colegio Alem\u00e1n Quito<\/title>\n<meta name=\"robots\" content=\"index, follow, max-snippet:-1, max-image-preview:large, max-video-preview:-1\" \/>\n<link rel=\"canonical\" href=\"https:\/\/www.caq.edu.ec\/de\/secciones\/primaria\/\" \/>\n<meta property=\"og:locale\" content=\"de_DE\" \/>\n<meta property=\"og:type\" content=\"article\" \/>\n<meta property=\"og:title\" content=\"Primaria - Colegio Alem\u00e1n Quito\" \/>\n<meta property=\"og:description\" content=\"Pr\u00e4sentation Im Namen des Kollegiums der Primaria der Deutschen Schule Quito begr\u00fc\u00dfe ich Sie alle ganz herzlich auf unserer Internetseite und freue mich \u00fcber Ihr Interesse. Beim Eintritt in die Grundschule bringt jedes Kind unterschiedliche Lernvoraussetzungen mit. Kinder, die ihre fr\u00fchkindliche Bildung im Kindergarten an der Deutschen Schule in Quito begonnen haben, profitieren von einem [&hellip;]\" \/>\n<meta property=\"og:url\" content=\"https:\/\/www.caq.edu.ec\/de\/secciones\/primaria\/\" \/>\n<meta property=\"og:site_name\" content=\"Colegio Alem\u00e1n Quito\" \/>\n<meta property=\"article:modified_time\" content=\"2025-09-03T22:11:10+00:00\" \/>\n<meta property=\"og:image\" content=\"https:\/\/www.caq.edu.ec\/wp-content\/uploads\/2025\/05\/Gerd-O.jpg\" \/>\n\t<meta property=\"og:image:width\" content=\"250\" \/>\n\t<meta property=\"og:image:height\" content=\"250\" \/>\n\t<meta property=\"og:image:type\" content=\"image\/jpeg\" \/>\n<meta name=\"twitter:card\" content=\"summary_large_image\" \/>\n<meta name=\"twitter:label1\" content=\"Gesch\u00e4tzte Lesezeit\" \/>\n\t<meta name=\"twitter:data1\" content=\"5\u00a0Minuten\" \/>\n<script type=\"application\/ld+json\" class=\"yoast-schema-graph\">{\"@context\":\"https:\\\/\\\/schema.org\",\"@graph\":[{\"@type\":\"WebPage\",\"@id\":\"https:\\\/\\\/www.caq.edu.ec\\\/de\\\/secciones\\\/primaria\\\/\",\"url\":\"https:\\\/\\\/www.caq.edu.ec\\\/de\\\/secciones\\\/primaria\\\/\",\"name\":\"Primaria - Colegio Alem\u00e1n Quito\",\"isPartOf\":{\"@id\":\"https:\\\/\\\/www.caq.edu.ec\\\/#website\"},\"primaryImageOfPage\":{\"@id\":\"https:\\\/\\\/www.caq.edu.ec\\\/de\\\/secciones\\\/primaria\\\/#primaryimage\"},\"image\":{\"@id\":\"https:\\\/\\\/www.caq.edu.ec\\\/de\\\/secciones\\\/primaria\\\/#primaryimage\"},\"thumbnailUrl\":\"https:\\\/\\\/www.caq.edu.ec\\\/wp-content\\\/uploads\\\/2025\\\/05\\\/Gerd-O.jpg\",\"datePublished\":\"2011-11-10T00:34:01+00:00\",\"dateModified\":\"2025-09-03T22:11:10+00:00\",\"breadcrumb\":{\"@id\":\"https:\\\/\\\/www.caq.edu.ec\\\/de\\\/secciones\\\/primaria\\\/#breadcrumb\"},\"inLanguage\":\"de\",\"potentialAction\":[{\"@type\":\"ReadAction\",\"target\":[\"https:\\\/\\\/www.caq.edu.ec\\\/de\\\/secciones\\\/primaria\\\/\"]}]},{\"@type\":\"ImageObject\",\"inLanguage\":\"de\",\"@id\":\"https:\\\/\\\/www.caq.edu.ec\\\/de\\\/secciones\\\/primaria\\\/#primaryimage\",\"url\":\"https:\\\/\\\/www.caq.edu.ec\\\/wp-content\\\/uploads\\\/2025\\\/05\\\/Gerd-O.jpg\",\"contentUrl\":\"https:\\\/\\\/www.caq.edu.ec\\\/wp-content\\\/uploads\\\/2025\\\/05\\\/Gerd-O.jpg\"},{\"@type\":\"BreadcrumbList\",\"@id\":\"https:\\\/\\\/www.caq.edu.ec\\\/de\\\/secciones\\\/primaria\\\/#breadcrumb\",\"itemListElement\":[{\"@type\":\"ListItem\",\"position\":1,\"name\":\"Inicio\",\"item\":\"https:\\\/\\\/www.caq.edu.ec\\\/\"},{\"@type\":\"ListItem\",\"position\":2,\"name\":\"Abteilungen\",\"item\":\"https:\\\/\\\/www.caq.edu.ec\\\/secciones\\\/\"},{\"@type\":\"ListItem\",\"position\":3,\"name\":\"Primaria\"}]},{\"@type\":\"WebSite\",\"@id\":\"https:\\\/\\\/www.caq.edu.ec\\\/#website\",\"url\":\"https:\\\/\\\/www.caq.edu.ec\\\/\",\"name\":\"Colegio Alem\u00e1n Quito\",\"description\":\"Una puerta al mundo\",\"potentialAction\":[{\"@type\":\"SearchAction\",\"target\":{\"@type\":\"EntryPoint\",\"urlTemplate\":\"https:\\\/\\\/www.caq.edu.ec\\\/?s={search_term_string}\"},\"query-input\":{\"@type\":\"PropertyValueSpecification\",\"valueRequired\":true,\"valueName\":\"search_term_string\"}}],\"inLanguage\":\"de\"}]}<\/script>\n<!-- \/ Yoast SEO plugin. -->","yoast_head_json":{"title":"Primaria - Colegio Alem\u00e1n Quito","robots":{"index":"index","follow":"follow","max-snippet":"max-snippet:-1","max-image-preview":"max-image-preview:large","max-video-preview":"max-video-preview:-1"},"canonical":"https:\/\/www.caq.edu.ec\/de\/secciones\/primaria\/","og_locale":"de_DE","og_type":"article","og_title":"Primaria - Colegio Alem\u00e1n Quito","og_description":"Pr\u00e4sentation Im Namen des Kollegiums der Primaria der Deutschen Schule Quito begr\u00fc\u00dfe ich Sie alle ganz herzlich auf unserer Internetseite und freue mich \u00fcber Ihr Interesse. Beim Eintritt in die Grundschule bringt jedes Kind unterschiedliche Lernvoraussetzungen mit. Kinder, die ihre fr\u00fchkindliche Bildung im Kindergarten an der Deutschen Schule in Quito begonnen haben, profitieren von einem [&hellip;]","og_url":"https:\/\/www.caq.edu.ec\/de\/secciones\/primaria\/","og_site_name":"Colegio Alem\u00e1n Quito","article_modified_time":"2025-09-03T22:11:10+00:00","og_image":[{"width":250,"height":250,"url":"https:\/\/www.caq.edu.ec\/wp-content\/uploads\/2025\/05\/Gerd-O.jpg","type":"image\/jpeg"}],"twitter_card":"summary_large_image","twitter_misc":{"Gesch\u00e4tzte Lesezeit":"5\u00a0Minuten"},"schema":{"@context":"https:\/\/schema.org","@graph":[{"@type":"WebPage","@id":"https:\/\/www.caq.edu.ec\/de\/secciones\/primaria\/","url":"https:\/\/www.caq.edu.ec\/de\/secciones\/primaria\/","name":"Primaria - Colegio Alem\u00e1n Quito","isPartOf":{"@id":"https:\/\/www.caq.edu.ec\/#website"},"primaryImageOfPage":{"@id":"https:\/\/www.caq.edu.ec\/de\/secciones\/primaria\/#primaryimage"},"image":{"@id":"https:\/\/www.caq.edu.ec\/de\/secciones\/primaria\/#primaryimage"},"thumbnailUrl":"https:\/\/www.caq.edu.ec\/wp-content\/uploads\/2025\/05\/Gerd-O.jpg","datePublished":"2011-11-10T00:34:01+00:00","dateModified":"2025-09-03T22:11:10+00:00","breadcrumb":{"@id":"https:\/\/www.caq.edu.ec\/de\/secciones\/primaria\/#breadcrumb"},"inLanguage":"de","potentialAction":[{"@type":"ReadAction","target":["https:\/\/www.caq.edu.ec\/de\/secciones\/primaria\/"]}]},{"@type":"ImageObject","inLanguage":"de","@id":"https:\/\/www.caq.edu.ec\/de\/secciones\/primaria\/#primaryimage","url":"https:\/\/www.caq.edu.ec\/wp-content\/uploads\/2025\/05\/Gerd-O.jpg","contentUrl":"https:\/\/www.caq.edu.ec\/wp-content\/uploads\/2025\/05\/Gerd-O.jpg"},{"@type":"BreadcrumbList","@id":"https:\/\/www.caq.edu.ec\/de\/secciones\/primaria\/#breadcrumb","itemListElement":[{"@type":"ListItem","position":1,"name":"Inicio","item":"https:\/\/www.caq.edu.ec\/"},{"@type":"ListItem","position":2,"name":"Abteilungen","item":"https:\/\/www.caq.edu.ec\/secciones\/"},{"@type":"ListItem","position":3,"name":"Primaria"}]},{"@type":"WebSite","@id":"https:\/\/www.caq.edu.ec\/#website","url":"https:\/\/www.caq.edu.ec\/","name":"Colegio Alem\u00e1n Quito","description":"Una puerta al mundo","potentialAction":[{"@type":"SearchAction","target":{"@type":"EntryPoint","urlTemplate":"https:\/\/www.caq.edu.ec\/?s={search_term_string}"},"query-input":{"@type":"PropertyValueSpecification","valueRequired":true,"valueName":"search_term_string"}}],"inLanguage":"de"}]}},"_links":{"self":[{"href":"https:\/\/www.caq.edu.ec\/de\/wp-json\/wp\/v2\/pages\/57197","targetHints":{"allow":["GET"]}}],"collection":[{"href":"https:\/\/www.caq.edu.ec\/de\/wp-json\/wp\/v2\/pages"}],"about":[{"href":"https:\/\/www.caq.edu.ec\/de\/wp-json\/wp\/v2\/types\/page"}],"author":[{"embeddable":true,"href":"https:\/\/www.caq.edu.ec\/de\/wp-json\/wp\/v2\/users\/6"}],"replies":[{"embeddable":true,"href":"https:\/\/www.caq.edu.ec\/de\/wp-json\/wp\/v2\/comments?post=57197"}],"version-history":[{"count":33,"href":"https:\/\/www.caq.edu.ec\/de\/wp-json\/wp\/v2\/pages\/57197\/revisions"}],"predecessor-version":[{"id":70210,"href":"https:\/\/www.caq.edu.ec\/de\/wp-json\/wp\/v2\/pages\/57197\/revisions\/70210"}],"up":[{"embeddable":true,"href":"https:\/\/www.caq.edu.ec\/de\/wp-json\/wp\/v2\/pages\/57231"}],"wp:attachment":[{"href":"https:\/\/www.caq.edu.ec\/de\/wp-json\/wp\/v2\/media?parent=57197"}],"curies":[{"name":"wp","href":"https:\/\/api.w.org\/{rel}","templated":true}]}}