{"id":57195,"date":"2012-03-21T21:21:44","date_gmt":"2012-03-22T02:21:44","guid":{"rendered":"https:\/\/www.caq.edu.ec\/intercambios\/"},"modified":"2023-06-01T15:42:10","modified_gmt":"2023-06-01T20:42:10","slug":"intercambios","status":"publish","type":"page","link":"https:\/\/www.caq.edu.ec\/de\/oferta-academica\/intercambios\/","title":{"rendered":"Austauschprogramme"},"content":{"rendered":"\n<p>Die Deutsche Schule Quito bietet den Sch\u00fclern der 9. Klasse (im Jahr 2023 pandemiebedingt auch den 10 Klassen) mit dem Austauschprogramm die M\u00f6glichkeit, einige Wochen am Unterricht an einer deutschen Schule teilzunehmen sowie das Land, die Sprache und Kultur, besser kennenzulernen. Bei diesem Austausch arbeitet die DSQ mit diversen deutschen Schulen in ganz Deutschland zusammen.<\/p>\n\n\n\n<h3 class=\"wp-block-heading\"><strong>Ziele<\/strong><\/h3>\n\n\n\n<p>Die Hauptziele des Sch\u00fcleraustauschs spiegeln sich im Profil der Deutschen Schule Quito wider und sind folgende:<\/p>\n\n\n\n<ul class=\"wp-block-list\">\n<li>Einblick in die Lebenswirklichkeit Deutschlands zu bekommen<\/li>\n\n\n\n<li>Deutsche Kultur vermitteln.<\/li>\n\n\n\n<li>Die Kenntnisse der deutschen Sprache verbessern<\/li>\n\n\n\n<li>Zur Pers\u00f6nlichkeitsbildung des Sch\u00fclers beitragen<\/li>\n\n\n\n<li>Das interkulturelle Verst\u00e4ndnis bereichern<\/li>\n<\/ul>\n\n\n\n<p>Der Sch\u00fcleraustausch ist ein akademischer Austausch mit Fokus auf den oben genannten Zielen und kein Schulausflug nach Deutschland\/Europa.<\/p>\n\n\n\n<h3 class=\"wp-block-heading\"><strong>Organisation des Austausches<\/strong><\/h3>\n\n\n\n<p>Der Austausch ist als Besuch und Gegenbesuch vorgesehen. Das das bedeutet, dass unsere Sch\u00fcler in Familien unterkommen und sie vorher\/sp\u00e4ter das \u201eGeschwisterkind\u201d im Gegenzug in ihrer Familie aufnehmen.<\/p>\n\n\n\n<p>Die Schulen, mit denen wir f\u00fcr den Austausch zusammenarbeiten, befinden sich in ganz Deutschland. Durch die Verteilung auf verschiedene Schulen in unterschiedlichen St\u00e4dten wird die deutsche Sprache besser erlernt, da die teilnehmenden Sch\u00fcler weniger Kontakt untereinander haben.<\/p>\n\n\n\n<h3 class=\"wp-block-heading\"><strong>Ablauf des Austauschprogramms<\/strong><\/h3>\n\n\n\n<p>Der Austausch dauert ungef\u00e4hr einen Monat, in denen die Sch\u00fcler die vorgesehene Schule besuchen und an den Aktivit\u00e4ten der Schule und der Familie teilnehmen. Die genauen Reisedaten h\u00e4ngen hierbei von der Planung der Austauschschule in Deutschland ab.<\/p>\n\n\n\n<p>W\u00e4hrend des Aufenthaltes in Deutschland werden von der jeweiligen Schule mindestens zwei kulturelle oder touristische Gruppenaktivit\u00e4t angeboten. Gemeinsam besuchen alle Austauschsch\u00fcler am Ende der Zeit in Deutschland eine Stadt, die im Voraus ausgew\u00e4hlt wurde und welche die Sch\u00fcler noch nicht kennen. Dadurch bekommen sie die Chance, sich ein vielf\u00e4ltigeres Bild von Deutschland zu machen.<\/p>\n\n\n\n<p>Der Gegenbesuch wird zu einem Zeitraum durchgef\u00fchrt, der f\u00fcr die deutschen Gruppen g\u00fcnstig ist. Die DSQ erstellt f\u00fcr die Sch\u00fcler aus Deutschland ein Programm in Zusammenarbeit mit den Schulen in Deutschland. Das Wochenende steht den Familien f\u00fcr gemeinsame Ausfl\u00fcge zur Verf\u00fcgung. Viele Schulen buchen auf eigenen Wunsch und Kosten zus\u00e4tzlich eine 3\u20134-t\u00e4gige Fahrt in den Dschungel.<\/p>\n\n\n\n<h3 class=\"wp-block-heading\"><strong>Die Verantwortlichen<\/strong><\/h3>\n\n\n\n<p>Andrea Kundt: &nbsp;<a href=\"mailto:extracurricular@caq.edu.ec\">extracurricular@caq.edu.ec<\/a><\/p>\n\n\n\n<p>Elena Hart:&nbsp;<a href=\"mailto:schueleraustausche@caq.edu.ec\">schueleraustausche@caq.edu.ec<\/a><\/p>\n","protected":false},"excerpt":{"rendered":"<p>Die Deutsche Schule Quito bietet den Sch\u00fclern der 9. Klasse (im Jahr 2023 pandemiebedingt auch den 10 Klassen) mit dem Austauschprogramm die M\u00f6glichkeit, einige Wochen am Unterricht an einer deutschen Schule teilzunehmen sowie das Land, die Sprache und Kultur, besser kennenzulernen. Bei diesem Austausch arbeitet die DSQ mit diversen deutschen Schulen in ganz Deutschland zusammen. [&hellip;]<\/p>\n","protected":false},"author":6,"featured_media":0,"parent":57241,"menu_order":0,"comment_status":"closed","ping_status":"closed","template":"","meta":{"footnotes":""},"class_list":["post-57195","page","type-page","status-publish","hentry"],"yoast_head":"<!-- This site is optimized with the Yoast SEO plugin v27.3 - https:\/\/yoast.com\/product\/yoast-seo-wordpress\/ -->\n<title>Austauschprogramme - Colegio Alem\u00e1n Quito<\/title>\n<meta name=\"robots\" content=\"index, follow, max-snippet:-1, max-image-preview:large, max-video-preview:-1\" \/>\n<link rel=\"canonical\" href=\"https:\/\/www.caq.edu.ec\/de\/oferta-academica\/intercambios\/\" \/>\n<meta property=\"og:locale\" content=\"de_DE\" \/>\n<meta property=\"og:type\" content=\"article\" \/>\n<meta property=\"og:title\" content=\"Austauschprogramme - Colegio Alem\u00e1n Quito\" \/>\n<meta property=\"og:description\" content=\"Die Deutsche Schule Quito bietet den Sch\u00fclern der 9. Klasse (im Jahr 2023 pandemiebedingt auch den 10 Klassen) mit dem Austauschprogramm die M\u00f6glichkeit, einige Wochen am Unterricht an einer deutschen Schule teilzunehmen sowie das Land, die Sprache und Kultur, besser kennenzulernen. Bei diesem Austausch arbeitet die DSQ mit diversen deutschen Schulen in ganz Deutschland zusammen. [&hellip;]\" \/>\n<meta property=\"og:url\" content=\"https:\/\/www.caq.edu.ec\/de\/oferta-academica\/intercambios\/\" \/>\n<meta property=\"og:site_name\" content=\"Colegio Alem\u00e1n Quito\" \/>\n<meta property=\"article:modified_time\" content=\"2023-06-01T20:42:10+00:00\" \/>\n<meta name=\"twitter:card\" content=\"summary_large_image\" \/>\n<meta name=\"twitter:label1\" content=\"Gesch\u00e4tzte Lesezeit\" \/>\n\t<meta name=\"twitter:data1\" content=\"2\u00a0Minuten\" \/>\n<script type=\"application\/ld+json\" class=\"yoast-schema-graph\">{\"@context\":\"https:\\\/\\\/schema.org\",\"@graph\":[{\"@type\":\"WebPage\",\"@id\":\"https:\\\/\\\/www.caq.edu.ec\\\/de\\\/oferta-academica\\\/intercambios\\\/\",\"url\":\"https:\\\/\\\/www.caq.edu.ec\\\/de\\\/oferta-academica\\\/intercambios\\\/\",\"name\":\"Austauschprogramme - Colegio Alem\u00e1n Quito\",\"isPartOf\":{\"@id\":\"https:\\\/\\\/www.caq.edu.ec\\\/#website\"},\"datePublished\":\"2012-03-22T02:21:44+00:00\",\"dateModified\":\"2023-06-01T20:42:10+00:00\",\"breadcrumb\":{\"@id\":\"https:\\\/\\\/www.caq.edu.ec\\\/de\\\/oferta-academica\\\/intercambios\\\/#breadcrumb\"},\"inLanguage\":\"de\",\"potentialAction\":[{\"@type\":\"ReadAction\",\"target\":[\"https:\\\/\\\/www.caq.edu.ec\\\/de\\\/oferta-academica\\\/intercambios\\\/\"]}]},{\"@type\":\"BreadcrumbList\",\"@id\":\"https:\\\/\\\/www.caq.edu.ec\\\/de\\\/oferta-academica\\\/intercambios\\\/#breadcrumb\",\"itemListElement\":[{\"@type\":\"ListItem\",\"position\":1,\"name\":\"Inicio\",\"item\":\"https:\\\/\\\/www.caq.edu.ec\\\/\"},{\"@type\":\"ListItem\",\"position\":2,\"name\":\"Bildungsangebote\",\"item\":\"https:\\\/\\\/www.caq.edu.ec\\\/de\\\/oferta-academica\\\/\"},{\"@type\":\"ListItem\",\"position\":3,\"name\":\"Austauschprogramme\"}]},{\"@type\":\"WebSite\",\"@id\":\"https:\\\/\\\/www.caq.edu.ec\\\/#website\",\"url\":\"https:\\\/\\\/www.caq.edu.ec\\\/\",\"name\":\"Colegio Alem\u00e1n Quito\",\"description\":\"Una puerta al mundo\",\"potentialAction\":[{\"@type\":\"SearchAction\",\"target\":{\"@type\":\"EntryPoint\",\"urlTemplate\":\"https:\\\/\\\/www.caq.edu.ec\\\/?s={search_term_string}\"},\"query-input\":{\"@type\":\"PropertyValueSpecification\",\"valueRequired\":true,\"valueName\":\"search_term_string\"}}],\"inLanguage\":\"de\"}]}<\/script>\n<!-- \/ Yoast SEO plugin. -->","yoast_head_json":{"title":"Austauschprogramme - Colegio Alem\u00e1n Quito","robots":{"index":"index","follow":"follow","max-snippet":"max-snippet:-1","max-image-preview":"max-image-preview:large","max-video-preview":"max-video-preview:-1"},"canonical":"https:\/\/www.caq.edu.ec\/de\/oferta-academica\/intercambios\/","og_locale":"de_DE","og_type":"article","og_title":"Austauschprogramme - Colegio Alem\u00e1n Quito","og_description":"Die Deutsche Schule Quito bietet den Sch\u00fclern der 9. Klasse (im Jahr 2023 pandemiebedingt auch den 10 Klassen) mit dem Austauschprogramm die M\u00f6glichkeit, einige Wochen am Unterricht an einer deutschen Schule teilzunehmen sowie das Land, die Sprache und Kultur, besser kennenzulernen. Bei diesem Austausch arbeitet die DSQ mit diversen deutschen Schulen in ganz Deutschland zusammen. [&hellip;]","og_url":"https:\/\/www.caq.edu.ec\/de\/oferta-academica\/intercambios\/","og_site_name":"Colegio Alem\u00e1n Quito","article_modified_time":"2023-06-01T20:42:10+00:00","twitter_card":"summary_large_image","twitter_misc":{"Gesch\u00e4tzte Lesezeit":"2\u00a0Minuten"},"schema":{"@context":"https:\/\/schema.org","@graph":[{"@type":"WebPage","@id":"https:\/\/www.caq.edu.ec\/de\/oferta-academica\/intercambios\/","url":"https:\/\/www.caq.edu.ec\/de\/oferta-academica\/intercambios\/","name":"Austauschprogramme - Colegio Alem\u00e1n Quito","isPartOf":{"@id":"https:\/\/www.caq.edu.ec\/#website"},"datePublished":"2012-03-22T02:21:44+00:00","dateModified":"2023-06-01T20:42:10+00:00","breadcrumb":{"@id":"https:\/\/www.caq.edu.ec\/de\/oferta-academica\/intercambios\/#breadcrumb"},"inLanguage":"de","potentialAction":[{"@type":"ReadAction","target":["https:\/\/www.caq.edu.ec\/de\/oferta-academica\/intercambios\/"]}]},{"@type":"BreadcrumbList","@id":"https:\/\/www.caq.edu.ec\/de\/oferta-academica\/intercambios\/#breadcrumb","itemListElement":[{"@type":"ListItem","position":1,"name":"Inicio","item":"https:\/\/www.caq.edu.ec\/"},{"@type":"ListItem","position":2,"name":"Bildungsangebote","item":"https:\/\/www.caq.edu.ec\/de\/oferta-academica\/"},{"@type":"ListItem","position":3,"name":"Austauschprogramme"}]},{"@type":"WebSite","@id":"https:\/\/www.caq.edu.ec\/#website","url":"https:\/\/www.caq.edu.ec\/","name":"Colegio Alem\u00e1n Quito","description":"Una puerta al mundo","potentialAction":[{"@type":"SearchAction","target":{"@type":"EntryPoint","urlTemplate":"https:\/\/www.caq.edu.ec\/?s={search_term_string}"},"query-input":{"@type":"PropertyValueSpecification","valueRequired":true,"valueName":"search_term_string"}}],"inLanguage":"de"}]}},"_links":{"self":[{"href":"https:\/\/www.caq.edu.ec\/de\/wp-json\/wp\/v2\/pages\/57195","targetHints":{"allow":["GET"]}}],"collection":[{"href":"https:\/\/www.caq.edu.ec\/de\/wp-json\/wp\/v2\/pages"}],"about":[{"href":"https:\/\/www.caq.edu.ec\/de\/wp-json\/wp\/v2\/types\/page"}],"author":[{"embeddable":true,"href":"https:\/\/www.caq.edu.ec\/de\/wp-json\/wp\/v2\/users\/6"}],"replies":[{"embeddable":true,"href":"https:\/\/www.caq.edu.ec\/de\/wp-json\/wp\/v2\/comments?post=57195"}],"version-history":[{"count":1,"href":"https:\/\/www.caq.edu.ec\/de\/wp-json\/wp\/v2\/pages\/57195\/revisions"}],"predecessor-version":[{"id":61693,"href":"https:\/\/www.caq.edu.ec\/de\/wp-json\/wp\/v2\/pages\/57195\/revisions\/61693"}],"up":[{"embeddable":true,"href":"https:\/\/www.caq.edu.ec\/de\/wp-json\/wp\/v2\/pages\/57241"}],"wp:attachment":[{"href":"https:\/\/www.caq.edu.ec\/de\/wp-json\/wp\/v2\/media?parent=57195"}],"curies":[{"name":"wp","href":"https:\/\/api.w.org\/{rel}","templated":true}]}}