{"id":57194,"date":"2011-11-09T02:19:03","date_gmt":"2011-11-09T07:19:03","guid":{"rendered":"https:\/\/www.caq.edu.ec\/titulos-y-certificados\/"},"modified":"2026-02-02T14:47:06","modified_gmt":"2026-02-02T19:47:06","slug":"titulos-y-certificados","status":"publish","type":"page","link":"https:\/\/www.caq.edu.ec\/de\/oferta-academica\/titulos-y-certificados\/","title":{"rendered":"Abschl\u00fcsse und Zertifikate"},"content":{"rendered":"\t\t<div data-elementor-type=\"wp-page\" data-elementor-id=\"57194\" class=\"elementor elementor-57194 elementor-57028\" data-elementor-post-type=\"page\">\n\t\t\t\t<div class=\"elementor-element elementor-element-1f7704d e-flex e-con-boxed e-con e-parent\" data-id=\"1f7704d\" data-element_type=\"container\" data-e-type=\"container\">\n\t\t\t\t\t<div class=\"e-con-inner\">\n\t\t\t\t<div class=\"elementor-element elementor-element-8c5d0ee elementor-widget elementor-widget-text-editor\" data-id=\"8c5d0ee\" data-element_type=\"widget\" data-e-type=\"widget\" data-widget_type=\"text-editor.default\">\n\t\t\t\t<div class=\"elementor-widget-container\">\n\t\t\t\t\t\t\t\t\t<p>Die Deutsche Schule Quito bietet die folgenden deutschen internationalen Abschl\u00fcsse und Zertifikate an:<\/p><h3 class=\"x_x_MsoNormal\">Deutsches Sprachdiplom (DSD)<\/h3><p class=\"x_x_MsoNormal\">An unserer Schule ist das\u00a0DSD-Programm seit mehr als 50 Jahren implementiert. Sch\u00fclerinnen und Sch\u00fcler haben bei uns die M\u00f6glichkeit, die\u00a0<b>Pr\u00fcfungen DSD I<\/b><b>\u00a0<\/b><b>und DSD II<\/b>\u00a0abzulegen.<\/p><p class=\"x_x_MsoNormal\">Das\u00a0Deutsche Sprachdiplom (DSD)\u00a0ist ein international anerkanntes Sprachzertifikat der Kultusministerkonferenz.<\/p><ul type=\"disc\"><li class=\"x_x_MsoNormal\"><b>DSD I<\/b>\u00a0bescheinigt Deutschkenntnisse auf dem Niveau\u00a0<b>B1<\/b>\u00a0des Gemeinsamen Europ\u00e4ischen Referenzrahmens und ist ein wichtiger Nachweis f\u00fcr schulische und berufliche Bildungswege<span lang=\"DE\">\u00a0und berechtigt zum\u00a0<b>Besuch des Studienkollegs<\/b><\/span>.<\/li><li class=\"x_x_MsoNormal\"><b>DSD II<\/b>\u00a0best\u00e4tigt Deutschkenntnisse auf dem Niveau\u00a0<b>B2\/C1<\/b><span lang=\"DE\">.\u00a0<\/span><span lang=\"DE\">\u00a0<\/span>Mit dem DSD II erwerben ausl\u00e4ndische Sch\u00fclerinnen und Sch\u00fcler den\u00a0<b>sprachlichen Teil<\/b>\u00a0der allgemeinen Hochschulzugangsberechtigung zu\u00a0<b>Hochschulen in der Bundesrepublik<\/b><b>\u00a0<\/b><b>Deutschland<\/b>.<\/li><\/ul><p class=\"x_x_MsoNormal\"><span lang=\"DE\">\u00a0<\/span><\/p><p class=\"x_x_MsoNormal\">Weiterf\u00fchrende Informationen zum DSD finden Sie hier:<\/p><ul type=\"disc\"><li class=\"x_x_MsoListParagraph\"><i><a title=\"https:\/\/www.kmk.org\/themen\/deutsches-sprachdiplom-dsd.html\" href=\"https:\/\/www.kmk.org\/themen\/deutsches-sprachdiplom-dsd.html\" target=\"_blank\" rel=\"noopener noreferrer\" data-auth=\"NotApplicable\" data-linkindex=\"9\">Deutsches Sprachdiplom (DSD)<\/a><\/i><\/li><li class=\"x_x_MsoListParagraph\"><i><a title=\"https:\/\/www.auslandsschulwesen.de\/DE\/Deutsch-lernen\/DSD\/dsd_node.html\" href=\"https:\/\/www.auslandsschulwesen.de\/DE\/Deutsch-lernen\/DSD\/dsd_node.html\" target=\"_blank\" rel=\"noopener noreferrer\" data-auth=\"NotApplicable\" data-linkindex=\"10\">ZfA &#8211; Deutsches Sprachdiplom (DSD)<\/a><\/i><\/li><\/ul><p class=\"x_x_MsoNormal\">Die <em>Sprachdiplome<\/em> <em>DSD I<\/em> und <em>DSD II<\/em> erm\u00f6glichen zusammen mit dem <em>Bachillerato ecuadoriano <\/em>den Besuch eines <strong>Studienkollegs in Deutschland<\/strong>, um danach ein Studium aufzunehmen.\u00a0<\/p><p class=\"x_x_MsoNormal\">Bei Fragen zum DSD-Programm oder zu den Pr\u00fcfungen k\u00f6nnen sich Eltern und Sch\u00fclerinnen und Sch\u00fcler jederzeit gerne an die\u00a0Pr\u00fcfungskoordinatorin Mirjam\u00a0<span class=\"markqha33bff8\" data-markjs=\"true\" data-ogac=\"\" data-ogab=\"\" data-ogsc=\"\" data-ogsb=\"\">Maage<\/span> (<a href=\"mailto:mirjam.maage@caq.edu.ec\" target=\"_blank\" rel=\"noopener\">mirjam.maage@caq.edu.ec<\/a>) wenden.<\/p><p><img fetchpriority=\"high\" decoding=\"async\" class=\"size-large wp-image-71946 aligncenter\" src=\"https:\/\/www.caq.edu.ec\/wp-content\/uploads\/2026\/02\/DSD_peq-1024x489.jpg\" alt=\"\" width=\"800\" height=\"382\" srcset=\"https:\/\/www.caq.edu.ec\/wp-content\/uploads\/2026\/02\/DSD_peq-1024x489.jpg 1024w, https:\/\/www.caq.edu.ec\/wp-content\/uploads\/2026\/02\/DSD_peq-300x143.jpg 300w, https:\/\/www.caq.edu.ec\/wp-content\/uploads\/2026\/02\/DSD_peq-768x367.jpg 768w, https:\/\/www.caq.edu.ec\/wp-content\/uploads\/2026\/02\/DSD_peq-1536x733.jpg 1536w, https:\/\/www.caq.edu.ec\/wp-content\/uploads\/2026\/02\/DSD_peq.jpg 1550w\" sizes=\"(max-width: 800px) 100vw, 800px\" \/><\/p><p style=\"text-align: center;\"><strong>Offizielle \u00dcbergabe des DSD I am 29.01.2026<\/strong><\/p><p>\u00a0<\/p><h3>Das Deutsche Internationale Abitur (DIA) in den DIA-Klassen<\/h3><p>Das <em>Deutsche Internationale Abitur (DIA)<\/em> ist ein herausragender und international anerkannter deutscher Schulabschluss, der nach dem <em>DSD I<\/em> durch einen eigenen Bildungsgang gekennzeichnet ist. Zus\u00e4tzlich zur ecuadorianischen Regelung, dass im Versetzungszeugnis in jedem Fach mindestens die Note 7,00 erreicht werden muss, sind im internationalen deutschen Schulsystem weitere Bedingungen zu erf\u00fcllen:<\/p><ul><li>Das <strong>Sprachdiplom DSD I<\/strong> muss in der 8. Klasse, sp\u00e4testens in der 9. Klasse erfolgreich bestanden werden, da ab dem DSD I-Diplom jeder Sch\u00fcler im D1-Kurs zielgerichtet auf die weiteren deutschen Pr\u00fcfungen vorbereitet wird.<\/li><li>Im Fach <strong>Deutsch<\/strong> muss im Versetzungszeugnis der 9. Klasse mindestens die Note 8,00 erreicht werden.<\/li><li>Der Durchschnitt in allen <strong>Hauptf\u00e4chern<\/strong> muss mindestens 8,00 betragen (in der 9. Klasse).<\/li><li>Der Durchschnitt in <strong>allen anderen F\u00e4chern<\/strong>, dabei z\u00e4hlt aus den drei F\u00e4chern Kunst, Musik und Sport nur das beste Fach, muss mindestens 8,00 betragen (auch in der 9. Klasse).<\/li><\/ul><p>\u00a0<\/p><p><img decoding=\"async\" class=\"size-large wp-image-71949 aligncenter\" src=\"https:\/\/www.caq.edu.ec\/wp-content\/uploads\/2026\/02\/Abi-25_peq-1024x620.jpg\" alt=\"\" width=\"800\" height=\"484\" srcset=\"https:\/\/www.caq.edu.ec\/wp-content\/uploads\/2026\/02\/Abi-25_peq-1024x620.jpg 1024w, https:\/\/www.caq.edu.ec\/wp-content\/uploads\/2026\/02\/Abi-25_peq-300x182.jpg 300w, https:\/\/www.caq.edu.ec\/wp-content\/uploads\/2026\/02\/Abi-25_peq-768x465.jpg 768w, https:\/\/www.caq.edu.ec\/wp-content\/uploads\/2026\/02\/Abi-25_peq-1536x930.jpg 1536w, https:\/\/www.caq.edu.ec\/wp-content\/uploads\/2026\/02\/Abi-25_peq.jpg 1550w\" sizes=\"(max-width: 800px) 100vw, 800px\" \/><\/p><p style=\"text-align: center;\"><strong>Abiturienten 2025<\/strong><\/p>\t\t\t\t\t\t\t\t<\/div>\n\t\t\t\t<\/div>\n\t\t\t\t\t<\/div>\n\t\t\t\t<\/div>\n\t\t\t\t<\/div>\n\t\t","protected":false},"excerpt":{"rendered":"<p>Die Deutsche Schule Quito bietet die folgenden deutschen internationalen Abschl\u00fcsse und Zertifikate an: Deutsches Sprachdiplom (DSD) An unserer Schule ist das\u00a0DSD-Programm seit mehr als 50 Jahren implementiert. Sch\u00fclerinnen und Sch\u00fcler haben bei uns die M\u00f6glichkeit, die\u00a0Pr\u00fcfungen DSD I\u00a0und DSD II\u00a0abzulegen. Das\u00a0Deutsche Sprachdiplom (DSD)\u00a0ist ein international anerkanntes Sprachzertifikat der Kultusministerkonferenz. DSD I\u00a0bescheinigt Deutschkenntnisse auf dem Niveau\u00a0B1\u00a0des [&hellip;]<\/p>\n","protected":false},"author":6,"featured_media":0,"parent":57241,"menu_order":0,"comment_status":"closed","ping_status":"closed","template":"","meta":{"footnotes":""},"class_list":["post-57194","page","type-page","status-publish","hentry"],"yoast_head":"<!-- This site is optimized with the Yoast SEO plugin v27.3 - https:\/\/yoast.com\/product\/yoast-seo-wordpress\/ -->\n<title>Abschl\u00fcsse und Zertifikate - Colegio Alem\u00e1n Quito<\/title>\n<meta name=\"robots\" content=\"index, follow, max-snippet:-1, max-image-preview:large, max-video-preview:-1\" \/>\n<link rel=\"canonical\" href=\"https:\/\/www.caq.edu.ec\/de\/oferta-academica\/titulos-y-certificados\/\" \/>\n<meta property=\"og:locale\" content=\"de_DE\" \/>\n<meta property=\"og:type\" content=\"article\" \/>\n<meta property=\"og:title\" content=\"Abschl\u00fcsse und Zertifikate - Colegio Alem\u00e1n Quito\" \/>\n<meta property=\"og:description\" content=\"Die Deutsche Schule Quito bietet die folgenden deutschen internationalen Abschl\u00fcsse und Zertifikate an: Deutsches Sprachdiplom (DSD) An unserer Schule ist das\u00a0DSD-Programm seit mehr als 50 Jahren implementiert. Sch\u00fclerinnen und Sch\u00fcler haben bei uns die M\u00f6glichkeit, die\u00a0Pr\u00fcfungen DSD I\u00a0und DSD II\u00a0abzulegen. Das\u00a0Deutsche Sprachdiplom (DSD)\u00a0ist ein international anerkanntes Sprachzertifikat der Kultusministerkonferenz. DSD I\u00a0bescheinigt Deutschkenntnisse auf dem Niveau\u00a0B1\u00a0des [&hellip;]\" \/>\n<meta property=\"og:url\" content=\"https:\/\/www.caq.edu.ec\/de\/oferta-academica\/titulos-y-certificados\/\" \/>\n<meta property=\"og:site_name\" content=\"Colegio Alem\u00e1n Quito\" \/>\n<meta property=\"article:modified_time\" content=\"2026-02-02T19:47:06+00:00\" \/>\n<meta property=\"og:image\" content=\"https:\/\/www.caq.edu.ec\/wp-content\/uploads\/2026\/02\/DSD_peq.jpg\" \/>\n\t<meta property=\"og:image:width\" content=\"1550\" \/>\n\t<meta property=\"og:image:height\" content=\"740\" \/>\n\t<meta property=\"og:image:type\" content=\"image\/jpeg\" \/>\n<meta name=\"twitter:card\" content=\"summary_large_image\" \/>\n<meta name=\"twitter:label1\" content=\"Gesch\u00e4tzte Lesezeit\" \/>\n\t<meta name=\"twitter:data1\" content=\"3\u00a0Minuten\" \/>\n<script type=\"application\/ld+json\" class=\"yoast-schema-graph\">{\"@context\":\"https:\\\/\\\/schema.org\",\"@graph\":[{\"@type\":\"WebPage\",\"@id\":\"https:\\\/\\\/www.caq.edu.ec\\\/de\\\/oferta-academica\\\/titulos-y-certificados\\\/\",\"url\":\"https:\\\/\\\/www.caq.edu.ec\\\/de\\\/oferta-academica\\\/titulos-y-certificados\\\/\",\"name\":\"Abschl\u00fcsse und Zertifikate - Colegio Alem\u00e1n Quito\",\"isPartOf\":{\"@id\":\"https:\\\/\\\/www.caq.edu.ec\\\/#website\"},\"primaryImageOfPage\":{\"@id\":\"https:\\\/\\\/www.caq.edu.ec\\\/de\\\/oferta-academica\\\/titulos-y-certificados\\\/#primaryimage\"},\"image\":{\"@id\":\"https:\\\/\\\/www.caq.edu.ec\\\/de\\\/oferta-academica\\\/titulos-y-certificados\\\/#primaryimage\"},\"thumbnailUrl\":\"https:\\\/\\\/www.caq.edu.ec\\\/wp-content\\\/uploads\\\/2026\\\/02\\\/DSD_peq-1024x489.jpg\",\"datePublished\":\"2011-11-09T07:19:03+00:00\",\"dateModified\":\"2026-02-02T19:47:06+00:00\",\"breadcrumb\":{\"@id\":\"https:\\\/\\\/www.caq.edu.ec\\\/de\\\/oferta-academica\\\/titulos-y-certificados\\\/#breadcrumb\"},\"inLanguage\":\"de\",\"potentialAction\":[{\"@type\":\"ReadAction\",\"target\":[\"https:\\\/\\\/www.caq.edu.ec\\\/de\\\/oferta-academica\\\/titulos-y-certificados\\\/\"]}]},{\"@type\":\"ImageObject\",\"inLanguage\":\"de\",\"@id\":\"https:\\\/\\\/www.caq.edu.ec\\\/de\\\/oferta-academica\\\/titulos-y-certificados\\\/#primaryimage\",\"url\":\"https:\\\/\\\/www.caq.edu.ec\\\/wp-content\\\/uploads\\\/2026\\\/02\\\/DSD_peq-1024x489.jpg\",\"contentUrl\":\"https:\\\/\\\/www.caq.edu.ec\\\/wp-content\\\/uploads\\\/2026\\\/02\\\/DSD_peq-1024x489.jpg\"},{\"@type\":\"BreadcrumbList\",\"@id\":\"https:\\\/\\\/www.caq.edu.ec\\\/de\\\/oferta-academica\\\/titulos-y-certificados\\\/#breadcrumb\",\"itemListElement\":[{\"@type\":\"ListItem\",\"position\":1,\"name\":\"Inicio\",\"item\":\"https:\\\/\\\/www.caq.edu.ec\\\/\"},{\"@type\":\"ListItem\",\"position\":2,\"name\":\"Bildungsangebote\",\"item\":\"https:\\\/\\\/www.caq.edu.ec\\\/de\\\/oferta-academica\\\/\"},{\"@type\":\"ListItem\",\"position\":3,\"name\":\"Abschl\u00fcsse und Zertifikate\"}]},{\"@type\":\"WebSite\",\"@id\":\"https:\\\/\\\/www.caq.edu.ec\\\/#website\",\"url\":\"https:\\\/\\\/www.caq.edu.ec\\\/\",\"name\":\"Colegio Alem\u00e1n Quito\",\"description\":\"Una puerta al mundo\",\"potentialAction\":[{\"@type\":\"SearchAction\",\"target\":{\"@type\":\"EntryPoint\",\"urlTemplate\":\"https:\\\/\\\/www.caq.edu.ec\\\/?s={search_term_string}\"},\"query-input\":{\"@type\":\"PropertyValueSpecification\",\"valueRequired\":true,\"valueName\":\"search_term_string\"}}],\"inLanguage\":\"de\"}]}<\/script>\n<!-- \/ Yoast SEO plugin. -->","yoast_head_json":{"title":"Abschl\u00fcsse und Zertifikate - Colegio Alem\u00e1n Quito","robots":{"index":"index","follow":"follow","max-snippet":"max-snippet:-1","max-image-preview":"max-image-preview:large","max-video-preview":"max-video-preview:-1"},"canonical":"https:\/\/www.caq.edu.ec\/de\/oferta-academica\/titulos-y-certificados\/","og_locale":"de_DE","og_type":"article","og_title":"Abschl\u00fcsse und Zertifikate - Colegio Alem\u00e1n Quito","og_description":"Die Deutsche Schule Quito bietet die folgenden deutschen internationalen Abschl\u00fcsse und Zertifikate an: Deutsches Sprachdiplom (DSD) An unserer Schule ist das\u00a0DSD-Programm seit mehr als 50 Jahren implementiert. Sch\u00fclerinnen und Sch\u00fcler haben bei uns die M\u00f6glichkeit, die\u00a0Pr\u00fcfungen DSD I\u00a0und DSD II\u00a0abzulegen. Das\u00a0Deutsche Sprachdiplom (DSD)\u00a0ist ein international anerkanntes Sprachzertifikat der Kultusministerkonferenz. DSD I\u00a0bescheinigt Deutschkenntnisse auf dem Niveau\u00a0B1\u00a0des [&hellip;]","og_url":"https:\/\/www.caq.edu.ec\/de\/oferta-academica\/titulos-y-certificados\/","og_site_name":"Colegio Alem\u00e1n Quito","article_modified_time":"2026-02-02T19:47:06+00:00","og_image":[{"width":1550,"height":740,"url":"https:\/\/www.caq.edu.ec\/wp-content\/uploads\/2026\/02\/DSD_peq.jpg","type":"image\/jpeg"}],"twitter_card":"summary_large_image","twitter_misc":{"Gesch\u00e4tzte Lesezeit":"3\u00a0Minuten"},"schema":{"@context":"https:\/\/schema.org","@graph":[{"@type":"WebPage","@id":"https:\/\/www.caq.edu.ec\/de\/oferta-academica\/titulos-y-certificados\/","url":"https:\/\/www.caq.edu.ec\/de\/oferta-academica\/titulos-y-certificados\/","name":"Abschl\u00fcsse und Zertifikate - Colegio Alem\u00e1n Quito","isPartOf":{"@id":"https:\/\/www.caq.edu.ec\/#website"},"primaryImageOfPage":{"@id":"https:\/\/www.caq.edu.ec\/de\/oferta-academica\/titulos-y-certificados\/#primaryimage"},"image":{"@id":"https:\/\/www.caq.edu.ec\/de\/oferta-academica\/titulos-y-certificados\/#primaryimage"},"thumbnailUrl":"https:\/\/www.caq.edu.ec\/wp-content\/uploads\/2026\/02\/DSD_peq-1024x489.jpg","datePublished":"2011-11-09T07:19:03+00:00","dateModified":"2026-02-02T19:47:06+00:00","breadcrumb":{"@id":"https:\/\/www.caq.edu.ec\/de\/oferta-academica\/titulos-y-certificados\/#breadcrumb"},"inLanguage":"de","potentialAction":[{"@type":"ReadAction","target":["https:\/\/www.caq.edu.ec\/de\/oferta-academica\/titulos-y-certificados\/"]}]},{"@type":"ImageObject","inLanguage":"de","@id":"https:\/\/www.caq.edu.ec\/de\/oferta-academica\/titulos-y-certificados\/#primaryimage","url":"https:\/\/www.caq.edu.ec\/wp-content\/uploads\/2026\/02\/DSD_peq-1024x489.jpg","contentUrl":"https:\/\/www.caq.edu.ec\/wp-content\/uploads\/2026\/02\/DSD_peq-1024x489.jpg"},{"@type":"BreadcrumbList","@id":"https:\/\/www.caq.edu.ec\/de\/oferta-academica\/titulos-y-certificados\/#breadcrumb","itemListElement":[{"@type":"ListItem","position":1,"name":"Inicio","item":"https:\/\/www.caq.edu.ec\/"},{"@type":"ListItem","position":2,"name":"Bildungsangebote","item":"https:\/\/www.caq.edu.ec\/de\/oferta-academica\/"},{"@type":"ListItem","position":3,"name":"Abschl\u00fcsse und Zertifikate"}]},{"@type":"WebSite","@id":"https:\/\/www.caq.edu.ec\/#website","url":"https:\/\/www.caq.edu.ec\/","name":"Colegio Alem\u00e1n Quito","description":"Una puerta al mundo","potentialAction":[{"@type":"SearchAction","target":{"@type":"EntryPoint","urlTemplate":"https:\/\/www.caq.edu.ec\/?s={search_term_string}"},"query-input":{"@type":"PropertyValueSpecification","valueRequired":true,"valueName":"search_term_string"}}],"inLanguage":"de"}]}},"_links":{"self":[{"href":"https:\/\/www.caq.edu.ec\/de\/wp-json\/wp\/v2\/pages\/57194","targetHints":{"allow":["GET"]}}],"collection":[{"href":"https:\/\/www.caq.edu.ec\/de\/wp-json\/wp\/v2\/pages"}],"about":[{"href":"https:\/\/www.caq.edu.ec\/de\/wp-json\/wp\/v2\/types\/page"}],"author":[{"embeddable":true,"href":"https:\/\/www.caq.edu.ec\/de\/wp-json\/wp\/v2\/users\/6"}],"replies":[{"embeddable":true,"href":"https:\/\/www.caq.edu.ec\/de\/wp-json\/wp\/v2\/comments?post=57194"}],"version-history":[{"count":9,"href":"https:\/\/www.caq.edu.ec\/de\/wp-json\/wp\/v2\/pages\/57194\/revisions"}],"predecessor-version":[{"id":71955,"href":"https:\/\/www.caq.edu.ec\/de\/wp-json\/wp\/v2\/pages\/57194\/revisions\/71955"}],"up":[{"embeddable":true,"href":"https:\/\/www.caq.edu.ec\/de\/wp-json\/wp\/v2\/pages\/57241"}],"wp:attachment":[{"href":"https:\/\/www.caq.edu.ec\/de\/wp-json\/wp\/v2\/media?parent=57194"}],"curies":[{"name":"wp","href":"https:\/\/api.w.org\/{rel}","templated":true}]}}