{"id":57190,"date":"2011-10-22T21:34:45","date_gmt":"2011-10-23T02:34:45","guid":{"rendered":"https:\/\/www.caq.edu.ec\/departamento-de-psicologia\/"},"modified":"2026-01-06T14:22:17","modified_gmt":"2026-01-06T19:22:17","slug":"departamento-de-psicologia","status":"publish","type":"page","link":"https:\/\/www.caq.edu.ec\/de\/areas-de-apoyo\/departamento-de-psicologia\/","title":{"rendered":"Abteilung f\u00fcr Sch\u00fclerberatung (DECE)"},"content":{"rendered":"\t\t<div data-elementor-type=\"wp-page\" data-elementor-id=\"57190\" class=\"elementor elementor-57190 elementor-57024\" data-elementor-post-type=\"page\">\n\t\t\t\t<div class=\"elementor-element elementor-element-72845913 e-flex e-con-boxed e-con e-parent\" data-id=\"72845913\" data-element_type=\"container\" data-e-type=\"container\">\n\t\t\t\t\t<div class=\"e-con-inner\">\n\t\t\t\t<div class=\"elementor-element elementor-element-1bf33224 elementor-widget elementor-widget-text-editor\" data-id=\"1bf33224\" data-element_type=\"widget\" data-e-type=\"widget\" data-widget_type=\"text-editor.default\">\n\t\t\t\t<div class=\"elementor-widget-container\">\n\t\t\t\t\t\t\t\t\t<p><strong data-start=\"88\" data-end=\"125\">Die Sch\u00fclerberatungsstelle (DECE)<\/strong> begleitet die Sch\u00fclerinnen und Sch\u00fcler in ihrer akademischen, emotionalen und sozialen Entwicklung und bietet ihnen einen Raum des Vertrauens und der kontinuierlichen Unterst\u00fctzung. Wir arbeiten in enger Zusammenarbeit mit Lehrkr\u00e4ften und Familien durch individuelle oder gruppenbezogene Beratung, Workshops und Pr\u00e4ventionsma\u00dfnahmen. Unser Ziel ist es, dazu beizutragen, dass jede Sch\u00fclerin und jeder Sch\u00fcler ihr bzw. sein volles Potenzial in einem inklusiven und sicheren schulischen Umfeld entfalten kann.<\/p><p><img fetchpriority=\"high\" decoding=\"async\" class=\"alignnone wp-image-70054 size-full\" src=\"https:\/\/www.caq.edu.ec\/wp-content\/uploads\/2025\/09\/DSC01265-2.jpg\" alt=\"\" width=\"1699\" height=\"1074\" srcset=\"https:\/\/www.caq.edu.ec\/wp-content\/uploads\/2025\/09\/DSC01265-2.jpg 1699w, https:\/\/www.caq.edu.ec\/wp-content\/uploads\/2025\/09\/DSC01265-2-300x190.jpg 300w, https:\/\/www.caq.edu.ec\/wp-content\/uploads\/2025\/09\/DSC01265-2-1024x647.jpg 1024w, https:\/\/www.caq.edu.ec\/wp-content\/uploads\/2025\/09\/DSC01265-2-768x485.jpg 768w, https:\/\/www.caq.edu.ec\/wp-content\/uploads\/2025\/09\/DSC01265-2-1536x971.jpg 1536w\" sizes=\"(max-width: 1699px) 100vw, 1699px\" \/><\/p><p><strong>Das Team besteht aus f\u00fcnf Psychologinnen, &#8230;<\/strong><\/p><ul><li>Gabriela Rueda, Inicial, Prekinder und Kindergarten, <a href=\"mailto:psicologia.kinder@caq.edu.ec\">psicologia.kinder@caq.edu.ec<\/a>, ext. 178, 07:30 \u2013 16:00 Uhr<\/li><li>Mariela Lalama (Klassen 1 &#8211; 3), Geb. 4, <a href=\"mailto:mariela.lalama@caq.edu.ec\" target=\"_blank\" rel=\"noopener noreferrer\" data-auth=\"NotApplicable\" data-linkindex=\"1\">mariela.lalama@caq.edu.ec<\/a>, ext. 183, 07:30 \u2013 16:00 Uhr<\/li><li>In\u00e9s Almeida (4 &#8211; 6), Geb. 4, <a href=\"mailto:ines.almeida@caq.edu.ec\">ines.almeida@caq.edu.ec<\/a>, ext. 183, 07:30 &#8211; 16:00 Uhr<\/li><li>Ana Carolina Jaramillo (7 &#8211; 9), Geb. 8,\u00a0 <a href=\"mailto:carolina.jaramillo@caq.edu.ec\" target=\"_blank\" rel=\"noopener\">carolina.jaramillo@caq.edu.ec<\/a> , ext. 145, 07:30 &#8211; 16:00 Uhr<\/li><li>Isabel Salazar (10-12), Geb. 8, <a href=\"mailto:isabel.salazar@caq.edu.ec\" target=\"_blank\" rel=\"noopener\">isabel.salazar@caq.edu.ec<\/a>, ext. 147, 07:30 &#8211; 16:00 Uhr<\/li><\/ul><p><strong>&#8230; eine Logop\u00e4din und drei Sonderp\u00e4dagoginnen:<\/strong><\/p><ul><li>Paola Frixone, Logop\u00e4din, Kindergarten, <a href=\"mailto:paola.frixone@caq.edu.ec\">paola.frixone@caq.edu.ec<\/a>, ext. 173, 8:00 \u2013 13:30 Uhr<\/li><li>Mar\u00eda Jos\u00e9 Arends,\u00a0 Sonderp\u00e4dagogin 1 bis 4, <a href=\"mailto:mariajose.arends@caq.edu.ec\">mariajose.arends@caq.edu.ec<\/a> , Geb. 4, ext. 170, 7:30 \u2013 16:00 Uhr\u00a0<\/li><li>Pamela Espinosa, Sonderp\u00e4dagogin 5 bis 8, <a href=\"mailto:pamela.espinosa@caq.edu.ec\" target=\"_blank\" rel=\"noopener\">pamela.espinosa@caq.edu.ec<\/a> , Geb. 8, ext. 162, 7:30 &#8211; 16:00 Uhr\u00a0<\/li><li>Mar\u00eda Paula Repetto, Sonderp\u00e4dagogin 9 bis 12, <a href=\"mailto:paula.repetto@caq.edu.ec\">paula.repetto@caq.edu.ec<\/a> , Geb. 8, ext. 164, 7:30 &#8211; 16:00 Uhr (auch Nachteilsausgleich 8 bis 12).<\/li><\/ul><p>\u00a0<\/p><h4>Wichtig:<\/h4><div><ul><li>Die Betreuung erfolgt nur nach vorheriger <strong>Terminvereinbarung<\/strong>.<\/li><li>Zum Ausf\u00fcllen von <strong>Frageb\u00f6gen<\/strong>, die von externen Fachpersonen angefordert werden, folgen Sie bitte diesen Schritten:  <a href=\"https:\/\/www.caq.edu.ec\/wp-content\/uploads\/2026\/01\/CD_Flujograma-de-procedimiento-llenado-cuestionarios-Verfahren-zur-Verwaltung-und-Ausfullung-von-Fragebogen-fur-externe-Evaluationen.pdf\" target=\"_blank\" rel=\"noopener\">Procedimiento cuestionarios externos<\/a><\/li><\/ul><\/div><h3>\u00a0<\/h3><h3>Eltern-Workshops<\/h3><p>In diesen Workshops werden Themen behandelt, die Ressourcen f\u00fcr den Umgang mit Situationen bieten, die mit ihren Kindern auftreten k\u00f6nnen. Ziel ist es, ein Thema zu vertiefen und Informationen zu vermitteln, keinesfalls aber, schulinterne Aspekte zu diskutieren.<\/p><p>Dies ist ein Angebot, das die Schule \u00fcber den Fachbereich Psychologie f\u00fcr Eltern bereitstellt. Die Konferenzen werden zu unterschiedlichen Zeiten abgehalten und mit unterschiedlichen Methoden behandelt.<\/p><h3>Praktische Hinweise<\/h3><p>Hier finden Sie Links zu Materialien, die f\u00fcr die Eltern interessant sind:<\/p><p><a href=\"https:\/\/www.caq.edu.ec\/wp-content\/uploads\/2025\/09\/Como-hablar-con-los-ninos-acerca-de-las-emergencias.pdf\" target=\"_blank\" rel=\"noopener\">Como-hablar-con-los-ninos-acerca-de-las-emergencias.pdf<\/a><\/p>\t\t\t\t\t\t\t\t<\/div>\n\t\t\t\t<\/div>\n\t\t\t\t<div class=\"elementor-element elementor-element-c5afc7d elementor-widget elementor-widget-heading\" data-id=\"c5afc7d\" data-element_type=\"widget\" data-e-type=\"widget\" data-widget_type=\"heading.default\">\n\t\t\t\t<div class=\"elementor-widget-container\">\n\t\t\t\t\t<h2 class=\"elementor-heading-title elementor-size-default\">Routen und Protokolle<\/h2>\t\t\t\t<\/div>\n\t\t\t\t<\/div>\n\t\t\t\t<div class=\"elementor-element elementor-element-651ec03 elementor-widget elementor-widget-video\" data-id=\"651ec03\" data-element_type=\"widget\" data-e-type=\"widget\" data-settings=\"{&quot;youtube_url&quot;:&quot;https:\\\/\\\/youtu.be\\\/JjdJNhiOQi8&quot;,&quot;video_type&quot;:&quot;youtube&quot;,&quot;controls&quot;:&quot;yes&quot;}\" data-widget_type=\"video.default\">\n\t\t\t\t<div class=\"elementor-widget-container\">\n\t\t\t\t\t\t\t<div class=\"elementor-wrapper elementor-open-inline\">\n\t\t\t<div class=\"elementor-video\"><\/div>\t\t<\/div>\n\t\t\t\t\t\t<\/div>\n\t\t\t\t<\/div>\n\t\t\t\t<div class=\"elementor-element elementor-element-e68863c elementor-widget elementor-widget-heading\" data-id=\"e68863c\" data-element_type=\"widget\" data-e-type=\"widget\" data-widget_type=\"heading.default\">\n\t\t\t\t<div class=\"elementor-widget-container\">\n\t\t\t\t\t<h2 class=\"elementor-heading-title elementor-size-default\">Wie man zu Hause mit Drogenpr\u00e4vention umgeht<\/h2>\t\t\t\t<\/div>\n\t\t\t\t<\/div>\n\t\t\t\t<div class=\"elementor-element elementor-element-57c7e2b elementor-widget elementor-widget-video\" data-id=\"57c7e2b\" data-element_type=\"widget\" data-e-type=\"widget\" data-settings=\"{&quot;youtube_url&quot;:&quot;https:\\\/\\\/youtu.be\\\/rjQY0Lc8wVg&quot;,&quot;video_type&quot;:&quot;youtube&quot;,&quot;controls&quot;:&quot;yes&quot;}\" data-widget_type=\"video.default\">\n\t\t\t\t<div class=\"elementor-widget-container\">\n\t\t\t\t\t\t\t<div class=\"elementor-wrapper elementor-open-inline\">\n\t\t\t<div class=\"elementor-video\"><\/div>\t\t<\/div>\n\t\t\t\t\t\t<\/div>\n\t\t\t\t<\/div>\n\t\t\t\t<div class=\"elementor-element elementor-element-d9914d3 elementor-widget elementor-widget-heading\" data-id=\"d9914d3\" data-element_type=\"widget\" data-e-type=\"widget\" data-widget_type=\"heading.default\">\n\t\t\t\t<div class=\"elementor-widget-container\">\n\t\t\t\t\t<h2 class=\"elementor-heading-title elementor-size-default\">Sprechen wir \u00fcber die Sexualit\u00e4t unserer Teenager<\/h2>\t\t\t\t<\/div>\n\t\t\t\t<\/div>\n\t\t\t\t<div class=\"elementor-element elementor-element-92472d3 elementor-widget elementor-widget-video\" data-id=\"92472d3\" data-element_type=\"widget\" data-e-type=\"widget\" data-settings=\"{&quot;youtube_url&quot;:&quot;https:\\\/\\\/www.youtube.com\\\/watch?v=KF0GwOU-XdY&quot;,&quot;video_type&quot;:&quot;youtube&quot;,&quot;controls&quot;:&quot;yes&quot;}\" data-widget_type=\"video.default\">\n\t\t\t\t<div class=\"elementor-widget-container\">\n\t\t\t\t\t\t\t<div class=\"elementor-wrapper elementor-open-inline\">\n\t\t\t<div class=\"elementor-video\"><\/div>\t\t<\/div>\n\t\t\t\t\t\t<\/div>\n\t\t\t\t<\/div>\n\t\t\t\t<div class=\"elementor-element elementor-element-ac38a8c elementor-widget elementor-widget-heading\" data-id=\"ac38a8c\" data-element_type=\"widget\" data-e-type=\"widget\" data-widget_type=\"heading.default\">\n\t\t\t\t<div class=\"elementor-widget-container\">\n\t\t\t\t\t<h2 class=\"elementor-heading-title elementor-size-default\">Digitale Kultur in der Erziehung: Eine synergetische Beziehung zur Technologie aufbauen<\/h2>\t\t\t\t<\/div>\n\t\t\t\t<\/div>\n\t\t\t\t<div class=\"elementor-element elementor-element-c326b34 elementor-widget elementor-widget-video\" data-id=\"c326b34\" data-element_type=\"widget\" data-e-type=\"widget\" data-settings=\"{&quot;youtube_url&quot;:&quot;https:\\\/\\\/www.youtube.com\\\/watch?v=jFQ-xdbDb78&quot;,&quot;video_type&quot;:&quot;youtube&quot;,&quot;controls&quot;:&quot;yes&quot;}\" data-widget_type=\"video.default\">\n\t\t\t\t<div class=\"elementor-widget-container\">\n\t\t\t\t\t\t\t<div class=\"elementor-wrapper elementor-open-inline\">\n\t\t\t<div class=\"elementor-video\"><\/div>\t\t<\/div>\n\t\t\t\t\t\t<\/div>\n\t\t\t\t<\/div>\n\t\t\t\t<div class=\"elementor-element elementor-element-71cd43e elementor-widget elementor-widget-text-editor\" data-id=\"71cd43e\" data-element_type=\"widget\" data-e-type=\"widget\" data-widget_type=\"text-editor.default\">\n\t\t\t\t<div class=\"elementor-widget-container\">\n\t\t\t\t\t\t\t\t\t<h3>HINWEIS<\/h3><p><em>Die Abtelung f\u00fcr Sch\u00fclerberatung (DECE) konzentriert sich auf die Begleitung und Beratung im schulischen Bereich. In F\u00e4llen, die therapeutische Prozesse oder Diagnostik erfordern, wird die DECE diese Interventionen anleiten, koordinieren und begleiten; sie m\u00fcssen jedoch extern durchgef\u00fchrt werden.<\/em><\/p>\t\t\t\t\t\t\t\t<\/div>\n\t\t\t\t<\/div>\n\t\t\t\t\t<\/div>\n\t\t\t\t<\/div>\n\t\t\t\t<\/div>\n\t\t","protected":false},"excerpt":{"rendered":"<p>Die Sch\u00fclerberatungsstelle (DECE) begleitet die Sch\u00fclerinnen und Sch\u00fcler in ihrer akademischen, emotionalen und sozialen Entwicklung und bietet ihnen einen Raum des Vertrauens und der kontinuierlichen Unterst\u00fctzung. Wir arbeiten in enger Zusammenarbeit mit Lehrkr\u00e4ften und Familien durch individuelle oder gruppenbezogene Beratung, Workshops und Pr\u00e4ventionsma\u00dfnahmen. Unser Ziel ist es, dazu beizutragen, dass jede Sch\u00fclerin und jeder Sch\u00fcler [&hellip;]<\/p>\n","protected":false},"author":6,"featured_media":0,"parent":57249,"menu_order":0,"comment_status":"closed","ping_status":"closed","template":"","meta":{"footnotes":""},"class_list":["post-57190","page","type-page","status-publish","hentry"],"yoast_head":"<!-- This site is optimized with the Yoast SEO plugin v27.3 - https:\/\/yoast.com\/product\/yoast-seo-wordpress\/ -->\n<title>Abteilung f\u00fcr Sch\u00fclerberatung (DECE) - Colegio Alem\u00e1n Quito<\/title>\n<meta name=\"robots\" content=\"index, follow, max-snippet:-1, max-image-preview:large, max-video-preview:-1\" \/>\n<link rel=\"canonical\" href=\"https:\/\/www.caq.edu.ec\/de\/areas-de-apoyo\/departamento-de-psicologia\/\" \/>\n<meta property=\"og:locale\" content=\"de_DE\" \/>\n<meta property=\"og:type\" content=\"article\" \/>\n<meta property=\"og:title\" content=\"Abteilung f\u00fcr Sch\u00fclerberatung (DECE) - Colegio Alem\u00e1n Quito\" \/>\n<meta property=\"og:description\" content=\"Die Sch\u00fclerberatungsstelle (DECE) begleitet die Sch\u00fclerinnen und Sch\u00fcler in ihrer akademischen, emotionalen und sozialen Entwicklung und bietet ihnen einen Raum des Vertrauens und der kontinuierlichen Unterst\u00fctzung. Wir arbeiten in enger Zusammenarbeit mit Lehrkr\u00e4ften und Familien durch individuelle oder gruppenbezogene Beratung, Workshops und Pr\u00e4ventionsma\u00dfnahmen. Unser Ziel ist es, dazu beizutragen, dass jede Sch\u00fclerin und jeder Sch\u00fcler [&hellip;]\" \/>\n<meta property=\"og:url\" content=\"https:\/\/www.caq.edu.ec\/de\/areas-de-apoyo\/departamento-de-psicologia\/\" \/>\n<meta property=\"og:site_name\" content=\"Colegio Alem\u00e1n Quito\" \/>\n<meta property=\"article:modified_time\" content=\"2026-01-06T19:22:17+00:00\" \/>\n<meta property=\"og:image\" content=\"https:\/\/www.caq.edu.ec\/wp-content\/uploads\/2025\/09\/DSC01265-2.jpg\" \/>\n\t<meta property=\"og:image:width\" content=\"1699\" \/>\n\t<meta property=\"og:image:height\" content=\"1074\" \/>\n\t<meta property=\"og:image:type\" content=\"image\/jpeg\" \/>\n<meta name=\"twitter:card\" content=\"summary_large_image\" \/>\n<meta name=\"twitter:label1\" content=\"Gesch\u00e4tzte Lesezeit\" \/>\n\t<meta name=\"twitter:data1\" content=\"3\u00a0Minuten\" \/>\n<script type=\"application\/ld+json\" class=\"yoast-schema-graph\">{\"@context\":\"https:\\\/\\\/schema.org\",\"@graph\":[{\"@type\":\"WebPage\",\"@id\":\"https:\\\/\\\/www.caq.edu.ec\\\/de\\\/areas-de-apoyo\\\/departamento-de-psicologia\\\/\",\"url\":\"https:\\\/\\\/www.caq.edu.ec\\\/de\\\/areas-de-apoyo\\\/departamento-de-psicologia\\\/\",\"name\":\"Abteilung f\u00fcr Sch\u00fclerberatung (DECE) - Colegio Alem\u00e1n Quito\",\"isPartOf\":{\"@id\":\"https:\\\/\\\/www.caq.edu.ec\\\/#website\"},\"primaryImageOfPage\":{\"@id\":\"https:\\\/\\\/www.caq.edu.ec\\\/de\\\/areas-de-apoyo\\\/departamento-de-psicologia\\\/#primaryimage\"},\"image\":{\"@id\":\"https:\\\/\\\/www.caq.edu.ec\\\/de\\\/areas-de-apoyo\\\/departamento-de-psicologia\\\/#primaryimage\"},\"thumbnailUrl\":\"https:\\\/\\\/www.caq.edu.ec\\\/wp-content\\\/uploads\\\/2025\\\/09\\\/DSC01265-2.jpg\",\"datePublished\":\"2011-10-23T02:34:45+00:00\",\"dateModified\":\"2026-01-06T19:22:17+00:00\",\"breadcrumb\":{\"@id\":\"https:\\\/\\\/www.caq.edu.ec\\\/de\\\/areas-de-apoyo\\\/departamento-de-psicologia\\\/#breadcrumb\"},\"inLanguage\":\"de\",\"potentialAction\":[{\"@type\":\"ReadAction\",\"target\":[\"https:\\\/\\\/www.caq.edu.ec\\\/de\\\/areas-de-apoyo\\\/departamento-de-psicologia\\\/\"]}]},{\"@type\":\"ImageObject\",\"inLanguage\":\"de\",\"@id\":\"https:\\\/\\\/www.caq.edu.ec\\\/de\\\/areas-de-apoyo\\\/departamento-de-psicologia\\\/#primaryimage\",\"url\":\"https:\\\/\\\/www.caq.edu.ec\\\/wp-content\\\/uploads\\\/2025\\\/09\\\/DSC01265-2.jpg\",\"contentUrl\":\"https:\\\/\\\/www.caq.edu.ec\\\/wp-content\\\/uploads\\\/2025\\\/09\\\/DSC01265-2.jpg\"},{\"@type\":\"BreadcrumbList\",\"@id\":\"https:\\\/\\\/www.caq.edu.ec\\\/de\\\/areas-de-apoyo\\\/departamento-de-psicologia\\\/#breadcrumb\",\"itemListElement\":[{\"@type\":\"ListItem\",\"position\":1,\"name\":\"Inicio\",\"item\":\"https:\\\/\\\/www.caq.edu.ec\\\/\"},{\"@type\":\"ListItem\",\"position\":2,\"name\":\"Bereiche der Unterst\u00fctzung\",\"item\":\"https:\\\/\\\/www.caq.edu.ec\\\/de\\\/areas-de-apoyo\\\/\"},{\"@type\":\"ListItem\",\"position\":3,\"name\":\"Abteilung f\u00fcr Sch\u00fclerberatung (DECE)\"}]},{\"@type\":\"WebSite\",\"@id\":\"https:\\\/\\\/www.caq.edu.ec\\\/#website\",\"url\":\"https:\\\/\\\/www.caq.edu.ec\\\/\",\"name\":\"Colegio Alem\u00e1n Quito\",\"description\":\"Una puerta al mundo\",\"potentialAction\":[{\"@type\":\"SearchAction\",\"target\":{\"@type\":\"EntryPoint\",\"urlTemplate\":\"https:\\\/\\\/www.caq.edu.ec\\\/?s={search_term_string}\"},\"query-input\":{\"@type\":\"PropertyValueSpecification\",\"valueRequired\":true,\"valueName\":\"search_term_string\"}}],\"inLanguage\":\"de\"}]}<\/script>\n<!-- \/ Yoast SEO plugin. -->","yoast_head_json":{"title":"Abteilung f\u00fcr Sch\u00fclerberatung (DECE) - Colegio Alem\u00e1n Quito","robots":{"index":"index","follow":"follow","max-snippet":"max-snippet:-1","max-image-preview":"max-image-preview:large","max-video-preview":"max-video-preview:-1"},"canonical":"https:\/\/www.caq.edu.ec\/de\/areas-de-apoyo\/departamento-de-psicologia\/","og_locale":"de_DE","og_type":"article","og_title":"Abteilung f\u00fcr Sch\u00fclerberatung (DECE) - Colegio Alem\u00e1n Quito","og_description":"Die Sch\u00fclerberatungsstelle (DECE) begleitet die Sch\u00fclerinnen und Sch\u00fcler in ihrer akademischen, emotionalen und sozialen Entwicklung und bietet ihnen einen Raum des Vertrauens und der kontinuierlichen Unterst\u00fctzung. Wir arbeiten in enger Zusammenarbeit mit Lehrkr\u00e4ften und Familien durch individuelle oder gruppenbezogene Beratung, Workshops und Pr\u00e4ventionsma\u00dfnahmen. Unser Ziel ist es, dazu beizutragen, dass jede Sch\u00fclerin und jeder Sch\u00fcler [&hellip;]","og_url":"https:\/\/www.caq.edu.ec\/de\/areas-de-apoyo\/departamento-de-psicologia\/","og_site_name":"Colegio Alem\u00e1n Quito","article_modified_time":"2026-01-06T19:22:17+00:00","og_image":[{"width":1699,"height":1074,"url":"https:\/\/www.caq.edu.ec\/wp-content\/uploads\/2025\/09\/DSC01265-2.jpg","type":"image\/jpeg"}],"twitter_card":"summary_large_image","twitter_misc":{"Gesch\u00e4tzte Lesezeit":"3\u00a0Minuten"},"schema":{"@context":"https:\/\/schema.org","@graph":[{"@type":"WebPage","@id":"https:\/\/www.caq.edu.ec\/de\/areas-de-apoyo\/departamento-de-psicologia\/","url":"https:\/\/www.caq.edu.ec\/de\/areas-de-apoyo\/departamento-de-psicologia\/","name":"Abteilung f\u00fcr Sch\u00fclerberatung (DECE) - Colegio Alem\u00e1n Quito","isPartOf":{"@id":"https:\/\/www.caq.edu.ec\/#website"},"primaryImageOfPage":{"@id":"https:\/\/www.caq.edu.ec\/de\/areas-de-apoyo\/departamento-de-psicologia\/#primaryimage"},"image":{"@id":"https:\/\/www.caq.edu.ec\/de\/areas-de-apoyo\/departamento-de-psicologia\/#primaryimage"},"thumbnailUrl":"https:\/\/www.caq.edu.ec\/wp-content\/uploads\/2025\/09\/DSC01265-2.jpg","datePublished":"2011-10-23T02:34:45+00:00","dateModified":"2026-01-06T19:22:17+00:00","breadcrumb":{"@id":"https:\/\/www.caq.edu.ec\/de\/areas-de-apoyo\/departamento-de-psicologia\/#breadcrumb"},"inLanguage":"de","potentialAction":[{"@type":"ReadAction","target":["https:\/\/www.caq.edu.ec\/de\/areas-de-apoyo\/departamento-de-psicologia\/"]}]},{"@type":"ImageObject","inLanguage":"de","@id":"https:\/\/www.caq.edu.ec\/de\/areas-de-apoyo\/departamento-de-psicologia\/#primaryimage","url":"https:\/\/www.caq.edu.ec\/wp-content\/uploads\/2025\/09\/DSC01265-2.jpg","contentUrl":"https:\/\/www.caq.edu.ec\/wp-content\/uploads\/2025\/09\/DSC01265-2.jpg"},{"@type":"BreadcrumbList","@id":"https:\/\/www.caq.edu.ec\/de\/areas-de-apoyo\/departamento-de-psicologia\/#breadcrumb","itemListElement":[{"@type":"ListItem","position":1,"name":"Inicio","item":"https:\/\/www.caq.edu.ec\/"},{"@type":"ListItem","position":2,"name":"Bereiche der Unterst\u00fctzung","item":"https:\/\/www.caq.edu.ec\/de\/areas-de-apoyo\/"},{"@type":"ListItem","position":3,"name":"Abteilung f\u00fcr Sch\u00fclerberatung (DECE)"}]},{"@type":"WebSite","@id":"https:\/\/www.caq.edu.ec\/#website","url":"https:\/\/www.caq.edu.ec\/","name":"Colegio Alem\u00e1n Quito","description":"Una puerta al mundo","potentialAction":[{"@type":"SearchAction","target":{"@type":"EntryPoint","urlTemplate":"https:\/\/www.caq.edu.ec\/?s={search_term_string}"},"query-input":{"@type":"PropertyValueSpecification","valueRequired":true,"valueName":"search_term_string"}}],"inLanguage":"de"}]}},"_links":{"self":[{"href":"https:\/\/www.caq.edu.ec\/de\/wp-json\/wp\/v2\/pages\/57190","targetHints":{"allow":["GET"]}}],"collection":[{"href":"https:\/\/www.caq.edu.ec\/de\/wp-json\/wp\/v2\/pages"}],"about":[{"href":"https:\/\/www.caq.edu.ec\/de\/wp-json\/wp\/v2\/types\/page"}],"author":[{"embeddable":true,"href":"https:\/\/www.caq.edu.ec\/de\/wp-json\/wp\/v2\/users\/6"}],"replies":[{"embeddable":true,"href":"https:\/\/www.caq.edu.ec\/de\/wp-json\/wp\/v2\/comments?post=57190"}],"version-history":[{"count":39,"href":"https:\/\/www.caq.edu.ec\/de\/wp-json\/wp\/v2\/pages\/57190\/revisions"}],"predecessor-version":[{"id":71732,"href":"https:\/\/www.caq.edu.ec\/de\/wp-json\/wp\/v2\/pages\/57190\/revisions\/71732"}],"up":[{"embeddable":true,"href":"https:\/\/www.caq.edu.ec\/de\/wp-json\/wp\/v2\/pages\/57249"}],"wp:attachment":[{"href":"https:\/\/www.caq.edu.ec\/de\/wp-json\/wp\/v2\/media?parent=57190"}],"curies":[{"name":"wp","href":"https:\/\/api.w.org\/{rel}","templated":true}]}}