{"id":57186,"date":"2011-10-22T16:32:51","date_gmt":"2011-10-22T21:32:51","guid":{"rendered":"https:\/\/www.caq.edu.ec\/asociacion-patrocinadora-y-mesa-directiva\/"},"modified":"2025-11-26T14:08:26","modified_gmt":"2025-11-26T19:08:26","slug":"asociacion-patrocinadora-y-mesa-directiva","status":"publish","type":"page","link":"https:\/\/www.caq.edu.ec\/de\/asociacion-patrocinadora-y-mesa-directiva\/","title":{"rendered":"Schultr\u00e4ger und Vorstand"},"content":{"rendered":"\t\t<div data-elementor-type=\"wp-page\" data-elementor-id=\"57186\" class=\"elementor elementor-57186 elementor-57020\" data-elementor-post-type=\"page\">\n\t\t\t\t<div class=\"elementor-element elementor-element-59de485b e-flex e-con-boxed e-con e-parent\" data-id=\"59de485b\" data-element_type=\"container\" data-e-type=\"container\">\n\t\t\t\t\t<div class=\"e-con-inner\">\n\t\t\t\t<div class=\"elementor-element elementor-element-77837ae1 elementor-widget elementor-widget-text-editor\" data-id=\"77837ae1\" data-element_type=\"widget\" data-e-type=\"widget\" data-widget_type=\"text-editor.default\">\n\t\t\t\t<div class=\"elementor-widget-container\">\n\t\t\t\t\t\t\t\t\t<h2>Was ist die AEACE?<\/h2><p>AEACE \u2013 Asociaci\u00f3n Ecuatoriano Alemana de Cultura y Educaci\u00f3n- Deutsch-Ecuadorianischer Verein f\u00fcr Erziehung und Kultur \u2013 ist gesetzlicher Vertreter der Deutschen Schule Quito. In dieser Funktion hat der Verein es sich zum Ziel gesetzt, die Existenz der Schule sowie deren p\u00e4dagogische Konzepte zu f\u00f6rdern und zu halten.<\/p><p>Der Verein besteht in seiner Mehrheit aus deutschen und ecuadorianischen Mitgliedern.<\/p><p>H\u00f6chste Instanz des Vereins ist die Mitgliedervollversammlung, die einmal im Jahr stattfindet. Aus dieser Versammlung wird der Vereinsvorstand gew\u00e4hlt, der ehrenamtlich die Schule f\u00fchrt. Bei den allmonatlichen Sitzungen des Schulvereinsvorstandes und dessen Kommissionen werden gemeinsam mit der p\u00e4dagogischen Schulleitung die besten Wege zur Erhaltung und Optimierung der Deutschen Schule Quito gesucht..<\/p><p>Als kulturelles Begegnungszentrum zwischen Ecuador und Deutschland sowie deren Sprachen bem\u00fcht sich der Verein darum, eine ausgeglichene Anzahl an deutschen und ecuadorianischen Mitgliedern zu halten.<\/p><p>Die Mitgliedschaft am Verein ist erh\u00e4ltlich \u00fcber einen Antrag an das Sekretariat der AEACE, ausgestellt auf den Schulvereinsvorstand: <a href=\"mailto:aeace@caq.edu.ec\" target=\"_blank\" rel=\"noopener\">aeace@caq.edu.ec<\/a><\/p><h3>Zusammensetzung des Vorstandes 2025<\/h3><p>Pr\u00e4sidentin des Vorstands: Nathalie Pinto<br data-start=\"77\" data-end=\"80\" \/>Vizepr\u00e4sident: Diego Carrillo<br data-start=\"109\" data-end=\"112\" data-is-only-node=\"\" \/>Rechnungspr\u00fcfer:<br data-start=\"128\" data-end=\"131\" \/>\u2022 Caterina Salvatore<br data-start=\"151\" data-end=\"154\" \/>\u2022 Fernando G\u00e1ndara<br data-start=\"172\" data-end=\"175\" \/>Schriftf\u00fchrer: Juan Esteban Bluhm<\/p>\t\t\t\t\t\t\t\t<\/div>\n\t\t\t\t<\/div>\n\t\t\t\t\t<\/div>\n\t\t\t\t<\/div>\n\t\t\t\t<\/div>\n\t\t","protected":false},"excerpt":{"rendered":"<p>Was ist die AEACE? AEACE \u2013 Asociaci\u00f3n Ecuatoriano Alemana de Cultura y Educaci\u00f3n- Deutsch-Ecuadorianischer Verein f\u00fcr Erziehung und Kultur \u2013 ist gesetzlicher Vertreter der Deutschen Schule Quito. In dieser Funktion hat der Verein es sich zum Ziel gesetzt, die Existenz der Schule sowie deren p\u00e4dagogische Konzepte zu f\u00f6rdern und zu halten. Der Verein besteht in [&hellip;]<\/p>\n","protected":false},"author":6,"featured_media":0,"parent":0,"menu_order":0,"comment_status":"closed","ping_status":"closed","template":"","meta":{"footnotes":""},"class_list":["post-57186","page","type-page","status-publish","hentry"],"yoast_head":"<!-- This site is optimized with the Yoast SEO plugin v27.3 - https:\/\/yoast.com\/product\/yoast-seo-wordpress\/ -->\n<title>Schultr\u00e4ger und Vorstand - Colegio Alem\u00e1n Quito<\/title>\n<meta name=\"robots\" content=\"index, follow, max-snippet:-1, max-image-preview:large, max-video-preview:-1\" \/>\n<link rel=\"canonical\" href=\"https:\/\/www.caq.edu.ec\/de\/asociacion-patrocinadora-y-mesa-directiva\/\" \/>\n<meta property=\"og:locale\" content=\"de_DE\" \/>\n<meta property=\"og:type\" content=\"article\" \/>\n<meta property=\"og:title\" content=\"Schultr\u00e4ger und Vorstand - Colegio Alem\u00e1n Quito\" \/>\n<meta property=\"og:description\" content=\"Was ist die AEACE? AEACE \u2013 Asociaci\u00f3n Ecuatoriano Alemana de Cultura y Educaci\u00f3n- Deutsch-Ecuadorianischer Verein f\u00fcr Erziehung und Kultur \u2013 ist gesetzlicher Vertreter der Deutschen Schule Quito. In dieser Funktion hat der Verein es sich zum Ziel gesetzt, die Existenz der Schule sowie deren p\u00e4dagogische Konzepte zu f\u00f6rdern und zu halten. Der Verein besteht in [&hellip;]\" \/>\n<meta property=\"og:url\" content=\"https:\/\/www.caq.edu.ec\/de\/asociacion-patrocinadora-y-mesa-directiva\/\" \/>\n<meta property=\"og:site_name\" content=\"Colegio Alem\u00e1n Quito\" \/>\n<meta property=\"article:modified_time\" content=\"2025-11-26T19:08:26+00:00\" \/>\n<meta name=\"twitter:card\" content=\"summary_large_image\" \/>\n<meta name=\"twitter:label1\" content=\"Gesch\u00e4tzte Lesezeit\" \/>\n\t<meta name=\"twitter:data1\" content=\"1\u00a0Minute\" \/>\n<script type=\"application\/ld+json\" class=\"yoast-schema-graph\">{\"@context\":\"https:\\\/\\\/schema.org\",\"@graph\":[{\"@type\":\"WebPage\",\"@id\":\"https:\\\/\\\/www.caq.edu.ec\\\/de\\\/asociacion-patrocinadora-y-mesa-directiva\\\/\",\"url\":\"https:\\\/\\\/www.caq.edu.ec\\\/de\\\/asociacion-patrocinadora-y-mesa-directiva\\\/\",\"name\":\"Schultr\u00e4ger und Vorstand - Colegio Alem\u00e1n Quito\",\"isPartOf\":{\"@id\":\"https:\\\/\\\/www.caq.edu.ec\\\/#website\"},\"datePublished\":\"2011-10-22T21:32:51+00:00\",\"dateModified\":\"2025-11-26T19:08:26+00:00\",\"breadcrumb\":{\"@id\":\"https:\\\/\\\/www.caq.edu.ec\\\/de\\\/asociacion-patrocinadora-y-mesa-directiva\\\/#breadcrumb\"},\"inLanguage\":\"de\",\"potentialAction\":[{\"@type\":\"ReadAction\",\"target\":[\"https:\\\/\\\/www.caq.edu.ec\\\/de\\\/asociacion-patrocinadora-y-mesa-directiva\\\/\"]}]},{\"@type\":\"BreadcrumbList\",\"@id\":\"https:\\\/\\\/www.caq.edu.ec\\\/de\\\/asociacion-patrocinadora-y-mesa-directiva\\\/#breadcrumb\",\"itemListElement\":[{\"@type\":\"ListItem\",\"position\":1,\"name\":\"Inicio\",\"item\":\"https:\\\/\\\/www.caq.edu.ec\\\/\"},{\"@type\":\"ListItem\",\"position\":2,\"name\":\"Schultr\u00e4ger und Vorstand\"}]},{\"@type\":\"WebSite\",\"@id\":\"https:\\\/\\\/www.caq.edu.ec\\\/#website\",\"url\":\"https:\\\/\\\/www.caq.edu.ec\\\/\",\"name\":\"Colegio Alem\u00e1n Quito\",\"description\":\"Una puerta al mundo\",\"potentialAction\":[{\"@type\":\"SearchAction\",\"target\":{\"@type\":\"EntryPoint\",\"urlTemplate\":\"https:\\\/\\\/www.caq.edu.ec\\\/?s={search_term_string}\"},\"query-input\":{\"@type\":\"PropertyValueSpecification\",\"valueRequired\":true,\"valueName\":\"search_term_string\"}}],\"inLanguage\":\"de\"}]}<\/script>\n<!-- \/ Yoast SEO plugin. -->","yoast_head_json":{"title":"Schultr\u00e4ger und Vorstand - Colegio Alem\u00e1n Quito","robots":{"index":"index","follow":"follow","max-snippet":"max-snippet:-1","max-image-preview":"max-image-preview:large","max-video-preview":"max-video-preview:-1"},"canonical":"https:\/\/www.caq.edu.ec\/de\/asociacion-patrocinadora-y-mesa-directiva\/","og_locale":"de_DE","og_type":"article","og_title":"Schultr\u00e4ger und Vorstand - Colegio Alem\u00e1n Quito","og_description":"Was ist die AEACE? AEACE \u2013 Asociaci\u00f3n Ecuatoriano Alemana de Cultura y Educaci\u00f3n- Deutsch-Ecuadorianischer Verein f\u00fcr Erziehung und Kultur \u2013 ist gesetzlicher Vertreter der Deutschen Schule Quito. In dieser Funktion hat der Verein es sich zum Ziel gesetzt, die Existenz der Schule sowie deren p\u00e4dagogische Konzepte zu f\u00f6rdern und zu halten. Der Verein besteht in [&hellip;]","og_url":"https:\/\/www.caq.edu.ec\/de\/asociacion-patrocinadora-y-mesa-directiva\/","og_site_name":"Colegio Alem\u00e1n Quito","article_modified_time":"2025-11-26T19:08:26+00:00","twitter_card":"summary_large_image","twitter_misc":{"Gesch\u00e4tzte Lesezeit":"1\u00a0Minute"},"schema":{"@context":"https:\/\/schema.org","@graph":[{"@type":"WebPage","@id":"https:\/\/www.caq.edu.ec\/de\/asociacion-patrocinadora-y-mesa-directiva\/","url":"https:\/\/www.caq.edu.ec\/de\/asociacion-patrocinadora-y-mesa-directiva\/","name":"Schultr\u00e4ger und Vorstand - Colegio Alem\u00e1n Quito","isPartOf":{"@id":"https:\/\/www.caq.edu.ec\/#website"},"datePublished":"2011-10-22T21:32:51+00:00","dateModified":"2025-11-26T19:08:26+00:00","breadcrumb":{"@id":"https:\/\/www.caq.edu.ec\/de\/asociacion-patrocinadora-y-mesa-directiva\/#breadcrumb"},"inLanguage":"de","potentialAction":[{"@type":"ReadAction","target":["https:\/\/www.caq.edu.ec\/de\/asociacion-patrocinadora-y-mesa-directiva\/"]}]},{"@type":"BreadcrumbList","@id":"https:\/\/www.caq.edu.ec\/de\/asociacion-patrocinadora-y-mesa-directiva\/#breadcrumb","itemListElement":[{"@type":"ListItem","position":1,"name":"Inicio","item":"https:\/\/www.caq.edu.ec\/"},{"@type":"ListItem","position":2,"name":"Schultr\u00e4ger und Vorstand"}]},{"@type":"WebSite","@id":"https:\/\/www.caq.edu.ec\/#website","url":"https:\/\/www.caq.edu.ec\/","name":"Colegio Alem\u00e1n Quito","description":"Una puerta al mundo","potentialAction":[{"@type":"SearchAction","target":{"@type":"EntryPoint","urlTemplate":"https:\/\/www.caq.edu.ec\/?s={search_term_string}"},"query-input":{"@type":"PropertyValueSpecification","valueRequired":true,"valueName":"search_term_string"}}],"inLanguage":"de"}]}},"_links":{"self":[{"href":"https:\/\/www.caq.edu.ec\/de\/wp-json\/wp\/v2\/pages\/57186","targetHints":{"allow":["GET"]}}],"collection":[{"href":"https:\/\/www.caq.edu.ec\/de\/wp-json\/wp\/v2\/pages"}],"about":[{"href":"https:\/\/www.caq.edu.ec\/de\/wp-json\/wp\/v2\/types\/page"}],"author":[{"embeddable":true,"href":"https:\/\/www.caq.edu.ec\/de\/wp-json\/wp\/v2\/users\/6"}],"replies":[{"embeddable":true,"href":"https:\/\/www.caq.edu.ec\/de\/wp-json\/wp\/v2\/comments?post=57186"}],"version-history":[{"count":12,"href":"https:\/\/www.caq.edu.ec\/de\/wp-json\/wp\/v2\/pages\/57186\/revisions"}],"predecessor-version":[{"id":71534,"href":"https:\/\/www.caq.edu.ec\/de\/wp-json\/wp\/v2\/pages\/57186\/revisions\/71534"}],"wp:attachment":[{"href":"https:\/\/www.caq.edu.ec\/de\/wp-json\/wp\/v2\/media?parent=57186"}],"curies":[{"name":"wp","href":"https:\/\/api.w.org\/{rel}","templated":true}]}}