{"id":57185,"date":"2011-10-22T21:14:32","date_gmt":"2011-10-23T02:14:32","guid":{"rendered":"https:\/\/www.caq.edu.ec\/rector\/"},"modified":"2026-01-14T09:50:35","modified_gmt":"2026-01-14T14:50:35","slug":"rector","status":"publish","type":"page","link":"https:\/\/www.caq.edu.ec\/de\/el-colegio\/rector\/","title":{"rendered":"Rektorat"},"content":{"rendered":"\t\t<div data-elementor-type=\"wp-page\" data-elementor-id=\"57185\" class=\"elementor elementor-57185 elementor-57019\" data-elementor-post-type=\"page\">\n\t\t\t\t<div class=\"elementor-element elementor-element-781a099a e-flex e-con-boxed e-con e-parent\" data-id=\"781a099a\" data-element_type=\"container\" data-e-type=\"container\">\n\t\t\t\t\t<div class=\"e-con-inner\">\n\t\t\t\t<div class=\"elementor-element elementor-element-2cd4010f elementor-widget elementor-widget-text-editor\" data-id=\"2cd4010f\" data-element_type=\"widget\" data-e-type=\"widget\" data-widget_type=\"text-editor.default\">\n\t\t\t\t<div class=\"elementor-widget-container\">\n\t\t\t\t\t\t\t\t\t<h3 style=\"text-align: center;\">Willkommen auf der Homepage der Deutschen Schule Quito!<\/h3><p data-start=\"120\" data-end=\"547\">Die Deutsche Schule Quito feierte im Jahr 2017 ihr 100-j\u00e4hriges Bestehen. Damit ist sie die \u00e4lteste private nicht konfessionelle Schule Ecuadors. Mit rund 1.600 Sch\u00fclerinnen und Sch\u00fclern z\u00e4hlt sie zudem zu den gr\u00f6\u00dften Deutschen Auslandsschulen weltweit. Als Anerkennung f\u00fcr ihre hohe Bildungsqualit\u00e4t wurde die DSQ in den Jahren 2011, 2016 und 2025 mit dem Qualit\u00e4tssiegel <strong data-start=\"492\" data-end=\"532\">\u201eExzellente Deutsche Auslandsschule\u201c<\/strong> ausgezeichnet.<\/p><p data-start=\"549\" data-end=\"934\">Auf einem \u00fcber sieben Hektar gro\u00dfen, wundersch\u00f6n gelegenen Gel\u00e4nde verf\u00fcgt die Deutsche Schule Quito \u00fcber eine hervorragende Infrastruktur. Dazu geh\u00f6ren unter anderem ein \u00fcberdachtes halbolympisches Schwimmbad, ein Kinderbecken f\u00fcr Kinder bis 6 Jahre, eine multifunktionale Sporthalle, zwei Bibliotheken sowie zwei Auditorien, die f\u00fcr Theaterauff\u00fchrungen und Konzerte geeignet sind.<\/p><p data-start=\"936\" data-end=\"1295\">Die DSQ gliedert sich in drei Abteilungen: <a href=\"https:\/\/www.caq.edu.ec\/de\/secciones\/kindergarten\/\" target=\"_blank\" rel=\"noopener\">Kindergarten<\/a>, <a href=\"https:\/\/www.caq.edu.ec\/de\/secciones\/primaria\/\" target=\"_blank\" rel=\"noopener\">Primaria<\/a> und <a href=\"https:\/\/www.caq.edu.ec\/de\/secciones\/secundaria\/\" target=\"_blank\" rel=\"noopener\">Sekundaria<\/a>. Angeschlossen sind au\u00dferdem die <a href=\"https:\/\/musikschule-dsq.com\/de\" target=\"_blank\" rel=\"noopener\">Musikschule<\/a> mit derzeit \u00fcber 200 teilnehmenden Sch\u00fclern sowie der Bereich der <a href=\"https:\/\/extracurriculares.caq.edu.ec\/de\" target=\"_blank\" rel=\"noopener\">Nachmittagsaktivit\u00e4ten<\/a>, der ein breites Angebot sowohl von 14:30 bis 16:00 Uhr als auch im Rahmen von \u201eENTRENA en el CAQ\u201c von 16:15 bis 18:00 Uhr bietet.<\/p><p data-start=\"1297\" data-end=\"1625\">Ziel unserer p\u00e4dagogischen Arbeit ist es, tolerante, selbstst\u00e4ndige und fachlich kompetente Sch\u00fclerinnen und Sch\u00fcler zu bilden, die verantwortungsbewusst entscheiden und handeln k\u00f6nnen. Daher verstehen wir uns als Begegnungsschule, bikulturell und mehrsprachig.<\/p><p data-start=\"1627\" data-end=\"2035\">Wir bieten unseren Sch\u00fclerinnen und Sch\u00fclern verschiedene <a href=\"https:\/\/www.caq.edu.ec\/de\/oferta-academica\/titulos-y-certificados\/\" target=\"_blank\" rel=\"noopener\">Abschl\u00fcsse<\/a> an: Alle erwerben das ecuadorianische Bachillerato; zus\u00e4tzlich k\u00f6nnen diejenigen, die die Voraussetzungen erf\u00fcllen, das anerkannte \u201eDeutsche Internationale Abitur (DIA)\u201c ablegen. Zu den Sprachzertifikaten der DSQ geh\u00f6ren das DSD I und II (Deutsches Sprachdiplom der Kultusministerkonferenz) sowie das Cambridge Certificate in Englisch.<\/p><p data-start=\"2037\" data-end=\"2414\">Die p\u00e4dagogische Arbeit der Deutschen Schule Quito wird von mehr als 180 nationalen und deutschen Lehrkr\u00e4ften getragen, die sich durch hohe Motivation sowie die Bereitschaft zu kontinuierlicher Fort- und Weiterbildung auszeichnen. Unterst\u00fctzt werden sie von einem engagierten <a href=\"https:\/\/www.caq.edu.ec\/de\/asociacion-patrocinadora-y-mesa-directiva\/\" target=\"_blank\" rel=\"noopener\">Vorstand<\/a> und einer Schulgemeinschaft, die sich in hohem Ma\u00dfe mit den Werten der Schule identifiziert.<\/p><p>Wolfgang Scheuble, Schulleiter<\/p><p>Medardo Silva, Nationaler Rektor<\/p><figure id=\"attachment_67843\" aria-describedby=\"caption-attachment-67843\" style=\"width: 250px\" class=\"wp-caption alignnone\"><img fetchpriority=\"high\" decoding=\"async\" class=\"size-full wp-image-67843\" src=\"https:\/\/www.caq.edu.ec\/wp-content\/uploads\/2025\/05\/Wolfgang-S.jpg\" alt=\"\" width=\"250\" height=\"250\" srcset=\"https:\/\/www.caq.edu.ec\/wp-content\/uploads\/2025\/05\/Wolfgang-S.jpg 250w, https:\/\/www.caq.edu.ec\/wp-content\/uploads\/2025\/05\/Wolfgang-S-150x150.jpg 150w\" sizes=\"(max-width: 250px) 100vw, 250px\" \/><figcaption id=\"caption-attachment-67843\" class=\"wp-caption-text\">Schulleiter<\/figcaption><\/figure><figure id=\"attachment_67847\" aria-describedby=\"caption-attachment-67847\" style=\"width: 250px\" class=\"wp-caption alignnone\"><img decoding=\"async\" class=\"size-full wp-image-67847\" src=\"https:\/\/www.caq.edu.ec\/wp-content\/uploads\/2025\/05\/Medardo-S.jpg\" alt=\"\" width=\"250\" height=\"250\" srcset=\"https:\/\/www.caq.edu.ec\/wp-content\/uploads\/2025\/05\/Medardo-S.jpg 250w, https:\/\/www.caq.edu.ec\/wp-content\/uploads\/2025\/05\/Medardo-S-150x150.jpg 150w\" sizes=\"(max-width: 250px) 100vw, 250px\" \/><figcaption id=\"caption-attachment-67847\" class=\"wp-caption-text\">Nationaler Rektor<\/figcaption><\/figure><p>\u00a0<\/p><h3 style=\"text-align: center;\"><strong>Das Rektorat 2025-26<\/strong><\/h3><p><img decoding=\"async\" class=\"alignnone size-large wp-image-70228 aligncenter\" src=\"https:\/\/www.caq.edu.ec\/wp-content\/uploads\/2025\/09\/Rectorado_web-1024x773.jpg\" alt=\"\" width=\"800\" height=\"604\" srcset=\"https:\/\/www.caq.edu.ec\/wp-content\/uploads\/2025\/09\/Rectorado_web-1024x773.jpg 1024w, https:\/\/www.caq.edu.ec\/wp-content\/uploads\/2025\/09\/Rectorado_web-300x227.jpg 300w, https:\/\/www.caq.edu.ec\/wp-content\/uploads\/2025\/09\/Rectorado_web-768x580.jpg 768w, https:\/\/www.caq.edu.ec\/wp-content\/uploads\/2025\/09\/Rectorado_web-1536x1160.jpg 1536w, https:\/\/www.caq.edu.ec\/wp-content\/uploads\/2025\/09\/Rectorado_web-2048x1547.jpg 2048w\" sizes=\"(max-width: 800px) 100vw, 800px\" \/><\/p><p>Das Rektorat 2025-26 setzt sich aus den folgenden Mitgliedern zusammen:<\/p><ul><li>Wolfgang Scheuble, Schulleiter<\/li><li>Medardo Silva, Nationaler Rektor<\/li><li>Daniel Volkmann, SteV. Schulleiter und Leiter der Sekundaria<\/li><li>Gerd Obermayer, Leiter der Primaria<\/li><li>Carolina Dom\u00ednguez, SteV. Leiterin der Primaria<\/li><li>Pascal Dierkes, Leiter des Kindergartens<\/li><li>Diana Andrade, SteV. Leiterin des Kindergartens<\/li><\/ul>\t\t\t\t\t\t\t\t<\/div>\n\t\t\t\t<\/div>\n\t\t\t\t\t<\/div>\n\t\t\t\t<\/div>\n\t\t\t\t<\/div>\n\t\t","protected":false},"excerpt":{"rendered":"<p>Willkommen auf der Homepage der Deutschen Schule Quito! Die Deutsche Schule Quito feierte im Jahr 2017 ihr 100-j\u00e4hriges Bestehen. Damit ist sie die \u00e4lteste private nicht konfessionelle Schule Ecuadors. Mit rund 1.600 Sch\u00fclerinnen und Sch\u00fclern z\u00e4hlt sie zudem zu den gr\u00f6\u00dften Deutschen Auslandsschulen weltweit. Als Anerkennung f\u00fcr ihre hohe Bildungsqualit\u00e4t wurde die DSQ in den [&hellip;]<\/p>\n","protected":false},"author":6,"featured_media":0,"parent":57173,"menu_order":0,"comment_status":"closed","ping_status":"closed","template":"","meta":{"footnotes":""},"class_list":["post-57185","page","type-page","status-publish","hentry"],"yoast_head":"<!-- This site is optimized with the Yoast SEO plugin v27.3 - https:\/\/yoast.com\/product\/yoast-seo-wordpress\/ -->\n<title>Rektorat - Colegio Alem\u00e1n Quito<\/title>\n<meta name=\"robots\" content=\"index, follow, max-snippet:-1, max-image-preview:large, max-video-preview:-1\" \/>\n<link rel=\"canonical\" href=\"https:\/\/www.caq.edu.ec\/de\/el-colegio\/rector\/\" \/>\n<meta property=\"og:locale\" content=\"de_DE\" \/>\n<meta property=\"og:type\" content=\"article\" \/>\n<meta property=\"og:title\" content=\"Rektorat - Colegio Alem\u00e1n Quito\" \/>\n<meta property=\"og:description\" content=\"Willkommen auf der Homepage der Deutschen Schule Quito! Die Deutsche Schule Quito feierte im Jahr 2017 ihr 100-j\u00e4hriges Bestehen. Damit ist sie die \u00e4lteste private nicht konfessionelle Schule Ecuadors. Mit rund 1.600 Sch\u00fclerinnen und Sch\u00fclern z\u00e4hlt sie zudem zu den gr\u00f6\u00dften Deutschen Auslandsschulen weltweit. Als Anerkennung f\u00fcr ihre hohe Bildungsqualit\u00e4t wurde die DSQ in den [&hellip;]\" \/>\n<meta property=\"og:url\" content=\"https:\/\/www.caq.edu.ec\/de\/el-colegio\/rector\/\" \/>\n<meta property=\"og:site_name\" content=\"Colegio Alem\u00e1n Quito\" \/>\n<meta property=\"article:modified_time\" content=\"2026-01-14T14:50:35+00:00\" \/>\n<meta property=\"og:image\" content=\"https:\/\/www.caq.edu.ec\/wp-content\/uploads\/2025\/05\/Wolfgang-S.jpg\" \/>\n\t<meta property=\"og:image:width\" content=\"250\" \/>\n\t<meta property=\"og:image:height\" content=\"250\" \/>\n\t<meta property=\"og:image:type\" content=\"image\/jpeg\" \/>\n<meta name=\"twitter:card\" content=\"summary_large_image\" \/>\n<meta name=\"twitter:label1\" content=\"Gesch\u00e4tzte Lesezeit\" \/>\n\t<meta name=\"twitter:data1\" content=\"3\u00a0Minuten\" \/>\n<script type=\"application\/ld+json\" class=\"yoast-schema-graph\">{\"@context\":\"https:\\\/\\\/schema.org\",\"@graph\":[{\"@type\":\"WebPage\",\"@id\":\"https:\\\/\\\/www.caq.edu.ec\\\/de\\\/el-colegio\\\/rector\\\/\",\"url\":\"https:\\\/\\\/www.caq.edu.ec\\\/de\\\/el-colegio\\\/rector\\\/\",\"name\":\"Rektorat - Colegio Alem\u00e1n Quito\",\"isPartOf\":{\"@id\":\"https:\\\/\\\/www.caq.edu.ec\\\/#website\"},\"primaryImageOfPage\":{\"@id\":\"https:\\\/\\\/www.caq.edu.ec\\\/de\\\/el-colegio\\\/rector\\\/#primaryimage\"},\"image\":{\"@id\":\"https:\\\/\\\/www.caq.edu.ec\\\/de\\\/el-colegio\\\/rector\\\/#primaryimage\"},\"thumbnailUrl\":\"https:\\\/\\\/www.caq.edu.ec\\\/wp-content\\\/uploads\\\/2025\\\/05\\\/Wolfgang-S.jpg\",\"datePublished\":\"2011-10-23T02:14:32+00:00\",\"dateModified\":\"2026-01-14T14:50:35+00:00\",\"breadcrumb\":{\"@id\":\"https:\\\/\\\/www.caq.edu.ec\\\/de\\\/el-colegio\\\/rector\\\/#breadcrumb\"},\"inLanguage\":\"de\",\"potentialAction\":[{\"@type\":\"ReadAction\",\"target\":[\"https:\\\/\\\/www.caq.edu.ec\\\/de\\\/el-colegio\\\/rector\\\/\"]}]},{\"@type\":\"ImageObject\",\"inLanguage\":\"de\",\"@id\":\"https:\\\/\\\/www.caq.edu.ec\\\/de\\\/el-colegio\\\/rector\\\/#primaryimage\",\"url\":\"https:\\\/\\\/www.caq.edu.ec\\\/wp-content\\\/uploads\\\/2025\\\/05\\\/Wolfgang-S.jpg\",\"contentUrl\":\"https:\\\/\\\/www.caq.edu.ec\\\/wp-content\\\/uploads\\\/2025\\\/05\\\/Wolfgang-S.jpg\"},{\"@type\":\"BreadcrumbList\",\"@id\":\"https:\\\/\\\/www.caq.edu.ec\\\/de\\\/el-colegio\\\/rector\\\/#breadcrumb\",\"itemListElement\":[{\"@type\":\"ListItem\",\"position\":1,\"name\":\"Inicio\",\"item\":\"https:\\\/\\\/www.caq.edu.ec\\\/\"},{\"@type\":\"ListItem\",\"position\":2,\"name\":\"Die Schule\",\"item\":\"https:\\\/\\\/www.caq.edu.ec\\\/el-colegio\\\/\"},{\"@type\":\"ListItem\",\"position\":3,\"name\":\"Rektorat\"}]},{\"@type\":\"WebSite\",\"@id\":\"https:\\\/\\\/www.caq.edu.ec\\\/#website\",\"url\":\"https:\\\/\\\/www.caq.edu.ec\\\/\",\"name\":\"Colegio Alem\u00e1n Quito\",\"description\":\"Una puerta al mundo\",\"potentialAction\":[{\"@type\":\"SearchAction\",\"target\":{\"@type\":\"EntryPoint\",\"urlTemplate\":\"https:\\\/\\\/www.caq.edu.ec\\\/?s={search_term_string}\"},\"query-input\":{\"@type\":\"PropertyValueSpecification\",\"valueRequired\":true,\"valueName\":\"search_term_string\"}}],\"inLanguage\":\"de\"}]}<\/script>\n<!-- \/ Yoast SEO plugin. -->","yoast_head_json":{"title":"Rektorat - Colegio Alem\u00e1n Quito","robots":{"index":"index","follow":"follow","max-snippet":"max-snippet:-1","max-image-preview":"max-image-preview:large","max-video-preview":"max-video-preview:-1"},"canonical":"https:\/\/www.caq.edu.ec\/de\/el-colegio\/rector\/","og_locale":"de_DE","og_type":"article","og_title":"Rektorat - Colegio Alem\u00e1n Quito","og_description":"Willkommen auf der Homepage der Deutschen Schule Quito! Die Deutsche Schule Quito feierte im Jahr 2017 ihr 100-j\u00e4hriges Bestehen. Damit ist sie die \u00e4lteste private nicht konfessionelle Schule Ecuadors. Mit rund 1.600 Sch\u00fclerinnen und Sch\u00fclern z\u00e4hlt sie zudem zu den gr\u00f6\u00dften Deutschen Auslandsschulen weltweit. Als Anerkennung f\u00fcr ihre hohe Bildungsqualit\u00e4t wurde die DSQ in den [&hellip;]","og_url":"https:\/\/www.caq.edu.ec\/de\/el-colegio\/rector\/","og_site_name":"Colegio Alem\u00e1n Quito","article_modified_time":"2026-01-14T14:50:35+00:00","og_image":[{"width":250,"height":250,"url":"https:\/\/www.caq.edu.ec\/wp-content\/uploads\/2025\/05\/Wolfgang-S.jpg","type":"image\/jpeg"}],"twitter_card":"summary_large_image","twitter_misc":{"Gesch\u00e4tzte Lesezeit":"3\u00a0Minuten"},"schema":{"@context":"https:\/\/schema.org","@graph":[{"@type":"WebPage","@id":"https:\/\/www.caq.edu.ec\/de\/el-colegio\/rector\/","url":"https:\/\/www.caq.edu.ec\/de\/el-colegio\/rector\/","name":"Rektorat - Colegio Alem\u00e1n Quito","isPartOf":{"@id":"https:\/\/www.caq.edu.ec\/#website"},"primaryImageOfPage":{"@id":"https:\/\/www.caq.edu.ec\/de\/el-colegio\/rector\/#primaryimage"},"image":{"@id":"https:\/\/www.caq.edu.ec\/de\/el-colegio\/rector\/#primaryimage"},"thumbnailUrl":"https:\/\/www.caq.edu.ec\/wp-content\/uploads\/2025\/05\/Wolfgang-S.jpg","datePublished":"2011-10-23T02:14:32+00:00","dateModified":"2026-01-14T14:50:35+00:00","breadcrumb":{"@id":"https:\/\/www.caq.edu.ec\/de\/el-colegio\/rector\/#breadcrumb"},"inLanguage":"de","potentialAction":[{"@type":"ReadAction","target":["https:\/\/www.caq.edu.ec\/de\/el-colegio\/rector\/"]}]},{"@type":"ImageObject","inLanguage":"de","@id":"https:\/\/www.caq.edu.ec\/de\/el-colegio\/rector\/#primaryimage","url":"https:\/\/www.caq.edu.ec\/wp-content\/uploads\/2025\/05\/Wolfgang-S.jpg","contentUrl":"https:\/\/www.caq.edu.ec\/wp-content\/uploads\/2025\/05\/Wolfgang-S.jpg"},{"@type":"BreadcrumbList","@id":"https:\/\/www.caq.edu.ec\/de\/el-colegio\/rector\/#breadcrumb","itemListElement":[{"@type":"ListItem","position":1,"name":"Inicio","item":"https:\/\/www.caq.edu.ec\/"},{"@type":"ListItem","position":2,"name":"Die Schule","item":"https:\/\/www.caq.edu.ec\/el-colegio\/"},{"@type":"ListItem","position":3,"name":"Rektorat"}]},{"@type":"WebSite","@id":"https:\/\/www.caq.edu.ec\/#website","url":"https:\/\/www.caq.edu.ec\/","name":"Colegio Alem\u00e1n Quito","description":"Una puerta al mundo","potentialAction":[{"@type":"SearchAction","target":{"@type":"EntryPoint","urlTemplate":"https:\/\/www.caq.edu.ec\/?s={search_term_string}"},"query-input":{"@type":"PropertyValueSpecification","valueRequired":true,"valueName":"search_term_string"}}],"inLanguage":"de"}]}},"_links":{"self":[{"href":"https:\/\/www.caq.edu.ec\/de\/wp-json\/wp\/v2\/pages\/57185","targetHints":{"allow":["GET"]}}],"collection":[{"href":"https:\/\/www.caq.edu.ec\/de\/wp-json\/wp\/v2\/pages"}],"about":[{"href":"https:\/\/www.caq.edu.ec\/de\/wp-json\/wp\/v2\/types\/page"}],"author":[{"embeddable":true,"href":"https:\/\/www.caq.edu.ec\/de\/wp-json\/wp\/v2\/users\/6"}],"replies":[{"embeddable":true,"href":"https:\/\/www.caq.edu.ec\/de\/wp-json\/wp\/v2\/comments?post=57185"}],"version-history":[{"count":12,"href":"https:\/\/www.caq.edu.ec\/de\/wp-json\/wp\/v2\/pages\/57185\/revisions"}],"predecessor-version":[{"id":71815,"href":"https:\/\/www.caq.edu.ec\/de\/wp-json\/wp\/v2\/pages\/57185\/revisions\/71815"}],"up":[{"embeddable":true,"href":"https:\/\/www.caq.edu.ec\/de\/wp-json\/wp\/v2\/pages\/57173"}],"wp:attachment":[{"href":"https:\/\/www.caq.edu.ec\/de\/wp-json\/wp\/v2\/media?parent=57185"}],"curies":[{"name":"wp","href":"https:\/\/api.w.org\/{rel}","templated":true}]}}