{"id":57184,"date":"2011-10-22T21:06:37","date_gmt":"2011-10-23T02:06:37","guid":{"rendered":"https:\/\/www.caq.edu.ec\/infraestructura\/"},"modified":"2025-10-22T13:57:02","modified_gmt":"2025-10-22T18:57:02","slug":"infraestructura","status":"publish","type":"page","link":"https:\/\/www.caq.edu.ec\/de\/el-colegio\/infraestructura\/","title":{"rendered":"Infrastruktur"},"content":{"rendered":"\t\t<div data-elementor-type=\"wp-page\" data-elementor-id=\"57184\" class=\"elementor elementor-57184 elementor-57018\" data-elementor-post-type=\"page\">\n\t\t\t\t<div class=\"elementor-element elementor-element-9b6b35e e-flex e-con-boxed e-con e-parent\" data-id=\"9b6b35e\" data-element_type=\"container\" data-e-type=\"container\">\n\t\t\t\t\t<div class=\"e-con-inner\">\n\t\t<div class=\"elementor-element elementor-element-c41f6ba e-con-full e-flex e-con e-child\" data-id=\"c41f6ba\" data-element_type=\"container\" data-e-type=\"container\">\n\t\t\t\t<div class=\"elementor-element elementor-element-146fd57 elementor--h-position-center elementor--v-position-middle elementor-arrows-position-inside elementor-pagination-position-inside elementor-widget elementor-widget-slides\" data-id=\"146fd57\" data-element_type=\"widget\" data-e-type=\"widget\" data-settings=\"{&quot;navigation&quot;:&quot;both&quot;,&quot;autoplay&quot;:&quot;yes&quot;,&quot;pause_on_hover&quot;:&quot;yes&quot;,&quot;pause_on_interaction&quot;:&quot;yes&quot;,&quot;autoplay_speed&quot;:5000,&quot;infinite&quot;:&quot;yes&quot;,&quot;transition&quot;:&quot;slide&quot;,&quot;transition_speed&quot;:500}\" data-widget_type=\"slides.default\">\n\t\t\t\t<div class=\"elementor-widget-container\">\n\t\t\t\t\t\t\t\t\t<div class=\"elementor-swiper\">\n\t\t\t\t\t<div class=\"elementor-slides-wrapper elementor-main-swiper swiper\" role=\"region\" aria-roledescription=\"carousel\" aria-label=\"Diapositivas\" dir=\"ltr\" data-animation=\"fadeInUp\">\n\t\t\t\t<div class=\"swiper-wrapper elementor-slides\">\n\t\t\t\t\t\t\t\t\t\t<div class=\"elementor-repeater-item-e673271 swiper-slide\" role=\"group\" aria-roledescription=\"slide\"><div class=\"swiper-slide-bg elementor-ken-burns elementor-ken-burns--in\" role=\"img\" aria-label=\"Infraestructura-CAQ_Biblioteca1.jpg\"><\/div><div class=\"elementor-background-overlay\"><\/div><div class=\"swiper-slide-inner\" ><div class=\"swiper-slide-contents\"><div class=\"elementor-slide-heading\">Bibliothek<\/div><div class=\"elementor-slide-description\">Spa\u00df am Lesen wecken \u2013 Leitziel unseres Bibliothekswesens<\/div><\/div><\/div><\/div><div class=\"elementor-repeater-item-506a244 swiper-slide\" role=\"group\" aria-roledescription=\"slide\"><div class=\"swiper-slide-bg elementor-ken-burns elementor-ken-burns--in\" role=\"img\" aria-label=\"Infraestructura-CAQ_Cafeteria1.jpg\"><\/div><div class=\"elementor-background-overlay\"><\/div><div class=\"swiper-slide-inner\" ><div class=\"swiper-slide-contents\"><div class=\"elementor-slide-heading\">Sch\u00fclermensa<\/div><div class=\"elementor-slide-description\">Ein Ort der Begegnung \u2013 Sch\u00fcler, Lehrer und Angestellte essen gemeinschaftlich.<\/div><\/div><\/div><\/div><div class=\"elementor-repeater-item-1678dcb swiper-slide\" role=\"group\" aria-roledescription=\"slide\"><div class=\"swiper-slide-bg elementor-ken-burns elementor-ken-burns--in\" role=\"img\" aria-label=\"WhatsApp Image 2025-10-19 at 15.32.27\"><\/div><div class=\"elementor-background-overlay\"><\/div><div class=\"swiper-slide-inner\" ><div class=\"swiper-slide-contents\"><div class=\"elementor-slide-heading\">Eingangsbereich<\/div><div class=\"elementor-slide-description\">Sicherheit geht vor \u2013 auch wenn wir dabei versuchen sch\u00fclerorientiert zu bleiben<\/div><\/div><\/div><\/div><div class=\"elementor-repeater-item-90811ff swiper-slide\" role=\"group\" aria-roledescription=\"slide\"><div class=\"swiper-slide-bg elementor-ken-burns elementor-ken-burns--in\" role=\"img\" aria-label=\"Infraestructura-CAQ_Gimnasia1.jpg\"><\/div><div class=\"elementor-background-overlay\"><\/div><div class=\"swiper-slide-inner\" ><div class=\"swiper-slide-contents\"><div class=\"elementor-slide-heading\">Gymnastikhalle<\/div><div class=\"elementor-slide-description\">Neue Impulse im curricularen Bereich und beim Sportangebot, gest\u00fctzt durch eine ansprechende Infrastruktur und eine ad\u00e4quate Ausstattung.<\/div><\/div><\/div><\/div><div class=\"elementor-repeater-item-8801afd swiper-slide\" role=\"group\" aria-roledescription=\"slide\"><div class=\"swiper-slide-bg elementor-ken-burns elementor-ken-burns--in\" role=\"img\" aria-label=\"Infraestructura-CAQ_Horno1.jpg\"><\/div><div class=\"elementor-background-overlay\"><\/div><div class=\"swiper-slide-inner\" ><div class=\"swiper-slide-contents\"><div class=\"elementor-slide-heading\">Brennofen<\/div><div class=\"elementor-slide-description\">Keramik geh\u00f6rt zum traditionellen Angebot der Schule<\/div><\/div><\/div><\/div><div class=\"elementor-repeater-item-d00ae17 swiper-slide\" role=\"group\" aria-roledescription=\"slide\"><div class=\"swiper-slide-bg elementor-ken-burns elementor-ken-burns--in\" role=\"img\" aria-label=\"Infraestructura-CAQ_Kinder2.jpg\"><\/div><div class=\"elementor-background-overlay\"><\/div><div class=\"swiper-slide-inner\" ><div class=\"swiper-slide-contents\"><div class=\"elementor-slide-heading\">Kindergarten<\/div><div class=\"elementor-slide-description\">Unser Kindergartenkonzept verlangt das architektonische Zusammenspiel von Erholung im Freien und Konzentration im Gruppenraum<\/div><\/div><\/div><\/div><div class=\"elementor-repeater-item-2e9c6be swiper-slide\" role=\"group\" aria-roledescription=\"slide\"><div class=\"swiper-slide-bg elementor-ken-burns elementor-ken-burns--in\" role=\"img\" aria-label=\"Infraestructura-CAQ_Luft2.jpg\"><\/div><div class=\"elementor-background-overlay\"><\/div><div class=\"swiper-slide-inner\" ><div class=\"swiper-slide-contents\"><div class=\"elementor-slide-heading\">Unser Schulgel\u00e4nde<\/div><div class=\"elementor-slide-description\">Moderne Architektur in einer park\u00e4hnlichen Anlage<\/div><\/div><\/div><\/div><div class=\"elementor-repeater-item-579385a swiper-slide\" role=\"group\" aria-roledescription=\"slide\"><div class=\"swiper-slide-bg elementor-ken-burns elementor-ken-burns--in\" role=\"img\" aria-label=\"Infraestructura-CAQ_Luft3.jpg\"><\/div><div class=\"elementor-background-overlay\"><\/div><div class=\"swiper-slide-inner\" ><div class=\"swiper-slide-contents\"><div class=\"elementor-slide-heading\">Pausenhof<\/div><div class=\"elementor-slide-description\">Schattenpl\u00e4tze gewinnen \u2013 Unser Ziel ist es, R\u00fcckzugsm\u00f6glichkeiten f\u00fcr den Pausenaufenthalt zu schaffen durch einen umfangreichen Baumbestand und bauliche Ma\u00dfnahmen.<\/div><\/div><\/div><\/div><div class=\"elementor-repeater-item-56df657 swiper-slide\" role=\"group\" aria-roledescription=\"slide\"><div class=\"swiper-slide-bg elementor-ken-burns elementor-ken-burns--in\" role=\"img\" aria-label=\"Infraestructura-CAQ_Sporthalle1.jpg\"><\/div><div class=\"elementor-background-overlay\"><\/div><div class=\"swiper-slide-inner\" ><div class=\"swiper-slide-contents\"><div class=\"elementor-slide-heading\">Sporthalle<\/div><div class=\"elementor-slide-description\">Die Dreifeldsporthalle ist multifunktional und bietet eine ausgezeichnete Akustik<\/div><\/div><\/div><\/div><div class=\"elementor-repeater-item-7ba538d swiper-slide\" role=\"group\" aria-roledescription=\"slide\"><div class=\"swiper-slide-bg elementor-ken-burns elementor-ken-burns--in\" role=\"img\" aria-label=\"Infraestructura-CAQ_Sportplatz1.jpg\"><\/div><div class=\"elementor-background-overlay\"><\/div><div class=\"swiper-slide-inner\" ><div class=\"swiper-slide-contents\"><div class=\"elementor-slide-heading\">Sportplatz<\/div><div class=\"elementor-slide-description\">Weitl\u00e4ufige Anlagen sorgen f\u00fcr sportliche Abwechslung bei Gro\u00df und Klein<\/div><\/div><\/div><\/div><div class=\"elementor-repeater-item-d94658d swiper-slide\" role=\"group\" aria-roledescription=\"slide\"><div class=\"swiper-slide-bg elementor-ken-burns elementor-ken-burns--in\" role=\"img\" aria-label=\"Infraestructura-CAQ_Teatro1.jpg\"><\/div><div class=\"elementor-background-overlay\"><\/div><div class=\"swiper-slide-inner\" ><div class=\"swiper-slide-contents\"><div class=\"elementor-slide-heading\">Theater<\/div><div class=\"elementor-slide-description\">Ein eigenes Auditorium mit mehr als 600 Sitzpl\u00e4tzen bietet Raum f\u00fcr die verschiedensten musikalischen oder theatralischen Veranstaltungen<\/div><\/div><\/div><\/div><div class=\"elementor-repeater-item-8aee753 swiper-slide\" role=\"group\" aria-roledescription=\"slide\"><div class=\"swiper-slide-bg elementor-ken-burns elementor-ken-burns--in\" role=\"img\" aria-label=\"Infraestructura-CAQ_Verwaltung1.jpg\"><\/div><div class=\"elementor-background-overlay\"><\/div><div class=\"swiper-slide-inner\" ><div class=\"swiper-slide-contents\"><div class=\"elementor-slide-heading\">Verwaltungsgeb\u00e4ude<\/div><div class=\"elementor-slide-description\">Unser freundliches Verwaltungspersonal empf\u00e4ngt Sie in einer angenehmen Atmosph\u00e4re.<\/div><\/div><\/div><\/div><div class=\"elementor-repeater-item-4ea6236 swiper-slide\" role=\"group\" aria-roledescription=\"slide\"><div class=\"swiper-slide-bg elementor-ken-burns elementor-ken-burns--in\" role=\"img\" aria-label=\"Infraestructura-CAQ_Piscina1.jpg\"><\/div><div class=\"elementor-background-overlay\"><\/div><div class=\"swiper-slide-inner\" ><div class=\"swiper-slide-contents\"><div class=\"elementor-slide-heading\">\u00dcberdachtes Schwimmbad<\/div><div class=\"elementor-slide-description\">Schwimmen geh\u00f6rt sowohl zum Angebot f\u00fcr die Kleinsten aus dem Kindergarten als auch f\u00fcr die Abiturienten der Abschlussklassen.<\/div><\/div><\/div><\/div><div class=\"elementor-repeater-item-20a783b swiper-slide\" role=\"group\" aria-roledescription=\"slide\"><div class=\"swiper-slide-bg elementor-ken-burns elementor-ken-burns--in\" role=\"img\" aria-label=\"Infraestructura-CAQ_Plataforma1.jpg\"><\/div><div class=\"elementor-background-overlay\"><\/div><div class=\"swiper-slide-inner\" ><div class=\"swiper-slide-contents\"><div class=\"elementor-slide-heading\">Busparkplatz<\/div><div class=\"elementor-slide-description\">Fast 70% unserer Sch\u00fclerschaft nutzt unser Busangebot<\/div><\/div><\/div><\/div><div class=\"elementor-repeater-item-d584aae swiper-slide\" role=\"group\" aria-roledescription=\"slide\"><div class=\"swiper-slide-bg elementor-ken-burns elementor-ken-burns--in\" role=\"img\" aria-label=\"Infraestructura-CAQ_Primaria_Luft1-copia.jpg\"><\/div><div class=\"elementor-background-overlay\"><\/div><div class=\"swiper-slide-inner\" ><div class=\"swiper-slide-contents\"><div class=\"elementor-slide-heading\">Unser Schulgel\u00e4nde<\/div><div class=\"elementor-slide-description\">Hunderte von B\u00e4umen und Str\u00e4uchern unterstreichen die Bedeutung, die wir der Au\u00dfengestaltung unseres Schulgel\u00e4ndes beimessen<\/div><\/div><\/div><\/div><div class=\"elementor-repeater-item-09682be swiper-slide\" role=\"group\" aria-roledescription=\"slide\"><div class=\"swiper-slide-bg elementor-ken-burns elementor-ken-burns--in\" role=\"img\" aria-label=\"Infraestructura-CAQ_Primaria1.jpg\"><\/div><div class=\"elementor-background-overlay\"><\/div><div class=\"swiper-slide-inner\" ><div class=\"swiper-slide-contents\"><div class=\"elementor-slide-heading\">Br\u00fccken zwischen den Geb\u00e4uden<\/div><div class=\"elementor-slide-description\"> Barrierefreiheit auf dem gesamten Gel\u00e4nde.<\/div><\/div><\/div><\/div>\t\t\t\t<\/div>\n\t\t\t\t\t\t\t\t\t\t\t\t\t\t\t<div class=\"elementor-swiper-button elementor-swiper-button-prev\" role=\"button\" tabindex=\"0\" aria-label=\"Vorheriger Slide\">\n\t\t\t\t\t\t\t<i aria-hidden=\"true\" class=\"eicon-chevron-left\"><\/i>\t\t\t\t\t\t<\/div>\n\t\t\t\t\t\t<div class=\"elementor-swiper-button elementor-swiper-button-next\" role=\"button\" tabindex=\"0\" aria-label=\"N\u00e4chster Slide\">\n\t\t\t\t\t\t\t<i aria-hidden=\"true\" class=\"eicon-chevron-right\"><\/i>\t\t\t\t\t\t<\/div>\n\t\t\t\t\t\t\t\t\t\t\t\t\t\t\t\t<div class=\"swiper-pagination\"><\/div>\n\t\t\t\t\t\t\t\t\t\t\t\t<\/div>\n\t\t\t\t<\/div>\n\t\t\t\t\t\t\t\t<\/div>\n\t\t\t\t<\/div>\n\t\t\t\t<div class=\"elementor-element elementor-element-36a7afc elementor-widget elementor-widget-text-editor\" data-id=\"36a7afc\" data-element_type=\"widget\" data-e-type=\"widget\" data-widget_type=\"text-editor.default\">\n\t\t\t\t<div class=\"elementor-widget-container\">\n\t\t\t\t\t\t\t\t\t<p>Die Deutsche Schule Quito (DSQ) liegt 20 Minuten vom Zentrum der Stadt entfernt im Tal von Cumbay\u00e1 auf einer Fl\u00e4che von 7,5 Hektar. Eingebettet in einen gro\u00dfz\u00fcgigen Campus mit vielen Gr\u00fcnfl\u00e4chen bietet die DSQ hervorragende Rahmenbedingungen f\u00fcr einen modernen und zukunftsorientierten Unterricht. Eine exzellente Infrastruktur f\u00fcr den Sport, mit eigenem Schwimmbad, eigenem Stadion und verschiedenen Hallen, einem eigenen Theater sowie modern eingerichteten Unterrichts- und Fachr\u00e4umen machen die DSQ zu einer der gefragtesten Schulen des Landes.<\/p>\t\t\t\t\t\t\t\t<\/div>\n\t\t\t\t<\/div>\n\t\t\t\t<\/div>\n\t\t\t\t\t<\/div>\n\t\t\t\t<\/div>\n\t\t\t\t<\/div>\n\t\t","protected":false},"excerpt":{"rendered":"<p>BibliothekSpa\u00df am Lesen wecken \u2013 Leitziel unseres BibliothekswesensSch\u00fclermensaEin Ort der Begegnung \u2013 Sch\u00fcler, Lehrer und Angestellte essen gemeinschaftlich.EingangsbereichSicherheit geht vor \u2013 auch wenn wir dabei versuchen sch\u00fclerorientiert zu bleibenGymnastikhalleNeue Impulse im curricularen Bereich und beim Sportangebot, gest\u00fctzt durch eine ansprechende Infrastruktur und eine ad\u00e4quate Ausstattung.BrennofenKeramik geh\u00f6rt zum traditionellen Angebot der SchuleKindergartenUnser Kindergartenkonzept verlangt das architektonische [&hellip;]<\/p>\n","protected":false},"author":6,"featured_media":0,"parent":57173,"menu_order":0,"comment_status":"closed","ping_status":"closed","template":"","meta":{"footnotes":""},"class_list":["post-57184","page","type-page","status-publish","hentry"],"yoast_head":"<!-- This site is optimized with the Yoast SEO plugin v27.3 - https:\/\/yoast.com\/product\/yoast-seo-wordpress\/ -->\n<title>Infrastruktur - Colegio Alem\u00e1n Quito<\/title>\n<meta name=\"robots\" content=\"index, follow, max-snippet:-1, max-image-preview:large, max-video-preview:-1\" \/>\n<link rel=\"canonical\" href=\"https:\/\/www.caq.edu.ec\/de\/el-colegio\/infraestructura\/\" \/>\n<meta property=\"og:locale\" content=\"de_DE\" \/>\n<meta property=\"og:type\" content=\"article\" \/>\n<meta property=\"og:title\" content=\"Infrastruktur - Colegio Alem\u00e1n Quito\" \/>\n<meta property=\"og:description\" content=\"BibliothekSpa\u00df am Lesen wecken \u2013 Leitziel unseres BibliothekswesensSch\u00fclermensaEin Ort der Begegnung \u2013 Sch\u00fcler, Lehrer und Angestellte essen gemeinschaftlich.EingangsbereichSicherheit geht vor \u2013 auch wenn wir dabei versuchen sch\u00fclerorientiert zu bleibenGymnastikhalleNeue Impulse im curricularen Bereich und beim Sportangebot, gest\u00fctzt durch eine ansprechende Infrastruktur und eine ad\u00e4quate Ausstattung.BrennofenKeramik geh\u00f6rt zum traditionellen Angebot der SchuleKindergartenUnser Kindergartenkonzept verlangt das architektonische [&hellip;]\" \/>\n<meta property=\"og:url\" content=\"https:\/\/www.caq.edu.ec\/de\/el-colegio\/infraestructura\/\" \/>\n<meta property=\"og:site_name\" content=\"Colegio Alem\u00e1n Quito\" \/>\n<meta property=\"article:modified_time\" content=\"2025-10-22T18:57:02+00:00\" \/>\n<meta name=\"twitter:card\" content=\"summary_large_image\" \/>\n<meta name=\"twitter:label1\" content=\"Gesch\u00e4tzte Lesezeit\" \/>\n\t<meta name=\"twitter:data1\" content=\"4\u00a0Minuten\" \/>\n<script type=\"application\/ld+json\" class=\"yoast-schema-graph\">{\"@context\":\"https:\\\/\\\/schema.org\",\"@graph\":[{\"@type\":\"WebPage\",\"@id\":\"https:\\\/\\\/www.caq.edu.ec\\\/de\\\/el-colegio\\\/infraestructura\\\/\",\"url\":\"https:\\\/\\\/www.caq.edu.ec\\\/de\\\/el-colegio\\\/infraestructura\\\/\",\"name\":\"Infrastruktur - Colegio Alem\u00e1n Quito\",\"isPartOf\":{\"@id\":\"https:\\\/\\\/www.caq.edu.ec\\\/#website\"},\"datePublished\":\"2011-10-23T02:06:37+00:00\",\"dateModified\":\"2025-10-22T18:57:02+00:00\",\"breadcrumb\":{\"@id\":\"https:\\\/\\\/www.caq.edu.ec\\\/de\\\/el-colegio\\\/infraestructura\\\/#breadcrumb\"},\"inLanguage\":\"de\",\"potentialAction\":[{\"@type\":\"ReadAction\",\"target\":[\"https:\\\/\\\/www.caq.edu.ec\\\/de\\\/el-colegio\\\/infraestructura\\\/\"]}]},{\"@type\":\"BreadcrumbList\",\"@id\":\"https:\\\/\\\/www.caq.edu.ec\\\/de\\\/el-colegio\\\/infraestructura\\\/#breadcrumb\",\"itemListElement\":[{\"@type\":\"ListItem\",\"position\":1,\"name\":\"Inicio\",\"item\":\"https:\\\/\\\/www.caq.edu.ec\\\/\"},{\"@type\":\"ListItem\",\"position\":2,\"name\":\"Die Schule\",\"item\":\"https:\\\/\\\/www.caq.edu.ec\\\/el-colegio\\\/\"},{\"@type\":\"ListItem\",\"position\":3,\"name\":\"Infrastruktur\"}]},{\"@type\":\"WebSite\",\"@id\":\"https:\\\/\\\/www.caq.edu.ec\\\/#website\",\"url\":\"https:\\\/\\\/www.caq.edu.ec\\\/\",\"name\":\"Colegio Alem\u00e1n Quito\",\"description\":\"Una puerta al mundo\",\"potentialAction\":[{\"@type\":\"SearchAction\",\"target\":{\"@type\":\"EntryPoint\",\"urlTemplate\":\"https:\\\/\\\/www.caq.edu.ec\\\/?s={search_term_string}\"},\"query-input\":{\"@type\":\"PropertyValueSpecification\",\"valueRequired\":true,\"valueName\":\"search_term_string\"}}],\"inLanguage\":\"de\"}]}<\/script>\n<!-- \/ Yoast SEO plugin. -->","yoast_head_json":{"title":"Infrastruktur - Colegio Alem\u00e1n Quito","robots":{"index":"index","follow":"follow","max-snippet":"max-snippet:-1","max-image-preview":"max-image-preview:large","max-video-preview":"max-video-preview:-1"},"canonical":"https:\/\/www.caq.edu.ec\/de\/el-colegio\/infraestructura\/","og_locale":"de_DE","og_type":"article","og_title":"Infrastruktur - Colegio Alem\u00e1n Quito","og_description":"BibliothekSpa\u00df am Lesen wecken \u2013 Leitziel unseres BibliothekswesensSch\u00fclermensaEin Ort der Begegnung \u2013 Sch\u00fcler, Lehrer und Angestellte essen gemeinschaftlich.EingangsbereichSicherheit geht vor \u2013 auch wenn wir dabei versuchen sch\u00fclerorientiert zu bleibenGymnastikhalleNeue Impulse im curricularen Bereich und beim Sportangebot, gest\u00fctzt durch eine ansprechende Infrastruktur und eine ad\u00e4quate Ausstattung.BrennofenKeramik geh\u00f6rt zum traditionellen Angebot der SchuleKindergartenUnser Kindergartenkonzept verlangt das architektonische [&hellip;]","og_url":"https:\/\/www.caq.edu.ec\/de\/el-colegio\/infraestructura\/","og_site_name":"Colegio Alem\u00e1n Quito","article_modified_time":"2025-10-22T18:57:02+00:00","twitter_card":"summary_large_image","twitter_misc":{"Gesch\u00e4tzte Lesezeit":"4\u00a0Minuten"},"schema":{"@context":"https:\/\/schema.org","@graph":[{"@type":"WebPage","@id":"https:\/\/www.caq.edu.ec\/de\/el-colegio\/infraestructura\/","url":"https:\/\/www.caq.edu.ec\/de\/el-colegio\/infraestructura\/","name":"Infrastruktur - Colegio Alem\u00e1n Quito","isPartOf":{"@id":"https:\/\/www.caq.edu.ec\/#website"},"datePublished":"2011-10-23T02:06:37+00:00","dateModified":"2025-10-22T18:57:02+00:00","breadcrumb":{"@id":"https:\/\/www.caq.edu.ec\/de\/el-colegio\/infraestructura\/#breadcrumb"},"inLanguage":"de","potentialAction":[{"@type":"ReadAction","target":["https:\/\/www.caq.edu.ec\/de\/el-colegio\/infraestructura\/"]}]},{"@type":"BreadcrumbList","@id":"https:\/\/www.caq.edu.ec\/de\/el-colegio\/infraestructura\/#breadcrumb","itemListElement":[{"@type":"ListItem","position":1,"name":"Inicio","item":"https:\/\/www.caq.edu.ec\/"},{"@type":"ListItem","position":2,"name":"Die Schule","item":"https:\/\/www.caq.edu.ec\/el-colegio\/"},{"@type":"ListItem","position":3,"name":"Infrastruktur"}]},{"@type":"WebSite","@id":"https:\/\/www.caq.edu.ec\/#website","url":"https:\/\/www.caq.edu.ec\/","name":"Colegio Alem\u00e1n Quito","description":"Una puerta al mundo","potentialAction":[{"@type":"SearchAction","target":{"@type":"EntryPoint","urlTemplate":"https:\/\/www.caq.edu.ec\/?s={search_term_string}"},"query-input":{"@type":"PropertyValueSpecification","valueRequired":true,"valueName":"search_term_string"}}],"inLanguage":"de"}]}},"_links":{"self":[{"href":"https:\/\/www.caq.edu.ec\/de\/wp-json\/wp\/v2\/pages\/57184","targetHints":{"allow":["GET"]}}],"collection":[{"href":"https:\/\/www.caq.edu.ec\/de\/wp-json\/wp\/v2\/pages"}],"about":[{"href":"https:\/\/www.caq.edu.ec\/de\/wp-json\/wp\/v2\/types\/page"}],"author":[{"embeddable":true,"href":"https:\/\/www.caq.edu.ec\/de\/wp-json\/wp\/v2\/users\/6"}],"replies":[{"embeddable":true,"href":"https:\/\/www.caq.edu.ec\/de\/wp-json\/wp\/v2\/comments?post=57184"}],"version-history":[{"count":3,"href":"https:\/\/www.caq.edu.ec\/de\/wp-json\/wp\/v2\/pages\/57184\/revisions"}],"predecessor-version":[{"id":71448,"href":"https:\/\/www.caq.edu.ec\/de\/wp-json\/wp\/v2\/pages\/57184\/revisions\/71448"}],"up":[{"embeddable":true,"href":"https:\/\/www.caq.edu.ec\/de\/wp-json\/wp\/v2\/pages\/57173"}],"wp:attachment":[{"href":"https:\/\/www.caq.edu.ec\/de\/wp-json\/wp\/v2\/media?parent=57184"}],"curies":[{"name":"wp","href":"https:\/\/api.w.org\/{rel}","templated":true}]}}