{"id":57182,"date":"2011-10-11T15:24:45","date_gmt":"2011-10-11T15:24:45","guid":{"rendered":"https:\/\/www.caq.edu.ec\/bienvenidos\/"},"modified":"2023-04-19T00:13:11","modified_gmt":"2023-04-19T00:13:11","slug":"bienvenidos","status":"publish","type":"page","link":"https:\/\/www.caq.edu.ec\/de\/secciones\/primaria\/bienvenidos\/","title":{"rendered":"Bienvenidos"},"content":{"rendered":"<p><img fetchpriority=\"high\" decoding=\"async\" class=\"wp-image-58988 size-medium alignright\" src=\"https:\/\/www.caq.edu.ec\/wp-content\/uploads\/2023\/03\/MeK-214x300.jpg\" alt=\"\" width=\"214\" height=\"300\" srcset=\"https:\/\/www.caq.edu.ec\/wp-content\/uploads\/2023\/03\/MeK-214x300.jpg 214w, https:\/\/www.caq.edu.ec\/wp-content\/uploads\/2023\/03\/MeK-731x1024.jpg 731w, https:\/\/www.caq.edu.ec\/wp-content\/uploads\/2023\/03\/MeK-768x1076.jpg 768w, https:\/\/www.caq.edu.ec\/wp-content\/uploads\/2023\/03\/MeK.jpg 1062w\" sizes=\"(max-width: 214px) 100vw, 214px\" \/><\/p>\n<p>Im Namen des Kollegiums der Grundschule der Deutschen Schule Quito begr\u00fc\u00dfe ich alle Besucher ganz herzlich auf unserer Seite und freue mich \u00fcber Ihr Interesse.<\/p>\n<p align=\"center\"><strong><i>\u201eLehren bedeutet, ein Leben f\u00fcr immer zu ber\u00fchren\u201c<\/i><\/strong><\/p>\n<p>Der damit verbundenen Aufgabe und Verantwortung sind wir uns sehr bewusst und freuen uns, dass wir die \u00fcber 600 Sch\u00fclerinnen und Sch\u00fclern der Grundschule auf ihrem schulischen Weg begleiten d\u00fcrfen.<\/p>\n<p>Als Schnittstelle zwischen dem Kindergarten und der Sekundarstufe tragen wir eine sehr gro\u00dfe Verantwortung und arbeiten intensiv mit beiden Bereichen zusammen. Wir vermitteln unseren Grundsch\u00fclern die Kernkompetenzen im Rechnen, Lesen, Schreiben und im naturwisschenschaftlichen Bereich. Ebenso sind uns die F\u00f6rderung der musikalischen und sportlichen Kompetenzen wichtig.<\/p>\n<p>Ab der ersten Klasse haben alle Sch\u00fclerinnen und Sch\u00fcler die F\u00e4cher Mathematik und Musik auf deutsch. Dabei erweitern und festigen wir systhematisch den Erwerb und Gebrauch der deutschen Sprache.<\/p>\n<p>Aber nicht nur die Vermittlung von Wissen ist uns wichtig. Wir erziehen unsere Sch\u00fcler zu toleranten, respektvollen und interkulturellen jungen Menschen. Dabei spielen auch kulturelle und sportliche Traditionen eine wichtige Rolle.<\/p>\n<p>Wir freuen uns, dass Sie sich auf unserer Homepage umsehen und sich einen Eindruck von unserer Schule verschaffen.<\/p>\n<p>Sie sind bei uns herzlich willkommen.<\/p>\n<p>Karin Meybom<\/p>\n<p>Grundschulleiterin<\/p>\n<p><span style=\"font-size: 9.0pt; font-family: 'Verdana',sans-serif;\">\u00a0<\/span><\/p>\n","protected":false},"excerpt":{"rendered":"<p>Im Namen des Kollegiums der Grundschule der Deutschen Schule Quito begr\u00fc\u00dfe ich alle Besucher ganz herzlich auf unserer Seite und freue mich \u00fcber Ihr Interesse. \u201eLehren bedeutet, ein Leben f\u00fcr immer zu ber\u00fchren\u201c Der damit verbundenen Aufgabe und Verantwortung sind wir uns sehr bewusst und freuen uns, dass wir die \u00fcber 600 Sch\u00fclerinnen und Sch\u00fclern [&hellip;]<\/p>\n","protected":false},"author":6,"featured_media":0,"parent":57197,"menu_order":0,"comment_status":"closed","ping_status":"closed","template":"","meta":{"footnotes":""},"class_list":["post-57182","page","type-page","status-publish","hentry"],"yoast_head":"<!-- This site is optimized with the Yoast SEO plugin v27.3 - https:\/\/yoast.com\/product\/yoast-seo-wordpress\/ -->\n<title>Bienvenidos - Colegio Alem\u00e1n Quito<\/title>\n<meta name=\"robots\" content=\"index, follow, max-snippet:-1, max-image-preview:large, max-video-preview:-1\" \/>\n<link rel=\"canonical\" href=\"https:\/\/www.caq.edu.ec\/de\/secciones\/primaria\/bienvenidos\/\" \/>\n<meta property=\"og:locale\" content=\"de_DE\" \/>\n<meta property=\"og:type\" content=\"article\" \/>\n<meta property=\"og:title\" content=\"Bienvenidos - Colegio Alem\u00e1n Quito\" \/>\n<meta property=\"og:description\" content=\"Im Namen des Kollegiums der Grundschule der Deutschen Schule Quito begr\u00fc\u00dfe ich alle Besucher ganz herzlich auf unserer Seite und freue mich \u00fcber Ihr Interesse. \u201eLehren bedeutet, ein Leben f\u00fcr immer zu ber\u00fchren\u201c Der damit verbundenen Aufgabe und Verantwortung sind wir uns sehr bewusst und freuen uns, dass wir die \u00fcber 600 Sch\u00fclerinnen und Sch\u00fclern [&hellip;]\" \/>\n<meta property=\"og:url\" content=\"https:\/\/www.caq.edu.ec\/de\/secciones\/primaria\/bienvenidos\/\" \/>\n<meta property=\"og:site_name\" content=\"Colegio Alem\u00e1n Quito\" \/>\n<meta property=\"article:modified_time\" content=\"2023-04-19T00:13:11+00:00\" \/>\n<meta property=\"og:image\" content=\"https:\/\/www.caq.edu.ec\/wp-content\/uploads\/2023\/03\/MeK-214x300.jpg\" \/>\n<meta name=\"twitter:card\" content=\"summary_large_image\" \/>\n<meta name=\"twitter:label1\" content=\"Gesch\u00e4tzte Lesezeit\" \/>\n\t<meta name=\"twitter:data1\" content=\"2\u00a0Minuten\" \/>\n<script type=\"application\/ld+json\" class=\"yoast-schema-graph\">{\"@context\":\"https:\\\/\\\/schema.org\",\"@graph\":[{\"@type\":\"WebPage\",\"@id\":\"https:\\\/\\\/www.caq.edu.ec\\\/de\\\/secciones\\\/primaria\\\/bienvenidos\\\/\",\"url\":\"https:\\\/\\\/www.caq.edu.ec\\\/de\\\/secciones\\\/primaria\\\/bienvenidos\\\/\",\"name\":\"Bienvenidos - Colegio Alem\u00e1n Quito\",\"isPartOf\":{\"@id\":\"https:\\\/\\\/www.caq.edu.ec\\\/#website\"},\"primaryImageOfPage\":{\"@id\":\"https:\\\/\\\/www.caq.edu.ec\\\/de\\\/secciones\\\/primaria\\\/bienvenidos\\\/#primaryimage\"},\"image\":{\"@id\":\"https:\\\/\\\/www.caq.edu.ec\\\/de\\\/secciones\\\/primaria\\\/bienvenidos\\\/#primaryimage\"},\"thumbnailUrl\":\"https:\\\/\\\/www.caq.edu.ec\\\/wp-content\\\/uploads\\\/2023\\\/03\\\/MeK-214x300.jpg\",\"datePublished\":\"2011-10-11T15:24:45+00:00\",\"dateModified\":\"2023-04-19T00:13:11+00:00\",\"breadcrumb\":{\"@id\":\"https:\\\/\\\/www.caq.edu.ec\\\/de\\\/secciones\\\/primaria\\\/bienvenidos\\\/#breadcrumb\"},\"inLanguage\":\"de\",\"potentialAction\":[{\"@type\":\"ReadAction\",\"target\":[\"https:\\\/\\\/www.caq.edu.ec\\\/de\\\/secciones\\\/primaria\\\/bienvenidos\\\/\"]}]},{\"@type\":\"ImageObject\",\"inLanguage\":\"de\",\"@id\":\"https:\\\/\\\/www.caq.edu.ec\\\/de\\\/secciones\\\/primaria\\\/bienvenidos\\\/#primaryimage\",\"url\":\"https:\\\/\\\/www.caq.edu.ec\\\/wp-content\\\/uploads\\\/2023\\\/03\\\/MeK-214x300.jpg\",\"contentUrl\":\"https:\\\/\\\/www.caq.edu.ec\\\/wp-content\\\/uploads\\\/2023\\\/03\\\/MeK-214x300.jpg\"},{\"@type\":\"BreadcrumbList\",\"@id\":\"https:\\\/\\\/www.caq.edu.ec\\\/de\\\/secciones\\\/primaria\\\/bienvenidos\\\/#breadcrumb\",\"itemListElement\":[{\"@type\":\"ListItem\",\"position\":1,\"name\":\"Inicio\",\"item\":\"https:\\\/\\\/www.caq.edu.ec\\\/\"},{\"@type\":\"ListItem\",\"position\":2,\"name\":\"Abteilungen\",\"item\":\"https:\\\/\\\/www.caq.edu.ec\\\/secciones\\\/\"},{\"@type\":\"ListItem\",\"position\":3,\"name\":\"Primaria\",\"item\":\"https:\\\/\\\/www.caq.edu.ec\\\/de\\\/secciones\\\/primaria\\\/\"},{\"@type\":\"ListItem\",\"position\":4,\"name\":\"Bienvenidos\"}]},{\"@type\":\"WebSite\",\"@id\":\"https:\\\/\\\/www.caq.edu.ec\\\/#website\",\"url\":\"https:\\\/\\\/www.caq.edu.ec\\\/\",\"name\":\"Colegio Alem\u00e1n Quito\",\"description\":\"Una puerta al mundo\",\"potentialAction\":[{\"@type\":\"SearchAction\",\"target\":{\"@type\":\"EntryPoint\",\"urlTemplate\":\"https:\\\/\\\/www.caq.edu.ec\\\/?s={search_term_string}\"},\"query-input\":{\"@type\":\"PropertyValueSpecification\",\"valueRequired\":true,\"valueName\":\"search_term_string\"}}],\"inLanguage\":\"de\"}]}<\/script>\n<!-- \/ Yoast SEO plugin. -->","yoast_head_json":{"title":"Bienvenidos - Colegio Alem\u00e1n Quito","robots":{"index":"index","follow":"follow","max-snippet":"max-snippet:-1","max-image-preview":"max-image-preview:large","max-video-preview":"max-video-preview:-1"},"canonical":"https:\/\/www.caq.edu.ec\/de\/secciones\/primaria\/bienvenidos\/","og_locale":"de_DE","og_type":"article","og_title":"Bienvenidos - Colegio Alem\u00e1n Quito","og_description":"Im Namen des Kollegiums der Grundschule der Deutschen Schule Quito begr\u00fc\u00dfe ich alle Besucher ganz herzlich auf unserer Seite und freue mich \u00fcber Ihr Interesse. \u201eLehren bedeutet, ein Leben f\u00fcr immer zu ber\u00fchren\u201c Der damit verbundenen Aufgabe und Verantwortung sind wir uns sehr bewusst und freuen uns, dass wir die \u00fcber 600 Sch\u00fclerinnen und Sch\u00fclern [&hellip;]","og_url":"https:\/\/www.caq.edu.ec\/de\/secciones\/primaria\/bienvenidos\/","og_site_name":"Colegio Alem\u00e1n Quito","article_modified_time":"2023-04-19T00:13:11+00:00","og_image":[{"url":"https:\/\/www.caq.edu.ec\/wp-content\/uploads\/2023\/03\/MeK-214x300.jpg","type":"","width":"","height":""}],"twitter_card":"summary_large_image","twitter_misc":{"Gesch\u00e4tzte Lesezeit":"2\u00a0Minuten"},"schema":{"@context":"https:\/\/schema.org","@graph":[{"@type":"WebPage","@id":"https:\/\/www.caq.edu.ec\/de\/secciones\/primaria\/bienvenidos\/","url":"https:\/\/www.caq.edu.ec\/de\/secciones\/primaria\/bienvenidos\/","name":"Bienvenidos - Colegio Alem\u00e1n Quito","isPartOf":{"@id":"https:\/\/www.caq.edu.ec\/#website"},"primaryImageOfPage":{"@id":"https:\/\/www.caq.edu.ec\/de\/secciones\/primaria\/bienvenidos\/#primaryimage"},"image":{"@id":"https:\/\/www.caq.edu.ec\/de\/secciones\/primaria\/bienvenidos\/#primaryimage"},"thumbnailUrl":"https:\/\/www.caq.edu.ec\/wp-content\/uploads\/2023\/03\/MeK-214x300.jpg","datePublished":"2011-10-11T15:24:45+00:00","dateModified":"2023-04-19T00:13:11+00:00","breadcrumb":{"@id":"https:\/\/www.caq.edu.ec\/de\/secciones\/primaria\/bienvenidos\/#breadcrumb"},"inLanguage":"de","potentialAction":[{"@type":"ReadAction","target":["https:\/\/www.caq.edu.ec\/de\/secciones\/primaria\/bienvenidos\/"]}]},{"@type":"ImageObject","inLanguage":"de","@id":"https:\/\/www.caq.edu.ec\/de\/secciones\/primaria\/bienvenidos\/#primaryimage","url":"https:\/\/www.caq.edu.ec\/wp-content\/uploads\/2023\/03\/MeK-214x300.jpg","contentUrl":"https:\/\/www.caq.edu.ec\/wp-content\/uploads\/2023\/03\/MeK-214x300.jpg"},{"@type":"BreadcrumbList","@id":"https:\/\/www.caq.edu.ec\/de\/secciones\/primaria\/bienvenidos\/#breadcrumb","itemListElement":[{"@type":"ListItem","position":1,"name":"Inicio","item":"https:\/\/www.caq.edu.ec\/"},{"@type":"ListItem","position":2,"name":"Abteilungen","item":"https:\/\/www.caq.edu.ec\/secciones\/"},{"@type":"ListItem","position":3,"name":"Primaria","item":"https:\/\/www.caq.edu.ec\/de\/secciones\/primaria\/"},{"@type":"ListItem","position":4,"name":"Bienvenidos"}]},{"@type":"WebSite","@id":"https:\/\/www.caq.edu.ec\/#website","url":"https:\/\/www.caq.edu.ec\/","name":"Colegio Alem\u00e1n Quito","description":"Una puerta al mundo","potentialAction":[{"@type":"SearchAction","target":{"@type":"EntryPoint","urlTemplate":"https:\/\/www.caq.edu.ec\/?s={search_term_string}"},"query-input":{"@type":"PropertyValueSpecification","valueRequired":true,"valueName":"search_term_string"}}],"inLanguage":"de"}]}},"_links":{"self":[{"href":"https:\/\/www.caq.edu.ec\/de\/wp-json\/wp\/v2\/pages\/57182","targetHints":{"allow":["GET"]}}],"collection":[{"href":"https:\/\/www.caq.edu.ec\/de\/wp-json\/wp\/v2\/pages"}],"about":[{"href":"https:\/\/www.caq.edu.ec\/de\/wp-json\/wp\/v2\/types\/page"}],"author":[{"embeddable":true,"href":"https:\/\/www.caq.edu.ec\/de\/wp-json\/wp\/v2\/users\/6"}],"replies":[{"embeddable":true,"href":"https:\/\/www.caq.edu.ec\/de\/wp-json\/wp\/v2\/comments?post=57182"}],"version-history":[{"count":0,"href":"https:\/\/www.caq.edu.ec\/de\/wp-json\/wp\/v2\/pages\/57182\/revisions"}],"up":[{"embeddable":true,"href":"https:\/\/www.caq.edu.ec\/de\/wp-json\/wp\/v2\/pages\/57197"}],"wp:attachment":[{"href":"https:\/\/www.caq.edu.ec\/de\/wp-json\/wp\/v2\/media?parent=57182"}],"curies":[{"name":"wp","href":"https:\/\/api.w.org\/{rel}","templated":true}]}}