{"id":57180,"date":"2011-10-11T00:57:43","date_gmt":"2011-10-11T05:57:43","guid":{"rendered":"https:\/\/www.caq.edu.ec\/centro-de-desarrollo-personal-y-profesional\/"},"modified":"2025-12-02T16:34:26","modified_gmt":"2025-12-02T21:34:26","slug":"centro-de-desarrollo-personal-y-profesional","status":"publish","type":"page","link":"https:\/\/www.caq.edu.ec\/de\/oferta-academica\/centro-de-desarrollo-personal-y-profesional\/","title":{"rendered":"Berufs- und Studienorientierung"},"content":{"rendered":"\t\t<div data-elementor-type=\"wp-page\" data-elementor-id=\"57180\" class=\"elementor elementor-57180 elementor-57013\" data-elementor-post-type=\"page\">\n\t\t\t\t<div class=\"elementor-element elementor-element-7043af4c e-flex e-con-boxed e-con e-parent\" data-id=\"7043af4c\" data-element_type=\"container\" data-e-type=\"container\">\n\t\t\t\t\t<div class=\"e-con-inner\">\n\t\t\t\t<div class=\"elementor-element elementor-element-a40cfd6 elementor-widget elementor-widget-text-editor\" data-id=\"a40cfd6\" data-element_type=\"widget\" data-e-type=\"widget\" data-widget_type=\"text-editor.default\">\n\t\t\t\t<div class=\"elementor-widget-container\">\n\t\t\t\t\t\t\t\t\t<h2>Berufs- und Studienorientierung<\/h2><div class=\"x_elementToProof\"><p data-start=\"159\" data-end=\"382\">Die Berufs- und Studienorientierung begleitet unsere Sch\u00fclerinnen und Sch\u00fcler w\u00e4hrend ihrer gesamten Schulzeit. Sie ist ein dynamischer Prozess, der Schritt f\u00fcr Schritt verl\u00e4uft und ihnen hilft, ihren eigenen Weg zu finden.<\/p><ul><li data-start=\"384\" data-end=\"699\">Dabei geht es einerseits darum, <strong>pers\u00f6nliche Interessen, F\u00e4higkeiten und St\u00e4rken zu entdecken<\/strong>. So k\u00f6nnen die Jugendlichen herausfinden, welche T\u00e4tigkeiten zu ihnen passen und welche Zukunftsperspektiven sich daraus ergeben. Unser Ziel ist es, dass ihre Entscheidungen bewusst, realistisch und zufriedenstellend sind.<\/li><li data-start=\"701\" data-end=\"941\">Gleichzeitig unterst\u00fctzen wir sie bei <strong>konkreten Fragen zur beruflichen und akademischen Zukunft<\/strong>. Entscheidungen f\u00fcr Studium oder Ausbildung sollen den individuellen Interessen entsprechen und durch praktische Erfahrungen untermauert werden.<\/li><\/ul><p data-start=\"943\" data-end=\"1078\">\u00a0<\/p><p data-start=\"943\" data-end=\"1078\">Im Mittelpunkt stehen dabei drei wichtige Bausteine: <strong data-start=\"996\" data-end=\"1078\">Selbstkenntnis, gute Informationen und eine reflektierte Entscheidungsfindung.<\/strong><\/p><\/div><div class=\"x_elementToProof\"><p class=\"x_elementToProof\">\u00a0<\/p><\/div><div class=\"x_elementToProof\"><h3 data-start=\"1225\" data-end=\"1265\">Team Berufs- und Studienorientierung<\/h3><p data-start=\"1267\" data-end=\"1483\"><strong data-start=\"1267\" data-end=\"1284\">Marcel Gn\u00e4dig<\/strong> (<a class=\"decorated-link cursor-pointer\" href=\"mailto:marcel.gnadig@caq.edu.ec\" target=\"_blank\" rel=\"noopener\" data-start=\"1286\" data-end=\"1310\">marcel.gnadig@caq.edu.ec<\/a>)<br data-start=\"1311\" data-end=\"1314\" \/>Beratung f\u00fcr Sch\u00fclerinnen und Sch\u00fcler der Klassen 10 bis 12, die ihr Studium in Deutschland und\/oder Europa fortsetzen m\u00f6chten, sowie Vorbereitung auf ein Studienkolleg.<\/p><p data-start=\"1485\" data-end=\"1707\"><strong data-start=\"1485\" data-end=\"1502\">Daniela Ponce<\/strong> (<a class=\"decorated-link cursor-pointer\" href=\"mailto:daniela.ponce@caq.edu.ec\" target=\"_blank\" rel=\"noopener\" data-start=\"1504\" data-end=\"1528\">daniela.ponce@caq.edu.ec<\/a>)<br data-start=\"1529\" data-end=\"1532\" \/>Beratung f\u00fcr Sch\u00fclerinnen und Sch\u00fcler, die ihr Studium in Ecuador oder anderen au\u00dfereurop\u00e4ischen L\u00e4ndern fortsetzen m\u00f6chten; sowie Koordination der Sch\u00fclerpraktika in Ecuador.<\/p><p data-start=\"1709\" data-end=\"1870\"><strong data-start=\"1709\" data-end=\"1727\">Isabel Salazar<\/strong> (<a class=\"decorated-link cursor-pointer\" href=\"mailto:isabel.salazar@caq.edu.ec\" target=\"_blank\" rel=\"noopener\" data-start=\"1729\" data-end=\"1754\">isabel.salazar@caq.edu.ec<\/a>)<br data-start=\"1755\" data-end=\"1758\" \/>Beratung f\u00fcr Sch\u00fclerinnen und Sch\u00fcler der Klassen 10 bis 12, die ihre berufliche Orientierung vertiefen m\u00f6chten.<\/p><\/div>\t\t\t\t\t\t\t\t<\/div>\n\t\t\t\t<\/div>\n\t\t\t\t\t<\/div>\n\t\t\t\t<\/div>\n\t\t\t\t<\/div>\n\t\t","protected":false},"excerpt":{"rendered":"<p>Berufs- und Studienorientierung Die Berufs- und Studienorientierung begleitet unsere Sch\u00fclerinnen und Sch\u00fcler w\u00e4hrend ihrer gesamten Schulzeit. Sie ist ein dynamischer Prozess, der Schritt f\u00fcr Schritt verl\u00e4uft und ihnen hilft, ihren eigenen Weg zu finden. Dabei geht es einerseits darum, pers\u00f6nliche Interessen, F\u00e4higkeiten und St\u00e4rken zu entdecken. So k\u00f6nnen die Jugendlichen herausfinden, welche T\u00e4tigkeiten zu ihnen [&hellip;]<\/p>\n","protected":false},"author":6,"featured_media":0,"parent":57241,"menu_order":0,"comment_status":"closed","ping_status":"closed","template":"","meta":{"footnotes":""},"class_list":["post-57180","page","type-page","status-publish","hentry"],"yoast_head":"<!-- This site is optimized with the Yoast SEO plugin v27.3 - https:\/\/yoast.com\/product\/yoast-seo-wordpress\/ -->\n<title>Berufs- und Studienorientierung - Colegio Alem\u00e1n Quito<\/title>\n<meta name=\"robots\" content=\"index, follow, max-snippet:-1, max-image-preview:large, max-video-preview:-1\" \/>\n<link rel=\"canonical\" href=\"https:\/\/www.caq.edu.ec\/de\/oferta-academica\/centro-de-desarrollo-personal-y-profesional\/\" \/>\n<meta property=\"og:locale\" content=\"de_DE\" \/>\n<meta property=\"og:type\" content=\"article\" \/>\n<meta property=\"og:title\" content=\"Berufs- und Studienorientierung - Colegio Alem\u00e1n Quito\" \/>\n<meta property=\"og:description\" content=\"Berufs- und Studienorientierung Die Berufs- und Studienorientierung begleitet unsere Sch\u00fclerinnen und Sch\u00fcler w\u00e4hrend ihrer gesamten Schulzeit. Sie ist ein dynamischer Prozess, der Schritt f\u00fcr Schritt verl\u00e4uft und ihnen hilft, ihren eigenen Weg zu finden. Dabei geht es einerseits darum, pers\u00f6nliche Interessen, F\u00e4higkeiten und St\u00e4rken zu entdecken. So k\u00f6nnen die Jugendlichen herausfinden, welche T\u00e4tigkeiten zu ihnen [&hellip;]\" \/>\n<meta property=\"og:url\" content=\"https:\/\/www.caq.edu.ec\/de\/oferta-academica\/centro-de-desarrollo-personal-y-profesional\/\" \/>\n<meta property=\"og:site_name\" content=\"Colegio Alem\u00e1n Quito\" \/>\n<meta property=\"article:modified_time\" content=\"2025-12-02T21:34:26+00:00\" \/>\n<meta name=\"twitter:card\" content=\"summary_large_image\" \/>\n<meta name=\"twitter:label1\" content=\"Gesch\u00e4tzte Lesezeit\" \/>\n\t<meta name=\"twitter:data1\" content=\"2\u00a0Minuten\" \/>\n<script type=\"application\/ld+json\" class=\"yoast-schema-graph\">{\"@context\":\"https:\\\/\\\/schema.org\",\"@graph\":[{\"@type\":\"WebPage\",\"@id\":\"https:\\\/\\\/www.caq.edu.ec\\\/de\\\/oferta-academica\\\/centro-de-desarrollo-personal-y-profesional\\\/\",\"url\":\"https:\\\/\\\/www.caq.edu.ec\\\/de\\\/oferta-academica\\\/centro-de-desarrollo-personal-y-profesional\\\/\",\"name\":\"Berufs- und Studienorientierung - Colegio Alem\u00e1n Quito\",\"isPartOf\":{\"@id\":\"https:\\\/\\\/www.caq.edu.ec\\\/#website\"},\"datePublished\":\"2011-10-11T05:57:43+00:00\",\"dateModified\":\"2025-12-02T21:34:26+00:00\",\"breadcrumb\":{\"@id\":\"https:\\\/\\\/www.caq.edu.ec\\\/de\\\/oferta-academica\\\/centro-de-desarrollo-personal-y-profesional\\\/#breadcrumb\"},\"inLanguage\":\"de\",\"potentialAction\":[{\"@type\":\"ReadAction\",\"target\":[\"https:\\\/\\\/www.caq.edu.ec\\\/de\\\/oferta-academica\\\/centro-de-desarrollo-personal-y-profesional\\\/\"]}]},{\"@type\":\"BreadcrumbList\",\"@id\":\"https:\\\/\\\/www.caq.edu.ec\\\/de\\\/oferta-academica\\\/centro-de-desarrollo-personal-y-profesional\\\/#breadcrumb\",\"itemListElement\":[{\"@type\":\"ListItem\",\"position\":1,\"name\":\"Inicio\",\"item\":\"https:\\\/\\\/www.caq.edu.ec\\\/\"},{\"@type\":\"ListItem\",\"position\":2,\"name\":\"Bildungsangebote\",\"item\":\"https:\\\/\\\/www.caq.edu.ec\\\/de\\\/oferta-academica\\\/\"},{\"@type\":\"ListItem\",\"position\":3,\"name\":\"Berufs- und Studienorientierung\"}]},{\"@type\":\"WebSite\",\"@id\":\"https:\\\/\\\/www.caq.edu.ec\\\/#website\",\"url\":\"https:\\\/\\\/www.caq.edu.ec\\\/\",\"name\":\"Colegio Alem\u00e1n Quito\",\"description\":\"Una puerta al mundo\",\"potentialAction\":[{\"@type\":\"SearchAction\",\"target\":{\"@type\":\"EntryPoint\",\"urlTemplate\":\"https:\\\/\\\/www.caq.edu.ec\\\/?s={search_term_string}\"},\"query-input\":{\"@type\":\"PropertyValueSpecification\",\"valueRequired\":true,\"valueName\":\"search_term_string\"}}],\"inLanguage\":\"de\"}]}<\/script>\n<!-- \/ Yoast SEO plugin. -->","yoast_head_json":{"title":"Berufs- und Studienorientierung - Colegio Alem\u00e1n Quito","robots":{"index":"index","follow":"follow","max-snippet":"max-snippet:-1","max-image-preview":"max-image-preview:large","max-video-preview":"max-video-preview:-1"},"canonical":"https:\/\/www.caq.edu.ec\/de\/oferta-academica\/centro-de-desarrollo-personal-y-profesional\/","og_locale":"de_DE","og_type":"article","og_title":"Berufs- und Studienorientierung - Colegio Alem\u00e1n Quito","og_description":"Berufs- und Studienorientierung Die Berufs- und Studienorientierung begleitet unsere Sch\u00fclerinnen und Sch\u00fcler w\u00e4hrend ihrer gesamten Schulzeit. Sie ist ein dynamischer Prozess, der Schritt f\u00fcr Schritt verl\u00e4uft und ihnen hilft, ihren eigenen Weg zu finden. Dabei geht es einerseits darum, pers\u00f6nliche Interessen, F\u00e4higkeiten und St\u00e4rken zu entdecken. So k\u00f6nnen die Jugendlichen herausfinden, welche T\u00e4tigkeiten zu ihnen [&hellip;]","og_url":"https:\/\/www.caq.edu.ec\/de\/oferta-academica\/centro-de-desarrollo-personal-y-profesional\/","og_site_name":"Colegio Alem\u00e1n Quito","article_modified_time":"2025-12-02T21:34:26+00:00","twitter_card":"summary_large_image","twitter_misc":{"Gesch\u00e4tzte Lesezeit":"2\u00a0Minuten"},"schema":{"@context":"https:\/\/schema.org","@graph":[{"@type":"WebPage","@id":"https:\/\/www.caq.edu.ec\/de\/oferta-academica\/centro-de-desarrollo-personal-y-profesional\/","url":"https:\/\/www.caq.edu.ec\/de\/oferta-academica\/centro-de-desarrollo-personal-y-profesional\/","name":"Berufs- und Studienorientierung - Colegio Alem\u00e1n Quito","isPartOf":{"@id":"https:\/\/www.caq.edu.ec\/#website"},"datePublished":"2011-10-11T05:57:43+00:00","dateModified":"2025-12-02T21:34:26+00:00","breadcrumb":{"@id":"https:\/\/www.caq.edu.ec\/de\/oferta-academica\/centro-de-desarrollo-personal-y-profesional\/#breadcrumb"},"inLanguage":"de","potentialAction":[{"@type":"ReadAction","target":["https:\/\/www.caq.edu.ec\/de\/oferta-academica\/centro-de-desarrollo-personal-y-profesional\/"]}]},{"@type":"BreadcrumbList","@id":"https:\/\/www.caq.edu.ec\/de\/oferta-academica\/centro-de-desarrollo-personal-y-profesional\/#breadcrumb","itemListElement":[{"@type":"ListItem","position":1,"name":"Inicio","item":"https:\/\/www.caq.edu.ec\/"},{"@type":"ListItem","position":2,"name":"Bildungsangebote","item":"https:\/\/www.caq.edu.ec\/de\/oferta-academica\/"},{"@type":"ListItem","position":3,"name":"Berufs- und Studienorientierung"}]},{"@type":"WebSite","@id":"https:\/\/www.caq.edu.ec\/#website","url":"https:\/\/www.caq.edu.ec\/","name":"Colegio Alem\u00e1n Quito","description":"Una puerta al mundo","potentialAction":[{"@type":"SearchAction","target":{"@type":"EntryPoint","urlTemplate":"https:\/\/www.caq.edu.ec\/?s={search_term_string}"},"query-input":{"@type":"PropertyValueSpecification","valueRequired":true,"valueName":"search_term_string"}}],"inLanguage":"de"}]}},"_links":{"self":[{"href":"https:\/\/www.caq.edu.ec\/de\/wp-json\/wp\/v2\/pages\/57180","targetHints":{"allow":["GET"]}}],"collection":[{"href":"https:\/\/www.caq.edu.ec\/de\/wp-json\/wp\/v2\/pages"}],"about":[{"href":"https:\/\/www.caq.edu.ec\/de\/wp-json\/wp\/v2\/types\/page"}],"author":[{"embeddable":true,"href":"https:\/\/www.caq.edu.ec\/de\/wp-json\/wp\/v2\/users\/6"}],"replies":[{"embeddable":true,"href":"https:\/\/www.caq.edu.ec\/de\/wp-json\/wp\/v2\/comments?post=57180"}],"version-history":[{"count":8,"href":"https:\/\/www.caq.edu.ec\/de\/wp-json\/wp\/v2\/pages\/57180\/revisions"}],"predecessor-version":[{"id":71627,"href":"https:\/\/www.caq.edu.ec\/de\/wp-json\/wp\/v2\/pages\/57180\/revisions\/71627"}],"up":[{"embeddable":true,"href":"https:\/\/www.caq.edu.ec\/de\/wp-json\/wp\/v2\/pages\/57241"}],"wp:attachment":[{"href":"https:\/\/www.caq.edu.ec\/de\/wp-json\/wp\/v2\/media?parent=57180"}],"curies":[{"name":"wp","href":"https:\/\/api.w.org\/{rel}","templated":true}]}}