{"id":57177,"date":"2011-10-11T05:57:28","date_gmt":"2011-10-11T10:57:28","guid":{"rendered":"https:\/\/www.caq.edu.ec\/secundaria\/"},"modified":"2025-08-31T18:23:59","modified_gmt":"2025-08-31T23:23:59","slug":"secundaria","status":"publish","type":"page","link":"https:\/\/www.caq.edu.ec\/de\/secciones\/secundaria\/","title":{"rendered":"Sekundarstufe"},"content":{"rendered":"\t\t<div data-elementor-type=\"wp-page\" data-elementor-id=\"57177\" class=\"elementor elementor-57177 elementor-57010\" data-elementor-post-type=\"page\">\n\t\t\t\t<div class=\"elementor-element elementor-element-cb3ea32 e-flex e-con-boxed e-con e-parent\" data-id=\"cb3ea32\" data-element_type=\"container\" data-e-type=\"container\">\n\t\t\t\t\t<div class=\"e-con-inner\">\n\t\t<div class=\"elementor-element elementor-element-df9857a e-con-full e-flex e-con e-child\" data-id=\"df9857a\" data-element_type=\"container\" data-e-type=\"container\">\n\t\t\t\t<div class=\"elementor-element elementor-element-ab2bdb7 elementor-widget elementor-widget-image\" data-id=\"ab2bdb7\" data-element_type=\"widget\" data-e-type=\"widget\" data-widget_type=\"image.default\">\n\t\t\t\t<div class=\"elementor-widget-container\">\n\t\t\t\t\t\t\t\t\t\t\t\t\t\t\t<img fetchpriority=\"high\" decoding=\"async\" width=\"675\" height=\"1024\" src=\"https:\/\/www.caq.edu.ec\/wp-content\/uploads\/2025\/08\/Captura-de-pantalla-2025-08-31-a-las-18.20.16-675x1024.png\" class=\"attachment-large size-large wp-image-70007\" alt=\"\" srcset=\"https:\/\/www.caq.edu.ec\/wp-content\/uploads\/2025\/08\/Captura-de-pantalla-2025-08-31-a-las-18.20.16-675x1024.png 675w, https:\/\/www.caq.edu.ec\/wp-content\/uploads\/2025\/08\/Captura-de-pantalla-2025-08-31-a-las-18.20.16-198x300.png 198w, https:\/\/www.caq.edu.ec\/wp-content\/uploads\/2025\/08\/Captura-de-pantalla-2025-08-31-a-las-18.20.16-768x1164.png 768w, https:\/\/www.caq.edu.ec\/wp-content\/uploads\/2025\/08\/Captura-de-pantalla-2025-08-31-a-las-18.20.16-1013x1536.png 1013w, https:\/\/www.caq.edu.ec\/wp-content\/uploads\/2025\/08\/Captura-de-pantalla-2025-08-31-a-las-18.20.16.png 1252w\" sizes=\"(max-width: 675px) 100vw, 675px\" \/>\t\t\t\t\t\t\t\t\t\t\t\t\t\t\t<\/div>\n\t\t\t\t<\/div>\n\t\t\t\t<\/div>\n\t\t<div class=\"elementor-element elementor-element-64ab6e2 e-flex e-con-boxed e-con e-child\" data-id=\"64ab6e2\" data-element_type=\"container\" data-e-type=\"container\">\n\t\t\t\t\t<div class=\"e-con-inner\">\n\t\t\t\t<div class=\"elementor-element elementor-element-2bfa23c elementor-widget elementor-widget-text-editor\" data-id=\"2bfa23c\" data-element_type=\"widget\" data-e-type=\"widget\" data-widget_type=\"text-editor.default\">\n\t\t\t\t<div class=\"elementor-widget-container\">\n\t\t\t\t\t\t\t\t\t<h2>Pr\u00e4sentation<\/h2><p>Die Sch\u00fclerinnen und Sch\u00fcler der Sekundaria an der Deutschen Schule Quito lernen, wie schon im Kindergarten und in der Primaria, in den ersten Jahren der Sekundaria gemeinsam von der 7. bis zur 9. Klasse. Wichtig ist uns dabei, dass alle Sch\u00fclerinnen und Sch\u00fcler in dieser Zeit ca. 50 Prozent des Unterrichts auf Deutsch erhalten, damit sie gut auf die DSD I-Pr\u00fcfung, die in der 8. Klasse abgenommen wird, vorbereitet werden. Am Ende von der 9. Klasse wird der weitere Bildungsweg unserer Sch\u00fclerinnen und Sch\u00fcler festgelegt. Dazu werden sie vorab intensiv von unseren Mittel- und Oberstufenkoordinatoren beraten und von unseren Psychologinnen (DECE) unterst\u00fctzt, so dass sie dann f\u00fcr sich die richtige Entscheidung treffen.<\/p>\t\t\t\t\t\t\t\t<\/div>\n\t\t\t\t<\/div>\n\t\t\t\t\t<\/div>\n\t\t\t\t<\/div>\n\t\t\t\t\t<\/div>\n\t\t\t\t<\/div>\n\t\t<div class=\"elementor-element elementor-element-90bccab e-flex e-con-boxed e-con e-parent\" data-id=\"90bccab\" data-element_type=\"container\" data-e-type=\"container\">\n\t\t\t\t\t<div class=\"e-con-inner\">\n\t\t\t\t<div class=\"elementor-element elementor-element-f85a851 elementor-widget elementor-widget-text-editor\" data-id=\"f85a851\" data-element_type=\"widget\" data-e-type=\"widget\" data-widget_type=\"text-editor.default\">\n\t\t\t\t<div class=\"elementor-widget-container\">\n\t\t\t\t\t\t\t\t\t<p>Das <em>Bachillerato ecuatoriano <\/em>legen immer alle unsere Sch\u00fcler ab, die zus\u00e4tzlichen internationalen deutschen Abschl\u00fcsse insbesondere das <em>Deutsche Internationale Abitur (DIA) <\/em>und das <em>Sprachdiplom DSD II<\/em> bieten interessierten und akademisch engagierten Sch\u00fclern viele Optionen f\u00fcr ihren Studien- und Berufsweg. In der Oberstufe werden sie dann von unserer nationalen Oberstufenkoordinatorin und unserer deutschen Oberstufenkoordinatorin betreut, beraten und zusammen mit den Lehrkr\u00e4ften auf die verschiedenen Pr\u00fcfungen und Abschl\u00fcsse vorbereitet.<\/p><p>Neben den internationalen <em>deutschen Sprachdiplomen DSD I<\/em> und <em>DSD II<\/em> k\u00f6nnen\u00a0 unsere Sch\u00fclerinnen und Sch\u00fcler in Englisch auch das <em>Cambridge Certificate<\/em> anstreben. Am Ende ihrer Schulkarriere wird an der Deutschen Schule Quito in\u00a0 unserem TestDaF-Zentrum f\u00fcr jeden Sch\u00fcler offiziell das Sprachniveau in Deutsch ermittelt, falls das nicht schon durch unsere Sprachdiplome oder das Abitur nachgewiesen wurde.<\/p><p>Grunds\u00e4tzlich unterst\u00fctzen alle Lehrerinnen und Lehrer, unsere Psychologinnen und Koordinatoren sowie das Schulleitungsteam unsere Sch\u00fclerinnen und Sch\u00fcler auf ihrem Weg zu ihren Abschl\u00fcssen und zusammen feiern wir ihre Erfolge.<\/p><p><strong>Daniel Volkmann, stev. Schulleiter und Leiter der Sekundaria<\/strong><\/p>\t\t\t\t\t\t\t\t<\/div>\n\t\t\t\t<\/div>\n\t\t\t\t\t<\/div>\n\t\t\t\t<\/div>\n\t\t<div class=\"elementor-element elementor-element-4994bb0 e-flex e-con-boxed e-con e-parent\" data-id=\"4994bb0\" data-element_type=\"container\" data-e-type=\"container\">\n\t\t\t\t\t<div class=\"e-con-inner\">\n\t\t<div class=\"elementor-element elementor-element-dfaeef4 e-con-full e-flex e-con e-child\" data-id=\"dfaeef4\" data-element_type=\"container\" data-e-type=\"container\">\n\t\t\t\t<div class=\"elementor-element elementor-element-213c696 elementor-arrows-position-inside elementor-pagination-position-outside elementor-widget elementor-widget-image-carousel\" data-id=\"213c696\" data-element_type=\"widget\" data-e-type=\"widget\" data-settings=\"{&quot;slides_to_show&quot;:&quot;1&quot;,&quot;slides_to_show_tablet&quot;:&quot;1&quot;,&quot;navigation&quot;:&quot;both&quot;,&quot;autoplay&quot;:&quot;yes&quot;,&quot;pause_on_hover&quot;:&quot;yes&quot;,&quot;pause_on_interaction&quot;:&quot;yes&quot;,&quot;autoplay_speed&quot;:5000,&quot;infinite&quot;:&quot;yes&quot;,&quot;effect&quot;:&quot;slide&quot;,&quot;speed&quot;:500}\" data-widget_type=\"image-carousel.default\">\n\t\t\t\t<div class=\"elementor-widget-container\">\n\t\t\t\t\t\t\t<div class=\"elementor-image-carousel-wrapper swiper\" role=\"region\" aria-roledescription=\"carousel\" aria-label=\"Carrusel de im\u00e1genes\" dir=\"ltr\">\n\t\t\t<div class=\"elementor-image-carousel swiper-wrapper swiper-image-stretch\" aria-live=\"off\">\n\t\t\t\t\t\t\t\t<div class=\"swiper-slide\" role=\"group\" aria-roledescription=\"slide\" aria-label=\"1 von 4\"><figure class=\"swiper-slide-inner\"><img decoding=\"async\" class=\"swiper-slide-image\" src=\"https:\/\/www.caq.edu.ec\/wp-content\/uploads\/2023\/04\/CAQ-secundaria-slider-1.jpg\" alt=\"CAQ-secundaria-slider-1.jpg\" \/><\/figure><\/div><div class=\"swiper-slide\" role=\"group\" aria-roledescription=\"slide\" aria-label=\"2 von 4\"><figure class=\"swiper-slide-inner\"><img decoding=\"async\" class=\"swiper-slide-image\" src=\"https:\/\/www.caq.edu.ec\/wp-content\/uploads\/2023\/04\/CAQ-secundaria-slider-2.jpg\" alt=\"CAQ-secundaria-slider-2.jpg\" \/><\/figure><\/div><div class=\"swiper-slide\" role=\"group\" aria-roledescription=\"slide\" aria-label=\"3 von 4\"><figure class=\"swiper-slide-inner\"><img decoding=\"async\" class=\"swiper-slide-image\" src=\"https:\/\/www.caq.edu.ec\/wp-content\/uploads\/2023\/04\/CAQ-secundaria-slider-3.jpg\" alt=\"CAQ-secundaria-slider-3.jpg\" \/><\/figure><\/div><div class=\"swiper-slide\" role=\"group\" aria-roledescription=\"slide\" aria-label=\"4 von 4\"><figure class=\"swiper-slide-inner\"><img decoding=\"async\" class=\"swiper-slide-image\" src=\"https:\/\/www.caq.edu.ec\/wp-content\/uploads\/2023\/04\/CAQ-secundaria-slider-4.jpg\" alt=\"CAQ-secundaria-slider-4.jpg\" \/><\/figure><\/div>\t\t\t<\/div>\n\t\t\t\t\t\t\t\t\t\t\t\t<div class=\"elementor-swiper-button elementor-swiper-button-prev\" role=\"button\" tabindex=\"0\">\n\t\t\t\t\t\t<i aria-hidden=\"true\" class=\"eicon-chevron-left\"><\/i>\t\t\t\t\t<\/div>\n\t\t\t\t\t<div class=\"elementor-swiper-button elementor-swiper-button-next\" role=\"button\" tabindex=\"0\">\n\t\t\t\t\t\t<i aria-hidden=\"true\" class=\"eicon-chevron-right\"><\/i>\t\t\t\t\t<\/div>\n\t\t\t\t\n\t\t\t\t\t\t\t\t\t<div class=\"swiper-pagination\"><\/div>\n\t\t\t\t\t\t\t\t\t<\/div>\n\t\t\t\t\t\t<\/div>\n\t\t\t\t<\/div>\n\t\t\t\t<\/div>\n\t\t<div class=\"elementor-element elementor-element-a624d8b e-con-full e-flex e-con e-child\" data-id=\"a624d8b\" data-element_type=\"container\" data-e-type=\"container\">\n\t\t\t\t<div class=\"elementor-element elementor-element-8ab1201 elementor-widget elementor-widget-text-editor\" data-id=\"8ab1201\" data-element_type=\"widget\" data-e-type=\"widget\" data-widget_type=\"text-editor.default\">\n\t\t\t\t<div class=\"elementor-widget-container\">\n\t\t\t\t\t\t\t\t\t<h2>Lehrk\u00f6rper<\/h2>\n<p style=\"text-align: justify;\">An der DSQ gibt es 180 Lehrkr\u00e4fte und Erzieher, von denen 50 im Kindergarten arbeiten, 50 nur im Primariabereich, 40 im Primaria- und Sekundariabereich und 40 nur in der Sekundaria unterrichten. Wir haben 19 Lehrkr\u00e4fte aus Deutschland entsandt (15 ADLKs und 4 BPLKs).<\/p>\t\t\t\t\t\t\t\t<\/div>\n\t\t\t\t<\/div>\n\t\t\t\t<div class=\"elementor-element elementor-element-087e7ab elementor-align-left elementor-mobile-align-justify elementor-widget__width-auto elementor-widget-mobile__width-inherit elementor-widget elementor-widget-button\" data-id=\"087e7ab\" data-element_type=\"widget\" data-e-type=\"widget\" data-widget_type=\"button.default\">\n\t\t\t\t<div class=\"elementor-widget-container\">\n\t\t\t\t\t\t\t\t\t<div class=\"elementor-button-wrapper\">\n\t\t\t\t\t<a class=\"elementor-button elementor-button-link elementor-size-sm\" href=\"\/dirigentes-secundaria\">\n\t\t\t\t\t\t<span class=\"elementor-button-content-wrapper\">\n\t\t\t\t\t\t<span class=\"elementor-button-icon\">\n\t\t\t\t<i aria-hidden=\"true\" class=\"fas fa-users\"><\/i>\t\t\t<\/span>\n\t\t\t\t\t\t\t\t\t<span class=\"elementor-button-text\">Klassenlehrer Sekundaria 2025\/26<\/span>\n\t\t\t\t\t<\/span>\n\t\t\t\t\t<\/a>\n\t\t\t\t<\/div>\n\t\t\t\t\t\t\t\t<\/div>\n\t\t\t\t<\/div>\n\t\t\t\t<\/div>\n\t\t\t\t\t<\/div>\n\t\t\t\t<\/div>\n\t\t\t\t<\/div>\n\t\t","protected":false},"excerpt":{"rendered":"<p>Pr\u00e4sentation Die Sch\u00fclerinnen und Sch\u00fcler der Sekundaria an der Deutschen Schule Quito lernen, wie schon im Kindergarten und in der Primaria, in den ersten Jahren der Sekundaria gemeinsam von der 7. bis zur 9. Klasse. Wichtig ist uns dabei, dass alle Sch\u00fclerinnen und Sch\u00fcler in dieser Zeit ca. 50 Prozent des Unterrichts auf Deutsch erhalten, [&hellip;]<\/p>\n","protected":false},"author":6,"featured_media":0,"parent":57231,"menu_order":0,"comment_status":"closed","ping_status":"closed","template":"","meta":{"footnotes":""},"class_list":["post-57177","page","type-page","status-publish","hentry"],"yoast_head":"<!-- This site is optimized with the Yoast SEO plugin v27.3 - https:\/\/yoast.com\/product\/yoast-seo-wordpress\/ -->\n<title>Sekundarstufe - Colegio Alem\u00e1n Quito<\/title>\n<meta name=\"robots\" content=\"index, follow, max-snippet:-1, max-image-preview:large, max-video-preview:-1\" \/>\n<link rel=\"canonical\" href=\"https:\/\/www.caq.edu.ec\/de\/secciones\/secundaria\/\" \/>\n<meta property=\"og:locale\" content=\"de_DE\" \/>\n<meta property=\"og:type\" content=\"article\" \/>\n<meta property=\"og:title\" content=\"Sekundarstufe - Colegio Alem\u00e1n Quito\" \/>\n<meta property=\"og:description\" content=\"Pr\u00e4sentation Die Sch\u00fclerinnen und Sch\u00fcler der Sekundaria an der Deutschen Schule Quito lernen, wie schon im Kindergarten und in der Primaria, in den ersten Jahren der Sekundaria gemeinsam von der 7. bis zur 9. Klasse. Wichtig ist uns dabei, dass alle Sch\u00fclerinnen und Sch\u00fcler in dieser Zeit ca. 50 Prozent des Unterrichts auf Deutsch erhalten, [&hellip;]\" \/>\n<meta property=\"og:url\" content=\"https:\/\/www.caq.edu.ec\/de\/secciones\/secundaria\/\" \/>\n<meta property=\"og:site_name\" content=\"Colegio Alem\u00e1n Quito\" \/>\n<meta property=\"article:modified_time\" content=\"2025-08-31T23:23:59+00:00\" \/>\n<meta property=\"og:image\" content=\"https:\/\/www.caq.edu.ec\/wp-content\/uploads\/2025\/08\/Captura-de-pantalla-2025-08-31-a-las-18.20.16-675x1024.png\" \/>\n\t<meta property=\"og:image:width\" content=\"675\" \/>\n\t<meta property=\"og:image:height\" content=\"1024\" \/>\n\t<meta property=\"og:image:type\" content=\"image\/png\" \/>\n<meta name=\"twitter:card\" content=\"summary_large_image\" \/>\n<meta name=\"twitter:label1\" content=\"Gesch\u00e4tzte Lesezeit\" \/>\n\t<meta name=\"twitter:data1\" content=\"4\u00a0Minuten\" \/>\n<script type=\"application\/ld+json\" class=\"yoast-schema-graph\">{\"@context\":\"https:\\\/\\\/schema.org\",\"@graph\":[{\"@type\":\"WebPage\",\"@id\":\"https:\\\/\\\/www.caq.edu.ec\\\/de\\\/secciones\\\/secundaria\\\/\",\"url\":\"https:\\\/\\\/www.caq.edu.ec\\\/de\\\/secciones\\\/secundaria\\\/\",\"name\":\"Sekundarstufe - Colegio Alem\u00e1n Quito\",\"isPartOf\":{\"@id\":\"https:\\\/\\\/www.caq.edu.ec\\\/#website\"},\"primaryImageOfPage\":{\"@id\":\"https:\\\/\\\/www.caq.edu.ec\\\/de\\\/secciones\\\/secundaria\\\/#primaryimage\"},\"image\":{\"@id\":\"https:\\\/\\\/www.caq.edu.ec\\\/de\\\/secciones\\\/secundaria\\\/#primaryimage\"},\"thumbnailUrl\":\"https:\\\/\\\/www.caq.edu.ec\\\/wp-content\\\/uploads\\\/2025\\\/08\\\/Captura-de-pantalla-2025-08-31-a-las-18.20.16-675x1024.png\",\"datePublished\":\"2011-10-11T10:57:28+00:00\",\"dateModified\":\"2025-08-31T23:23:59+00:00\",\"breadcrumb\":{\"@id\":\"https:\\\/\\\/www.caq.edu.ec\\\/de\\\/secciones\\\/secundaria\\\/#breadcrumb\"},\"inLanguage\":\"de\",\"potentialAction\":[{\"@type\":\"ReadAction\",\"target\":[\"https:\\\/\\\/www.caq.edu.ec\\\/de\\\/secciones\\\/secundaria\\\/\"]}]},{\"@type\":\"ImageObject\",\"inLanguage\":\"de\",\"@id\":\"https:\\\/\\\/www.caq.edu.ec\\\/de\\\/secciones\\\/secundaria\\\/#primaryimage\",\"url\":\"https:\\\/\\\/www.caq.edu.ec\\\/wp-content\\\/uploads\\\/2025\\\/08\\\/Captura-de-pantalla-2025-08-31-a-las-18.20.16-675x1024.png\",\"contentUrl\":\"https:\\\/\\\/www.caq.edu.ec\\\/wp-content\\\/uploads\\\/2025\\\/08\\\/Captura-de-pantalla-2025-08-31-a-las-18.20.16-675x1024.png\"},{\"@type\":\"BreadcrumbList\",\"@id\":\"https:\\\/\\\/www.caq.edu.ec\\\/de\\\/secciones\\\/secundaria\\\/#breadcrumb\",\"itemListElement\":[{\"@type\":\"ListItem\",\"position\":1,\"name\":\"Inicio\",\"item\":\"https:\\\/\\\/www.caq.edu.ec\\\/\"},{\"@type\":\"ListItem\",\"position\":2,\"name\":\"Abteilungen\",\"item\":\"https:\\\/\\\/www.caq.edu.ec\\\/secciones\\\/\"},{\"@type\":\"ListItem\",\"position\":3,\"name\":\"Sekundarstufe\"}]},{\"@type\":\"WebSite\",\"@id\":\"https:\\\/\\\/www.caq.edu.ec\\\/#website\",\"url\":\"https:\\\/\\\/www.caq.edu.ec\\\/\",\"name\":\"Colegio Alem\u00e1n Quito\",\"description\":\"Una puerta al mundo\",\"potentialAction\":[{\"@type\":\"SearchAction\",\"target\":{\"@type\":\"EntryPoint\",\"urlTemplate\":\"https:\\\/\\\/www.caq.edu.ec\\\/?s={search_term_string}\"},\"query-input\":{\"@type\":\"PropertyValueSpecification\",\"valueRequired\":true,\"valueName\":\"search_term_string\"}}],\"inLanguage\":\"de\"}]}<\/script>\n<!-- \/ Yoast SEO plugin. -->","yoast_head_json":{"title":"Sekundarstufe - Colegio Alem\u00e1n Quito","robots":{"index":"index","follow":"follow","max-snippet":"max-snippet:-1","max-image-preview":"max-image-preview:large","max-video-preview":"max-video-preview:-1"},"canonical":"https:\/\/www.caq.edu.ec\/de\/secciones\/secundaria\/","og_locale":"de_DE","og_type":"article","og_title":"Sekundarstufe - Colegio Alem\u00e1n Quito","og_description":"Pr\u00e4sentation Die Sch\u00fclerinnen und Sch\u00fcler der Sekundaria an der Deutschen Schule Quito lernen, wie schon im Kindergarten und in der Primaria, in den ersten Jahren der Sekundaria gemeinsam von der 7. bis zur 9. Klasse. Wichtig ist uns dabei, dass alle Sch\u00fclerinnen und Sch\u00fcler in dieser Zeit ca. 50 Prozent des Unterrichts auf Deutsch erhalten, [&hellip;]","og_url":"https:\/\/www.caq.edu.ec\/de\/secciones\/secundaria\/","og_site_name":"Colegio Alem\u00e1n Quito","article_modified_time":"2025-08-31T23:23:59+00:00","og_image":[{"width":675,"height":1024,"url":"https:\/\/www.caq.edu.ec\/wp-content\/uploads\/2025\/08\/Captura-de-pantalla-2025-08-31-a-las-18.20.16-675x1024.png","type":"image\/png"}],"twitter_card":"summary_large_image","twitter_misc":{"Gesch\u00e4tzte Lesezeit":"4\u00a0Minuten"},"schema":{"@context":"https:\/\/schema.org","@graph":[{"@type":"WebPage","@id":"https:\/\/www.caq.edu.ec\/de\/secciones\/secundaria\/","url":"https:\/\/www.caq.edu.ec\/de\/secciones\/secundaria\/","name":"Sekundarstufe - Colegio Alem\u00e1n Quito","isPartOf":{"@id":"https:\/\/www.caq.edu.ec\/#website"},"primaryImageOfPage":{"@id":"https:\/\/www.caq.edu.ec\/de\/secciones\/secundaria\/#primaryimage"},"image":{"@id":"https:\/\/www.caq.edu.ec\/de\/secciones\/secundaria\/#primaryimage"},"thumbnailUrl":"https:\/\/www.caq.edu.ec\/wp-content\/uploads\/2025\/08\/Captura-de-pantalla-2025-08-31-a-las-18.20.16-675x1024.png","datePublished":"2011-10-11T10:57:28+00:00","dateModified":"2025-08-31T23:23:59+00:00","breadcrumb":{"@id":"https:\/\/www.caq.edu.ec\/de\/secciones\/secundaria\/#breadcrumb"},"inLanguage":"de","potentialAction":[{"@type":"ReadAction","target":["https:\/\/www.caq.edu.ec\/de\/secciones\/secundaria\/"]}]},{"@type":"ImageObject","inLanguage":"de","@id":"https:\/\/www.caq.edu.ec\/de\/secciones\/secundaria\/#primaryimage","url":"https:\/\/www.caq.edu.ec\/wp-content\/uploads\/2025\/08\/Captura-de-pantalla-2025-08-31-a-las-18.20.16-675x1024.png","contentUrl":"https:\/\/www.caq.edu.ec\/wp-content\/uploads\/2025\/08\/Captura-de-pantalla-2025-08-31-a-las-18.20.16-675x1024.png"},{"@type":"BreadcrumbList","@id":"https:\/\/www.caq.edu.ec\/de\/secciones\/secundaria\/#breadcrumb","itemListElement":[{"@type":"ListItem","position":1,"name":"Inicio","item":"https:\/\/www.caq.edu.ec\/"},{"@type":"ListItem","position":2,"name":"Abteilungen","item":"https:\/\/www.caq.edu.ec\/secciones\/"},{"@type":"ListItem","position":3,"name":"Sekundarstufe"}]},{"@type":"WebSite","@id":"https:\/\/www.caq.edu.ec\/#website","url":"https:\/\/www.caq.edu.ec\/","name":"Colegio Alem\u00e1n Quito","description":"Una puerta al mundo","potentialAction":[{"@type":"SearchAction","target":{"@type":"EntryPoint","urlTemplate":"https:\/\/www.caq.edu.ec\/?s={search_term_string}"},"query-input":{"@type":"PropertyValueSpecification","valueRequired":true,"valueName":"search_term_string"}}],"inLanguage":"de"}]}},"_links":{"self":[{"href":"https:\/\/www.caq.edu.ec\/de\/wp-json\/wp\/v2\/pages\/57177","targetHints":{"allow":["GET"]}}],"collection":[{"href":"https:\/\/www.caq.edu.ec\/de\/wp-json\/wp\/v2\/pages"}],"about":[{"href":"https:\/\/www.caq.edu.ec\/de\/wp-json\/wp\/v2\/types\/page"}],"author":[{"embeddable":true,"href":"https:\/\/www.caq.edu.ec\/de\/wp-json\/wp\/v2\/users\/6"}],"replies":[{"embeddable":true,"href":"https:\/\/www.caq.edu.ec\/de\/wp-json\/wp\/v2\/comments?post=57177"}],"version-history":[{"count":21,"href":"https:\/\/www.caq.edu.ec\/de\/wp-json\/wp\/v2\/pages\/57177\/revisions"}],"predecessor-version":[{"id":70014,"href":"https:\/\/www.caq.edu.ec\/de\/wp-json\/wp\/v2\/pages\/57177\/revisions\/70014"}],"up":[{"embeddable":true,"href":"https:\/\/www.caq.edu.ec\/de\/wp-json\/wp\/v2\/pages\/57231"}],"wp:attachment":[{"href":"https:\/\/www.caq.edu.ec\/de\/wp-json\/wp\/v2\/media?parent=57177"}],"curies":[{"name":"wp","href":"https:\/\/api.w.org\/{rel}","templated":true}]}}