{"id":57173,"date":"2011-06-14T18:15:31","date_gmt":"2011-06-14T23:15:31","guid":{"rendered":"https:\/\/www.caq.edu.ec\/el-colegio\/"},"modified":"2024-10-09T11:34:17","modified_gmt":"2024-10-09T16:34:17","slug":"el-colegio","status":"publish","type":"page","link":"https:\/\/www.caq.edu.ec\/de\/el-colegio\/","title":{"rendered":"Die Schule"},"content":{"rendered":"\t\t<div data-elementor-type=\"wp-page\" data-elementor-id=\"57173\" class=\"elementor elementor-57173 elementor-57005\" data-elementor-post-type=\"page\">\n\t\t\t\t<div class=\"elementor-element elementor-element-78742706 e-flex e-con-boxed e-con e-parent\" data-id=\"78742706\" data-element_type=\"container\" data-e-type=\"container\">\n\t\t\t\t\t<div class=\"e-con-inner\">\n\t\t\t\t<div class=\"elementor-element elementor-element-24fc6178 elementor-widget elementor-widget-text-editor\" data-id=\"24fc6178\" data-element_type=\"widget\" data-e-type=\"widget\" data-widget_type=\"text-editor.default\">\n\t\t\t\t<div class=\"elementor-widget-container\">\n\t\t\t\t\t\t\t\t\t<p><img fetchpriority=\"high\" decoding=\"async\" class=\"wp-image-59321 size-full aligncenter\" src=\"https:\/\/www.caq.edu.ec\/wp-content\/uploads\/2023\/04\/Infraestructura-CAQ_Luft2.jpg\" alt=\"\" width=\"945\" height=\"400\" srcset=\"https:\/\/www.caq.edu.ec\/wp-content\/uploads\/2023\/04\/Infraestructura-CAQ_Luft2.jpg 945w, https:\/\/www.caq.edu.ec\/wp-content\/uploads\/2023\/04\/Infraestructura-CAQ_Luft2-300x127.jpg 300w, https:\/\/www.caq.edu.ec\/wp-content\/uploads\/2023\/04\/Infraestructura-CAQ_Luft2-768x325.jpg 768w\" sizes=\"(max-width: 945px) 100vw, 945px\" \/><\/p><p>Deutsche Auslandsschulen werden als Begegnungsschulen bezeichnet \u2013 Orte, an denen Sch\u00fclerinnen, Sch\u00fcler, Lehrkr\u00e4fte und Eltern aus aller Welt in einem deutschsprachigen und kulturellen Umfeld zusammenkommen, um langfristige Verbindungen zu kn\u00fcpfen. Genau das verk\u00f6rpert die Deutsche Schule Quito!<\/p><p>Die DSQ bereitet ihre Sch\u00fcler f\u00fcr das Leben und Studieren im Land wie im internationalen Umfeld \u2013 vor allem in Deutschland &#8211; vor. Mit \u00fcber 1550 Sch\u00fclern geh\u00f6rt die Schule weltweit zu den gro\u00dfen Auslandsschulen der Bundesrepublik Deutschland. Um ihren Auftrag im Rahmen der deutsch-ecuadorianischen Freundschaft zu erf\u00fcllen, gew\u00e4hrt die Bundesrepublik intensive personelle und finanzielle Unterst\u00fctzung. <br \/><br \/>P\u00e4dagogisch verfolgt die Schule einen ganzheitlichen Ansatz. Geleitet durch eine \u201cP\u00e4dagogik des Weges\u201d begleitet sie junge Menschen auf ihrem Weg zum Erwachsenwerden. In Zusammenarbeit mit den Eltern erhalten die Jugendlichen die n\u00f6tigen Orientierungshilfen bei anstehenden Lebens- und Berufsfragen. <br \/><br \/>Zahlreiche Angebote im Bereich des Sports, der Kunst oder der Musik erm\u00f6glichen eine individuelle und ganzheitliche Entwicklung der jungen Menschen. Nebenbei flie\u00dfen in die allt\u00e4gliche Unterrichtsarbeit Themen und Handlungsfelder ein, die f\u00fcr die eigene personale und berufliche Zukunft hohe Relevanz haben. Im Einzelnen sind dies die Bereiche Ausbildung und Beruf, interkulturelle Kompetenz, Multimedia, neue Lehr- und Lernformen, Methodenkompetenz, Sprachen- und naturwissenschaftliche Kompetenz.<\/p><p>Dank der Vernetzung nationaler Erziehungstraditionen mit europ\u00e4ischen Bildungskonzepten erwerben die Jugendlichen an der Deutschen Schule Quito zentrale personale, soziale und fachliche Kompetenzen, die ein erfolgreiches privates\u00a0und berufliches Handeln in einer heutzutage komplexen Welt m\u00f6glich machen. Im Ergebnis will die Deutsche Schule Quito mit ihrer Arbeit begabten und leistungsstarken Jugendlichen den Weg in F\u00fchrungspositionen ebnen.<\/p>\t\t\t\t\t\t\t\t<\/div>\n\t\t\t\t<\/div>\n\t\t\t\t\t<\/div>\n\t\t\t\t<\/div>\n\t\t\t\t<\/div>\n\t\t","protected":false},"excerpt":{"rendered":"<p>Deutsche Auslandsschulen werden als Begegnungsschulen bezeichnet \u2013 Orte, an denen Sch\u00fclerinnen, Sch\u00fcler, Lehrkr\u00e4fte und Eltern aus aller Welt in einem deutschsprachigen und kulturellen Umfeld zusammenkommen, um langfristige Verbindungen zu kn\u00fcpfen. Genau das verk\u00f6rpert die Deutsche Schule Quito! Die DSQ bereitet ihre Sch\u00fcler f\u00fcr das Leben und Studieren im Land wie im internationalen Umfeld \u2013 vor [&hellip;]<\/p>\n","protected":false},"author":6,"featured_media":0,"parent":0,"menu_order":0,"comment_status":"closed","ping_status":"closed","template":"","meta":{"footnotes":""},"class_list":["post-57173","page","type-page","status-publish","hentry"],"yoast_head":"<!-- This site is optimized with the Yoast SEO plugin v27.3 - https:\/\/yoast.com\/product\/yoast-seo-wordpress\/ -->\n<title>Die Schule - Colegio Alem\u00e1n Quito<\/title>\n<meta name=\"robots\" content=\"index, follow, max-snippet:-1, max-image-preview:large, max-video-preview:-1\" \/>\n<link rel=\"canonical\" href=\"https:\/\/www.caq.edu.ec\/el-colegio\/\" \/>\n<meta property=\"og:locale\" content=\"de_DE\" \/>\n<meta property=\"og:type\" content=\"article\" \/>\n<meta property=\"og:title\" content=\"Die Schule - Colegio Alem\u00e1n Quito\" \/>\n<meta property=\"og:description\" content=\"Deutsche Auslandsschulen werden als Begegnungsschulen bezeichnet \u2013 Orte, an denen Sch\u00fclerinnen, Sch\u00fcler, Lehrkr\u00e4fte und Eltern aus aller Welt in einem deutschsprachigen und kulturellen Umfeld zusammenkommen, um langfristige Verbindungen zu kn\u00fcpfen. Genau das verk\u00f6rpert die Deutsche Schule Quito! Die DSQ bereitet ihre Sch\u00fcler f\u00fcr das Leben und Studieren im Land wie im internationalen Umfeld \u2013 vor [&hellip;]\" \/>\n<meta property=\"og:url\" content=\"https:\/\/www.caq.edu.ec\/el-colegio\/\" \/>\n<meta property=\"og:site_name\" content=\"Colegio Alem\u00e1n Quito\" \/>\n<meta property=\"article:modified_time\" content=\"2024-10-09T16:34:17+00:00\" \/>\n<meta property=\"og:image\" content=\"https:\/\/www.caq.edu.ec\/wp-content\/uploads\/2023\/04\/Infraestructura-CAQ_Luft2.jpg\" \/>\n\t<meta property=\"og:image:width\" content=\"945\" \/>\n\t<meta property=\"og:image:height\" content=\"400\" \/>\n\t<meta property=\"og:image:type\" content=\"image\/jpeg\" \/>\n<meta name=\"twitter:card\" content=\"summary_large_image\" \/>\n<meta name=\"twitter:label1\" content=\"Gesch\u00e4tzte Lesezeit\" \/>\n\t<meta name=\"twitter:data1\" content=\"2\u00a0Minuten\" \/>\n<script type=\"application\/ld+json\" class=\"yoast-schema-graph\">{\"@context\":\"https:\\\/\\\/schema.org\",\"@graph\":[{\"@type\":\"WebPage\",\"@id\":\"https:\\\/\\\/www.caq.edu.ec\\\/el-colegio\\\/\",\"url\":\"https:\\\/\\\/www.caq.edu.ec\\\/el-colegio\\\/\",\"name\":\"Die Schule - Colegio Alem\u00e1n Quito\",\"isPartOf\":{\"@id\":\"https:\\\/\\\/www.caq.edu.ec\\\/#website\"},\"primaryImageOfPage\":{\"@id\":\"https:\\\/\\\/www.caq.edu.ec\\\/el-colegio\\\/#primaryimage\"},\"image\":{\"@id\":\"https:\\\/\\\/www.caq.edu.ec\\\/el-colegio\\\/#primaryimage\"},\"thumbnailUrl\":\"https:\\\/\\\/www.caq.edu.ec\\\/wp-content\\\/uploads\\\/2023\\\/04\\\/Infraestructura-CAQ_Luft2.jpg\",\"datePublished\":\"2011-06-14T23:15:31+00:00\",\"dateModified\":\"2024-10-09T16:34:17+00:00\",\"breadcrumb\":{\"@id\":\"https:\\\/\\\/www.caq.edu.ec\\\/el-colegio\\\/#breadcrumb\"},\"inLanguage\":\"de\",\"potentialAction\":[{\"@type\":\"ReadAction\",\"target\":[\"https:\\\/\\\/www.caq.edu.ec\\\/el-colegio\\\/\"]}]},{\"@type\":\"ImageObject\",\"inLanguage\":\"de\",\"@id\":\"https:\\\/\\\/www.caq.edu.ec\\\/el-colegio\\\/#primaryimage\",\"url\":\"https:\\\/\\\/www.caq.edu.ec\\\/wp-content\\\/uploads\\\/2023\\\/04\\\/Infraestructura-CAQ_Luft2.jpg\",\"contentUrl\":\"https:\\\/\\\/www.caq.edu.ec\\\/wp-content\\\/uploads\\\/2023\\\/04\\\/Infraestructura-CAQ_Luft2.jpg\"},{\"@type\":\"BreadcrumbList\",\"@id\":\"https:\\\/\\\/www.caq.edu.ec\\\/el-colegio\\\/#breadcrumb\",\"itemListElement\":[{\"@type\":\"ListItem\",\"position\":1,\"name\":\"Inicio\",\"item\":\"https:\\\/\\\/www.caq.edu.ec\\\/\"},{\"@type\":\"ListItem\",\"position\":2,\"name\":\"Die Schule\"}]},{\"@type\":\"WebSite\",\"@id\":\"https:\\\/\\\/www.caq.edu.ec\\\/#website\",\"url\":\"https:\\\/\\\/www.caq.edu.ec\\\/\",\"name\":\"Colegio Alem\u00e1n Quito\",\"description\":\"Una puerta al mundo\",\"potentialAction\":[{\"@type\":\"SearchAction\",\"target\":{\"@type\":\"EntryPoint\",\"urlTemplate\":\"https:\\\/\\\/www.caq.edu.ec\\\/?s={search_term_string}\"},\"query-input\":{\"@type\":\"PropertyValueSpecification\",\"valueRequired\":true,\"valueName\":\"search_term_string\"}}],\"inLanguage\":\"de\"}]}<\/script>\n<!-- \/ Yoast SEO plugin. -->","yoast_head_json":{"title":"Die Schule - Colegio Alem\u00e1n Quito","robots":{"index":"index","follow":"follow","max-snippet":"max-snippet:-1","max-image-preview":"max-image-preview:large","max-video-preview":"max-video-preview:-1"},"canonical":"https:\/\/www.caq.edu.ec\/el-colegio\/","og_locale":"de_DE","og_type":"article","og_title":"Die Schule - Colegio Alem\u00e1n Quito","og_description":"Deutsche Auslandsschulen werden als Begegnungsschulen bezeichnet \u2013 Orte, an denen Sch\u00fclerinnen, Sch\u00fcler, Lehrkr\u00e4fte und Eltern aus aller Welt in einem deutschsprachigen und kulturellen Umfeld zusammenkommen, um langfristige Verbindungen zu kn\u00fcpfen. Genau das verk\u00f6rpert die Deutsche Schule Quito! Die DSQ bereitet ihre Sch\u00fcler f\u00fcr das Leben und Studieren im Land wie im internationalen Umfeld \u2013 vor [&hellip;]","og_url":"https:\/\/www.caq.edu.ec\/el-colegio\/","og_site_name":"Colegio Alem\u00e1n Quito","article_modified_time":"2024-10-09T16:34:17+00:00","og_image":[{"width":945,"height":400,"url":"https:\/\/www.caq.edu.ec\/wp-content\/uploads\/2023\/04\/Infraestructura-CAQ_Luft2.jpg","type":"image\/jpeg"}],"twitter_card":"summary_large_image","twitter_misc":{"Gesch\u00e4tzte Lesezeit":"2\u00a0Minuten"},"schema":{"@context":"https:\/\/schema.org","@graph":[{"@type":"WebPage","@id":"https:\/\/www.caq.edu.ec\/el-colegio\/","url":"https:\/\/www.caq.edu.ec\/el-colegio\/","name":"Die Schule - Colegio Alem\u00e1n Quito","isPartOf":{"@id":"https:\/\/www.caq.edu.ec\/#website"},"primaryImageOfPage":{"@id":"https:\/\/www.caq.edu.ec\/el-colegio\/#primaryimage"},"image":{"@id":"https:\/\/www.caq.edu.ec\/el-colegio\/#primaryimage"},"thumbnailUrl":"https:\/\/www.caq.edu.ec\/wp-content\/uploads\/2023\/04\/Infraestructura-CAQ_Luft2.jpg","datePublished":"2011-06-14T23:15:31+00:00","dateModified":"2024-10-09T16:34:17+00:00","breadcrumb":{"@id":"https:\/\/www.caq.edu.ec\/el-colegio\/#breadcrumb"},"inLanguage":"de","potentialAction":[{"@type":"ReadAction","target":["https:\/\/www.caq.edu.ec\/el-colegio\/"]}]},{"@type":"ImageObject","inLanguage":"de","@id":"https:\/\/www.caq.edu.ec\/el-colegio\/#primaryimage","url":"https:\/\/www.caq.edu.ec\/wp-content\/uploads\/2023\/04\/Infraestructura-CAQ_Luft2.jpg","contentUrl":"https:\/\/www.caq.edu.ec\/wp-content\/uploads\/2023\/04\/Infraestructura-CAQ_Luft2.jpg"},{"@type":"BreadcrumbList","@id":"https:\/\/www.caq.edu.ec\/el-colegio\/#breadcrumb","itemListElement":[{"@type":"ListItem","position":1,"name":"Inicio","item":"https:\/\/www.caq.edu.ec\/"},{"@type":"ListItem","position":2,"name":"Die Schule"}]},{"@type":"WebSite","@id":"https:\/\/www.caq.edu.ec\/#website","url":"https:\/\/www.caq.edu.ec\/","name":"Colegio Alem\u00e1n Quito","description":"Una puerta al mundo","potentialAction":[{"@type":"SearchAction","target":{"@type":"EntryPoint","urlTemplate":"https:\/\/www.caq.edu.ec\/?s={search_term_string}"},"query-input":{"@type":"PropertyValueSpecification","valueRequired":true,"valueName":"search_term_string"}}],"inLanguage":"de"}]}},"_links":{"self":[{"href":"https:\/\/www.caq.edu.ec\/de\/wp-json\/wp\/v2\/pages\/57173","targetHints":{"allow":["GET"]}}],"collection":[{"href":"https:\/\/www.caq.edu.ec\/de\/wp-json\/wp\/v2\/pages"}],"about":[{"href":"https:\/\/www.caq.edu.ec\/de\/wp-json\/wp\/v2\/types\/page"}],"author":[{"embeddable":true,"href":"https:\/\/www.caq.edu.ec\/de\/wp-json\/wp\/v2\/users\/6"}],"replies":[{"embeddable":true,"href":"https:\/\/www.caq.edu.ec\/de\/wp-json\/wp\/v2\/comments?post=57173"}],"version-history":[{"count":3,"href":"https:\/\/www.caq.edu.ec\/de\/wp-json\/wp\/v2\/pages\/57173\/revisions"}],"predecessor-version":[{"id":64730,"href":"https:\/\/www.caq.edu.ec\/de\/wp-json\/wp\/v2\/pages\/57173\/revisions\/64730"}],"wp:attachment":[{"href":"https:\/\/www.caq.edu.ec\/de\/wp-json\/wp\/v2\/media?parent=57173"}],"curies":[{"name":"wp","href":"https:\/\/api.w.org\/{rel}","templated":true}]}}